{"id":950,"date":"2024-04-08T11:53:02","date_gmt":"2024-04-08T09:53:02","guid":{"rendered":"https:\/\/go-tec.de\/?page_id=950"},"modified":"2026-03-18T08:02:08","modified_gmt":"2026-03-18T07:02:08","slug":"gt-george-max","status":"publish","type":"page","link":"https:\/\/go-tec.de\/ja\/go-tec-system\/gt-george-max\/","title":{"rendered":"GT\u30b8\u30e7\u30fc\u30b8MAX"},"content":{"rendered":"<figure class=\"wp-block-gallery has-nested-images columns-default is-cropped wp-block-gallery-1 is-layout-flex wp-block-gallery-is-layout-flex\">\n<figure class=\"wp-block-image size-full has-custom-border editorskit-no-desktop editorskit-no-tablet editorskit-no-mobile\"><img loading=\"lazy\" decoding=\"async\" width=\"1366\" height=\"768\" data-id=\"988\" src=\"https:\/\/go-tec.de\/wp-content\/uploads\/sites\/2\/2024\/04\/GT-George-MAX-2-1.png\" alt=\"\" class=\"wp-image-988\" style=\"border-style:none;border-width:0px;border-radius:8px\" srcset=\"https:\/\/go-tec.de\/wp-content\/uploads\/sites\/2\/2024\/04\/GT-George-MAX-2-1.png 1366w, https:\/\/go-tec.de\/wp-content\/uploads\/sites\/2\/2024\/04\/GT-George-MAX-2-1-300x169.png 300w, https:\/\/go-tec.de\/wp-content\/uploads\/sites\/2\/2024\/04\/GT-George-MAX-2-1-1024x576.png 1024w, https:\/\/go-tec.de\/wp-content\/uploads\/sites\/2\/2024\/04\/GT-George-MAX-2-1-768x432.png 768w, https:\/\/go-tec.de\/wp-content\/uploads\/sites\/2\/2024\/04\/GT-George-MAX-2-1-18x10.png 18w\" sizes=\"auto, (max-width: 1366px) 100vw, 1366px\" \/><\/figure>\n<\/figure>\n\n\n\n<div class=\"wp-block-group py-5 px-3 px-md-4 px-lg-5 has-darkgrey-color has-text-color is-layout-flow wp-block-group-is-layout-flow\">\n<div class=\"wp-block-group is-layout-constrained wp-container-core-group-is-layout-703bee88 wp-block-group-is-layout-constrained\">\n<p class=\"has-text-align-center has-darkgrey-color has-text-color has-link-color has-large-font-size wp-elements-e0e8c447ee8c4a2758d45dfdc21ec1a0\">GT\u30b8\u30e7\u30fc\u30b8MAX - \u65b0\u6b21\u5143\u306e3D\u8db3\u578b\u6e2c\u5b9a\u5668<\/p>\n\n\n\n<p class=\"has-text-align-center has-medium-font-size\">\u306b\u3064\u3044\u3066 <strong>GT\u30b8\u30e7\u30fc\u30b8MAX<\/strong> \u306f\u3001\u8a66\u884c\u932f\u8aa4\u3092\u91cd\u306d\u305fGT\u30b8\u30e7\u30fc\u30b8\u3092\u3055\u3089\u306b\u5f37\u529b\u306b\u767a\u5c55\u3055\u305b\u305f\u3082\u306e\u3067\u3001\u6b21\u306e\u3088\u3046\u306a\u7279\u5fb4\u3092\u5099\u3048\u3066\u3044\u308b\u3002 <strong>\u8db3\u5168\u4f53\u306e\u6b63\u78ba\u306a3D\u30ad\u30e3\u30d7\u30c1\u30e3<\/strong> - \u8907\u96d1\u306a\u8db3\u306e\u5f62\u306b\u3082\u5bfe\u5fdc\u30b9\u30ad\u30e3\u30f3\u9ad8\u3055\u3092\u6700\u592717.5cm\u307e\u3067\u62e1\u5f35\u3067\u304d\u308b\u3053\u306e\u30b7\u30b9\u30c6\u30e0\u306f\u3001\u8981\u6c42\u306e\u53b3\u3057\u3044\u30a2\u30d7\u30ea\u30b1\u30fc\u30b7\u30e7\u30f3\u306b\u6700\u9069\u3067\u3059\u3002.<\/p>\n\n\n\n<p class=\"has-text-align-center\">\u8fd1\u4ee3\u7684\u306a\u30ec\u30fc\u30b6\u30fc\u6280\u8853\u306e\u304a\u304b\u3052\u3067\u3001\u8db3\u306e\u6cbb\u7642\u304c\u53ef\u80fd\u306b\u306a\u3063\u305f\u3002 <strong>\u30df\u30ea\u30e1\u30fc\u30c8\u30eb\u306e\u7cbe\u5ea6\u30683\u6b21\u5143\u306e\u7acb\u4f53\u611f<\/strong> \u5b8c\u5168\u306b\u3001\u3042\u308b\u3044\u306f\u90e8\u5206\u7684\u306b\u3001\u3042\u308b\u3044\u306f\u7121\u8ca0\u8377\u3067\u3002.<\/p>\n\n\n\n<div class=\"wp-block-media-text is-stacked-on-mobile\" style=\"grid-template-columns:48% auto\"><figure class=\"wp-block-media-text__media\"><img loading=\"lazy\" decoding=\"async\" width=\"1024\" height=\"682\" src=\"https:\/\/go-tec.de\/wp-content\/uploads\/sites\/2\/2026\/03\/go-tec_gt_george_max_muenster-1024x682.png\" alt=\"\" class=\"wp-image-1339 size-full\" srcset=\"https:\/\/go-tec.de\/wp-content\/uploads\/sites\/2\/2026\/03\/go-tec_gt_george_max_muenster-1024x682.png 1024w, https:\/\/go-tec.de\/wp-content\/uploads\/sites\/2\/2026\/03\/go-tec_gt_george_max_muenster-300x200.png 300w, https:\/\/go-tec.de\/wp-content\/uploads\/sites\/2\/2026\/03\/go-tec_gt_george_max_muenster-768x512.png 768w, https:\/\/go-tec.de\/wp-content\/uploads\/sites\/2\/2026\/03\/go-tec_gt_george_max_muenster-18x12.png 18w, https:\/\/go-tec.de\/wp-content\/uploads\/sites\/2\/2026\/03\/go-tec_gt_george_max_muenster.png 1253w\" sizes=\"auto, (max-width: 1024px) 100vw, 1024px\" \/><\/figure><div class=\"wp-block-media-text__content\">\n<p class=\"has-blue-color has-text-color has-link-color has-large-font-size wp-elements-32ec9d3abca9e4cce27e878a3c10d7bf\">\u3042\u306a\u305f\u306e\u5229\u70b9<\/p>\n\n\n\n<ul class=\"wp-block-list\">\n<li>\u660e\u78ba\u306a3D\u30c7\u30fc\u30bf\u306b\u3088\u308b\u30a2\u30c9\u30d0\u30a4\u30b9\u306e\u5411\u4e0a<\/li>\n\n\n\n<li>\u8db3\u5168\u4f53\u306e3D\u30ad\u30e3\u30d7\u30c1\u30e3\u30fc - \u8907\u96d1\u306a\u5f62\u72b6\u3067\u3082\u53ef\u80fd<\/li>\n\n\n\n<li>\u30b9\u30ad\u30e3\u30f3\u306e\u9ad8\u3055\u3092\u62e1\u5f35\u3057\u3001\u67d4\u8edf\u6027\u3092\u5411\u4e0a<\/li>\n\n\n\n<li>\u30df\u30ea\u30e1\u30fc\u30c8\u30eb\u7cbe\u5ea6\u306e\u9ad8\u901f\u6e2c\u5b9a\u7d50\u679c<\/li>\n\n\n\n<li>\u30c7\u30b8\u30bf\u30ebCAD\u30ef\u30fc\u30af\u30d5\u30ed\u30fc\u3078\u306e\u7d71\u5408<\/li>\n<\/ul>\n<\/div><\/div>\n\n\n\n<div class=\"wp-block-columns are-vertically-aligned-center py-5 is-layout-flex wp-container-core-columns-is-layout-28f84493 wp-block-columns-is-layout-flex\">\n<div class=\"wp-block-column is-vertically-aligned-center px-3 px-md-4 px-lg-5 is-layout-flow wp-block-column-is-layout-flow\">\n<figure class=\"wp-block-image size-full\"><img loading=\"lazy\" decoding=\"async\" width=\"1918\" height=\"1031\" src=\"https:\/\/go-tec.de\/wp-content\/uploads\/sites\/2\/2024\/04\/MicrosoftTeams-image-62.png\" alt=\"\" class=\"wp-image-976\" srcset=\"https:\/\/go-tec.de\/wp-content\/uploads\/sites\/2\/2024\/04\/MicrosoftTeams-image-62.png 1918w, https:\/\/go-tec.de\/wp-content\/uploads\/sites\/2\/2024\/04\/MicrosoftTeams-image-62-300x161.png 300w, https:\/\/go-tec.de\/wp-content\/uploads\/sites\/2\/2024\/04\/MicrosoftTeams-image-62-1024x550.png 1024w, https:\/\/go-tec.de\/wp-content\/uploads\/sites\/2\/2024\/04\/MicrosoftTeams-image-62-768x413.png 768w, https:\/\/go-tec.de\/wp-content\/uploads\/sites\/2\/2024\/04\/MicrosoftTeams-image-62-1536x826.png 1536w, https:\/\/go-tec.de\/wp-content\/uploads\/sites\/2\/2024\/04\/MicrosoftTeams-image-62-18x10.png 18w\" sizes=\"auto, (max-width: 1918px) 100vw, 1918px\" \/><\/figure>\n<\/div>\n\n\n\n<div class=\"wp-block-column is-vertically-aligned-center px-3 px-md-4 px-lg-5 is-layout-flow wp-block-column-is-layout-flow\">\n<h3 class=\"wp-block-heading animated fadeInUp has-darkgrey-color has-text-color\" id=\"schnell-und-effizient-41e7beb8-bf5d-4c8a-8c3e-8f48656ec376\">\u8fc5\u901f\u304b\u3064\u52b9\u7387\u7684<\/h3>\n\n\n\n<p>GT\u30b8\u30e7\u30fc\u30b8MAX\u306f\u3001\u6570\u79d2\u3067\u8db3\u5e95\u306e\u8a73\u7d30\u306a3D\u30b9\u30ad\u30e3\u30f3\u3068\u5199\u771f\u3092\u4f5c\u6210\u3057\u3001GP InsoleCAD &amp; GP OptiCAD\u8a2d\u8a08\u30bd\u30d5\u30c8\u30a6\u30a7\u30a2\u306b\u30b7\u30fc\u30e0\u30ec\u30b9\u306b\u7d71\u5408\u3059\u308b\u3053\u3068\u304c\u3067\u304d\u307e\u3059\u3002\u3053\u308c\u306b\u3088\u308a\u3001\u30ab\u30b9\u30bf\u30de\u30a4\u30ba\u3055\u308c\u305f\u30a4\u30f3\u30bd\u30fc\u30eb\u3084\u30e9\u30b9\u30c8\u3092\u6bd4\u985e\u306e\u306a\u3044\u7cbe\u5ea6\u3067\u88fd\u4f5c\u3059\u308b\u3053\u3068\u304c\u3067\u304d\u307e\u3059\u3002<\/p>\n<\/div>\n<\/div>\n\n\n\n<div class=\"wp-block-columns are-vertically-aligned-center py-5 is-layout-flex wp-container-core-columns-is-layout-28f84493 wp-block-columns-is-layout-flex\">\n<div class=\"wp-block-column is-vertically-aligned-center px-3 px-md-4 px-lg-5 is-layout-flow wp-block-column-is-layout-flow\">\n<figure class=\"wp-block-image size-full\"><img loading=\"lazy\" decoding=\"async\" width=\"1918\" height=\"1031\" src=\"https:\/\/go-tec.de\/wp-content\/uploads\/sites\/2\/2024\/04\/MicrosoftTeams-image-63.png\" alt=\"\" class=\"wp-image-977\" srcset=\"https:\/\/go-tec.de\/wp-content\/uploads\/sites\/2\/2024\/04\/MicrosoftTeams-image-63.png 1918w, https:\/\/go-tec.de\/wp-content\/uploads\/sites\/2\/2024\/04\/MicrosoftTeams-image-63-300x161.png 300w, https:\/\/go-tec.de\/wp-content\/uploads\/sites\/2\/2024\/04\/MicrosoftTeams-image-63-1024x550.png 1024w, https:\/\/go-tec.de\/wp-content\/uploads\/sites\/2\/2024\/04\/MicrosoftTeams-image-63-768x413.png 768w, https:\/\/go-tec.de\/wp-content\/uploads\/sites\/2\/2024\/04\/MicrosoftTeams-image-63-1536x826.png 1536w, https:\/\/go-tec.de\/wp-content\/uploads\/sites\/2\/2024\/04\/MicrosoftTeams-image-63-18x10.png 18w\" sizes=\"auto, (max-width: 1918px) 100vw, 1918px\" \/><\/figure>\n<\/div>\n\n\n\n<div class=\"wp-block-column is-vertically-aligned-center px-3 px-md-4 px-lg-5 is-layout-flow wp-block-column-is-layout-flow\">\n<p class=\"has-darkgrey-color has-text-color has-link-color has-large-font-size wp-elements-97266d5e261c54798819c4697d9d3272\">\u9867\u5ba2\u4e2d\u5fc3\u306e\u6280\u8853<\/p>\n\n\n\n<p>GT\u30b8\u30e7\u30fc\u30b8MAX\u306f\u3001\u304a\u5ba2\u69d8\u304b\u3089\u306e\u30d5\u30a3\u30fc\u30c9\u30d0\u30c3\u30af\u306b\u5fdc\u3048\u3001\u3088\u308a\u9ad8\u5ea6\u3067\u53b3\u3057\u3044\u30b9\u30ad\u30e3\u30cb\u30f3\u30b0\u8981\u4ef6\u3092\u6e80\u305f\u3059\u30bd\u30ea\u30e5\u30fc\u30b7\u30e7\u30f3\u3092\u63d0\u4f9b\u3059\u308b\u305f\u3081\u306b\u958b\u767a\u3055\u308c\u307e\u3057\u305f\u3002\u9769\u65b0\u7684\u306a\u30c6\u30af\u30ce\u30ed\u30b8\u30fc\u3068\u5b9f\u7528\u7684\u306a\u64cd\u4f5c\u6027\u3092\u517c\u306d\u5099\u3048\u3001\u9867\u5ba2\u3068\u306e\u30b3\u30df\u30e5\u30cb\u30b1\u30fc\u30b7\u30e7\u30f3\u3092\u5411\u4e0a\u3055\u305b\u3001\u30a2\u30c9\u30d0\u30a4\u30b9\u306e\u8cea\u3092\u65b0\u305f\u306a\u30ec\u30d9\u30eb\u3078\u3068\u5f15\u304d\u4e0a\u3052\u307e\u3059\u3002<\/p>\n<\/div>\n<\/div>\n\n\n\n<p class=\"has-text-align-right\">\u4ed8\u5c5e\u54c1\uff1a\u30d5\u30c3\u30c8\u30b9\u30ad\u30e3\u30ca\u30fc\uff08\u30d5\u30eb\u88c5\u5099\uff09\u3001\u30d5\u30c3\u30c8\u30ec\u30b9\u30c8\uff082\u500b\uff09\u3001\u30d5\u30c3\u30c8\u30b9\u30a4\u30c3\u30c1\uff081\u500b<\/p>\n\n\n\n<p class=\"has-text-align-right has-darkgrey-color has-text-color has-link-color wp-elements-9649fef0f3b9fcabff1f9e487575463f\">\u6280\u8853\u30c7\u30fc\u30bf\u3068\u30cf\u30fc\u30c9\u30a6\u30a7\u30a2\u8981\u4ef6\uff1a&nbsp;<\/p>\n\n\n\n<div class=\"wp-block-buttons has-mobile-text-align-justify is-horizontal is-content-justification-right is-layout-flex wp-container-core-buttons-is-layout-7f1c9595 wp-block-buttons-is-layout-flex\">\n<div class=\"wp-block-button is-style-outline is-style-outline--2\"><a class=\"wp-block-button__link has-border-color has-blue-border-color wp-element-button\" href=\"https:\/\/go-tec.de\/wp-content\/uploads\/sites\/2\/2024\/04\/Datenblatt-GT-George-MAX.pdf\">\u30c7\u30fc\u30bf\u30b7\u30fc\u30c8<\/a><\/div>\n<\/div>\n<\/div>\n<\/div>\n\n\n\n<div style=\"height:18px\" aria-hidden=\"true\" class=\"wp-block-spacer\"><\/div>\n\n\n\n<p class=\"has-text-align-center has-white-color has-mediumgrey-background-color has-text-color has-background has-link-color wp-elements-ca718135dd873b9b46a7546f44fa50ec\">\u5f97\u3089\u308c\u305f\u30c7\u30fc\u30bf\u306f\u30b7\u30fc\u30e0\u30ec\u30b9\u306b <strong>GP\u30a4\u30f3\u30bd\u30fc\u30ebCAD\u3068GP OptiCAD<\/strong> \u305d\u3057\u3066\u3001\u30ab\u30b9\u30bf\u30de\u30a4\u30ba\u3055\u308c\u305f\u30a4\u30f3\u30bd\u30fc\u30eb\u3084\u30e9\u30b9\u30c8\u3092\u6b63\u78ba\u306b\u4f5c\u308b\u305f\u3081\u306e\u5b8c\u74a7\u306a\u57fa\u790e\u3068\u306a\u308b\u3002.<\/p>\n\n\n\n<div class=\"wp-block-group px-3 px-md-4 px-lg-5 contact-section has-white-color has-blue-background-color has-text-color has-background is-layout-constrained wp-container-core-group-is-layout-6e20cf48 wp-block-group-is-layout-constrained advgb-dyn-2eccdb19\">\n<div class=\"wp-block-columns py-5 is-layout-flex wp-container-core-columns-is-layout-28f84493 wp-block-columns-is-layout-flex\">\n<div class=\"wp-block-column animated fadeInLeft is-layout-flow wp-block-column-is-layout-flow\" style=\"flex-basis:66.66%\">\n<h3 class=\"wp-block-heading advgb-dyn-b31c1e16\">\u500b\u4eba\u7684\u306b\u30a2\u30c9\u30d0\u30a4\u30b9\u3055\u305b\u3066\u3044\u305f\u3060\u3051\u308c\u3070\u5e78\u3044\u3067\u3059\uff01<\/h3>\n\n\n\n<p>\u3067\u304d\u308b\u3060\u3051\u65e9\u304f\u6298\u308a\u8fd4\u3057\u3054\u9023\u7d61\u3044\u305f\u3057\u307e\u3059\uff01 <\/p>\n<\/div>\n\n\n\n<div class=\"wp-block-column is-vertically-aligned-center animated fadeInRight is-layout-flow wp-block-column-is-layout-flow\" style=\"flex-basis:33.33%\">\n<div class=\"wp-block-buttons animated fadeInUp mb-5 is-content-justification-center is-layout-flex wp-container-core-buttons-is-layout-a89b3969 wp-block-buttons-is-layout-flex\">\n<div class=\"wp-block-button is-style-fill advgb-dyn-3db009d7\"><a class=\"wp-block-button__link has-white-color has-green-background-color has-text-color has-background wp-element-button\" href=\"https:\/\/go-tec.de\/ja\/kontaktsales\/\" style=\"border-radius:5px\">\u304a\u554f\u3044\u5408\u308f\u305b<\/a><\/div>\n<\/div>\n<\/div>\n<\/div>\n<\/div>","protected":false},"excerpt":{"rendered":"<p>GT George MAX &#8211; Die neue Dimension der 3D Fu\u00dfvermessung Der GT George MAX ist die leistungsstarke Weiterentwicklung des bew\u00e4hrten GT George und bietet eine pr\u00e4zise 3D-Erfassung des gesamten Fu\u00dfes \u2013 auch bei komplexen Fu\u00dfformen. Mit einer erweiterten Scanh\u00f6he von bis zu 17,5 cm eignet sich das System ideal f\u00fcr anspruchsvolle Anwendungen. Dank moderner Lasertechnologie werden F\u00fc\u00dfe in wenigen Sekunden millimetergenau und dreidimensional erfasst \u2013 wahlweise voll-, teil- oder unbelastet. Ihre Vorteile Schnell und Effizient In Sekundenschnelle erstellt der GT George MAX detaillierte 3D-Scans und Fotos der plantaren Ansicht, die nahtlos in unsere Konstruktionssoftware GP InsoleCAD &amp; GP OptiCAD integriert werden k\u00f6nnen. Dies erm\u00f6glicht eine individuelle Anfertigung von Einlagen und [&hellip;]<\/p>\n","protected":false},"author":10,"featured_media":0,"parent":12,"menu_order":0,"comment_status":"closed","ping_status":"closed","template":"","meta":{"inline_featured_image":false,"advgb_blocks_editor_width":"","advgb_blocks_columns_visual_guide":"","footnotes":""},"class_list":["post-950","page","type-page","status-publish","hentry"],"yoast_head":"<!-- This site is optimized with the Yoast SEO plugin v27.2 - https:\/\/yoast.com\/product\/yoast-seo-wordpress\/ -->\n<title>GT George MAX -<\/title>\n<meta name=\"robots\" content=\"index, follow, max-snippet:-1, max-image-preview:large, max-video-preview:-1\" \/>\n<link rel=\"canonical\" href=\"https:\/\/go-tec.de\/ja\/go-tec-system\/gt-george-max\/\" \/>\n<meta property=\"og:locale\" content=\"ja_JP\" \/>\n<meta property=\"og:type\" content=\"article\" \/>\n<meta property=\"og:title\" content=\"GT George MAX -\" \/>\n<meta property=\"og:description\" content=\"GT George MAX &#8211; Die neue Dimension der 3D Fu\u00dfvermessung Der GT George MAX ist die leistungsstarke Weiterentwicklung des bew\u00e4hrten GT George und bietet eine pr\u00e4zise 3D-Erfassung des gesamten Fu\u00dfes \u2013 auch bei komplexen Fu\u00dfformen. Mit einer erweiterten Scanh\u00f6he von bis zu 17,5 cm eignet sich das System ideal f\u00fcr anspruchsvolle Anwendungen. Dank moderner Lasertechnologie werden F\u00fc\u00dfe in wenigen Sekunden millimetergenau und dreidimensional erfasst \u2013 wahlweise voll-, teil- oder unbelastet. Ihre Vorteile Schnell und Effizient In Sekundenschnelle erstellt der GT George MAX detaillierte 3D-Scans und Fotos der plantaren Ansicht, die nahtlos in unsere Konstruktionssoftware GP InsoleCAD &amp; GP OptiCAD integriert werden k\u00f6nnen. Dies erm\u00f6glicht eine individuelle Anfertigung von Einlagen und [&hellip;]\" \/>\n<meta property=\"og:url\" content=\"https:\/\/go-tec.de\/ja\/go-tec-system\/gt-george-max\/\" \/>\n<meta property=\"article:modified_time\" content=\"2026-03-18T07:02:08+00:00\" \/>\n<meta property=\"og:image\" content=\"https:\/\/go-tec.de\/wp-content\/uploads\/sites\/2\/2024\/04\/GT-George-MAX-2-1.png\" \/>\n<meta name=\"twitter:card\" content=\"summary_large_image\" \/>\n<meta name=\"twitter:label1\" content=\"\u63a8\u5b9a\u8aad\u307f\u53d6\u308a\u6642\u9593\" \/>\n\t<meta name=\"twitter:data1\" content=\"3\u5206\" \/>\n<script type=\"application\/ld+json\" class=\"yoast-schema-graph\">{\"@context\":\"https:\/\/schema.org\",\"@graph\":[{\"@type\":\"WebPage\",\"@id\":\"https:\/\/go-tec.de\/en\/go-tec-system\/gt-george-max\/\",\"url\":\"https:\/\/go-tec.de\/en\/go-tec-system\/gt-george-max\/\",\"name\":\"GT George MAX -\",\"isPartOf\":{\"@id\":\"https:\/\/go-tec.de\/#website\"},\"primaryImageOfPage\":{\"@id\":\"https:\/\/go-tec.de\/en\/go-tec-system\/gt-george-max\/#primaryimage\"},\"image\":{\"@id\":\"https:\/\/go-tec.de\/en\/go-tec-system\/gt-george-max\/#primaryimage\"},\"thumbnailUrl\":\"https:\/\/go-tec.de\/wp-content\/uploads\/sites\/2\/2024\/04\/GT-George-MAX-2-1.png\",\"datePublished\":\"2024-04-08T09:53:02+00:00\",\"dateModified\":\"2026-03-18T07:02:08+00:00\",\"breadcrumb\":{\"@id\":\"https:\/\/go-tec.de\/en\/go-tec-system\/gt-george-max\/#breadcrumb\"},\"inLanguage\":\"ja\",\"potentialAction\":[{\"@type\":\"ReadAction\",\"target\":[\"https:\/\/go-tec.de\/en\/go-tec-system\/gt-george-max\/\"]}]},{\"@type\":\"ImageObject\",\"inLanguage\":\"ja\",\"@id\":\"https:\/\/go-tec.de\/en\/go-tec-system\/gt-george-max\/#primaryimage\",\"url\":\"https:\/\/go-tec.de\/wp-content\/uploads\/sites\/2\/2024\/04\/GT-George-MAX-2-1.png\",\"contentUrl\":\"https:\/\/go-tec.de\/wp-content\/uploads\/sites\/2\/2024\/04\/GT-George-MAX-2-1.png\"},{\"@type\":\"BreadcrumbList\",\"@id\":\"https:\/\/go-tec.de\/en\/go-tec-system\/gt-george-max\/#breadcrumb\",\"itemListElement\":[{\"@type\":\"ListItem\",\"position\":1,\"name\":\"Startseite\",\"item\":\"https:\/\/go-tec.de\/\"},{\"@type\":\"ListItem\",\"position\":2,\"name\":\"go-tec System\",\"item\":\"https:\/\/go-tec.de\/en\/go-tec-system\/\"},{\"@type\":\"ListItem\",\"position\":3,\"name\":\"GT George MAX\"}]},{\"@type\":\"WebSite\",\"@id\":\"https:\/\/go-tec.de\/#website\",\"url\":\"https:\/\/go-tec.de\/\",\"name\":\"\",\"description\":\"\",\"potentialAction\":[{\"@type\":\"SearchAction\",\"target\":{\"@type\":\"EntryPoint\",\"urlTemplate\":\"https:\/\/go-tec.de\/?s={search_term_string}\"},\"query-input\":{\"@type\":\"PropertyValueSpecification\",\"valueRequired\":true,\"valueName\":\"search_term_string\"}}],\"inLanguage\":\"ja\"}]}<\/script>\n<!-- \/ Yoast SEO plugin. -->","yoast_head_json":{"title":"GT\u30b8\u30e7\u30fc\u30b8MAX","robots":{"index":"index","follow":"follow","max-snippet":"max-snippet:-1","max-image-preview":"max-image-preview:large","max-video-preview":"max-video-preview:-1"},"canonical":"https:\/\/go-tec.de\/ja\/go-tec-system\/gt-george-max\/","og_locale":"ja_JP","og_type":"article","og_title":"GT George MAX -","og_description":"GT George MAX &#8211; Die neue Dimension der 3D Fu\u00dfvermessung Der GT George MAX ist die leistungsstarke Weiterentwicklung des bew\u00e4hrten GT George und bietet eine pr\u00e4zise 3D-Erfassung des gesamten Fu\u00dfes \u2013 auch bei komplexen Fu\u00dfformen. Mit einer erweiterten Scanh\u00f6he von bis zu 17,5 cm eignet sich das System ideal f\u00fcr anspruchsvolle Anwendungen. Dank moderner Lasertechnologie werden F\u00fc\u00dfe in wenigen Sekunden millimetergenau und dreidimensional erfasst \u2013 wahlweise voll-, teil- oder unbelastet. Ihre Vorteile Schnell und Effizient In Sekundenschnelle erstellt der GT George MAX detaillierte 3D-Scans und Fotos der plantaren Ansicht, die nahtlos in unsere Konstruktionssoftware GP InsoleCAD &amp; GP OptiCAD integriert werden k\u00f6nnen. Dies erm\u00f6glicht eine individuelle Anfertigung von Einlagen und [&hellip;]","og_url":"https:\/\/go-tec.de\/ja\/go-tec-system\/gt-george-max\/","article_modified_time":"2026-03-18T07:02:08+00:00","og_image":[{"url":"https:\/\/go-tec.de\/wp-content\/uploads\/sites\/2\/2024\/04\/GT-George-MAX-2-1.png","type":"","width":"","height":""}],"twitter_card":"summary_large_image","twitter_misc":{"\u63a8\u5b9a\u8aad\u307f\u53d6\u308a\u6642\u9593":"3\u5206"},"schema":{"@context":"https:\/\/schema.org","@graph":[{"@type":"WebPage","@id":"https:\/\/go-tec.de\/en\/go-tec-system\/gt-george-max\/","url":"https:\/\/go-tec.de\/en\/go-tec-system\/gt-george-max\/","name":"GT\u30b8\u30e7\u30fc\u30b8MAX","isPartOf":{"@id":"https:\/\/go-tec.de\/#website"},"primaryImageOfPage":{"@id":"https:\/\/go-tec.de\/en\/go-tec-system\/gt-george-max\/#primaryimage"},"image":{"@id":"https:\/\/go-tec.de\/en\/go-tec-system\/gt-george-max\/#primaryimage"},"thumbnailUrl":"https:\/\/go-tec.de\/wp-content\/uploads\/sites\/2\/2024\/04\/GT-George-MAX-2-1.png","datePublished":"2024-04-08T09:53:02+00:00","dateModified":"2026-03-18T07:02:08+00:00","breadcrumb":{"@id":"https:\/\/go-tec.de\/en\/go-tec-system\/gt-george-max\/#breadcrumb"},"inLanguage":"ja","potentialAction":[{"@type":"ReadAction","target":["https:\/\/go-tec.de\/en\/go-tec-system\/gt-george-max\/"]}]},{"@type":"ImageObject","inLanguage":"ja","@id":"https:\/\/go-tec.de\/en\/go-tec-system\/gt-george-max\/#primaryimage","url":"https:\/\/go-tec.de\/wp-content\/uploads\/sites\/2\/2024\/04\/GT-George-MAX-2-1.png","contentUrl":"https:\/\/go-tec.de\/wp-content\/uploads\/sites\/2\/2024\/04\/GT-George-MAX-2-1.png"},{"@type":"BreadcrumbList","@id":"https:\/\/go-tec.de\/en\/go-tec-system\/gt-george-max\/#breadcrumb","itemListElement":[{"@type":"ListItem","position":1,"name":"Startseite","item":"https:\/\/go-tec.de\/"},{"@type":"ListItem","position":2,"name":"go-tec System","item":"https:\/\/go-tec.de\/en\/go-tec-system\/"},{"@type":"ListItem","position":3,"name":"GT George MAX"}]},{"@type":"WebSite","@id":"https:\/\/go-tec.de\/#website","url":"https:\/\/go-tec.de\/","name":"","description":"","potentialAction":[{"@type":"SearchAction","target":{"@type":"EntryPoint","urlTemplate":"https:\/\/go-tec.de\/?s={search_term_string}"},"query-input":{"@type":"PropertyValueSpecification","valueRequired":true,"valueName":"search_term_string"}}],"inLanguage":"ja"}]}},"coauthors":[],"author_meta":{"author_link":"https:\/\/go-tec.de\/ja\/author\/","display_name":""},"relative_dates":{"created":"Posted 2\u5e74 ago","modified":"Updated 1\u304b\u6708 ago"},"absolute_dates":{"created":"Posted on 8. 4\u6708 2024","modified":"Updated on 18. 3\u6708 2026"},"absolute_dates_time":{"created":"Posted on 8. 4\u6708 2024 11:53","modified":"Updated on 18. 3\u6708 2026 8:02"},"featured_img_caption":"","featured_img":false,"series_order":"","_links":{"self":[{"href":"https:\/\/go-tec.de\/ja\/wp-json\/wp\/v2\/pages\/950","targetHints":{"allow":["GET"]}}],"collection":[{"href":"https:\/\/go-tec.de\/ja\/wp-json\/wp\/v2\/pages"}],"about":[{"href":"https:\/\/go-tec.de\/ja\/wp-json\/wp\/v2\/types\/page"}],"author":[{"embeddable":true,"href":"https:\/\/go-tec.de\/ja\/wp-json\/wp\/v2\/users\/10"}],"replies":[{"embeddable":true,"href":"https:\/\/go-tec.de\/ja\/wp-json\/wp\/v2\/comments?post=950"}],"version-history":[{"count":15,"href":"https:\/\/go-tec.de\/ja\/wp-json\/wp\/v2\/pages\/950\/revisions"}],"predecessor-version":[{"id":1344,"href":"https:\/\/go-tec.de\/ja\/wp-json\/wp\/v2\/pages\/950\/revisions\/1344"}],"up":[{"embeddable":true,"href":"https:\/\/go-tec.de\/ja\/wp-json\/wp\/v2\/pages\/12"}],"wp:attachment":[{"href":"https:\/\/go-tec.de\/ja\/wp-json\/wp\/v2\/media?parent=950"}],"curies":[{"name":"wp","href":"https:\/\/api.w.org\/{rel}","templated":true}]}}