{"id":408,"date":"2023-06-15T12:34:50","date_gmt":"2023-06-15T10:34:50","guid":{"rendered":"https:\/\/cms.gebiom.group\/go-tec\/?page_id=408"},"modified":"2026-03-18T06:53:13","modified_gmt":"2026-03-18T05:53:13","slug":"gp-m253","status":"publish","type":"page","link":"https:\/\/go-tec.de\/ja\/go-tec-system\/gp-m253\/","title":{"rendered":"GP M253"},"content":{"rendered":"\n<div class=\"wp-block-cover is-light\" style=\"min-height:70vh;aspect-ratio:unset;\"><img loading=\"lazy\" decoding=\"async\" width=\"2000\" height=\"1333\" class=\"wp-block-cover__image-background wp-image-409\" alt=\"\" src=\"https:\/\/cms.gebiom.group\/go-tec\/wp-content\/uploads\/sites\/2\/2023\/06\/GP_M251_1.jpg\" data-object-fit=\"cover\" srcset=\"https:\/\/go-tec.de\/wp-content\/uploads\/sites\/2\/2023\/06\/GP_M251_1.jpg 2000w, https:\/\/go-tec.de\/wp-content\/uploads\/sites\/2\/2023\/06\/GP_M251_1-300x200.jpg 300w, https:\/\/go-tec.de\/wp-content\/uploads\/sites\/2\/2023\/06\/GP_M251_1-1024x682.jpg 1024w, https:\/\/go-tec.de\/wp-content\/uploads\/sites\/2\/2023\/06\/GP_M251_1-768x512.jpg 768w, https:\/\/go-tec.de\/wp-content\/uploads\/sites\/2\/2023\/06\/GP_M251_1-1536x1024.jpg 1536w\" sizes=\"auto, (max-width: 2000px) 100vw, 2000px\" \/><span aria-hidden=\"true\" class=\"wp-block-cover__background has-background-dim-30 has-background-dim\"><\/span><div class=\"wp-block-cover__inner-container is-layout-flow wp-block-cover-is-layout-flow\">\n<div class=\"wp-block-group is-layout-flow wp-block-group-is-layout-flow\">\n<h2 class=\"wp-block-heading has-text-align-center px-3 px-md-4 px-lg-5 animated fadeInUp has-white-color has-text-color\">GP M253<\/h2>\n<\/div>\n<\/div><\/div>\n\n\n\n<div class=\"wp-block-group py-5 px-3 px-md-4 px-lg-5 has-darkgrey-color has-text-color is-layout-flow wp-block-group-is-layout-flow\">\n<div class=\"wp-block-group is-layout-constrained wp-container-core-group-is-layout-703bee88 wp-block-group-is-layout-constrained\">\n<h2 class=\"wp-block-heading has-text-align-center animated fadeInUp\">Einlagenfr\u00e4se GP M253 \u2013 Der Allrounder f\u00fcr pr\u00e4zise Einlagenfertigung<\/h2>\n\n\n\n<p class=\"has-text-align-center animated fadeInUp\">Die <strong>Einlagenfr\u00e4se GP M253 von go-tec<\/strong> ist die effiziente L\u00f6sung f\u00fcr die Herstellung individueller orthop\u00e4discher Einlagen. Sie erm\u00f6glicht eine <strong>pr\u00e4zise und schnelle Bearbeitung<\/strong> g\u00e4ngiger Materialien wie EVA, PU oder Kork und sorgt f\u00fcr gleichbleibend hohe Qualit\u00e4t.<\/p>\n\n\n\n<p>Dank ihrer Vielseitigkeit eignet sich die GP M253 ideal f\u00fcr <strong>Orthop\u00e4diewerkst\u00e4tten, Sanit\u00e4tsh\u00e4user und moderne Fertigungsprozesse<\/strong>. Die intuitive Bedienung und die Integration in digitale Workflows machen sie zu einer zukunftssicheren Investition.<\/p>\n\n\n\n<p class=\"has-text-align-center animated fadeInUp\"><\/p>\n\n\n\n<div class=\"wp-block-columns py-5 is-layout-flex wp-container-core-columns-is-layout-28f84493 wp-block-columns-is-layout-flex\">\n<div class=\"wp-block-column px-3 px-md-4 px-lg-5 is-layout-flow wp-block-column-is-layout-flow\">\n<div class=\"wp-block-cb-carousel cb-single-slide animated fadeInUp\" data-slick=\"{&quot;slidesToShow&quot;:1,&quot;slidesToScroll&quot;:1,&quot;speed&quot;:300,&quot;arrows&quot;:true,&quot;dots&quot;:true,&quot;autoplay&quot;:true,&quot;autoplaySpeed&quot;:3000,&quot;infinite&quot;:true,&quot;responsive&quot;:[{&quot;breakpoint&quot;:769,&quot;settings&quot;:{&quot;slidesToShow&quot;:1,&quot;slidesToScroll&quot;:1}}]}\">\n<div class=\"wp-block-cb-slide\">\n<figure class=\"wp-block-image size-large\"><img loading=\"lazy\" decoding=\"async\" width=\"1024\" height=\"682\" src=\"https:\/\/cms.gebiom.group\/go-tec\/wp-content\/uploads\/sites\/2\/2023\/06\/GP_M251_1-1024x682.jpg\" alt=\"\" class=\"wp-image-409\" srcset=\"https:\/\/go-tec.de\/wp-content\/uploads\/sites\/2\/2023\/06\/GP_M251_1-1024x682.jpg 1024w, https:\/\/go-tec.de\/wp-content\/uploads\/sites\/2\/2023\/06\/GP_M251_1-300x200.jpg 300w, https:\/\/go-tec.de\/wp-content\/uploads\/sites\/2\/2023\/06\/GP_M251_1-768x512.jpg 768w, https:\/\/go-tec.de\/wp-content\/uploads\/sites\/2\/2023\/06\/GP_M251_1-1536x1024.jpg 1536w, https:\/\/go-tec.de\/wp-content\/uploads\/sites\/2\/2023\/06\/GP_M251_1.jpg 2000w\" sizes=\"auto, (max-width: 1024px) 100vw, 1024px\" \/><\/figure>\n<\/div>\n\n\n\n<div class=\"wp-block-cb-slide\">\n<figure class=\"wp-block-image size-large\"><img loading=\"lazy\" decoding=\"async\" width=\"1024\" height=\"682\" src=\"https:\/\/cms.gebiom.group\/go-tec\/wp-content\/uploads\/sites\/2\/2023\/06\/GP_M251_2-1024x682.jpg\" alt=\"\" class=\"wp-image-410\" srcset=\"https:\/\/go-tec.de\/wp-content\/uploads\/sites\/2\/2023\/06\/GP_M251_2-1024x682.jpg 1024w, https:\/\/go-tec.de\/wp-content\/uploads\/sites\/2\/2023\/06\/GP_M251_2-300x200.jpg 300w, https:\/\/go-tec.de\/wp-content\/uploads\/sites\/2\/2023\/06\/GP_M251_2-768x512.jpg 768w, https:\/\/go-tec.de\/wp-content\/uploads\/sites\/2\/2023\/06\/GP_M251_2-1536x1024.jpg 1536w, https:\/\/go-tec.de\/wp-content\/uploads\/sites\/2\/2023\/06\/GP_M251_2.jpg 2000w\" sizes=\"auto, (max-width: 1024px) 100vw, 1024px\" \/><\/figure>\n<\/div>\n\n\n\n<div class=\"wp-block-cb-slide\">\n<figure class=\"wp-block-image size-large\"><img loading=\"lazy\" decoding=\"async\" width=\"1024\" height=\"682\" src=\"https:\/\/cms.gebiom.group\/go-tec\/wp-content\/uploads\/sites\/2\/2023\/06\/GP_M251_3-1024x682.jpg\" alt=\"\" class=\"wp-image-411\" srcset=\"https:\/\/go-tec.de\/wp-content\/uploads\/sites\/2\/2023\/06\/GP_M251_3-1024x682.jpg 1024w, https:\/\/go-tec.de\/wp-content\/uploads\/sites\/2\/2023\/06\/GP_M251_3-300x200.jpg 300w, https:\/\/go-tec.de\/wp-content\/uploads\/sites\/2\/2023\/06\/GP_M251_3-768x512.jpg 768w, https:\/\/go-tec.de\/wp-content\/uploads\/sites\/2\/2023\/06\/GP_M251_3-1536x1024.jpg 1536w, https:\/\/go-tec.de\/wp-content\/uploads\/sites\/2\/2023\/06\/GP_M251_3.jpg 2000w\" sizes=\"auto, (max-width: 1024px) 100vw, 1024px\" \/><\/figure>\n<\/div>\n<\/div>\n<\/div>\n\n\n\n<div class=\"wp-block-column px-3 px-md-4 px-lg-5 is-layout-flow wp-block-column-is-layout-flow\">\n<h3 class=\"wp-block-heading animated fadeInUp has-blue-color has-text-color\">Ihre Vorteile:<\/h3>\n\n\n\n<ul class=\"wp-block-list animated fadeInUp\">\n<li>Integrierter PC mit Anschl\u00fcssen f\u00fcr Netzwerk, Monitor, Tastatur, Maus<\/li>\n\n\n\n<li>Leistungsstarker Servomotor<\/li>\n\n\n\n<li>Einlagenfertigung in 10 Minuten pro Paar<\/li>\n\n\n\n<li>Platz in jeder Werkstatt dank geringer Au\u00dfenma\u00dfe<\/li>\n\n\n\n<li>Eingebauter Vakuumtisch \u2013 Fr\u00e4sen ohne zus\u00e4tzliches Kleben<\/li>\n\n\n\n<li>Serienm\u00e4\u00dfiger Anschluss an Absaugung<\/li>\n\n\n\n<li>Alle handels\u00fcblichen Materialien und Funktionsrohlinge nutzbar<\/li>\n<\/ul>\n\n\n\n<p class=\"has-blue-color has-text-color has-link-color wp-elements-50f4669edd85ae1727ab524d3c78ef84 advgb-dyn-881ebd7e\"><strong><a href=\"https:\/\/go-tec.de\/wp-content\/uploads\/sites\/2\/2023\/12\/GP-M253.pdf\" target=\"_blank\" aria-label=\" (opens in a new tab)\" rel=\"noreferrer noopener\" class=\"ek-link\">N\u00e4here Informationen erhalten Sie im Datenblatt<\/a><\/strong><\/p>\n\n\n\n<div class=\"wp-block-buttons animated fadeInUp is-layout-flex wp-block-buttons-is-layout-flex\">\n<div class=\"wp-block-button is-style-outline is-style-outline--1\"><a class=\"wp-block-button__link has-blue-color has-text-color wp-element-button\" href=\"https:\/\/go-tec.de\/go-tec-system\/#fertigen\" style=\"border-radius:5px\">Zur\u00fcck<\/a><\/div>\n\n\n\n<div class=\"wp-block-button is-style-outline is-style-outline--2\"><a class=\"wp-block-button__link has-blue-color has-text-color wp-element-button\" href=\"https:\/\/go-tec.de\/wp-content\/uploads\/sites\/2\/2023\/12\/GP-M253.pdf\" style=\"border-radius:5px\">Datenblatt<\/a><\/div>\n<\/div>\n<\/div>\n<\/div>\n<\/div>\n<\/div>\n\n\n\n<div style=\"height:17px\" aria-hidden=\"true\" class=\"wp-block-spacer\"><\/div>\n\n\n\n<p class=\"has-text-align-center has-white-color has-mediumgrey-background-color has-text-color has-background has-link-color wp-elements-f4606f44a03bf1cd6fd7f9287538643d\">Pr\u00e4zise Fr\u00e4sergebnisse  |  Effiziente Produktion individueller Einlagen  |  Vielseitig einsetzbar  |  Optimal f\u00fcr den professionellen Einsatz<\/p>\n\n\n\n<div style=\"height:0px\" aria-hidden=\"true\" class=\"wp-block-spacer\"><\/div>\n\n\n\n<div class=\"wp-block-group px-3 px-md-4 px-lg-5 contact-section has-white-color has-blue-background-color has-text-color has-background is-layout-constrained wp-container-core-group-is-layout-6e20cf48 wp-block-group-is-layout-constrained advgb-dyn-2eccdb19\">\n<div class=\"wp-block-columns py-5 is-layout-flex wp-container-core-columns-is-layout-28f84493 wp-block-columns-is-layout-flex\">\n<div class=\"wp-block-column animated fadeInLeft is-layout-flow wp-block-column-is-layout-flow\" style=\"flex-basis:66.66%\">\n<h3 class=\"wp-block-heading advgb-dyn-b31c1e16\">Gerne beraten wir Sie pers\u00f6nlich!<\/h3>\n\n\n\n<p>Wir rufen Sie zeitnah zur\u00fcck! <\/p>\n<\/div>\n\n\n\n<div class=\"wp-block-column is-vertically-aligned-center animated fadeInRight is-layout-flow wp-block-column-is-layout-flow\" style=\"flex-basis:33.33%\">\n<div class=\"wp-block-buttons animated fadeInUp mb-5 is-content-justification-center is-layout-flex wp-container-core-buttons-is-layout-a89b3969 wp-block-buttons-is-layout-flex\">\n<div class=\"wp-block-button is-style-fill advgb-dyn-3db009d7\"><a class=\"wp-block-button__link has-white-color has-green-background-color has-text-color has-background wp-element-button\" href=\"https:\/\/go-tec.de\/kontaktsales\/\" style=\"border-radius:5px\">Zur Kontaktanfrage<\/a><\/div>\n<\/div>\n<\/div>\n<\/div>\n<\/div>\n\n\n\n<p><\/p>\n","protected":false},"excerpt":{"rendered":"<p>Einlagenfr\u00e4se GP M253 \u2013 Der Allrounder f\u00fcr pr\u00e4zise Einlagenfertigung Die Einlagenfr\u00e4se GP M253 von go-tec ist die effiziente L\u00f6sung f\u00fcr die Herstellung individueller orthop\u00e4discher Einlagen. Sie erm\u00f6glicht eine pr\u00e4zise und schnelle Bearbeitung g\u00e4ngiger Materialien wie EVA, PU oder Kork und sorgt f\u00fcr gleichbleibend hohe Qualit\u00e4t. Dank ihrer Vielseitigkeit eignet sich die GP M253 ideal f\u00fcr Orthop\u00e4diewerkst\u00e4tten, Sanit\u00e4tsh\u00e4user und moderne Fertigungsprozesse. Die intuitive Bedienung und die Integration in digitale Workflows machen sie zu einer zukunftssicheren Investition. Ihre Vorteile: N\u00e4here Informationen erhalten Sie im Datenblatt Pr\u00e4zise Fr\u00e4sergebnisse | Effiziente Produktion individueller Einlagen | Vielseitig einsetzbar | Optimal f\u00fcr den professionellen Einsatz<\/p>","protected":false},"author":8,"featured_media":0,"parent":12,"menu_order":0,"comment_status":"closed","ping_status":"closed","template":"","meta":{"inline_featured_image":false,"advgb_blocks_editor_width":"","advgb_blocks_columns_visual_guide":"","footnotes":""},"class_list":["post-408","page","type-page","status-publish","hentry"],"yoast_head":"<!-- This site is optimized with the Yoast SEO plugin v27.2 - https:\/\/yoast.com\/product\/yoast-seo-wordpress\/ -->\n<title>GP M253 -<\/title>\n<meta name=\"description\" content=\"Die go-tec Einlagenfr\u00e4se GP M253 erm\u00f6glicht pr\u00e4zise Fertigung orthop\u00e4discher Einlagen. Ideal f\u00fcr Sanit\u00e4tsh\u00e4user und Orthop\u00e4dietechnik.\" \/>\n<meta name=\"robots\" content=\"index, follow, max-snippet:-1, max-image-preview:large, max-video-preview:-1\" \/>\n<link rel=\"canonical\" href=\"https:\/\/go-tec.de\/ja\/go-tec-system\/gp-m253\/\" \/>\n<meta property=\"og:locale\" content=\"ja_JP\" \/>\n<meta property=\"og:type\" content=\"article\" \/>\n<meta property=\"og:title\" content=\"GP M253 -\" \/>\n<meta property=\"og:description\" content=\"Die go-tec Einlagenfr\u00e4se GP M253 erm\u00f6glicht pr\u00e4zise Fertigung orthop\u00e4discher Einlagen. Ideal f\u00fcr Sanit\u00e4tsh\u00e4user und Orthop\u00e4dietechnik.\" \/>\n<meta property=\"og:url\" content=\"https:\/\/go-tec.de\/ja\/go-tec-system\/gp-m253\/\" \/>\n<meta property=\"article:modified_time\" content=\"2026-03-18T05:53:13+00:00\" \/>\n<meta property=\"og:image\" content=\"https:\/\/cms.gebiom.group\/go-tec\/wp-content\/uploads\/sites\/2\/2023\/06\/GP_M251_1.jpg\" \/>\n<meta name=\"twitter:card\" content=\"summary_large_image\" \/>\n<meta name=\"twitter:label1\" content=\"\u63a8\u5b9a\u8aad\u307f\u53d6\u308a\u6642\u9593\" \/>\n\t<meta name=\"twitter:data1\" content=\"2\u5206\" \/>\n<script type=\"application\/ld+json\" class=\"yoast-schema-graph\">{\"@context\":\"https:\/\/schema.org\",\"@graph\":[{\"@type\":\"WebPage\",\"@id\":\"https:\/\/go-tec.de\/go-tec-system\/gp-m253\/\",\"url\":\"https:\/\/go-tec.de\/go-tec-system\/gp-m253\/\",\"name\":\"GP M253 -\",\"isPartOf\":{\"@id\":\"http:\/\/go-tec.de\/#website\"},\"primaryImageOfPage\":{\"@id\":\"https:\/\/go-tec.de\/go-tec-system\/gp-m253\/#primaryimage\"},\"image\":{\"@id\":\"https:\/\/go-tec.de\/go-tec-system\/gp-m253\/#primaryimage\"},\"thumbnailUrl\":\"https:\/\/cms.gebiom.group\/go-tec\/wp-content\/uploads\/sites\/2\/2023\/06\/GP_M251_1.jpg\",\"datePublished\":\"2023-06-15T10:34:50+00:00\",\"dateModified\":\"2026-03-18T05:53:13+00:00\",\"description\":\"Die go-tec Einlagenfr\u00e4se GP M253 erm\u00f6glicht pr\u00e4zise Fertigung orthop\u00e4discher Einlagen. Ideal f\u00fcr Sanit\u00e4tsh\u00e4user und Orthop\u00e4dietechnik.\",\"breadcrumb\":{\"@id\":\"https:\/\/go-tec.de\/go-tec-system\/gp-m253\/#breadcrumb\"},\"inLanguage\":\"ja\",\"potentialAction\":[{\"@type\":\"ReadAction\",\"target\":[\"https:\/\/go-tec.de\/go-tec-system\/gp-m253\/\"]}]},{\"@type\":\"ImageObject\",\"inLanguage\":\"ja\",\"@id\":\"https:\/\/go-tec.de\/go-tec-system\/gp-m253\/#primaryimage\",\"url\":\"https:\/\/cms.gebiom.group\/go-tec\/wp-content\/uploads\/sites\/2\/2023\/06\/GP_M251_1.jpg\",\"contentUrl\":\"https:\/\/cms.gebiom.group\/go-tec\/wp-content\/uploads\/sites\/2\/2023\/06\/GP_M251_1.jpg\"},{\"@type\":\"BreadcrumbList\",\"@id\":\"https:\/\/go-tec.de\/go-tec-system\/gp-m253\/#breadcrumb\",\"itemListElement\":[{\"@type\":\"ListItem\",\"position\":1,\"name\":\"Startseite\",\"item\":\"http:\/\/go-tec.de\/\"},{\"@type\":\"ListItem\",\"position\":2,\"name\":\"go-tec System\",\"item\":\"https:\/\/go-tec.de\/go-tec-system\/\"},{\"@type\":\"ListItem\",\"position\":3,\"name\":\"GP M253\"}]},{\"@type\":\"WebSite\",\"@id\":\"http:\/\/go-tec.de\/#website\",\"url\":\"http:\/\/go-tec.de\/\",\"name\":\"\",\"description\":\"\",\"potentialAction\":[{\"@type\":\"SearchAction\",\"target\":{\"@type\":\"EntryPoint\",\"urlTemplate\":\"http:\/\/go-tec.de\/?s={search_term_string}\"},\"query-input\":{\"@type\":\"PropertyValueSpecification\",\"valueRequired\":true,\"valueName\":\"search_term_string\"}}],\"inLanguage\":\"ja\"}]}<\/script>\n<!-- \/ Yoast SEO plugin. -->","yoast_head_json":{"title":"GP M253 -","description":"Die go-tec Einlagenfr\u00e4se GP M253 erm\u00f6glicht pr\u00e4zise Fertigung orthop\u00e4discher Einlagen. Ideal f\u00fcr Sanit\u00e4tsh\u00e4user und Orthop\u00e4dietechnik.","robots":{"index":"index","follow":"follow","max-snippet":"max-snippet:-1","max-image-preview":"max-image-preview:large","max-video-preview":"max-video-preview:-1"},"canonical":"https:\/\/go-tec.de\/ja\/go-tec-system\/gp-m253\/","og_locale":"ja_JP","og_type":"article","og_title":"GP M253 -","og_description":"Die go-tec Einlagenfr\u00e4se GP M253 erm\u00f6glicht pr\u00e4zise Fertigung orthop\u00e4discher Einlagen. Ideal f\u00fcr Sanit\u00e4tsh\u00e4user und Orthop\u00e4dietechnik.","og_url":"https:\/\/go-tec.de\/ja\/go-tec-system\/gp-m253\/","article_modified_time":"2026-03-18T05:53:13+00:00","og_image":[{"url":"https:\/\/cms.gebiom.group\/go-tec\/wp-content\/uploads\/sites\/2\/2023\/06\/GP_M251_1.jpg","type":"","width":"","height":""}],"twitter_card":"summary_large_image","twitter_misc":{"\u63a8\u5b9a\u8aad\u307f\u53d6\u308a\u6642\u9593":"2\u5206"},"schema":{"@context":"https:\/\/schema.org","@graph":[{"@type":"WebPage","@id":"https:\/\/go-tec.de\/go-tec-system\/gp-m253\/","url":"https:\/\/go-tec.de\/go-tec-system\/gp-m253\/","name":"GP M253 -","isPartOf":{"@id":"http:\/\/go-tec.de\/#website"},"primaryImageOfPage":{"@id":"https:\/\/go-tec.de\/go-tec-system\/gp-m253\/#primaryimage"},"image":{"@id":"https:\/\/go-tec.de\/go-tec-system\/gp-m253\/#primaryimage"},"thumbnailUrl":"https:\/\/cms.gebiom.group\/go-tec\/wp-content\/uploads\/sites\/2\/2023\/06\/GP_M251_1.jpg","datePublished":"2023-06-15T10:34:50+00:00","dateModified":"2026-03-18T05:53:13+00:00","description":"Die go-tec Einlagenfr\u00e4se GP M253 erm\u00f6glicht pr\u00e4zise Fertigung orthop\u00e4discher Einlagen. Ideal f\u00fcr Sanit\u00e4tsh\u00e4user und Orthop\u00e4dietechnik.","breadcrumb":{"@id":"https:\/\/go-tec.de\/go-tec-system\/gp-m253\/#breadcrumb"},"inLanguage":"ja","potentialAction":[{"@type":"ReadAction","target":["https:\/\/go-tec.de\/go-tec-system\/gp-m253\/"]}]},{"@type":"ImageObject","inLanguage":"ja","@id":"https:\/\/go-tec.de\/go-tec-system\/gp-m253\/#primaryimage","url":"https:\/\/cms.gebiom.group\/go-tec\/wp-content\/uploads\/sites\/2\/2023\/06\/GP_M251_1.jpg","contentUrl":"https:\/\/cms.gebiom.group\/go-tec\/wp-content\/uploads\/sites\/2\/2023\/06\/GP_M251_1.jpg"},{"@type":"BreadcrumbList","@id":"https:\/\/go-tec.de\/go-tec-system\/gp-m253\/#breadcrumb","itemListElement":[{"@type":"ListItem","position":1,"name":"Startseite","item":"http:\/\/go-tec.de\/"},{"@type":"ListItem","position":2,"name":"go-tec System","item":"https:\/\/go-tec.de\/go-tec-system\/"},{"@type":"ListItem","position":3,"name":"GP M253"}]},{"@type":"WebSite","@id":"http:\/\/go-tec.de\/#website","url":"http:\/\/go-tec.de\/","name":"","description":"","potentialAction":[{"@type":"SearchAction","target":{"@type":"EntryPoint","urlTemplate":"http:\/\/go-tec.de\/?s={search_term_string}"},"query-input":{"@type":"PropertyValueSpecification","valueRequired":true,"valueName":"search_term_string"}}],"inLanguage":"ja"}]}},"coauthors":[],"author_meta":{"author_link":"https:\/\/go-tec.de\/ja\/author\/akoctar\/","display_name":"akoctar"},"relative_dates":{"created":"Posted 3\u5e74 ago","modified":"Updated 1\u304b\u6708 ago"},"absolute_dates":{"created":"Posted on 15. 6\u6708 2023","modified":"Updated on 18. 3\u6708 2026"},"absolute_dates_time":{"created":"Posted on 15. 6\u6708 2023 12:34","modified":"Updated on 18. 3\u6708 2026 6:53"},"featured_img_caption":"","featured_img":false,"series_order":"","_links":{"self":[{"href":"https:\/\/go-tec.de\/ja\/wp-json\/wp\/v2\/pages\/408","targetHints":{"allow":["GET"]}}],"collection":[{"href":"https:\/\/go-tec.de\/ja\/wp-json\/wp\/v2\/pages"}],"about":[{"href":"https:\/\/go-tec.de\/ja\/wp-json\/wp\/v2\/types\/page"}],"author":[{"embeddable":true,"href":"https:\/\/go-tec.de\/ja\/wp-json\/wp\/v2\/users\/8"}],"replies":[{"embeddable":true,"href":"https:\/\/go-tec.de\/ja\/wp-json\/wp\/v2\/comments?post=408"}],"version-history":[{"count":21,"href":"https:\/\/go-tec.de\/ja\/wp-json\/wp\/v2\/pages\/408\/revisions"}],"predecessor-version":[{"id":1312,"href":"https:\/\/go-tec.de\/ja\/wp-json\/wp\/v2\/pages\/408\/revisions\/1312"}],"up":[{"embeddable":true,"href":"https:\/\/go-tec.de\/ja\/wp-json\/wp\/v2\/pages\/12"}],"wp:attachment":[{"href":"https:\/\/go-tec.de\/ja\/wp-json\/wp\/v2\/media?parent=408"}],"curies":[{"name":"wp","href":"https:\/\/api.w.org\/{rel}","templated":true}]}}