{"id":395,"date":"2023-06-15T12:11:14","date_gmt":"2023-06-15T10:11:14","guid":{"rendered":"https:\/\/cms.gebiom.group\/go-tec\/?page_id=395"},"modified":"2026-03-24T12:40:32","modified_gmt":"2026-03-24T11:40:32","slug":"gt-jake","status":"publish","type":"page","link":"https:\/\/go-tec.de\/ja\/go-tec-system\/gt-jake\/","title":{"rendered":"GT\u30b8\u30a7\u30a4\u30af"},"content":{"rendered":"<div class=\"wp-block-cover is-light\" style=\"min-height:70vh;aspect-ratio:unset;\"><video class=\"wp-block-cover__video-background intrinsic-ignore\" autoplay muted loop playsinline src=\"https:\/\/cms.gebiom.group\/go-tec\/wp-content\/uploads\/sites\/2\/2023\/06\/LP433.mp4\" data-object-fit=\"cover\"><\/video><span aria-hidden=\"true\" class=\"wp-block-cover__background has-background-dim-30 has-background-dim\"><\/span><div class=\"wp-block-cover__inner-container is-layout-flow wp-block-cover-is-layout-flow\">\n<div class=\"wp-block-group is-layout-flow wp-block-group-is-layout-flow\">\n<h2 class=\"wp-block-heading has-text-align-center px-3 px-md-4 px-lg-5 animated fadeInUp has-white-color has-text-color\">GT\u30b8\u30a7\u30a4\u30af<\/h2>\n<\/div>\n<\/div><\/div>\n\n\n\n<div class=\"wp-block-group py-5 px-3 px-md-4 px-lg-5 has-darkgrey-color has-text-color is-layout-flow wp-block-group-is-layout-flow\">\n<div class=\"wp-block-group is-layout-constrained wp-container-core-group-is-layout-703bee88 wp-block-group-is-layout-constrained\">\n<h2 class=\"wp-block-heading has-text-align-center animated fadeInUp\">GT\u30b8\u30a7\u30a4\u30af - \u63a1\u5bf8\u3068\u8a66\u7740\u306f\u305d\u306e\u65e5\u306e\u3046\u3061\u306b<\/h2>\n\n\n\n<h4 class=\"wp-block-heading has-text-align-center\"> \u6700\u9ad8\u306e\u52b9\u7387\u3092\u5b9f\u73fe\u3059\u308b\u81ea\u52d5\u30a4\u30f3\u30ec\u30a4\u52a0\u5de5\u6a5f<\/h4>\n\n\n\n<p class=\"has-text-align-center\">\u8a66\u3057\u5c65\u304d\u306b\u4f55\u9031\u9593\u3082\u5f85\u305f\u3055\u308c\u308b\uff1f\u79c1\u305f\u3061\u306f\u305d\u308c\u306b\u7d42\u6b62\u7b26\u3092\u6253\u3061\u307e\u3057\u305f\u3002\u5f0a\u793e\u306eGT\u30b8\u30e7\u30fc\u30b8\u3067\u8a08\u6e2c\u3057\u3001GP OptiCAD\u3067\u30e9\u30b9\u30c8\u3092\u4f5c\u6210\u3059\u308c\u3070\u3001\u5f0a\u793e\u306e3D\u30d7\u30ea\u30f3\u30bf\u30fc\u3067\u30b7\u30e5\u30fc\u30ba\u3092\u30d7\u30ea\u30f3\u30c8\u3059\u308b\u3053\u3068\u304c\u3067\u304d\u307e\u3059\u3002<strong> GT\u30b8\u30a7\u30a4\u30af<\/strong>\u4e7e\u71e5\u6a5f\u3082\u542b\u3081\u30014\u6642\u9593\u4ee5\u5185\u306b\u30b0\u30ed\u30b9\u3068\u30cd\u30c3\u30c8\u306e\u30c8\u30e9\u30a4\u30a2\u30eb\u30b7\u30e5\u30fc\u30ba\u304c\u5b8c\u6210\u3059\u308b\u3002.<\/p>\n\n\n\n<p class=\"has-text-align-center\">\u306b\u3064\u3044\u3066 <strong>GT\u30b8\u30a7\u30a4\u30af<\/strong> \u306f\u3001\u6574\u5f62\u5916\u79d1\u7528\u30a4\u30f3\u30bd\u30fc\u30eb\u3092\u52b9\u7387\u7684\u304b\u3064\u78ba\u5b9f\u306b\u88fd\u9020\u3059\u308b\u305f\u3081\u306e\u81ea\u52d5\u5316\u3055\u308c\u305f\u30bd\u30ea\u30e5\u30fc\u30b7\u30e7\u30f3\u3067\u3059\u3002\u305d\u306e\u7d44\u307f\u5408\u308f\u305b\u306f <strong>\u81ea\u52d5\u5316\u3055\u308c\u305f\u30d7\u30ed\u30bb\u30b9\u306b\u3088\u308b\u9ad8\u3044\u30d5\u30e9\u30a4\u30b9\u52a0\u5de5\u6027\u80fd<\/strong> \u307e\u305f\u3001\u5927\u91cf\u751f\u7523\u3067\u3082\u7d4c\u6e08\u7684\u306a\u751f\u7523\u304c\u53ef\u80fd\u3067\u3059\u3002.<\/p>\n\n\n\n<p class=\"has-text-align-center\">\u81ea\u52d5\u5de5\u5177\u4ea4\u63db\u3068\u6700\u9069\u5316\u3055\u308c\u305f\u5de5\u7a0b\u306b\u3088\u308a\u3001GT Jake\u306f\u624b\u4f5c\u696d\u3092\u6e1b\u3089\u3057\u3001\u65e5\u5e38\u4f5c\u696d\u306e\u751f\u7523\u6027\u3092\u5411\u4e0a\u3055\u305b\u307e\u3059\u3002\u3053\u306e\u6a5f\u68b0\u306f\u6b21\u306e\u3088\u3046\u306a\u7528\u9014\u306b\u6700\u9069\u3067\u3059\u3002 <strong>\u7d99\u7d9a\u7684\u306a\u751f\u7523\u304c\u8981\u6c42\u3055\u308c\u3001\u751f\u7523\u91cf\u304c\u5897\u52a0\u3057\u3066\u3044\u308b\u4f01\u696d<\/strong>.<\/p>\n\n\n\n<h3 class=\"wp-block-heading\"><\/h3>\n\n\n\n<div class=\"wp-block-columns py-5 is-layout-flex wp-container-core-columns-is-layout-28f84493 wp-block-columns-is-layout-flex\">\n<div class=\"wp-block-column px-3 px-md-4 px-lg-5 is-layout-flow wp-block-column-is-layout-flow\">\n<figure class=\"wp-block-image size-large\"><img loading=\"lazy\" decoding=\"async\" width=\"1024\" height=\"1024\" src=\"https:\/\/go-tec.de\/wp-content\/uploads\/sites\/2\/2023\/06\/MicrosoftTeams-image-64-1024x1024.png\" alt=\"\" class=\"wp-image-555\" srcset=\"https:\/\/go-tec.de\/wp-content\/uploads\/sites\/2\/2023\/06\/MicrosoftTeams-image-64-1024x1024.png 1024w, https:\/\/go-tec.de\/wp-content\/uploads\/sites\/2\/2023\/06\/MicrosoftTeams-image-64-300x300.png 300w, https:\/\/go-tec.de\/wp-content\/uploads\/sites\/2\/2023\/06\/MicrosoftTeams-image-64-150x150.png 150w, https:\/\/go-tec.de\/wp-content\/uploads\/sites\/2\/2023\/06\/MicrosoftTeams-image-64-768x768.png 768w, https:\/\/go-tec.de\/wp-content\/uploads\/sites\/2\/2023\/06\/MicrosoftTeams-image-64-1536x1536.png 1536w, https:\/\/go-tec.de\/wp-content\/uploads\/sites\/2\/2023\/06\/MicrosoftTeams-image-64.png 1675w\" sizes=\"auto, (max-width: 1024px) 100vw, 1024px\" \/><\/figure>\n<\/div>\n\n\n\n<div class=\"wp-block-column px-3 px-md-4 px-lg-5 ek-linked-block is-layout-flow wp-block-column-is-layout-flow\">\n<h3 class=\"wp-block-heading animated fadeInUp has-blue-color has-text-color\">\u3042\u306a\u305f\u306e\u9577\u6240<\/h3>\n\n\n\n<ul class=\"wp-block-list animated fadeInUp\">\n<li>\u30cd\u30c3\u30c8\u3068\u30b0\u30ed\u30b9\u306e\u30b5\u30f3\u30d7\u30eb\u30b7\u30e5\u30fc\u30ba\u3092\u5370\u5237\u3059\u308b<\/li>\n\n\n\n<li>\u4f9b\u7d66\u6642\u9593\u306e\u77ed\u7e2e<\/li>\n\n\n\n<li>\u5370\u5237\u53ef\u80fd\u306aSTL\u30d5\u30a1\u30a4\u30eb\u306e\u76f4\u63a5\u4f5c\u6210<\/li>\n\n\n\n<li>\u7814\u524a\u4f5c\u696d\u306e\u8efd\u6e1b<\/li>\n\n\n\n<li>\u30bd\u30b1\u30c3\u30c8\u30e1\u30fc\u30ab\u30fc\u5411\u3051STL\u30a8\u30af\u30b9\u30dd\u30fc\u30c8<\/li>\n\n\n\n<li>\u30ec\u30c3\u30b0\u30e9\u30b9\u30c8\u3068\u30b7\u30e5\u30fc\u30ba\u30e9\u30b9\u30c8\u7528\u306e\u5370\u5237\u53ef\u80fd\u306a\u30c8\u30e9\u30a4\u30a2\u30eb\u30b7\u30e5\u30fc\u30ba<\/li>\n\n\n\n<li>\u6700\u9ad8\u306e\u900f\u660e\u6027\u3068\u67d4\u8edf\u6027\u3092\u5b9f\u73fe\u3059\u308b\u7279\u5225\u306a\u30c8\u30e9\u30a4\u30a2\u30eb\u30b7\u30e5\u30fc\u30ba\u7d20\u6750<\/li>\n\n\n\n<li>\u6700\u9069\u306a\u6750\u6599\u7279\u6027\u306e\u305f\u3081\u306e\u4e7e\u71e5\u6a5f\u306b\u3088\u308b\u6750\u6599\u306e\u524d\u51e6\u7406<\/li>\n<\/ul>\n\n\n\n<div class=\"wp-block-buttons is-layout-flex wp-block-buttons-is-layout-flex\">\n<div class=\"wp-block-button is-style-outline is-style-outline--1\"><a class=\"wp-block-button__link has-blue-color has-text-color has-link-color wp-element-button\" href=\"https:\/\/go-tec.de\/wp-content\/uploads\/sites\/2\/2023\/12\/GT-Jake.pdf\" style=\"border-radius:5px\">\u30c7\u30fc\u30bf\u30b7\u30fc\u30c8<\/a><\/div>\n<\/div>\n<\/div>\n<\/div>\n<\/div>\n<\/div>\n\n\n\n<h3 class=\"wp-block-heading has-text-align-center has-blue-color has-text-color has-link-color wp-elements-489ab8fadf1c607d550e2864f9a29d70\"><strong>\u30b7\u30e5\u30fc\u30ba\u3001\u30d5\u30c3\u30c8\u30d9\u30c3\u30c9\u3001\u30e9\u30b9\u30c8\u3092\u30c7\u30b8\u30bf\u30eb\u3067\u8a66\u4f5c\uff01 <\/strong><\/h3>\n\n\n\n<div class=\"wp-block-group pb-5 is-layout-constrained wp-container-core-group-is-layout-d30ff707 wp-block-group-is-layout-constrained\">\n<figure class=\"wp-block-embed is-type-video is-provider-youtube wp-block-embed-youtube wp-embed-aspect-16-9 wp-has-aspect-ratio\"><div class=\"wp-block-embed__wrapper\">\n<iframe loading=\"lazy\" title=\"\u30c7\u30b8\u30bf\u30eb\u5bdd\u5177\u3068\u30e2\u30fc\u30eb\u30c7\u30a3\u30f3\u30b0\" width=\"500\" height=\"281\" src=\"https:\/\/www.youtube.com\/embed\/xF2iSQrgOfk?feature=oembed\" frameborder=\"0\" allow=\"accelerometer; autoplay; clipboard-write; encrypted-media; gyroscope; picture-in-picture; web-share\" referrerpolicy=\"strict-origin-when-cross-origin\" allowfullscreen><\/iframe>\n<\/div><\/figure>\n<\/div>\n\n\n\n<p class=\"has-text-align-center has-white-color has-mediumgrey-background-color has-text-color has-background has-link-color wp-elements-d3ec3a8e7f83a2939b8832fc8f4aeaef\">\u30a4\u30f3\u30ec\u30a4\u88fd\u9020\u306e\u81ea\u52d5\u5316\u306b\u3088\u308b\u52b9\u7387\u5316\uff5c\u9ad8\u3044\u30d5\u30e9\u30a4\u30b9\u52a0\u5de5\u6027\u80fd\u3068\u5b89\u5b9a\u3057\u305f\u54c1\u8cea\uff5c\u624b\u4f5c\u696d\u306e\u8efd\u6e1b\uff5c\u751f\u7523\u91cf\u306e\u5897\u52a0\u306b\u6700\u9069\uff5c\u30c7\u30b8\u30bf\u30ebCAD\u304a\u3088\u3073\u30b9\u30ad\u30e3\u30cb\u30f3\u30b0\u30ef\u30fc\u30af\u30d5\u30ed\u30fc\u3078\u306e\u7d71\u5408<\/p>\n\n\n\n<div class=\"wp-block-group px-3 px-md-4 px-lg-5 contact-section has-white-color has-blue-background-color has-text-color has-background is-layout-constrained wp-container-core-group-is-layout-6e20cf48 wp-block-group-is-layout-constrained advgb-dyn-2eccdb19\">\n<div class=\"wp-block-columns py-5 is-layout-flex wp-container-core-columns-is-layout-28f84493 wp-block-columns-is-layout-flex\">\n<div class=\"wp-block-column animated fadeInLeft is-layout-flow wp-block-column-is-layout-flow\" style=\"flex-basis:66.66%\">\n<h3 class=\"wp-block-heading advgb-dyn-b31c1e16\">\u500b\u4eba\u7684\u306b\u30a2\u30c9\u30d0\u30a4\u30b9\u3055\u305b\u3066\u3044\u305f\u3060\u3051\u308c\u3070\u5e78\u3044\u3067\u3059\uff01<\/h3>\n\n\n\n<p>\u3067\u304d\u308b\u3060\u3051\u65e9\u304f\u6298\u308a\u8fd4\u3057\u3054\u9023\u7d61\u3044\u305f\u3057\u307e\u3059\uff01 <\/p>\n<\/div>\n\n\n\n<div class=\"wp-block-column is-vertically-aligned-center animated fadeInRight is-layout-flow wp-block-column-is-layout-flow\" style=\"flex-basis:33.33%\">\n<div class=\"wp-block-buttons animated fadeInUp mb-5 is-content-justification-center is-layout-flex wp-container-core-buttons-is-layout-a89b3969 wp-block-buttons-is-layout-flex\">\n<div class=\"wp-block-button is-style-fill advgb-dyn-3db009d7\"><a class=\"wp-block-button__link has-white-color has-green-background-color has-text-color has-background wp-element-button\" href=\"https:\/\/go-tec.de\/ja\/kontaktsales\/\" style=\"border-radius:5px\">\u304a\u554f\u3044\u5408\u308f\u305b<\/a><\/div>\n<\/div>\n<\/div>\n<\/div>\n<\/div>\n\n\n\n<p><\/p>","protected":false},"excerpt":{"rendered":"<p>GT Jake &#8211; Messen und Probeschuh am selben Tag Automatisierte Einlagenfr\u00e4se f\u00fcr maximale Effizienz Wochenlang auf Probeschuhe warten? Damit machen wir Schluss. Wenn Sie mit unserem GT George messen und anschlie\u00dfend den Leisten in GP OptiCAD erstellen, k\u00f6nnen Sie mit unserem 3D-Drucker GT Jake inklusive Dryer in weniger als 4 h Brutto- und Nettoprobeschuhe anfertigen. Die GT Jake ist die automatisierte L\u00f6sung f\u00fcr die effiziente und zuverl\u00e4ssige Fertigung orthop\u00e4discher Einlagen. Sie kombiniert hohe Fr\u00e4sleistung mit automatisierten Prozessen und erm\u00f6glicht eine wirtschaftliche Produktion \u2013 auch bei gr\u00f6\u00dferen St\u00fcckzahlen. Dank automatischem Werkzeugwechsel und optimierten Abl\u00e4ufen reduziert die GT Jake manuelle Eingriffe und steigert die Produktivit\u00e4t im Arbeitsalltag. Die Maschine eignet sich ideal [&hellip;]<\/p>\n","protected":false},"author":8,"featured_media":0,"parent":12,"menu_order":0,"comment_status":"closed","ping_status":"closed","template":"","meta":{"inline_featured_image":false,"advgb_blocks_editor_width":"","advgb_blocks_columns_visual_guide":"","footnotes":""},"class_list":["post-395","page","type-page","status-publish","hentry"],"yoast_head":"<!-- This site is optimized with the Yoast SEO plugin v27.2 - https:\/\/yoast.com\/product\/yoast-seo-wordpress\/ -->\n<title>GT Jake -<\/title>\n<meta name=\"description\" content=\"Die GT Jake automatisiert die Einlagenfertigung und steigert Effizienz sowie Produktivit\u00e4t. Ideal f\u00fcr Orthop\u00e4diebetriebe mit hohem Bedarf.\" \/>\n<meta name=\"robots\" content=\"index, follow, max-snippet:-1, max-image-preview:large, max-video-preview:-1\" \/>\n<link rel=\"canonical\" href=\"https:\/\/go-tec.de\/ja\/go-tec-system\/gt-jake\/\" \/>\n<meta property=\"og:locale\" content=\"ja_JP\" \/>\n<meta property=\"og:type\" content=\"article\" \/>\n<meta property=\"og:title\" content=\"GT Jake -\" \/>\n<meta property=\"og:description\" content=\"Die GT Jake automatisiert die Einlagenfertigung und steigert Effizienz sowie Produktivit\u00e4t. Ideal f\u00fcr Orthop\u00e4diebetriebe mit hohem Bedarf.\" \/>\n<meta property=\"og:url\" content=\"https:\/\/go-tec.de\/ja\/go-tec-system\/gt-jake\/\" \/>\n<meta property=\"article:modified_time\" content=\"2026-03-24T11:40:32+00:00\" \/>\n<meta property=\"og:image\" content=\"https:\/\/go-tec.de\/wp-content\/uploads\/sites\/2\/2023\/06\/MicrosoftTeams-image-64-1024x1024.png\" \/>\n<meta name=\"twitter:card\" content=\"summary_large_image\" \/>\n<meta name=\"twitter:label1\" content=\"\u63a8\u5b9a\u8aad\u307f\u53d6\u308a\u6642\u9593\" \/>\n\t<meta name=\"twitter:data1\" content=\"2\u5206\" \/>\n<script type=\"application\/ld+json\" class=\"yoast-schema-graph\">{\"@context\":\"https:\/\/schema.org\",\"@graph\":[{\"@type\":\"WebPage\",\"@id\":\"https:\/\/go-tec.de\/it\/go-tec-system\/gt-jake\/\",\"url\":\"https:\/\/go-tec.de\/it\/go-tec-system\/gt-jake\/\",\"name\":\"GT Jake -\",\"isPartOf\":{\"@id\":\"http:\/\/go-tec.de\/#website\"},\"primaryImageOfPage\":{\"@id\":\"https:\/\/go-tec.de\/it\/go-tec-system\/gt-jake\/#primaryimage\"},\"image\":{\"@id\":\"https:\/\/go-tec.de\/it\/go-tec-system\/gt-jake\/#primaryimage\"},\"thumbnailUrl\":\"https:\/\/go-tec.de\/wp-content\/uploads\/sites\/2\/2023\/06\/MicrosoftTeams-image-64-1024x1024.png\",\"datePublished\":\"2023-06-15T10:11:14+00:00\",\"dateModified\":\"2026-03-24T11:40:32+00:00\",\"description\":\"Die GT Jake automatisiert die Einlagenfertigung und steigert Effizienz sowie Produktivit\u00e4t. Ideal f\u00fcr Orthop\u00e4diebetriebe mit hohem Bedarf.\",\"breadcrumb\":{\"@id\":\"https:\/\/go-tec.de\/it\/go-tec-system\/gt-jake\/#breadcrumb\"},\"inLanguage\":\"ja\",\"potentialAction\":[{\"@type\":\"ReadAction\",\"target\":[\"https:\/\/go-tec.de\/it\/go-tec-system\/gt-jake\/\"]}]},{\"@type\":\"ImageObject\",\"inLanguage\":\"ja\",\"@id\":\"https:\/\/go-tec.de\/it\/go-tec-system\/gt-jake\/#primaryimage\",\"url\":\"https:\/\/go-tec.de\/wp-content\/uploads\/sites\/2\/2023\/06\/MicrosoftTeams-image-64-1024x1024.png\",\"contentUrl\":\"https:\/\/go-tec.de\/wp-content\/uploads\/sites\/2\/2023\/06\/MicrosoftTeams-image-64-1024x1024.png\"},{\"@type\":\"BreadcrumbList\",\"@id\":\"https:\/\/go-tec.de\/it\/go-tec-system\/gt-jake\/#breadcrumb\",\"itemListElement\":[{\"@type\":\"ListItem\",\"position\":1,\"name\":\"Startseite\",\"item\":\"http:\/\/go-tec.de\/\"},{\"@type\":\"ListItem\",\"position\":2,\"name\":\"go-tec System\",\"item\":\"https:\/\/go-tec.de\/go-tec-system\/\"},{\"@type\":\"ListItem\",\"position\":3,\"name\":\"GT Jake\"}]},{\"@type\":\"WebSite\",\"@id\":\"http:\/\/go-tec.de\/#website\",\"url\":\"http:\/\/go-tec.de\/\",\"name\":\"\",\"description\":\"\",\"potentialAction\":[{\"@type\":\"SearchAction\",\"target\":{\"@type\":\"EntryPoint\",\"urlTemplate\":\"http:\/\/go-tec.de\/?s={search_term_string}\"},\"query-input\":{\"@type\":\"PropertyValueSpecification\",\"valueRequired\":true,\"valueName\":\"search_term_string\"}}],\"inLanguage\":\"ja\"}]}<\/script>\n<!-- \/ Yoast SEO plugin. -->","yoast_head_json":{"title":"GT Jake -","description":"Die GT Jake automatisiert die Einlagenfertigung und steigert Effizienz sowie Produktivit\u00e4t. Ideal f\u00fcr Orthop\u00e4diebetriebe mit hohem Bedarf.","robots":{"index":"index","follow":"follow","max-snippet":"max-snippet:-1","max-image-preview":"max-image-preview:large","max-video-preview":"max-video-preview:-1"},"canonical":"https:\/\/go-tec.de\/ja\/go-tec-system\/gt-jake\/","og_locale":"ja_JP","og_type":"article","og_title":"GT Jake -","og_description":"Die GT Jake automatisiert die Einlagenfertigung und steigert Effizienz sowie Produktivit\u00e4t. Ideal f\u00fcr Orthop\u00e4diebetriebe mit hohem Bedarf.","og_url":"https:\/\/go-tec.de\/ja\/go-tec-system\/gt-jake\/","article_modified_time":"2026-03-24T11:40:32+00:00","og_image":[{"url":"https:\/\/go-tec.de\/wp-content\/uploads\/sites\/2\/2023\/06\/MicrosoftTeams-image-64-1024x1024.png","type":"","width":"","height":""}],"twitter_card":"summary_large_image","twitter_misc":{"\u63a8\u5b9a\u8aad\u307f\u53d6\u308a\u6642\u9593":"2\u5206"},"schema":{"@context":"https:\/\/schema.org","@graph":[{"@type":"WebPage","@id":"https:\/\/go-tec.de\/it\/go-tec-system\/gt-jake\/","url":"https:\/\/go-tec.de\/it\/go-tec-system\/gt-jake\/","name":"GT Jake -","isPartOf":{"@id":"http:\/\/go-tec.de\/#website"},"primaryImageOfPage":{"@id":"https:\/\/go-tec.de\/it\/go-tec-system\/gt-jake\/#primaryimage"},"image":{"@id":"https:\/\/go-tec.de\/it\/go-tec-system\/gt-jake\/#primaryimage"},"thumbnailUrl":"https:\/\/go-tec.de\/wp-content\/uploads\/sites\/2\/2023\/06\/MicrosoftTeams-image-64-1024x1024.png","datePublished":"2023-06-15T10:11:14+00:00","dateModified":"2026-03-24T11:40:32+00:00","description":"Die GT Jake automatisiert die Einlagenfertigung und steigert Effizienz sowie Produktivit\u00e4t. Ideal f\u00fcr Orthop\u00e4diebetriebe mit hohem Bedarf.","breadcrumb":{"@id":"https:\/\/go-tec.de\/it\/go-tec-system\/gt-jake\/#breadcrumb"},"inLanguage":"ja","potentialAction":[{"@type":"ReadAction","target":["https:\/\/go-tec.de\/it\/go-tec-system\/gt-jake\/"]}]},{"@type":"ImageObject","inLanguage":"ja","@id":"https:\/\/go-tec.de\/it\/go-tec-system\/gt-jake\/#primaryimage","url":"https:\/\/go-tec.de\/wp-content\/uploads\/sites\/2\/2023\/06\/MicrosoftTeams-image-64-1024x1024.png","contentUrl":"https:\/\/go-tec.de\/wp-content\/uploads\/sites\/2\/2023\/06\/MicrosoftTeams-image-64-1024x1024.png"},{"@type":"BreadcrumbList","@id":"https:\/\/go-tec.de\/it\/go-tec-system\/gt-jake\/#breadcrumb","itemListElement":[{"@type":"ListItem","position":1,"name":"Startseite","item":"http:\/\/go-tec.de\/"},{"@type":"ListItem","position":2,"name":"go-tec System","item":"https:\/\/go-tec.de\/go-tec-system\/"},{"@type":"ListItem","position":3,"name":"GT Jake"}]},{"@type":"WebSite","@id":"http:\/\/go-tec.de\/#website","url":"http:\/\/go-tec.de\/","name":"","description":"","potentialAction":[{"@type":"SearchAction","target":{"@type":"EntryPoint","urlTemplate":"http:\/\/go-tec.de\/?s={search_term_string}"},"query-input":{"@type":"PropertyValueSpecification","valueRequired":true,"valueName":"search_term_string"}}],"inLanguage":"ja"}]}},"coauthors":[],"author_meta":{"author_link":"https:\/\/go-tec.de\/ja\/author\/akoctar\/","display_name":"akoctar"},"relative_dates":{"created":"Posted 3\u5e74 ago","modified":"Updated 4\u9031\u9593 ago"},"absolute_dates":{"created":"Posted on 15. 6\u6708 2023","modified":"Updated on 24. 3\u6708 2026"},"absolute_dates_time":{"created":"Posted on 15. 6\u6708 2023 12:11","modified":"Updated on 24. 3\u6708 2026 12:40"},"featured_img_caption":"","featured_img":false,"series_order":"","_links":{"self":[{"href":"https:\/\/go-tec.de\/ja\/wp-json\/wp\/v2\/pages\/395","targetHints":{"allow":["GET"]}}],"collection":[{"href":"https:\/\/go-tec.de\/ja\/wp-json\/wp\/v2\/pages"}],"about":[{"href":"https:\/\/go-tec.de\/ja\/wp-json\/wp\/v2\/types\/page"}],"author":[{"embeddable":true,"href":"https:\/\/go-tec.de\/ja\/wp-json\/wp\/v2\/users\/8"}],"replies":[{"embeddable":true,"href":"https:\/\/go-tec.de\/ja\/wp-json\/wp\/v2\/comments?post=395"}],"version-history":[{"count":12,"href":"https:\/\/go-tec.de\/ja\/wp-json\/wp\/v2\/pages\/395\/revisions"}],"predecessor-version":[{"id":1366,"href":"https:\/\/go-tec.de\/ja\/wp-json\/wp\/v2\/pages\/395\/revisions\/1366"}],"up":[{"embeddable":true,"href":"https:\/\/go-tec.de\/ja\/wp-json\/wp\/v2\/pages\/12"}],"wp:attachment":[{"href":"https:\/\/go-tec.de\/ja\/wp-json\/wp\/v2\/media?parent=395"}],"curies":[{"name":"wp","href":"https:\/\/api.w.org\/{rel}","templated":true}]}}