{"id":334,"date":"2023-06-15T10:20:21","date_gmt":"2023-06-15T08:20:21","guid":{"rendered":"https:\/\/cms.gebiom.group\/go-tec\/?page_id=334"},"modified":"2026-03-18T08:02:35","modified_gmt":"2026-03-18T07:02:35","slug":"gt-george","status":"publish","type":"page","link":"https:\/\/go-tec.de\/ja\/go-tec-system\/gt-george\/","title":{"rendered":"GT\u30b8\u30e7\u30fc\u30b8"},"content":{"rendered":"<figure class=\"wp-block-gallery has-nested-images columns-default is-cropped wp-block-gallery-1 is-layout-flex wp-block-gallery-is-layout-flex\">\n<figure class=\"wp-block-image size-full\"><img loading=\"lazy\" decoding=\"async\" width=\"813\" height=\"814\" data-id=\"539\" src=\"https:\/\/go-tec.de\/wp-content\/uploads\/sites\/2\/2023\/06\/MicrosoftTeams-image-66.png\" alt=\"\" class=\"wp-image-539\" srcset=\"https:\/\/go-tec.de\/wp-content\/uploads\/sites\/2\/2023\/06\/MicrosoftTeams-image-66.png 813w, https:\/\/go-tec.de\/wp-content\/uploads\/sites\/2\/2023\/06\/MicrosoftTeams-image-66-300x300.png 300w, https:\/\/go-tec.de\/wp-content\/uploads\/sites\/2\/2023\/06\/MicrosoftTeams-image-66-150x150.png 150w, https:\/\/go-tec.de\/wp-content\/uploads\/sites\/2\/2023\/06\/MicrosoftTeams-image-66-768x769.png 768w\" sizes=\"auto, (max-width: 813px) 100vw, 813px\" \/><\/figure>\n<\/figure>\n\n\n\n<div class=\"wp-block-group py-5 px-3 px-md-4 px-lg-5 has-darkgrey-color has-text-color is-layout-flow wp-block-group-is-layout-flow\">\n<div class=\"wp-block-group is-layout-constrained wp-container-core-group-is-layout-703bee88 wp-block-group-is-layout-constrained\">\n<h2 class=\"wp-block-heading has-text-align-center animated fadeInUp\" id=\"gt-george-3d-vollfussscanner-fur-prazise-fussvermessung-12948788-de8a-4860-9172-7a44b5e42fdc\">GT\u30b8\u30e7\u30fc\u30b8 - 3D\u30d5\u30eb\u30d5\u30c3\u30c8\u30b9\u30ad\u30e3\u30ca\u30fc\u3067\u8db3\u3092\u6b63\u78ba\u306b\u8a08\u6e2c<\/h2>\n\n\n\n<h4 class=\"wp-block-heading has-text-align-center\" id=\"millimetergenaue-erfassung-des-gesamten-fusses-64906b08-34cc-416f-827a-c9601c2cb8c1\">\u8db3\u5168\u4f53\u3092\u30df\u30ea\u5358\u4f4d\u3067\u6b63\u78ba\u306b\u6e2c\u5b9a<\/h4>\n\n\n\n<p class=\"has-text-align-center animated fadeInUp\">\u306b\u3064\u3044\u3066 <strong>GT\u30b8\u30e7\u30fc\u30b8<\/strong> \u306e\u305f\u3081\u306e\u9ad8\u6027\u80fd3D\u30d5\u30eb\u30d5\u30c3\u30c8\u30b9\u30ad\u30e3\u30ca\u30fc\u3067\u3059\u3002 <strong>\u8db3\u5168\u4f53\u3092\u30df\u30ea\u30e1\u30fc\u30c8\u30eb\u5358\u4f4d\u3067\u6b63\u78ba\u306b\u6e2c\u5b9a<\/strong>. .\u6700\u65b0\u306e\u30ec\u30fc\u30b6\u30fc\u6280\u8853\u306b\u3088\u308a\u3001\u8db3\u5e95\u306e\u72b6\u614b\u3082\u542b\u3081\u3066\u3001\u308f\u305a\u304b\u6570\u79d2\u3067\u8db3\u304c\u5b8c\u5168\u306b\u30c7\u30b8\u30bf\u30eb\u5316\u3055\u308c\u308b\u3002.<\/p>\n\n\n\n<p class=\"has-text-align-center\">\u30b7\u30b9\u30c6\u30e0\u306f\u30b9\u30ad\u30e3\u30f3\u3092\u53ef\u80fd\u306b\u3059\u308b <strong>\u5b8c\u5168\u3001\u90e8\u5206\u7684\u3001\u307e\u305f\u306f\u7121\u8ca0\u8377<\/strong> \u307e\u305f\u3001\u6574\u5f62\u5916\u79d1\u7528\u30a4\u30f3\u30bd\u30fc\u30eb\u3084\u30e9\u30b9\u30c8\u3092\u6b63\u78ba\u306b\u88fd\u4f5c\u3059\u308b\u305f\u3081\u306e\u7406\u60f3\u7684\u306a\u57fa\u790e\u3092\u63d0\u4f9b\u3057\u307e\u3059\u30023D\u30a4\u30e9\u30b9\u30c8\u306b\u3088\u308a\u3001\u9867\u5ba2\u306f\u3001\u3042\u306a\u305f\u304c\u8a71\u3057\u3066\u3044\u308b\u3053\u3068\u3092\u3088\u308a\u7c21\u5358\u304b\u3064\u6b63\u78ba\u306b\u7406\u89e3\u3059\u308b\u3053\u3068\u304c\u3067\u304d\u307e\u3059\u3002\u3053\u308c\u306b\u3088\u308a\u3001\u30a2\u30ca\u30e0\u30cd\u30b7\u30b9\u306e\u8a71\u3057\u5408\u3044\u304c\u3088\u308a\u660e\u78ba\u306b\u306a\u308a\u3001\u9867\u5ba2\u4e2d\u5fc3\u3067\u9032\u3081\u3089\u308c\u308b\u3088\u3046\u306b\u306a\u308a\u307e\u3059\uff01<\/p>\n\n\n\n<div class=\"wp-block-media-text is-stacked-on-mobile\" style=\"grid-template-columns:37% auto\"><figure class=\"wp-block-media-text__media\"><img loading=\"lazy\" decoding=\"async\" width=\"1024\" height=\"1024\" src=\"https:\/\/go-tec.de\/wp-content\/uploads\/sites\/2\/2026\/03\/go-tec_GT_George-1024x1024.png\" alt=\"\" class=\"wp-image-1302 size-full\" srcset=\"https:\/\/go-tec.de\/wp-content\/uploads\/sites\/2\/2026\/03\/go-tec_GT_George-1024x1024.png 1024w, https:\/\/go-tec.de\/wp-content\/uploads\/sites\/2\/2026\/03\/go-tec_GT_George-300x300.png 300w, https:\/\/go-tec.de\/wp-content\/uploads\/sites\/2\/2026\/03\/go-tec_GT_George-150x150.png 150w, https:\/\/go-tec.de\/wp-content\/uploads\/sites\/2\/2026\/03\/go-tec_GT_George-768x768.png 768w, https:\/\/go-tec.de\/wp-content\/uploads\/sites\/2\/2026\/03\/go-tec_GT_George-12x12.png 12w, https:\/\/go-tec.de\/wp-content\/uploads\/sites\/2\/2026\/03\/go-tec_GT_George.png 1080w\" sizes=\"auto, (max-width: 1024px) 100vw, 1024px\" \/><\/figure><div class=\"wp-block-media-text__content\">\n<p class=\"has-blue-color has-text-color has-link-color has-large-font-size wp-elements-32ec9d3abca9e4cce27e878a3c10d7bf\">\u3042\u306a\u305f\u306e\u5229\u70b9<\/p>\n\n\n\n<div class=\"wp-block-group is-layout-constrained wp-block-group-is-layout-constrained\">\n<ul class=\"wp-block-list\">\n<li>\u660e\u78ba\u306a3D\u30d3\u30b8\u30e5\u30a2\u30e9\u30a4\u30bc\u30fc\u30b7\u30e7\u30f3\u306b\u3088\u308b\u9867\u5ba2\u30a2\u30c9\u30d0\u30a4\u30b9\u306e\u5411\u4e0a<\/li>\n\n\n\n<li>\u8db3\u5168\u4f53\u3092\u6570\u79d2\u30673D\u30ad\u30e3\u30d7\u30c1\u30e3<\/li>\n\n\n\n<li>\u30df\u30ea\u30e1\u30fc\u30c8\u30eb\u7cbe\u5ea6\u306e\u8a73\u7d30\u306a\u30b9\u30ad\u30e3\u30f3\u7d50\u679c<\/li>\n\n\n\n<li>\u7570\u306a\u308b\u8ca0\u8377\u72b6\u6cc1\u4e0b\u3067\u306e\u6e2c\u5b9a<\/li>\n\n\n\n<li>CAD\u30b7\u30b9\u30c6\u30e0\u3067\u306e\u76f4\u63a5\u51e6\u7406<\/li>\n<\/ul>\n<\/div>\n\n\n\n<p><\/p>\n\n\n\n<div class=\"wp-block-buttons is-layout-flex wp-block-buttons-is-layout-flex\"><\/div>\n\n\n\n<p class=\"has-text-align-left\">\u4ed8\u5c5e\u54c1\uff1a\u30d5\u30c3\u30c8\u30b9\u30ad\u30e3\u30ca\u30fc\uff08\u30d5\u30eb\u88c5\u5099\uff09\u3001\u30d5\u30c3\u30c8\u30ec\u30b9\u30c8\uff082\u500b\uff09\u3001\u30d5\u30c3\u30c8\u30b9\u30a4\u30c3\u30c1\uff081\u500b<\/p>\n\n\n\n<p class=\"has-text-align-left has-darkgrey-color has-text-color has-link-color wp-elements-fd791f8376d0b7d788a8c3a43d03845c\">\u6280\u8853\u30c7\u30fc\u30bf\u3068\u30cf\u30fc\u30c9\u30a6\u30a7\u30a2\u8981\u4ef6\uff1a&nbsp;<\/p>\n\n\n\n<div class=\"wp-block-advgb-button alignright is-style-outlined\"><a class=\"wp-block-advgb-button_link advgbbtn-d1df2381-0658-4870-af50-895dc376745b\" href=\"https:\/\/go-tec.de\/wp-content\/uploads\/sites\/2\/2023\/12\/GT-George.pdf\" target=\"_blank\" rel=\"noopener noreferrer\"><span>\u30c7\u30fc\u30bf\u30b7\u30fc\u30c8<\/span><\/a><\/div>\n<\/div><\/div>\n\n\n\n<div class=\"wp-block-columns are-vertically-aligned-center py-5 is-layout-flex wp-container-core-columns-is-layout-28f84493 wp-block-columns-is-layout-flex\">\n<div class=\"wp-block-column is-vertically-aligned-center px-3 px-md-4 px-lg-5 is-layout-flow wp-block-column-is-layout-flow\">\n<figure class=\"wp-block-image size-full\"><img loading=\"lazy\" decoding=\"async\" width=\"514\" height=\"289\" src=\"https:\/\/cms.gebiom.group\/go-tec\/wp-content\/uploads\/sites\/2\/2023\/06\/tf2-2020-03-27-12-10-44-53.jpg\" alt=\"\" class=\"wp-image-336\" srcset=\"https:\/\/go-tec.de\/wp-content\/uploads\/sites\/2\/2023\/06\/tf2-2020-03-27-12-10-44-53.jpg 514w, https:\/\/go-tec.de\/wp-content\/uploads\/sites\/2\/2023\/06\/tf2-2020-03-27-12-10-44-53-300x169.jpg 300w\" sizes=\"auto, (max-width: 514px) 100vw, 514px\" \/><\/figure>\n<\/div>\n\n\n\n<div class=\"wp-block-column is-vertically-aligned-center px-3 px-md-4 px-lg-5 is-layout-flow wp-block-column-is-layout-flow\">\n<h3 class=\"wp-block-heading animated fadeInUp has-darkgrey-color has-text-color\" id=\"in-wenigen-sekunden-erstellung-eines-3dscans-mit-bildinformationen-0c66392b-b107-4443-89b7-7aeb31f56b5b\">\u308f\u305a\u304b\u6570\u79d2\u3067\u753b\u50cf\u60c5\u5831\u3092\u542b\u30803D\u30b9\u30ad\u30e3\u30f3\u3092\u4f5c\u6210<\/h3>\n<\/div>\n<\/div>\n\n\n\n<div class=\"wp-block-columns are-vertically-aligned-center py-5 is-layout-flex wp-container-core-columns-is-layout-28f84493 wp-block-columns-is-layout-flex\">\n<div class=\"wp-block-column is-vertically-aligned-center px-3 px-md-4 px-lg-5 is-layout-flow wp-block-column-is-layout-flow\">\n<figure class=\"wp-block-image size-full\"><img loading=\"lazy\" decoding=\"async\" width=\"514\" height=\"289\" src=\"https:\/\/cms.gebiom.group\/go-tec\/wp-content\/uploads\/sites\/2\/2023\/06\/tf3-2020-03-27-12-10-52-81.jpg\" alt=\"\" class=\"wp-image-337\" srcset=\"https:\/\/go-tec.de\/wp-content\/uploads\/sites\/2\/2023\/06\/tf3-2020-03-27-12-10-52-81.jpg 514w, https:\/\/go-tec.de\/wp-content\/uploads\/sites\/2\/2023\/06\/tf3-2020-03-27-12-10-52-81-300x169.jpg 300w\" sizes=\"auto, (max-width: 514px) 100vw, 514px\" \/><\/figure>\n<\/div>\n\n\n\n<div class=\"wp-block-column is-vertically-aligned-center px-3 px-md-4 px-lg-5 is-layout-flow wp-block-column-is-layout-flow\">\n<h3 class=\"wp-block-heading animated fadeInUp has-darkgrey-color has-text-color\" id=\"die-erfassten-daten-werden-zur-konstruktion-von-einlagen-und-leisten-in-gp-insolecad-und-gp-opticad-verwendet-597a9ba6-4cc0-4904-b1c2-597599e0e365\">\u53ce\u96c6\u3055\u308c\u305f\u30c7\u30fc\u30bf\u306f\u3001GP InsoleCAD\u3068GP OptiCAD\u3067\u30a4\u30f3\u30bd\u30fc\u30eb\u3068\u30e9\u30b9\u30c8\u3092\u8a2d\u8a08\u3059\u308b\u305f\u3081\u306b\u4f7f\u7528\u3055\u308c\u307e\u3059\u3002<\/h3>\n<\/div>\n<\/div>\n\n\n\n<div class=\"wp-block-group is-layout-constrained wp-block-group-is-layout-constrained\">\n<p class=\"has-text-align-right\">\u4ed8\u5c5e\u54c1\uff1a\u30d5\u30c3\u30c8\u30b9\u30ad\u30e3\u30ca\u30fc\uff08\u30d5\u30eb\u88c5\u5099\uff09\u3001\u30d5\u30c3\u30c8\u30ec\u30b9\u30c8\uff082\u500b\uff09\u3001\u30d5\u30c3\u30c8\u30b9\u30a4\u30c3\u30c1\uff081\u500b<\/p>\n\n\n\n<p class=\"has-text-align-right has-darkgrey-color has-text-color has-link-color wp-elements-9649fef0f3b9fcabff1f9e487575463f\">\u6280\u8853\u30c7\u30fc\u30bf\u3068\u30cf\u30fc\u30c9\u30a6\u30a7\u30a2\u8981\u4ef6\uff1a&nbsp;<\/p>\n\n\n\n<div class=\"wp-block-buttons has-mobile-text-align-justify is-horizontal is-content-justification-right is-layout-flex wp-container-core-buttons-is-layout-7f1c9595 wp-block-buttons-is-layout-flex\">\n<div class=\"wp-block-button is-style-outline is-style-outline--2\"><a class=\"wp-block-button__link has-border-color has-blue-border-color has-text-align-right wp-element-button\" href=\"https:\/\/go-tec.de\/wp-content\/uploads\/sites\/2\/2023\/12\/GT-George.pdf\">\u30c7\u30fc\u30bf\u30b7\u30fc\u30c8<\/a><\/div>\n<\/div>\n<\/div>\n<\/div>\n<\/div>\n\n\n\n<div style=\"height:19px\" aria-hidden=\"true\" class=\"wp-block-spacer\"><\/div>\n\n\n\n<p class=\"has-text-align-center has-white-color has-mediumgrey-background-color has-text-color has-background has-link-color wp-elements-e34ee4a17ad66711585c7833e88aabe3\">\u8a18\u9332\u3055\u308c\u305f\u30c7\u30fc\u30bf\u306f\u30b7\u30fc\u30e0\u30ec\u30b9\u306b <strong>GP\u30a4\u30f3\u30bd\u30fc\u30ebCAD\u3068GP OptiCAD<\/strong> \u305d\u3057\u3066\u3001\u30a8\u30f3\u30c9\u30c4\u30fc\u30a8\u30f3\u30c9\u306e\u30c7\u30b8\u30bf\u30eb\u30ef\u30fc\u30af\u30d5\u30ed\u30fc\u3092\u30b5\u30dd\u30fc\u30c8\u3059\u308b\u3002. <\/p>\n\n\n\n<div class=\"wp-block-group px-3 px-md-4 px-lg-5 contact-section has-white-color has-blue-background-color has-text-color has-background is-layout-constrained wp-container-core-group-is-layout-6e20cf48 wp-block-group-is-layout-constrained advgb-dyn-2eccdb19\">\n<div class=\"wp-block-columns py-5 is-layout-flex wp-container-core-columns-is-layout-28f84493 wp-block-columns-is-layout-flex\">\n<div class=\"wp-block-column animated fadeInLeft is-layout-flow wp-block-column-is-layout-flow\" style=\"flex-basis:66.66%\">\n<h3 class=\"wp-block-heading advgb-dyn-b31c1e16\">\u500b\u4eba\u7684\u306b\u30a2\u30c9\u30d0\u30a4\u30b9\u3055\u305b\u3066\u3044\u305f\u3060\u3051\u308c\u3070\u5e78\u3044\u3067\u3059\uff01<\/h3>\n\n\n\n<p>\u3067\u304d\u308b\u3060\u3051\u65e9\u304f\u6298\u308a\u8fd4\u3057\u3054\u9023\u7d61\u3044\u305f\u3057\u307e\u3059\uff01 <\/p>\n<\/div>\n\n\n\n<div class=\"wp-block-column is-vertically-aligned-center animated fadeInRight is-layout-flow wp-block-column-is-layout-flow\" style=\"flex-basis:33.33%\">\n<div class=\"wp-block-buttons animated fadeInUp mb-5 is-content-justification-center is-layout-flex wp-container-core-buttons-is-layout-a89b3969 wp-block-buttons-is-layout-flex\">\n<div class=\"wp-block-button is-style-fill advgb-dyn-3db009d7\"><a class=\"wp-block-button__link has-white-color has-green-background-color has-text-color has-background wp-element-button\" href=\"https:\/\/go-tec.de\/ja\/kontaktsales\/\" style=\"border-radius:5px\">\u304a\u554f\u3044\u5408\u308f\u305b<\/a><\/div>\n<\/div>\n<\/div>\n<\/div>\n<\/div>\n\n\n\n<p><\/p>\n<style class=\"advgb-styles-renderer\">.advgbbtn-d1df2381-0658-4870-af50-895dc376745b{font-size:18px;color:#036fa6 !important;background-color:#2196f3 !important;margin:0px 0px 0px 0px !important;padding:10px 30px 10px 30px;border-width:1px !important;border-style:none;border-radius:50px !important;}.advgbbtn-d1df2381-0658-4870-af50-895dc376745b:hover{box-shadow:1px 1px 12px 0px #ccc;opacity:1;transition:all 0.2s ease;}.advgbbtn-d1df2381-0658-4870-af50-895dc376745b > i {display: none !important;}.advgbbtn-d1df2381-0658-4870-af50-895dc376745b{font-size:18px;color:#036fa6 !important;background-color:#2196f3 !important;margin:0px 0px 0px 0px !important;padding:10px 30px 10px 30px;border-width:1px !important;border-style:none;border-radius:50px !important;}.advgbbtn-d1df2381-0658-4870-af50-895dc376745b:hover{box-shadow:1px 1px 12px 0px #ccc;opacity:1;transition:all 0.2s ease;}.advgbbtn-d1df2381-0658-4870-af50-895dc376745b > i {display: none !important;}.advgbbtn-d1df2381-0658-4870-af50-895dc376745b{font-size:18px;color:#036fa6 !important;background-color:#2196f3 !important;margin:0px 0px 0px 0px !important;padding:10px 30px 10px 30px;border-width:1px !important;border-style:none;border-radius:50px !important;}.advgbbtn-d1df2381-0658-4870-af50-895dc376745b:hover{box-shadow:1px 1px 12px 0px #ccc;opacity:1;transition:all 0.2s ease;}.advgbbtn-d1df2381-0658-4870-af50-895dc376745b > i {display: none !important;}.advgbbtn-d1df2381-0658-4870-af50-895dc376745b{font-size:18px;color:#036fa6 !important;background-color:#2196f3 !important;margin:0px 0px 0px 0px !important;padding:10px 30px 10px 30px;border-width:1px !important;border-style:none;border-radius:50px !important;}.advgbbtn-d1df2381-0658-4870-af50-895dc376745b:hover{box-shadow:1px 1px 12px 0px #ccc;opacity:1;transition:all 0.2s ease;}.advgbbtn-d1df2381-0658-4870-af50-895dc376745b > i {display: none !important;}<\/style>","protected":false},"excerpt":{"rendered":"<p>GT George \u2013 3D Vollfu\u00dfscanner f\u00fcr pr\u00e4zise Fu\u00dfvermessung Millimetergenaue Erfassung des gesamten Fu\u00dfes Der GT George ist ein leistungsstarker 3D Vollfu\u00dfscanner zur millimetergenauen Erfassung des gesamten Fu\u00dfes. Dank moderner Lasertechnologie werden F\u00fc\u00dfe in wenigen Sekunden vollst\u00e4ndig digitalisiert \u2013 inklusive plantarer Ansicht. Das System erm\u00f6glicht Scans voll-, teil- oder unbelastet und liefert eine ideale Grundlage f\u00fcr die pr\u00e4zise Konstruktion orthop\u00e4discher Einlagen und Leisten. Die 3D-Abbildung erm\u00f6glich Ihren Kunden, einfacher und genauer zu verstehen, wor\u00fcber Sie mit ihm sprechen. Jedes Anamnese Gespr\u00e4ch wird damit wesentlich anschaulicher und kundenn\u00e4her! Ihre Vorteile Lieferumfang: Vollfu\u00dfscanner, 2 seitliche Fu\u00dfst\u00fctzen, 1 Fu\u00dfschalter Technische Daten und Hardwareanforderungen:&nbsp; In wenigen Sekunden Erstellung eines 3D-Scans mit Bildinformationen Die erfassten Daten [&hellip;]<\/p>\n","protected":false},"author":8,"featured_media":0,"parent":12,"menu_order":0,"comment_status":"closed","ping_status":"closed","template":"","meta":{"inline_featured_image":false,"advgb_blocks_editor_width":"","advgb_blocks_columns_visual_guide":"","footnotes":""},"class_list":["post-334","page","type-page","status-publish","hentry"],"yoast_head":"<!-- This site is optimized with the Yoast SEO plugin v27.2 - https:\/\/yoast.com\/product\/yoast-seo-wordpress\/ -->\n<title>GT George -<\/title>\n<meta name=\"description\" content=\"Der GT George 3D Vollfu\u00dfscanner erfasst F\u00fc\u00dfe millimetergenau in Sekunden. Ideal f\u00fcr digitale Fu\u00dfanalyse und orthop\u00e4dische Einlagenfertigung.\" \/>\n<meta name=\"robots\" content=\"index, follow, max-snippet:-1, max-image-preview:large, max-video-preview:-1\" \/>\n<link rel=\"canonical\" href=\"https:\/\/go-tec.de\/ja\/go-tec-system\/gt-george\/\" \/>\n<meta property=\"og:locale\" content=\"ja_JP\" \/>\n<meta property=\"og:type\" content=\"article\" \/>\n<meta property=\"og:title\" content=\"GT George -\" \/>\n<meta property=\"og:description\" content=\"Der GT George 3D Vollfu\u00dfscanner erfasst F\u00fc\u00dfe millimetergenau in Sekunden. Ideal f\u00fcr digitale Fu\u00dfanalyse und orthop\u00e4dische Einlagenfertigung.\" \/>\n<meta property=\"og:url\" content=\"https:\/\/go-tec.de\/ja\/go-tec-system\/gt-george\/\" \/>\n<meta property=\"article:modified_time\" content=\"2026-03-18T07:02:35+00:00\" \/>\n<meta property=\"og:image\" content=\"https:\/\/go-tec.de\/wp-content\/uploads\/sites\/2\/2023\/06\/MicrosoftTeams-image-66.png\" \/>\n<meta name=\"twitter:card\" content=\"summary_large_image\" \/>\n<meta name=\"twitter:label1\" content=\"\u63a8\u5b9a\u8aad\u307f\u53d6\u308a\u6642\u9593\" \/>\n\t<meta name=\"twitter:data1\" content=\"2\u5206\" \/>\n<script type=\"application\/ld+json\" class=\"yoast-schema-graph\">{\"@context\":\"https:\/\/schema.org\",\"@graph\":[{\"@type\":\"WebPage\",\"@id\":\"https:\/\/go-tec.de\/go-tec-system\/gt-george\/\",\"url\":\"https:\/\/go-tec.de\/go-tec-system\/gt-george\/\",\"name\":\"GT George -\",\"isPartOf\":{\"@id\":\"http:\/\/go-tec.de\/#website\"},\"primaryImageOfPage\":{\"@id\":\"https:\/\/go-tec.de\/go-tec-system\/gt-george\/#primaryimage\"},\"image\":{\"@id\":\"https:\/\/go-tec.de\/go-tec-system\/gt-george\/#primaryimage\"},\"thumbnailUrl\":\"https:\/\/go-tec.de\/wp-content\/uploads\/sites\/2\/2023\/06\/MicrosoftTeams-image-66.png\",\"datePublished\":\"2023-06-15T08:20:21+00:00\",\"dateModified\":\"2026-03-18T07:02:35+00:00\",\"description\":\"Der GT George 3D Vollfu\u00dfscanner erfasst F\u00fc\u00dfe millimetergenau in Sekunden. Ideal f\u00fcr digitale Fu\u00dfanalyse und orthop\u00e4dische Einlagenfertigung.\",\"breadcrumb\":{\"@id\":\"https:\/\/go-tec.de\/go-tec-system\/gt-george\/#breadcrumb\"},\"inLanguage\":\"ja\",\"potentialAction\":[{\"@type\":\"ReadAction\",\"target\":[\"https:\/\/go-tec.de\/go-tec-system\/gt-george\/\"]}]},{\"@type\":\"ImageObject\",\"inLanguage\":\"ja\",\"@id\":\"https:\/\/go-tec.de\/go-tec-system\/gt-george\/#primaryimage\",\"url\":\"https:\/\/go-tec.de\/wp-content\/uploads\/sites\/2\/2023\/06\/MicrosoftTeams-image-66.png\",\"contentUrl\":\"https:\/\/go-tec.de\/wp-content\/uploads\/sites\/2\/2023\/06\/MicrosoftTeams-image-66.png\"},{\"@type\":\"BreadcrumbList\",\"@id\":\"https:\/\/go-tec.de\/go-tec-system\/gt-george\/#breadcrumb\",\"itemListElement\":[{\"@type\":\"ListItem\",\"position\":1,\"name\":\"Startseite\",\"item\":\"http:\/\/go-tec.de\/\"},{\"@type\":\"ListItem\",\"position\":2,\"name\":\"go-tec System\",\"item\":\"https:\/\/go-tec.de\/go-tec-system\/\"},{\"@type\":\"ListItem\",\"position\":3,\"name\":\"GT George\"}]},{\"@type\":\"WebSite\",\"@id\":\"http:\/\/go-tec.de\/#website\",\"url\":\"http:\/\/go-tec.de\/\",\"name\":\"\",\"description\":\"\",\"potentialAction\":[{\"@type\":\"SearchAction\",\"target\":{\"@type\":\"EntryPoint\",\"urlTemplate\":\"http:\/\/go-tec.de\/?s={search_term_string}\"},\"query-input\":{\"@type\":\"PropertyValueSpecification\",\"valueRequired\":true,\"valueName\":\"search_term_string\"}}],\"inLanguage\":\"ja\"}]}<\/script>\n<!-- \/ Yoast SEO plugin. -->","yoast_head_json":{"title":"GT\u30b8\u30e7\u30fc\u30b8","description":"Der GT George 3D Vollfu\u00dfscanner erfasst F\u00fc\u00dfe millimetergenau in Sekunden. Ideal f\u00fcr digitale Fu\u00dfanalyse und orthop\u00e4dische Einlagenfertigung.","robots":{"index":"index","follow":"follow","max-snippet":"max-snippet:-1","max-image-preview":"max-image-preview:large","max-video-preview":"max-video-preview:-1"},"canonical":"https:\/\/go-tec.de\/ja\/go-tec-system\/gt-george\/","og_locale":"ja_JP","og_type":"article","og_title":"GT George -","og_description":"Der GT George 3D Vollfu\u00dfscanner erfasst F\u00fc\u00dfe millimetergenau in Sekunden. Ideal f\u00fcr digitale Fu\u00dfanalyse und orthop\u00e4dische Einlagenfertigung.","og_url":"https:\/\/go-tec.de\/ja\/go-tec-system\/gt-george\/","article_modified_time":"2026-03-18T07:02:35+00:00","og_image":[{"url":"https:\/\/go-tec.de\/wp-content\/uploads\/sites\/2\/2023\/06\/MicrosoftTeams-image-66.png","type":"","width":"","height":""}],"twitter_card":"summary_large_image","twitter_misc":{"\u63a8\u5b9a\u8aad\u307f\u53d6\u308a\u6642\u9593":"2\u5206"},"schema":{"@context":"https:\/\/schema.org","@graph":[{"@type":"WebPage","@id":"https:\/\/go-tec.de\/go-tec-system\/gt-george\/","url":"https:\/\/go-tec.de\/go-tec-system\/gt-george\/","name":"GT\u30b8\u30e7\u30fc\u30b8","isPartOf":{"@id":"http:\/\/go-tec.de\/#website"},"primaryImageOfPage":{"@id":"https:\/\/go-tec.de\/go-tec-system\/gt-george\/#primaryimage"},"image":{"@id":"https:\/\/go-tec.de\/go-tec-system\/gt-george\/#primaryimage"},"thumbnailUrl":"https:\/\/go-tec.de\/wp-content\/uploads\/sites\/2\/2023\/06\/MicrosoftTeams-image-66.png","datePublished":"2023-06-15T08:20:21+00:00","dateModified":"2026-03-18T07:02:35+00:00","description":"Der GT George 3D Vollfu\u00dfscanner erfasst F\u00fc\u00dfe millimetergenau in Sekunden. Ideal f\u00fcr digitale Fu\u00dfanalyse und orthop\u00e4dische Einlagenfertigung.","breadcrumb":{"@id":"https:\/\/go-tec.de\/go-tec-system\/gt-george\/#breadcrumb"},"inLanguage":"ja","potentialAction":[{"@type":"ReadAction","target":["https:\/\/go-tec.de\/go-tec-system\/gt-george\/"]}]},{"@type":"ImageObject","inLanguage":"ja","@id":"https:\/\/go-tec.de\/go-tec-system\/gt-george\/#primaryimage","url":"https:\/\/go-tec.de\/wp-content\/uploads\/sites\/2\/2023\/06\/MicrosoftTeams-image-66.png","contentUrl":"https:\/\/go-tec.de\/wp-content\/uploads\/sites\/2\/2023\/06\/MicrosoftTeams-image-66.png"},{"@type":"BreadcrumbList","@id":"https:\/\/go-tec.de\/go-tec-system\/gt-george\/#breadcrumb","itemListElement":[{"@type":"ListItem","position":1,"name":"Startseite","item":"http:\/\/go-tec.de\/"},{"@type":"ListItem","position":2,"name":"go-tec System","item":"https:\/\/go-tec.de\/go-tec-system\/"},{"@type":"ListItem","position":3,"name":"GT George"}]},{"@type":"WebSite","@id":"http:\/\/go-tec.de\/#website","url":"http:\/\/go-tec.de\/","name":"","description":"","potentialAction":[{"@type":"SearchAction","target":{"@type":"EntryPoint","urlTemplate":"http:\/\/go-tec.de\/?s={search_term_string}"},"query-input":{"@type":"PropertyValueSpecification","valueRequired":true,"valueName":"search_term_string"}}],"inLanguage":"ja"}]}},"coauthors":[],"author_meta":{"author_link":"https:\/\/go-tec.de\/ja\/author\/akoctar\/","display_name":"akoctar"},"relative_dates":{"created":"Posted 3\u5e74 ago","modified":"Updated 1\u304b\u6708 ago"},"absolute_dates":{"created":"Posted on 15. 6\u6708 2023","modified":"Updated on 18. 3\u6708 2026"},"absolute_dates_time":{"created":"Posted on 15. 6\u6708 2023 10:20","modified":"Updated on 18. 3\u6708 2026 8:02"},"featured_img_caption":"","featured_img":false,"series_order":"","_links":{"self":[{"href":"https:\/\/go-tec.de\/ja\/wp-json\/wp\/v2\/pages\/334","targetHints":{"allow":["GET"]}}],"collection":[{"href":"https:\/\/go-tec.de\/ja\/wp-json\/wp\/v2\/pages"}],"about":[{"href":"https:\/\/go-tec.de\/ja\/wp-json\/wp\/v2\/types\/page"}],"author":[{"embeddable":true,"href":"https:\/\/go-tec.de\/ja\/wp-json\/wp\/v2\/users\/8"}],"replies":[{"embeddable":true,"href":"https:\/\/go-tec.de\/ja\/wp-json\/wp\/v2\/comments?post=334"}],"version-history":[{"count":34,"href":"https:\/\/go-tec.de\/ja\/wp-json\/wp\/v2\/pages\/334\/revisions"}],"predecessor-version":[{"id":1345,"href":"https:\/\/go-tec.de\/ja\/wp-json\/wp\/v2\/pages\/334\/revisions\/1345"}],"up":[{"embeddable":true,"href":"https:\/\/go-tec.de\/ja\/wp-json\/wp\/v2\/pages\/12"}],"wp:attachment":[{"href":"https:\/\/go-tec.de\/ja\/wp-json\/wp\/v2\/media?parent=334"}],"curies":[{"name":"wp","href":"https:\/\/api.w.org\/{rel}","templated":true}]}}