{"id":22,"date":"2022-09-13T12:19:03","date_gmt":"2022-09-13T10:19:03","guid":{"rendered":"https:\/\/cms.gebiom.group\/go-tec\/?page_id=22"},"modified":"2023-06-15T21:45:04","modified_gmt":"2023-06-15T19:45:04","slug":"impressum","status":"publish","type":"page","link":"https:\/\/go-tec.de\/ja\/impressum\/","title":{"rendered":"\u30a4\u30f3\u30d7\u30ea\u30f3\u30c8"},"content":{"rendered":"<div class=\"wp-block-cover\"><span aria-hidden=\"true\" class=\"wp-block-cover__background has-blue-background-color has-background-dim-70 has-background-dim\"><\/span><img loading=\"lazy\" decoding=\"async\" width=\"2321\" height=\"1280\" class=\"wp-block-cover__image-background wp-image-29\" alt=\"\" src=\"https:\/\/cms.gebiom.group\/go-tec\/wp-content\/uploads\/sites\/2\/2022\/09\/go-tec-header.jpg\" data-object-fit=\"cover\" srcset=\"https:\/\/go-tec.de\/wp-content\/uploads\/sites\/2\/2022\/09\/go-tec-header.jpg 2321w, https:\/\/go-tec.de\/wp-content\/uploads\/sites\/2\/2022\/09\/go-tec-header-300x165.jpg 300w, https:\/\/go-tec.de\/wp-content\/uploads\/sites\/2\/2022\/09\/go-tec-header-1024x565.jpg 1024w, https:\/\/go-tec.de\/wp-content\/uploads\/sites\/2\/2022\/09\/go-tec-header-768x424.jpg 768w, https:\/\/go-tec.de\/wp-content\/uploads\/sites\/2\/2022\/09\/go-tec-header-1536x847.jpg 1536w, https:\/\/go-tec.de\/wp-content\/uploads\/sites\/2\/2022\/09\/go-tec-header-2048x1129.jpg 2048w\" sizes=\"auto, (max-width: 2321px) 100vw, 2321px\" \/><div class=\"wp-block-cover__inner-container is-layout-flow wp-block-cover-is-layout-flow\">\n<div class=\"wp-block-group px-3 px-md-4 px-lg-5 is-layout-constrained wp-container-core-group-is-layout-703bee88 wp-block-group-is-layout-constrained\">\n<h1 class=\"wp-block-heading has-text-align-left advgb-dyn-fe2edc34\">\u30a4\u30f3\u30d7\u30ea\u30f3\u30c8<\/h1>\n<\/div>\n<\/div><\/div>\n\n\n\n<div class=\"wp-block-group is-layout-constrained wp-block-group-is-layout-constrained\">\n<div class=\"wp-block-group py-5 has-darkgrey-color has-text-color is-layout-constrained wp-container-core-group-is-layout-703bee88 wp-block-group-is-layout-constrained\">\n<h1 class=\"wp-block-heading advgb-dyn-3a323565\">\u30a4\u30f3\u30d7\u30ea\u30f3\u30c8<\/h1>\n\n\n\n<p>\u672c\u30a6\u30a7\u30d6\u30b5\u30a4\u30c8\u306e\u6240\u6709\u8005\u3067\u3042\u308a\u3001\u30b3\u30f3\u30c6\u30f3\u30c4\u306b\u5bfe\u3059\u308b\u8cac\u4efb\u304c\u3042\u308a\u307e\u3059\uff1a&nbsp;<br>\u30b4\u30fc\u30c6\u30c3\u30afGmbH&nbsp;<br><br>\u30b4\u30fc\u30c6\u30c3\u30afGmbH&nbsp;<br>\u30f4\u30a3\u30eb\u30d8\u30eb\u30e0\u30fb\u30b7\u30c3\u30ab\u30fc\u30c9\u901a\u308a12&nbsp;<br>48149 \u30df\u30e5\u30f3\u30b9\u30bf\u30fc&nbsp;<br>\u30c9\u30a4\u30c4 \u96fb\u8a71\uff1a +49 251 987240&nbsp;<br>\u30d5\u30a1\u30c3\u30af\u30b9: +49 251 9872422&nbsp;<br>www.go-tec.de&nbsp;<br><br>info@go-tec.de&nbsp;<br><br>\u30de\u30cd\u30fc\u30b8\u30f3\u30b0\u30fb\u30c7\u30a3\u30ec\u30af\u30bf\u30fc<br><br>\u30a4\u30a7\u30f3\u30b9\u30fb\u30de\u30b8\u30a7\u30d5\u30b9\u30ad<br>\u30f4\u30a9\u30eb\u30d5\u30ac\u30f3\u30b0\u30fb\u30c9\u30e1\u30f3\u30ae\u30fc\u30ce&nbsp;<br>\u30d8\u30cb\u30f3\u30b0\u30fb\u30b7\u30e5\u30cb\u30c8\u30ac\u30fc<br><br>\u767b\u9332\u88c1\u5224\u6240\uff1a\u30df\u30e5\u30f3\u30b9\u30bf\u30fc\u5730\u65b9\u88c1\u5224\u6240&nbsp;<br>\u767b\u9332\u756a\u53f7\uff1a HRB 6016&nbsp;&nbsp;<br><br>\u4ed8\u52a0\u4fa1\u5024\u7a0e\u6cd5\u7b2c27\u6761a\u306b\u57fa\u3065\u304f\u4ed8\u52a0\u4fa1\u5024\u7a0e\u7d0d\u7a0e\u8005\u756a\u53f7\uff1aDE 813 142 085&nbsp;<br><br>\u514d\u8cac\u4e8b\u9805<br>\u30b3\u30f3\u30c6\u30f3\u30c4\u306e\u7ba1\u7406\u306b\u306f\u7d30\u5fc3\u306e\u6ce8\u610f\u3092\u6255\u3063\u3066\u304a\u308a\u307e\u3059\u304c\u3001\u5916\u90e8\u30ea\u30f3\u30af\u306e\u5185\u5bb9\u306b\u3064\u3044\u3066\u306f\u4e00\u5207\u306e\u8cac\u4efb\u3092\u8ca0\u3044\u304b\u306d\u307e\u3059\u3002\u30ea\u30f3\u30af\u5148\u30da\u30fc\u30b8\u306e\u5185\u5bb9\u306b\u95a2\u3059\u308b\u8cac\u4efb\u306f\u3001\u30ea\u30f3\u30af\u5148\u30da\u30fc\u30b8\u306e\u904b\u55b6\u8005\u304c\u8ca0\u3046\u3082\u306e\u3068\u3057\u307e\u3059\u3002<\/p>\n\n\n\n<h3 class=\"wp-block-heading\">\u652f\u63f4\u6a5f\u95a2<\/h3>\n\n\n\n<p><a href=\"https:\/\/studio-horn.de\/\" class=\"ek-link\">\u30b9\u30bf\u30b8\u30aa\u30db\u30fc\u30f3<\/a>\u00a0- \u30c7\u30b6\u30a4\u30f3\u3001\u30d7\u30ed\u30b0\u30e9\u30df\u30f3\u30b0\u3001\u6280\u8853\u30b5\u30dd\u30fc\u30c8<\/p>\n<\/div>\n<\/div>","protected":false},"excerpt":{"rendered":"<p>\u672c\u30a6\u30a7\u30d6\u30b5\u30a4\u30c8\u306e\u6240\u6709\u8005\u304a\u3088\u3073\u5185\u5bb9\u306b\u95a2\u3059\u308b\u8cac\u4efb\u8005: go-tec GmbH go-tec GmbH Wilhelm-Schickard-Stra\u00dfe 12 48149 M\u00fcnster Germany \u96fb\u8a71: +49 251 987240 \u30d5\u30a1\u30c3\u30af\u30b9: +49 251 9872422 www.go-tec.de info@go-tec.de \u30de\u30cd\u30fc\u30b8\u30f3\u30b0\u30fb\u30c7\u30a3\u30ec\u30af\u30bf\u30fc Jens MajewskiWolfgang Domenghino Henning Schnittger \u767b\u9332\u88c1\u5224\u6240: Amtsgericht M\u00fcnster \u767b\u9332\u756a\u53f7: HRB 6016 \u00a7 27 a Umsatzsteuergesetz \u306b\u5f93\u3063\u305f\u6d88\u8cbb\u7a0e\u8b58\u5225\u756a\u53f7: DE 813 142 085 \u514d\u8cac\u4e8b\u9805:\u5185\u5bb9\u306e\u7ba1\u7406\u306b\u306f\u7d30\u5fc3\u306e\u6ce8\u610f\u3092\u6255\u3063\u3066\u304a\u308a\u307e\u3059\u304c\u3001\u5916\u90e8\u30ea\u30f3\u30af\u306e\u5185\u5bb9\u306b\u3064\u3044\u3066\u306f\u4e00\u5207\u306e\u8cac\u4efb\u3092\u8ca0\u3044\u307e\u305b\u3093\u3002\u30ea\u30f3\u30af\u5148\u306e\u5185\u5bb9\u306b\u95a2\u3059\u308b\u8cac\u4efb\u306f\u3001\u30ea\u30f3\u30af\u5148\u30da\u30fc\u30b8\u306e\u904b\u55b6\u8005\u304c\u8ca0\u3046\u3082\u306e\u3068\u3057\u307e\u3059\u3002\u8cac\u4efb\u4ee3\u7406\u5e97 STUDIOHORN - \u30c7\u30b6\u30a4\u30f3\u3001\u30d7\u30ed\u30b0\u30e9\u30df\u30f3\u30b0\u3001\u30c6\u30af\u30cb\u30ab\u30eb\u30b5\u30dd\u30fc\u30c8<\/p>","protected":false},"author":1,"featured_media":0,"parent":0,"menu_order":0,"comment_status":"closed","ping_status":"closed","template":"","meta":{"inline_featured_image":false,"advgb_blocks_editor_width":"","advgb_blocks_columns_visual_guide":"","footnotes":""},"class_list":["post-22","page","type-page","status-publish","hentry"],"yoast_head":"<!-- This site is optimized with the Yoast SEO plugin v27.2 - https:\/\/yoast.com\/product\/yoast-seo-wordpress\/ -->\n<title>Impressum -<\/title>\n<meta name=\"robots\" content=\"noindex, follow\" \/>\n<meta property=\"og:locale\" content=\"ja_JP\" \/>\n<meta property=\"og:type\" content=\"article\" \/>\n<meta property=\"og:title\" content=\"Impressum -\" \/>\n<meta property=\"og:description\" content=\"Impressum Eigent\u00fcmerin und verantwortlich f\u00fcr den Inhalt dieser Webseite:&nbsp;go-tec GmbH&nbsp; go-tec GmbH&nbsp;Wilhelm-Schickard-Stra\u00dfe 12&nbsp;48149 M\u00fcnster&nbsp;Germany Tel.: +49 251 987240&nbsp;Fax: +49 251 9872422&nbsp;www.go-tec.de&nbsp; info@go-tec.de&nbsp; Gesch\u00e4ftsf\u00fchrer Jens MajewskiWolfgang Domenghino&nbsp;Henning Schnittger Registergericht: Amtsgericht M\u00fcnster&nbsp;Registernummer: HRB 6016&nbsp;&nbsp; Umsatzsteuer-Identifikationsnummer gem\u00e4\u00df \u00a7 27 a Umsatzsteuergesetz: DE 813 142 085&nbsp; Haftungshinweis:Trotz sorgf\u00e4ltiger inhaltlicher Kontrolle, \u00fcbernehmen wir keine Haftung f\u00fcr die Inhalte externer Links. F\u00fcr den Inhalt der verlinkten Seiten sind ausschlie\u00dflich deren Betreiber verantwortlich. Betreuende Agentur STUDIOHORN\u00a0\u2013 Design, Programmierung und technischer Support\" \/>\n<meta property=\"og:url\" content=\"https:\/\/go-tec.de\/ja\/impressum\/\" \/>\n<meta property=\"article:modified_time\" content=\"2023-06-15T19:45:04+00:00\" \/>\n<meta property=\"og:image\" content=\"https:\/\/cms.gebiom.group\/go-tec\/wp-content\/uploads\/sites\/2\/2022\/09\/go-tec-header.jpg\" \/>\n<meta name=\"twitter:card\" content=\"summary_large_image\" \/>\n<meta name=\"twitter:label1\" content=\"\u63a8\u5b9a\u8aad\u307f\u53d6\u308a\u6642\u9593\" \/>\n\t<meta name=\"twitter:data1\" content=\"1\u5206\" \/>\n<script type=\"application\/ld+json\" class=\"yoast-schema-graph\">{\"@context\":\"https:\/\/schema.org\",\"@graph\":[{\"@type\":\"WebPage\",\"@id\":\"https:\/\/go-tec.de\/impressum\/\",\"url\":\"https:\/\/go-tec.de\/impressum\/\",\"name\":\"Impressum -\",\"isPartOf\":{\"@id\":\"https:\/\/go-tec.de\/en\/#website\"},\"primaryImageOfPage\":{\"@id\":\"https:\/\/go-tec.de\/impressum\/#primaryimage\"},\"image\":{\"@id\":\"https:\/\/go-tec.de\/impressum\/#primaryimage\"},\"thumbnailUrl\":\"https:\/\/cms.gebiom.group\/go-tec\/wp-content\/uploads\/sites\/2\/2022\/09\/go-tec-header.jpg\",\"datePublished\":\"2022-09-13T10:19:03+00:00\",\"dateModified\":\"2023-06-15T19:45:04+00:00\",\"breadcrumb\":{\"@id\":\"https:\/\/go-tec.de\/impressum\/#breadcrumb\"},\"inLanguage\":\"ja\",\"potentialAction\":[{\"@type\":\"ReadAction\",\"target\":[\"https:\/\/go-tec.de\/impressum\/\"]}]},{\"@type\":\"ImageObject\",\"inLanguage\":\"ja\",\"@id\":\"https:\/\/go-tec.de\/impressum\/#primaryimage\",\"url\":\"https:\/\/cms.gebiom.group\/go-tec\/wp-content\/uploads\/sites\/2\/2022\/09\/go-tec-header.jpg\",\"contentUrl\":\"https:\/\/cms.gebiom.group\/go-tec\/wp-content\/uploads\/sites\/2\/2022\/09\/go-tec-header.jpg\"},{\"@type\":\"BreadcrumbList\",\"@id\":\"https:\/\/go-tec.de\/impressum\/#breadcrumb\",\"itemListElement\":[{\"@type\":\"ListItem\",\"position\":1,\"name\":\"Startseite\",\"item\":\"https:\/\/go-tec.de\/\"},{\"@type\":\"ListItem\",\"position\":2,\"name\":\"Impressum\"}]},{\"@type\":\"WebSite\",\"@id\":\"https:\/\/go-tec.de\/en\/#website\",\"url\":\"https:\/\/go-tec.de\/en\/\",\"name\":\"\",\"description\":\"\",\"potentialAction\":[{\"@type\":\"SearchAction\",\"target\":{\"@type\":\"EntryPoint\",\"urlTemplate\":\"https:\/\/go-tec.de\/en\/?s={search_term_string}\"},\"query-input\":{\"@type\":\"PropertyValueSpecification\",\"valueRequired\":true,\"valueName\":\"search_term_string\"}}],\"inLanguage\":\"ja\"}]}<\/script>\n<!-- \/ Yoast SEO plugin. -->","yoast_head_json":{"title":"\u30a4\u30f3\u30d7\u30ea\u30f3\u30c8","robots":{"index":"noindex","follow":"follow"},"og_locale":"ja_JP","og_type":"article","og_title":"Impressum -","og_description":"Impressum Eigent\u00fcmerin und verantwortlich f\u00fcr den Inhalt dieser Webseite:&nbsp;go-tec GmbH&nbsp; go-tec GmbH&nbsp;Wilhelm-Schickard-Stra\u00dfe 12&nbsp;48149 M\u00fcnster&nbsp;Germany Tel.: +49 251 987240&nbsp;Fax: +49 251 9872422&nbsp;www.go-tec.de&nbsp; info@go-tec.de&nbsp; Gesch\u00e4ftsf\u00fchrer Jens MajewskiWolfgang Domenghino&nbsp;Henning Schnittger Registergericht: Amtsgericht M\u00fcnster&nbsp;Registernummer: HRB 6016&nbsp;&nbsp; Umsatzsteuer-Identifikationsnummer gem\u00e4\u00df \u00a7 27 a Umsatzsteuergesetz: DE 813 142 085&nbsp; Haftungshinweis:Trotz sorgf\u00e4ltiger inhaltlicher Kontrolle, \u00fcbernehmen wir keine Haftung f\u00fcr die Inhalte externer Links. F\u00fcr den Inhalt der verlinkten Seiten sind ausschlie\u00dflich deren Betreiber verantwortlich. Betreuende Agentur STUDIOHORN\u00a0\u2013 Design, Programmierung und technischer Support","og_url":"https:\/\/go-tec.de\/ja\/impressum\/","article_modified_time":"2023-06-15T19:45:04+00:00","og_image":[{"url":"https:\/\/cms.gebiom.group\/go-tec\/wp-content\/uploads\/sites\/2\/2022\/09\/go-tec-header.jpg","type":"","width":"","height":""}],"twitter_card":"summary_large_image","twitter_misc":{"\u63a8\u5b9a\u8aad\u307f\u53d6\u308a\u6642\u9593":"1\u5206"},"schema":{"@context":"https:\/\/schema.org","@graph":[{"@type":"WebPage","@id":"https:\/\/go-tec.de\/impressum\/","url":"https:\/\/go-tec.de\/impressum\/","name":"\u30a4\u30f3\u30d7\u30ea\u30f3\u30c8","isPartOf":{"@id":"https:\/\/go-tec.de\/en\/#website"},"primaryImageOfPage":{"@id":"https:\/\/go-tec.de\/impressum\/#primaryimage"},"image":{"@id":"https:\/\/go-tec.de\/impressum\/#primaryimage"},"thumbnailUrl":"https:\/\/cms.gebiom.group\/go-tec\/wp-content\/uploads\/sites\/2\/2022\/09\/go-tec-header.jpg","datePublished":"2022-09-13T10:19:03+00:00","dateModified":"2023-06-15T19:45:04+00:00","breadcrumb":{"@id":"https:\/\/go-tec.de\/impressum\/#breadcrumb"},"inLanguage":"ja","potentialAction":[{"@type":"ReadAction","target":["https:\/\/go-tec.de\/impressum\/"]}]},{"@type":"ImageObject","inLanguage":"ja","@id":"https:\/\/go-tec.de\/impressum\/#primaryimage","url":"https:\/\/cms.gebiom.group\/go-tec\/wp-content\/uploads\/sites\/2\/2022\/09\/go-tec-header.jpg","contentUrl":"https:\/\/cms.gebiom.group\/go-tec\/wp-content\/uploads\/sites\/2\/2022\/09\/go-tec-header.jpg"},{"@type":"BreadcrumbList","@id":"https:\/\/go-tec.de\/impressum\/#breadcrumb","itemListElement":[{"@type":"ListItem","position":1,"name":"Startseite","item":"https:\/\/go-tec.de\/"},{"@type":"ListItem","position":2,"name":"Impressum"}]},{"@type":"WebSite","@id":"https:\/\/go-tec.de\/en\/#website","url":"https:\/\/go-tec.de\/en\/","name":"","description":"","potentialAction":[{"@type":"SearchAction","target":{"@type":"EntryPoint","urlTemplate":"https:\/\/go-tec.de\/en\/?s={search_term_string}"},"query-input":{"@type":"PropertyValueSpecification","valueRequired":true,"valueName":"search_term_string"}}],"inLanguage":"ja"}]}},"coauthors":[],"author_meta":{"author_link":"https:\/\/go-tec.de\/ja\/author\/mhorn\/","display_name":"MHorn"},"relative_dates":{"created":"Posted 4\u5e74 ago","modified":"Updated 3\u5e74 ago"},"absolute_dates":{"created":"Posted on 13. 9\u6708 2022","modified":"Updated on 15. 6\u6708 2023"},"absolute_dates_time":{"created":"Posted on 13. 9\u6708 2022 12:19","modified":"Updated on 15. 6\u6708 2023 21:45"},"featured_img_caption":"","featured_img":false,"series_order":"","_links":{"self":[{"href":"https:\/\/go-tec.de\/ja\/wp-json\/wp\/v2\/pages\/22","targetHints":{"allow":["GET"]}}],"collection":[{"href":"https:\/\/go-tec.de\/ja\/wp-json\/wp\/v2\/pages"}],"about":[{"href":"https:\/\/go-tec.de\/ja\/wp-json\/wp\/v2\/types\/page"}],"author":[{"embeddable":true,"href":"https:\/\/go-tec.de\/ja\/wp-json\/wp\/v2\/users\/1"}],"replies":[{"embeddable":true,"href":"https:\/\/go-tec.de\/ja\/wp-json\/wp\/v2\/comments?post=22"}],"version-history":[{"count":7,"href":"https:\/\/go-tec.de\/ja\/wp-json\/wp\/v2\/pages\/22\/revisions"}],"predecessor-version":[{"id":485,"href":"https:\/\/go-tec.de\/ja\/wp-json\/wp\/v2\/pages\/22\/revisions\/485"}],"wp:attachment":[{"href":"https:\/\/go-tec.de\/ja\/wp-json\/wp\/v2\/media?parent=22"}],"curies":[{"name":"wp","href":"https:\/\/api.w.org\/{rel}","templated":true}]}}