{"id":16,"date":"2022-09-13T12:17:53","date_gmt":"2022-09-13T10:17:53","guid":{"rendered":"https:\/\/cms.gebiom.group\/go-tec\/?page_id=16"},"modified":"2023-06-22T16:09:07","modified_gmt":"2023-06-22T14:09:07","slug":"hightech-versorgung","status":"publish","type":"page","link":"https:\/\/go-tec.de\/ja\/hightech-versorgung\/","title":{"rendered":"\u30cf\u30a4\u30c6\u30af\u4f9b\u7d66"},"content":{"rendered":"<div class=\"wp-block-cover is-light\" style=\"min-height:100vh;aspect-ratio:unset;\"><span aria-hidden=\"true\" class=\"wp-block-cover__background has-background-dim-30 has-background-dim\"><\/span><video class=\"wp-block-cover__video-background intrinsic-ignore\" autoplay muted loop playsinline src=\"https:\/\/cms.gebiom.group\/go-tec\/wp-content\/uploads\/sites\/2\/2022\/09\/Hightech.mp4\" data-object-fit=\"cover\"><\/video><div class=\"wp-block-cover__inner-container is-layout-flow wp-block-cover-is-layout-flow\">\n<div class=\"wp-block-group is-layout-flow wp-block-group-is-layout-flow\">\n<h2 class=\"wp-block-heading has-text-align-center px-3 px-md-4 px-lg-5 animated fadeInUp has-white-color has-text-color advgb-dyn-e5fe6c6d\">\u6700\u9069\u306a\u30b1\u30a2\u306e\u305f\u3081\u306e\u30cf\u30a4\u30c6\u30af<\/h2>\n<\/div>\n<\/div><\/div>\n\n\n\n<div class=\"wp-block-group mt-0 is-layout-flow wp-block-group-is-layout-flow advgb-dyn-f3c782a3\">\n<div class=\"wp-block-columns mt-0 gap-0 is-layout-flex wp-container-core-columns-is-layout-28f84493 wp-block-columns-is-layout-flex\">\n<div class=\"wp-block-column d-flex align-items-center has-blue-background-color has-background is-layout-flow wp-block-column-is-layout-flow\">\n<div class=\"wp-block-group py-5 px-3 px-md-4 px-lg-5 has-white-color has-text-color is-layout-constrained wp-container-core-group-is-layout-aae52aff wp-block-group-is-layout-constrained advgb-dyn-c253cca3\">\n<h2 class=\"wp-block-heading animated fadeInUp advgb-dyn-81590abe\">\u6700\u9069\u306a\u30b1\u30a2\u306e\u305f\u3081\u306e\u30cf\u30a4\u30c6\u30af<\/h2>\n\n\n\n<p class=\"animated fadeInUp\">3D\u30d7\u30ea\u30f3\u30c6\u30a3\u30f3\u30b0\u306f\u3001\u6574\u5f62\u5916\u79d1\u696d\u754c\u306b\u304a\u3044\u3066\u3082\u672a\u6765\u306e\u6280\u8853\u3067\u3059\uff01\u5f53\u793e\u306e\u304a\u5ba2\u69d8\u3067\u3042\u308c\u3070\u3001\u4eca\u65e5\u3059\u3067\u306b3D\u30d7\u30ea\u30f3\u30c6\u30a3\u30f3\u30b0\u306e\u5229\u70b9\u3092\u4eab\u53d7\u3059\u308b\u3053\u3068\u304c\u3067\u304d\u307e\u3059\u3002\u30a4\u30f3\u30bd\u30fc\u30eb <strong>CUBIX\u88fd<\/strong> \u30a4\u30f3\u30bd\u30fc\u30eb\u306e\u88fd\u9020\u306b\u6301\u7d9a\u53ef\u80fd\u6027\u3092\u3082\u305f\u3089\u3059\u3053\u3068\u3092\u610f\u5473\u3059\u308b\u3002 <\/p>\n\n\n\n<p class=\"animated fadeInUp\">\u30e9\u30b9\u30c8\u3084\u8a66\u3057\u5c65\u304d\u3092\u81ea\u793e\u3067\u751f\u7523\u3059\u308b\u3053\u3068\u3067\u3001\u81ea\u793e\u306b\u4ed8\u52a0\u4fa1\u5024\u3092\u3082\u305f\u3089\u3057\u3001\u9867\u5ba2\u306b\u77ed\u7d0d\u671f\u3067\u63d0\u4f9b\u3059\u308b\u9769\u65b0\u7684\u306a\u30b5\u30fc\u30d3\u30b9\u30fb\u30d7\u30ed\u30d0\u30a4\u30c0\u30fc\u3068\u3057\u3066\u306e\u5730\u4f4d\u3092\u78ba\u7acb\u3059\u308b\u3053\u3068\u304c\u3067\u304d\u308b\u3002<\/p>\n<\/div>\n<\/div>\n\n\n\n<div class=\"wp-block-column is-layout-flow wp-block-column-is-layout-flow\">\n<div class=\"wp-block-cover\" style=\"min-height:640px;aspect-ratio:unset;\"><span aria-hidden=\"true\" class=\"wp-block-cover__background has-background-dim-0 has-background-dim\"><\/span><img loading=\"lazy\" decoding=\"async\" width=\"1675\" height=\"1675\" class=\"wp-block-cover__image-background wp-image-555\" alt=\"\" src=\"https:\/\/go-tec.de\/wp-content\/uploads\/sites\/2\/2023\/06\/MicrosoftTeams-image-64.png\" data-object-fit=\"cover\" srcset=\"https:\/\/go-tec.de\/wp-content\/uploads\/sites\/2\/2023\/06\/MicrosoftTeams-image-64.png 1675w, https:\/\/go-tec.de\/wp-content\/uploads\/sites\/2\/2023\/06\/MicrosoftTeams-image-64-300x300.png 300w, https:\/\/go-tec.de\/wp-content\/uploads\/sites\/2\/2023\/06\/MicrosoftTeams-image-64-1024x1024.png 1024w, https:\/\/go-tec.de\/wp-content\/uploads\/sites\/2\/2023\/06\/MicrosoftTeams-image-64-150x150.png 150w, https:\/\/go-tec.de\/wp-content\/uploads\/sites\/2\/2023\/06\/MicrosoftTeams-image-64-768x768.png 768w, https:\/\/go-tec.de\/wp-content\/uploads\/sites\/2\/2023\/06\/MicrosoftTeams-image-64-1536x1536.png 1536w\" sizes=\"auto, (max-width: 1675px) 100vw, 1675px\" \/><div class=\"wp-block-cover__inner-container is-layout-flow wp-block-cover-is-layout-flow\">\n<p class=\"has-text-align-center\"><\/p>\n<\/div><\/div>\n<\/div>\n<\/div>\n\n\n\n<div class=\"wp-block-group py-5 px-3 px-md-4 px-lg-5 is-layout-flow wp-block-group-is-layout-flow\">\n<div class=\"wp-block-group is-layout-constrained wp-container-core-group-is-layout-703bee88 wp-block-group-is-layout-constrained advgb-dyn-6bbbaf52\">\n<h2 class=\"wp-block-heading has-text-align-center animated fadeInUp advgb-dyn-1203c71a\" style=\"text-transform:uppercase\">\u30de\u30c3\u30c1\u30f3\u30b0<\/h2>\n\n\n\n<p class=\"has-text-align-center animated fadeInUp has-blue-color has-text-color\"><a href=\"https:\/\/cms.gebiom.group\/go-tec\/go-tec-system\/\" data-type=\"page\" data-id=\"12\">\u3059\u3079\u3066\u306e\u88fd\u54c1\u3092\u8868\u793a...<\/a><\/p>\n\n\n\n<div class=\"wp-block-columns my-4 is-layout-flex wp-container-core-columns-is-layout-28f84493 wp-block-columns-is-layout-flex\">\n<div class=\"wp-block-column animated fadeInUp is-layout-flow wp-block-column-is-layout-flow\">\n<div class=\"wp-block-group is-layout-flow wp-block-group-is-layout-flow advgb-dyn-ac567526\">\n<figure class=\"wp-block-image aligncenter size-large\"><a href=\"https:\/\/go-tec.de\/ja\/go-tec-system\/gp-lp-333\/\"><img loading=\"lazy\" decoding=\"async\" width=\"1024\" height=\"1024\" src=\"https:\/\/go-tec.de\/wp-content\/uploads\/sites\/2\/2023\/06\/MicrosoftTeams-image-64-1024x1024.png\" alt=\"\" class=\"wp-image-555\" srcset=\"https:\/\/go-tec.de\/wp-content\/uploads\/sites\/2\/2023\/06\/MicrosoftTeams-image-64-1024x1024.png 1024w, https:\/\/go-tec.de\/wp-content\/uploads\/sites\/2\/2023\/06\/MicrosoftTeams-image-64-300x300.png 300w, https:\/\/go-tec.de\/wp-content\/uploads\/sites\/2\/2023\/06\/MicrosoftTeams-image-64-150x150.png 150w, https:\/\/go-tec.de\/wp-content\/uploads\/sites\/2\/2023\/06\/MicrosoftTeams-image-64-768x768.png 768w, https:\/\/go-tec.de\/wp-content\/uploads\/sites\/2\/2023\/06\/MicrosoftTeams-image-64-1536x1536.png 1536w, https:\/\/go-tec.de\/wp-content\/uploads\/sites\/2\/2023\/06\/MicrosoftTeams-image-64.png 1675w\" sizes=\"auto, (max-width: 1024px) 100vw, 1024px\" \/><\/a><\/figure>\n\n\n\n<p class=\"has-text-align-center\"><a href=\"https:\/\/go-tec.de\/ja\/go-tec-system\/gp-lp-333\/\" class=\"ek-link\">GT\u30b8\u30a7\u30a4\u30af<\/a><\/p>\n<\/div>\n<\/div>\n\n\n\n<div class=\"wp-block-column animated fadeInUp delay-100ms is-layout-flow wp-block-column-is-layout-flow\">\n<div class=\"wp-block-group is-layout-flow wp-block-group-is-layout-flow advgb-dyn-ac567526\">\n<figure class=\"wp-block-image aligncenter size-large\"><a href=\"https:\/\/www.cubix.rocks\/\"><img loading=\"lazy\" decoding=\"async\" width=\"1024\" height=\"946\" src=\"https:\/\/go-tec.de\/wp-content\/uploads\/sites\/2\/2023\/06\/MicrosoftTeams-image-81-1024x946.jpg\" alt=\"Mike V2\" class=\"wp-image-573\" srcset=\"https:\/\/go-tec.de\/wp-content\/uploads\/sites\/2\/2023\/06\/MicrosoftTeams-image-81-1024x946.jpg 1024w, https:\/\/go-tec.de\/wp-content\/uploads\/sites\/2\/2023\/06\/MicrosoftTeams-image-81-300x277.jpg 300w, https:\/\/go-tec.de\/wp-content\/uploads\/sites\/2\/2023\/06\/MicrosoftTeams-image-81-768x709.jpg 768w, https:\/\/go-tec.de\/wp-content\/uploads\/sites\/2\/2023\/06\/MicrosoftTeams-image-81-1536x1419.jpg 1536w, https:\/\/go-tec.de\/wp-content\/uploads\/sites\/2\/2023\/06\/MicrosoftTeams-image-81-2048x1892.jpg 2048w\" sizes=\"auto, (max-width: 1024px) 100vw, 1024px\" \/><\/a><\/figure>\n\n\n\n<p class=\"has-text-align-center\"><a href=\"https:\/\/www.cubix.rocks\/\" class=\"ek-link\">CUBIX\u30a4\u30f3\u30ec\u30a4\u5370\u5237<\/a><\/p>\n<\/div>\n<\/div>\n\n\n\n<div class=\"wp-block-column animated fadeInUp delay-200ms is-layout-flow wp-block-column-is-layout-flow\">\n<div class=\"wp-block-group is-layout-flow wp-block-group-is-layout-flow advgb-dyn-ac567526\">\n<figure class=\"wp-block-image aligncenter size-full\"><a href=\"https:\/\/cms.gebiom.group\/go-tec\/go-tec-system\/gp-insole-cad\/\"><img loading=\"lazy\" decoding=\"async\" width=\"250\" height=\"250\" src=\"https:\/\/cms.gebiom.group\/go-tec\/wp-content\/uploads\/sites\/2\/2022\/09\/h2_k3.jpg\" alt=\"\" class=\"wp-image-182\" srcset=\"https:\/\/go-tec.de\/wp-content\/uploads\/sites\/2\/2022\/09\/h2_k3.jpg 250w, https:\/\/go-tec.de\/wp-content\/uploads\/sites\/2\/2022\/09\/h2_k3-150x150.jpg 150w\" sizes=\"auto, (max-width: 250px) 100vw, 250px\" \/><\/a><\/figure>\n\n\n\n<p class=\"has-text-align-center\"><a href=\"https:\/\/cms.gebiom.group\/go-tec\/go-tec-system\/gp-insole-cad\/\" class=\"ek-link\">GP\u30a4\u30f3\u30bd\u30fc\u30ebCAD<\/a><\/p>\n<\/div>\n<\/div>\n\n\n\n<div class=\"wp-block-column animated fadeInUp delay-300ms is-layout-flow wp-block-column-is-layout-flow\">\n<div class=\"wp-block-group is-layout-flow wp-block-group-is-layout-flow advgb-dyn-ac567526\">\n<figure class=\"wp-block-image aligncenter size-full\"><a href=\"https:\/\/cms.gebiom.group\/go-tec\/go-tec-system\/gp-opticad\/\"><img loading=\"lazy\" decoding=\"async\" width=\"250\" height=\"250\" src=\"https:\/\/cms.gebiom.group\/go-tec\/wp-content\/uploads\/sites\/2\/2022\/09\/h2_k4.jpg\" alt=\"\" class=\"wp-image-183\" srcset=\"https:\/\/go-tec.de\/wp-content\/uploads\/sites\/2\/2022\/09\/h2_k4.jpg 250w, https:\/\/go-tec.de\/wp-content\/uploads\/sites\/2\/2022\/09\/h2_k4-150x150.jpg 150w\" sizes=\"auto, (max-width: 250px) 100vw, 250px\" \/><\/a><\/figure>\n\n\n\n<p class=\"has-text-align-center\"><a href=\"https:\/\/cms.gebiom.group\/go-tec\/go-tec-system\/gp-opticad\/\" class=\"ek-link\">GP\u30aa\u30d7\u30c6\u30a3\u30ad\u30e3\u30c9<\/a><\/p>\n<\/div>\n<\/div>\n<\/div>\n<\/div>\n<\/div>\n<\/div>\n\n\n\n<div class=\"wp-block-group is-layout-flow wp-block-group-is-layout-flow\">\n<div class=\"wp-block-columns mt-0 gap-0 is-layout-flex wp-container-core-columns-is-layout-28f84493 wp-block-columns-is-layout-flex\">\n<div class=\"wp-block-column is-layout-flow wp-block-column-is-layout-flow\">\n<div class=\"wp-block-cover is-light\" style=\"min-height:640px;aspect-ratio:unset;\"><span aria-hidden=\"true\" class=\"wp-block-cover__background has-background-dim-0 has-background-dim\"><\/span><img loading=\"lazy\" decoding=\"async\" width=\"2000\" height=\"1333\" class=\"wp-block-cover__image-background wp-image-187\" alt=\"\" src=\"https:\/\/cms.gebiom.group\/go-tec\/wp-content\/uploads\/sites\/2\/2022\/09\/GP_M304_1.jpg\" data-object-fit=\"cover\" srcset=\"https:\/\/go-tec.de\/wp-content\/uploads\/sites\/2\/2022\/09\/GP_M304_1.jpg 2000w, https:\/\/go-tec.de\/wp-content\/uploads\/sites\/2\/2022\/09\/GP_M304_1-300x200.jpg 300w, https:\/\/go-tec.de\/wp-content\/uploads\/sites\/2\/2022\/09\/GP_M304_1-1024x682.jpg 1024w, https:\/\/go-tec.de\/wp-content\/uploads\/sites\/2\/2022\/09\/GP_M304_1-768x512.jpg 768w, https:\/\/go-tec.de\/wp-content\/uploads\/sites\/2\/2022\/09\/GP_M304_1-1536x1024.jpg 1536w\" sizes=\"auto, (max-width: 2000px) 100vw, 2000px\" \/><div class=\"wp-block-cover__inner-container is-layout-flow wp-block-cover-is-layout-flow\">\n<p class=\"has-text-align-center\"><\/p>\n<\/div><\/div>\n<\/div>\n\n\n\n<div class=\"wp-block-column d-flex align-items-center has-blue-background-color has-background is-layout-flow wp-block-column-is-layout-flow\">\n<div class=\"wp-block-group py-5 px-3 px-md-4 px-lg-5 has-white-color has-text-color is-layout-constrained wp-container-core-group-is-layout-aae52aff wp-block-group-is-layout-constrained advgb-dyn-570ac0f0\">\n<h2 class=\"wp-block-heading animated fadeInUp advgb-dyn-f5b881c7\">\u304a\u5ba2\u69d8\u306e\u3054\u8981\u671b\u306b\u5408\u3063\u305f\u30c4\u30fc\u30eb\u3092\u63d0\u4f9b\u3057\u307e\u3059\uff01<\/h2>\n\n\n\n<p class=\"animated fadeInUp\">\u5f53\u793e\u306eCNC\u30d5\u30e9\u30a4\u30b9\u76e4\u306f\u751f\u7523\u901f\u5ea6\u304c\u901f\u3044\u305f\u3081\u3001\u77ed\u6642\u9593\u3067\u6700\u9ad8\u306e\u30aa\u30fc\u30c0\u30fc\u30e1\u30a4\u30c9\u30b1\u30a2\u3092\u304a\u5ba2\u69d8\u306b\u63d0\u4f9b\u3059\u308b\u3053\u3068\u304c\u3067\u304d\u307e\u3059\u3002\u9774\u306e\u5185\u5727\u6e2c\u5b9a\u304b\u30893D\u30ec\u30fc\u30b6\u30fc\u30b9\u30ad\u30e3\u30ca\u30fc\u307e\u3067\u3001\u79c1\u305f\u3061\u306f\u9577\u5e74\u306e\u30d1\u30fc\u30c8\u30ca\u30fc\u3068\u3068\u3082\u306b\u3001\u6700\u9069\u306a\u30b1\u30a2\u306b\u5fc5\u8981\u306a\u9769\u65b0\u7684\u88fd\u54c1\u3092\u958b\u767a\u3001\u30c6\u30b9\u30c8\u3001\u88fd\u9020\u3057\u3066\u3044\u307e\u3059\u3002<\/p>\n<\/div>\n<\/div>\n<\/div>\n\n\n\n<div class=\"wp-block-group py-5 px-3 px-md-4 px-lg-5 is-layout-flow wp-block-group-is-layout-flow\">\n<div class=\"wp-block-group is-layout-constrained wp-block-group-is-layout-constrained advgb-dyn-6bbbaf52\">\n<h2 class=\"wp-block-heading has-text-align-center animated fadeInUp advgb-dyn-1203c71a\" style=\"text-transform:uppercase\">\u30de\u30c3\u30c1\u30f3\u30b0<\/h2>\n\n\n\n<p class=\"has-text-align-center animated fadeInUp has-blue-color has-text-color\"><a href=\"https:\/\/cms.gebiom.group\/go-tec\/go-tec-system\/\" data-type=\"page\" data-id=\"12\">\u3059\u3079\u3066\u306e\u88fd\u54c1\u3092\u8868\u793a...<\/a><\/p>\n\n\n\n<div class=\"wp-block-columns my-4 is-layout-flex wp-container-core-columns-is-layout-28f84493 wp-block-columns-is-layout-flex\">\n<div class=\"wp-block-column animated fadeInUp is-layout-flow wp-block-column-is-layout-flow\">\n<div class=\"wp-block-group is-layout-flow wp-block-group-is-layout-flow advgb-dyn-ac567526\">\n<figure class=\"wp-block-image aligncenter size-full\"><img loading=\"lazy\" decoding=\"async\" width=\"250\" height=\"250\" src=\"https:\/\/cms.gebiom.group\/go-tec\/wp-content\/uploads\/sites\/2\/2022\/09\/h2_k5.jpg\" alt=\"\" class=\"wp-image-188\" srcset=\"https:\/\/go-tec.de\/wp-content\/uploads\/sites\/2\/2022\/09\/h2_k5.jpg 250w, https:\/\/go-tec.de\/wp-content\/uploads\/sites\/2\/2022\/09\/h2_k5-150x150.jpg 150w\" sizes=\"auto, (max-width: 250px) 100vw, 250px\" \/><\/figure>\n\n\n\n<p class=\"has-text-align-center\">GP M253<\/p>\n<\/div>\n<\/div>\n\n\n\n<div class=\"wp-block-column animated fadeInUp delay-100ms is-layout-flow wp-block-column-is-layout-flow\">\n<div class=\"wp-block-group is-layout-flow wp-block-group-is-layout-flow advgb-dyn-ac567526\">\n<figure class=\"wp-block-image aligncenter size-full\"><img loading=\"lazy\" decoding=\"async\" width=\"250\" height=\"250\" src=\"https:\/\/cms.gebiom.group\/go-tec\/wp-content\/uploads\/sites\/2\/2022\/09\/h2_k6.jpg\" alt=\"\" class=\"wp-image-189\" srcset=\"https:\/\/go-tec.de\/wp-content\/uploads\/sites\/2\/2022\/09\/h2_k6.jpg 250w, https:\/\/go-tec.de\/wp-content\/uploads\/sites\/2\/2022\/09\/h2_k6-150x150.jpg 150w\" sizes=\"auto, (max-width: 250px) 100vw, 250px\" \/><\/figure>\n\n\n\n<p class=\"has-text-align-center\">GP M320<\/p>\n<\/div>\n<\/div>\n\n\n\n<div class=\"wp-block-column animated fadeInUp delay-200ms is-layout-flow wp-block-column-is-layout-flow\">\n<div class=\"wp-block-group is-layout-flow wp-block-group-is-layout-flow advgb-dyn-ac567526\">\n<figure class=\"wp-block-image aligncenter size-full\"><img loading=\"lazy\" decoding=\"async\" width=\"250\" height=\"250\" src=\"https:\/\/cms.gebiom.group\/go-tec\/wp-content\/uploads\/sites\/2\/2022\/09\/h2_k7.jpg\" alt=\"\" class=\"wp-image-190\" srcset=\"https:\/\/go-tec.de\/wp-content\/uploads\/sites\/2\/2022\/09\/h2_k7.jpg 250w, https:\/\/go-tec.de\/wp-content\/uploads\/sites\/2\/2022\/09\/h2_k7-150x150.jpg 150w\" sizes=\"auto, (max-width: 250px) 100vw, 250px\" \/><\/figure>\n\n\n\n<p class=\"has-text-align-center\">GP M451<\/p>\n<\/div>\n<\/div>\n\n\n\n<div class=\"wp-block-column animated fadeInUp delay-300ms is-layout-flow wp-block-column-is-layout-flow\">\n<div class=\"wp-block-group is-layout-flow wp-block-group-is-layout-flow advgb-dyn-ac567526\">\n<figure class=\"wp-block-image aligncenter size-full\"><img loading=\"lazy\" decoding=\"async\" width=\"250\" height=\"250\" src=\"https:\/\/cms.gebiom.group\/go-tec\/wp-content\/uploads\/sites\/2\/2022\/09\/h2_k8.jpg\" alt=\"\" class=\"wp-image-191\" srcset=\"https:\/\/go-tec.de\/wp-content\/uploads\/sites\/2\/2022\/09\/h2_k8.jpg 250w, https:\/\/go-tec.de\/wp-content\/uploads\/sites\/2\/2022\/09\/h2_k8-150x150.jpg 150w\" sizes=\"auto, (max-width: 250px) 100vw, 250px\" \/><\/figure>\n\n\n\n<p class=\"has-text-align-center\">GP M401\/401xxl<\/p>\n<\/div>\n<\/div>\n<\/div>\n<\/div>\n<\/div>\n<\/div>\n\n\n\n<div class=\"wp-block-group px-3 px-md-4 px-lg-5 contact-section has-white-color has-blue-background-color has-text-color has-background is-layout-constrained wp-container-core-group-is-layout-6e20cf48 wp-block-group-is-layout-constrained advgb-dyn-2eccdb19\">\n<div class=\"wp-block-columns py-5 is-layout-flex wp-container-core-columns-is-layout-28f84493 wp-block-columns-is-layout-flex\">\n<div class=\"wp-block-column animated fadeInLeft is-layout-flow wp-block-column-is-layout-flow\" style=\"flex-basis:66.66%\">\n<h3 class=\"wp-block-heading advgb-dyn-b31c1e16\">\u500b\u4eba\u7684\u306b\u30a2\u30c9\u30d0\u30a4\u30b9\u3055\u305b\u3066\u3044\u305f\u3060\u3051\u308c\u3070\u5e78\u3044\u3067\u3059\uff01<\/h3>\n\n\n\n<p>\u3067\u304d\u308b\u3060\u3051\u65e9\u304f\u6298\u308a\u8fd4\u3057\u3054\u9023\u7d61\u3044\u305f\u3057\u307e\u3059\uff01 <\/p>\n<\/div>\n\n\n\n<div class=\"wp-block-column is-vertically-aligned-center animated fadeInRight is-layout-flow wp-block-column-is-layout-flow\" style=\"flex-basis:33.33%\">\n<div class=\"wp-block-buttons animated fadeInUp mb-5 is-content-justification-center is-layout-flex wp-container-core-buttons-is-layout-a89b3969 wp-block-buttons-is-layout-flex\">\n<div class=\"wp-block-button is-style-fill advgb-dyn-3db009d7\"><a class=\"wp-block-button__link has-white-color has-green-background-color has-text-color has-background wp-element-button\" href=\"https:\/\/go-tec.de\/ja\/kontaktsales\/\" style=\"border-radius:5px\">\u304a\u554f\u3044\u5408\u308f\u305b<\/a><\/div>\n<\/div>\n<\/div>\n<\/div>\n<\/div>","protected":false},"excerpt":{"rendered":"<p>Hightech f\u00fcr optimale Versorgung 3D-Druck ist die Technologie der Zukunft \u2013 auch im Orthop\u00e4diehandwerk! Als unser Kunde k\u00f6nnen Sie bereits heute von den Vorteilen des 3D-Drucks profitieren. Einlagen Made by CUBIX im eigenen Unternehmen herstellen, hei\u00dft ein St\u00fcck Nachhaltigkeit in die Herstellung von Einlagen bringen. Mit der eigenen Herstellung von Leisten und Probeschuhen holen Sie ein St\u00fcck Wertsch\u00f6pfung in Ihr eigenes Unternehmen und positionieren sich gegen\u00fcber Ihren Kunden als innovativer Dienstleister mit kurzen Lieferzeiten. Passend dazu Alle Produkte anzeigen.. GT Jake CUBIX Einlagendruck GP Insole CAD GP OptiCAD Wir bieten Ihnen Tools, die zu Ihren Anforderungen passen! Unsere CNC-Fr\u00e4sen bieten Ihnen durch hohe Produktionsgeschwindigkeiten die M\u00f6glichkeit, Ihre Kunden in kurzer [&hellip;]<\/p>\n","protected":false},"author":1,"featured_media":0,"parent":0,"menu_order":0,"comment_status":"closed","ping_status":"closed","template":"","meta":{"inline_featured_image":false,"advgb_blocks_editor_width":"","advgb_blocks_columns_visual_guide":"","footnotes":""},"class_list":["post-16","page","type-page","status-publish","hentry"],"yoast_head":"<!-- This site is optimized with the Yoast SEO plugin v27.2 - https:\/\/yoast.com\/product\/yoast-seo-wordpress\/ -->\n<title>Hightech Versorgung<\/title>\n<meta name=\"description\" content=\"3D-Druck ist eine der kommenden Technologien der Zukunft \u2013 auch im Orthop\u00e4diehandwerk!\" \/>\n<meta name=\"robots\" content=\"index, follow, max-snippet:-1, max-image-preview:large, max-video-preview:-1\" \/>\n<link rel=\"canonical\" href=\"https:\/\/go-tec.de\/ja\/hightech-versorgung\/\" \/>\n<meta property=\"og:locale\" content=\"ja_JP\" \/>\n<meta property=\"og:type\" content=\"article\" \/>\n<meta property=\"og:title\" content=\"Hightech Versorgung\" \/>\n<meta property=\"og:description\" content=\"3D-Druck ist eine der kommenden Technologien der Zukunft \u2013 auch im Orthop\u00e4diehandwerk!\" \/>\n<meta property=\"og:url\" content=\"https:\/\/go-tec.de\/ja\/hightech-versorgung\/\" \/>\n<meta property=\"article:modified_time\" content=\"2023-06-22T14:09:07+00:00\" \/>\n<meta property=\"og:image\" content=\"https:\/\/go-tec.de\/wp-content\/uploads\/sites\/2\/2023\/06\/MicrosoftTeams-image-64.png\" \/>\n<meta name=\"twitter:card\" content=\"summary_large_image\" \/>\n<meta name=\"twitter:label1\" content=\"\u63a8\u5b9a\u8aad\u307f\u53d6\u308a\u6642\u9593\" \/>\n\t<meta name=\"twitter:data1\" content=\"3\u5206\" \/>\n<script type=\"application\/ld+json\" class=\"yoast-schema-graph\">{\"@context\":\"https:\/\/schema.org\",\"@graph\":[{\"@type\":\"WebPage\",\"@id\":\"https:\/\/go-tec.de\/ja\/hightech-versorgung\/\",\"url\":\"https:\/\/go-tec.de\/ja\/hightech-versorgung\/\",\"name\":\"Hightech Versorgung\",\"isPartOf\":{\"@id\":\"http:\/\/go-tec.de\/#website\"},\"primaryImageOfPage\":{\"@id\":\"https:\/\/go-tec.de\/ja\/hightech-versorgung\/#primaryimage\"},\"image\":{\"@id\":\"https:\/\/go-tec.de\/ja\/hightech-versorgung\/#primaryimage\"},\"thumbnailUrl\":\"https:\/\/go-tec.de\/wp-content\/uploads\/sites\/2\/2023\/06\/MicrosoftTeams-image-64.png\",\"datePublished\":\"2022-09-13T10:17:53+00:00\",\"dateModified\":\"2023-06-22T14:09:07+00:00\",\"description\":\"3D-Druck ist eine der kommenden Technologien der Zukunft \u2013 auch im Orthop\u00e4diehandwerk!\",\"breadcrumb\":{\"@id\":\"https:\/\/go-tec.de\/ja\/hightech-versorgung\/#breadcrumb\"},\"inLanguage\":\"ja\",\"potentialAction\":[{\"@type\":\"ReadAction\",\"target\":[\"https:\/\/go-tec.de\/ja\/hightech-versorgung\/\"]}]},{\"@type\":\"ImageObject\",\"inLanguage\":\"ja\",\"@id\":\"https:\/\/go-tec.de\/ja\/hightech-versorgung\/#primaryimage\",\"url\":\"https:\/\/go-tec.de\/wp-content\/uploads\/sites\/2\/2023\/06\/MicrosoftTeams-image-64.png\",\"contentUrl\":\"https:\/\/go-tec.de\/wp-content\/uploads\/sites\/2\/2023\/06\/MicrosoftTeams-image-64.png\"},{\"@type\":\"BreadcrumbList\",\"@id\":\"https:\/\/go-tec.de\/ja\/hightech-versorgung\/#breadcrumb\",\"itemListElement\":[{\"@type\":\"ListItem\",\"position\":1,\"name\":\"Startseite\",\"item\":\"http:\/\/go-tec.de\/\"},{\"@type\":\"ListItem\",\"position\":2,\"name\":\"Hightech Versorgung\"}]},{\"@type\":\"WebSite\",\"@id\":\"http:\/\/go-tec.de\/#website\",\"url\":\"http:\/\/go-tec.de\/\",\"name\":\"\",\"description\":\"\",\"potentialAction\":[{\"@type\":\"SearchAction\",\"target\":{\"@type\":\"EntryPoint\",\"urlTemplate\":\"http:\/\/go-tec.de\/?s={search_term_string}\"},\"query-input\":{\"@type\":\"PropertyValueSpecification\",\"valueRequired\":true,\"valueName\":\"search_term_string\"}}],\"inLanguage\":\"ja\"}]}<\/script>\n<!-- \/ Yoast SEO plugin. -->","yoast_head_json":{"title":"\u30cf\u30a4\u30c6\u30af\u4f9b\u7d66","description":"3D\u30d7\u30ea\u30f3\u30c6\u30a3\u30f3\u30b0\u306f\u3001\u6574\u5f62\u5916\u79d1\u696d\u754c\u306b\u304a\u3044\u3066\u3082\u3001\u5c06\u6765\u306e\u6280\u8853\u306e\u3072\u3068\u3064\u3067\u3042\u308b\uff01","robots":{"index":"index","follow":"follow","max-snippet":"max-snippet:-1","max-image-preview":"max-image-preview:large","max-video-preview":"max-video-preview:-1"},"canonical":"https:\/\/go-tec.de\/ja\/hightech-versorgung\/","og_locale":"ja_JP","og_type":"article","og_title":"Hightech Versorgung","og_description":"3D-Druck ist eine der kommenden Technologien der Zukunft \u2013 auch im Orthop\u00e4diehandwerk!","og_url":"https:\/\/go-tec.de\/ja\/hightech-versorgung\/","article_modified_time":"2023-06-22T14:09:07+00:00","og_image":[{"url":"https:\/\/go-tec.de\/wp-content\/uploads\/sites\/2\/2023\/06\/MicrosoftTeams-image-64.png","type":"","width":"","height":""}],"twitter_card":"summary_large_image","twitter_misc":{"\u63a8\u5b9a\u8aad\u307f\u53d6\u308a\u6642\u9593":"3\u5206"},"schema":{"@context":"https:\/\/schema.org","@graph":[{"@type":"WebPage","@id":"https:\/\/go-tec.de\/ja\/hightech-versorgung\/","url":"https:\/\/go-tec.de\/ja\/hightech-versorgung\/","name":"\u30cf\u30a4\u30c6\u30af\u4f9b\u7d66","isPartOf":{"@id":"http:\/\/go-tec.de\/#website"},"primaryImageOfPage":{"@id":"https:\/\/go-tec.de\/ja\/hightech-versorgung\/#primaryimage"},"image":{"@id":"https:\/\/go-tec.de\/ja\/hightech-versorgung\/#primaryimage"},"thumbnailUrl":"https:\/\/go-tec.de\/wp-content\/uploads\/sites\/2\/2023\/06\/MicrosoftTeams-image-64.png","datePublished":"2022-09-13T10:17:53+00:00","dateModified":"2023-06-22T14:09:07+00:00","description":"3D\u30d7\u30ea\u30f3\u30c6\u30a3\u30f3\u30b0\u306f\u3001\u6574\u5f62\u5916\u79d1\u696d\u754c\u306b\u304a\u3044\u3066\u3082\u3001\u5c06\u6765\u306e\u6280\u8853\u306e\u3072\u3068\u3064\u3067\u3042\u308b\uff01","breadcrumb":{"@id":"https:\/\/go-tec.de\/ja\/hightech-versorgung\/#breadcrumb"},"inLanguage":"ja","potentialAction":[{"@type":"ReadAction","target":["https:\/\/go-tec.de\/ja\/hightech-versorgung\/"]}]},{"@type":"ImageObject","inLanguage":"ja","@id":"https:\/\/go-tec.de\/ja\/hightech-versorgung\/#primaryimage","url":"https:\/\/go-tec.de\/wp-content\/uploads\/sites\/2\/2023\/06\/MicrosoftTeams-image-64.png","contentUrl":"https:\/\/go-tec.de\/wp-content\/uploads\/sites\/2\/2023\/06\/MicrosoftTeams-image-64.png"},{"@type":"BreadcrumbList","@id":"https:\/\/go-tec.de\/ja\/hightech-versorgung\/#breadcrumb","itemListElement":[{"@type":"ListItem","position":1,"name":"Startseite","item":"http:\/\/go-tec.de\/"},{"@type":"ListItem","position":2,"name":"Hightech Versorgung"}]},{"@type":"WebSite","@id":"http:\/\/go-tec.de\/#website","url":"http:\/\/go-tec.de\/","name":"","description":"","potentialAction":[{"@type":"SearchAction","target":{"@type":"EntryPoint","urlTemplate":"http:\/\/go-tec.de\/?s={search_term_string}"},"query-input":{"@type":"PropertyValueSpecification","valueRequired":true,"valueName":"search_term_string"}}],"inLanguage":"ja"}]}},"coauthors":[],"author_meta":{"author_link":"https:\/\/go-tec.de\/ja\/author\/mhorn\/","display_name":"MHorn"},"relative_dates":{"created":"Posted 4\u5e74 ago","modified":"Updated 3\u5e74 ago"},"absolute_dates":{"created":"Posted on 13. 9\u6708 2022","modified":"Updated on 22. 6\u6708 2023"},"absolute_dates_time":{"created":"Posted on 13. 9\u6708 2022 12:17","modified":"Updated on 22. 6\u6708 2023 16:09"},"featured_img_caption":"","featured_img":false,"series_order":"","_links":{"self":[{"href":"https:\/\/go-tec.de\/ja\/wp-json\/wp\/v2\/pages\/16","targetHints":{"allow":["GET"]}}],"collection":[{"href":"https:\/\/go-tec.de\/ja\/wp-json\/wp\/v2\/pages"}],"about":[{"href":"https:\/\/go-tec.de\/ja\/wp-json\/wp\/v2\/types\/page"}],"author":[{"embeddable":true,"href":"https:\/\/go-tec.de\/ja\/wp-json\/wp\/v2\/users\/1"}],"replies":[{"embeddable":true,"href":"https:\/\/go-tec.de\/ja\/wp-json\/wp\/v2\/comments?post=16"}],"version-history":[{"count":20,"href":"https:\/\/go-tec.de\/ja\/wp-json\/wp\/v2\/pages\/16\/revisions"}],"predecessor-version":[{"id":579,"href":"https:\/\/go-tec.de\/ja\/wp-json\/wp\/v2\/pages\/16\/revisions\/579"}],"wp:attachment":[{"href":"https:\/\/go-tec.de\/ja\/wp-json\/wp\/v2\/media?parent=16"}],"curies":[{"name":"wp","href":"https:\/\/api.w.org\/{rel}","templated":true}]}}