{"id":14,"date":"2022-09-13T12:16:14","date_gmt":"2022-09-13T10:16:14","guid":{"rendered":"https:\/\/cms.gebiom.group\/go-tec\/?page_id=14"},"modified":"2026-02-03T08:50:50","modified_gmt":"2026-02-03T07:50:50","slug":"kontakt","status":"publish","type":"page","link":"https:\/\/go-tec.de\/ja\/kontakt\/","title":{"rendered":"\u304a\u554f\u3044\u5408\u308f\u305b"},"content":{"rendered":"\n<div class=\"wp-block-cover\" style=\"min-height:70vh;aspect-ratio:unset;\"><img loading=\"lazy\" decoding=\"async\" width=\"2000\" height=\"1333\" class=\"wp-block-cover__image-background wp-image-196\" alt=\"\" src=\"https:\/\/cms.gebiom.group\/go-tec\/wp-content\/uploads\/sites\/2\/2022\/09\/Austausch.jpg\" data-object-fit=\"cover\" srcset=\"https:\/\/go-tec.de\/wp-content\/uploads\/sites\/2\/2022\/09\/Austausch.jpg 2000w, https:\/\/go-tec.de\/wp-content\/uploads\/sites\/2\/2022\/09\/Austausch-300x200.jpg 300w, https:\/\/go-tec.de\/wp-content\/uploads\/sites\/2\/2022\/09\/Austausch-1024x682.jpg 1024w, https:\/\/go-tec.de\/wp-content\/uploads\/sites\/2\/2022\/09\/Austausch-768x512.jpg 768w, https:\/\/go-tec.de\/wp-content\/uploads\/sites\/2\/2022\/09\/Austausch-1536x1024.jpg 1536w\" sizes=\"auto, (max-width: 2000px) 100vw, 2000px\" \/><span aria-hidden=\"true\" class=\"wp-block-cover__background has-blue-background-color has-background-dim-60 has-background-dim\"><\/span><div class=\"wp-block-cover__inner-container is-layout-flow wp-block-cover-is-layout-flow\">\n<div class=\"wp-block-group is-layout-flow wp-block-group-is-layout-flow\">\n<div class=\"wp-block-group px-3 px-md-4 px-lg-5 is-layout-constrained wp-container-core-group-is-layout-703bee88 wp-block-group-is-layout-constrained\">\n<h2 class=\"wp-block-heading has-text-align-left animated fadeInUp has-white-color has-text-color\">KONTAKT<\/h2>\n\n\n\n<p class=\"has-text-align-left animated fadeInUp has-white-color has-text-color\">Wir sind f\u00fcr Sie da!<\/p>\n<\/div>\n<\/div>\n<\/div><\/div>\n\n\n\n<div class=\"wp-block-group py-5 px-3 px-md-4 px-lg-5 is-layout-flow wp-block-group-is-layout-flow\">\n<div class=\"wp-block-group is-layout-constrained wp-container-core-group-is-layout-703bee88 wp-block-group-is-layout-constrained\">\n<h2 class=\"wp-block-heading animated fadeInUp\">Haben Sie Fragen oder eine Anfrage?<\/h2>\n\n\n\n<p class=\"animated fadeInUp\">Ganz gleich, ob Fragen oder Anfragen: Wir beantworten sie gerne. Selbstverst\u00e4ndlich nehmen wir uns bei jedem Thema die n\u00f6tige Zeit, um alle Fragen mit Ihnen zu kl\u00e4ren.<\/p>\n\n\n\n<div class=\"wp-block-columns py-4 has-darkgrey-color has-text-color is-layout-flex wp-container-core-columns-is-layout-28f84493 wp-block-columns-is-layout-flex\">\n<div class=\"wp-block-column is-layout-flow wp-block-column-is-layout-flow\">\n<h3 class=\"wp-block-heading animated fadeInUp\">go-tec GmbH<\/h3>\n\n\n\n<p class=\"animated fadeInUp\">go-tec GmbH&nbsp;<br>Wilhelm-Schickard-Stra\u00dfe 12<br>48149 M\u00fcnster<br>Germany<\/p>\n\n\n\n<h4 class=\"wp-block-heading animated fadeInUp\">Support<\/h4>\n\n\n\n<p class=\"animated fadeInUp has-blue-color has-text-color\"><a href=\"https:\/\/gpsupport.de\">https:\/\/gpsupport.de<\/a><\/p>\n\n\n\n<h4 class=\"wp-block-heading animated fadeInUp\">Vertrieb<\/h4>\n\n\n\n<p class=\"animated fadeInUp has-blue-color has-text-color\"><a href=\"mailto:sales@go-tec.de\" class=\"ek-link\">sales@go-tec.de<\/a><\/p>\n\n\n\n<h4 class=\"wp-block-heading animated fadeInUp\">Allgemein<\/h4>\n\n\n\n<p class=\"animated fadeInUp has-blue-color has-text-color\"><a href=\"tel:+49251987240\">0251 987 24 0<\/a><\/p>\n\n\n\n<p class=\"animated fadeInUp has-blue-color has-text-color\"><a href=\"mailto:info@go-tec.de\">info@go-tec.de<\/a><\/p>\n<\/div>\n\n\n\n<div class=\"wp-block-column is-layout-flow wp-block-column-is-layout-flow\">\n<h3 class=\"wp-block-heading animated fadeInUp\">Kontaktieren Sie uns<\/h3>\n\n\n<div class=\"wpforms-container wpforms-container-full animated fadeInUp wpforms-block wpforms-block-68c0c7f8-f202-43d1-acdd-1327000384e2\" id=\"wpforms-210\"><form id=\"wpforms-form-210\" class=\"wpforms-validate wpforms-form wpforms-ajax-form\" data-formid=\"210\" method=\"post\" enctype=\"multipart\/form-data\" action=\"\/ja\/wp-json\/wp\/v2\/pages\/14\" data-token=\"6cf52aacd9ef8ab14bcb0d3eb63cf6ac\" data-token-time=\"1776436163\"><noscript class=\"wpforms-error-noscript\">\u3053\u306e\u30d5\u30a9\u30fc\u30e0\u306b\u5165\u529b\u3059\u308b\u306b\u306f\u3001\u30d6\u30e9\u30a6\u30b6\u30fc\u3067 JavaScript \u3092\u6709\u52b9\u306b\u3057\u3066\u304f\u3060\u3055\u3044\u3002<\/noscript><div class=\"wpforms-field-container\"><div id=\"wpforms-210-field_1-container\" class=\"wpforms-field wpforms-field-name\" data-field-id=\"1\"><label class=\"wpforms-field-label\">Name <span class=\"wpforms-required-label\">*<\/span><\/label><div class=\"wpforms-field-row wpforms-field-large\"><div class=\"wpforms-field-row-block wpforms-first wpforms-one-half\"><input type=\"text\" id=\"wpforms-210-field_1\" class=\"wpforms-field-name-first wpforms-field-required\" name=\"wpforms[fields][1][first]\" required><label for=\"wpforms-210-field_1\" class=\"wpforms-field-sublabel after\">\u540d<\/label><\/div><div class=\"wpforms-field-row-block wpforms-one-half\"><input type=\"text\" id=\"wpforms-210-field_1-last\" class=\"wpforms-field-name-last wpforms-field-required\" name=\"wpforms[fields][1][last]\" required><label for=\"wpforms-210-field_1-last\" class=\"wpforms-field-sublabel after\">\u59d3<\/label><\/div><\/div><\/div><div id=\"wpforms-210-field_2-container\" class=\"wpforms-field wpforms-field-text\" data-field-id=\"2\"><label class=\"wpforms-field-label\" for=\"wpforms-210-field_2\">Unternehmen<\/label><input type=\"text\" id=\"wpforms-210-field_2\" class=\"wpforms-field-large\" name=\"wpforms[fields][2]\" ><\/div><div id=\"wpforms-210-field_3-container\" class=\"wpforms-field wpforms-field-text\" data-field-id=\"3\"><label class=\"wpforms-field-label\" for=\"wpforms-210-field_3\">Land (optional)<\/label><input type=\"text\" id=\"wpforms-210-field_3\" class=\"wpforms-field-large\" name=\"wpforms[fields][3]\" ><\/div><div id=\"wpforms-210-field_5-container\" class=\"wpforms-field wpforms-field-email\" data-field-id=\"5\"><label class=\"wpforms-field-label\" for=\"wpforms-210-field_5\">E-Mail <span class=\"wpforms-required-label\">*<\/span><\/label><input type=\"email\" id=\"wpforms-210-field_5\" class=\"wpforms-field-large wpforms-field-required\" name=\"wpforms[fields][5]\" spellcheck=\"false\" required><\/div><div id=\"wpforms-210-field_4-container\" class=\"wpforms-field wpforms-field-text\" data-field-id=\"4\"><label class=\"wpforms-field-label\" for=\"wpforms-210-field_4\">Telefon (optional)<\/label><input type=\"text\" id=\"wpforms-210-field_4\" class=\"wpforms-field-large\" name=\"wpforms[fields][4]\" ><\/div><div id=\"wpforms-210-field_9-container\" class=\"wpforms-field wpforms-field-text\" data-field-id=\"9\"><label class=\"wpforms-field-label\" for=\"wpforms-210-field_9\">Betreff <span class=\"wpforms-required-label\">*<\/span><\/label><input type=\"text\" id=\"wpforms-210-field_9\" class=\"wpforms-field-large wpforms-field-required\" name=\"wpforms[fields][9]\" required><\/div><div id=\"wpforms-210-field_6-container\" class=\"wpforms-field wpforms-field-textarea\" data-field-id=\"6\"><label class=\"wpforms-field-label\" for=\"wpforms-210-field_6\">Ihre Nachricht an uns <span class=\"wpforms-required-label\">*<\/span><\/label><textarea id=\"wpforms-210-field_6\" class=\"wpforms-field-medium wpforms-field-required\" name=\"wpforms[fields][6]\" required><\/textarea><\/div><div id=\"wpforms-210-field_7-container\" class=\"wpforms-field wpforms-field-gdpr-checkbox\" data-field-id=\"7\"><label class=\"wpforms-field-label\">DSGVO-Einverst\u00e4ndnis <span class=\"wpforms-required-label\">*<\/span><\/label><ul id=\"wpforms-210-field_7\" class=\"wpforms-field-required\"><li class=\"choice-1\"><input type=\"checkbox\" id=\"wpforms-210-field_7_1\" name=\"wpforms[fields][7][]\" value=\"Ich willige ein, dass diese Website meine \u00fcbermittelten Informationen speichert, sodass meine Anfrage beantwortet werden kann.\" required ><label class=\"wpforms-field-label-inline\" for=\"wpforms-210-field_7_1\">Ich willige ein, dass diese Website meine \u00fcbermittelten Informationen speichert, sodass meine Anfrage beantwortet werden kann.<\/label><\/li><\/ul><\/div><\/div><!-- .wpforms-field-container --><div class=\"wpforms-submit-container\" ><input type=\"hidden\" name=\"wpforms[id]\" value=\"210\"><input type=\"hidden\" name=\"page_title\" value=\"\"><input type=\"hidden\" name=\"page_url\" value=\"https:\/\/go-tec.de\/ja\/wp-json\/wp\/v2\/pages\/14\"><input type=\"hidden\" name=\"url_referer\" value=\"\"><div class=\"frc-captcha \" data-sitekey=\"FCMN5Q01PQ8QVDFP\" data-lang=\"ja\" ><\/div>\n\t\t<noscript>You need to enable Javascript for the anti-spam check.<\/noscript><button type=\"submit\" name=\"wpforms[submit]\" id=\"wpforms-submit-210\" class=\"wpforms-submit\" data-alt-text=\"Senden\u2026\" data-submit-text=\"Absenden\" aria-live=\"assertive\" value=\"wpforms-submit\">Absenden<\/button><img loading=\"lazy\" decoding=\"async\" src=\"https:\/\/go-tec.de\/wp-content\/plugins\/wpforms-lite\/assets\/images\/submit-spin.svg\" class=\"wpforms-submit-spinner\" style=\"display: none;\" width=\"26\" height=\"26\" alt=\"\u8aad\u307f\u8fbc\u307f\u4e2d\"><\/div><\/form><\/div>  <!-- .wpforms-container --><\/div>\n<\/div>\n<\/div>\n<\/div>\n\n\n\n<div class=\"wp-block-cover is-light\" style=\"min-height:650px;aspect-ratio:unset;\"><img loading=\"lazy\" decoding=\"async\" width=\"1920\" height=\"700\" class=\"wp-block-cover__image-background wp-image-217\" alt=\"\" src=\"https:\/\/cms.gebiom.group\/go-tec\/wp-content\/uploads\/sites\/2\/2022\/09\/go-tec_mapv2.jpg\" data-object-fit=\"cover\" srcset=\"https:\/\/go-tec.de\/wp-content\/uploads\/sites\/2\/2022\/09\/go-tec_mapv2.jpg 1920w, https:\/\/go-tec.de\/wp-content\/uploads\/sites\/2\/2022\/09\/go-tec_mapv2-300x109.jpg 300w, https:\/\/go-tec.de\/wp-content\/uploads\/sites\/2\/2022\/09\/go-tec_mapv2-1024x373.jpg 1024w, https:\/\/go-tec.de\/wp-content\/uploads\/sites\/2\/2022\/09\/go-tec_mapv2-768x280.jpg 768w, https:\/\/go-tec.de\/wp-content\/uploads\/sites\/2\/2022\/09\/go-tec_mapv2-1536x560.jpg 1536w\" sizes=\"auto, (max-width: 1920px) 100vw, 1920px\" \/><span aria-hidden=\"true\" class=\"wp-block-cover__background has-background-dim-0 has-background-dim\"><\/span><div class=\"wp-block-cover__inner-container is-layout-flow wp-block-cover-is-layout-flow\">\n<p class=\"has-text-align-center has-large-font-size\"><\/p>\n<\/div><\/div>\n","protected":false},"excerpt":{"rendered":"<p>\u3054\u8cea\u554f\u3084\u304a\u554f\u3044\u5408\u308f\u305b\u306f\u3054\u3056\u3044\u307e\u305b\u3093\u304b\uff1f\u3054\u8cea\u554f\u3084\u304a\u554f\u3044\u5408\u308f\u305b\u304c\u3054\u3056\u3044\u307e\u3057\u305f\u3089\u3001\u559c\u3093\u3067\u304a\u7b54\u3048\u3044\u305f\u3057\u307e\u3059\u3002\u3082\u3061\u308d\u3093\u3001\u3059\u3079\u3066\u306e\u554f\u984c\u3092\u660e\u78ba\u306b\u3059\u308b\u305f\u3081\u306b\u5fc5\u8981\u306a\u6642\u9593\u3092\u53d6\u3089\u305b\u3066\u3044\u305f\u3060\u304d\u307e\u3059\u3002 go-tec GmbH go-tec GmbH Wilhelm-Schickard-Stra\u00dfe 1248149 M\u00fcnsterGermany Support https:\/\/gpsupport.de Sales sales@go-tec.de General 0251 987 24 0 info@go-tec.de Contact us<\/p>","protected":false},"author":1,"featured_media":0,"parent":0,"menu_order":0,"comment_status":"closed","ping_status":"closed","template":"","meta":{"inline_featured_image":false,"advgb_blocks_editor_width":"","advgb_blocks_columns_visual_guide":"","footnotes":""},"class_list":["post-14","page","type-page","status-publish","hentry"],"yoast_head":"<!-- This site is optimized with the Yoast SEO plugin v27.2 - https:\/\/yoast.com\/product\/yoast-seo-wordpress\/ -->\n<title>Kontakt -<\/title>\n<meta name=\"robots\" content=\"index, follow, max-snippet:-1, max-image-preview:large, max-video-preview:-1\" \/>\n<link rel=\"canonical\" href=\"https:\/\/go-tec.de\/ja\/kontakt\/\" \/>\n<meta property=\"og:locale\" content=\"ja_JP\" \/>\n<meta property=\"og:type\" content=\"article\" \/>\n<meta property=\"og:title\" content=\"Kontakt -\" \/>\n<meta property=\"og:description\" content=\"Haben Sie Fragen oder eine Anfrage? Ganz gleich, ob Fragen oder Anfragen: Wir beantworten sie gerne. Selbstverst\u00e4ndlich nehmen wir uns bei jedem Thema die n\u00f6tige Zeit, um alle Fragen mit Ihnen zu kl\u00e4ren. go-tec GmbH go-tec GmbH&nbsp;Wilhelm-Schickard-Stra\u00dfe 1248149 M\u00fcnsterGermany Support https:\/\/gpsupport.de Vertrieb sales@go-tec.de Allgemein 0251 987 24 0 info@go-tec.de Kontaktieren Sie uns\" \/>\n<meta property=\"og:url\" content=\"https:\/\/go-tec.de\/ja\/kontakt\/\" \/>\n<meta property=\"article:modified_time\" content=\"2026-02-03T07:50:50+00:00\" \/>\n<meta property=\"og:image\" content=\"https:\/\/cms.gebiom.group\/go-tec\/wp-content\/uploads\/sites\/2\/2022\/09\/Austausch.jpg\" \/>\n<meta name=\"twitter:card\" content=\"summary_large_image\" \/>\n<meta name=\"twitter:label1\" content=\"\u63a8\u5b9a\u8aad\u307f\u53d6\u308a\u6642\u9593\" \/>\n\t<meta name=\"twitter:data1\" content=\"1\u5206\" \/>\n<script type=\"application\/ld+json\" class=\"yoast-schema-graph\">{\"@context\":\"https:\/\/schema.org\",\"@graph\":[{\"@type\":\"WebPage\",\"@id\":\"https:\/\/go-tec.de\/kontakt\/\",\"url\":\"https:\/\/go-tec.de\/kontakt\/\",\"name\":\"Kontakt -\",\"isPartOf\":{\"@id\":\"https:\/\/go-tec.de\/en\/#website\"},\"primaryImageOfPage\":{\"@id\":\"https:\/\/go-tec.de\/kontakt\/#primaryimage\"},\"image\":{\"@id\":\"https:\/\/go-tec.de\/kontakt\/#primaryimage\"},\"thumbnailUrl\":\"https:\/\/cms.gebiom.group\/go-tec\/wp-content\/uploads\/sites\/2\/2022\/09\/Austausch.jpg\",\"datePublished\":\"2022-09-13T10:16:14+00:00\",\"dateModified\":\"2026-02-03T07:50:50+00:00\",\"breadcrumb\":{\"@id\":\"https:\/\/go-tec.de\/kontakt\/#breadcrumb\"},\"inLanguage\":\"ja\",\"potentialAction\":[{\"@type\":\"ReadAction\",\"target\":[\"https:\/\/go-tec.de\/kontakt\/\"]}]},{\"@type\":\"ImageObject\",\"inLanguage\":\"ja\",\"@id\":\"https:\/\/go-tec.de\/kontakt\/#primaryimage\",\"url\":\"https:\/\/cms.gebiom.group\/go-tec\/wp-content\/uploads\/sites\/2\/2022\/09\/Austausch.jpg\",\"contentUrl\":\"https:\/\/cms.gebiom.group\/go-tec\/wp-content\/uploads\/sites\/2\/2022\/09\/Austausch.jpg\"},{\"@type\":\"BreadcrumbList\",\"@id\":\"https:\/\/go-tec.de\/kontakt\/#breadcrumb\",\"itemListElement\":[{\"@type\":\"ListItem\",\"position\":1,\"name\":\"Startseite\",\"item\":\"https:\/\/go-tec.de\/\"},{\"@type\":\"ListItem\",\"position\":2,\"name\":\"Kontakt\"}]},{\"@type\":\"WebSite\",\"@id\":\"https:\/\/go-tec.de\/en\/#website\",\"url\":\"https:\/\/go-tec.de\/en\/\",\"name\":\"\",\"description\":\"\",\"potentialAction\":[{\"@type\":\"SearchAction\",\"target\":{\"@type\":\"EntryPoint\",\"urlTemplate\":\"https:\/\/go-tec.de\/en\/?s={search_term_string}\"},\"query-input\":{\"@type\":\"PropertyValueSpecification\",\"valueRequired\":true,\"valueName\":\"search_term_string\"}}],\"inLanguage\":\"ja\"}]}<\/script>\n<!-- \/ Yoast SEO plugin. -->","yoast_head_json":{"title":"Kontakt -","robots":{"index":"index","follow":"follow","max-snippet":"max-snippet:-1","max-image-preview":"max-image-preview:large","max-video-preview":"max-video-preview:-1"},"canonical":"https:\/\/go-tec.de\/ja\/kontakt\/","og_locale":"ja_JP","og_type":"article","og_title":"Kontakt -","og_description":"Haben Sie Fragen oder eine Anfrage? Ganz gleich, ob Fragen oder Anfragen: Wir beantworten sie gerne. Selbstverst\u00e4ndlich nehmen wir uns bei jedem Thema die n\u00f6tige Zeit, um alle Fragen mit Ihnen zu kl\u00e4ren. go-tec GmbH go-tec GmbH&nbsp;Wilhelm-Schickard-Stra\u00dfe 1248149 M\u00fcnsterGermany Support https:\/\/gpsupport.de Vertrieb sales@go-tec.de Allgemein 0251 987 24 0 info@go-tec.de Kontaktieren Sie uns","og_url":"https:\/\/go-tec.de\/ja\/kontakt\/","article_modified_time":"2026-02-03T07:50:50+00:00","og_image":[{"url":"https:\/\/cms.gebiom.group\/go-tec\/wp-content\/uploads\/sites\/2\/2022\/09\/Austausch.jpg","type":"","width":"","height":""}],"twitter_card":"summary_large_image","twitter_misc":{"\u63a8\u5b9a\u8aad\u307f\u53d6\u308a\u6642\u9593":"1\u5206"},"schema":{"@context":"https:\/\/schema.org","@graph":[{"@type":"WebPage","@id":"https:\/\/go-tec.de\/kontakt\/","url":"https:\/\/go-tec.de\/kontakt\/","name":"Kontakt -","isPartOf":{"@id":"https:\/\/go-tec.de\/en\/#website"},"primaryImageOfPage":{"@id":"https:\/\/go-tec.de\/kontakt\/#primaryimage"},"image":{"@id":"https:\/\/go-tec.de\/kontakt\/#primaryimage"},"thumbnailUrl":"https:\/\/cms.gebiom.group\/go-tec\/wp-content\/uploads\/sites\/2\/2022\/09\/Austausch.jpg","datePublished":"2022-09-13T10:16:14+00:00","dateModified":"2026-02-03T07:50:50+00:00","breadcrumb":{"@id":"https:\/\/go-tec.de\/kontakt\/#breadcrumb"},"inLanguage":"ja","potentialAction":[{"@type":"ReadAction","target":["https:\/\/go-tec.de\/kontakt\/"]}]},{"@type":"ImageObject","inLanguage":"ja","@id":"https:\/\/go-tec.de\/kontakt\/#primaryimage","url":"https:\/\/cms.gebiom.group\/go-tec\/wp-content\/uploads\/sites\/2\/2022\/09\/Austausch.jpg","contentUrl":"https:\/\/cms.gebiom.group\/go-tec\/wp-content\/uploads\/sites\/2\/2022\/09\/Austausch.jpg"},{"@type":"BreadcrumbList","@id":"https:\/\/go-tec.de\/kontakt\/#breadcrumb","itemListElement":[{"@type":"ListItem","position":1,"name":"Startseite","item":"https:\/\/go-tec.de\/"},{"@type":"ListItem","position":2,"name":"Kontakt"}]},{"@type":"WebSite","@id":"https:\/\/go-tec.de\/en\/#website","url":"https:\/\/go-tec.de\/en\/","name":"","description":"","potentialAction":[{"@type":"SearchAction","target":{"@type":"EntryPoint","urlTemplate":"https:\/\/go-tec.de\/en\/?s={search_term_string}"},"query-input":{"@type":"PropertyValueSpecification","valueRequired":true,"valueName":"search_term_string"}}],"inLanguage":"ja"}]}},"coauthors":[],"author_meta":{"author_link":"https:\/\/go-tec.de\/ja\/author\/mhorn\/","display_name":"MHorn"},"relative_dates":{"created":"Posted 4\u5e74 ago","modified":"Updated 2\u304b\u6708 ago"},"absolute_dates":{"created":"Posted on 13. 9\u6708 2022","modified":"Updated on 3. 2\u6708 2026"},"absolute_dates_time":{"created":"Posted on 13. 9\u6708 2022 12:16","modified":"Updated on 3. 2\u6708 2026 8:50"},"featured_img_caption":"","featured_img":false,"series_order":"","_links":{"self":[{"href":"https:\/\/go-tec.de\/ja\/wp-json\/wp\/v2\/pages\/14","targetHints":{"allow":["GET"]}}],"collection":[{"href":"https:\/\/go-tec.de\/ja\/wp-json\/wp\/v2\/pages"}],"about":[{"href":"https:\/\/go-tec.de\/ja\/wp-json\/wp\/v2\/types\/page"}],"author":[{"embeddable":true,"href":"https:\/\/go-tec.de\/ja\/wp-json\/wp\/v2\/users\/1"}],"replies":[{"embeddable":true,"href":"https:\/\/go-tec.de\/ja\/wp-json\/wp\/v2\/comments?post=14"}],"version-history":[{"count":17,"href":"https:\/\/go-tec.de\/ja\/wp-json\/wp\/v2\/pages\/14\/revisions"}],"predecessor-version":[{"id":1183,"href":"https:\/\/go-tec.de\/ja\/wp-json\/wp\/v2\/pages\/14\/revisions\/1183"}],"wp:attachment":[{"href":"https:\/\/go-tec.de\/ja\/wp-json\/wp\/v2\/media?parent=14"}],"curies":[{"name":"wp","href":"https:\/\/api.w.org\/{rel}","templated":true}]}}