{"id":388,"date":"2023-06-15T12:00:28","date_gmt":"2023-06-15T10:00:28","guid":{"rendered":"https:\/\/cms.gebiom.group\/go-tec\/?page_id=388"},"modified":"2026-03-17T09:05:40","modified_gmt":"2026-03-17T08:05:40","slug":"gp-opticad","status":"publish","type":"page","link":"https:\/\/go-tec.de\/it\/go-tec-system\/gp-opticad\/","title":{"rendered":"GP OptiCAD"},"content":{"rendered":"\n<div class=\"wp-block-cover is-light\" style=\"min-height:70vh;aspect-ratio:unset;\"><video class=\"wp-block-cover__video-background intrinsic-ignore\" autoplay muted loop playsinline src=\"https:\/\/cms.gebiom.group\/go-tec\/wp-content\/uploads\/sites\/2\/2023\/06\/GP_InsoleCAD.mp4\" data-object-fit=\"cover\"><\/video><span aria-hidden=\"true\" class=\"wp-block-cover__background has-background-dim-30 has-background-dim\"><\/span><div class=\"wp-block-cover__inner-container is-layout-flow wp-block-cover-is-layout-flow\">\n<div class=\"wp-block-group is-layout-flow wp-block-group-is-layout-flow\">\n<h2 class=\"wp-block-heading has-text-align-center px-3 px-md-4 px-lg-5 animated fadeInUp has-white-color has-text-color\">GP OptiCAD<\/h2>\n<\/div>\n<\/div><\/div>\n\n\n\n<div class=\"wp-block-group py-5 px-3 px-md-4 px-lg-5 has-darkgrey-color has-text-color is-layout-flow wp-block-group-is-layout-flow\">\n<div class=\"wp-block-group is-layout-constrained wp-container-core-group-is-layout-703bee88 wp-block-group-is-layout-constrained\">\n<h2 class=\"wp-block-heading has-text-align-center animated fadeInUp\">GP OptiCAD \u2013 Digitale Konstruktion f\u00fcr orthop\u00e4dische Einlagen<\/h2>\n\n\n\n<p class=\"has-text-align-center animated fadeInUp\"><strong>GP OptiCAD<\/strong> ist die leistungsstarke CAD-Software f\u00fcr die digitale Konstruktion individueller orthop\u00e4discher Einlagen. Sie erm\u00f6glicht eine <strong>pr\u00e4zise, effiziente und reproduzierbare Gestaltung<\/strong> auf Basis moderner Scan- und Messdaten.<\/p>\n\n\n\n<p class=\"has-text-align-center animated fadeInUp\">Durch die intuitive Bedienung und nahtlose Integration in bestehende Workflows optimiert GP OptiCAD den gesamten Konstruktionsprozess \u2013 von der Analyse bis zur fertigen Einlage.<\/p>\n\n\n\n<div class=\"wp-block-columns py-5 is-layout-flex wp-container-core-columns-is-layout-28f84493 wp-block-columns-is-layout-flex\">\n<div class=\"wp-block-column px-3 px-md-4 px-lg-5 is-layout-flow wp-block-column-is-layout-flow\">\n<div class=\"wp-block-cb-carousel cb-single-slide animated fadeInUp\" data-slick=\"{&quot;slidesToShow&quot;:1,&quot;slidesToScroll&quot;:1,&quot;speed&quot;:300,&quot;arrows&quot;:true,&quot;dots&quot;:true,&quot;autoplay&quot;:true,&quot;autoplaySpeed&quot;:3000,&quot;infinite&quot;:true,&quot;responsive&quot;:[{&quot;breakpoint&quot;:769,&quot;settings&quot;:{&quot;slidesToShow&quot;:1,&quot;slidesToScroll&quot;:1}}]}\">\n<div class=\"wp-block-cb-slide\">\n<figure class=\"wp-block-image size-full\"><img loading=\"lazy\" decoding=\"async\" width=\"514\" height=\"342\" src=\"https:\/\/cms.gebiom.group\/go-tec\/wp-content\/uploads\/sites\/2\/2023\/06\/OptiCAD_1-2020-12-18-14-48-36-32.jpg\" alt=\"\" class=\"wp-image-389\" srcset=\"https:\/\/go-tec.de\/wp-content\/uploads\/sites\/2\/2023\/06\/OptiCAD_1-2020-12-18-14-48-36-32.jpg 514w, https:\/\/go-tec.de\/wp-content\/uploads\/sites\/2\/2023\/06\/OptiCAD_1-2020-12-18-14-48-36-32-300x200.jpg 300w\" sizes=\"auto, (max-width: 514px) 100vw, 514px\" \/><\/figure>\n<\/div>\n\n\n\n<div class=\"wp-block-cb-slide\">\n<figure class=\"wp-block-image size-large\"><img loading=\"lazy\" decoding=\"async\" width=\"1024\" height=\"682\" src=\"https:\/\/cms.gebiom.group\/go-tec\/wp-content\/uploads\/sites\/2\/2023\/06\/OptiCAD_2-1024x682.jpg\" alt=\"\" class=\"wp-image-390\" srcset=\"https:\/\/go-tec.de\/wp-content\/uploads\/sites\/2\/2023\/06\/OptiCAD_2-1024x682.jpg 1024w, https:\/\/go-tec.de\/wp-content\/uploads\/sites\/2\/2023\/06\/OptiCAD_2-300x200.jpg 300w, https:\/\/go-tec.de\/wp-content\/uploads\/sites\/2\/2023\/06\/OptiCAD_2-768x512.jpg 768w, https:\/\/go-tec.de\/wp-content\/uploads\/sites\/2\/2023\/06\/OptiCAD_2-1536x1024.jpg 1536w, https:\/\/go-tec.de\/wp-content\/uploads\/sites\/2\/2023\/06\/OptiCAD_2.jpg 2000w\" sizes=\"auto, (max-width: 1024px) 100vw, 1024px\" \/><\/figure>\n<\/div>\n\n\n\n<div class=\"wp-block-cb-slide\">\n<figure class=\"wp-block-image size-large\"><img loading=\"lazy\" decoding=\"async\" width=\"1024\" height=\"682\" src=\"https:\/\/cms.gebiom.group\/go-tec\/wp-content\/uploads\/sites\/2\/2023\/06\/OptiCAD_3-1024x682.jpg\" alt=\"\" class=\"wp-image-391\" srcset=\"https:\/\/go-tec.de\/wp-content\/uploads\/sites\/2\/2023\/06\/OptiCAD_3-1024x682.jpg 1024w, https:\/\/go-tec.de\/wp-content\/uploads\/sites\/2\/2023\/06\/OptiCAD_3-300x200.jpg 300w, https:\/\/go-tec.de\/wp-content\/uploads\/sites\/2\/2023\/06\/OptiCAD_3-768x512.jpg 768w, https:\/\/go-tec.de\/wp-content\/uploads\/sites\/2\/2023\/06\/OptiCAD_3-1536x1024.jpg 1536w, https:\/\/go-tec.de\/wp-content\/uploads\/sites\/2\/2023\/06\/OptiCAD_3.jpg 2000w\" sizes=\"auto, (max-width: 1024px) 100vw, 1024px\" \/><\/figure>\n<\/div>\n<\/div>\n\n\n\n<p class=\"has-text-align-left\">Versorgen Sie Ihre Schwerstf\u00e4lle in 24 Stunden und modellieren Sie Ihren passgenauen Leisten anhand eines eingescannten Gipses oder Fu\u00dfes.<\/p>\n\n\n\n<ul class=\"wp-block-list\">\n<li>Pr\u00e4zise digitale Einlagenkonstruktion<\/li>\n\n\n\n<li>Effiziente und standardisierte Prozesse<\/li>\n\n\n\n<li>Intuitive Bedienung<\/li>\n\n\n\n<li>Perfekte Integration mit Scan- und Fr\u00e4ssystemen<\/li>\n<\/ul>\n<\/div>\n\n\n\n<div class=\"wp-block-column px-3 px-md-4 px-lg-5 is-layout-flow wp-block-column-is-layout-flow\">\n<h3 class=\"wp-block-heading animated fadeInUp has-blue-color has-text-color\">Ihre Vorteile:<\/h3>\n\n\n\n<ul class=\"wp-block-list animated fadeInUp\">\n<li>Einlesen der Messdaten aus Ihrem Fussscan<\/li>\n\n\n\n<li>Virtuelle Leistenbibliothek gem\u00e4\u00df Ihren Anforderungen<\/li>\n\n\n\n<li>Freie Gestaltung der Bibliothek durch den Anwender<\/li>\n\n\n\n<li>Auswahl eines Basisleistens<\/li>\n\n\n\n<li>Automatische Anpassung des Basisleistens an den eingescannten Fu\u00df oder die Trittspur<\/li>\n\n\n\n<li>Projektion Ihrer Fu\u00dfmessung auf den Leisten<\/li>\n\n\n\n<li>Feinbearbeitung des Leistens wie Gr\u00f6\u00dfenanpassung, freie Modellierung von MFK oder Krallenzehen, Pelotte etc. durch den OSM<\/li>\n\n\n\n<li>Abspeichern und Versenden zum Fr\u00e4sen eines ma\u00dfgenauen Leistens<\/li>\n\n\n\n<li>Anfertigung eines Bruttoleistens<\/li>\n\n\n\n<li>Erweiterbar durch die Kombination mit der elektronischen Fu\u00dfdruckmessung<\/li>\n<\/ul>\n\n\n\n<div class=\"wp-block-buttons animated fadeInUp is-layout-flex wp-block-buttons-is-layout-flex\">\n<div class=\"wp-block-button is-style-outline is-style-outline--1\"><a class=\"wp-block-button__link has-blue-color has-text-color wp-element-button\" href=\"https:\/\/go-tec.de\/go-tec-system\/#konstruieren\" style=\"border-radius:5px\">Zur\u00fcck<\/a><\/div>\n\n\n\n<div class=\"wp-block-button is-style-outline is-style-outline--2\"><a class=\"wp-block-button__link has-blue-color has-text-color wp-element-button\" href=\"https:\/\/go-tec.de\/wp-content\/uploads\/sites\/2\/2023\/12\/OptiCad.pdf\" style=\"border-radius:5px\">Datenblatt<\/a><\/div>\n<\/div>\n<\/div>\n<\/div>\n<\/div>\n<\/div>\n\n\n\n<div class=\"wp-block-group px-3 px-md-4 px-lg-5 contact-section has-white-color has-blue-background-color has-text-color has-background is-layout-constrained wp-container-core-group-is-layout-6e20cf48 wp-block-group-is-layout-constrained advgb-dyn-2eccdb19\">\n<div class=\"wp-block-columns py-5 is-layout-flex wp-container-core-columns-is-layout-28f84493 wp-block-columns-is-layout-flex\">\n<div class=\"wp-block-column animated fadeInLeft is-layout-flow wp-block-column-is-layout-flow\" style=\"flex-basis:66.66%\">\n<h3 class=\"wp-block-heading advgb-dyn-b31c1e16\">Gerne beraten wir Sie pers\u00f6nlich!<\/h3>\n\n\n\n<p>Wir rufen Sie zeitnah zur\u00fcck! <\/p>\n<\/div>\n\n\n\n<div class=\"wp-block-column is-vertically-aligned-center animated fadeInRight is-layout-flow wp-block-column-is-layout-flow\" style=\"flex-basis:33.33%\">\n<div class=\"wp-block-buttons animated fadeInUp mb-5 is-content-justification-center is-layout-flex wp-container-core-buttons-is-layout-a89b3969 wp-block-buttons-is-layout-flex\">\n<div class=\"wp-block-button is-style-fill advgb-dyn-3db009d7\"><a class=\"wp-block-button__link has-white-color has-green-background-color has-text-color has-background wp-element-button\" href=\"https:\/\/go-tec.de\/kontaktsales\/\" style=\"border-radius:5px\">Zur Kontaktanfrage<\/a><\/div>\n<\/div>\n<\/div>\n<\/div>\n<\/div>\n","protected":false},"excerpt":{"rendered":"<p>GP OptiCAD \u2013 Digitale Konstruktion f\u00fcr orthop\u00e4dische Einlagen GP OptiCAD ist die leistungsstarke CAD-Software f\u00fcr die digitale Konstruktion individueller orthop\u00e4discher Einlagen. Sie erm\u00f6glicht eine pr\u00e4zise, effiziente und reproduzierbare Gestaltung auf Basis moderner Scan- und Messdaten. Durch die intuitive Bedienung und nahtlose Integration in bestehende Workflows optimiert GP OptiCAD den gesamten Konstruktionsprozess \u2013 von der Analyse [&hellip;]<\/p>\n","protected":false},"author":8,"featured_media":0,"parent":12,"menu_order":0,"comment_status":"closed","ping_status":"closed","template":"","meta":{"inline_featured_image":false,"advgb_blocks_editor_width":"","advgb_blocks_columns_visual_guide":"","footnotes":""},"class_list":["post-388","page","type-page","status-publish","hentry"],"yoast_head":"<!-- This site is optimized with the Yoast SEO plugin v27.2 - https:\/\/yoast.com\/product\/yoast-seo-wordpress\/ -->\n<title>GP OptiCAD -<\/title>\n<meta name=\"description\" content=\"GP OptiCAD ist die CAD-Software f\u00fcr die pr\u00e4zise Konstruktion orthop\u00e4discher Einlagen. Ideal f\u00fcr digitale Workflows in der Orthop\u00e4dietechnik.\" \/>\n<meta name=\"robots\" content=\"index, follow, max-snippet:-1, max-image-preview:large, max-video-preview:-1\" \/>\n<link rel=\"canonical\" href=\"https:\/\/go-tec.de\/it\/go-tec-system\/gp-opticad\/\" \/>\n<meta property=\"og:locale\" content=\"it_IT\" \/>\n<meta property=\"og:type\" content=\"article\" \/>\n<meta property=\"og:title\" content=\"GP OptiCAD -\" \/>\n<meta property=\"og:description\" content=\"GP OptiCAD ist die CAD-Software f\u00fcr die pr\u00e4zise Konstruktion orthop\u00e4discher Einlagen. Ideal f\u00fcr digitale Workflows in der Orthop\u00e4dietechnik.\" \/>\n<meta property=\"og:url\" content=\"https:\/\/go-tec.de\/it\/go-tec-system\/gp-opticad\/\" \/>\n<meta property=\"article:modified_time\" content=\"2026-03-17T08:05:40+00:00\" \/>\n<meta property=\"og:image\" content=\"https:\/\/cms.gebiom.group\/go-tec\/wp-content\/uploads\/sites\/2\/2023\/06\/OptiCAD_1-2020-12-18-14-48-36-32.jpg\" \/>\n<meta name=\"twitter:card\" content=\"summary_large_image\" \/>\n<meta name=\"twitter:label1\" content=\"Tempo di lettura stimato\" \/>\n\t<meta name=\"twitter:data1\" content=\"2 minuti\" \/>\n<script type=\"application\/ld+json\" class=\"yoast-schema-graph\">{\"@context\":\"https:\/\/schema.org\",\"@graph\":[{\"@type\":\"WebPage\",\"@id\":\"https:\/\/go-tec.de\/ja\/go-tec-system\/gp-opticad\/\",\"url\":\"https:\/\/go-tec.de\/ja\/go-tec-system\/gp-opticad\/\",\"name\":\"GP OptiCAD -\",\"isPartOf\":{\"@id\":\"https:\/\/go-tec.de\/en\/#website\"},\"primaryImageOfPage\":{\"@id\":\"https:\/\/go-tec.de\/ja\/go-tec-system\/gp-opticad\/#primaryimage\"},\"image\":{\"@id\":\"https:\/\/go-tec.de\/ja\/go-tec-system\/gp-opticad\/#primaryimage\"},\"thumbnailUrl\":\"https:\/\/cms.gebiom.group\/go-tec\/wp-content\/uploads\/sites\/2\/2023\/06\/OptiCAD_1-2020-12-18-14-48-36-32.jpg\",\"datePublished\":\"2023-06-15T10:00:28+00:00\",\"dateModified\":\"2026-03-17T08:05:40+00:00\",\"description\":\"GP OptiCAD ist die CAD-Software f\u00fcr die pr\u00e4zise Konstruktion orthop\u00e4discher Einlagen. Ideal f\u00fcr digitale Workflows in der Orthop\u00e4dietechnik.\",\"breadcrumb\":{\"@id\":\"https:\/\/go-tec.de\/ja\/go-tec-system\/gp-opticad\/#breadcrumb\"},\"inLanguage\":\"it-IT\",\"potentialAction\":[{\"@type\":\"ReadAction\",\"target\":[\"https:\/\/go-tec.de\/ja\/go-tec-system\/gp-opticad\/\"]}]},{\"@type\":\"ImageObject\",\"inLanguage\":\"it-IT\",\"@id\":\"https:\/\/go-tec.de\/ja\/go-tec-system\/gp-opticad\/#primaryimage\",\"url\":\"https:\/\/cms.gebiom.group\/go-tec\/wp-content\/uploads\/sites\/2\/2023\/06\/OptiCAD_1-2020-12-18-14-48-36-32.jpg\",\"contentUrl\":\"https:\/\/cms.gebiom.group\/go-tec\/wp-content\/uploads\/sites\/2\/2023\/06\/OptiCAD_1-2020-12-18-14-48-36-32.jpg\"},{\"@type\":\"BreadcrumbList\",\"@id\":\"https:\/\/go-tec.de\/ja\/go-tec-system\/gp-opticad\/#breadcrumb\",\"itemListElement\":[{\"@type\":\"ListItem\",\"position\":1,\"name\":\"Startseite\",\"item\":\"https:\/\/go-tec.de\/\"},{\"@type\":\"ListItem\",\"position\":2,\"name\":\"go-tec System\",\"item\":\"https:\/\/go-tec.de\/ja\/go-tec-system\/\"},{\"@type\":\"ListItem\",\"position\":3,\"name\":\"GP OptiCAD\"}]},{\"@type\":\"WebSite\",\"@id\":\"https:\/\/go-tec.de\/en\/#website\",\"url\":\"https:\/\/go-tec.de\/en\/\",\"name\":\"\",\"description\":\"\",\"potentialAction\":[{\"@type\":\"SearchAction\",\"target\":{\"@type\":\"EntryPoint\",\"urlTemplate\":\"https:\/\/go-tec.de\/en\/?s={search_term_string}\"},\"query-input\":{\"@type\":\"PropertyValueSpecification\",\"valueRequired\":true,\"valueName\":\"search_term_string\"}}],\"inLanguage\":\"it-IT\"}]}<\/script>\n<!-- \/ Yoast SEO plugin. -->","yoast_head_json":{"title":"GP OptiCAD -","description":"GP OptiCAD ist die CAD-Software f\u00fcr die pr\u00e4zise Konstruktion orthop\u00e4discher Einlagen. Ideal f\u00fcr digitale Workflows in der Orthop\u00e4dietechnik.","robots":{"index":"index","follow":"follow","max-snippet":"max-snippet:-1","max-image-preview":"max-image-preview:large","max-video-preview":"max-video-preview:-1"},"canonical":"https:\/\/go-tec.de\/it\/go-tec-system\/gp-opticad\/","og_locale":"it_IT","og_type":"article","og_title":"GP OptiCAD -","og_description":"GP OptiCAD ist die CAD-Software f\u00fcr die pr\u00e4zise Konstruktion orthop\u00e4discher Einlagen. Ideal f\u00fcr digitale Workflows in der Orthop\u00e4dietechnik.","og_url":"https:\/\/go-tec.de\/it\/go-tec-system\/gp-opticad\/","article_modified_time":"2026-03-17T08:05:40+00:00","og_image":[{"url":"https:\/\/cms.gebiom.group\/go-tec\/wp-content\/uploads\/sites\/2\/2023\/06\/OptiCAD_1-2020-12-18-14-48-36-32.jpg","type":"","width":"","height":""}],"twitter_card":"summary_large_image","twitter_misc":{"Tempo di lettura stimato":"2 minuti"},"schema":{"@context":"https:\/\/schema.org","@graph":[{"@type":"WebPage","@id":"https:\/\/go-tec.de\/ja\/go-tec-system\/gp-opticad\/","url":"https:\/\/go-tec.de\/ja\/go-tec-system\/gp-opticad\/","name":"GP OptiCAD -","isPartOf":{"@id":"https:\/\/go-tec.de\/en\/#website"},"primaryImageOfPage":{"@id":"https:\/\/go-tec.de\/ja\/go-tec-system\/gp-opticad\/#primaryimage"},"image":{"@id":"https:\/\/go-tec.de\/ja\/go-tec-system\/gp-opticad\/#primaryimage"},"thumbnailUrl":"https:\/\/cms.gebiom.group\/go-tec\/wp-content\/uploads\/sites\/2\/2023\/06\/OptiCAD_1-2020-12-18-14-48-36-32.jpg","datePublished":"2023-06-15T10:00:28+00:00","dateModified":"2026-03-17T08:05:40+00:00","description":"GP OptiCAD ist die CAD-Software f\u00fcr die pr\u00e4zise Konstruktion orthop\u00e4discher Einlagen. Ideal f\u00fcr digitale Workflows in der Orthop\u00e4dietechnik.","breadcrumb":{"@id":"https:\/\/go-tec.de\/ja\/go-tec-system\/gp-opticad\/#breadcrumb"},"inLanguage":"it-IT","potentialAction":[{"@type":"ReadAction","target":["https:\/\/go-tec.de\/ja\/go-tec-system\/gp-opticad\/"]}]},{"@type":"ImageObject","inLanguage":"it-IT","@id":"https:\/\/go-tec.de\/ja\/go-tec-system\/gp-opticad\/#primaryimage","url":"https:\/\/cms.gebiom.group\/go-tec\/wp-content\/uploads\/sites\/2\/2023\/06\/OptiCAD_1-2020-12-18-14-48-36-32.jpg","contentUrl":"https:\/\/cms.gebiom.group\/go-tec\/wp-content\/uploads\/sites\/2\/2023\/06\/OptiCAD_1-2020-12-18-14-48-36-32.jpg"},{"@type":"BreadcrumbList","@id":"https:\/\/go-tec.de\/ja\/go-tec-system\/gp-opticad\/#breadcrumb","itemListElement":[{"@type":"ListItem","position":1,"name":"Startseite","item":"https:\/\/go-tec.de\/"},{"@type":"ListItem","position":2,"name":"go-tec System","item":"https:\/\/go-tec.de\/ja\/go-tec-system\/"},{"@type":"ListItem","position":3,"name":"GP OptiCAD"}]},{"@type":"WebSite","@id":"https:\/\/go-tec.de\/en\/#website","url":"https:\/\/go-tec.de\/en\/","name":"","description":"","potentialAction":[{"@type":"SearchAction","target":{"@type":"EntryPoint","urlTemplate":"https:\/\/go-tec.de\/en\/?s={search_term_string}"},"query-input":{"@type":"PropertyValueSpecification","valueRequired":true,"valueName":"search_term_string"}}],"inLanguage":"it-IT"}]}},"coauthors":[],"author_meta":{"author_link":"https:\/\/go-tec.de\/it\/author\/akoctar\/","display_name":"akoctar"},"relative_dates":{"created":"Pubblicato 3 anni fa","modified":"Aggiornato 4 settimane fa"},"absolute_dates":{"created":"Pubblicato il 15. Giugno 2023","modified":"Aggiornato il 17. Marzo 2026"},"absolute_dates_time":{"created":"Pubblicato il 15. Giugno 2023 12:00","modified":"Aggiornato il 17. Marzo 2026 9:05"},"featured_img_caption":"","featured_img":false,"series_order":"","_links":{"self":[{"href":"https:\/\/go-tec.de\/it\/wp-json\/wp\/v2\/pages\/388","targetHints":{"allow":["GET"]}}],"collection":[{"href":"https:\/\/go-tec.de\/it\/wp-json\/wp\/v2\/pages"}],"about":[{"href":"https:\/\/go-tec.de\/it\/wp-json\/wp\/v2\/types\/page"}],"author":[{"embeddable":true,"href":"https:\/\/go-tec.de\/it\/wp-json\/wp\/v2\/users\/8"}],"replies":[{"embeddable":true,"href":"https:\/\/go-tec.de\/it\/wp-json\/wp\/v2\/comments?post=388"}],"version-history":[{"count":6,"href":"https:\/\/go-tec.de\/it\/wp-json\/wp\/v2\/pages\/388\/revisions"}],"predecessor-version":[{"id":1270,"href":"https:\/\/go-tec.de\/it\/wp-json\/wp\/v2\/pages\/388\/revisions\/1270"}],"up":[{"embeddable":true,"href":"https:\/\/go-tec.de\/it\/wp-json\/wp\/v2\/pages\/12"}],"wp:attachment":[{"href":"https:\/\/go-tec.de\/it\/wp-json\/wp\/v2\/media?parent=388"}],"curies":[{"name":"wp","href":"https:\/\/api.w.org\/{rel}","templated":true}]}}