{"id":365,"date":"2023-06-15T11:14:25","date_gmt":"2023-06-15T09:14:25","guid":{"rendered":"https:\/\/cms.gebiom.group\/go-tec\/?page_id=365"},"modified":"2026-03-30T07:12:10","modified_gmt":"2026-03-30T05:12:10","slug":"gt-impax","status":"publish","type":"page","link":"https:\/\/go-tec.de\/it\/go-tec-system\/gt-impax\/","title":{"rendered":"GT Impax"},"content":{"rendered":"<div class=\"wp-block-cover is-light\" style=\"min-height:70vh;aspect-ratio:unset;\"><img loading=\"lazy\" decoding=\"async\" width=\"1024\" height=\"683\" class=\"wp-block-cover__image-background wp-image-1209 size-large\" alt=\"\" src=\"http:\/\/go-tec.de\/wp-content\/uploads\/sites\/2\/2026\/03\/go-tec_gt_impax_4-1024x683.png\" data-object-fit=\"cover\" srcset=\"https:\/\/go-tec.de\/wp-content\/uploads\/sites\/2\/2026\/03\/go-tec_gt_impax_4-1024x683.png 1024w, https:\/\/go-tec.de\/wp-content\/uploads\/sites\/2\/2026\/03\/go-tec_gt_impax_4-300x200.png 300w, https:\/\/go-tec.de\/wp-content\/uploads\/sites\/2\/2026\/03\/go-tec_gt_impax_4-768x512.png 768w, https:\/\/go-tec.de\/wp-content\/uploads\/sites\/2\/2026\/03\/go-tec_gt_impax_4-18x12.png 18w, https:\/\/go-tec.de\/wp-content\/uploads\/sites\/2\/2026\/03\/go-tec_gt_impax_4.png 1536w\" sizes=\"auto, (max-width: 1024px) 100vw, 1024px\" \/><span aria-hidden=\"true\" class=\"wp-block-cover__background has-background-dim-30 has-background-dim\" style=\"background-color:#bdc0c7\"><\/span><div class=\"wp-block-cover__inner-container is-layout-flow wp-block-cover-is-layout-flow\">\n<div class=\"wp-block-group is-layout-flow wp-block-group-is-layout-flow\">\n<h2 class=\"wp-block-heading has-text-align-center px-3 px-md-4 px-lg-5 animated fadeInUp has-white-color has-text-color\">GT IMPAX<\/h2>\n<\/div>\n<\/div><\/div>\n\n\n\n<div class=\"wp-block-group py-5 px-3 px-md-4 px-lg-5 has-darkgrey-color has-text-color is-layout-flow wp-block-group-is-layout-flow\">\n<div class=\"wp-block-group is-layout-constrained wp-container-core-group-is-layout-703bee88 wp-block-group-is-layout-constrained\">\n<h2 class=\"wp-block-heading has-text-align-center animated fadeInUp\">GT Impax - piattaforma di misurazione della pressione del piede per un'analisi precisa della pressione<\/h2>\n\n\n\n<h4 class=\"wp-block-heading has-text-align-center\">Registrazione rapida e precisa della distribuzione della pressione plantare<\/h4>\n\n\n\n<p class=\"has-text-align-center animated fadeInUp\"><strong>GT Impax<\/strong> \u00e8 la potente piattaforma di misurazione della pressione del piede per <strong>registrazione rapida e precisa della distribuzione della pressione plantare<\/strong>. Il sistema misura la pressione sulle piante dei piedi durante la <strong>Camminare a piedi nudi<\/strong> e fornisce una base affidabile per l'analisi, la cura e la consulenza.<\/p>\n\n\n\n<p>Con <strong>2.304 Sensori<\/strong> su un <strong>38 x 38 cm<\/strong> Grazie all'ampia superficie di misurazione, GT Impax acquisisce i dati di stampa in modo preciso e riproducibile. Grazie all'altezza ridotta di soli <strong>4 mm<\/strong> non \u00e8 necessaria l'installazione di una piattaforma o di un pavimento. I dati vengono trasmessi come richiesto tramite <strong>WLAN o USB<\/strong> direttamente al PC.<\/p>\n\n\n\n<p class=\"has-text-align-center animated fadeInUp\"><\/p>\n\n\n\n<div class=\"wp-block-columns py-5 is-layout-flex wp-container-core-columns-is-layout-28f84493 wp-block-columns-is-layout-flex\">\n<div class=\"wp-block-column px-3 px-md-4 px-lg-5 is-layout-flow wp-block-column-is-layout-flow\">\n<div class=\"wp-block-cb-carousel-v2 cb-carousel-block cb-single-slide animated fadeInUp\" data-cb-slides-per-view=\"1\" data-cb-slides-per-group=\"1\" data-cb-space-between=\"15\" data-cb-speed=\"300\" data-cb-navigation=\"true\" data-cb-pagination=\"true\" data-cb-loop=\"true\" data-cb-autoplay=\"true\" data-cb-autoplay-speed=\"3000\" data-cb-breakpoints=\"{&quot;768&quot;:{&quot;slidesPerView&quot;:1,&quot;slidesPerGroup&quot;:1}}\"><div class=\"swiper\"><div class=\"cb-wrapper swiper-wrapper\">\n<div class=\"wp-block-cb-slide-v2 cb-slide swiper-slide\">\n<figure class=\"wp-block-image size-large\"><img loading=\"lazy\" decoding=\"async\" width=\"1024\" height=\"683\" src=\"http:\/\/go-tec.de\/wp-content\/uploads\/sites\/2\/2026\/03\/GT-IMPAX-Produktbild-GT-IMPAX_Balance-1024x683.jpg\" alt=\"\" class=\"wp-image-1192\" srcset=\"https:\/\/go-tec.de\/wp-content\/uploads\/sites\/2\/2026\/03\/GT-IMPAX-Produktbild-GT-IMPAX_Balance-1024x683.jpg 1024w, https:\/\/go-tec.de\/wp-content\/uploads\/sites\/2\/2026\/03\/GT-IMPAX-Produktbild-GT-IMPAX_Balance-300x200.jpg 300w, https:\/\/go-tec.de\/wp-content\/uploads\/sites\/2\/2026\/03\/GT-IMPAX-Produktbild-GT-IMPAX_Balance-768x512.jpg 768w, https:\/\/go-tec.de\/wp-content\/uploads\/sites\/2\/2026\/03\/GT-IMPAX-Produktbild-GT-IMPAX_Balance-1536x1024.jpg 1536w, https:\/\/go-tec.de\/wp-content\/uploads\/sites\/2\/2026\/03\/GT-IMPAX-Produktbild-GT-IMPAX_Balance-2048x1365.jpg 2048w, https:\/\/go-tec.de\/wp-content\/uploads\/sites\/2\/2026\/03\/GT-IMPAX-Produktbild-GT-IMPAX_Balance-18x12.jpg 18w\" sizes=\"auto, (max-width: 1024px) 100vw, 1024px\" \/><\/figure>\n<\/div>\n\n\n\n<div class=\"wp-block-cb-slide-v2 cb-slide swiper-slide\">\n<figure class=\"wp-block-image size-large\"><img loading=\"lazy\" decoding=\"async\" width=\"1024\" height=\"683\" src=\"http:\/\/go-tec.de\/wp-content\/uploads\/sites\/2\/2026\/03\/GT-IMPAX-Produktbild-GT-IMPAX-Gehen_frontal-1024x683.jpg\" alt=\"\" class=\"wp-image-1194\" srcset=\"https:\/\/go-tec.de\/wp-content\/uploads\/sites\/2\/2026\/03\/GT-IMPAX-Produktbild-GT-IMPAX-Gehen_frontal-1024x683.jpg 1024w, https:\/\/go-tec.de\/wp-content\/uploads\/sites\/2\/2026\/03\/GT-IMPAX-Produktbild-GT-IMPAX-Gehen_frontal-300x200.jpg 300w, https:\/\/go-tec.de\/wp-content\/uploads\/sites\/2\/2026\/03\/GT-IMPAX-Produktbild-GT-IMPAX-Gehen_frontal-768x512.jpg 768w, https:\/\/go-tec.de\/wp-content\/uploads\/sites\/2\/2026\/03\/GT-IMPAX-Produktbild-GT-IMPAX-Gehen_frontal-1536x1024.jpg 1536w, https:\/\/go-tec.de\/wp-content\/uploads\/sites\/2\/2026\/03\/GT-IMPAX-Produktbild-GT-IMPAX-Gehen_frontal-2048x1365.jpg 2048w, https:\/\/go-tec.de\/wp-content\/uploads\/sites\/2\/2026\/03\/GT-IMPAX-Produktbild-GT-IMPAX-Gehen_frontal-18x12.jpg 18w\" sizes=\"auto, (max-width: 1024px) 100vw, 1024px\" \/><\/figure>\n<\/div>\n\n\n\n<div class=\"wp-block-cb-slide-v2 cb-slide swiper-slide\">\n<figure class=\"wp-block-image size-large\"><img loading=\"lazy\" decoding=\"async\" width=\"1024\" height=\"576\" src=\"http:\/\/go-tec.de\/wp-content\/uploads\/sites\/2\/2026\/03\/GT_impax_go-tec_muenster-1024x576.png\" alt=\"\" class=\"wp-image-1198\" srcset=\"https:\/\/go-tec.de\/wp-content\/uploads\/sites\/2\/2026\/03\/GT_impax_go-tec_muenster-1024x576.png 1024w, https:\/\/go-tec.de\/wp-content\/uploads\/sites\/2\/2026\/03\/GT_impax_go-tec_muenster-300x169.png 300w, https:\/\/go-tec.de\/wp-content\/uploads\/sites\/2\/2026\/03\/GT_impax_go-tec_muenster-768x432.png 768w, https:\/\/go-tec.de\/wp-content\/uploads\/sites\/2\/2026\/03\/GT_impax_go-tec_muenster-1536x864.png 1536w, https:\/\/go-tec.de\/wp-content\/uploads\/sites\/2\/2026\/03\/GT_impax_go-tec_muenster-18x10.png 18w, https:\/\/go-tec.de\/wp-content\/uploads\/sites\/2\/2026\/03\/GT_impax_go-tec_muenster.png 1920w\" sizes=\"auto, (max-width: 1024px) 100vw, 1024px\" \/><\/figure>\n<\/div>\n\n\n\n<div class=\"wp-block-cb-slide-v2 cb-slide swiper-slide\">\n<figure class=\"wp-block-image size-large\"><img loading=\"lazy\" decoding=\"async\" width=\"1024\" height=\"682\" src=\"https:\/\/cms.gebiom.group\/go-tec\/wp-content\/uploads\/sites\/2\/2023\/06\/MultiSens_4-1024x682.jpg\" alt=\"\" class=\"wp-image-369\" srcset=\"https:\/\/go-tec.de\/wp-content\/uploads\/sites\/2\/2023\/06\/MultiSens_4-1024x682.jpg 1024w, https:\/\/go-tec.de\/wp-content\/uploads\/sites\/2\/2023\/06\/MultiSens_4-300x200.jpg 300w, https:\/\/go-tec.de\/wp-content\/uploads\/sites\/2\/2023\/06\/MultiSens_4-768x512.jpg 768w, https:\/\/go-tec.de\/wp-content\/uploads\/sites\/2\/2023\/06\/MultiSens_4-1536x1024.jpg 1536w, https:\/\/go-tec.de\/wp-content\/uploads\/sites\/2\/2023\/06\/MultiSens_4.jpg 2000w\" sizes=\"auto, (max-width: 1024px) 100vw, 1024px\" \/><\/figure>\n<\/div>\n\n\n\n<div class=\"wp-block-cb-slide-v2 cb-slide swiper-slide\"><\/div>\n<\/div><\/div><div class=\"cb-pagination swiper-pagination\"><\/div><div class=\"cb-button-prev swiper-button-prev\"><\/div><div class=\"cb-button-next swiper-button-next\"><\/div><\/div>\n<\/div>\n\n\n\n<div class=\"wp-block-column px-3 px-md-4 px-lg-5 is-layout-flow wp-block-column-is-layout-flow\">\n<h3 class=\"wp-block-heading animated fadeInUp has-blue-color has-text-color\">I vostri vantaggi:<\/h3>\n\n\n\n<ul class=\"wp-block-list animated fadeInUp\">\n<li>Trasferimento dei dati al PC tramite USB o WLAN<\/li>\n\n\n\n<li>Misura della pressione dinamica e statica sotto tensione<\/li>\n\n\n\n<li>Altezza di soli 4 mm - pu\u00f2 essere utilizzato senza piattaforma<\/li>\n\n\n\n<li>Utilizzo rapido ed efficace, anche in mobilit\u00e0<\/li>\n\n\n\n<li>Visualizzazione dei valori di pressione misurati come codice colore o mappa di pressione tridimensionale<\/li>\n\n\n\n<li>Stampa a colori dei valori di pressione misurati (per il cliente o per un'ulteriore elaborazione)<\/li>\n\n\n\n<li>Piastra di misurazione con circa 2.304 sensori di pressione<\/li>\n\n\n\n<li>Superficie di misurazione circa 38 \u00d7 38 cm<\/li>\n\n\n\n<li>Frequenza di misura fino a<strong> <\/strong>200 Hz<\/li>\n<\/ul>\n\n\n\n<p class=\"has-blue-color has-text-color has-link-color wp-elements-fa74ad3070cc3fa1bdff6277f362c0a8\"><strong>Per ulteriori informazioni, consultare la scheda tecnica <\/strong><\/p>\n\n\n\n<div class=\"wp-block-buttons animated fadeInUp is-layout-flex wp-block-buttons-is-layout-flex\">\n<div class=\"wp-block-button is-style-outline is-style-outline--1\"><a class=\"wp-block-button__link has-blue-color has-text-color wp-element-button\" href=\"https:\/\/go-tec.de\/it\/go-tec-system\/#messen\" style=\"border-radius:5px\">Indietro<\/a><\/div>\n\n\n\n<div class=\"wp-block-button is-style-outline is-style-outline--2\"><a class=\"wp-block-button__link has-blue-color has-text-color wp-element-button\" href=\"http:\/\/go-tec.de\/wp-content\/uploads\/sites\/2\/2026\/03\/go-tec_datenblatt_GT_IMPAX.pdf\" style=\"border-radius:5px\" target=\"_blank\" rel=\"noreferrer noopener\">Scheda tecnica<\/a><\/div>\n<\/div>\n<\/div>\n<\/div>\n<\/div>\n<\/div>\n\n\n\n<p class=\"has-text-align-center has-white-color has-mediumgrey-background-color has-text-color has-background has-link-color wp-elements-7b1cc8e39820fd0192121b126fa81dd2 advgb-dyn-caa09b7d\">Misura precisa della distribuzione della pressione plantare | Acquisizione rapida dei dati camminando a piedi nudi | 2.304 sensori per immagini dettagliate della pressione | Altezza complessiva ridotta senza piattaforma o installazione a pavimento<\/p>\n\n\n\n<div class=\"wp-block-group px-3 px-md-4 px-lg-5 contact-section has-white-color has-blue-background-color has-text-color has-background is-layout-constrained wp-container-core-group-is-layout-6e20cf48 wp-block-group-is-layout-constrained advgb-dyn-2eccdb19\">\n<div class=\"wp-block-columns py-5 is-layout-flex wp-container-core-columns-is-layout-28f84493 wp-block-columns-is-layout-flex\">\n<div class=\"wp-block-column animated fadeInLeft is-layout-flow wp-block-column-is-layout-flow\" style=\"flex-basis:66.66%\">\n<h3 class=\"wp-block-heading advgb-dyn-b31c1e16\">Saremo lieti di consigliarvi personalmente!<\/h3>\n\n\n\n<p>Vi richiameremo il prima possibile! <\/p>\n<\/div>\n\n\n\n<div class=\"wp-block-column is-vertically-aligned-center animated fadeInRight is-layout-flow wp-block-column-is-layout-flow\" style=\"flex-basis:33.33%\">\n<div class=\"wp-block-buttons animated fadeInUp mb-5 is-content-justification-center is-layout-flex wp-container-core-buttons-is-layout-a89b3969 wp-block-buttons-is-layout-flex\">\n<div class=\"wp-block-button is-style-fill advgb-dyn-3db009d7\"><a class=\"wp-block-button__link has-white-color has-green-background-color has-text-color has-background wp-element-button\" href=\"https:\/\/go-tec.de\/it\/kontaktsales\/\" style=\"border-radius:5px\">Alla richiesta di contatto<\/a><\/div>\n<\/div>\n<\/div>\n<\/div>\n<\/div>\n\n\n\n<div class=\"wp-block-group has-lightgrey-background-color has-background is-layout-constrained wp-block-group-is-layout-constrained\">\n<h3 class=\"wp-block-heading has-text-align-center has-lightgrey-background-color has-background has-large-font-size\" style=\"padding-top:var(--wp--preset--spacing--20);padding-right:0;padding-bottom:var(--wp--preset--spacing--20);padding-left:0\"><strong>Domande frequenti:<\/strong><\/h3>\n\n\n\n<div class=\"wp-block-advgb-columns advgb-columns-wrapper\" id=\"advgb-cols-d42b551e-b2c9-4689-a1be-b0e1a3dfc5dd\"><div class=\"advgb-columns-container\"><div class=\"advgb-columns advgb-columns-row advgb-is-mobile advgb-columns-3 layout-13-13-13 mbl-layout-stacked vgutter-10\">\n<div class=\"wp-block-advgb-column advgb-column\" id=\"advgb-col-a156ba0e-8cb8-40d8-b610-47c7f00264f2\"><div class=\"advgb-column-inner\" style=\"border-style:none;border-width:1px\">\n<p><strong>Che cosa misura GT Impax?<\/strong><\/p>\n\n\n\n<p>La distribuzione della pressione plantare durante la camminata a piedi nudi.<\/p>\n<\/div><\/div>\n\n\n\n<div class=\"wp-block-advgb-column advgb-column\" id=\"advgb-col-e17ad67a-2291-420d-ae84-0fe58bc946f3\"><div class=\"advgb-column-inner\" style=\"border-style:none;border-width:1px\">\n<p class=\"has-medium-font-size\"><strong>Come funziona la misurazione con GT Impax? <\/strong><\/p>\n\n\n\n<p>Tramite una piastra sensore con migliaia di punti di misura.<\/p>\n<\/div><\/div>\n\n\n\n<div class=\"wp-block-advgb-column advgb-column\" id=\"advgb-col-7728cc63-1b5a-4b55-8ba6-8df61d582c88\"><div class=\"advgb-column-inner\" style=\"border-style:none;border-width:1px\">\n<p><strong>A cosa servono i dati di GT Impax?<\/strong><\/p>\n\n\n\n<p>Per l'analisi, la consulenza e l'ottimizzazione dei depositi.<\/p>\n<\/div><\/div>\n<\/div><\/div><\/div>\n<\/div>\n\n\n\n<p><\/p>\n<style class=\"advgb-styles-renderer\">#advgb-col-a156ba0e-8cb8-40d8-b610-47c7f00264f2>.advgb-column-inner{}@media screen and (max-width: 1023px) {#advgb-col-a156ba0e-8cb8-40d8-b610-47c7f00264f2>.advgb-column-inner{}}@media screen and (max-width: 767px) {#advgb-col-a156ba0e-8cb8-40d8-b610-47c7f00264f2>.advgb-column-inner{}}#advgb-col-e17ad67a-2291-420d-ae84-0fe58bc946f3>.advgb-column-inner{}@media screen and (max-width: 1023px) {#advgb-col-e17ad67a-2291-420d-ae84-0fe58bc946f3>.advgb-column-inner{}}@media screen and (max-width: 767px) {#advgb-col-e17ad67a-2291-420d-ae84-0fe58bc946f3>.advgb-column-inner{}}#advgb-col-7728cc63-1b5a-4b55-8ba6-8df61d582c88>.advgb-column-inner{}@media screen and (max-width: 1023px) {#advgb-col-7728cc63-1b5a-4b55-8ba6-8df61d582c88>.advgb-column-inner{}}@media screen and (max-width: 767px) {#advgb-col-7728cc63-1b5a-4b55-8ba6-8df61d582c88>.advgb-column-inner{}}#advgb-cols-d42b551e-b2c9-4689-a1be-b0e1a3dfc5dd{}@media screen and (max-width: 1023px) {#advgb-cols-d42b551e-b2c9-4689-a1be-b0e1a3dfc5dd{}}@media screen and (max-width: 767px) {#advgb-cols-d42b551e-b2c9-4689-a1be-b0e1a3dfc5dd{}}#advgb-col-a156ba0e-8cb8-40d8-b610-47c7f00264f2>.advgb-column-inner{}@media screen and (max-width: 1023px) {#advgb-col-a156ba0e-8cb8-40d8-b610-47c7f00264f2>.advgb-column-inner{}}@media screen and (max-width: 767px) {#advgb-col-a156ba0e-8cb8-40d8-b610-47c7f00264f2>.advgb-column-inner{}}#advgb-col-e17ad67a-2291-420d-ae84-0fe58bc946f3>.advgb-column-inner{}@media screen and (max-width: 1023px) {#advgb-col-e17ad67a-2291-420d-ae84-0fe58bc946f3>.advgb-column-inner{}}@media screen and (max-width: 767px) {#advgb-col-e17ad67a-2291-420d-ae84-0fe58bc946f3>.advgb-column-inner{}}#advgb-col-7728cc63-1b5a-4b55-8ba6-8df61d582c88>.advgb-column-inner{}@media screen and (max-width: 1023px) {#advgb-col-7728cc63-1b5a-4b55-8ba6-8df61d582c88>.advgb-column-inner{}}@media screen and (max-width: 767px) {#advgb-col-7728cc63-1b5a-4b55-8ba6-8df61d582c88>.advgb-column-inner{}}#advgb-cols-d42b551e-b2c9-4689-a1be-b0e1a3dfc5dd{}@media screen and (max-width: 1023px) {#advgb-cols-d42b551e-b2c9-4689-a1be-b0e1a3dfc5dd{}}@media screen and (max-width: 767px) {#advgb-cols-d42b551e-b2c9-4689-a1be-b0e1a3dfc5dd{}}#advgb-col-a156ba0e-8cb8-40d8-b610-47c7f00264f2>.advgb-column-inner{}@media screen and (max-width: 1023px) {#advgb-col-a156ba0e-8cb8-40d8-b610-47c7f00264f2>.advgb-column-inner{}}@media screen and (max-width: 767px) {#advgb-col-a156ba0e-8cb8-40d8-b610-47c7f00264f2>.advgb-column-inner{}}#advgb-col-e17ad67a-2291-420d-ae84-0fe58bc946f3>.advgb-column-inner{}@media screen and (max-width: 1023px) {#advgb-col-e17ad67a-2291-420d-ae84-0fe58bc946f3>.advgb-column-inner{}}@media screen and (max-width: 767px) {#advgb-col-e17ad67a-2291-420d-ae84-0fe58bc946f3>.advgb-column-inner{}}#advgb-col-7728cc63-1b5a-4b55-8ba6-8df61d582c88>.advgb-column-inner{}@media screen and (max-width: 1023px) {#advgb-col-7728cc63-1b5a-4b55-8ba6-8df61d582c88>.advgb-column-inner{}}@media screen and (max-width: 767px) {#advgb-col-7728cc63-1b5a-4b55-8ba6-8df61d582c88>.advgb-column-inner{}}<\/style>","protected":false},"excerpt":{"rendered":"<p>GT Impax \u2013 Fu\u00dfdruckmessplattform f\u00fcr pr\u00e4zise Druckanalyse Die schnelle und exakte Erfassung der plantaren Druckverteilung GT Impax ist die leistungsstarke Fu\u00dfdruckmessplattform zur schnellen und exakten Erfassung der plantaren Druckverteilung. Das System misst den Druck an den Fu\u00dfsohlen beim Barfu\u00dfgang und liefert eine verl\u00e4ssliche Grundlage f\u00fcr Analyse, Versorgung und Beratung. Mit 2.304 Sensoren auf einer 38 [&hellip;]<\/p>\n","protected":false},"author":8,"featured_media":0,"parent":12,"menu_order":0,"comment_status":"closed","ping_status":"closed","template":"","meta":{"inline_featured_image":false,"advgb_blocks_editor_width":"","advgb_blocks_columns_visual_guide":"","footnotes":""},"class_list":["post-365","page","type-page","status-publish","hentry"],"yoast_head":"<!-- This site is optimized with the Yoast SEO plugin v27.2 - https:\/\/yoast.com\/product\/yoast-seo-wordpress\/ -->\n<title>GT Impax -<\/title>\n<meta name=\"description\" content=\"GT Impax erfasst die plantare Druckverteilung beim Barfu\u00dfgang. Ideal f\u00fcr Fu\u00dfdruckanalyse, Beratung und orthop\u00e4dietechnische Versorgung.\" \/>\n<meta name=\"robots\" content=\"index, follow, max-snippet:-1, max-image-preview:large, max-video-preview:-1\" \/>\n<link rel=\"canonical\" href=\"https:\/\/go-tec.de\/it\/go-tec-system\/gt-impax\/\" \/>\n<meta property=\"og:locale\" content=\"it_IT\" \/>\n<meta property=\"og:type\" content=\"article\" \/>\n<meta property=\"og:title\" content=\"GT Impax -\" \/>\n<meta property=\"og:description\" content=\"GT Impax erfasst die plantare Druckverteilung beim Barfu\u00dfgang. Ideal f\u00fcr Fu\u00dfdruckanalyse, Beratung und orthop\u00e4dietechnische Versorgung.\" \/>\n<meta property=\"og:url\" content=\"https:\/\/go-tec.de\/it\/go-tec-system\/gt-impax\/\" \/>\n<meta property=\"article:modified_time\" content=\"2026-03-30T05:12:10+00:00\" \/>\n<meta property=\"og:image\" content=\"http:\/\/go-tec.de\/wp-content\/uploads\/sites\/2\/2026\/03\/go-tec_gt_impax_4-1024x683.png\" \/>\n<meta name=\"twitter:card\" content=\"summary_large_image\" \/>\n<meta name=\"twitter:label1\" content=\"Tempo di lettura stimato\" \/>\n\t<meta name=\"twitter:data1\" content=\"3 minuti\" \/>\n<script type=\"application\/ld+json\" class=\"yoast-schema-graph\">{\"@context\":\"https:\/\/schema.org\",\"@graph\":[{\"@type\":\"WebPage\",\"@id\":\"https:\/\/go-tec.de\/go-tec-system\/gt-impax\/\",\"url\":\"https:\/\/go-tec.de\/go-tec-system\/gt-impax\/\",\"name\":\"GT Impax -\",\"isPartOf\":{\"@id\":\"http:\/\/go-tec.de\/#website\"},\"primaryImageOfPage\":{\"@id\":\"https:\/\/go-tec.de\/go-tec-system\/gt-impax\/#primaryimage\"},\"image\":{\"@id\":\"https:\/\/go-tec.de\/go-tec-system\/gt-impax\/#primaryimage\"},\"thumbnailUrl\":\"http:\/\/go-tec.de\/wp-content\/uploads\/sites\/2\/2026\/03\/go-tec_gt_impax_4-1024x683.png\",\"datePublished\":\"2023-06-15T09:14:25+00:00\",\"dateModified\":\"2026-03-30T05:12:10+00:00\",\"description\":\"GT Impax erfasst die plantare Druckverteilung beim Barfu\u00dfgang. Ideal f\u00fcr Fu\u00dfdruckanalyse, Beratung und orthop\u00e4dietechnische Versorgung.\",\"breadcrumb\":{\"@id\":\"https:\/\/go-tec.de\/go-tec-system\/gt-impax\/#breadcrumb\"},\"inLanguage\":\"it-IT\",\"potentialAction\":[{\"@type\":\"ReadAction\",\"target\":[\"https:\/\/go-tec.de\/go-tec-system\/gt-impax\/\"]}]},{\"@type\":\"ImageObject\",\"inLanguage\":\"it-IT\",\"@id\":\"https:\/\/go-tec.de\/go-tec-system\/gt-impax\/#primaryimage\",\"url\":\"http:\/\/go-tec.de\/wp-content\/uploads\/sites\/2\/2026\/03\/go-tec_gt_impax_4-1024x683.png\",\"contentUrl\":\"http:\/\/go-tec.de\/wp-content\/uploads\/sites\/2\/2026\/03\/go-tec_gt_impax_4-1024x683.png\"},{\"@type\":\"BreadcrumbList\",\"@id\":\"https:\/\/go-tec.de\/go-tec-system\/gt-impax\/#breadcrumb\",\"itemListElement\":[{\"@type\":\"ListItem\",\"position\":1,\"name\":\"Startseite\",\"item\":\"http:\/\/go-tec.de\/\"},{\"@type\":\"ListItem\",\"position\":2,\"name\":\"go-tec System\",\"item\":\"https:\/\/go-tec.de\/go-tec-system\/\"},{\"@type\":\"ListItem\",\"position\":3,\"name\":\"GT Impax\"}]},{\"@type\":\"WebSite\",\"@id\":\"http:\/\/go-tec.de\/#website\",\"url\":\"http:\/\/go-tec.de\/\",\"name\":\"\",\"description\":\"\",\"potentialAction\":[{\"@type\":\"SearchAction\",\"target\":{\"@type\":\"EntryPoint\",\"urlTemplate\":\"http:\/\/go-tec.de\/?s={search_term_string}\"},\"query-input\":{\"@type\":\"PropertyValueSpecification\",\"valueRequired\":true,\"valueName\":\"search_term_string\"}}],\"inLanguage\":\"it-IT\"}]}<\/script>\n<!-- \/ Yoast SEO plugin. -->","yoast_head_json":{"title":"GT Impax -","description":"GT Impax erfasst die plantare Druckverteilung beim Barfu\u00dfgang. Ideal f\u00fcr Fu\u00dfdruckanalyse, Beratung und orthop\u00e4dietechnische Versorgung.","robots":{"index":"index","follow":"follow","max-snippet":"max-snippet:-1","max-image-preview":"max-image-preview:large","max-video-preview":"max-video-preview:-1"},"canonical":"https:\/\/go-tec.de\/it\/go-tec-system\/gt-impax\/","og_locale":"it_IT","og_type":"article","og_title":"GT Impax -","og_description":"GT Impax erfasst die plantare Druckverteilung beim Barfu\u00dfgang. Ideal f\u00fcr Fu\u00dfdruckanalyse, Beratung und orthop\u00e4dietechnische Versorgung.","og_url":"https:\/\/go-tec.de\/it\/go-tec-system\/gt-impax\/","article_modified_time":"2026-03-30T05:12:10+00:00","og_image":[{"url":"http:\/\/go-tec.de\/wp-content\/uploads\/sites\/2\/2026\/03\/go-tec_gt_impax_4-1024x683.png","type":"","width":"","height":""}],"twitter_card":"summary_large_image","twitter_misc":{"Tempo di lettura stimato":"3 minuti"},"schema":{"@context":"https:\/\/schema.org","@graph":[{"@type":"WebPage","@id":"https:\/\/go-tec.de\/go-tec-system\/gt-impax\/","url":"https:\/\/go-tec.de\/go-tec-system\/gt-impax\/","name":"GT Impax -","isPartOf":{"@id":"http:\/\/go-tec.de\/#website"},"primaryImageOfPage":{"@id":"https:\/\/go-tec.de\/go-tec-system\/gt-impax\/#primaryimage"},"image":{"@id":"https:\/\/go-tec.de\/go-tec-system\/gt-impax\/#primaryimage"},"thumbnailUrl":"http:\/\/go-tec.de\/wp-content\/uploads\/sites\/2\/2026\/03\/go-tec_gt_impax_4-1024x683.png","datePublished":"2023-06-15T09:14:25+00:00","dateModified":"2026-03-30T05:12:10+00:00","description":"GT Impax erfasst die plantare Druckverteilung beim Barfu\u00dfgang. Ideal f\u00fcr Fu\u00dfdruckanalyse, Beratung und orthop\u00e4dietechnische Versorgung.","breadcrumb":{"@id":"https:\/\/go-tec.de\/go-tec-system\/gt-impax\/#breadcrumb"},"inLanguage":"it-IT","potentialAction":[{"@type":"ReadAction","target":["https:\/\/go-tec.de\/go-tec-system\/gt-impax\/"]}]},{"@type":"ImageObject","inLanguage":"it-IT","@id":"https:\/\/go-tec.de\/go-tec-system\/gt-impax\/#primaryimage","url":"http:\/\/go-tec.de\/wp-content\/uploads\/sites\/2\/2026\/03\/go-tec_gt_impax_4-1024x683.png","contentUrl":"http:\/\/go-tec.de\/wp-content\/uploads\/sites\/2\/2026\/03\/go-tec_gt_impax_4-1024x683.png"},{"@type":"BreadcrumbList","@id":"https:\/\/go-tec.de\/go-tec-system\/gt-impax\/#breadcrumb","itemListElement":[{"@type":"ListItem","position":1,"name":"Startseite","item":"http:\/\/go-tec.de\/"},{"@type":"ListItem","position":2,"name":"go-tec System","item":"https:\/\/go-tec.de\/go-tec-system\/"},{"@type":"ListItem","position":3,"name":"GT Impax"}]},{"@type":"WebSite","@id":"http:\/\/go-tec.de\/#website","url":"http:\/\/go-tec.de\/","name":"","description":"","potentialAction":[{"@type":"SearchAction","target":{"@type":"EntryPoint","urlTemplate":"http:\/\/go-tec.de\/?s={search_term_string}"},"query-input":{"@type":"PropertyValueSpecification","valueRequired":true,"valueName":"search_term_string"}}],"inLanguage":"it-IT"}]}},"coauthors":[],"author_meta":{"author_link":"https:\/\/go-tec.de\/it\/author\/akoctar\/","display_name":"akoctar"},"relative_dates":{"created":"Pubblicato 3 anni fa","modified":"Aggiornato 3 settimane fa"},"absolute_dates":{"created":"Pubblicato il 15. Giugno 2023","modified":"Aggiornato il 30. Marzo 2026"},"absolute_dates_time":{"created":"Pubblicato il 15. Giugno 2023 11:14","modified":"Aggiornato il 30. Marzo 2026 7:12"},"featured_img_caption":"","featured_img":false,"series_order":"","_links":{"self":[{"href":"https:\/\/go-tec.de\/it\/wp-json\/wp\/v2\/pages\/365","targetHints":{"allow":["GET"]}}],"collection":[{"href":"https:\/\/go-tec.de\/it\/wp-json\/wp\/v2\/pages"}],"about":[{"href":"https:\/\/go-tec.de\/it\/wp-json\/wp\/v2\/types\/page"}],"author":[{"embeddable":true,"href":"https:\/\/go-tec.de\/it\/wp-json\/wp\/v2\/users\/8"}],"replies":[{"embeddable":true,"href":"https:\/\/go-tec.de\/it\/wp-json\/wp\/v2\/comments?post=365"}],"version-history":[{"count":34,"href":"https:\/\/go-tec.de\/it\/wp-json\/wp\/v2\/pages\/365\/revisions"}],"predecessor-version":[{"id":1398,"href":"https:\/\/go-tec.de\/it\/wp-json\/wp\/v2\/pages\/365\/revisions\/1398"}],"up":[{"embeddable":true,"href":"https:\/\/go-tec.de\/it\/wp-json\/wp\/v2\/pages\/12"}],"wp:attachment":[{"href":"https:\/\/go-tec.de\/it\/wp-json\/wp\/v2\/media?parent=365"}],"curies":[{"name":"wp","href":"https:\/\/api.w.org\/{rel}","templated":true}]}}