{"id":20,"date":"2022-09-13T12:18:48","date_gmt":"2022-09-13T10:18:48","guid":{"rendered":"https:\/\/cms.gebiom.group\/go-tec\/?page_id=20"},"modified":"2023-06-27T16:02:55","modified_gmt":"2023-06-27T14:02:55","slug":"digitalisierung-und-vernetzung","status":"publish","type":"page","link":"https:\/\/go-tec.de\/it\/digitalisierung-und-vernetzung\/","title":{"rendered":"Digitalizzazione e rete"},"content":{"rendered":"<div class=\"wp-block-cover is-light\" style=\"min-height:100vh;aspect-ratio:unset;\"><span aria-hidden=\"true\" class=\"wp-block-cover__background has-background-dim-30 has-background-dim\"><\/span><video class=\"wp-block-cover__video-background intrinsic-ignore\" autoplay muted loop playsinline src=\"https:\/\/cms.gebiom.group\/go-tec\/wp-content\/uploads\/sites\/2\/2022\/09\/GOT_Vernetzung_v04_stream_01.mp4\" data-object-fit=\"cover\"><\/video><div class=\"wp-block-cover__inner-container is-layout-flow wp-block-cover-is-layout-flow\">\n<div class=\"wp-block-group is-layout-flow wp-block-group-is-layout-flow\">\n<h2 class=\"wp-block-heading has-text-align-center px-3 px-md-4 px-lg-5 animated fadeInUp has-white-color has-text-color advgb-dyn-d1b1a091\">SOLUZIONE PER LA DIGITALIZZAZIONE E IL COLLEGAMENTO IN RETE<\/h2>\n<\/div>\n<\/div><\/div>\n\n\n\n<div class=\"wp-block-group mt-0 is-layout-flow wp-block-group-is-layout-flow advgb-dyn-f3c782a3\">\n<div class=\"wp-block-columns mt-0 gap-0 is-layout-flex wp-container-core-columns-is-layout-28f84493 wp-block-columns-is-layout-flex\">\n<div class=\"wp-block-column d-flex align-items-center has-blue-background-color has-background is-layout-flow wp-block-column-is-layout-flow\">\n<div class=\"wp-block-group py-5 px-3 px-md-4 px-lg-5 has-white-color has-text-color is-layout-constrained wp-container-core-group-is-layout-aae52aff wp-block-group-is-layout-constrained advgb-dyn-570ac0f0\">\n<h2 class=\"wp-block-heading animated fadeInUp advgb-dyn-8d22d4e6\">Soluzione per la digitalizzazione e il collegamento in rete<\/h2>\n\n\n\n<p class=\"animated fadeInUp\">Vi aiutiamo a sfruttare appieno il potenziale offerto dalla digitalizzazione dei vostri processi. Con un'ampia gamma di soluzioni, copriamo tutti i settori: dalla registrazione e l'ulteriore elaborazione dei dati relativi alle prescrizioni e alle misurazioni dei pazienti, ai semplici collegamenti con le soluzioni software del settore, fino al collegamento in rete completo delle vostre filiali.<\/p>\n<\/div>\n<\/div>\n\n\n\n<div class=\"wp-block-column is-layout-flow wp-block-column-is-layout-flow\">\n<div class=\"wp-block-cover is-light\" style=\"min-height:640px;aspect-ratio:unset;\"><span aria-hidden=\"true\" class=\"wp-block-cover__background has-background-dim-0 has-background-dim\"><\/span><img loading=\"lazy\" decoding=\"async\" width=\"2000\" height=\"1333\" class=\"wp-block-cover__image-background wp-image-204\" alt=\"\" src=\"https:\/\/cms.gebiom.group\/go-tec\/wp-content\/uploads\/sites\/2\/2022\/09\/Digitalisierung_1.jpg\" data-object-fit=\"cover\" srcset=\"https:\/\/go-tec.de\/wp-content\/uploads\/sites\/2\/2022\/09\/Digitalisierung_1.jpg 2000w, https:\/\/go-tec.de\/wp-content\/uploads\/sites\/2\/2022\/09\/Digitalisierung_1-300x200.jpg 300w, https:\/\/go-tec.de\/wp-content\/uploads\/sites\/2\/2022\/09\/Digitalisierung_1-1024x682.jpg 1024w, https:\/\/go-tec.de\/wp-content\/uploads\/sites\/2\/2022\/09\/Digitalisierung_1-768x512.jpg 768w, https:\/\/go-tec.de\/wp-content\/uploads\/sites\/2\/2022\/09\/Digitalisierung_1-1536x1024.jpg 1536w\" sizes=\"auto, (max-width: 2000px) 100vw, 2000px\" \/><div class=\"wp-block-cover__inner-container is-layout-flow wp-block-cover-is-layout-flow\">\n<p class=\"has-text-align-center\"><\/p>\n<\/div><\/div>\n<\/div>\n<\/div>\n\n\n\n<div class=\"wp-block-group py-5 px-3 px-md-4 px-lg-5 is-layout-flow wp-block-group-is-layout-flow\">\n<div class=\"wp-block-group is-layout-constrained wp-container-core-group-is-layout-703bee88 wp-block-group-is-layout-constrained advgb-dyn-6bbbaf52\">\n<h2 class=\"wp-block-heading has-text-align-center animated fadeInUp advgb-dyn-1203c71a\" style=\"text-transform:uppercase\">Abbinamento<\/h2>\n\n\n\n<p class=\"has-text-align-center animated fadeInUp has-blue-color has-text-color\"><a href=\"https:\/\/cms.gebiom.group\/go-tec\/go-tec-system\/\" data-type=\"page\" data-id=\"12\">Mostra tutti i prodotti...<\/a><\/p>\n\n\n\n<div class=\"wp-block-columns my-4 is-layout-flex wp-container-core-columns-is-layout-28f84493 wp-block-columns-is-layout-flex\">\n<div class=\"wp-block-column animated fadeInUp is-layout-flow wp-block-column-is-layout-flow\">\n<div class=\"wp-block-group is-layout-flow wp-block-group-is-layout-flow advgb-dyn-ac567526\">\n<figure class=\"wp-block-image aligncenter size-full\"><a href=\"https:\/\/go-tec.de\/it\/go-tec-system\/digitaler-einlagenprozess\/\"><img loading=\"lazy\" decoding=\"async\" width=\"250\" height=\"250\" src=\"https:\/\/cms.gebiom.group\/go-tec\/wp-content\/uploads\/sites\/2\/2022\/09\/h4_k2.jpg\" alt=\"\" class=\"wp-image-205\" srcset=\"https:\/\/go-tec.de\/wp-content\/uploads\/sites\/2\/2022\/09\/h4_k2.jpg 250w, https:\/\/go-tec.de\/wp-content\/uploads\/sites\/2\/2022\/09\/h4_k2-150x150.jpg 150w\" sizes=\"auto, (max-width: 250px) 100vw, 250px\" \/><\/a><\/figure>\n\n\n\n<p class=\"has-text-align-center\"><a href=\"https:\/\/cms.gebiom.group\/go-tec\/go-tec-system\/gp-filiale\/\" class=\"ek-link\">Filiale GP<\/a><\/p>\n<\/div>\n<\/div>\n\n\n\n<div class=\"wp-block-column animated fadeInUp delay-100ms is-layout-flow wp-block-column-is-layout-flow\">\n<div class=\"wp-block-group is-layout-flow wp-block-group-is-layout-flow advgb-dyn-ac567526\">\n<figure class=\"wp-block-image aligncenter size-full\"><a href=\"https:\/\/cms.gebiom.group\/go-tec\/go-tec-system\/gp-manager\/\"><img loading=\"lazy\" decoding=\"async\" width=\"250\" height=\"250\" src=\"https:\/\/cms.gebiom.group\/go-tec\/wp-content\/uploads\/sites\/2\/2022\/09\/h4_k1.jpg\" alt=\"\" class=\"wp-image-206\" srcset=\"https:\/\/go-tec.de\/wp-content\/uploads\/sites\/2\/2022\/09\/h4_k1.jpg 250w, https:\/\/go-tec.de\/wp-content\/uploads\/sites\/2\/2022\/09\/h4_k1-150x150.jpg 150w\" sizes=\"auto, (max-width: 250px) 100vw, 250px\" \/><\/a><\/figure>\n\n\n\n<p class=\"has-text-align-center\"><a href=\"https:\/\/cms.gebiom.group\/go-tec\/go-tec-system\/gp-manager\/\" class=\"ek-link\">Responsabile GP<\/a><\/p>\n<\/div>\n<\/div>\n\n\n\n<div class=\"wp-block-column animated fadeInUp delay-200ms is-layout-flow wp-block-column-is-layout-flow\"><\/div>\n\n\n\n<div class=\"wp-block-column animated fadeInUp delay-300ms is-layout-flow wp-block-column-is-layout-flow\"><\/div>\n<\/div>\n<\/div>\n<\/div>\n<\/div>\n\n\n\n<div class=\"wp-block-group mt-0 is-layout-flow wp-block-group-is-layout-flow advgb-dyn-f3c782a3\">\n<div class=\"wp-block-columns mt-0 gap-0 is-layout-flex wp-container-core-columns-is-layout-28f84493 wp-block-columns-is-layout-flex\">\n<div class=\"wp-block-column is-layout-flow wp-block-column-is-layout-flow\">\n<div class=\"wp-block-cover is-light\" style=\"min-height:640px;aspect-ratio:unset;\"><span aria-hidden=\"true\" class=\"wp-block-cover__background has-background-dim-0 has-background-dim\"><\/span><img loading=\"lazy\" decoding=\"async\" width=\"1920\" height=\"700\" class=\"wp-block-cover__image-background wp-image-207\" alt=\"\" src=\"https:\/\/cms.gebiom.group\/go-tec\/wp-content\/uploads\/sites\/2\/2022\/09\/go-tec_map.jpg\" data-object-fit=\"cover\" srcset=\"https:\/\/go-tec.de\/wp-content\/uploads\/sites\/2\/2022\/09\/go-tec_map.jpg 1920w, https:\/\/go-tec.de\/wp-content\/uploads\/sites\/2\/2022\/09\/go-tec_map-300x109.jpg 300w, https:\/\/go-tec.de\/wp-content\/uploads\/sites\/2\/2022\/09\/go-tec_map-1024x373.jpg 1024w, https:\/\/go-tec.de\/wp-content\/uploads\/sites\/2\/2022\/09\/go-tec_map-768x280.jpg 768w, https:\/\/go-tec.de\/wp-content\/uploads\/sites\/2\/2022\/09\/go-tec_map-1536x560.jpg 1536w\" sizes=\"auto, (max-width: 1920px) 100vw, 1920px\" \/><div class=\"wp-block-cover__inner-container is-layout-flow wp-block-cover-is-layout-flow\">\n<p class=\"has-text-align-center\"><\/p>\n<\/div><\/div>\n<\/div>\n\n\n\n<div class=\"wp-block-column d-flex align-items-center has-blue-background-color has-background is-layout-flow wp-block-column-is-layout-flow\">\n<div class=\"wp-block-group py-5 px-3 px-md-4 px-lg-5 has-white-color has-text-color is-layout-constrained wp-container-core-group-is-layout-aae52aff wp-block-group-is-layout-constrained advgb-dyn-570ac0f0\">\n<h2 class=\"wp-block-heading animated fadeInUp advgb-dyn-a6f88287\">Vi facciamo fare un passo avanti decisivo!<\/h2>\n\n\n\n<p class=\"animated fadeInUp\">Le nostre soluzioni sono presenti sul mercato da oltre 20 anni e sono utilizzate in tutto il mondo. Sviluppiamo e gestiamo il nostro software internamente presso la nostra sede di M\u00fcnster, dove forniamo anche assistenza e supporto. In questo modo, vi garantiamo la possibilit\u00e0 di concentrarvi pienamente su ci\u00f2 che vi sta pi\u00f9 a cuore: la fornitura ottimale del fattore umano.<\/p>\n<\/div>\n<\/div>\n<\/div>\n\n\n\n<div class=\"wp-block-group py-5 px-3 px-md-4 px-lg-5 is-layout-flow wp-block-group-is-layout-flow\">\n<div class=\"wp-block-group is-layout-constrained wp-container-core-group-is-layout-703bee88 wp-block-group-is-layout-constrained advgb-dyn-ac567526\">\n<h2 class=\"wp-block-heading has-text-align-center animated fadeInUp advgb-dyn-1203c71a\" style=\"text-transform:uppercase\">Abbinamento<\/h2>\n\n\n\n<p class=\"has-text-align-center animated fadeInUp has-blue-color has-text-color\"><a href=\"https:\/\/cms.gebiom.group\/go-tec\/go-tec-system\/\" data-type=\"page\" data-id=\"12\">Mostra tutti i prodotti...<\/a><\/p>\n<\/div>\n<\/div>\n<\/div>\n\n\n\n<div class=\"wp-block-group px-3 px-md-4 px-lg-5 contact-section has-white-color has-blue-background-color has-text-color has-background is-layout-constrained wp-container-core-group-is-layout-6e20cf48 wp-block-group-is-layout-constrained advgb-dyn-2eccdb19\">\n<div class=\"wp-block-columns py-5 is-layout-flex wp-container-core-columns-is-layout-28f84493 wp-block-columns-is-layout-flex\">\n<div class=\"wp-block-column animated fadeInLeft is-layout-flow wp-block-column-is-layout-flow\" style=\"flex-basis:66.66%\">\n<h3 class=\"wp-block-heading advgb-dyn-b31c1e16\">Saremo lieti di consigliarvi personalmente!<\/h3>\n\n\n\n<p>Vi richiameremo il prima possibile! <\/p>\n<\/div>\n\n\n\n<div class=\"wp-block-column is-vertically-aligned-center animated fadeInRight is-layout-flow wp-block-column-is-layout-flow\" style=\"flex-basis:33.33%\">\n<div class=\"wp-block-buttons animated fadeInUp mb-5 is-content-justification-center is-layout-flex wp-container-core-buttons-is-layout-a89b3969 wp-block-buttons-is-layout-flex\">\n<div class=\"wp-block-button is-style-fill advgb-dyn-3db009d7\"><a class=\"wp-block-button__link has-white-color has-green-background-color has-text-color has-background wp-element-button\" href=\"https:\/\/go-tec.de\/it\/kontaktsales\/\" style=\"border-radius:5px\">Alla richiesta di contatto<\/a><\/div>\n<\/div>\n<\/div>\n<\/div>\n<\/div>","protected":false},"excerpt":{"rendered":"<p>L\u00f6sung f\u00fcr Digitalisierung und Vernetzung Wir unterst\u00fctzen Sie dabei, das Potenzial, das Ihnen die Digitalisierung Ihrer Prozesse bietet, voll auszusch\u00f6pfen. Mit einer gro\u00dfen Bandbreite von L\u00f6sungen decken wir dabei s\u00e4mtliche Bereiche ab: von der Erfassung und Weiterverarbeitung von Patienten- Rezept- und Messdaten \u00fcber die einfache Verkn\u00fcpfung zu Branchensoftwarel\u00f6sungen bis zur umfassenden Vernetzung Ihrer Filialen. Passend [&hellip;]<\/p>\n","protected":false},"author":1,"featured_media":0,"parent":0,"menu_order":0,"comment_status":"closed","ping_status":"closed","template":"","meta":{"inline_featured_image":false,"advgb_blocks_editor_width":"","advgb_blocks_columns_visual_guide":"","footnotes":""},"class_list":["post-20","page","type-page","status-publish","hentry"],"yoast_head":"<!-- This site is optimized with the Yoast SEO plugin v27.2 - https:\/\/yoast.com\/product\/yoast-seo-wordpress\/ -->\n<title>Digitalisierung und Vernetzung<\/title>\n<meta name=\"description\" content=\"Wir unterst\u00fctzen Sie dabei, das Potenzial, das Ihnen die Digitalisierung Ihrer Prozesse von Einlagen und orthop\u00e4dischen Ma\u00dfschuhen bietet, voll auszusch\u00f6pfen.\" \/>\n<meta name=\"robots\" content=\"index, follow, max-snippet:-1, max-image-preview:large, max-video-preview:-1\" \/>\n<link rel=\"canonical\" href=\"http:\/\/go-tec.de\/it\/digitalisierung-und-vernetzung\/\" \/>\n<meta property=\"og:locale\" content=\"it_IT\" \/>\n<meta property=\"og:type\" content=\"article\" \/>\n<meta property=\"og:title\" content=\"Digitalisierung und Vernetzung\" \/>\n<meta property=\"og:description\" content=\"Wir unterst\u00fctzen Sie dabei, das Potenzial, das Ihnen die Digitalisierung Ihrer Prozesse von Einlagen und orthop\u00e4dischen Ma\u00dfschuhen bietet, voll auszusch\u00f6pfen.\" \/>\n<meta property=\"og:url\" content=\"http:\/\/go-tec.de\/it\/digitalisierung-und-vernetzung\/\" \/>\n<meta property=\"article:modified_time\" content=\"2023-06-27T14:02:55+00:00\" \/>\n<meta property=\"og:image\" content=\"https:\/\/cms.gebiom.group\/go-tec\/wp-content\/uploads\/sites\/2\/2022\/09\/Digitalisierung_1.jpg\" \/>\n<meta name=\"twitter:card\" content=\"summary_large_image\" \/>\n<meta name=\"twitter:label1\" content=\"Tempo di lettura stimato\" \/>\n\t<meta name=\"twitter:data1\" content=\"2 minuti\" \/>\n<script type=\"application\/ld+json\" class=\"yoast-schema-graph\">{\"@context\":\"https:\/\/schema.org\",\"@graph\":[{\"@type\":\"WebPage\",\"@id\":\"http:\/\/go-tec.de\/en\/digitalisierung-und-vernetzung\/\",\"url\":\"http:\/\/go-tec.de\/en\/digitalisierung-und-vernetzung\/\",\"name\":\"Digitalisierung und Vernetzung\",\"isPartOf\":{\"@id\":\"https:\/\/go-tec.de\/en\/#website\"},\"primaryImageOfPage\":{\"@id\":\"http:\/\/go-tec.de\/en\/digitalisierung-und-vernetzung\/#primaryimage\"},\"image\":{\"@id\":\"http:\/\/go-tec.de\/en\/digitalisierung-und-vernetzung\/#primaryimage\"},\"thumbnailUrl\":\"https:\/\/cms.gebiom.group\/go-tec\/wp-content\/uploads\/sites\/2\/2022\/09\/Digitalisierung_1.jpg\",\"datePublished\":\"2022-09-13T10:18:48+00:00\",\"dateModified\":\"2023-06-27T14:02:55+00:00\",\"description\":\"Wir unterst\u00fctzen Sie dabei, das Potenzial, das Ihnen die Digitalisierung Ihrer Prozesse von Einlagen und orthop\u00e4dischen Ma\u00dfschuhen bietet, voll auszusch\u00f6pfen.\",\"breadcrumb\":{\"@id\":\"http:\/\/go-tec.de\/en\/digitalisierung-und-vernetzung\/#breadcrumb\"},\"inLanguage\":\"it-IT\",\"potentialAction\":[{\"@type\":\"ReadAction\",\"target\":[\"http:\/\/go-tec.de\/en\/digitalisierung-und-vernetzung\/\"]}]},{\"@type\":\"ImageObject\",\"inLanguage\":\"it-IT\",\"@id\":\"http:\/\/go-tec.de\/en\/digitalisierung-und-vernetzung\/#primaryimage\",\"url\":\"https:\/\/cms.gebiom.group\/go-tec\/wp-content\/uploads\/sites\/2\/2022\/09\/Digitalisierung_1.jpg\",\"contentUrl\":\"https:\/\/cms.gebiom.group\/go-tec\/wp-content\/uploads\/sites\/2\/2022\/09\/Digitalisierung_1.jpg\"},{\"@type\":\"BreadcrumbList\",\"@id\":\"http:\/\/go-tec.de\/en\/digitalisierung-und-vernetzung\/#breadcrumb\",\"itemListElement\":[{\"@type\":\"ListItem\",\"position\":1,\"name\":\"Startseite\",\"item\":\"https:\/\/go-tec.de\/\"},{\"@type\":\"ListItem\",\"position\":2,\"name\":\"Digitalisierung und Vernetzung\"}]},{\"@type\":\"WebSite\",\"@id\":\"https:\/\/go-tec.de\/en\/#website\",\"url\":\"https:\/\/go-tec.de\/en\/\",\"name\":\"\",\"description\":\"\",\"potentialAction\":[{\"@type\":\"SearchAction\",\"target\":{\"@type\":\"EntryPoint\",\"urlTemplate\":\"https:\/\/go-tec.de\/en\/?s={search_term_string}\"},\"query-input\":{\"@type\":\"PropertyValueSpecification\",\"valueRequired\":true,\"valueName\":\"search_term_string\"}}],\"inLanguage\":\"it-IT\"}]}<\/script>\n<!-- \/ Yoast SEO plugin. -->","yoast_head_json":{"title":"Digitalizzazione e rete","description":"Vi aiutiamo a sfruttare appieno il potenziale offerto dalla digitalizzazione dei processi di produzione di plantari e calzature ortopediche personalizzate.","robots":{"index":"index","follow":"follow","max-snippet":"max-snippet:-1","max-image-preview":"max-image-preview:large","max-video-preview":"max-video-preview:-1"},"canonical":"http:\/\/go-tec.de\/it\/digitalisierung-und-vernetzung\/","og_locale":"it_IT","og_type":"article","og_title":"Digitalisierung und Vernetzung","og_description":"Wir unterst\u00fctzen Sie dabei, das Potenzial, das Ihnen die Digitalisierung Ihrer Prozesse von Einlagen und orthop\u00e4dischen Ma\u00dfschuhen bietet, voll auszusch\u00f6pfen.","og_url":"http:\/\/go-tec.de\/it\/digitalisierung-und-vernetzung\/","article_modified_time":"2023-06-27T14:02:55+00:00","og_image":[{"url":"https:\/\/cms.gebiom.group\/go-tec\/wp-content\/uploads\/sites\/2\/2022\/09\/Digitalisierung_1.jpg","type":"","width":"","height":""}],"twitter_card":"summary_large_image","twitter_misc":{"Tempo di lettura stimato":"2 minuti"},"schema":{"@context":"https:\/\/schema.org","@graph":[{"@type":"WebPage","@id":"http:\/\/go-tec.de\/en\/digitalisierung-und-vernetzung\/","url":"http:\/\/go-tec.de\/en\/digitalisierung-und-vernetzung\/","name":"Digitalizzazione e rete","isPartOf":{"@id":"https:\/\/go-tec.de\/en\/#website"},"primaryImageOfPage":{"@id":"http:\/\/go-tec.de\/en\/digitalisierung-und-vernetzung\/#primaryimage"},"image":{"@id":"http:\/\/go-tec.de\/en\/digitalisierung-und-vernetzung\/#primaryimage"},"thumbnailUrl":"https:\/\/cms.gebiom.group\/go-tec\/wp-content\/uploads\/sites\/2\/2022\/09\/Digitalisierung_1.jpg","datePublished":"2022-09-13T10:18:48+00:00","dateModified":"2023-06-27T14:02:55+00:00","description":"Vi aiutiamo a sfruttare appieno il potenziale offerto dalla digitalizzazione dei processi di produzione di plantari e calzature ortopediche personalizzate.","breadcrumb":{"@id":"http:\/\/go-tec.de\/en\/digitalisierung-und-vernetzung\/#breadcrumb"},"inLanguage":"it-IT","potentialAction":[{"@type":"ReadAction","target":["http:\/\/go-tec.de\/en\/digitalisierung-und-vernetzung\/"]}]},{"@type":"ImageObject","inLanguage":"it-IT","@id":"http:\/\/go-tec.de\/en\/digitalisierung-und-vernetzung\/#primaryimage","url":"https:\/\/cms.gebiom.group\/go-tec\/wp-content\/uploads\/sites\/2\/2022\/09\/Digitalisierung_1.jpg","contentUrl":"https:\/\/cms.gebiom.group\/go-tec\/wp-content\/uploads\/sites\/2\/2022\/09\/Digitalisierung_1.jpg"},{"@type":"BreadcrumbList","@id":"http:\/\/go-tec.de\/en\/digitalisierung-und-vernetzung\/#breadcrumb","itemListElement":[{"@type":"ListItem","position":1,"name":"Startseite","item":"https:\/\/go-tec.de\/"},{"@type":"ListItem","position":2,"name":"Digitalisierung und Vernetzung"}]},{"@type":"WebSite","@id":"https:\/\/go-tec.de\/en\/#website","url":"https:\/\/go-tec.de\/en\/","name":"","description":"","potentialAction":[{"@type":"SearchAction","target":{"@type":"EntryPoint","urlTemplate":"https:\/\/go-tec.de\/en\/?s={search_term_string}"},"query-input":{"@type":"PropertyValueSpecification","valueRequired":true,"valueName":"search_term_string"}}],"inLanguage":"it-IT"}]}},"coauthors":[],"author_meta":{"author_link":"https:\/\/go-tec.de\/it\/author\/mhorn\/","display_name":"MHorn"},"relative_dates":{"created":"Pubblicato 4 anni fa","modified":"Aggiornato 3 anni fa"},"absolute_dates":{"created":"Pubblicato il 13. Settembre 2022","modified":"Aggiornato il 27. Giugno 2023"},"absolute_dates_time":{"created":"Pubblicato il 13. Settembre 2022 12:18","modified":"Aggiornato il 27. Giugno 2023 16:02"},"featured_img_caption":"","featured_img":false,"series_order":"","_links":{"self":[{"href":"https:\/\/go-tec.de\/it\/wp-json\/wp\/v2\/pages\/20","targetHints":{"allow":["GET"]}}],"collection":[{"href":"https:\/\/go-tec.de\/it\/wp-json\/wp\/v2\/pages"}],"about":[{"href":"https:\/\/go-tec.de\/it\/wp-json\/wp\/v2\/types\/page"}],"author":[{"embeddable":true,"href":"https:\/\/go-tec.de\/it\/wp-json\/wp\/v2\/users\/1"}],"replies":[{"embeddable":true,"href":"https:\/\/go-tec.de\/it\/wp-json\/wp\/v2\/comments?post=20"}],"version-history":[{"count":8,"href":"https:\/\/go-tec.de\/it\/wp-json\/wp\/v2\/pages\/20\/revisions"}],"predecessor-version":[{"id":640,"href":"https:\/\/go-tec.de\/it\/wp-json\/wp\/v2\/pages\/20\/revisions\/640"}],"wp:attachment":[{"href":"https:\/\/go-tec.de\/it\/wp-json\/wp\/v2\/media?parent=20"}],"curies":[{"name":"wp","href":"https:\/\/api.w.org\/{rel}","templated":true}]}}