{"id":16,"date":"2022-09-13T12:17:53","date_gmt":"2022-09-13T10:17:53","guid":{"rendered":"https:\/\/cms.gebiom.group\/go-tec\/?page_id=16"},"modified":"2023-06-22T16:09:07","modified_gmt":"2023-06-22T14:09:07","slug":"hightech-versorgung","status":"publish","type":"page","link":"https:\/\/go-tec.de\/it\/hightech-versorgung\/","title":{"rendered":"Fornitura ad alta tecnologia"},"content":{"rendered":"<div class=\"wp-block-cover is-light\" style=\"min-height:100vh;aspect-ratio:unset;\"><span aria-hidden=\"true\" class=\"wp-block-cover__background has-background-dim-30 has-background-dim\"><\/span><video class=\"wp-block-cover__video-background intrinsic-ignore\" autoplay muted loop playsinline src=\"https:\/\/cms.gebiom.group\/go-tec\/wp-content\/uploads\/sites\/2\/2022\/09\/Hightech.mp4\" data-object-fit=\"cover\"><\/video><div class=\"wp-block-cover__inner-container is-layout-flow wp-block-cover-is-layout-flow\">\n<div class=\"wp-block-group is-layout-flow wp-block-group-is-layout-flow\">\n<h2 class=\"wp-block-heading has-text-align-center px-3 px-md-4 px-lg-5 animated fadeInUp has-white-color has-text-color advgb-dyn-e5fe6c6d\">ALTA TECNOLOGIA PER UNA CURA OTTIMALE<\/h2>\n<\/div>\n<\/div><\/div>\n\n\n\n<div class=\"wp-block-group mt-0 is-layout-flow wp-block-group-is-layout-flow advgb-dyn-f3c782a3\">\n<div class=\"wp-block-columns mt-0 gap-0 is-layout-flex wp-container-core-columns-is-layout-28f84493 wp-block-columns-is-layout-flex\">\n<div class=\"wp-block-column d-flex align-items-center has-blue-background-color has-background is-layout-flow wp-block-column-is-layout-flow\">\n<div class=\"wp-block-group py-5 px-3 px-md-4 px-lg-5 has-white-color has-text-color is-layout-constrained wp-container-core-group-is-layout-aae52aff wp-block-group-is-layout-constrained advgb-dyn-c253cca3\">\n<h2 class=\"wp-block-heading animated fadeInUp advgb-dyn-81590abe\">Alta tecnologia per una cura ottimale<\/h2>\n\n\n\n<p class=\"animated fadeInUp\">La stampa 3D \u00e8 la tecnologia del futuro, anche nel settore ortopedico! In qualit\u00e0 di nostri clienti, potete beneficiare gi\u00e0 oggi dei vantaggi della stampa 3D. Solette <strong>Prodotto da CUBIX<\/strong> in-house significa portare la sostenibilit\u00e0 nella produzione di solette. <\/p>\n\n\n\n<p class=\"animated fadeInUp\">Producendo le vostre forme e scarpe di prova, apportate un valore aggiunto alla vostra azienda e vi posizionate come fornitore di servizi innovativi con tempi di consegna brevi per i vostri clienti.<\/p>\n<\/div>\n<\/div>\n\n\n\n<div class=\"wp-block-column is-layout-flow wp-block-column-is-layout-flow\">\n<div class=\"wp-block-cover\" style=\"min-height:640px;aspect-ratio:unset;\"><span aria-hidden=\"true\" class=\"wp-block-cover__background has-background-dim-0 has-background-dim\"><\/span><img loading=\"lazy\" decoding=\"async\" width=\"1675\" height=\"1675\" class=\"wp-block-cover__image-background wp-image-555\" alt=\"\" src=\"https:\/\/go-tec.de\/wp-content\/uploads\/sites\/2\/2023\/06\/MicrosoftTeams-image-64.png\" data-object-fit=\"cover\" srcset=\"https:\/\/go-tec.de\/wp-content\/uploads\/sites\/2\/2023\/06\/MicrosoftTeams-image-64.png 1675w, https:\/\/go-tec.de\/wp-content\/uploads\/sites\/2\/2023\/06\/MicrosoftTeams-image-64-300x300.png 300w, https:\/\/go-tec.de\/wp-content\/uploads\/sites\/2\/2023\/06\/MicrosoftTeams-image-64-1024x1024.png 1024w, https:\/\/go-tec.de\/wp-content\/uploads\/sites\/2\/2023\/06\/MicrosoftTeams-image-64-150x150.png 150w, https:\/\/go-tec.de\/wp-content\/uploads\/sites\/2\/2023\/06\/MicrosoftTeams-image-64-768x768.png 768w, https:\/\/go-tec.de\/wp-content\/uploads\/sites\/2\/2023\/06\/MicrosoftTeams-image-64-1536x1536.png 1536w\" sizes=\"auto, (max-width: 1675px) 100vw, 1675px\" \/><div class=\"wp-block-cover__inner-container is-layout-flow wp-block-cover-is-layout-flow\">\n<p class=\"has-text-align-center\"><\/p>\n<\/div><\/div>\n<\/div>\n<\/div>\n\n\n\n<div class=\"wp-block-group py-5 px-3 px-md-4 px-lg-5 is-layout-flow wp-block-group-is-layout-flow\">\n<div class=\"wp-block-group is-layout-constrained wp-container-core-group-is-layout-703bee88 wp-block-group-is-layout-constrained advgb-dyn-6bbbaf52\">\n<h2 class=\"wp-block-heading has-text-align-center animated fadeInUp advgb-dyn-1203c71a\" style=\"text-transform:uppercase\">Abbinamento<\/h2>\n\n\n\n<p class=\"has-text-align-center animated fadeInUp has-blue-color has-text-color\"><a href=\"https:\/\/cms.gebiom.group\/go-tec\/go-tec-system\/\" data-type=\"page\" data-id=\"12\">Mostra tutti i prodotti...<\/a><\/p>\n\n\n\n<div class=\"wp-block-columns my-4 is-layout-flex wp-container-core-columns-is-layout-28f84493 wp-block-columns-is-layout-flex\">\n<div class=\"wp-block-column animated fadeInUp is-layout-flow wp-block-column-is-layout-flow\">\n<div class=\"wp-block-group is-layout-flow wp-block-group-is-layout-flow advgb-dyn-ac567526\">\n<figure class=\"wp-block-image aligncenter size-large\"><a href=\"https:\/\/go-tec.de\/it\/go-tec-system\/gp-lp-333\/\"><img loading=\"lazy\" decoding=\"async\" width=\"1024\" height=\"1024\" src=\"https:\/\/go-tec.de\/wp-content\/uploads\/sites\/2\/2023\/06\/MicrosoftTeams-image-64-1024x1024.png\" alt=\"\" class=\"wp-image-555\" srcset=\"https:\/\/go-tec.de\/wp-content\/uploads\/sites\/2\/2023\/06\/MicrosoftTeams-image-64-1024x1024.png 1024w, https:\/\/go-tec.de\/wp-content\/uploads\/sites\/2\/2023\/06\/MicrosoftTeams-image-64-300x300.png 300w, https:\/\/go-tec.de\/wp-content\/uploads\/sites\/2\/2023\/06\/MicrosoftTeams-image-64-150x150.png 150w, https:\/\/go-tec.de\/wp-content\/uploads\/sites\/2\/2023\/06\/MicrosoftTeams-image-64-768x768.png 768w, https:\/\/go-tec.de\/wp-content\/uploads\/sites\/2\/2023\/06\/MicrosoftTeams-image-64-1536x1536.png 1536w, https:\/\/go-tec.de\/wp-content\/uploads\/sites\/2\/2023\/06\/MicrosoftTeams-image-64.png 1675w\" sizes=\"auto, (max-width: 1024px) 100vw, 1024px\" \/><\/a><\/figure>\n\n\n\n<p class=\"has-text-align-center\"><a href=\"https:\/\/go-tec.de\/it\/go-tec-system\/gp-lp-333\/\" class=\"ek-link\">GT Jake<\/a><\/p>\n<\/div>\n<\/div>\n\n\n\n<div class=\"wp-block-column animated fadeInUp delay-100ms is-layout-flow wp-block-column-is-layout-flow\">\n<div class=\"wp-block-group is-layout-flow wp-block-group-is-layout-flow advgb-dyn-ac567526\">\n<figure class=\"wp-block-image aligncenter size-large\"><a href=\"https:\/\/www.cubix.rocks\/\"><img loading=\"lazy\" decoding=\"async\" width=\"1024\" height=\"946\" src=\"https:\/\/go-tec.de\/wp-content\/uploads\/sites\/2\/2023\/06\/MicrosoftTeams-image-81-1024x946.jpg\" alt=\"Mike V2\" class=\"wp-image-573\" srcset=\"https:\/\/go-tec.de\/wp-content\/uploads\/sites\/2\/2023\/06\/MicrosoftTeams-image-81-1024x946.jpg 1024w, https:\/\/go-tec.de\/wp-content\/uploads\/sites\/2\/2023\/06\/MicrosoftTeams-image-81-300x277.jpg 300w, https:\/\/go-tec.de\/wp-content\/uploads\/sites\/2\/2023\/06\/MicrosoftTeams-image-81-768x709.jpg 768w, https:\/\/go-tec.de\/wp-content\/uploads\/sites\/2\/2023\/06\/MicrosoftTeams-image-81-1536x1419.jpg 1536w, https:\/\/go-tec.de\/wp-content\/uploads\/sites\/2\/2023\/06\/MicrosoftTeams-image-81-2048x1892.jpg 2048w\" sizes=\"auto, (max-width: 1024px) 100vw, 1024px\" \/><\/a><\/figure>\n\n\n\n<p class=\"has-text-align-center\"><a href=\"https:\/\/www.cubix.rocks\/\" class=\"ek-link\">Stampa ad intarsio CUBIX<\/a><\/p>\n<\/div>\n<\/div>\n\n\n\n<div class=\"wp-block-column animated fadeInUp delay-200ms is-layout-flow wp-block-column-is-layout-flow\">\n<div class=\"wp-block-group is-layout-flow wp-block-group-is-layout-flow advgb-dyn-ac567526\">\n<figure class=\"wp-block-image aligncenter size-full\"><a href=\"https:\/\/cms.gebiom.group\/go-tec\/go-tec-system\/gp-insole-cad\/\"><img loading=\"lazy\" decoding=\"async\" width=\"250\" height=\"250\" src=\"https:\/\/cms.gebiom.group\/go-tec\/wp-content\/uploads\/sites\/2\/2022\/09\/h2_k3.jpg\" alt=\"\" class=\"wp-image-182\" srcset=\"https:\/\/go-tec.de\/wp-content\/uploads\/sites\/2\/2022\/09\/h2_k3.jpg 250w, https:\/\/go-tec.de\/wp-content\/uploads\/sites\/2\/2022\/09\/h2_k3-150x150.jpg 150w\" sizes=\"auto, (max-width: 250px) 100vw, 250px\" \/><\/a><\/figure>\n\n\n\n<p class=\"has-text-align-center\"><a href=\"https:\/\/cms.gebiom.group\/go-tec\/go-tec-system\/gp-insole-cad\/\" class=\"ek-link\">Soletta GP CAD<\/a><\/p>\n<\/div>\n<\/div>\n\n\n\n<div class=\"wp-block-column animated fadeInUp delay-300ms is-layout-flow wp-block-column-is-layout-flow\">\n<div class=\"wp-block-group is-layout-flow wp-block-group-is-layout-flow advgb-dyn-ac567526\">\n<figure class=\"wp-block-image aligncenter size-full\"><a href=\"https:\/\/cms.gebiom.group\/go-tec\/go-tec-system\/gp-opticad\/\"><img loading=\"lazy\" decoding=\"async\" width=\"250\" height=\"250\" src=\"https:\/\/cms.gebiom.group\/go-tec\/wp-content\/uploads\/sites\/2\/2022\/09\/h2_k4.jpg\" alt=\"\" class=\"wp-image-183\" srcset=\"https:\/\/go-tec.de\/wp-content\/uploads\/sites\/2\/2022\/09\/h2_k4.jpg 250w, https:\/\/go-tec.de\/wp-content\/uploads\/sites\/2\/2022\/09\/h2_k4-150x150.jpg 150w\" sizes=\"auto, (max-width: 250px) 100vw, 250px\" \/><\/a><\/figure>\n\n\n\n<p class=\"has-text-align-center\"><a href=\"https:\/\/cms.gebiom.group\/go-tec\/go-tec-system\/gp-opticad\/\" class=\"ek-link\">GP OptiCAD<\/a><\/p>\n<\/div>\n<\/div>\n<\/div>\n<\/div>\n<\/div>\n<\/div>\n\n\n\n<div class=\"wp-block-group is-layout-flow wp-block-group-is-layout-flow\">\n<div class=\"wp-block-columns mt-0 gap-0 is-layout-flex wp-container-core-columns-is-layout-28f84493 wp-block-columns-is-layout-flex\">\n<div class=\"wp-block-column is-layout-flow wp-block-column-is-layout-flow\">\n<div class=\"wp-block-cover is-light\" style=\"min-height:640px;aspect-ratio:unset;\"><span aria-hidden=\"true\" class=\"wp-block-cover__background has-background-dim-0 has-background-dim\"><\/span><img loading=\"lazy\" decoding=\"async\" width=\"2000\" height=\"1333\" class=\"wp-block-cover__image-background wp-image-187\" alt=\"\" src=\"https:\/\/cms.gebiom.group\/go-tec\/wp-content\/uploads\/sites\/2\/2022\/09\/GP_M304_1.jpg\" data-object-fit=\"cover\" srcset=\"https:\/\/go-tec.de\/wp-content\/uploads\/sites\/2\/2022\/09\/GP_M304_1.jpg 2000w, https:\/\/go-tec.de\/wp-content\/uploads\/sites\/2\/2022\/09\/GP_M304_1-300x200.jpg 300w, https:\/\/go-tec.de\/wp-content\/uploads\/sites\/2\/2022\/09\/GP_M304_1-1024x682.jpg 1024w, https:\/\/go-tec.de\/wp-content\/uploads\/sites\/2\/2022\/09\/GP_M304_1-768x512.jpg 768w, https:\/\/go-tec.de\/wp-content\/uploads\/sites\/2\/2022\/09\/GP_M304_1-1536x1024.jpg 1536w\" sizes=\"auto, (max-width: 2000px) 100vw, 2000px\" \/><div class=\"wp-block-cover__inner-container is-layout-flow wp-block-cover-is-layout-flow\">\n<p class=\"has-text-align-center\"><\/p>\n<\/div><\/div>\n<\/div>\n\n\n\n<div class=\"wp-block-column d-flex align-items-center has-blue-background-color has-background is-layout-flow wp-block-column-is-layout-flow\">\n<div class=\"wp-block-group py-5 px-3 px-md-4 px-lg-5 has-white-color has-text-color is-layout-constrained wp-container-core-group-is-layout-aae52aff wp-block-group-is-layout-constrained advgb-dyn-570ac0f0\">\n<h2 class=\"wp-block-heading animated fadeInUp advgb-dyn-f5b881c7\">Vi offriamo strumenti adatti alle vostre esigenze!<\/h2>\n\n\n\n<p class=\"animated fadeInUp\">Grazie alle loro elevate velocit\u00e0 di produzione, le nostre fresatrici CNC vi offrono la possibilit\u00e0 di fornire ai vostri clienti la migliore assistenza personalizzata in tempi brevi. Dalla misurazione della pressione interna della scarpa agli scanner laser 3D: insieme ai nostri partner di lunga data, sviluppiamo, testiamo e produciamo con precisione i prodotti innovativi di cui avete bisogno per una cura ottimale.<\/p>\n<\/div>\n<\/div>\n<\/div>\n\n\n\n<div class=\"wp-block-group py-5 px-3 px-md-4 px-lg-5 is-layout-flow wp-block-group-is-layout-flow\">\n<div class=\"wp-block-group is-layout-constrained wp-block-group-is-layout-constrained advgb-dyn-6bbbaf52\">\n<h2 class=\"wp-block-heading has-text-align-center animated fadeInUp advgb-dyn-1203c71a\" style=\"text-transform:uppercase\">Abbinamento<\/h2>\n\n\n\n<p class=\"has-text-align-center animated fadeInUp has-blue-color has-text-color\"><a href=\"https:\/\/cms.gebiom.group\/go-tec\/go-tec-system\/\" data-type=\"page\" data-id=\"12\">Mostra tutti i prodotti...<\/a><\/p>\n\n\n\n<div class=\"wp-block-columns my-4 is-layout-flex wp-container-core-columns-is-layout-28f84493 wp-block-columns-is-layout-flex\">\n<div class=\"wp-block-column animated fadeInUp is-layout-flow wp-block-column-is-layout-flow\">\n<div class=\"wp-block-group is-layout-flow wp-block-group-is-layout-flow advgb-dyn-ac567526\">\n<figure class=\"wp-block-image aligncenter size-full\"><img loading=\"lazy\" decoding=\"async\" width=\"250\" height=\"250\" src=\"https:\/\/cms.gebiom.group\/go-tec\/wp-content\/uploads\/sites\/2\/2022\/09\/h2_k5.jpg\" alt=\"\" class=\"wp-image-188\" srcset=\"https:\/\/go-tec.de\/wp-content\/uploads\/sites\/2\/2022\/09\/h2_k5.jpg 250w, https:\/\/go-tec.de\/wp-content\/uploads\/sites\/2\/2022\/09\/h2_k5-150x150.jpg 150w\" sizes=\"auto, (max-width: 250px) 100vw, 250px\" \/><\/figure>\n\n\n\n<p class=\"has-text-align-center\">GP M253<\/p>\n<\/div>\n<\/div>\n\n\n\n<div class=\"wp-block-column animated fadeInUp delay-100ms is-layout-flow wp-block-column-is-layout-flow\">\n<div class=\"wp-block-group is-layout-flow wp-block-group-is-layout-flow advgb-dyn-ac567526\">\n<figure class=\"wp-block-image aligncenter size-full\"><img loading=\"lazy\" decoding=\"async\" width=\"250\" height=\"250\" src=\"https:\/\/cms.gebiom.group\/go-tec\/wp-content\/uploads\/sites\/2\/2022\/09\/h2_k6.jpg\" alt=\"\" class=\"wp-image-189\" srcset=\"https:\/\/go-tec.de\/wp-content\/uploads\/sites\/2\/2022\/09\/h2_k6.jpg 250w, https:\/\/go-tec.de\/wp-content\/uploads\/sites\/2\/2022\/09\/h2_k6-150x150.jpg 150w\" sizes=\"auto, (max-width: 250px) 100vw, 250px\" \/><\/figure>\n\n\n\n<p class=\"has-text-align-center\">GP M320<\/p>\n<\/div>\n<\/div>\n\n\n\n<div class=\"wp-block-column animated fadeInUp delay-200ms is-layout-flow wp-block-column-is-layout-flow\">\n<div class=\"wp-block-group is-layout-flow wp-block-group-is-layout-flow advgb-dyn-ac567526\">\n<figure class=\"wp-block-image aligncenter size-full\"><img loading=\"lazy\" decoding=\"async\" width=\"250\" height=\"250\" src=\"https:\/\/cms.gebiom.group\/go-tec\/wp-content\/uploads\/sites\/2\/2022\/09\/h2_k7.jpg\" alt=\"\" class=\"wp-image-190\" srcset=\"https:\/\/go-tec.de\/wp-content\/uploads\/sites\/2\/2022\/09\/h2_k7.jpg 250w, https:\/\/go-tec.de\/wp-content\/uploads\/sites\/2\/2022\/09\/h2_k7-150x150.jpg 150w\" sizes=\"auto, (max-width: 250px) 100vw, 250px\" \/><\/figure>\n\n\n\n<p class=\"has-text-align-center\">GP M451<\/p>\n<\/div>\n<\/div>\n\n\n\n<div class=\"wp-block-column animated fadeInUp delay-300ms is-layout-flow wp-block-column-is-layout-flow\">\n<div class=\"wp-block-group is-layout-flow wp-block-group-is-layout-flow advgb-dyn-ac567526\">\n<figure class=\"wp-block-image aligncenter size-full\"><img loading=\"lazy\" decoding=\"async\" width=\"250\" height=\"250\" src=\"https:\/\/cms.gebiom.group\/go-tec\/wp-content\/uploads\/sites\/2\/2022\/09\/h2_k8.jpg\" alt=\"\" class=\"wp-image-191\" srcset=\"https:\/\/go-tec.de\/wp-content\/uploads\/sites\/2\/2022\/09\/h2_k8.jpg 250w, https:\/\/go-tec.de\/wp-content\/uploads\/sites\/2\/2022\/09\/h2_k8-150x150.jpg 150w\" sizes=\"auto, (max-width: 250px) 100vw, 250px\" \/><\/figure>\n\n\n\n<p class=\"has-text-align-center\">GP M401\/401xxl<\/p>\n<\/div>\n<\/div>\n<\/div>\n<\/div>\n<\/div>\n<\/div>\n\n\n\n<div class=\"wp-block-group px-3 px-md-4 px-lg-5 contact-section has-white-color has-blue-background-color has-text-color has-background is-layout-constrained wp-container-core-group-is-layout-6e20cf48 wp-block-group-is-layout-constrained advgb-dyn-2eccdb19\">\n<div class=\"wp-block-columns py-5 is-layout-flex wp-container-core-columns-is-layout-28f84493 wp-block-columns-is-layout-flex\">\n<div class=\"wp-block-column animated fadeInLeft is-layout-flow wp-block-column-is-layout-flow\" style=\"flex-basis:66.66%\">\n<h3 class=\"wp-block-heading advgb-dyn-b31c1e16\">Saremo lieti di consigliarvi personalmente!<\/h3>\n\n\n\n<p>Vi richiameremo il prima possibile! <\/p>\n<\/div>\n\n\n\n<div class=\"wp-block-column is-vertically-aligned-center animated fadeInRight is-layout-flow wp-block-column-is-layout-flow\" style=\"flex-basis:33.33%\">\n<div class=\"wp-block-buttons animated fadeInUp mb-5 is-content-justification-center is-layout-flex wp-container-core-buttons-is-layout-a89b3969 wp-block-buttons-is-layout-flex\">\n<div class=\"wp-block-button is-style-fill advgb-dyn-3db009d7\"><a class=\"wp-block-button__link has-white-color has-green-background-color has-text-color has-background wp-element-button\" href=\"https:\/\/go-tec.de\/it\/kontaktsales\/\" style=\"border-radius:5px\">Alla richiesta di contatto<\/a><\/div>\n<\/div>\n<\/div>\n<\/div>\n<\/div>","protected":false},"excerpt":{"rendered":"<p>Hightech f\u00fcr optimale Versorgung 3D-Druck ist die Technologie der Zukunft \u2013 auch im Orthop\u00e4diehandwerk! Als unser Kunde k\u00f6nnen Sie bereits heute von den Vorteilen des 3D-Drucks profitieren. Einlagen Made by CUBIX im eigenen Unternehmen herstellen, hei\u00dft ein St\u00fcck Nachhaltigkeit in die Herstellung von Einlagen bringen. Mit der eigenen Herstellung von Leisten und Probeschuhen holen Sie [&hellip;]<\/p>\n","protected":false},"author":1,"featured_media":0,"parent":0,"menu_order":0,"comment_status":"closed","ping_status":"closed","template":"","meta":{"inline_featured_image":false,"advgb_blocks_editor_width":"","advgb_blocks_columns_visual_guide":"","footnotes":""},"class_list":["post-16","page","type-page","status-publish","hentry"],"yoast_head":"<!-- This site is optimized with the Yoast SEO plugin v27.2 - https:\/\/yoast.com\/product\/yoast-seo-wordpress\/ -->\n<title>Hightech Versorgung<\/title>\n<meta name=\"description\" content=\"3D-Druck ist eine der kommenden Technologien der Zukunft \u2013 auch im Orthop\u00e4diehandwerk!\" \/>\n<meta name=\"robots\" content=\"index, follow, max-snippet:-1, max-image-preview:large, max-video-preview:-1\" \/>\n<link rel=\"canonical\" href=\"http:\/\/go-tec.de\/it\/hightech-versorgung\/\" \/>\n<meta property=\"og:locale\" content=\"it_IT\" \/>\n<meta property=\"og:type\" content=\"article\" \/>\n<meta property=\"og:title\" content=\"Hightech Versorgung\" \/>\n<meta property=\"og:description\" content=\"3D-Druck ist eine der kommenden Technologien der Zukunft \u2013 auch im Orthop\u00e4diehandwerk!\" \/>\n<meta property=\"og:url\" content=\"http:\/\/go-tec.de\/it\/hightech-versorgung\/\" \/>\n<meta property=\"article:modified_time\" content=\"2023-06-22T14:09:07+00:00\" \/>\n<meta property=\"og:image\" content=\"https:\/\/go-tec.de\/wp-content\/uploads\/sites\/2\/2023\/06\/MicrosoftTeams-image-64.png\" \/>\n<meta name=\"twitter:card\" content=\"summary_large_image\" \/>\n<meta name=\"twitter:label1\" content=\"Tempo di lettura stimato\" \/>\n\t<meta name=\"twitter:data1\" content=\"3 minuti\" \/>\n<script type=\"application\/ld+json\" class=\"yoast-schema-graph\">{\"@context\":\"https:\/\/schema.org\",\"@graph\":[{\"@type\":\"WebPage\",\"@id\":\"http:\/\/go-tec.de\/hightech-versorgung\/\",\"url\":\"http:\/\/go-tec.de\/hightech-versorgung\/\",\"name\":\"Hightech Versorgung\",\"isPartOf\":{\"@id\":\"https:\/\/go-tec.de\/en\/#website\"},\"primaryImageOfPage\":{\"@id\":\"http:\/\/go-tec.de\/hightech-versorgung\/#primaryimage\"},\"image\":{\"@id\":\"http:\/\/go-tec.de\/hightech-versorgung\/#primaryimage\"},\"thumbnailUrl\":\"https:\/\/go-tec.de\/wp-content\/uploads\/sites\/2\/2023\/06\/MicrosoftTeams-image-64.png\",\"datePublished\":\"2022-09-13T10:17:53+00:00\",\"dateModified\":\"2023-06-22T14:09:07+00:00\",\"description\":\"3D-Druck ist eine der kommenden Technologien der Zukunft \u2013 auch im Orthop\u00e4diehandwerk!\",\"breadcrumb\":{\"@id\":\"http:\/\/go-tec.de\/hightech-versorgung\/#breadcrumb\"},\"inLanguage\":\"it-IT\",\"potentialAction\":[{\"@type\":\"ReadAction\",\"target\":[\"http:\/\/go-tec.de\/hightech-versorgung\/\"]}]},{\"@type\":\"ImageObject\",\"inLanguage\":\"it-IT\",\"@id\":\"http:\/\/go-tec.de\/hightech-versorgung\/#primaryimage\",\"url\":\"https:\/\/go-tec.de\/wp-content\/uploads\/sites\/2\/2023\/06\/MicrosoftTeams-image-64.png\",\"contentUrl\":\"https:\/\/go-tec.de\/wp-content\/uploads\/sites\/2\/2023\/06\/MicrosoftTeams-image-64.png\"},{\"@type\":\"BreadcrumbList\",\"@id\":\"http:\/\/go-tec.de\/hightech-versorgung\/#breadcrumb\",\"itemListElement\":[{\"@type\":\"ListItem\",\"position\":1,\"name\":\"Startseite\",\"item\":\"https:\/\/go-tec.de\/\"},{\"@type\":\"ListItem\",\"position\":2,\"name\":\"Hightech Versorgung\"}]},{\"@type\":\"WebSite\",\"@id\":\"https:\/\/go-tec.de\/en\/#website\",\"url\":\"https:\/\/go-tec.de\/en\/\",\"name\":\"\",\"description\":\"\",\"potentialAction\":[{\"@type\":\"SearchAction\",\"target\":{\"@type\":\"EntryPoint\",\"urlTemplate\":\"https:\/\/go-tec.de\/en\/?s={search_term_string}\"},\"query-input\":{\"@type\":\"PropertyValueSpecification\",\"valueRequired\":true,\"valueName\":\"search_term_string\"}}],\"inLanguage\":\"it-IT\"}]}<\/script>\n<!-- \/ Yoast SEO plugin. -->","yoast_head_json":{"title":"Fornitura ad alta tecnologia","description":"La stampa 3D \u00e8 una delle tecnologie del futuro, anche nel settore ortopedico!","robots":{"index":"index","follow":"follow","max-snippet":"max-snippet:-1","max-image-preview":"max-image-preview:large","max-video-preview":"max-video-preview:-1"},"canonical":"http:\/\/go-tec.de\/it\/hightech-versorgung\/","og_locale":"it_IT","og_type":"article","og_title":"Hightech Versorgung","og_description":"3D-Druck ist eine der kommenden Technologien der Zukunft \u2013 auch im Orthop\u00e4diehandwerk!","og_url":"http:\/\/go-tec.de\/it\/hightech-versorgung\/","article_modified_time":"2023-06-22T14:09:07+00:00","og_image":[{"url":"https:\/\/go-tec.de\/wp-content\/uploads\/sites\/2\/2023\/06\/MicrosoftTeams-image-64.png","type":"","width":"","height":""}],"twitter_card":"summary_large_image","twitter_misc":{"Tempo di lettura stimato":"3 minuti"},"schema":{"@context":"https:\/\/schema.org","@graph":[{"@type":"WebPage","@id":"http:\/\/go-tec.de\/hightech-versorgung\/","url":"http:\/\/go-tec.de\/hightech-versorgung\/","name":"Fornitura ad alta tecnologia","isPartOf":{"@id":"https:\/\/go-tec.de\/en\/#website"},"primaryImageOfPage":{"@id":"http:\/\/go-tec.de\/hightech-versorgung\/#primaryimage"},"image":{"@id":"http:\/\/go-tec.de\/hightech-versorgung\/#primaryimage"},"thumbnailUrl":"https:\/\/go-tec.de\/wp-content\/uploads\/sites\/2\/2023\/06\/MicrosoftTeams-image-64.png","datePublished":"2022-09-13T10:17:53+00:00","dateModified":"2023-06-22T14:09:07+00:00","description":"La stampa 3D \u00e8 una delle tecnologie del futuro, anche nel settore ortopedico!","breadcrumb":{"@id":"http:\/\/go-tec.de\/hightech-versorgung\/#breadcrumb"},"inLanguage":"it-IT","potentialAction":[{"@type":"ReadAction","target":["http:\/\/go-tec.de\/hightech-versorgung\/"]}]},{"@type":"ImageObject","inLanguage":"it-IT","@id":"http:\/\/go-tec.de\/hightech-versorgung\/#primaryimage","url":"https:\/\/go-tec.de\/wp-content\/uploads\/sites\/2\/2023\/06\/MicrosoftTeams-image-64.png","contentUrl":"https:\/\/go-tec.de\/wp-content\/uploads\/sites\/2\/2023\/06\/MicrosoftTeams-image-64.png"},{"@type":"BreadcrumbList","@id":"http:\/\/go-tec.de\/hightech-versorgung\/#breadcrumb","itemListElement":[{"@type":"ListItem","position":1,"name":"Startseite","item":"https:\/\/go-tec.de\/"},{"@type":"ListItem","position":2,"name":"Hightech Versorgung"}]},{"@type":"WebSite","@id":"https:\/\/go-tec.de\/en\/#website","url":"https:\/\/go-tec.de\/en\/","name":"","description":"","potentialAction":[{"@type":"SearchAction","target":{"@type":"EntryPoint","urlTemplate":"https:\/\/go-tec.de\/en\/?s={search_term_string}"},"query-input":{"@type":"PropertyValueSpecification","valueRequired":true,"valueName":"search_term_string"}}],"inLanguage":"it-IT"}]}},"coauthors":[],"author_meta":{"author_link":"https:\/\/go-tec.de\/it\/author\/mhorn\/","display_name":"MHorn"},"relative_dates":{"created":"Pubblicato 4 anni fa","modified":"Aggiornato 3 anni fa"},"absolute_dates":{"created":"Pubblicato il 13. Settembre 2022","modified":"Aggiornato il 22. Giugno 2023"},"absolute_dates_time":{"created":"Pubblicato il 13. Settembre 2022 12:17","modified":"Aggiornato il 22. Giugno 2023 16:09"},"featured_img_caption":"","featured_img":false,"series_order":"","_links":{"self":[{"href":"https:\/\/go-tec.de\/it\/wp-json\/wp\/v2\/pages\/16","targetHints":{"allow":["GET"]}}],"collection":[{"href":"https:\/\/go-tec.de\/it\/wp-json\/wp\/v2\/pages"}],"about":[{"href":"https:\/\/go-tec.de\/it\/wp-json\/wp\/v2\/types\/page"}],"author":[{"embeddable":true,"href":"https:\/\/go-tec.de\/it\/wp-json\/wp\/v2\/users\/1"}],"replies":[{"embeddable":true,"href":"https:\/\/go-tec.de\/it\/wp-json\/wp\/v2\/comments?post=16"}],"version-history":[{"count":20,"href":"https:\/\/go-tec.de\/it\/wp-json\/wp\/v2\/pages\/16\/revisions"}],"predecessor-version":[{"id":579,"href":"https:\/\/go-tec.de\/it\/wp-json\/wp\/v2\/pages\/16\/revisions\/579"}],"wp:attachment":[{"href":"https:\/\/go-tec.de\/it\/wp-json\/wp\/v2\/media?parent=16"}],"curies":[{"name":"wp","href":"https:\/\/api.w.org\/{rel}","templated":true}]}}