{"id":1127,"date":"2025-12-01T12:08:24","date_gmt":"2025-12-01T11:08:24","guid":{"rendered":"https:\/\/go-tec.de\/?page_id=1127"},"modified":"2025-12-17T11:14:06","modified_gmt":"2025-12-17T10:14:06","slug":"cubix","status":"publish","type":"page","link":"https:\/\/go-tec.de\/it\/go-tec-system\/cubix\/","title":{"rendered":"CUBIX"},"content":{"rendered":"<div class=\"wp-block-cover is-light\" style=\"min-height:70vh;aspect-ratio:unset;\"><img loading=\"lazy\" decoding=\"async\" width=\"1182\" height=\"382\" class=\"wp-block-cover__image-background wp-image-1134\" alt=\"\" src=\"https:\/\/go-tec.de\/wp-content\/uploads\/sites\/2\/2025\/12\/cubix-einlagen_insoles_go-tec_muenster.png\" data-object-fit=\"cover\" srcset=\"https:\/\/go-tec.de\/wp-content\/uploads\/sites\/2\/2025\/12\/cubix-einlagen_insoles_go-tec_muenster.png 1182w, https:\/\/go-tec.de\/wp-content\/uploads\/sites\/2\/2025\/12\/cubix-einlagen_insoles_go-tec_muenster-300x97.png 300w, https:\/\/go-tec.de\/wp-content\/uploads\/sites\/2\/2025\/12\/cubix-einlagen_insoles_go-tec_muenster-1024x331.png 1024w, https:\/\/go-tec.de\/wp-content\/uploads\/sites\/2\/2025\/12\/cubix-einlagen_insoles_go-tec_muenster-768x248.png 768w, https:\/\/go-tec.de\/wp-content\/uploads\/sites\/2\/2025\/12\/cubix-einlagen_insoles_go-tec_muenster-18x6.png 18w\" sizes=\"auto, (max-width: 1182px) 100vw, 1182px\" \/><span aria-hidden=\"true\" class=\"wp-block-cover__background has-background-dim-30 has-background-dim\" style=\"background-color:#cbcfd4\"><\/span><div class=\"wp-block-cover__inner-container is-layout-flow wp-block-cover-is-layout-flow\">\n<div class=\"wp-block-group is-layout-flow wp-block-group-is-layout-flow\">\n<h2 class=\"wp-block-heading has-text-align-center px-3 px-md-4 px-lg-5 animated fadeInUp has-white-color has-text-color\">CUBIX<\/h2>\n<\/div>\n<\/div><\/div>\n\n\n\n<p class=\"has-text-align-center\"><\/p>\n\n\n\n<div class=\"wp-block-group py-5 px-3 px-md-4 px-lg-5 has-darkgrey-color has-text-color is-layout-flow wp-block-group-is-layout-flow\">\n<div class=\"wp-block-group is-layout-constrained wp-container-core-group-is-layout-703bee88 wp-block-group-is-layout-constrained\">\n<h1 class=\"wp-block-heading has-text-align-center animated fadeInUp\">CUBIX - La soluzione di stampa 3D flessibile per solette personalizzate<\/h1>\n\n\n\n<p><\/p>\n\n\n\n<p>Il <strong>Sistema CUBIX<\/strong> \u00e8 sinonimo di produzione digitale di solette orientata al futuro direttamente in loco e consente ai commercianti di ortopedia e ai negozi di forniture mediche di <strong>Produzione precisa, pulita ed economica<\/strong>. Con i due modelli di stampante <strong>CUBIX Lite<\/strong> e <strong>CUBIX Pro<\/strong> viene creato un sistema flessibile che pu\u00f2 essere <strong>Comfort e cura premium<\/strong> ideale per un'assistenza moderna e regionale ai pazienti.<\/p>\n\n\n\n<p><\/p>\n\n\n\n<div class=\"wp-block-columns py-5 is-layout-flex wp-container-core-columns-is-layout-28f84493 wp-block-columns-is-layout-flex\">\n<div class=\"wp-block-column px-3 px-md-4 px-lg-5 is-layout-flow wp-block-column-is-layout-flow\">\n<figure class=\"wp-block-image size-full\"><img loading=\"lazy\" decoding=\"async\" width=\"940\" height=\"788\" src=\"https:\/\/go-tec.de\/wp-content\/uploads\/sites\/2\/2025\/12\/cubix_pro_3d_drucker_einlagen.png\" alt=\"\" class=\"wp-image-1130\" srcset=\"https:\/\/go-tec.de\/wp-content\/uploads\/sites\/2\/2025\/12\/cubix_pro_3d_drucker_einlagen.png 940w, https:\/\/go-tec.de\/wp-content\/uploads\/sites\/2\/2025\/12\/cubix_pro_3d_drucker_einlagen-300x251.png 300w, https:\/\/go-tec.de\/wp-content\/uploads\/sites\/2\/2025\/12\/cubix_pro_3d_drucker_einlagen-768x644.png 768w, https:\/\/go-tec.de\/wp-content\/uploads\/sites\/2\/2025\/12\/cubix_pro_3d_drucker_einlagen-14x12.png 14w\" sizes=\"auto, (max-width: 940px) 100vw, 940px\" \/><\/figure>\n<\/div>\n\n\n\n<div class=\"wp-block-column px-3 px-md-4 px-lg-5 ek-linked-block is-layout-flow wp-block-column-is-layout-flow\">\n<h2 class=\"wp-block-heading animated fadeInUp has-blue-color has-text-color\">CUBIX PRO<\/h2>\n\n\n\n<ul class=\"wp-block-list animated fadeInUp\">\n<li>L'inserto premium per le esigenze pi\u00f9 elevate<\/li>\n\n\n\n<li>Regolazione continua della durezza: 20-79 Shore<\/li>\n\n\n\n<li>Personalizzazione precisa delle zone: configurabile individualmente<\/li>\n\n\n\n<li>Ideale per: PG31 e PG08<\/li>\n\n\n\n<li>Ideale per: Cura del diabete e biancheria da letto<\/li>\n\n\n\n<li>stampa in sabbiatura e con struttura di supporto<\/li>\n\n\n\n<li>Tempo di stampa circa 6 ore per coppia<\/li>\n\n\n\n<li>Produzione in 24 ore: 4 coppie<\/li>\n<\/ul>\n\n\n\n<div class=\"wp-block-buttons is-layout-flex wp-block-buttons-is-layout-flex\">\n<div class=\"wp-block-button is-style-outline is-style-outline--1\"><a class=\"wp-block-button__link has-blue-color has-text-color has-link-color wp-element-button\" href=\"http:\/\/go-tec.de\/wp-content\/uploads\/sites\/2\/2025\/12\/Datenblatt_CUBIX_Pro_24-7_DE.pdf\" style=\"border-radius:5px\">Scheda tecnica PRO <\/a><\/div>\n\n\n\n<div class=\"wp-block-button is-style-outline is-style-outline--2\"><a class=\"wp-block-button__link has-blue-color has-text-color has-link-color wp-element-button\" href=\"http:\/\/go-tec.de\/wp-content\/uploads\/sites\/2\/2025\/12\/Datenblatt_CUBIX_Pro_24-7_EN.pdf\" style=\"border-radius:5px\" target=\"_blank\" rel=\"noreferrer noopener\">Scheda tecnica PRO <\/a><\/div>\n<\/div>\n<\/div>\n<\/div>\n\n\n\n<div class=\"wp-block-columns py-5 is-layout-flex wp-container-core-columns-is-layout-28f84493 wp-block-columns-is-layout-flex\">\n<div class=\"wp-block-column px-3 px-md-4 px-lg-5 is-layout-flow wp-block-column-is-layout-flow\">\n<figure class=\"wp-block-image size-full\"><img loading=\"lazy\" decoding=\"async\" width=\"940\" height=\"788\" src=\"https:\/\/go-tec.de\/wp-content\/uploads\/sites\/2\/2025\/12\/cubix_lite_3d_drucker_einlagen.png\" alt=\"\" class=\"wp-image-1131\" srcset=\"https:\/\/go-tec.de\/wp-content\/uploads\/sites\/2\/2025\/12\/cubix_lite_3d_drucker_einlagen.png 940w, https:\/\/go-tec.de\/wp-content\/uploads\/sites\/2\/2025\/12\/cubix_lite_3d_drucker_einlagen-300x251.png 300w, https:\/\/go-tec.de\/wp-content\/uploads\/sites\/2\/2025\/12\/cubix_lite_3d_drucker_einlagen-768x644.png 768w, https:\/\/go-tec.de\/wp-content\/uploads\/sites\/2\/2025\/12\/cubix_lite_3d_drucker_einlagen-14x12.png 14w\" sizes=\"auto, (max-width: 940px) 100vw, 940px\" \/><\/figure>\n<\/div>\n\n\n\n<div class=\"wp-block-column px-3 px-md-4 px-lg-5 ek-linked-block is-layout-flow wp-block-column-is-layout-flow\">\n<h2 class=\"wp-block-heading animated fadeInUp has-blue-color has-text-color\">CUBIX LITE<\/h2>\n\n\n\n<ul class=\"wp-block-list animated fadeInUp\">\n<li>Il perfetto tuttofare nel segmento medio di prezzo<\/li>\n\n\n\n<li>Regolazioni personalizzate, ad es. cuscinetto per l'avampiede, cuscinetto<\/li>\n\n\n\n<li>Grado di durezza infinitamente variabile: morbido, medio, duro\n<ul class=\"wp-block-list\">\n<li>morbido: 30-35 Shore<\/li>\n\n\n\n<li>medio: 40-45 Shore<\/li>\n\n\n\n<li>duro: 60 Shore<\/li>\n<\/ul>\n<\/li>\n\n\n\n<li>Tempi di stampa rapidi\n<ul class=\"wp-block-list\">\n<li>circa 3 ore per coppia<\/li>\n\n\n\n<li>8 paia al giorno<\/li>\n<\/ul>\n<\/li>\n\n\n\n<li>Classificazione - senza spigoli<\/li>\n\n\n\n<li>Struttura di supporto per solette rotonde \/ sabbiatura<\/li>\n<\/ul>\n\n\n\n<div class=\"wp-block-buttons is-layout-flex wp-block-buttons-is-layout-flex\">\n<div class=\"wp-block-button is-style-outline is-style-outline--3\"><a class=\"wp-block-button__link has-blue-color has-text-color has-link-color wp-element-button\" href=\"http:\/\/go-tec.de\/wp-content\/uploads\/sites\/2\/2025\/12\/Datenblatt_CUBIX_LITE_DE.pdf\" style=\"border-radius:5px\" target=\"_blank\" rel=\"noreferrer noopener\">Scheda tecnica LITE <\/a><\/div>\n\n\n\n<div class=\"wp-block-button is-style-outline is-style-outline--4\"><a class=\"wp-block-button__link has-blue-color has-text-color has-link-color wp-element-button\" href=\"http:\/\/go-tec.de\/wp-content\/uploads\/sites\/2\/2025\/12\/Datenblatt_CUBIX_LITE_EN.pdf\" style=\"border-radius:5px\" target=\"_blank\" rel=\"noreferrer noopener\">Scheda tecnica LITE <\/a><\/div>\n<\/div>\n<\/div>\n<\/div>\n\n\n\n<p><\/p>\n\n\n\n<div class=\"wp-block-columns py-5 is-layout-flex wp-container-core-columns-is-layout-28f84493 wp-block-columns-is-layout-flex\">\n<div class=\"wp-block-column px-3 px-md-4 px-lg-5 is-layout-flow wp-block-column-is-layout-flow\">\n<h3 class=\"wp-block-heading has-blue-color has-text-color has-link-color wp-elements-14e1f4eb469a6c29e77d4e982accd978\">Produzione 24\/7<\/h3>\n\n\n\n<p><strong>Solo il sistema CUBIX utilizza un vero e proprio modulo di produzione 24 ore su 24, 7 giorni su 7.<\/strong> e quindi si distingue chiaramente dalla concorrenza.<br>Consente di:<\/p>\n\n\n\n<ul class=\"wp-block-list\">\n<li><strong>Produzione continua di grandi quantit\u00e0<\/strong>, anche durante la notte<\/li>\n\n\n\n<li><strong>Controllo simultaneo di pi\u00f9 stampanti<\/strong> tramite un software intuitivo<\/li>\n\n\n\n<li><strong>Qualsiasi scalata della produzione<\/strong> - a seconda della domanda, della situazione degli ordini o della stagione<\/li>\n<\/ul>\n\n\n\n<p>Ci\u00f2 significa che <strong>CUBIX<\/strong> uno dei sistemi pi\u00f9 efficienti sul mercato per la produzione di solette digitali.<\/p>\n<\/div>\n\n\n\n<div class=\"wp-block-column px-3 px-md-4 px-lg-5 ek-linked-block is-layout-flow wp-block-column-is-layout-flow\">\n<h3 class=\"wp-block-heading animated fadeInUp has-blue-color has-text-color\">CUBIX: per le aziende forti della regione<\/h3>\n\n\n\n<p>Le aziende di tecnologia ortopedica e i negozi di forniture mediche utilizzano CUBIX:<\/p>\n\n\n\n<ul class=\"wp-block-list animated fadeInUp\">\n<li><strong>Fabbricazione digitale per la pratica quotidiana<\/strong><\/li>\n\n\n\n<li><strong>Tempo di reazione rapido<\/strong> nell'offerta regionale<\/li>\n\n\n\n<li><strong>Elevata efficienza economica e affidabilit\u00e0 del processo<\/strong><\/li>\n\n\n\n<li><strong>Tecnologia moderna e scalabile<\/strong><\/li>\n\n\n\n<li>CUBIX rende la produzione di solette indipendente, flessibile e a prova di futuro.<\/li>\n<\/ul>\n<\/div>\n<\/div>\n<\/div>\n<\/div>\n\n\n\n<p><\/p>\n\n\n\n<div class=\"wp-block-group pb-5 is-layout-constrained wp-container-core-group-is-layout-d30ff707 wp-block-group-is-layout-constrained\"><\/div>\n\n\n\n<div class=\"wp-block-group px-3 px-md-4 px-lg-5 contact-section has-white-color has-blue-background-color has-text-color has-background is-layout-constrained wp-container-core-group-is-layout-6e20cf48 wp-block-group-is-layout-constrained advgb-dyn-2eccdb19\">\n<div class=\"wp-block-columns py-5 is-layout-flex wp-container-core-columns-is-layout-28f84493 wp-block-columns-is-layout-flex\">\n<div class=\"wp-block-column animated fadeInLeft is-layout-flow wp-block-column-is-layout-flow\" style=\"flex-basis:66.66%\">\n<h3 class=\"wp-block-heading advgb-dyn-b31c1e16\">Saremo lieti di consigliarvi personalmente!<\/h3>\n\n\n\n<p>Vi richiameremo il prima possibile! <\/p>\n<\/div>\n\n\n\n<div class=\"wp-block-column is-vertically-aligned-center animated fadeInRight is-layout-flow wp-block-column-is-layout-flow\" style=\"flex-basis:33.33%\">\n<div class=\"wp-block-buttons animated fadeInUp mb-5 is-content-justification-center is-layout-flex wp-container-core-buttons-is-layout-a89b3969 wp-block-buttons-is-layout-flex\">\n<div class=\"wp-block-button is-style-fill advgb-dyn-3db009d7\"><a class=\"wp-block-button__link has-white-color has-green-background-color has-text-color has-background wp-element-button\" href=\"https:\/\/go-tec.de\/it\/kontaktsales\/\" style=\"border-radius:5px\">Alla richiesta di contatto<\/a><\/div>\n<\/div>\n<\/div>\n<\/div>\n<\/div>\n\n\n\n<p><\/p>","protected":false},"excerpt":{"rendered":"<p>CUBIX \u2013 Die flexible 3D-Druckl\u00f6sung f\u00fcr individuelle Einlagen Das CUBIX System steht f\u00fcr eine zukunftsorientierte, digitale Einlagenfertigung direkt vor Ort und erm\u00f6glicht Orthop\u00e4diehandwerk und Sanit\u00e4tsh\u00e4usern eine pr\u00e4zise, saubere und wirtschaftliche Produktion. Mit den beiden Druckermodellen CUBIX Lite und CUBIX Pro entsteht ein flexibles System, das sowohl Komfort- als auch Premiumversorgung abdeckt \u2013 ideal f\u00fcr eine [&hellip;]<\/p>\n","protected":false},"author":13,"featured_media":0,"parent":12,"menu_order":0,"comment_status":"closed","ping_status":"closed","template":"","meta":{"inline_featured_image":false,"advgb_blocks_editor_width":"","advgb_blocks_columns_visual_guide":"","footnotes":""},"class_list":["post-1127","page","type-page","status-publish","hentry"],"yoast_head":"<!-- This site is optimized with the Yoast SEO plugin v27.2 - https:\/\/yoast.com\/product\/yoast-seo-wordpress\/ -->\n<title>CUBIX -<\/title>\n<meta name=\"description\" content=\"CUBIX Pro &amp; CUBIX Lite: High-End-3D-Drucksysteme f\u00fcr individuelle Einlagen. Premiumqualit\u00e4t, schnelle Prozesse und skalierbare Fertigung.\" \/>\n<meta name=\"robots\" content=\"index, follow, max-snippet:-1, max-image-preview:large, max-video-preview:-1\" \/>\n<link rel=\"canonical\" href=\"https:\/\/go-tec.de\/it\/go-tec-system\/cubix\/\" \/>\n<meta property=\"og:locale\" content=\"it_IT\" \/>\n<meta property=\"og:type\" content=\"article\" \/>\n<meta property=\"og:title\" content=\"CUBIX -\" \/>\n<meta property=\"og:description\" content=\"CUBIX Pro &amp; CUBIX Lite: High-End-3D-Drucksysteme f\u00fcr individuelle Einlagen. Premiumqualit\u00e4t, schnelle Prozesse und skalierbare Fertigung.\" \/>\n<meta property=\"og:url\" content=\"https:\/\/go-tec.de\/it\/go-tec-system\/cubix\/\" \/>\n<meta property=\"article:modified_time\" content=\"2025-12-17T10:14:06+00:00\" \/>\n<meta property=\"og:image\" content=\"https:\/\/go-tec.de\/wp-content\/uploads\/sites\/2\/2025\/12\/cubix-einlagen_insoles_go-tec_muenster.png\" \/>\n<meta name=\"twitter:card\" content=\"summary_large_image\" \/>\n<meta name=\"twitter:label1\" content=\"Tempo di lettura stimato\" \/>\n\t<meta name=\"twitter:data1\" content=\"3 minuti\" \/>\n<script type=\"application\/ld+json\" class=\"yoast-schema-graph\">{\"@context\":\"https:\/\/schema.org\",\"@graph\":[{\"@type\":\"WebPage\",\"@id\":\"https:\/\/go-tec.de\/go-tec-system\/cubix\/\",\"url\":\"https:\/\/go-tec.de\/go-tec-system\/cubix\/\",\"name\":\"CUBIX -\",\"isPartOf\":{\"@id\":\"http:\/\/go-tec.de\/#website\"},\"primaryImageOfPage\":{\"@id\":\"https:\/\/go-tec.de\/go-tec-system\/cubix\/#primaryimage\"},\"image\":{\"@id\":\"https:\/\/go-tec.de\/go-tec-system\/cubix\/#primaryimage\"},\"thumbnailUrl\":\"https:\/\/go-tec.de\/wp-content\/uploads\/sites\/2\/2025\/12\/cubix-einlagen_insoles_go-tec_muenster.png\",\"datePublished\":\"2025-12-01T11:08:24+00:00\",\"dateModified\":\"2025-12-17T10:14:06+00:00\",\"description\":\"CUBIX Pro & CUBIX Lite: High-End-3D-Drucksysteme f\u00fcr individuelle Einlagen. Premiumqualit\u00e4t, schnelle Prozesse und skalierbare Fertigung.\",\"breadcrumb\":{\"@id\":\"https:\/\/go-tec.de\/go-tec-system\/cubix\/#breadcrumb\"},\"inLanguage\":\"it-IT\",\"potentialAction\":[{\"@type\":\"ReadAction\",\"target\":[\"https:\/\/go-tec.de\/go-tec-system\/cubix\/\"]}]},{\"@type\":\"ImageObject\",\"inLanguage\":\"it-IT\",\"@id\":\"https:\/\/go-tec.de\/go-tec-system\/cubix\/#primaryimage\",\"url\":\"https:\/\/go-tec.de\/wp-content\/uploads\/sites\/2\/2025\/12\/cubix-einlagen_insoles_go-tec_muenster.png\",\"contentUrl\":\"https:\/\/go-tec.de\/wp-content\/uploads\/sites\/2\/2025\/12\/cubix-einlagen_insoles_go-tec_muenster.png\"},{\"@type\":\"BreadcrumbList\",\"@id\":\"https:\/\/go-tec.de\/go-tec-system\/cubix\/#breadcrumb\",\"itemListElement\":[{\"@type\":\"ListItem\",\"position\":1,\"name\":\"Startseite\",\"item\":\"http:\/\/go-tec.de\/\"},{\"@type\":\"ListItem\",\"position\":2,\"name\":\"go-tec System\",\"item\":\"https:\/\/go-tec.de\/go-tec-system\/\"},{\"@type\":\"ListItem\",\"position\":3,\"name\":\"CUBIX\"}]},{\"@type\":\"WebSite\",\"@id\":\"http:\/\/go-tec.de\/#website\",\"url\":\"http:\/\/go-tec.de\/\",\"name\":\"\",\"description\":\"\",\"potentialAction\":[{\"@type\":\"SearchAction\",\"target\":{\"@type\":\"EntryPoint\",\"urlTemplate\":\"http:\/\/go-tec.de\/?s={search_term_string}\"},\"query-input\":{\"@type\":\"PropertyValueSpecification\",\"valueRequired\":true,\"valueName\":\"search_term_string\"}}],\"inLanguage\":\"it-IT\"}]}<\/script>\n<!-- \/ Yoast SEO plugin. -->","yoast_head_json":{"title":"CUBIX -","description":"CUBIX Pro e CUBIX Lite: sistemi di stampa 3D di alta gamma per solette personalizzate. Qualit\u00e0 premium, processi rapidi e produzione scalabile.","robots":{"index":"index","follow":"follow","max-snippet":"max-snippet:-1","max-image-preview":"max-image-preview:large","max-video-preview":"max-video-preview:-1"},"canonical":"https:\/\/go-tec.de\/it\/go-tec-system\/cubix\/","og_locale":"it_IT","og_type":"article","og_title":"CUBIX -","og_description":"CUBIX Pro & CUBIX Lite: High-End-3D-Drucksysteme f\u00fcr individuelle Einlagen. Premiumqualit\u00e4t, schnelle Prozesse und skalierbare Fertigung.","og_url":"https:\/\/go-tec.de\/it\/go-tec-system\/cubix\/","article_modified_time":"2025-12-17T10:14:06+00:00","og_image":[{"url":"https:\/\/go-tec.de\/wp-content\/uploads\/sites\/2\/2025\/12\/cubix-einlagen_insoles_go-tec_muenster.png","type":"","width":"","height":""}],"twitter_card":"summary_large_image","twitter_misc":{"Tempo di lettura stimato":"3 minuti"},"schema":{"@context":"https:\/\/schema.org","@graph":[{"@type":"WebPage","@id":"https:\/\/go-tec.de\/go-tec-system\/cubix\/","url":"https:\/\/go-tec.de\/go-tec-system\/cubix\/","name":"CUBIX -","isPartOf":{"@id":"http:\/\/go-tec.de\/#website"},"primaryImageOfPage":{"@id":"https:\/\/go-tec.de\/go-tec-system\/cubix\/#primaryimage"},"image":{"@id":"https:\/\/go-tec.de\/go-tec-system\/cubix\/#primaryimage"},"thumbnailUrl":"https:\/\/go-tec.de\/wp-content\/uploads\/sites\/2\/2025\/12\/cubix-einlagen_insoles_go-tec_muenster.png","datePublished":"2025-12-01T11:08:24+00:00","dateModified":"2025-12-17T10:14:06+00:00","description":"CUBIX Pro e CUBIX Lite: sistemi di stampa 3D di alta gamma per solette personalizzate. Qualit\u00e0 premium, processi rapidi e produzione scalabile.","breadcrumb":{"@id":"https:\/\/go-tec.de\/go-tec-system\/cubix\/#breadcrumb"},"inLanguage":"it-IT","potentialAction":[{"@type":"ReadAction","target":["https:\/\/go-tec.de\/go-tec-system\/cubix\/"]}]},{"@type":"ImageObject","inLanguage":"it-IT","@id":"https:\/\/go-tec.de\/go-tec-system\/cubix\/#primaryimage","url":"https:\/\/go-tec.de\/wp-content\/uploads\/sites\/2\/2025\/12\/cubix-einlagen_insoles_go-tec_muenster.png","contentUrl":"https:\/\/go-tec.de\/wp-content\/uploads\/sites\/2\/2025\/12\/cubix-einlagen_insoles_go-tec_muenster.png"},{"@type":"BreadcrumbList","@id":"https:\/\/go-tec.de\/go-tec-system\/cubix\/#breadcrumb","itemListElement":[{"@type":"ListItem","position":1,"name":"Startseite","item":"http:\/\/go-tec.de\/"},{"@type":"ListItem","position":2,"name":"go-tec System","item":"https:\/\/go-tec.de\/go-tec-system\/"},{"@type":"ListItem","position":3,"name":"CUBIX"}]},{"@type":"WebSite","@id":"http:\/\/go-tec.de\/#website","url":"http:\/\/go-tec.de\/","name":"","description":"","potentialAction":[{"@type":"SearchAction","target":{"@type":"EntryPoint","urlTemplate":"http:\/\/go-tec.de\/?s={search_term_string}"},"query-input":{"@type":"PropertyValueSpecification","valueRequired":true,"valueName":"search_term_string"}}],"inLanguage":"it-IT"}]}},"coauthors":[],"author_meta":{"author_link":"https:\/\/go-tec.de\/it\/author\/dall\/","display_name":"dall"},"relative_dates":{"created":"Pubblicato 5 mesi fa","modified":"Aggiornato 4 mesi fa"},"absolute_dates":{"created":"Pubblicato il 1. Dicembre 2025","modified":"Aggiornato il 17. Dicembre 2025"},"absolute_dates_time":{"created":"Pubblicato il 1. Dicembre 2025 12:08","modified":"Aggiornato il 17. Dicembre 2025 11:14"},"featured_img_caption":"","featured_img":false,"series_order":"","_links":{"self":[{"href":"https:\/\/go-tec.de\/it\/wp-json\/wp\/v2\/pages\/1127","targetHints":{"allow":["GET"]}}],"collection":[{"href":"https:\/\/go-tec.de\/it\/wp-json\/wp\/v2\/pages"}],"about":[{"href":"https:\/\/go-tec.de\/it\/wp-json\/wp\/v2\/types\/page"}],"author":[{"embeddable":true,"href":"https:\/\/go-tec.de\/it\/wp-json\/wp\/v2\/users\/13"}],"replies":[{"embeddable":true,"href":"https:\/\/go-tec.de\/it\/wp-json\/wp\/v2\/comments?post=1127"}],"version-history":[{"count":16,"href":"https:\/\/go-tec.de\/it\/wp-json\/wp\/v2\/pages\/1127\/revisions"}],"predecessor-version":[{"id":1176,"href":"https:\/\/go-tec.de\/it\/wp-json\/wp\/v2\/pages\/1127\/revisions\/1176"}],"up":[{"embeddable":true,"href":"https:\/\/go-tec.de\/it\/wp-json\/wp\/v2\/pages\/12"}],"wp:attachment":[{"href":"https:\/\/go-tec.de\/it\/wp-json\/wp\/v2\/media?parent=1127"}],"curies":[{"name":"wp","href":"https:\/\/api.w.org\/{rel}","templated":true}]}}