{"id":602,"date":"2023-06-26T12:30:24","date_gmt":"2023-06-26T10:30:24","guid":{"rendered":"https:\/\/go-tec.de\/?page_id=602"},"modified":"2023-06-30T17:10:51","modified_gmt":"2023-06-30T15:10:51","slug":"dienstleistungen","status":"publish","type":"page","link":"https:\/\/go-tec.de\/fr\/go-tec-system\/dienstleistungen\/","title":{"rendered":"Services"},"content":{"rendered":"<div class=\"wp-block-cover is-light\" style=\"min-height:70vh;aspect-ratio:unset;\"><span aria-hidden=\"true\" class=\"wp-block-cover__background has-background-dim-30 has-background-dim\"><\/span><img loading=\"lazy\" decoding=\"async\" width=\"250\" height=\"250\" class=\"wp-block-cover__image-background wp-image-197\" alt=\"\" src=\"https:\/\/go-tec.de\/wp-content\/uploads\/sites\/2\/2022\/09\/h3_k5.jpg\" data-object-fit=\"cover\" srcset=\"https:\/\/go-tec.de\/wp-content\/uploads\/sites\/2\/2022\/09\/h3_k5.jpg 250w, https:\/\/go-tec.de\/wp-content\/uploads\/sites\/2\/2022\/09\/h3_k5-150x150.jpg 150w\" sizes=\"auto, (max-width: 250px) 100vw, 250px\" \/><div class=\"wp-block-cover__inner-container is-layout-flow wp-block-cover-is-layout-flow\">\n<div class=\"wp-block-group is-layout-flow wp-block-group-is-layout-flow\">\n<h2 class=\"wp-block-heading has-text-align-center px-3 px-md-4 px-lg-5 animated fadeInUp has-white-color has-text-color advgb-dyn-d0e516b6\">Services<\/h2>\n<\/div>\n<\/div><\/div>\n\n\n\n<div class=\"wp-block-group py-5 px-3 px-md-4 px-lg-5 has-darkgrey-color has-text-color is-layout-flow wp-block-group-is-layout-flow\">\n<div class=\"wp-block-group is-layout-constrained wp-container-core-group-is-layout-703bee88 wp-block-group-is-layout-constrained advgb-dyn-069c0292\">\n<h2 class=\"wp-block-heading has-text-align-center animated fadeInUp advgb-dyn-c6972990\">Offres de formation - aussi individuelles que vos exigences<\/h2>\n\n\n\n<p class=\"has-text-align-center animated fadeInUp\">Que ce soit en ligne ou sur place, qu'il s'agisse de mesure de pression, de construction de baguettes, d'impression 3D ou de fraisage, vous trouverez ici les offres de formation qui vous conviennent, \u00e0 vous et \u00e0 votre entreprise. <\/p>\n\n\n\n<p class=\"has-text-align-center\">Nous sommes \u00e0 votre disposition avec nos propres experts et, dans le domaine de la mise en r\u00e9seau des filiales, avec notre partenaire de services HLS Management. <\/p>\n\n\n\n<div class=\"wp-block-columns is-layout-flex wp-container-core-columns-is-layout-28f84493 wp-block-columns-is-layout-flex\">\n<div class=\"wp-block-column is-layout-flow wp-block-column-is-layout-flow\">\n<h4 class=\"wp-block-heading\">Semelles orthop\u00e9diquesCAD - GP InsoleCAD :<\/h4>\n\n\n\n<ul class=\"wp-block-list\">\n<li>Formation GP InsoleCAD Basic<\/li>\n\n\n\n<li>Formation professionnelle GP InsoleCAD<\/li>\n\n\n\n<li>Petit-d\u00e9jeuner des clients CAD<\/li>\n\n\n\n<li>Formation en ligne sur la CAO<\/li>\n\n\n\n<li>CUBIX Impression 3D<\/li>\n\n\n\n<li>et bien plus encore<\/li>\n<\/ul>\n\n\n\n<p><\/p>\n<\/div>\n\n\n\n<div class=\"wp-block-column is-layout-flow wp-block-column-is-layout-flow\">\n<h4 class=\"wp-block-heading has-text-align-left\">LeistenCAD - GP OptiCAD :<\/h4>\n\n\n\n<ul class=\"wp-block-list\">\n<li>Formation GP OptiCAD Basic<\/li>\n\n\n\n<li>Formation GP OptiCAD Profi<\/li>\n\n\n\n<li>Petit-d\u00e9jeuner des clients CAD<\/li>\n\n\n\n<li>Formation en ligne sur la CAO<\/li>\n\n\n\n<li>et bien plus encore<\/li>\n<\/ul>\n<\/div>\n\n\n\n<div class=\"wp-block-column is-layout-flow wp-block-column-is-layout-flow\">\n<h4 class=\"wp-block-heading\">Directeur de succursale :<\/h4>\n\n\n\n<ul class=\"wp-block-list\">\n<li>Gestion de projet<\/li>\n\n\n\n<li>Impression Smart Label \u00c9tiquettes<\/li>\n\n\n\n<li>et bien plus encore<\/li>\n<\/ul>\n\n\n\n<p><\/p>\n<\/div>\n\n\n\n<div class=\"wp-block-column is-layout-flow wp-block-column-is-layout-flow\">\n<h4 class=\"wp-block-heading\">Mesure de la pression :<\/h4>\n\n\n\n<ul class=\"wp-block-list\">\n<li>Principes de base de la mesure de la pression plantaire<\/li>\n<\/ul>\n<\/div>\n<\/div>\n\n\n\n<div class=\"wp-block-columns py-5 is-layout-flex wp-container-core-columns-is-layout-28f84493 wp-block-columns-is-layout-flex\">\n<div class=\"wp-block-column px-3 px-md-4 px-lg-5 is-layout-flow wp-block-column-is-layout-flow\">\n<div class=\"wp-block-buttons animated fadeInUp is-layout-flex wp-block-buttons-is-layout-flex\">\n<div class=\"wp-block-button is-style-outline is-style-outline--1 advgb-dyn-eb45ed53\"><a class=\"wp-block-button__link has-blue-color has-text-color wp-element-button\" href=\"https:\/\/cms.gebiom.group\/go-tec\/go-tec-system\/#vernetzung\" style=\"border-radius:5px\">Retour<\/a><\/div>\n<\/div>\n<\/div>\n<\/div>\n<\/div>\n<\/div>\n\n\n\n<div class=\"wp-block-group px-3 px-md-4 px-lg-5 contact-section has-white-color has-blue-background-color has-text-color has-background is-layout-constrained wp-container-core-group-is-layout-6e20cf48 wp-block-group-is-layout-constrained advgb-dyn-2eccdb19\">\n<div class=\"wp-block-columns py-5 is-layout-flex wp-container-core-columns-is-layout-28f84493 wp-block-columns-is-layout-flex\">\n<div class=\"wp-block-column animated fadeInLeft is-layout-flow wp-block-column-is-layout-flow\" style=\"flex-basis:66.66%\">\n<h3 class=\"wp-block-heading advgb-dyn-b31c1e16\">Nous nous ferons un plaisir de vous conseiller personnellement !<\/h3>\n\n\n\n<p>Nous vous rappellerons dans les meilleurs d\u00e9lais ! <\/p>\n<\/div>\n\n\n\n<div class=\"wp-block-column is-vertically-aligned-center animated fadeInRight is-layout-flow wp-block-column-is-layout-flow\" style=\"flex-basis:33.33%\">\n<div class=\"wp-block-buttons animated fadeInUp mb-5 is-content-justification-center is-layout-flex wp-container-core-buttons-is-layout-a89b3969 wp-block-buttons-is-layout-flex\">\n<div class=\"wp-block-button is-style-fill advgb-dyn-3db009d7\"><a class=\"wp-block-button__link has-white-color has-green-background-color has-text-color has-background wp-element-button\" href=\"https:\/\/go-tec.de\/fr\/kontaktsales\/\" style=\"border-radius:5px\">Vers la demande de contact<\/a><\/div>\n<\/div>\n<\/div>\n<\/div>\n<\/div>","protected":false},"excerpt":{"rendered":"<p>Schulungsangebote &#8211; so individuell wie Ihre Anforderungen Ob online oder vor Ort, ob Druckmessung, Leistenkonstruktion, 3D Druck oder Fr\u00e4se, hier finden Sie die passenden Schulungsangebote f\u00fcr Sie und Ihr Unternehmen. Dabei sind wir mit unseren eigenen Experten und im Bereich der Filialvernetzung ebenfalls mit unserem Dienstleistungpartner HLS Management f\u00fcr Sie da. EinlagenCAD &#8211; GP InsoleCAD: [&hellip;]<\/p>\n","protected":false},"author":9,"featured_media":0,"parent":12,"menu_order":0,"comment_status":"closed","ping_status":"closed","template":"","meta":{"inline_featured_image":false,"advgb_blocks_editor_width":"","advgb_blocks_columns_visual_guide":"","footnotes":""},"class_list":["post-602","page","type-page","status-publish","hentry"],"yoast_head":"<!-- This site is optimized with the Yoast SEO plugin v27.2 - https:\/\/yoast.com\/product\/yoast-seo-wordpress\/ -->\n<title>Dienstleistungen -<\/title>\n<meta name=\"robots\" content=\"index, follow, max-snippet:-1, max-image-preview:large, max-video-preview:-1\" \/>\n<link rel=\"canonical\" href=\"https:\/\/go-tec.de\/fr\/go-tec-system\/dienstleistungen\/\" \/>\n<meta property=\"og:locale\" content=\"fr_FR\" \/>\n<meta property=\"og:type\" content=\"article\" \/>\n<meta property=\"og:title\" content=\"Dienstleistungen -\" \/>\n<meta property=\"og:description\" content=\"Schulungsangebote &#8211; so individuell wie Ihre Anforderungen Ob online oder vor Ort, ob Druckmessung, Leistenkonstruktion, 3D Druck oder Fr\u00e4se, hier finden Sie die passenden Schulungsangebote f\u00fcr Sie und Ihr Unternehmen. Dabei sind wir mit unseren eigenen Experten und im Bereich der Filialvernetzung ebenfalls mit unserem Dienstleistungpartner HLS Management f\u00fcr Sie da. EinlagenCAD &#8211; GP InsoleCAD: [&hellip;]\" \/>\n<meta property=\"og:url\" content=\"https:\/\/go-tec.de\/fr\/go-tec-system\/dienstleistungen\/\" \/>\n<meta property=\"article:modified_time\" content=\"2023-06-30T15:10:51+00:00\" \/>\n<meta property=\"og:image\" content=\"https:\/\/go-tec.de\/wp-content\/uploads\/sites\/2\/2022\/09\/h3_k5.jpg\" \/>\n<meta name=\"twitter:card\" content=\"summary_large_image\" \/>\n<meta name=\"twitter:label1\" content=\"Dur\u00e9e de lecture estim\u00e9e\" \/>\n\t<meta name=\"twitter:data1\" content=\"1 minute\" \/>\n<script type=\"application\/ld+json\" class=\"yoast-schema-graph\">{\"@context\":\"https:\/\/schema.org\",\"@graph\":[{\"@type\":\"WebPage\",\"@id\":\"https:\/\/go-tec.de\/fr\/go-tec-system\/dienstleistungen\/\",\"url\":\"https:\/\/go-tec.de\/fr\/go-tec-system\/dienstleistungen\/\",\"name\":\"Dienstleistungen -\",\"isPartOf\":{\"@id\":\"http:\/\/go-tec.de\/#website\"},\"primaryImageOfPage\":{\"@id\":\"https:\/\/go-tec.de\/fr\/go-tec-system\/dienstleistungen\/#primaryimage\"},\"image\":{\"@id\":\"https:\/\/go-tec.de\/fr\/go-tec-system\/dienstleistungen\/#primaryimage\"},\"thumbnailUrl\":\"https:\/\/go-tec.de\/wp-content\/uploads\/sites\/2\/2022\/09\/h3_k5.jpg\",\"datePublished\":\"2023-06-26T10:30:24+00:00\",\"dateModified\":\"2023-06-30T15:10:51+00:00\",\"breadcrumb\":{\"@id\":\"https:\/\/go-tec.de\/fr\/go-tec-system\/dienstleistungen\/#breadcrumb\"},\"inLanguage\":\"fr-FR\",\"potentialAction\":[{\"@type\":\"ReadAction\",\"target\":[\"https:\/\/go-tec.de\/fr\/go-tec-system\/dienstleistungen\/\"]}]},{\"@type\":\"ImageObject\",\"inLanguage\":\"fr-FR\",\"@id\":\"https:\/\/go-tec.de\/fr\/go-tec-system\/dienstleistungen\/#primaryimage\",\"url\":\"https:\/\/go-tec.de\/wp-content\/uploads\/sites\/2\/2022\/09\/h3_k5.jpg\",\"contentUrl\":\"https:\/\/go-tec.de\/wp-content\/uploads\/sites\/2\/2022\/09\/h3_k5.jpg\"},{\"@type\":\"BreadcrumbList\",\"@id\":\"https:\/\/go-tec.de\/fr\/go-tec-system\/dienstleistungen\/#breadcrumb\",\"itemListElement\":[{\"@type\":\"ListItem\",\"position\":1,\"name\":\"Startseite\",\"item\":\"http:\/\/go-tec.de\/\"},{\"@type\":\"ListItem\",\"position\":2,\"name\":\"go-tec System\",\"item\":\"https:\/\/go-tec.de\/go-tec-system\/\"},{\"@type\":\"ListItem\",\"position\":3,\"name\":\"Dienstleistungen\"}]},{\"@type\":\"WebSite\",\"@id\":\"http:\/\/go-tec.de\/#website\",\"url\":\"http:\/\/go-tec.de\/\",\"name\":\"\",\"description\":\"\",\"potentialAction\":[{\"@type\":\"SearchAction\",\"target\":{\"@type\":\"EntryPoint\",\"urlTemplate\":\"http:\/\/go-tec.de\/?s={search_term_string}\"},\"query-input\":{\"@type\":\"PropertyValueSpecification\",\"valueRequired\":true,\"valueName\":\"search_term_string\"}}],\"inLanguage\":\"fr-FR\"}]}<\/script>\n<!-- \/ Yoast SEO plugin. -->","yoast_head_json":{"title":"Dienstleistungen -","robots":{"index":"index","follow":"follow","max-snippet":"max-snippet:-1","max-image-preview":"max-image-preview:large","max-video-preview":"max-video-preview:-1"},"canonical":"https:\/\/go-tec.de\/fr\/go-tec-system\/dienstleistungen\/","og_locale":"fr_FR","og_type":"article","og_title":"Dienstleistungen -","og_description":"Schulungsangebote &#8211; so individuell wie Ihre Anforderungen Ob online oder vor Ort, ob Druckmessung, Leistenkonstruktion, 3D Druck oder Fr\u00e4se, hier finden Sie die passenden Schulungsangebote f\u00fcr Sie und Ihr Unternehmen. Dabei sind wir mit unseren eigenen Experten und im Bereich der Filialvernetzung ebenfalls mit unserem Dienstleistungpartner HLS Management f\u00fcr Sie da. EinlagenCAD &#8211; GP InsoleCAD: [&hellip;]","og_url":"https:\/\/go-tec.de\/fr\/go-tec-system\/dienstleistungen\/","article_modified_time":"2023-06-30T15:10:51+00:00","og_image":[{"url":"https:\/\/go-tec.de\/wp-content\/uploads\/sites\/2\/2022\/09\/h3_k5.jpg","type":"","width":"","height":""}],"twitter_card":"summary_large_image","twitter_misc":{"Dur\u00e9e de lecture estim\u00e9e":"1 minute"},"schema":{"@context":"https:\/\/schema.org","@graph":[{"@type":"WebPage","@id":"https:\/\/go-tec.de\/fr\/go-tec-system\/dienstleistungen\/","url":"https:\/\/go-tec.de\/fr\/go-tec-system\/dienstleistungen\/","name":"Dienstleistungen -","isPartOf":{"@id":"http:\/\/go-tec.de\/#website"},"primaryImageOfPage":{"@id":"https:\/\/go-tec.de\/fr\/go-tec-system\/dienstleistungen\/#primaryimage"},"image":{"@id":"https:\/\/go-tec.de\/fr\/go-tec-system\/dienstleistungen\/#primaryimage"},"thumbnailUrl":"https:\/\/go-tec.de\/wp-content\/uploads\/sites\/2\/2022\/09\/h3_k5.jpg","datePublished":"2023-06-26T10:30:24+00:00","dateModified":"2023-06-30T15:10:51+00:00","breadcrumb":{"@id":"https:\/\/go-tec.de\/fr\/go-tec-system\/dienstleistungen\/#breadcrumb"},"inLanguage":"fr-FR","potentialAction":[{"@type":"ReadAction","target":["https:\/\/go-tec.de\/fr\/go-tec-system\/dienstleistungen\/"]}]},{"@type":"ImageObject","inLanguage":"fr-FR","@id":"https:\/\/go-tec.de\/fr\/go-tec-system\/dienstleistungen\/#primaryimage","url":"https:\/\/go-tec.de\/wp-content\/uploads\/sites\/2\/2022\/09\/h3_k5.jpg","contentUrl":"https:\/\/go-tec.de\/wp-content\/uploads\/sites\/2\/2022\/09\/h3_k5.jpg"},{"@type":"BreadcrumbList","@id":"https:\/\/go-tec.de\/fr\/go-tec-system\/dienstleistungen\/#breadcrumb","itemListElement":[{"@type":"ListItem","position":1,"name":"Startseite","item":"http:\/\/go-tec.de\/"},{"@type":"ListItem","position":2,"name":"go-tec System","item":"https:\/\/go-tec.de\/go-tec-system\/"},{"@type":"ListItem","position":3,"name":"Dienstleistungen"}]},{"@type":"WebSite","@id":"http:\/\/go-tec.de\/#website","url":"http:\/\/go-tec.de\/","name":"","description":"","potentialAction":[{"@type":"SearchAction","target":{"@type":"EntryPoint","urlTemplate":"http:\/\/go-tec.de\/?s={search_term_string}"},"query-input":{"@type":"PropertyValueSpecification","valueRequired":true,"valueName":"search_term_string"}}],"inLanguage":"fr-FR"}]}},"coauthors":[],"author_meta":{"author_link":"https:\/\/go-tec.de\/fr\/author\/hschnittger\/","display_name":"hschnittger"},"relative_dates":{"created":"Publi\u00e9 3 ans il y a","modified":"Mis \u00e0 jour 3 ans il y a"},"absolute_dates":{"created":"Publi\u00e9 le 26. juin 2023","modified":"Mise \u00e0 jour le 30. juin 2023"},"absolute_dates_time":{"created":"Publi\u00e9 le 26. juin 2023 12:30","modified":"Mise \u00e0 jour le 30. juin 2023 17:10"},"featured_img_caption":"","featured_img":false,"series_order":"","_links":{"self":[{"href":"https:\/\/go-tec.de\/fr\/wp-json\/wp\/v2\/pages\/602","targetHints":{"allow":["GET"]}}],"collection":[{"href":"https:\/\/go-tec.de\/fr\/wp-json\/wp\/v2\/pages"}],"about":[{"href":"https:\/\/go-tec.de\/fr\/wp-json\/wp\/v2\/types\/page"}],"author":[{"embeddable":true,"href":"https:\/\/go-tec.de\/fr\/wp-json\/wp\/v2\/users\/9"}],"replies":[{"embeddable":true,"href":"https:\/\/go-tec.de\/fr\/wp-json\/wp\/v2\/comments?post=602"}],"version-history":[{"count":3,"href":"https:\/\/go-tec.de\/fr\/wp-json\/wp\/v2\/pages\/602\/revisions"}],"predecessor-version":[{"id":646,"href":"https:\/\/go-tec.de\/fr\/wp-json\/wp\/v2\/pages\/602\/revisions\/646"}],"up":[{"embeddable":true,"href":"https:\/\/go-tec.de\/fr\/wp-json\/wp\/v2\/pages\/12"}],"wp:attachment":[{"href":"https:\/\/go-tec.de\/fr\/wp-json\/wp\/v2\/media?parent=602"}],"curies":[{"name":"wp","href":"https:\/\/api.w.org\/{rel}","templated":true}]}}