{"id":395,"date":"2023-06-15T12:11:14","date_gmt":"2023-06-15T10:11:14","guid":{"rendered":"https:\/\/cms.gebiom.group\/go-tec\/?page_id=395"},"modified":"2026-03-24T12:40:32","modified_gmt":"2026-03-24T11:40:32","slug":"gt-jake","status":"publish","type":"page","link":"https:\/\/go-tec.de\/fr\/go-tec-system\/gt-jake\/","title":{"rendered":"GT Jake"},"content":{"rendered":"<div class=\"wp-block-cover is-light\" style=\"min-height:70vh;aspect-ratio:unset;\"><video class=\"wp-block-cover__video-background intrinsic-ignore\" autoplay muted loop playsinline src=\"https:\/\/cms.gebiom.group\/go-tec\/wp-content\/uploads\/sites\/2\/2023\/06\/LP433.mp4\" data-object-fit=\"cover\"><\/video><span aria-hidden=\"true\" class=\"wp-block-cover__background has-background-dim-30 has-background-dim\"><\/span><div class=\"wp-block-cover__inner-container is-layout-flow wp-block-cover-is-layout-flow\">\n<div class=\"wp-block-group is-layout-flow wp-block-group-is-layout-flow\">\n<h2 class=\"wp-block-heading has-text-align-center px-3 px-md-4 px-lg-5 animated fadeInUp has-white-color has-text-color\">GT Jake<\/h2>\n<\/div>\n<\/div><\/div>\n\n\n\n<div class=\"wp-block-group py-5 px-3 px-md-4 px-lg-5 has-darkgrey-color has-text-color is-layout-flow wp-block-group-is-layout-flow\">\n<div class=\"wp-block-group is-layout-constrained wp-container-core-group-is-layout-703bee88 wp-block-group-is-layout-constrained\">\n<h2 class=\"wp-block-heading has-text-align-center animated fadeInUp\">GT Jake - Mesurer et essayer une chaussure le m\u00eame jour<\/h2>\n\n\n\n<h4 class=\"wp-block-heading has-text-align-center\"> Une fraiseuse d'inserts automatis\u00e9e pour une efficacit\u00e9 maximale<\/h4>\n\n\n\n<p class=\"has-text-align-center\">Attendre des semaines pour des chaussures d'essai ? Nous mettons fin \u00e0 cela. Si vous mesurez avec notre GT George et que vous cr\u00e9ez ensuite la forme dans GP OptiCAD, vous pouvez, avec notre imprimante 3D<strong> GT Jake i<\/strong>Le syst\u00e8me de fabrication de proth\u00e8ses permet de r\u00e9aliser des proth\u00e8ses brutes et nettes en moins de 4 heures, Dryer compris.<\/p>\n\n\n\n<p class=\"has-text-align-center\">Le site <strong>GT Jake<\/strong> est la solution automatis\u00e9e pour la fabrication efficace et fiable de semelles orthop\u00e9diques. Elle combine <strong>haute capacit\u00e9 de fraisage avec des processus automatis\u00e9s<\/strong> et permet une production \u00e9conomique - m\u00eame pour les grandes quantit\u00e9s.<\/p>\n\n\n\n<p class=\"has-text-align-center\">Gr\u00e2ce au changement d'outil automatique et \u00e0 des processus optimis\u00e9s, la GT Jake r\u00e9duit les interventions manuelles et augmente la productivit\u00e9 dans le travail quotidien. La machine est id\u00e9ale pour <strong>Entreprises ayant des besoins de fabrication continus et un volume de production croissant<\/strong>.<\/p>\n\n\n\n<h3 class=\"wp-block-heading\"><\/h3>\n\n\n\n<div class=\"wp-block-columns py-5 is-layout-flex wp-container-core-columns-is-layout-28f84493 wp-block-columns-is-layout-flex\">\n<div class=\"wp-block-column px-3 px-md-4 px-lg-5 is-layout-flow wp-block-column-is-layout-flow\">\n<figure class=\"wp-block-image size-large\"><img loading=\"lazy\" decoding=\"async\" width=\"1024\" height=\"1024\" src=\"https:\/\/go-tec.de\/wp-content\/uploads\/sites\/2\/2023\/06\/MicrosoftTeams-image-64-1024x1024.png\" alt=\"\" class=\"wp-image-555\" srcset=\"https:\/\/go-tec.de\/wp-content\/uploads\/sites\/2\/2023\/06\/MicrosoftTeams-image-64-1024x1024.png 1024w, https:\/\/go-tec.de\/wp-content\/uploads\/sites\/2\/2023\/06\/MicrosoftTeams-image-64-300x300.png 300w, https:\/\/go-tec.de\/wp-content\/uploads\/sites\/2\/2023\/06\/MicrosoftTeams-image-64-150x150.png 150w, https:\/\/go-tec.de\/wp-content\/uploads\/sites\/2\/2023\/06\/MicrosoftTeams-image-64-768x768.png 768w, https:\/\/go-tec.de\/wp-content\/uploads\/sites\/2\/2023\/06\/MicrosoftTeams-image-64-1536x1536.png 1536w, https:\/\/go-tec.de\/wp-content\/uploads\/sites\/2\/2023\/06\/MicrosoftTeams-image-64.png 1675w\" sizes=\"auto, (max-width: 1024px) 100vw, 1024px\" \/><\/figure>\n<\/div>\n\n\n\n<div class=\"wp-block-column px-3 px-md-4 px-lg-5 ek-linked-block is-layout-flow wp-block-column-is-layout-flow\">\n<h3 class=\"wp-block-heading animated fadeInUp has-blue-color has-text-color\">Vos avantages :<\/h3>\n\n\n\n<ul class=\"wp-block-list animated fadeInUp\">\n<li>Imprimer les chaussures d'essai nettes et brutes<\/li>\n\n\n\n<li>temps d'approvisionnement plus rapide<\/li>\n\n\n\n<li>cr\u00e9ation directe de fichiers STL imprimables<\/li>\n\n\n\n<li>R\u00e9duction du travail de pon\u00e7age<\/li>\n\n\n\n<li>Exportation STL pour les tiges<\/li>\n\n\n\n<li>Chaussures d'essai imprimables pour les formes de jambes et les formes de chaussures basses<\/li>\n\n\n\n<li>mat\u00e9riau d'essai sp\u00e9cial pour une transparence et une flexibilit\u00e9 maximales<\/li>\n\n\n\n<li>Pr\u00e9traitement du mat\u00e9riau par un s\u00e9choir pour des propri\u00e9t\u00e9s optimales du mat\u00e9riau<\/li>\n<\/ul>\n\n\n\n<div class=\"wp-block-buttons is-layout-flex wp-block-buttons-is-layout-flex\">\n<div class=\"wp-block-button is-style-outline is-style-outline--1\"><a class=\"wp-block-button__link has-blue-color has-text-color has-link-color wp-element-button\" href=\"https:\/\/go-tec.de\/wp-content\/uploads\/sites\/2\/2023\/12\/GT-Jake.pdf\" style=\"border-radius:5px\">Fiche technique<\/a><\/div>\n<\/div>\n<\/div>\n<\/div>\n<\/div>\n<\/div>\n\n\n\n<h3 class=\"wp-block-heading has-text-align-center has-blue-color has-text-color has-link-color wp-elements-489ab8fadf1c607d550e2864f9a29d70\"><strong>Fabriquer num\u00e9riquement des chaussures d'essai, des semelles et des formes - laissez-vous inspirer ici ! <\/strong><\/h3>\n\n\n\n<div class=\"wp-block-group pb-5 is-layout-constrained wp-container-core-group-is-layout-d30ff707 wp-block-group-is-layout-constrained\">\n<figure class=\"wp-block-embed is-type-video is-provider-youtube wp-block-embed-youtube wp-embed-aspect-16-9 wp-has-aspect-ratio\"><div class=\"wp-block-embed__wrapper\">\n<iframe loading=\"lazy\" title=\"Lit et plinthes num\u00e9riques\" width=\"500\" height=\"281\" src=\"https:\/\/www.youtube.com\/embed\/xF2iSQrgOfk?feature=oembed\" frameborder=\"0\" allow=\"accelerometer; autoplay; clipboard-write; encrypted-media; gyroscope; picture-in-picture; web-share\" referrerpolicy=\"strict-origin-when-cross-origin\" allowfullscreen><\/iframe>\n<\/div><\/figure>\n<\/div>\n\n\n\n<p class=\"has-text-align-center has-white-color has-mediumgrey-background-color has-text-color has-background has-link-color wp-elements-d3ec3a8e7f83a2939b8832fc8f4aeaef\">Fabrication automatis\u00e9e d'inserts pour plus d'efficacit\u00e9 | Haute performance de fraisage et qualit\u00e9 constante | R\u00e9duction des efforts manuels | Id\u00e9al pour des exigences de production croissantes | Int\u00e9gration dans les flux de travail num\u00e9riques de CAO et de num\u00e9risation<\/p>\n\n\n\n<div class=\"wp-block-group px-3 px-md-4 px-lg-5 contact-section has-white-color has-blue-background-color has-text-color has-background is-layout-constrained wp-container-core-group-is-layout-6e20cf48 wp-block-group-is-layout-constrained advgb-dyn-2eccdb19\">\n<div class=\"wp-block-columns py-5 is-layout-flex wp-container-core-columns-is-layout-28f84493 wp-block-columns-is-layout-flex\">\n<div class=\"wp-block-column animated fadeInLeft is-layout-flow wp-block-column-is-layout-flow\" style=\"flex-basis:66.66%\">\n<h3 class=\"wp-block-heading advgb-dyn-b31c1e16\">Nous nous ferons un plaisir de vous conseiller personnellement !<\/h3>\n\n\n\n<p>Nous vous rappellerons dans les meilleurs d\u00e9lais ! <\/p>\n<\/div>\n\n\n\n<div class=\"wp-block-column is-vertically-aligned-center animated fadeInRight is-layout-flow wp-block-column-is-layout-flow\" style=\"flex-basis:33.33%\">\n<div class=\"wp-block-buttons animated fadeInUp mb-5 is-content-justification-center is-layout-flex wp-container-core-buttons-is-layout-a89b3969 wp-block-buttons-is-layout-flex\">\n<div class=\"wp-block-button is-style-fill advgb-dyn-3db009d7\"><a class=\"wp-block-button__link has-white-color has-green-background-color has-text-color has-background wp-element-button\" href=\"https:\/\/go-tec.de\/fr\/kontaktsales\/\" style=\"border-radius:5px\">Vers la demande de contact<\/a><\/div>\n<\/div>\n<\/div>\n<\/div>\n<\/div>\n\n\n\n<p><\/p>","protected":false},"excerpt":{"rendered":"<p>GT Jake &#8211; Messen und Probeschuh am selben Tag Automatisierte Einlagenfr\u00e4se f\u00fcr maximale Effizienz Wochenlang auf Probeschuhe warten? Damit machen wir Schluss. Wenn Sie mit unserem GT George messen und anschlie\u00dfend den Leisten in GP OptiCAD erstellen, k\u00f6nnen Sie mit unserem 3D-Drucker GT Jake inklusive Dryer in weniger als 4 h Brutto- und Nettoprobeschuhe anfertigen. [&hellip;]<\/p>\n","protected":false},"author":8,"featured_media":0,"parent":12,"menu_order":0,"comment_status":"closed","ping_status":"closed","template":"","meta":{"inline_featured_image":false,"advgb_blocks_editor_width":"","advgb_blocks_columns_visual_guide":"","footnotes":""},"class_list":["post-395","page","type-page","status-publish","hentry"],"yoast_head":"<!-- This site is optimized with the Yoast SEO plugin v27.2 - https:\/\/yoast.com\/product\/yoast-seo-wordpress\/ -->\n<title>GT Jake -<\/title>\n<meta name=\"description\" content=\"Die GT Jake automatisiert die Einlagenfertigung und steigert Effizienz sowie Produktivit\u00e4t. Ideal f\u00fcr Orthop\u00e4diebetriebe mit hohem Bedarf.\" \/>\n<meta name=\"robots\" content=\"index, follow, max-snippet:-1, max-image-preview:large, max-video-preview:-1\" \/>\n<link rel=\"canonical\" href=\"https:\/\/go-tec.de\/fr\/go-tec-system\/gt-jake\/\" \/>\n<meta property=\"og:locale\" content=\"fr_FR\" \/>\n<meta property=\"og:type\" content=\"article\" \/>\n<meta property=\"og:title\" content=\"GT Jake -\" \/>\n<meta property=\"og:description\" content=\"Die GT Jake automatisiert die Einlagenfertigung und steigert Effizienz sowie Produktivit\u00e4t. Ideal f\u00fcr Orthop\u00e4diebetriebe mit hohem Bedarf.\" \/>\n<meta property=\"og:url\" content=\"https:\/\/go-tec.de\/fr\/go-tec-system\/gt-jake\/\" \/>\n<meta property=\"article:modified_time\" content=\"2026-03-24T11:40:32+00:00\" \/>\n<meta property=\"og:image\" content=\"https:\/\/go-tec.de\/wp-content\/uploads\/sites\/2\/2023\/06\/MicrosoftTeams-image-64-1024x1024.png\" \/>\n<meta name=\"twitter:card\" content=\"summary_large_image\" \/>\n<meta name=\"twitter:label1\" content=\"Dur\u00e9e de lecture estim\u00e9e\" \/>\n\t<meta name=\"twitter:data1\" content=\"2 minutes\" \/>\n<script type=\"application\/ld+json\" class=\"yoast-schema-graph\">{\"@context\":\"https:\/\/schema.org\",\"@graph\":[{\"@type\":\"WebPage\",\"@id\":\"https:\/\/go-tec.de\/it\/go-tec-system\/gt-jake\/\",\"url\":\"https:\/\/go-tec.de\/it\/go-tec-system\/gt-jake\/\",\"name\":\"GT Jake -\",\"isPartOf\":{\"@id\":\"https:\/\/go-tec.de\/en\/#website\"},\"primaryImageOfPage\":{\"@id\":\"https:\/\/go-tec.de\/it\/go-tec-system\/gt-jake\/#primaryimage\"},\"image\":{\"@id\":\"https:\/\/go-tec.de\/it\/go-tec-system\/gt-jake\/#primaryimage\"},\"thumbnailUrl\":\"https:\/\/go-tec.de\/wp-content\/uploads\/sites\/2\/2023\/06\/MicrosoftTeams-image-64-1024x1024.png\",\"datePublished\":\"2023-06-15T10:11:14+00:00\",\"dateModified\":\"2026-03-24T11:40:32+00:00\",\"description\":\"Die GT Jake automatisiert die Einlagenfertigung und steigert Effizienz sowie Produktivit\u00e4t. Ideal f\u00fcr Orthop\u00e4diebetriebe mit hohem Bedarf.\",\"breadcrumb\":{\"@id\":\"https:\/\/go-tec.de\/it\/go-tec-system\/gt-jake\/#breadcrumb\"},\"inLanguage\":\"fr-FR\",\"potentialAction\":[{\"@type\":\"ReadAction\",\"target\":[\"https:\/\/go-tec.de\/it\/go-tec-system\/gt-jake\/\"]}]},{\"@type\":\"ImageObject\",\"inLanguage\":\"fr-FR\",\"@id\":\"https:\/\/go-tec.de\/it\/go-tec-system\/gt-jake\/#primaryimage\",\"url\":\"https:\/\/go-tec.de\/wp-content\/uploads\/sites\/2\/2023\/06\/MicrosoftTeams-image-64-1024x1024.png\",\"contentUrl\":\"https:\/\/go-tec.de\/wp-content\/uploads\/sites\/2\/2023\/06\/MicrosoftTeams-image-64-1024x1024.png\"},{\"@type\":\"BreadcrumbList\",\"@id\":\"https:\/\/go-tec.de\/it\/go-tec-system\/gt-jake\/#breadcrumb\",\"itemListElement\":[{\"@type\":\"ListItem\",\"position\":1,\"name\":\"Startseite\",\"item\":\"https:\/\/go-tec.de\/\"},{\"@type\":\"ListItem\",\"position\":2,\"name\":\"go-tec System\",\"item\":\"https:\/\/go-tec.de\/ja\/go-tec-system\/\"},{\"@type\":\"ListItem\",\"position\":3,\"name\":\"GT Jake\"}]},{\"@type\":\"WebSite\",\"@id\":\"https:\/\/go-tec.de\/en\/#website\",\"url\":\"https:\/\/go-tec.de\/en\/\",\"name\":\"\",\"description\":\"\",\"potentialAction\":[{\"@type\":\"SearchAction\",\"target\":{\"@type\":\"EntryPoint\",\"urlTemplate\":\"https:\/\/go-tec.de\/en\/?s={search_term_string}\"},\"query-input\":{\"@type\":\"PropertyValueSpecification\",\"valueRequired\":true,\"valueName\":\"search_term_string\"}}],\"inLanguage\":\"fr-FR\"}]}<\/script>\n<!-- \/ Yoast SEO plugin. -->","yoast_head_json":{"title":"GT Jake -","description":"La GT Jake automatise la fabrication des semelles orthop\u00e9diques et augmente l'efficacit\u00e9 et la productivit\u00e9. Elle est id\u00e9ale pour les entreprises orthop\u00e9diques qui ont des besoins importants.","robots":{"index":"index","follow":"follow","max-snippet":"max-snippet:-1","max-image-preview":"max-image-preview:large","max-video-preview":"max-video-preview:-1"},"canonical":"https:\/\/go-tec.de\/fr\/go-tec-system\/gt-jake\/","og_locale":"fr_FR","og_type":"article","og_title":"GT Jake -","og_description":"Die GT Jake automatisiert die Einlagenfertigung und steigert Effizienz sowie Produktivit\u00e4t. Ideal f\u00fcr Orthop\u00e4diebetriebe mit hohem Bedarf.","og_url":"https:\/\/go-tec.de\/fr\/go-tec-system\/gt-jake\/","article_modified_time":"2026-03-24T11:40:32+00:00","og_image":[{"url":"https:\/\/go-tec.de\/wp-content\/uploads\/sites\/2\/2023\/06\/MicrosoftTeams-image-64-1024x1024.png","type":"","width":"","height":""}],"twitter_card":"summary_large_image","twitter_misc":{"Dur\u00e9e de lecture estim\u00e9e":"2 minutes"},"schema":{"@context":"https:\/\/schema.org","@graph":[{"@type":"WebPage","@id":"https:\/\/go-tec.de\/it\/go-tec-system\/gt-jake\/","url":"https:\/\/go-tec.de\/it\/go-tec-system\/gt-jake\/","name":"GT Jake -","isPartOf":{"@id":"https:\/\/go-tec.de\/en\/#website"},"primaryImageOfPage":{"@id":"https:\/\/go-tec.de\/it\/go-tec-system\/gt-jake\/#primaryimage"},"image":{"@id":"https:\/\/go-tec.de\/it\/go-tec-system\/gt-jake\/#primaryimage"},"thumbnailUrl":"https:\/\/go-tec.de\/wp-content\/uploads\/sites\/2\/2023\/06\/MicrosoftTeams-image-64-1024x1024.png","datePublished":"2023-06-15T10:11:14+00:00","dateModified":"2026-03-24T11:40:32+00:00","description":"La GT Jake automatise la fabrication des semelles orthop\u00e9diques et augmente l'efficacit\u00e9 et la productivit\u00e9. Elle est id\u00e9ale pour les entreprises orthop\u00e9diques qui ont des besoins importants.","breadcrumb":{"@id":"https:\/\/go-tec.de\/it\/go-tec-system\/gt-jake\/#breadcrumb"},"inLanguage":"fr-FR","potentialAction":[{"@type":"ReadAction","target":["https:\/\/go-tec.de\/it\/go-tec-system\/gt-jake\/"]}]},{"@type":"ImageObject","inLanguage":"fr-FR","@id":"https:\/\/go-tec.de\/it\/go-tec-system\/gt-jake\/#primaryimage","url":"https:\/\/go-tec.de\/wp-content\/uploads\/sites\/2\/2023\/06\/MicrosoftTeams-image-64-1024x1024.png","contentUrl":"https:\/\/go-tec.de\/wp-content\/uploads\/sites\/2\/2023\/06\/MicrosoftTeams-image-64-1024x1024.png"},{"@type":"BreadcrumbList","@id":"https:\/\/go-tec.de\/it\/go-tec-system\/gt-jake\/#breadcrumb","itemListElement":[{"@type":"ListItem","position":1,"name":"Startseite","item":"https:\/\/go-tec.de\/"},{"@type":"ListItem","position":2,"name":"go-tec System","item":"https:\/\/go-tec.de\/ja\/go-tec-system\/"},{"@type":"ListItem","position":3,"name":"GT Jake"}]},{"@type":"WebSite","@id":"https:\/\/go-tec.de\/en\/#website","url":"https:\/\/go-tec.de\/en\/","name":"","description":"","potentialAction":[{"@type":"SearchAction","target":{"@type":"EntryPoint","urlTemplate":"https:\/\/go-tec.de\/en\/?s={search_term_string}"},"query-input":{"@type":"PropertyValueSpecification","valueRequired":true,"valueName":"search_term_string"}}],"inLanguage":"fr-FR"}]}},"coauthors":[],"author_meta":{"author_link":"https:\/\/go-tec.de\/fr\/author\/akoctar\/","display_name":"akoctar"},"relative_dates":{"created":"Publi\u00e9 3 ans il y a","modified":"Mis \u00e0 jour 3 semaines il y a"},"absolute_dates":{"created":"Publi\u00e9 le 15. juin 2023","modified":"Mise \u00e0 jour le 24. mars 2026"},"absolute_dates_time":{"created":"Publi\u00e9 le 15. juin 2023 12:11","modified":"Mise \u00e0 jour le 24. mars 2026 12:40"},"featured_img_caption":"","featured_img":false,"series_order":"","_links":{"self":[{"href":"https:\/\/go-tec.de\/fr\/wp-json\/wp\/v2\/pages\/395","targetHints":{"allow":["GET"]}}],"collection":[{"href":"https:\/\/go-tec.de\/fr\/wp-json\/wp\/v2\/pages"}],"about":[{"href":"https:\/\/go-tec.de\/fr\/wp-json\/wp\/v2\/types\/page"}],"author":[{"embeddable":true,"href":"https:\/\/go-tec.de\/fr\/wp-json\/wp\/v2\/users\/8"}],"replies":[{"embeddable":true,"href":"https:\/\/go-tec.de\/fr\/wp-json\/wp\/v2\/comments?post=395"}],"version-history":[{"count":12,"href":"https:\/\/go-tec.de\/fr\/wp-json\/wp\/v2\/pages\/395\/revisions"}],"predecessor-version":[{"id":1366,"href":"https:\/\/go-tec.de\/fr\/wp-json\/wp\/v2\/pages\/395\/revisions\/1366"}],"up":[{"embeddable":true,"href":"https:\/\/go-tec.de\/fr\/wp-json\/wp\/v2\/pages\/12"}],"wp:attachment":[{"href":"https:\/\/go-tec.de\/fr\/wp-json\/wp\/v2\/media?parent=395"}],"curies":[{"name":"wp","href":"https:\/\/api.w.org\/{rel}","templated":true}]}}