{"id":383,"date":"2023-06-15T11:52:16","date_gmt":"2023-06-15T09:52:16","guid":{"rendered":"https:\/\/cms.gebiom.group\/go-tec\/?page_id=383"},"modified":"2026-03-18T06:48:31","modified_gmt":"2026-03-18T05:48:31","slug":"gp-insole-cad","status":"publish","type":"page","link":"https:\/\/go-tec.de\/fr\/go-tec-system\/gp-insole-cad\/","title":{"rendered":"GP Insole CAD"},"content":{"rendered":"\n<div class=\"wp-block-cover is-light\" style=\"min-height:70vh;aspect-ratio:unset;\"><video class=\"wp-block-cover__video-background intrinsic-ignore\" autoplay muted loop playsinline src=\"https:\/\/cms.gebiom.group\/go-tec\/wp-content\/uploads\/sites\/2\/2023\/06\/GP_InsoleCAD.mp4\" data-object-fit=\"cover\"><\/video><span aria-hidden=\"true\" class=\"wp-block-cover__background has-background-dim-30 has-background-dim\"><\/span><div class=\"wp-block-cover__inner-container is-layout-flow wp-block-cover-is-layout-flow\">\n<div class=\"wp-block-group is-layout-flow wp-block-group-is-layout-flow\">\n<h2 class=\"wp-block-heading has-text-align-center px-3 px-md-4 px-lg-5 animated fadeInUp has-white-color has-text-color\">GP Insole CAD<\/h2>\n<\/div>\n<\/div><\/div>\n\n\n\n<div class=\"wp-block-group py-5 px-3 px-md-4 px-lg-5 has-darkgrey-color has-text-color is-layout-flow wp-block-group-is-layout-flow\">\n<div class=\"wp-block-group is-layout-constrained wp-container-core-group-is-layout-703bee88 wp-block-group-is-layout-constrained\">\n<h2 class=\"wp-block-heading has-text-align-center animated fadeInUp\">CAD-Softwware f\u00fcr individuelle und einfache Einlagenkonstruktion<\/h2>\n\n\n\n<p class=\"has-text-align-center animated fadeInUp\"><strong>GP InsoleCAD<\/strong> ist die spezialisierte CAD-Software f\u00fcr die schnelle und pr\u00e4zise Konstruktion orthop\u00e4discher Einlagen. Sie unterst\u00fctzt eine <strong>effiziente, digitale Gestaltung<\/strong> auf Basis von Scan- und Messdaten und sorgt f\u00fcr reproduzierbare Ergebnisse.<\/p>\n\n\n\n<p class=\"has-text-align-center\">Die intuitive Benutzeroberfl\u00e4che und die nahtlose Integration in bestehende Systeme machen GP InsoleCAD zur idealen L\u00f6sung f\u00fcr <strong>moderne Orthop\u00e4diewerkst\u00e4tten und digitale Fertigungsprozesse<\/strong>.<\/p>\n\n\n\n<div class=\"wp-block-columns py-5 is-layout-flex wp-container-core-columns-is-layout-28f84493 wp-block-columns-is-layout-flex\">\n<div class=\"wp-block-column px-3 px-md-4 px-lg-5 is-layout-flow wp-block-column-is-layout-flow\">\n<div class=\"wp-block-cb-carousel cb-single-slide animated fadeInUp\" data-slick=\"{&quot;slidesToShow&quot;:1,&quot;slidesToScroll&quot;:1,&quot;speed&quot;:300,&quot;arrows&quot;:true,&quot;dots&quot;:true,&quot;autoplay&quot;:true,&quot;autoplaySpeed&quot;:3000,&quot;infinite&quot;:true,&quot;responsive&quot;:[{&quot;breakpoint&quot;:769,&quot;settings&quot;:{&quot;slidesToShow&quot;:1,&quot;slidesToScroll&quot;:1}}]}\">\n<div class=\"wp-block-cb-slide\">\n<figure class=\"wp-block-image size-full\"><img loading=\"lazy\" decoding=\"async\" width=\"514\" height=\"342\" src=\"https:\/\/cms.gebiom.group\/go-tec\/wp-content\/uploads\/sites\/2\/2023\/06\/InsoleCAD_1.jpg\" alt=\"\" class=\"wp-image-384\" srcset=\"https:\/\/go-tec.de\/wp-content\/uploads\/sites\/2\/2023\/06\/InsoleCAD_1.jpg 514w, https:\/\/go-tec.de\/wp-content\/uploads\/sites\/2\/2023\/06\/InsoleCAD_1-300x200.jpg 300w\" sizes=\"auto, (max-width: 514px) 100vw, 514px\" \/><\/figure>\n<\/div>\n\n\n\n<div class=\"wp-block-cb-slide\">\n<figure class=\"wp-block-image size-full\"><img loading=\"lazy\" decoding=\"async\" width=\"514\" height=\"342\" src=\"https:\/\/cms.gebiom.group\/go-tec\/wp-content\/uploads\/sites\/2\/2023\/06\/InsoleCAD_2.jpg\" alt=\"\" class=\"wp-image-385\" srcset=\"https:\/\/go-tec.de\/wp-content\/uploads\/sites\/2\/2023\/06\/InsoleCAD_2.jpg 514w, https:\/\/go-tec.de\/wp-content\/uploads\/sites\/2\/2023\/06\/InsoleCAD_2-300x200.jpg 300w\" sizes=\"auto, (max-width: 514px) 100vw, 514px\" \/><\/figure>\n<\/div>\n<\/div>\n<\/div>\n\n\n\n<div class=\"wp-block-column px-3 px-md-4 px-lg-5 is-layout-flow wp-block-column-is-layout-flow\">\n<h3 class=\"wp-block-heading animated fadeInUp has-blue-color has-text-color\">Ihre Vorteile:<\/h3>\n\n\n\n<ul class=\"wp-block-list animated fadeInUp\">\n<li>Einlesen der Messdaten aus Ihrer Druckmessung oder Ihrem Fu\u00dfscan<\/li>\n\n\n\n<li>Netzwerkf\u00e4higkeit erm\u00f6glicht die Konstruktion an vielen Orten<\/li>\n\n\n\n<li>Virtuelle Einlagenbibliothek gem\u00e4\u00df Ihren Anforderungen<\/li>\n\n\n\n<li>Freie Gestaltung und Erg\u00e4nzung der Bibliothek durch den Anwender<\/li>\n\n\n\n<li>Projektion Ihres Fu\u00dfscans oder Ihrer Druckmessung &nbsp;direkt auf die Einlage<\/li>\n\n\n\n<li>Feinbearbeitung der Einlage wie Gr\u00f6\u00dfenanpassung, freie Modellierung wie MFK oder Gew\u00f6lbeverlauf, Pelotte etc. durch den Anwender<\/li>\n\n\n\n<li>Abspeichern und Versenden zum Fr\u00e4sen einer ma\u00dfgenauen Einlage<\/li>\n<\/ul>\n\n\n\n<p class=\"has-blue-color has-text-color has-link-color wp-elements-364131ba9248ee3b6c8cc861d5fb33ac\"><strong> N\u00e4here Informationen erhalten Sie im Datenblatt<\/strong><\/p>\n\n\n\n<div class=\"wp-block-buttons animated fadeInUp is-layout-flex wp-block-buttons-is-layout-flex\">\n<div class=\"wp-block-button is-style-outline is-style-outline--1\"><a class=\"wp-block-button__link has-blue-color has-text-color wp-element-button\" href=\"https:\/\/go-tec.de\/go-tec-system\/#konstruieren\" style=\"border-radius:5px\">Zur\u00fcck<\/a><\/div>\n\n\n\n<div class=\"wp-block-button is-style-outline is-style-outline--2\"><a class=\"wp-block-button__link has-blue-color has-text-color wp-element-button\" href=\"https:\/\/go-tec.de\/wp-content\/uploads\/sites\/2\/2023\/12\/InsoleCad.pdf\" style=\"border-radius:5px\">Datenblatt<\/a><\/div>\n<\/div>\n<\/div>\n<\/div>\n\n\n\n<div style=\"height:11px\" aria-hidden=\"true\" class=\"wp-block-spacer\"><\/div>\n<\/div>\n<\/div>\n\n\n\n<p class=\"has-text-align-center has-white-color has-mediumgrey-background-color has-text-color has-background has-link-color wp-elements-43be673862cdc76b9fa72ddfe1e29c18\">Pr\u00e4zise Konstruktion individueller Einlagen    Schnelle und effiziente Arbeitsabl\u00e4ufe     Intuitive Bedienung     Optimale Integration in Scan- und Fr\u00e4sprozesse<\/p>\n\n\n\n<div class=\"wp-block-group px-3 px-md-4 px-lg-5 contact-section has-white-color has-blue-background-color has-text-color has-background is-layout-constrained wp-container-core-group-is-layout-6e20cf48 wp-block-group-is-layout-constrained advgb-dyn-2eccdb19\">\n<div class=\"wp-block-columns py-5 is-layout-flex wp-container-core-columns-is-layout-28f84493 wp-block-columns-is-layout-flex\">\n<div class=\"wp-block-column animated fadeInLeft is-layout-flow wp-block-column-is-layout-flow\" style=\"flex-basis:66.66%\">\n<h3 class=\"wp-block-heading advgb-dyn-b31c1e16\">Gerne beraten wir Sie pers\u00f6nlich!<\/h3>\n\n\n\n<p>Wir rufen Sie zeitnah zur\u00fcck! <\/p>\n<\/div>\n\n\n\n<div class=\"wp-block-column is-vertically-aligned-center animated fadeInRight is-layout-flow wp-block-column-is-layout-flow\" style=\"flex-basis:33.33%\">\n<div class=\"wp-block-buttons animated fadeInUp mb-5 is-content-justification-center is-layout-flex wp-container-core-buttons-is-layout-a89b3969 wp-block-buttons-is-layout-flex\">\n<div class=\"wp-block-button is-style-fill advgb-dyn-3db009d7\"><a class=\"wp-block-button__link has-white-color has-green-background-color has-text-color has-background wp-element-button\" href=\"https:\/\/go-tec.de\/kontaktsales\/\" style=\"border-radius:5px\">Zur Kontaktanfrage<\/a><\/div>\n<\/div>\n<\/div>\n<\/div>\n<\/div>\n","protected":false},"excerpt":{"rendered":"<p>CAD-Softwware f\u00fcr individuelle und einfache Einlagenkonstruktion GP InsoleCAD ist die spezialisierte CAD-Software f\u00fcr die schnelle und pr\u00e4zise Konstruktion orthop\u00e4discher Einlagen. Sie unterst\u00fctzt eine effiziente, digitale Gestaltung auf Basis von Scan- und Messdaten und sorgt f\u00fcr reproduzierbare Ergebnisse. Die intuitive Benutzeroberfl\u00e4che und die nahtlose Integration in bestehende Systeme machen GP InsoleCAD zur idealen L\u00f6sung f\u00fcr moderne [&hellip;]<\/p>\n","protected":false},"author":8,"featured_media":0,"parent":12,"menu_order":0,"comment_status":"closed","ping_status":"closed","template":"","meta":{"inline_featured_image":false,"advgb_blocks_editor_width":"","advgb_blocks_columns_visual_guide":"","footnotes":""},"class_list":["post-383","page","type-page","status-publish","hentry"],"yoast_head":"<!-- This site is optimized with the Yoast SEO plugin v27.2 - https:\/\/yoast.com\/product\/yoast-seo-wordpress\/ -->\n<title>GP Insole CAD -<\/title>\n<meta name=\"description\" content=\"GP InsoleCAD erm\u00f6glicht die pr\u00e4zise Konstruktion individueller Einlagen. Die ideale CAD-Software f\u00fcr digitale Orthop\u00e4dietechnik.\" \/>\n<meta name=\"robots\" content=\"index, follow, max-snippet:-1, max-image-preview:large, max-video-preview:-1\" \/>\n<link rel=\"canonical\" href=\"https:\/\/go-tec.de\/fr\/go-tec-system\/gp-insole-cad\/\" \/>\n<meta property=\"og:locale\" content=\"fr_FR\" \/>\n<meta property=\"og:type\" content=\"article\" \/>\n<meta property=\"og:title\" content=\"GP Insole CAD -\" \/>\n<meta property=\"og:description\" content=\"GP InsoleCAD erm\u00f6glicht die pr\u00e4zise Konstruktion individueller Einlagen. Die ideale CAD-Software f\u00fcr digitale Orthop\u00e4dietechnik.\" \/>\n<meta property=\"og:url\" content=\"https:\/\/go-tec.de\/fr\/go-tec-system\/gp-insole-cad\/\" \/>\n<meta property=\"article:modified_time\" content=\"2026-03-18T05:48:31+00:00\" \/>\n<meta property=\"og:image\" content=\"https:\/\/cms.gebiom.group\/go-tec\/wp-content\/uploads\/sites\/2\/2023\/06\/InsoleCAD_1.jpg\" \/>\n<meta name=\"twitter:card\" content=\"summary_large_image\" \/>\n<meta name=\"twitter:label1\" content=\"Dur\u00e9e de lecture estim\u00e9e\" \/>\n\t<meta name=\"twitter:data1\" content=\"2 minutes\" \/>\n<script type=\"application\/ld+json\" class=\"yoast-schema-graph\">{\"@context\":\"https:\/\/schema.org\",\"@graph\":[{\"@type\":\"WebPage\",\"@id\":\"https:\/\/go-tec.de\/en\/go-tec-system\/gp-insole-cad\/\",\"url\":\"https:\/\/go-tec.de\/en\/go-tec-system\/gp-insole-cad\/\",\"name\":\"GP Insole CAD -\",\"isPartOf\":{\"@id\":\"https:\/\/go-tec.de\/en\/#website\"},\"primaryImageOfPage\":{\"@id\":\"https:\/\/go-tec.de\/en\/go-tec-system\/gp-insole-cad\/#primaryimage\"},\"image\":{\"@id\":\"https:\/\/go-tec.de\/en\/go-tec-system\/gp-insole-cad\/#primaryimage\"},\"thumbnailUrl\":\"https:\/\/cms.gebiom.group\/go-tec\/wp-content\/uploads\/sites\/2\/2023\/06\/InsoleCAD_1.jpg\",\"datePublished\":\"2023-06-15T09:52:16+00:00\",\"dateModified\":\"2026-03-18T05:48:31+00:00\",\"description\":\"GP InsoleCAD erm\u00f6glicht die pr\u00e4zise Konstruktion individueller Einlagen. Die ideale CAD-Software f\u00fcr digitale Orthop\u00e4dietechnik.\",\"breadcrumb\":{\"@id\":\"https:\/\/go-tec.de\/en\/go-tec-system\/gp-insole-cad\/#breadcrumb\"},\"inLanguage\":\"fr-FR\",\"potentialAction\":[{\"@type\":\"ReadAction\",\"target\":[\"https:\/\/go-tec.de\/en\/go-tec-system\/gp-insole-cad\/\"]}]},{\"@type\":\"ImageObject\",\"inLanguage\":\"fr-FR\",\"@id\":\"https:\/\/go-tec.de\/en\/go-tec-system\/gp-insole-cad\/#primaryimage\",\"url\":\"https:\/\/cms.gebiom.group\/go-tec\/wp-content\/uploads\/sites\/2\/2023\/06\/InsoleCAD_1.jpg\",\"contentUrl\":\"https:\/\/cms.gebiom.group\/go-tec\/wp-content\/uploads\/sites\/2\/2023\/06\/InsoleCAD_1.jpg\"},{\"@type\":\"BreadcrumbList\",\"@id\":\"https:\/\/go-tec.de\/en\/go-tec-system\/gp-insole-cad\/#breadcrumb\",\"itemListElement\":[{\"@type\":\"ListItem\",\"position\":1,\"name\":\"Startseite\",\"item\":\"https:\/\/go-tec.de\/\"},{\"@type\":\"ListItem\",\"position\":2,\"name\":\"go-tec System\",\"item\":\"https:\/\/go-tec.de\/ja\/go-tec-system\/\"},{\"@type\":\"ListItem\",\"position\":3,\"name\":\"GP Insole CAD\"}]},{\"@type\":\"WebSite\",\"@id\":\"https:\/\/go-tec.de\/en\/#website\",\"url\":\"https:\/\/go-tec.de\/en\/\",\"name\":\"\",\"description\":\"\",\"potentialAction\":[{\"@type\":\"SearchAction\",\"target\":{\"@type\":\"EntryPoint\",\"urlTemplate\":\"https:\/\/go-tec.de\/en\/?s={search_term_string}\"},\"query-input\":{\"@type\":\"PropertyValueSpecification\",\"valueRequired\":true,\"valueName\":\"search_term_string\"}}],\"inLanguage\":\"fr-FR\"}]}<\/script>\n<!-- \/ Yoast SEO plugin. -->","yoast_head_json":{"title":"GP Insole CAD -","description":"GP InsoleCAD erm\u00f6glicht die pr\u00e4zise Konstruktion individueller Einlagen. Die ideale CAD-Software f\u00fcr digitale Orthop\u00e4dietechnik.","robots":{"index":"index","follow":"follow","max-snippet":"max-snippet:-1","max-image-preview":"max-image-preview:large","max-video-preview":"max-video-preview:-1"},"canonical":"https:\/\/go-tec.de\/fr\/go-tec-system\/gp-insole-cad\/","og_locale":"fr_FR","og_type":"article","og_title":"GP Insole CAD -","og_description":"GP InsoleCAD erm\u00f6glicht die pr\u00e4zise Konstruktion individueller Einlagen. Die ideale CAD-Software f\u00fcr digitale Orthop\u00e4dietechnik.","og_url":"https:\/\/go-tec.de\/fr\/go-tec-system\/gp-insole-cad\/","article_modified_time":"2026-03-18T05:48:31+00:00","og_image":[{"url":"https:\/\/cms.gebiom.group\/go-tec\/wp-content\/uploads\/sites\/2\/2023\/06\/InsoleCAD_1.jpg","type":"","width":"","height":""}],"twitter_card":"summary_large_image","twitter_misc":{"Dur\u00e9e de lecture estim\u00e9e":"2 minutes"},"schema":{"@context":"https:\/\/schema.org","@graph":[{"@type":"WebPage","@id":"https:\/\/go-tec.de\/en\/go-tec-system\/gp-insole-cad\/","url":"https:\/\/go-tec.de\/en\/go-tec-system\/gp-insole-cad\/","name":"GP Insole CAD -","isPartOf":{"@id":"https:\/\/go-tec.de\/en\/#website"},"primaryImageOfPage":{"@id":"https:\/\/go-tec.de\/en\/go-tec-system\/gp-insole-cad\/#primaryimage"},"image":{"@id":"https:\/\/go-tec.de\/en\/go-tec-system\/gp-insole-cad\/#primaryimage"},"thumbnailUrl":"https:\/\/cms.gebiom.group\/go-tec\/wp-content\/uploads\/sites\/2\/2023\/06\/InsoleCAD_1.jpg","datePublished":"2023-06-15T09:52:16+00:00","dateModified":"2026-03-18T05:48:31+00:00","description":"GP InsoleCAD erm\u00f6glicht die pr\u00e4zise Konstruktion individueller Einlagen. Die ideale CAD-Software f\u00fcr digitale Orthop\u00e4dietechnik.","breadcrumb":{"@id":"https:\/\/go-tec.de\/en\/go-tec-system\/gp-insole-cad\/#breadcrumb"},"inLanguage":"fr-FR","potentialAction":[{"@type":"ReadAction","target":["https:\/\/go-tec.de\/en\/go-tec-system\/gp-insole-cad\/"]}]},{"@type":"ImageObject","inLanguage":"fr-FR","@id":"https:\/\/go-tec.de\/en\/go-tec-system\/gp-insole-cad\/#primaryimage","url":"https:\/\/cms.gebiom.group\/go-tec\/wp-content\/uploads\/sites\/2\/2023\/06\/InsoleCAD_1.jpg","contentUrl":"https:\/\/cms.gebiom.group\/go-tec\/wp-content\/uploads\/sites\/2\/2023\/06\/InsoleCAD_1.jpg"},{"@type":"BreadcrumbList","@id":"https:\/\/go-tec.de\/en\/go-tec-system\/gp-insole-cad\/#breadcrumb","itemListElement":[{"@type":"ListItem","position":1,"name":"Startseite","item":"https:\/\/go-tec.de\/"},{"@type":"ListItem","position":2,"name":"go-tec System","item":"https:\/\/go-tec.de\/ja\/go-tec-system\/"},{"@type":"ListItem","position":3,"name":"GP Insole CAD"}]},{"@type":"WebSite","@id":"https:\/\/go-tec.de\/en\/#website","url":"https:\/\/go-tec.de\/en\/","name":"","description":"","potentialAction":[{"@type":"SearchAction","target":{"@type":"EntryPoint","urlTemplate":"https:\/\/go-tec.de\/en\/?s={search_term_string}"},"query-input":{"@type":"PropertyValueSpecification","valueRequired":true,"valueName":"search_term_string"}}],"inLanguage":"fr-FR"}]}},"coauthors":[],"author_meta":{"author_link":"https:\/\/go-tec.de\/fr\/author\/akoctar\/","display_name":"akoctar"},"relative_dates":{"created":"Publi\u00e9 3 ans il y a","modified":"Mis \u00e0 jour 4 semaines il y a"},"absolute_dates":{"created":"Publi\u00e9 le 15. juin 2023","modified":"Mise \u00e0 jour le 18. mars 2026"},"absolute_dates_time":{"created":"Publi\u00e9 le 15. juin 2023 11:52","modified":"Mise \u00e0 jour le 18. mars 2026 6:48"},"featured_img_caption":"","featured_img":false,"series_order":"","_links":{"self":[{"href":"https:\/\/go-tec.de\/fr\/wp-json\/wp\/v2\/pages\/383","targetHints":{"allow":["GET"]}}],"collection":[{"href":"https:\/\/go-tec.de\/fr\/wp-json\/wp\/v2\/pages"}],"about":[{"href":"https:\/\/go-tec.de\/fr\/wp-json\/wp\/v2\/types\/page"}],"author":[{"embeddable":true,"href":"https:\/\/go-tec.de\/fr\/wp-json\/wp\/v2\/users\/8"}],"replies":[{"embeddable":true,"href":"https:\/\/go-tec.de\/fr\/wp-json\/wp\/v2\/comments?post=383"}],"version-history":[{"count":11,"href":"https:\/\/go-tec.de\/fr\/wp-json\/wp\/v2\/pages\/383\/revisions"}],"predecessor-version":[{"id":1309,"href":"https:\/\/go-tec.de\/fr\/wp-json\/wp\/v2\/pages\/383\/revisions\/1309"}],"up":[{"embeddable":true,"href":"https:\/\/go-tec.de\/fr\/wp-json\/wp\/v2\/pages\/12"}],"wp:attachment":[{"href":"https:\/\/go-tec.de\/fr\/wp-json\/wp\/v2\/media?parent=383"}],"curies":[{"name":"wp","href":"https:\/\/api.w.org\/{rel}","templated":true}]}}