{"id":334,"date":"2023-06-15T10:20:21","date_gmt":"2023-06-15T08:20:21","guid":{"rendered":"https:\/\/cms.gebiom.group\/go-tec\/?page_id=334"},"modified":"2026-03-18T08:02:35","modified_gmt":"2026-03-18T07:02:35","slug":"gt-george","status":"publish","type":"page","link":"https:\/\/go-tec.de\/fr\/go-tec-system\/gt-george\/","title":{"rendered":"GT George"},"content":{"rendered":"<figure class=\"wp-block-gallery has-nested-images columns-default is-cropped wp-block-gallery-1 is-layout-flex wp-block-gallery-is-layout-flex\">\n<figure class=\"wp-block-image size-full\"><img loading=\"lazy\" decoding=\"async\" width=\"813\" height=\"814\" data-id=\"539\" src=\"https:\/\/go-tec.de\/wp-content\/uploads\/sites\/2\/2023\/06\/MicrosoftTeams-image-66.png\" alt=\"\" class=\"wp-image-539\" srcset=\"https:\/\/go-tec.de\/wp-content\/uploads\/sites\/2\/2023\/06\/MicrosoftTeams-image-66.png 813w, https:\/\/go-tec.de\/wp-content\/uploads\/sites\/2\/2023\/06\/MicrosoftTeams-image-66-300x300.png 300w, https:\/\/go-tec.de\/wp-content\/uploads\/sites\/2\/2023\/06\/MicrosoftTeams-image-66-150x150.png 150w, https:\/\/go-tec.de\/wp-content\/uploads\/sites\/2\/2023\/06\/MicrosoftTeams-image-66-768x769.png 768w\" sizes=\"auto, (max-width: 813px) 100vw, 813px\" \/><\/figure>\n<\/figure>\n\n\n\n<div class=\"wp-block-group py-5 px-3 px-md-4 px-lg-5 has-darkgrey-color has-text-color is-layout-flow wp-block-group-is-layout-flow\">\n<div class=\"wp-block-group is-layout-constrained wp-container-core-group-is-layout-703bee88 wp-block-group-is-layout-constrained\">\n<h2 class=\"wp-block-heading has-text-align-center animated fadeInUp\" id=\"gt-george-3d-vollfussscanner-fur-prazise-fussvermessung-12948788-de8a-4860-9172-7a44b5e42fdc\">GT George - Scanner 3D de pied complet pour une mesure pr\u00e9cise du pied<\/h2>\n\n\n\n<h4 class=\"wp-block-heading has-text-align-center\" id=\"millimetergenaue-erfassung-des-gesamten-fusses-64906b08-34cc-416f-827a-c9601c2cb8c1\">Saisie au millim\u00e8tre pr\u00e8s de l'ensemble du pied<\/h4>\n\n\n\n<p class=\"has-text-align-center animated fadeInUp\">Le site <strong>GT George<\/strong> est un scanner 3D du pied complet tr\u00e8s performant pour <strong>une saisie millim\u00e9trique de l'ensemble du pied<\/strong>. Gr\u00e2ce \u00e0 la technologie laser moderne, les pieds sont enti\u00e8rement num\u00e9ris\u00e9s en quelques secondes - y compris la vue plantaire.<\/p>\n\n\n\n<p class=\"has-text-align-center\">Le syst\u00e8me permet des scans <strong>enti\u00e8rement, partiellement ou pas du tout charg\u00e9<\/strong> et fournit une base id\u00e9ale pour la conception pr\u00e9cise de semelles et de formes orthop\u00e9diques. L'image 3D permet \u00e0 vos clients de comprendre plus facilement et plus pr\u00e9cis\u00e9ment ce dont vous leur parlez. Chaque entretien d'anamn\u00e8se devient ainsi beaucoup plus clair et plus proche du client !<\/p>\n\n\n\n<div class=\"wp-block-media-text is-stacked-on-mobile\" style=\"grid-template-columns:37% auto\"><figure class=\"wp-block-media-text__media\"><img loading=\"lazy\" decoding=\"async\" width=\"1024\" height=\"1024\" src=\"https:\/\/go-tec.de\/wp-content\/uploads\/sites\/2\/2026\/03\/go-tec_GT_George-1024x1024.png\" alt=\"\" class=\"wp-image-1302 size-full\" srcset=\"https:\/\/go-tec.de\/wp-content\/uploads\/sites\/2\/2026\/03\/go-tec_GT_George-1024x1024.png 1024w, https:\/\/go-tec.de\/wp-content\/uploads\/sites\/2\/2026\/03\/go-tec_GT_George-300x300.png 300w, https:\/\/go-tec.de\/wp-content\/uploads\/sites\/2\/2026\/03\/go-tec_GT_George-150x150.png 150w, https:\/\/go-tec.de\/wp-content\/uploads\/sites\/2\/2026\/03\/go-tec_GT_George-768x768.png 768w, https:\/\/go-tec.de\/wp-content\/uploads\/sites\/2\/2026\/03\/go-tec_GT_George-12x12.png 12w, https:\/\/go-tec.de\/wp-content\/uploads\/sites\/2\/2026\/03\/go-tec_GT_George.png 1080w\" sizes=\"auto, (max-width: 1024px) 100vw, 1024px\" \/><\/figure><div class=\"wp-block-media-text__content\">\n<p class=\"has-blue-color has-text-color has-link-color has-large-font-size wp-elements-32ec9d3abca9e4cce27e878a3c10d7bf\">Vos avantages<\/p>\n\n\n\n<div class=\"wp-block-group is-layout-constrained wp-block-group-is-layout-constrained\">\n<ul class=\"wp-block-list\">\n<li>Am\u00e9lioration du conseil \u00e0 la client\u00e8le gr\u00e2ce \u00e0 une repr\u00e9sentation claire en 3D<\/li>\n\n\n\n<li>Saisie 3D de l'ensemble du pied en quelques secondes<\/li>\n\n\n\n<li>R\u00e9sultats de num\u00e9risation au millim\u00e8tre pr\u00e8s, fid\u00e8les aux d\u00e9tails<\/li>\n\n\n\n<li>Mesure dans diff\u00e9rentes situations de charge<\/li>\n\n\n\n<li>Traitement direct dans les syst\u00e8mes de CAO<\/li>\n<\/ul>\n<\/div>\n\n\n\n<p><\/p>\n\n\n\n<div class=\"wp-block-buttons is-layout-flex wp-block-buttons-is-layout-flex\"><\/div>\n\n\n\n<p class=\"has-text-align-left\">Contenu de la livraison : scanner de pied complet, 2 repose-pieds lat\u00e9raux, 1 p\u00e9dale de commande<\/p>\n\n\n\n<p class=\"has-text-align-left has-darkgrey-color has-text-color has-link-color wp-elements-fd791f8376d0b7d788a8c3a43d03845c\">Caract\u00e9ristiques techniques et configuration mat\u00e9rielle requise :&nbsp;<\/p>\n\n\n\n<div class=\"wp-block-advgb-button alignright is-style-outlined\"><a class=\"wp-block-advgb-button_link advgbbtn-d1df2381-0658-4870-af50-895dc376745b\" href=\"https:\/\/go-tec.de\/wp-content\/uploads\/sites\/2\/2023\/12\/GT-George.pdf\" target=\"_blank\" rel=\"noopener noreferrer\"><span>Fiche technique<\/span><\/a><\/div>\n<\/div><\/div>\n\n\n\n<div class=\"wp-block-columns are-vertically-aligned-center py-5 is-layout-flex wp-container-core-columns-is-layout-28f84493 wp-block-columns-is-layout-flex\">\n<div class=\"wp-block-column is-vertically-aligned-center px-3 px-md-4 px-lg-5 is-layout-flow wp-block-column-is-layout-flow\">\n<figure class=\"wp-block-image size-full\"><img loading=\"lazy\" decoding=\"async\" width=\"514\" height=\"289\" src=\"https:\/\/cms.gebiom.group\/go-tec\/wp-content\/uploads\/sites\/2\/2023\/06\/tf2-2020-03-27-12-10-44-53.jpg\" alt=\"\" class=\"wp-image-336\" srcset=\"https:\/\/go-tec.de\/wp-content\/uploads\/sites\/2\/2023\/06\/tf2-2020-03-27-12-10-44-53.jpg 514w, https:\/\/go-tec.de\/wp-content\/uploads\/sites\/2\/2023\/06\/tf2-2020-03-27-12-10-44-53-300x169.jpg 300w\" sizes=\"auto, (max-width: 514px) 100vw, 514px\" \/><\/figure>\n<\/div>\n\n\n\n<div class=\"wp-block-column is-vertically-aligned-center px-3 px-md-4 px-lg-5 is-layout-flow wp-block-column-is-layout-flow\">\n<h3 class=\"wp-block-heading animated fadeInUp has-darkgrey-color has-text-color\" id=\"in-wenigen-sekunden-erstellung-eines-3dscans-mit-bildinformationen-0c66392b-b107-4443-89b7-7aeb31f56b5b\">Cr\u00e9ation en quelques secondes d'un scan 3D avec des informations sur l'image<\/h3>\n<\/div>\n<\/div>\n\n\n\n<div class=\"wp-block-columns are-vertically-aligned-center py-5 is-layout-flex wp-container-core-columns-is-layout-28f84493 wp-block-columns-is-layout-flex\">\n<div class=\"wp-block-column is-vertically-aligned-center px-3 px-md-4 px-lg-5 is-layout-flow wp-block-column-is-layout-flow\">\n<figure class=\"wp-block-image size-full\"><img loading=\"lazy\" decoding=\"async\" width=\"514\" height=\"289\" src=\"https:\/\/cms.gebiom.group\/go-tec\/wp-content\/uploads\/sites\/2\/2023\/06\/tf3-2020-03-27-12-10-52-81.jpg\" alt=\"\" class=\"wp-image-337\" srcset=\"https:\/\/go-tec.de\/wp-content\/uploads\/sites\/2\/2023\/06\/tf3-2020-03-27-12-10-52-81.jpg 514w, https:\/\/go-tec.de\/wp-content\/uploads\/sites\/2\/2023\/06\/tf3-2020-03-27-12-10-52-81-300x169.jpg 300w\" sizes=\"auto, (max-width: 514px) 100vw, 514px\" \/><\/figure>\n<\/div>\n\n\n\n<div class=\"wp-block-column is-vertically-aligned-center px-3 px-md-4 px-lg-5 is-layout-flow wp-block-column-is-layout-flow\">\n<h3 class=\"wp-block-heading animated fadeInUp has-darkgrey-color has-text-color\" id=\"die-erfassten-daten-werden-zur-konstruktion-von-einlagen-und-leisten-in-gp-insolecad-und-gp-opticad-verwendet-597a9ba6-4cc0-4904-b1c2-597599e0e365\">Les donn\u00e9es collect\u00e9es sont utilis\u00e9es pour la conception de semelles et de formes dans GP InsoleCAD et GP OptiCAD.<\/h3>\n<\/div>\n<\/div>\n\n\n\n<div class=\"wp-block-group is-layout-constrained wp-block-group-is-layout-constrained\">\n<p class=\"has-text-align-right\">Contenu de la livraison : scanner de pied complet, 2 repose-pieds lat\u00e9raux, 1 p\u00e9dale de commande<\/p>\n\n\n\n<p class=\"has-text-align-right has-darkgrey-color has-text-color has-link-color wp-elements-9649fef0f3b9fcabff1f9e487575463f\">Caract\u00e9ristiques techniques et configuration mat\u00e9rielle requise :&nbsp;<\/p>\n\n\n\n<div class=\"wp-block-buttons has-mobile-text-align-justify is-horizontal is-content-justification-right is-layout-flex wp-container-core-buttons-is-layout-7f1c9595 wp-block-buttons-is-layout-flex\">\n<div class=\"wp-block-button is-style-outline is-style-outline--2\"><a class=\"wp-block-button__link has-border-color has-blue-border-color has-text-align-right wp-element-button\" href=\"https:\/\/go-tec.de\/wp-content\/uploads\/sites\/2\/2023\/12\/GT-George.pdf\">Fiche technique<\/a><\/div>\n<\/div>\n<\/div>\n<\/div>\n<\/div>\n\n\n\n<div style=\"height:19px\" aria-hidden=\"true\" class=\"wp-block-spacer\"><\/div>\n\n\n\n<p class=\"has-text-align-center has-white-color has-mediumgrey-background-color has-text-color has-background has-link-color wp-elements-e34ee4a17ad66711585c7833e88aabe3\">Les donn\u00e9es recueillies peuvent \u00eatre int\u00e9gr\u00e9es de mani\u00e8re transparente dans les <strong>GP InsoleCAD et GP OptiCAD<\/strong> et favorisent un flux de travail num\u00e9rique continu. <\/p>\n\n\n\n<div class=\"wp-block-group px-3 px-md-4 px-lg-5 contact-section has-white-color has-blue-background-color has-text-color has-background is-layout-constrained wp-container-core-group-is-layout-6e20cf48 wp-block-group-is-layout-constrained advgb-dyn-2eccdb19\">\n<div class=\"wp-block-columns py-5 is-layout-flex wp-container-core-columns-is-layout-28f84493 wp-block-columns-is-layout-flex\">\n<div class=\"wp-block-column animated fadeInLeft is-layout-flow wp-block-column-is-layout-flow\" style=\"flex-basis:66.66%\">\n<h3 class=\"wp-block-heading advgb-dyn-b31c1e16\">Nous nous ferons un plaisir de vous conseiller personnellement !<\/h3>\n\n\n\n<p>Nous vous rappellerons dans les meilleurs d\u00e9lais ! <\/p>\n<\/div>\n\n\n\n<div class=\"wp-block-column is-vertically-aligned-center animated fadeInRight is-layout-flow wp-block-column-is-layout-flow\" style=\"flex-basis:33.33%\">\n<div class=\"wp-block-buttons animated fadeInUp mb-5 is-content-justification-center is-layout-flex wp-container-core-buttons-is-layout-a89b3969 wp-block-buttons-is-layout-flex\">\n<div class=\"wp-block-button is-style-fill advgb-dyn-3db009d7\"><a class=\"wp-block-button__link has-white-color has-green-background-color has-text-color has-background wp-element-button\" href=\"https:\/\/go-tec.de\/fr\/kontaktsales\/\" style=\"border-radius:5px\">Vers la demande de contact<\/a><\/div>\n<\/div>\n<\/div>\n<\/div>\n<\/div>\n\n\n\n<p><\/p>\n<style class=\"advgb-styles-renderer\">.advgbbtn-d1df2381-0658-4870-af50-895dc376745b{font-size:18px;color:#036fa6 !important;background-color:#2196f3 !important;margin:0px 0px 0px 0px !important;padding:10px 30px 10px 30px;border-width:1px !important;border-style:none;border-radius:50px !important;}.advgbbtn-d1df2381-0658-4870-af50-895dc376745b:hover{box-shadow:1px 1px 12px 0px #ccc;opacity:1;transition:all 0.2s ease;}.advgbbtn-d1df2381-0658-4870-af50-895dc376745b > i {display: none !important;}.advgbbtn-d1df2381-0658-4870-af50-895dc376745b{font-size:18px;color:#036fa6 !important;background-color:#2196f3 !important;margin:0px 0px 0px 0px !important;padding:10px 30px 10px 30px;border-width:1px !important;border-style:none;border-radius:50px !important;}.advgbbtn-d1df2381-0658-4870-af50-895dc376745b:hover{box-shadow:1px 1px 12px 0px #ccc;opacity:1;transition:all 0.2s ease;}.advgbbtn-d1df2381-0658-4870-af50-895dc376745b > i {display: none !important;}.advgbbtn-d1df2381-0658-4870-af50-895dc376745b{font-size:18px;color:#036fa6 !important;background-color:#2196f3 !important;margin:0px 0px 0px 0px !important;padding:10px 30px 10px 30px;border-width:1px !important;border-style:none;border-radius:50px !important;}.advgbbtn-d1df2381-0658-4870-af50-895dc376745b:hover{box-shadow:1px 1px 12px 0px #ccc;opacity:1;transition:all 0.2s ease;}.advgbbtn-d1df2381-0658-4870-af50-895dc376745b > i {display: none !important;}.advgbbtn-d1df2381-0658-4870-af50-895dc376745b{font-size:18px;color:#036fa6 !important;background-color:#2196f3 !important;margin:0px 0px 0px 0px !important;padding:10px 30px 10px 30px;border-width:1px !important;border-style:none;border-radius:50px !important;}.advgbbtn-d1df2381-0658-4870-af50-895dc376745b:hover{box-shadow:1px 1px 12px 0px #ccc;opacity:1;transition:all 0.2s ease;}.advgbbtn-d1df2381-0658-4870-af50-895dc376745b > i {display: none !important;}<\/style>","protected":false},"excerpt":{"rendered":"<p>GT George \u2013 3D Vollfu\u00dfscanner f\u00fcr pr\u00e4zise Fu\u00dfvermessung Millimetergenaue Erfassung des gesamten Fu\u00dfes Der GT George ist ein leistungsstarker 3D Vollfu\u00dfscanner zur millimetergenauen Erfassung des gesamten Fu\u00dfes. Dank moderner Lasertechnologie werden F\u00fc\u00dfe in wenigen Sekunden vollst\u00e4ndig digitalisiert \u2013 inklusive plantarer Ansicht. Das System erm\u00f6glicht Scans voll-, teil- oder unbelastet und liefert eine ideale Grundlage f\u00fcr [&hellip;]<\/p>\n","protected":false},"author":8,"featured_media":0,"parent":12,"menu_order":0,"comment_status":"closed","ping_status":"closed","template":"","meta":{"inline_featured_image":false,"advgb_blocks_editor_width":"","advgb_blocks_columns_visual_guide":"","footnotes":""},"class_list":["post-334","page","type-page","status-publish","hentry"],"yoast_head":"<!-- This site is optimized with the Yoast SEO plugin v27.2 - https:\/\/yoast.com\/product\/yoast-seo-wordpress\/ -->\n<title>GT George -<\/title>\n<meta name=\"description\" content=\"Der GT George 3D Vollfu\u00dfscanner erfasst F\u00fc\u00dfe millimetergenau in Sekunden. Ideal f\u00fcr digitale Fu\u00dfanalyse und orthop\u00e4dische Einlagenfertigung.\" \/>\n<meta name=\"robots\" content=\"index, follow, max-snippet:-1, max-image-preview:large, max-video-preview:-1\" \/>\n<link rel=\"canonical\" href=\"https:\/\/go-tec.de\/fr\/go-tec-system\/gt-george\/\" \/>\n<meta property=\"og:locale\" content=\"fr_FR\" \/>\n<meta property=\"og:type\" content=\"article\" \/>\n<meta property=\"og:title\" content=\"GT George -\" \/>\n<meta property=\"og:description\" content=\"Der GT George 3D Vollfu\u00dfscanner erfasst F\u00fc\u00dfe millimetergenau in Sekunden. Ideal f\u00fcr digitale Fu\u00dfanalyse und orthop\u00e4dische Einlagenfertigung.\" \/>\n<meta property=\"og:url\" content=\"https:\/\/go-tec.de\/fr\/go-tec-system\/gt-george\/\" \/>\n<meta property=\"article:modified_time\" content=\"2026-03-18T07:02:35+00:00\" \/>\n<meta property=\"og:image\" content=\"https:\/\/go-tec.de\/wp-content\/uploads\/sites\/2\/2023\/06\/MicrosoftTeams-image-66.png\" \/>\n<meta name=\"twitter:card\" content=\"summary_large_image\" \/>\n<meta name=\"twitter:label1\" content=\"Dur\u00e9e de lecture estim\u00e9e\" \/>\n\t<meta name=\"twitter:data1\" content=\"2 minutes\" \/>\n<script type=\"application\/ld+json\" class=\"yoast-schema-graph\">{\"@context\":\"https:\/\/schema.org\",\"@graph\":[{\"@type\":\"WebPage\",\"@id\":\"https:\/\/go-tec.de\/it\/go-tec-system\/gt-george\/\",\"url\":\"https:\/\/go-tec.de\/it\/go-tec-system\/gt-george\/\",\"name\":\"GT George -\",\"isPartOf\":{\"@id\":\"http:\/\/go-tec.de\/#website\"},\"primaryImageOfPage\":{\"@id\":\"https:\/\/go-tec.de\/it\/go-tec-system\/gt-george\/#primaryimage\"},\"image\":{\"@id\":\"https:\/\/go-tec.de\/it\/go-tec-system\/gt-george\/#primaryimage\"},\"thumbnailUrl\":\"https:\/\/go-tec.de\/wp-content\/uploads\/sites\/2\/2023\/06\/MicrosoftTeams-image-66.png\",\"datePublished\":\"2023-06-15T08:20:21+00:00\",\"dateModified\":\"2026-03-18T07:02:35+00:00\",\"description\":\"Der GT George 3D Vollfu\u00dfscanner erfasst F\u00fc\u00dfe millimetergenau in Sekunden. Ideal f\u00fcr digitale Fu\u00dfanalyse und orthop\u00e4dische Einlagenfertigung.\",\"breadcrumb\":{\"@id\":\"https:\/\/go-tec.de\/it\/go-tec-system\/gt-george\/#breadcrumb\"},\"inLanguage\":\"fr-FR\",\"potentialAction\":[{\"@type\":\"ReadAction\",\"target\":[\"https:\/\/go-tec.de\/it\/go-tec-system\/gt-george\/\"]}]},{\"@type\":\"ImageObject\",\"inLanguage\":\"fr-FR\",\"@id\":\"https:\/\/go-tec.de\/it\/go-tec-system\/gt-george\/#primaryimage\",\"url\":\"https:\/\/go-tec.de\/wp-content\/uploads\/sites\/2\/2023\/06\/MicrosoftTeams-image-66.png\",\"contentUrl\":\"https:\/\/go-tec.de\/wp-content\/uploads\/sites\/2\/2023\/06\/MicrosoftTeams-image-66.png\"},{\"@type\":\"BreadcrumbList\",\"@id\":\"https:\/\/go-tec.de\/it\/go-tec-system\/gt-george\/#breadcrumb\",\"itemListElement\":[{\"@type\":\"ListItem\",\"position\":1,\"name\":\"Startseite\",\"item\":\"http:\/\/go-tec.de\/\"},{\"@type\":\"ListItem\",\"position\":2,\"name\":\"go-tec System\",\"item\":\"https:\/\/go-tec.de\/go-tec-system\/\"},{\"@type\":\"ListItem\",\"position\":3,\"name\":\"GT George\"}]},{\"@type\":\"WebSite\",\"@id\":\"http:\/\/go-tec.de\/#website\",\"url\":\"http:\/\/go-tec.de\/\",\"name\":\"\",\"description\":\"\",\"potentialAction\":[{\"@type\":\"SearchAction\",\"target\":{\"@type\":\"EntryPoint\",\"urlTemplate\":\"http:\/\/go-tec.de\/?s={search_term_string}\"},\"query-input\":{\"@type\":\"PropertyValueSpecification\",\"valueRequired\":true,\"valueName\":\"search_term_string\"}}],\"inLanguage\":\"fr-FR\"}]}<\/script>\n<!-- \/ Yoast SEO plugin. -->","yoast_head_json":{"title":"GT George -","description":"Der GT George 3D Vollfu\u00dfscanner erfasst F\u00fc\u00dfe millimetergenau in Sekunden. Ideal f\u00fcr digitale Fu\u00dfanalyse und orthop\u00e4dische Einlagenfertigung.","robots":{"index":"index","follow":"follow","max-snippet":"max-snippet:-1","max-image-preview":"max-image-preview:large","max-video-preview":"max-video-preview:-1"},"canonical":"https:\/\/go-tec.de\/fr\/go-tec-system\/gt-george\/","og_locale":"fr_FR","og_type":"article","og_title":"GT George -","og_description":"Der GT George 3D Vollfu\u00dfscanner erfasst F\u00fc\u00dfe millimetergenau in Sekunden. Ideal f\u00fcr digitale Fu\u00dfanalyse und orthop\u00e4dische Einlagenfertigung.","og_url":"https:\/\/go-tec.de\/fr\/go-tec-system\/gt-george\/","article_modified_time":"2026-03-18T07:02:35+00:00","og_image":[{"url":"https:\/\/go-tec.de\/wp-content\/uploads\/sites\/2\/2023\/06\/MicrosoftTeams-image-66.png","type":"","width":"","height":""}],"twitter_card":"summary_large_image","twitter_misc":{"Dur\u00e9e de lecture estim\u00e9e":"2 minutes"},"schema":{"@context":"https:\/\/schema.org","@graph":[{"@type":"WebPage","@id":"https:\/\/go-tec.de\/it\/go-tec-system\/gt-george\/","url":"https:\/\/go-tec.de\/it\/go-tec-system\/gt-george\/","name":"GT George -","isPartOf":{"@id":"http:\/\/go-tec.de\/#website"},"primaryImageOfPage":{"@id":"https:\/\/go-tec.de\/it\/go-tec-system\/gt-george\/#primaryimage"},"image":{"@id":"https:\/\/go-tec.de\/it\/go-tec-system\/gt-george\/#primaryimage"},"thumbnailUrl":"https:\/\/go-tec.de\/wp-content\/uploads\/sites\/2\/2023\/06\/MicrosoftTeams-image-66.png","datePublished":"2023-06-15T08:20:21+00:00","dateModified":"2026-03-18T07:02:35+00:00","description":"Der GT George 3D Vollfu\u00dfscanner erfasst F\u00fc\u00dfe millimetergenau in Sekunden. Ideal f\u00fcr digitale Fu\u00dfanalyse und orthop\u00e4dische Einlagenfertigung.","breadcrumb":{"@id":"https:\/\/go-tec.de\/it\/go-tec-system\/gt-george\/#breadcrumb"},"inLanguage":"fr-FR","potentialAction":[{"@type":"ReadAction","target":["https:\/\/go-tec.de\/it\/go-tec-system\/gt-george\/"]}]},{"@type":"ImageObject","inLanguage":"fr-FR","@id":"https:\/\/go-tec.de\/it\/go-tec-system\/gt-george\/#primaryimage","url":"https:\/\/go-tec.de\/wp-content\/uploads\/sites\/2\/2023\/06\/MicrosoftTeams-image-66.png","contentUrl":"https:\/\/go-tec.de\/wp-content\/uploads\/sites\/2\/2023\/06\/MicrosoftTeams-image-66.png"},{"@type":"BreadcrumbList","@id":"https:\/\/go-tec.de\/it\/go-tec-system\/gt-george\/#breadcrumb","itemListElement":[{"@type":"ListItem","position":1,"name":"Startseite","item":"http:\/\/go-tec.de\/"},{"@type":"ListItem","position":2,"name":"go-tec System","item":"https:\/\/go-tec.de\/go-tec-system\/"},{"@type":"ListItem","position":3,"name":"GT George"}]},{"@type":"WebSite","@id":"http:\/\/go-tec.de\/#website","url":"http:\/\/go-tec.de\/","name":"","description":"","potentialAction":[{"@type":"SearchAction","target":{"@type":"EntryPoint","urlTemplate":"http:\/\/go-tec.de\/?s={search_term_string}"},"query-input":{"@type":"PropertyValueSpecification","valueRequired":true,"valueName":"search_term_string"}}],"inLanguage":"fr-FR"}]}},"coauthors":[],"author_meta":{"author_link":"https:\/\/go-tec.de\/fr\/author\/akoctar\/","display_name":"akoctar"},"relative_dates":{"created":"Publi\u00e9 3 ans il y a","modified":"Mis \u00e0 jour 1 mois il y a"},"absolute_dates":{"created":"Publi\u00e9 le 15. juin 2023","modified":"Mise \u00e0 jour le 18. mars 2026"},"absolute_dates_time":{"created":"Publi\u00e9 le 15. juin 2023 10:20","modified":"Mise \u00e0 jour le 18. mars 2026 8:02"},"featured_img_caption":"","featured_img":false,"series_order":"","_links":{"self":[{"href":"https:\/\/go-tec.de\/fr\/wp-json\/wp\/v2\/pages\/334","targetHints":{"allow":["GET"]}}],"collection":[{"href":"https:\/\/go-tec.de\/fr\/wp-json\/wp\/v2\/pages"}],"about":[{"href":"https:\/\/go-tec.de\/fr\/wp-json\/wp\/v2\/types\/page"}],"author":[{"embeddable":true,"href":"https:\/\/go-tec.de\/fr\/wp-json\/wp\/v2\/users\/8"}],"replies":[{"embeddable":true,"href":"https:\/\/go-tec.de\/fr\/wp-json\/wp\/v2\/comments?post=334"}],"version-history":[{"count":34,"href":"https:\/\/go-tec.de\/fr\/wp-json\/wp\/v2\/pages\/334\/revisions"}],"predecessor-version":[{"id":1345,"href":"https:\/\/go-tec.de\/fr\/wp-json\/wp\/v2\/pages\/334\/revisions\/1345"}],"up":[{"embeddable":true,"href":"https:\/\/go-tec.de\/fr\/wp-json\/wp\/v2\/pages\/12"}],"wp:attachment":[{"href":"https:\/\/go-tec.de\/fr\/wp-json\/wp\/v2\/media?parent=334"}],"curies":[{"name":"wp","href":"https:\/\/api.w.org\/{rel}","templated":true}]}}