{"id":328,"date":"2023-06-15T10:09:35","date_gmt":"2023-06-15T08:09:35","guid":{"rendered":"https:\/\/cms.gebiom.group\/go-tec\/?page_id=328"},"modified":"2023-12-20T14:44:44","modified_gmt":"2023-12-20T13:44:44","slug":"digitaler-einlagenprozess","status":"publish","type":"page","link":"https:\/\/go-tec.de\/fr\/go-tec-system\/digitaler-einlagenprozess\/","title":{"rendered":"Directeur de filiale go-tec"},"content":{"rendered":"\n<div class=\"wp-block-cover is-light\" style=\"min-height:70vh;aspect-ratio:unset;\"><span aria-hidden=\"true\" class=\"wp-block-cover__background has-background-dim-30 has-background-dim wp-block-cover__gradient-background has-background-gradient has-bottom-to-top-gradient-background\"><\/span><video class=\"wp-block-cover__video-background intrinsic-ignore\" autoplay muted loop playsinline src=\"https:\/\/cms.gebiom.group\/go-tec\/wp-content\/uploads\/sites\/2\/2022\/09\/GOT_Vernetzung_v04_stream_01.mp4\" data-object-fit=\"cover\"><\/video><div class=\"wp-block-cover__inner-container is-layout-flow wp-block-cover-is-layout-flow\">\n<div class=\"wp-block-group is-layout-flow wp-block-group-is-layout-flow\">\n<h2 class=\"wp-block-heading has-text-align-center px-3 px-md-4 px-lg-5 animated fadeInUp has-white-color has-text-color advgb-dyn-968ed033\">go-tec Filialmanager<\/h2>\n<\/div>\n<\/div><\/div>\n\n\n\n<div class=\"wp-block-group py-5 px-3 px-md-4 px-lg-5 has-darkgrey-color has-text-color is-layout-flow wp-block-group-is-layout-flow\">\n<div class=\"wp-block-group is-layout-constrained wp-container-core-group-is-layout-703bee88 wp-block-group-is-layout-constrained advgb-dyn-6bbbaf52\">\n<h2 class=\"wp-block-heading has-text-align-center animated fadeInUp advgb-dyn-7e38d577\">Der effiziente Prozess f\u00fcr Ihre Einlagenfertigung<\/h2>\n\n\n\n<p class=\"has-text-align-center animated fadeInUp\">Alle wichtigen Informationen zur Einlagenversorgung werden einfach und \u00fcbersichtlich erfasst und automatisiert an die Fertigung \u00fcbermittelt. Dort kann direkt mit der Fertigung der Einlage begonnen werden.<\/p>\n\n\n\n<div class=\"wp-block-columns py-5 is-layout-flex wp-container-core-columns-is-layout-28f84493 wp-block-columns-is-layout-flex\">\n<div class=\"wp-block-column px-3 px-md-4 px-lg-5 is-layout-flow wp-block-column-is-layout-flow\">\n<div class=\"wp-block-cb-carousel cb-single-slide animated fadeInUp\" data-slick=\"{&quot;slidesToShow&quot;:1,&quot;slidesToScroll&quot;:1,&quot;speed&quot;:300,&quot;arrows&quot;:true,&quot;dots&quot;:true,&quot;autoplay&quot;:true,&quot;autoplaySpeed&quot;:3000,&quot;infinite&quot;:true,&quot;responsive&quot;:[{&quot;breakpoint&quot;:769,&quot;settings&quot;:{&quot;slidesToShow&quot;:1,&quot;slidesToScroll&quot;:1}}]}\">\n<div class=\"wp-block-cb-slide\">\n<figure class=\"wp-block-image size-large\"><img loading=\"lazy\" decoding=\"async\" width=\"1024\" height=\"682\" src=\"https:\/\/cms.gebiom.group\/go-tec\/wp-content\/uploads\/sites\/2\/2023\/06\/Vernetzung_Software_1-1024x682.jpg\" alt=\"\" class=\"wp-image-330\" srcset=\"https:\/\/go-tec.de\/wp-content\/uploads\/sites\/2\/2023\/06\/Vernetzung_Software_1-1024x682.jpg 1024w, https:\/\/go-tec.de\/wp-content\/uploads\/sites\/2\/2023\/06\/Vernetzung_Software_1-300x200.jpg 300w, https:\/\/go-tec.de\/wp-content\/uploads\/sites\/2\/2023\/06\/Vernetzung_Software_1-768x512.jpg 768w, https:\/\/go-tec.de\/wp-content\/uploads\/sites\/2\/2023\/06\/Vernetzung_Software_1-1536x1024.jpg 1536w, https:\/\/go-tec.de\/wp-content\/uploads\/sites\/2\/2023\/06\/Vernetzung_Software_1.jpg 2000w\" sizes=\"auto, (max-width: 1024px) 100vw, 1024px\" \/><\/figure>\n<\/div>\n<\/div>\n<\/div>\n\n\n\n<div class=\"wp-block-column px-3 px-md-4 px-lg-5 is-layout-flow wp-block-column-is-layout-flow\">\n<h3 class=\"wp-block-heading animated fadeInUp has-blue-color has-text-color advgb-dyn-935531e1\">Ihre Vorteile:<\/h3>\n\n\n\n<ul class=\"animated fadeInUp wp-block-list\">\n<li>Vernetzung von Filialen mit der Zentrale<\/li>\n\n\n\n<li>Unidirektionale Schnittstelle zu allen wesentlichen Abrechnungsprogrammen<\/li>\n\n\n\n<li>Bidirektionale Schnittstelle zu acriba direkt, TOP M, OT Win und OptaData Eva 3<\/li>\n\n\n\n<li>Anschlussm\u00f6glichkeit eines GP FussScan, GP LaserScan 3D f2 und\/oder einer Fu\u00dfdruckmessplatte GP MultiSens<\/li>\n\n\n\n<li>Einfache Erfassung von Patienten-, Rezept- und Messdaten<\/li>\n\n\n\n<li>Zus\u00e4tzliche Erfassung von Informationen zur Einlagenversorgung (Art der Einlage, Schuhtyp und Schuhgr\u00f6\u00dfe)<\/li>\n\n\n\n<li>\u00dcbersichtliche Einlagenauswahl<\/li>\n\n\n\n<li>Automatische Berechnung des wirtschaftlichen Aufpreises<\/li>\n\n\n\n<li>Individueller Ausdruck<\/li>\n\n\n\n<li>Schnelle \u00dcbermittlung aller relevanten Daten an die Zentrale<\/li>\n\n\n\n<li>Touchscreen optimiert<\/li>\n\n\n\n<li>Ansprechende Oberfl\u00e4che, die in Teilen individuell gestaltet werden kann<\/li>\n<\/ul>\n\n\n\n<p class=\"has-blue-color has-text-color has-link-color wp-elements-fe270b050f7fa5a2e997377ca11be113\"><a href=\"https:\/\/go-tec.de\/wp-content\/uploads\/sites\/2\/2023\/12\/GP-Filiale.pdf\" target=\"_blank\" aria-label=\" (opens in a new tab)\" rel=\"noreferrer noopener\" class=\"ek-link\"><strong>N\u00e4here Informationen erhalten Sie im Datenblatt<\/strong><\/a><\/p>\n\n\n\n<div class=\"wp-block-buttons animated fadeInUp is-layout-flex wp-block-buttons-is-layout-flex\">\n<div class=\"wp-block-button is-style-outline is-style-outline--1 advgb-dyn-eb45ed53\"><a class=\"wp-block-button__link has-blue-color has-text-color wp-element-button\" href=\"https:\/\/cms.gebiom.group\/go-tec\/go-tec-system\/#vernetzung\" style=\"border-radius:5px\">Zur\u00fcck<\/a><\/div>\n<\/div>\n<\/div>\n<\/div>\n<\/div>\n<\/div>\n\n\n\n<p class=\"has-text-align-center\"><strong>Vorgangsdaten automatisch austauschen &#8211; acriba direkt und go-tec Filialmanager<\/strong><\/p>\n\n\n\n<p><\/p>\n\n\n\n<figure class=\"wp-block-embed aligncenter is-type-video is-provider-youtube wp-block-embed-youtube wp-embed-aspect-16-9 wp-has-aspect-ratio\"><div class=\"wp-block-embed__wrapper\">\n<iframe loading=\"lazy\" title=\"Schnittstelle acriba x go-tec Filialmanager\" width=\"500\" height=\"281\" src=\"https:\/\/www.youtube.com\/embed\/TVqcADIjOX8?feature=oembed\" frameborder=\"0\" allow=\"accelerometer; autoplay; clipboard-write; encrypted-media; gyroscope; picture-in-picture; web-share\" referrerpolicy=\"strict-origin-when-cross-origin\" allowfullscreen><\/iframe>\n<\/div><\/figure>\n\n\n\n<p class=\"has-text-align-center\"><strong>Vorgangsdaten und Artikeldaten austauschen &#8211; TOP M und go-tec Filialmanager<\/strong><\/p>\n\n\n\n<figure class=\"wp-block-embed is-type-video is-provider-youtube wp-block-embed-youtube wp-embed-aspect-16-9 wp-has-aspect-ratio\"><div class=\"wp-block-embed__wrapper\">\n<iframe loading=\"lazy\" title=\"Schnittstelle TOP M Bidirektional x go-tec Filialmanager\" width=\"500\" height=\"281\" src=\"https:\/\/www.youtube.com\/embed\/aIkX6pACZ-Y?feature=oembed\" frameborder=\"0\" allow=\"accelerometer; autoplay; clipboard-write; encrypted-media; gyroscope; picture-in-picture; web-share\" referrerpolicy=\"strict-origin-when-cross-origin\" allowfullscreen><\/iframe>\n<\/div><\/figure>\n\n\n\n<div class=\"wp-block-group px-3 px-md-4 px-lg-5 contact-section has-white-color has-blue-background-color has-text-color has-background is-layout-constrained wp-container-core-group-is-layout-6e20cf48 wp-block-group-is-layout-constrained advgb-dyn-2eccdb19\">\n<div class=\"wp-block-columns py-5 is-layout-flex wp-container-core-columns-is-layout-28f84493 wp-block-columns-is-layout-flex\">\n<div class=\"wp-block-column animated fadeInLeft is-layout-flow wp-block-column-is-layout-flow\" style=\"flex-basis:66.66%\">\n<h3 class=\"wp-block-heading advgb-dyn-b31c1e16\">Gerne beraten wir Sie pers\u00f6nlich!<\/h3>\n\n\n\n<p>Wir rufen Sie zeitnah zur\u00fcck! <\/p>\n<\/div>\n\n\n\n<div class=\"wp-block-column is-vertically-aligned-center animated fadeInRight is-layout-flow wp-block-column-is-layout-flow\" style=\"flex-basis:33.33%\">\n<div class=\"wp-block-buttons animated fadeInUp mb-5 is-content-justification-center is-layout-flex wp-container-core-buttons-is-layout-a89b3969 wp-block-buttons-is-layout-flex\">\n<div class=\"wp-block-button is-style-fill advgb-dyn-3db009d7\"><a class=\"wp-block-button__link has-white-color has-green-background-color has-text-color has-background wp-element-button\" href=\"https:\/\/go-tec.de\/kontaktsales\/\" style=\"border-radius:5px\">Zur Kontaktanfrage<\/a><\/div>\n<\/div>\n<\/div>\n<\/div>\n<\/div>\n","protected":false},"excerpt":{"rendered":"<p>Der effiziente Prozess f\u00fcr Ihre Einlagenfertigung Alle wichtigen Informationen zur Einlagenversorgung werden einfach und \u00fcbersichtlich erfasst und automatisiert an die Fertigung \u00fcbermittelt. Dort kann direkt mit der Fertigung der Einlage begonnen werden. Ihre Vorteile: N\u00e4here Informationen erhalten Sie im Datenblatt Vorgangsdaten automatisch austauschen &#8211; acriba direkt und go-tec Filialmanager Vorgangsdaten und Artikeldaten austauschen &#8211; TOP [&hellip;]<\/p>\n","protected":false},"author":8,"featured_media":0,"parent":12,"menu_order":0,"comment_status":"closed","ping_status":"closed","template":"","meta":{"inline_featured_image":false,"advgb_blocks_editor_width":"","advgb_blocks_columns_visual_guide":"","footnotes":""},"class_list":["post-328","page","type-page","status-publish","hentry"],"yoast_head":"<!-- This site is optimized with the Yoast SEO plugin v27.2 - https:\/\/yoast.com\/product\/yoast-seo-wordpress\/ -->\n<title>go-tec Filialmanager -<\/title>\n<meta name=\"description\" content=\"Bilden Sie einen digitalen Prozess f\u00fcr Ihre Einlagenversorgung. Vorgangsdaten werden im POS digital erzeugt und automatisch in die Fertigung \u00fcbermittelt. Mit den zahlreichen Schnittstellen zu Branchensoftwareanbietern profitiert neben der Produktion auch die Verwaltung vom Austausch von Vorgangsdaten, Abrechnungspositionen und Stati.\" \/>\n<meta name=\"robots\" content=\"index, follow, max-snippet:-1, max-image-preview:large, max-video-preview:-1\" \/>\n<link rel=\"canonical\" href=\"https:\/\/go-tec.de\/fr\/go-tec-system\/digitaler-einlagenprozess\/\" \/>\n<meta property=\"og:locale\" content=\"fr_FR\" \/>\n<meta property=\"og:type\" content=\"article\" \/>\n<meta property=\"og:title\" content=\"go-tec Filialmanager -\" \/>\n<meta property=\"og:description\" content=\"Bilden Sie einen digitalen Prozess f\u00fcr Ihre Einlagenversorgung. Vorgangsdaten werden im POS digital erzeugt und automatisch in die Fertigung \u00fcbermittelt. Mit den zahlreichen Schnittstellen zu Branchensoftwareanbietern profitiert neben der Produktion auch die Verwaltung vom Austausch von Vorgangsdaten, Abrechnungspositionen und Stati.\" \/>\n<meta property=\"og:url\" content=\"https:\/\/go-tec.de\/fr\/go-tec-system\/digitaler-einlagenprozess\/\" \/>\n<meta property=\"article:modified_time\" content=\"2023-12-20T13:44:44+00:00\" \/>\n<meta property=\"og:image\" content=\"https:\/\/cms.gebiom.group\/go-tec\/wp-content\/uploads\/sites\/2\/2023\/06\/Vernetzung_Software_1-1024x682.jpg\" \/>\n<meta name=\"twitter:card\" content=\"summary_large_image\" \/>\n<meta name=\"twitter:label1\" content=\"Dur\u00e9e de lecture estim\u00e9e\" \/>\n\t<meta name=\"twitter:data1\" content=\"2 minutes\" \/>\n<script type=\"application\/ld+json\" class=\"yoast-schema-graph\">{\"@context\":\"https:\/\/schema.org\",\"@graph\":[{\"@type\":\"WebPage\",\"@id\":\"https:\/\/go-tec.de\/ja\/go-tec-system\/digitaler-einlagenprozess\/\",\"url\":\"https:\/\/go-tec.de\/ja\/go-tec-system\/digitaler-einlagenprozess\/\",\"name\":\"go-tec Filialmanager -\",\"isPartOf\":{\"@id\":\"https:\/\/go-tec.de\/en\/#website\"},\"primaryImageOfPage\":{\"@id\":\"https:\/\/go-tec.de\/ja\/go-tec-system\/digitaler-einlagenprozess\/#primaryimage\"},\"image\":{\"@id\":\"https:\/\/go-tec.de\/ja\/go-tec-system\/digitaler-einlagenprozess\/#primaryimage\"},\"thumbnailUrl\":\"https:\/\/cms.gebiom.group\/go-tec\/wp-content\/uploads\/sites\/2\/2023\/06\/Vernetzung_Software_1-1024x682.jpg\",\"datePublished\":\"2023-06-15T08:09:35+00:00\",\"dateModified\":\"2023-12-20T13:44:44+00:00\",\"description\":\"Bilden Sie einen digitalen Prozess f\u00fcr Ihre Einlagenversorgung. Vorgangsdaten werden im POS digital erzeugt und automatisch in die Fertigung \u00fcbermittelt. Mit den zahlreichen Schnittstellen zu Branchensoftwareanbietern profitiert neben der Produktion auch die Verwaltung vom Austausch von Vorgangsdaten, Abrechnungspositionen und Stati.\",\"breadcrumb\":{\"@id\":\"https:\/\/go-tec.de\/ja\/go-tec-system\/digitaler-einlagenprozess\/#breadcrumb\"},\"inLanguage\":\"fr-FR\",\"potentialAction\":[{\"@type\":\"ReadAction\",\"target\":[\"https:\/\/go-tec.de\/ja\/go-tec-system\/digitaler-einlagenprozess\/\"]}]},{\"@type\":\"ImageObject\",\"inLanguage\":\"fr-FR\",\"@id\":\"https:\/\/go-tec.de\/ja\/go-tec-system\/digitaler-einlagenprozess\/#primaryimage\",\"url\":\"https:\/\/cms.gebiom.group\/go-tec\/wp-content\/uploads\/sites\/2\/2023\/06\/Vernetzung_Software_1-1024x682.jpg\",\"contentUrl\":\"https:\/\/cms.gebiom.group\/go-tec\/wp-content\/uploads\/sites\/2\/2023\/06\/Vernetzung_Software_1-1024x682.jpg\"},{\"@type\":\"BreadcrumbList\",\"@id\":\"https:\/\/go-tec.de\/ja\/go-tec-system\/digitaler-einlagenprozess\/#breadcrumb\",\"itemListElement\":[{\"@type\":\"ListItem\",\"position\":1,\"name\":\"Startseite\",\"item\":\"https:\/\/go-tec.de\/\"},{\"@type\":\"ListItem\",\"position\":2,\"name\":\"go-tec System\",\"item\":\"https:\/\/go-tec.de\/ja\/go-tec-system\/\"},{\"@type\":\"ListItem\",\"position\":3,\"name\":\"go-tec Filialmanager\"}]},{\"@type\":\"WebSite\",\"@id\":\"https:\/\/go-tec.de\/en\/#website\",\"url\":\"https:\/\/go-tec.de\/en\/\",\"name\":\"\",\"description\":\"\",\"potentialAction\":[{\"@type\":\"SearchAction\",\"target\":{\"@type\":\"EntryPoint\",\"urlTemplate\":\"https:\/\/go-tec.de\/en\/?s={search_term_string}\"},\"query-input\":{\"@type\":\"PropertyValueSpecification\",\"valueRequired\":true,\"valueName\":\"search_term_string\"}}],\"inLanguage\":\"fr-FR\"}]}<\/script>\n<!-- \/ Yoast SEO plugin. -->","yoast_head_json":{"title":"go-tec Filialmanager -","description":"Bilden Sie einen digitalen Prozess f\u00fcr Ihre Einlagenversorgung. Vorgangsdaten werden im POS digital erzeugt und automatisch in die Fertigung \u00fcbermittelt. Mit den zahlreichen Schnittstellen zu Branchensoftwareanbietern profitiert neben der Produktion auch die Verwaltung vom Austausch von Vorgangsdaten, Abrechnungspositionen und Stati.","robots":{"index":"index","follow":"follow","max-snippet":"max-snippet:-1","max-image-preview":"max-image-preview:large","max-video-preview":"max-video-preview:-1"},"canonical":"https:\/\/go-tec.de\/fr\/go-tec-system\/digitaler-einlagenprozess\/","og_locale":"fr_FR","og_type":"article","og_title":"go-tec Filialmanager -","og_description":"Bilden Sie einen digitalen Prozess f\u00fcr Ihre Einlagenversorgung. Vorgangsdaten werden im POS digital erzeugt und automatisch in die Fertigung \u00fcbermittelt. Mit den zahlreichen Schnittstellen zu Branchensoftwareanbietern profitiert neben der Produktion auch die Verwaltung vom Austausch von Vorgangsdaten, Abrechnungspositionen und Stati.","og_url":"https:\/\/go-tec.de\/fr\/go-tec-system\/digitaler-einlagenprozess\/","article_modified_time":"2023-12-20T13:44:44+00:00","og_image":[{"url":"https:\/\/cms.gebiom.group\/go-tec\/wp-content\/uploads\/sites\/2\/2023\/06\/Vernetzung_Software_1-1024x682.jpg","type":"","width":"","height":""}],"twitter_card":"summary_large_image","twitter_misc":{"Dur\u00e9e de lecture estim\u00e9e":"2 minutes"},"schema":{"@context":"https:\/\/schema.org","@graph":[{"@type":"WebPage","@id":"https:\/\/go-tec.de\/ja\/go-tec-system\/digitaler-einlagenprozess\/","url":"https:\/\/go-tec.de\/ja\/go-tec-system\/digitaler-einlagenprozess\/","name":"go-tec Filialmanager -","isPartOf":{"@id":"https:\/\/go-tec.de\/en\/#website"},"primaryImageOfPage":{"@id":"https:\/\/go-tec.de\/ja\/go-tec-system\/digitaler-einlagenprozess\/#primaryimage"},"image":{"@id":"https:\/\/go-tec.de\/ja\/go-tec-system\/digitaler-einlagenprozess\/#primaryimage"},"thumbnailUrl":"https:\/\/cms.gebiom.group\/go-tec\/wp-content\/uploads\/sites\/2\/2023\/06\/Vernetzung_Software_1-1024x682.jpg","datePublished":"2023-06-15T08:09:35+00:00","dateModified":"2023-12-20T13:44:44+00:00","description":"Bilden Sie einen digitalen Prozess f\u00fcr Ihre Einlagenversorgung. Vorgangsdaten werden im POS digital erzeugt und automatisch in die Fertigung \u00fcbermittelt. Mit den zahlreichen Schnittstellen zu Branchensoftwareanbietern profitiert neben der Produktion auch die Verwaltung vom Austausch von Vorgangsdaten, Abrechnungspositionen und Stati.","breadcrumb":{"@id":"https:\/\/go-tec.de\/ja\/go-tec-system\/digitaler-einlagenprozess\/#breadcrumb"},"inLanguage":"fr-FR","potentialAction":[{"@type":"ReadAction","target":["https:\/\/go-tec.de\/ja\/go-tec-system\/digitaler-einlagenprozess\/"]}]},{"@type":"ImageObject","inLanguage":"fr-FR","@id":"https:\/\/go-tec.de\/ja\/go-tec-system\/digitaler-einlagenprozess\/#primaryimage","url":"https:\/\/cms.gebiom.group\/go-tec\/wp-content\/uploads\/sites\/2\/2023\/06\/Vernetzung_Software_1-1024x682.jpg","contentUrl":"https:\/\/cms.gebiom.group\/go-tec\/wp-content\/uploads\/sites\/2\/2023\/06\/Vernetzung_Software_1-1024x682.jpg"},{"@type":"BreadcrumbList","@id":"https:\/\/go-tec.de\/ja\/go-tec-system\/digitaler-einlagenprozess\/#breadcrumb","itemListElement":[{"@type":"ListItem","position":1,"name":"Startseite","item":"https:\/\/go-tec.de\/"},{"@type":"ListItem","position":2,"name":"go-tec System","item":"https:\/\/go-tec.de\/ja\/go-tec-system\/"},{"@type":"ListItem","position":3,"name":"go-tec Filialmanager"}]},{"@type":"WebSite","@id":"https:\/\/go-tec.de\/en\/#website","url":"https:\/\/go-tec.de\/en\/","name":"","description":"","potentialAction":[{"@type":"SearchAction","target":{"@type":"EntryPoint","urlTemplate":"https:\/\/go-tec.de\/en\/?s={search_term_string}"},"query-input":{"@type":"PropertyValueSpecification","valueRequired":true,"valueName":"search_term_string"}}],"inLanguage":"fr-FR"}]}},"coauthors":[],"author_meta":{"author_link":"https:\/\/go-tec.de\/fr\/author\/akoctar\/","display_name":"akoctar"},"relative_dates":{"created":"Publi\u00e9 3 ans il y a","modified":"Mis \u00e0 jour 2 ans il y a"},"absolute_dates":{"created":"Publi\u00e9 le 15. juin 2023","modified":"Mise \u00e0 jour le 20. d\u00e9cembre 2023"},"absolute_dates_time":{"created":"Publi\u00e9 le 15. juin 2023 10:09","modified":"Mise \u00e0 jour le 20. d\u00e9cembre 2023 14:44"},"featured_img_caption":"","featured_img":false,"series_order":"","_links":{"self":[{"href":"https:\/\/go-tec.de\/fr\/wp-json\/wp\/v2\/pages\/328","targetHints":{"allow":["GET"]}}],"collection":[{"href":"https:\/\/go-tec.de\/fr\/wp-json\/wp\/v2\/pages"}],"about":[{"href":"https:\/\/go-tec.de\/fr\/wp-json\/wp\/v2\/types\/page"}],"author":[{"embeddable":true,"href":"https:\/\/go-tec.de\/fr\/wp-json\/wp\/v2\/users\/8"}],"replies":[{"embeddable":true,"href":"https:\/\/go-tec.de\/fr\/wp-json\/wp\/v2\/comments?post=328"}],"version-history":[{"count":5,"href":"https:\/\/go-tec.de\/fr\/wp-json\/wp\/v2\/pages\/328\/revisions"}],"predecessor-version":[{"id":788,"href":"https:\/\/go-tec.de\/fr\/wp-json\/wp\/v2\/pages\/328\/revisions\/788"}],"up":[{"embeddable":true,"href":"https:\/\/go-tec.de\/fr\/wp-json\/wp\/v2\/pages\/12"}],"wp:attachment":[{"href":"https:\/\/go-tec.de\/fr\/wp-json\/wp\/v2\/media?parent=328"}],"curies":[{"name":"wp","href":"https:\/\/api.w.org\/{rel}","templated":true}]}}