{"id":24,"date":"2022-09-13T12:19:20","date_gmt":"2022-09-13T10:19:20","guid":{"rendered":"https:\/\/cms.gebiom.group\/go-tec\/?page_id=24"},"modified":"2025-01-30T14:34:08","modified_gmt":"2025-01-30T13:34:08","slug":"datenschutz","status":"publish","type":"page","link":"https:\/\/go-tec.de\/fr\/datenschutz\/","title":{"rendered":"Protection des donn\u00e9es"},"content":{"rendered":"<div class=\"wp-block-cover\"><span aria-hidden=\"true\" class=\"wp-block-cover__background has-blue-background-color has-background-dim-70 has-background-dim\"><\/span><img loading=\"lazy\" decoding=\"async\" width=\"2321\" height=\"1280\" class=\"wp-block-cover__image-background wp-image-29\" alt=\"\" src=\"https:\/\/cms.gebiom.group\/go-tec\/wp-content\/uploads\/sites\/2\/2022\/09\/go-tec-header.jpg\" data-object-fit=\"cover\" srcset=\"https:\/\/go-tec.de\/wp-content\/uploads\/sites\/2\/2022\/09\/go-tec-header.jpg 2321w, https:\/\/go-tec.de\/wp-content\/uploads\/sites\/2\/2022\/09\/go-tec-header-300x165.jpg 300w, https:\/\/go-tec.de\/wp-content\/uploads\/sites\/2\/2022\/09\/go-tec-header-1024x565.jpg 1024w, https:\/\/go-tec.de\/wp-content\/uploads\/sites\/2\/2022\/09\/go-tec-header-768x424.jpg 768w, https:\/\/go-tec.de\/wp-content\/uploads\/sites\/2\/2022\/09\/go-tec-header-1536x847.jpg 1536w, https:\/\/go-tec.de\/wp-content\/uploads\/sites\/2\/2022\/09\/go-tec-header-2048x1129.jpg 2048w\" sizes=\"auto, (max-width: 2321px) 100vw, 2321px\" \/><div class=\"wp-block-cover__inner-container is-layout-flow wp-block-cover-is-layout-flow\">\n<div class=\"wp-block-group px-3 px-md-4 px-lg-5 is-layout-constrained wp-container-core-group-is-layout-703bee88 wp-block-group-is-layout-constrained\">\n<h1 class=\"wp-block-heading has-text-align-left\">Protection des donn\u00e9es<\/h1>\n<\/div>\n<\/div><\/div>\n\n\n\n<div class=\"wp-block-group px-3 px-md-4 px-lg-5 is-layout-constrained wp-block-group-is-layout-constrained\"><\/div>\n\n\n\n<p><strong>Remarques g\u00e9n\u00e9rales et informations obligatoires sur la protection des donn\u00e9es<\/strong><\/p>\n\n\n\n<p>Les exploitants de ces pages prennent la protection de vos donn\u00e9es personnelles tr\u00e8s au s\u00e9rieux. Nous traitons vos donn\u00e9es personnelles de mani\u00e8re confidentielle et conform\u00e9ment aux dispositions l\u00e9gales en mati\u00e8re de protection des donn\u00e9es ainsi qu'\u00e0 la pr\u00e9sente d\u00e9claration de protection des donn\u00e9es.<\/p>\n\n\n\n<p>Lorsque vous utilisez ce site web, diverses donn\u00e9es personnelles sont collect\u00e9es. Les donn\u00e9es personnelles sont des donn\u00e9es qui permettent de vous identifier personnellement. La pr\u00e9sente d\u00e9claration de confidentialit\u00e9 explique quelles donn\u00e9es nous collectons et \u00e0 quelles fins nous les utilisons. Elle explique \u00e9galement comment et dans quel but nous le faisons.&nbsp;<\/p>\n\n\n\n<p><strong>Entit\u00e9 responsable et coordonn\u00e9es<\/strong><\/p>\n\n\n\n<p>Le responsable au sens du r\u00e8glement g\u00e9n\u00e9ral sur la protection des donn\u00e9es et d'autres lois nationales sur la protection des donn\u00e9es des \u00c9tats membres ainsi que d'autres dispositions relatives \u00e0 la protection des donn\u00e9es est la :<\/p>\n\n\n\n<p>GeBioM mbH&nbsp;<\/p>\n\n\n\n<p>12, rue Wilhelm-Schickard<\/p>\n\n\n\n<p>48149 M\u00fcnster<\/p>\n\n\n\n<p>T\u00e9l\u00e9phone : 0251 98724 0&nbsp;<\/p>\n\n\n\n<p>Courrier \u00e9lectronique :&nbsp;<a href=\"mailto:info@gebiom.com\">info@gebiom.com<\/a><\/p>\n\n\n\n<p>les coordonn\u00e9es de notre responsable de la protection des donn\u00e9es :<\/p>\n\n\n\n<p>GeBioM mbH&nbsp;<\/p>\n\n\n\n<p>12, rue Wilhelm-Schickard<\/p>\n\n\n\n<p>48149 M\u00fcnster<\/p>\n\n\n\n<p>Courrier \u00e9lectronique : datenschutz@gebiom.com&nbsp;&nbsp;&nbsp;&nbsp;&nbsp;&nbsp;<\/p>\n\n\n\n<p><strong>R\u00e9vocation de votre consentement au traitement des donn\u00e9es<\/strong><\/p>\n\n\n\n<p>De nombreuses op\u00e9rations de traitement des donn\u00e9es ne sont possibles qu'avec votre consentement explicite. Vous pouvez r\u00e9voquer \u00e0 tout moment un consentement d\u00e9j\u00e0 donn\u00e9. Il suffit pour cela de nous envoyer un message informel par e-mail. La l\u00e9galit\u00e9 du traitement des donn\u00e9es effectu\u00e9 jusqu'\u00e0 la r\u00e9vocation n'est pas affect\u00e9e par la r\u00e9vocation.<\/p>\n\n\n\n<p><strong>Chiffrement SSL ou TLS<\/strong><\/p>\n\n\n\n<p>Pour des raisons de s\u00e9curit\u00e9 et pour prot\u00e9ger la transmission de contenus confidentiels, comme par exemple les commandes ou les demandes que vous nous envoyez en tant qu'exploitant du site, ce site utilise un cryptage SSL ou TLS. Vous pouvez reconna\u00eetre une connexion crypt\u00e9e au fait que la ligne d'adresse du navigateur passe de \"http \/\/\" \u00e0 \"https \/\/\" et au symbole du cadenas dans la ligne de votre navigateur.&nbsp;&nbsp;<\/p>\n\n\n\n<p><strong>Information, blocage, suppression<\/strong><\/p>\n\n\n\n<p>Conform\u00e9ment au r\u00e8glement g\u00e9n\u00e9ral sur la protection des donn\u00e9es (RGPD), vous disposez des droits suivants en ce qui concerne le traitement de vos donn\u00e9es personnelles par nos soins :<\/p>\n\n\n\n<ul class=\"wp-block-list\">\n<li>Droit de retirer son consentement,<\/li>\n\n\n\n<li>Droit \u00e0 l'information,\u00a0<\/li>\n\n\n\n<li>Droit de rectification ou de suppression,<\/li>\n\n\n\n<li>droit de s'opposer au traitement,<\/li>\n\n\n\n<li>le droit \u00e0 la portabilit\u00e9 des donn\u00e9es, c'est-\u00e0-dire le droit de se faire remettre ou de faire remettre \u00e0 un tiers les donn\u00e9es que nous traitons de mani\u00e8re automatis\u00e9e sur la base de votre consentement ou en ex\u00e9cution d'un contrat, dans un format courant et lisible par une machine,<\/li>\n\n\n\n<li>Droit \u00e0 la limitation du traitement.<\/li>\n<\/ul>\n\n\n\n<p>Vous avez \u00e9galement le droit de d\u00e9poser une plainte aupr\u00e8s d'une autorit\u00e9 de contr\u00f4le de la protection des donn\u00e9es concernant le traitement de vos donn\u00e9es personnelles par nos soins.&nbsp;<\/p>\n\n\n\n<p>L'autorit\u00e9 de surveillance comp\u00e9tente pour les questions relatives \u00e0 la protection des donn\u00e9es est la suivante : Commissaire \u00e0 la protection des donn\u00e9es et \u00e0 la libert\u00e9 d'information du Land de Rh\u00e9nanie-du-Nord-Westphalie.&nbsp;<\/p>\n\n\n\n<p>2-4, rue de la Cavalerie&nbsp;<\/p>\n\n\n\n<p>40213 D\u00fcsseldorf&nbsp;<\/p>\n\n\n\n<p>T\u00e9l\u00e9phone : 0211\/38424-0&nbsp;<\/p>\n\n\n\n<p>T\u00e9l\u00e9copieur : 0211\/38424-10&nbsp;<\/p>\n\n\n\n<p>Courrier \u00e9lectronique : poststelle@ldi.nrw.de<\/p>\n\n\n\n<p>Nous vous recommandons toutefois de toujours commencer par adresser une plainte \u00e0 notre d\u00e9l\u00e9gu\u00e9 \u00e0 la protection des donn\u00e9es.<\/p>\n\n\n\n<p><strong>Collecte de donn\u00e9es sur notre site web<\/strong><\/p>\n\n\n\n<p><strong>Fichiers journaux du serveur<\/strong><\/p>\n\n\n\n<p>Lors de la simple utilisation informative du site web, c'est-\u00e0-dire lorsque vous ne vous enregistrez pas ou ne nous transmettez pas d'informations d'une autre mani\u00e8re, nous ne collectons que les donn\u00e9es personnelles que votre navigateur transmet \u00e0 notre serveur. Si vous souhaitez consulter notre site web, nous collectons les donn\u00e9es suivantes, qui nous sont techniquement n\u00e9cessaires pour vous afficher notre site web et en garantir la stabilit\u00e9 et la s\u00e9curit\u00e9 (la base juridique est l'art. 6, al. 1, phrase 1, point f du RGPD) :&nbsp;<\/p>\n\n\n\n<p>- Adresse IP<\/p>\n\n\n\n<p>- date et heure de la demande&nbsp;<\/p>\n\n\n\n<p>- Diff\u00e9rence de fuseau horaire avec le Greenwich Mean Time (GMT)&nbsp;<\/p>\n\n\n\n<p>- Contenu de la demande (page concr\u00e8te)&nbsp;<\/p>\n\n\n\n<p>- \u00c9tat de l'acc\u00e8s\/code d'\u00e9tat HTTP&nbsp;<\/p>\n\n\n\n<p>- la quantit\u00e9 de donn\u00e9es transmises \u00e0 chaque fois&nbsp;<\/p>\n\n\n\n<p>- Site web d'o\u00f9 provient la demande&nbsp;<\/p>\n\n\n\n<p>- Navigateur&nbsp;<\/p>\n\n\n\n<p>- Syst\u00e8me d'exploitation et son interface&nbsp;<\/p>\n\n\n\n<p>- la langue et la version du logiciel de navigation.&nbsp;<\/p>\n\n\n\n<p>Suppression ou blocage des donn\u00e9es Nous respectons les principes de pr\u00e9vention et d'\u00e9conomie des donn\u00e9es. Nous ne conservons donc vos donn\u00e9es personnelles qu'aussi longtemps que cela est n\u00e9cessaire pour atteindre les objectifs mentionn\u00e9s ici ou comme le pr\u00e9voient les multiples d\u00e9lais de conservation pr\u00e9vus par le l\u00e9gislateur. Apr\u00e8s la disparition de la finalit\u00e9 respective ou l'expiration de ces d\u00e9lais, les donn\u00e9es correspondantes sont bloqu\u00e9es ou effac\u00e9es de mani\u00e8re routini\u00e8re et conform\u00e9ment aux prescriptions l\u00e9gales.<\/p>\n\n\n\n<p><strong>Cookies<\/strong><\/p>\n\n\n\n<p>Nos pages Internet utilisent ce que l'on appelle des \"cookies\". Les cookies sont de petits paquets de donn\u00e9es qui ne causent aucun dommage \u00e0 votre terminal. Ils sont enregistr\u00e9s sur votre terminal soit temporairement pour la dur\u00e9e d'une session (cookies de session), soit durablement (cookies permanents). Les cookies de session sont automatiquement supprim\u00e9s \u00e0 la fin de votre visite. Les cookies permanents restent enregistr\u00e9s sur votre terminal jusqu'\u00e0 ce que vous les supprimiez vous-m\u00eame ou qu'une suppression automatique soit effectu\u00e9e par votre navigateur web.<\/p>\n\n\n\n<p>Des cookies de soci\u00e9t\u00e9s tierces peuvent \u00e9galement \u00eatre partiellement enregistr\u00e9s sur votre terminal lorsque vous acc\u00e9dez \u00e0 notre site (cookies tiers). Ceux-ci nous permettent ou vous permettent d'utiliser certains services de l'entreprise tierce (par exemple, les cookies pour le traitement des services de paiement).<\/p>\n\n\n\n<p>Les cookies ont diff\u00e9rentes fonctions. De nombreux cookies sont techniquement n\u00e9cessaires, car certaines fonctions du site web ne fonctionneraient pas sans eux (par exemple la fonction de panier d'achat ou l'affichage de vid\u00e9os). D'autres cookies servent \u00e0 \u00e9valuer le comportement des utilisateurs ou \u00e0 afficher des publicit\u00e9s.<\/p>\n\n\n\n<p>Les cookies n\u00e9cessaires \u00e0 l'ex\u00e9cution du processus de communication \u00e9lectronique, \u00e0 la mise \u00e0 disposition de certaines fonctions que vous souhaitez (par ex. pour la fonction de panier d'achat) ou \u00e0 l'optimisation du site web (par ex. cookies de mesure d'audience du web) (cookies n\u00e9cessaires) sont enregistr\u00e9s sur la base de l'article 6, paragraphe 1, point f du RGPD, sauf si une autre base juridique est indiqu\u00e9e. L'exploitant du site web a un int\u00e9r\u00eat l\u00e9gitime \u00e0 l'enregistrement des cookies n\u00e9cessaires pour une mise \u00e0 disposition de ses services sans erreur technique et optimis\u00e9e. Si un consentement a \u00e9t\u00e9 demand\u00e9 pour le stockage de cookies et de technologies de reconnaissance comparables, le traitement est effectu\u00e9 exclusivement sur la base de ce consentement (article 6, paragraphe 1, point a) du RGPD et article 25, paragraphe 1 de la TDDDG) ; le consentement peut \u00eatre r\u00e9voqu\u00e9 \u00e0 tout moment.<\/p>\n\n\n\n<p>Vous pouvez configurer votre navigateur de mani\u00e8re \u00e0 \u00eatre inform\u00e9 de l'installation de cookies et \u00e0 n'autoriser les cookies qu'au cas par cas, \u00e0 exclure l'acceptation de cookies dans certains cas ou de mani\u00e8re g\u00e9n\u00e9rale, et \u00e0 activer la suppression automatique des cookies \u00e0 la fermeture du navigateur. En cas de d\u00e9sactivation des cookies, la fonctionnalit\u00e9 de ce site web peut \u00eatre limit\u00e9e.<\/p>\n\n\n\n<p>Si des cookies sont utilis\u00e9s par des entreprises tierces ou \u00e0 des fins d'analyse, nous vous en informerons s\u00e9par\u00e9ment dans le cadre de la pr\u00e9sente d\u00e9claration de protection des donn\u00e9es et, le cas \u00e9ch\u00e9ant, nous vous demanderons votre consentement.<\/p>\n\n\n\n<p><strong>Formulaire de contact<\/strong><\/p>\n\n\n\n<p>Les donn\u00e9es personnelles que vous nous fournissez dans le cadre de cette demande de contact sont trait\u00e9es exclusivement pour r\u00e9pondre \u00e0 votre demande et pour l'administration technique qui y est li\u00e9e. Le traitement est effectu\u00e9 sur la base de l'article 6, paragraphe 1, point b), du RGPD (mesures pr\u00e9contractuelles) ou de l'article 6, paragraphe 1, point f), du RGPD (int\u00e9r\u00eat l\u00e9gitime).<\/p>\n\n\n\n<p>Elles ne sont pas transmises \u00e0 des tiers. Vos donn\u00e9es personnelles seront supprim\u00e9es d\u00e8s que votre demande aura \u00e9t\u00e9 trait\u00e9e de mani\u00e8re d\u00e9finitive, \u00e0 moins qu'il n'existe des obligations l\u00e9gales de conservation.<\/p>\n\n\n\n<p><strong>M\u00e9dias sociaux - LinkedIn<\/strong><\/p>\n\n\n\n<p>Nous vous informons ci-apr\u00e8s sur le traitement des donn\u00e9es en rapport avec notre pr\u00e9sence sur LinkedIn. Nous utilisons LinkedIn pour pr\u00e9senter le profil de notre entreprise et partager des contenus dans un contexte professionnel.<\/p>\n\n\n\n<p>Lorsque vous visitez notre site LinkedIn, LinkedIn (LinkedIn Ireland Unlimited Company, Wilton Place, Dublin 2, Irlande) traite vos donn\u00e9es personnelles conform\u00e9ment \u00e0 leur&nbsp;<a href=\"https:\/\/de.linkedin.com\/legal\/privacy-policy\">Politique de confidentialit\u00e9<\/a>.<strong><\/strong><\/p>\n\n\n\n<p>LinkedIn utilise des cookies et des technologies similaires pour analyser votre comportement d'utilisation. Le type, l'\u00e9tendue et la finalit\u00e9 du traitement des donn\u00e9es sont d\u00e9termin\u00e9s en premier lieu par LinkedIn, par exemple \u00e0 des fins d'analyse ou d'am\u00e9lioration de ses services. Dans ces cas, il existe une responsabilit\u00e9 commune en mati\u00e8re de protection des donn\u00e9es entre nous et LinkedIn.<\/p>\n\n\n\n<p>Nous n'avons toutefois aucune influence sur le traitement des donn\u00e9es que LinkedIn effectue \u00e0 ses propres fins. Pour plus d'informations \u00e0 ce sujet, veuillez consulter la d\u00e9claration de confidentialit\u00e9 de LinkedIn.<\/p>\n\n\n\n<p><strong>LinkedIn&nbsp;<\/strong><a href=\"https:\/\/de.linkedin.com\/legal\/privacy-policy\">https:\/\/de.linkedin.com\/legal\/privacy-policy<\/a><\/p>\n\n\n\n<p><strong>Communication directe avec nous via LinkedIn<\/strong><\/p>\n\n\n\n<p>Lorsque vous nous contactez directement via LinkedIn, nous traitons vos donn\u00e9es \u00e0 caract\u00e8re personnel afin de r\u00e9pondre \u00e0 vos demandes et de traiter vos communications. Notre page LinkedIn sert \u00e0 pr\u00e9senter notre entreprise, \u00e0 partager des contenus int\u00e9ressants dans un contexte commercial et professionnel, \u00e0 interagir avec des prospects potentiels ou existants et \u00e0 fournir des informations sur nos offres.<\/p>\n\n\n\n<p>Veuillez tenir compte des informations personnelles que vous souhaitez partager via LinkedIn. Si vous souhaitez \u00e9viter que LinkedIn ne traite des donn\u00e9es issues de vos communications, veuillez utiliser les possibilit\u00e9s g\u00e9n\u00e9rales de contact que vous trouverez dans les mentions l\u00e9gales de notre site web.<\/p>\n\n\n\n<p>Si vous nous contactez via LinkedIn, nous traitons vos donn\u00e9es personnelles sur la base de notre int\u00e9r\u00eat l\u00e9gitime \u00e0 r\u00e9pondre \u00e0 votre demande conform\u00e9ment \u00e0 l'article 6, paragraphe 1, point f) du RGPD. Si votre demande vise \u00e0 conclure un contrat, le traitement est effectu\u00e9 sur la base de l'article 6, paragraphe 1, point b) du RGPD.<\/p>\n\n\n\n<p><strong>Modification de notre politique de confidentialit\u00e9<\/strong><\/p>\n\n\n\n<p>Nous nous r\u00e9servons le droit d'adapter cette d\u00e9claration de protection des donn\u00e9es afin qu'elle corresponde toujours aux exigences l\u00e9gales actuelles ou afin de mettre en \u0153uvre des modifications de nos prestations dans la d\u00e9claration de protection des donn\u00e9es, par exemple lors de l'introduction de nouveaux services. La nouvelle d\u00e9claration de protection des donn\u00e9es s'appliquera alors \u00e0 votre nouvelle visite.<\/p>","protected":false},"excerpt":{"rendered":"<p>Allgemeine Hinweise und Pflichtinformationen zum Datenschutz Die Betreiber dieser Seiten nehmen den Schutz Ihrer pers\u00f6nlichen Daten sehr ernst. Wir behandeln Ihre personenbezogenen Daten vertraulich und entsprechend den gesetzlichen Datenschutzvorschriften sowie dieser Datenschutzerkl\u00e4rung. Wenn Sie diese Website benutzen, werden verschiedene personenbezogene Daten erhoben. Personenbezogene Daten sind Daten, mit denen Sie pers\u00f6nlich identifiziert werden k\u00f6nnen. Die vorliegende [&hellip;]<\/p>\n","protected":false},"author":1,"featured_media":0,"parent":0,"menu_order":0,"comment_status":"closed","ping_status":"closed","template":"","meta":{"inline_featured_image":false,"advgb_blocks_editor_width":"","advgb_blocks_columns_visual_guide":"","footnotes":""},"class_list":["post-24","page","type-page","status-publish","hentry"],"yoast_head":"<!-- This site is optimized with the Yoast SEO plugin v27.2 - https:\/\/yoast.com\/product\/yoast-seo-wordpress\/ -->\n<title>Datenschutz -<\/title>\n<meta name=\"robots\" content=\"noindex, follow\" \/>\n<meta property=\"og:locale\" content=\"fr_FR\" \/>\n<meta property=\"og:type\" content=\"article\" \/>\n<meta property=\"og:title\" content=\"Datenschutz -\" \/>\n<meta property=\"og:description\" content=\"Allgemeine Hinweise und Pflichtinformationen zum Datenschutz Die Betreiber dieser Seiten nehmen den Schutz Ihrer pers\u00f6nlichen Daten sehr ernst. Wir behandeln Ihre personenbezogenen Daten vertraulich und entsprechend den gesetzlichen Datenschutzvorschriften sowie dieser Datenschutzerkl\u00e4rung. Wenn Sie diese Website benutzen, werden verschiedene personenbezogene Daten erhoben. Personenbezogene Daten sind Daten, mit denen Sie pers\u00f6nlich identifiziert werden k\u00f6nnen. Die vorliegende [&hellip;]\" \/>\n<meta property=\"og:url\" content=\"https:\/\/go-tec.de\/fr\/datenschutz\/\" \/>\n<meta property=\"article:modified_time\" content=\"2025-01-30T13:34:08+00:00\" \/>\n<meta property=\"og:image\" content=\"https:\/\/cms.gebiom.group\/go-tec\/wp-content\/uploads\/sites\/2\/2022\/09\/go-tec-header.jpg\" \/>\n<meta name=\"twitter:card\" content=\"summary_large_image\" \/>\n<meta name=\"twitter:label1\" content=\"Dur\u00e9e de lecture estim\u00e9e\" \/>\n\t<meta name=\"twitter:data1\" content=\"8 minutes\" \/>\n<script type=\"application\/ld+json\" class=\"yoast-schema-graph\">{\"@context\":\"https:\/\/schema.org\",\"@graph\":[{\"@type\":\"WebPage\",\"@id\":\"https:\/\/go-tec.de\/datenschutz\/\",\"url\":\"https:\/\/go-tec.de\/datenschutz\/\",\"name\":\"Datenschutz -\",\"isPartOf\":{\"@id\":\"http:\/\/go-tec.de\/#website\"},\"primaryImageOfPage\":{\"@id\":\"https:\/\/go-tec.de\/datenschutz\/#primaryimage\"},\"image\":{\"@id\":\"https:\/\/go-tec.de\/datenschutz\/#primaryimage\"},\"thumbnailUrl\":\"https:\/\/cms.gebiom.group\/go-tec\/wp-content\/uploads\/sites\/2\/2022\/09\/go-tec-header.jpg\",\"datePublished\":\"2022-09-13T10:19:20+00:00\",\"dateModified\":\"2025-01-30T13:34:08+00:00\",\"breadcrumb\":{\"@id\":\"https:\/\/go-tec.de\/datenschutz\/#breadcrumb\"},\"inLanguage\":\"fr-FR\",\"potentialAction\":[{\"@type\":\"ReadAction\",\"target\":[\"https:\/\/go-tec.de\/datenschutz\/\"]}]},{\"@type\":\"ImageObject\",\"inLanguage\":\"fr-FR\",\"@id\":\"https:\/\/go-tec.de\/datenschutz\/#primaryimage\",\"url\":\"https:\/\/cms.gebiom.group\/go-tec\/wp-content\/uploads\/sites\/2\/2022\/09\/go-tec-header.jpg\",\"contentUrl\":\"https:\/\/cms.gebiom.group\/go-tec\/wp-content\/uploads\/sites\/2\/2022\/09\/go-tec-header.jpg\"},{\"@type\":\"BreadcrumbList\",\"@id\":\"https:\/\/go-tec.de\/datenschutz\/#breadcrumb\",\"itemListElement\":[{\"@type\":\"ListItem\",\"position\":1,\"name\":\"Startseite\",\"item\":\"http:\/\/go-tec.de\/\"},{\"@type\":\"ListItem\",\"position\":2,\"name\":\"Datenschutz\"}]},{\"@type\":\"WebSite\",\"@id\":\"http:\/\/go-tec.de\/#website\",\"url\":\"http:\/\/go-tec.de\/\",\"name\":\"\",\"description\":\"\",\"potentialAction\":[{\"@type\":\"SearchAction\",\"target\":{\"@type\":\"EntryPoint\",\"urlTemplate\":\"http:\/\/go-tec.de\/?s={search_term_string}\"},\"query-input\":{\"@type\":\"PropertyValueSpecification\",\"valueRequired\":true,\"valueName\":\"search_term_string\"}}],\"inLanguage\":\"fr-FR\"}]}<\/script>\n<!-- \/ Yoast SEO plugin. -->","yoast_head_json":{"title":"Protection des donn\u00e9es -","robots":{"index":"noindex","follow":"follow"},"og_locale":"fr_FR","og_type":"article","og_title":"Datenschutz -","og_description":"Allgemeine Hinweise und Pflichtinformationen zum Datenschutz Die Betreiber dieser Seiten nehmen den Schutz Ihrer pers\u00f6nlichen Daten sehr ernst. Wir behandeln Ihre personenbezogenen Daten vertraulich und entsprechend den gesetzlichen Datenschutzvorschriften sowie dieser Datenschutzerkl\u00e4rung. Wenn Sie diese Website benutzen, werden verschiedene personenbezogene Daten erhoben. Personenbezogene Daten sind Daten, mit denen Sie pers\u00f6nlich identifiziert werden k\u00f6nnen. Die vorliegende [&hellip;]","og_url":"https:\/\/go-tec.de\/fr\/datenschutz\/","article_modified_time":"2025-01-30T13:34:08+00:00","og_image":[{"url":"https:\/\/cms.gebiom.group\/go-tec\/wp-content\/uploads\/sites\/2\/2022\/09\/go-tec-header.jpg","type":"","width":"","height":""}],"twitter_card":"summary_large_image","twitter_misc":{"Dur\u00e9e de lecture estim\u00e9e":"8 minutes"},"schema":{"@context":"https:\/\/schema.org","@graph":[{"@type":"WebPage","@id":"https:\/\/go-tec.de\/datenschutz\/","url":"https:\/\/go-tec.de\/datenschutz\/","name":"Protection des donn\u00e9es -","isPartOf":{"@id":"http:\/\/go-tec.de\/#website"},"primaryImageOfPage":{"@id":"https:\/\/go-tec.de\/datenschutz\/#primaryimage"},"image":{"@id":"https:\/\/go-tec.de\/datenschutz\/#primaryimage"},"thumbnailUrl":"https:\/\/cms.gebiom.group\/go-tec\/wp-content\/uploads\/sites\/2\/2022\/09\/go-tec-header.jpg","datePublished":"2022-09-13T10:19:20+00:00","dateModified":"2025-01-30T13:34:08+00:00","breadcrumb":{"@id":"https:\/\/go-tec.de\/datenschutz\/#breadcrumb"},"inLanguage":"fr-FR","potentialAction":[{"@type":"ReadAction","target":["https:\/\/go-tec.de\/datenschutz\/"]}]},{"@type":"ImageObject","inLanguage":"fr-FR","@id":"https:\/\/go-tec.de\/datenschutz\/#primaryimage","url":"https:\/\/cms.gebiom.group\/go-tec\/wp-content\/uploads\/sites\/2\/2022\/09\/go-tec-header.jpg","contentUrl":"https:\/\/cms.gebiom.group\/go-tec\/wp-content\/uploads\/sites\/2\/2022\/09\/go-tec-header.jpg"},{"@type":"BreadcrumbList","@id":"https:\/\/go-tec.de\/datenschutz\/#breadcrumb","itemListElement":[{"@type":"ListItem","position":1,"name":"Startseite","item":"http:\/\/go-tec.de\/"},{"@type":"ListItem","position":2,"name":"Datenschutz"}]},{"@type":"WebSite","@id":"http:\/\/go-tec.de\/#website","url":"http:\/\/go-tec.de\/","name":"","description":"","potentialAction":[{"@type":"SearchAction","target":{"@type":"EntryPoint","urlTemplate":"http:\/\/go-tec.de\/?s={search_term_string}"},"query-input":{"@type":"PropertyValueSpecification","valueRequired":true,"valueName":"search_term_string"}}],"inLanguage":"fr-FR"}]}},"coauthors":[],"author_meta":{"author_link":"https:\/\/go-tec.de\/fr\/author\/mhorn\/","display_name":"MHorn"},"relative_dates":{"created":"Publi\u00e9 4 ans il y a","modified":"Mis \u00e0 jour 1 an il y a"},"absolute_dates":{"created":"Publi\u00e9 le 13. septembre 2022","modified":"Mise \u00e0 jour le 30. janvier 2025"},"absolute_dates_time":{"created":"Publi\u00e9 le 13. septembre 2022 12:19","modified":"Mise \u00e0 jour le 30. janvier 2025 14:34"},"featured_img_caption":"","featured_img":false,"series_order":"","_links":{"self":[{"href":"https:\/\/go-tec.de\/fr\/wp-json\/wp\/v2\/pages\/24","targetHints":{"allow":["GET"]}}],"collection":[{"href":"https:\/\/go-tec.de\/fr\/wp-json\/wp\/v2\/pages"}],"about":[{"href":"https:\/\/go-tec.de\/fr\/wp-json\/wp\/v2\/types\/page"}],"author":[{"embeddable":true,"href":"https:\/\/go-tec.de\/fr\/wp-json\/wp\/v2\/users\/1"}],"replies":[{"embeddable":true,"href":"https:\/\/go-tec.de\/fr\/wp-json\/wp\/v2\/comments?post=24"}],"version-history":[{"count":7,"href":"https:\/\/go-tec.de\/fr\/wp-json\/wp\/v2\/pages\/24\/revisions"}],"predecessor-version":[{"id":1054,"href":"https:\/\/go-tec.de\/fr\/wp-json\/wp\/v2\/pages\/24\/revisions\/1054"}],"wp:attachment":[{"href":"https:\/\/go-tec.de\/fr\/wp-json\/wp\/v2\/media?parent=24"}],"curies":[{"name":"wp","href":"https:\/\/api.w.org\/{rel}","templated":true}]}}