{"id":226,"date":"2022-09-16T10:39:05","date_gmt":"2022-09-16T08:39:05","guid":{"rendered":"https:\/\/cms.gebiom.group\/go-tec\/?page_id=226"},"modified":"2023-06-15T19:38:59","modified_gmt":"2023-06-15T17:38:59","slug":"gp-bodystatus-check","status":"publish","type":"page","link":"https:\/\/go-tec.de\/fr\/go-tec-system\/gp-bodystatus-check\/","title":{"rendered":"GP Contr\u00f4le de l'\u00e9tat corporel"},"content":{"rendered":"\n<div class=\"wp-block-cover is-light\" style=\"min-height:70vh;aspect-ratio:unset;\"><span aria-hidden=\"true\" class=\"wp-block-cover__background has-background-dim-30 has-background-dim\"><\/span><video class=\"wp-block-cover__video-background intrinsic-ignore\" autoplay muted loop playsinline src=\"https:\/\/cms.gebiom.group\/go-tec\/wp-content\/uploads\/sites\/2\/2022\/09\/GOT_Vernetzung_v04_stream_01.mp4\" data-object-fit=\"cover\"><\/video><div class=\"wp-block-cover__inner-container is-layout-flow wp-block-cover-is-layout-flow\">\n<div class=\"wp-block-group is-layout-flow wp-block-group-is-layout-flow\">\n<h2 class=\"wp-block-heading has-text-align-center px-3 px-md-4 px-lg-5 animated fadeInUp has-white-color has-text-color advgb-dyn-94c2b1a0\">GP Bodystatus Check<\/h2>\n<\/div>\n<\/div><\/div>\n\n\n\n<div class=\"wp-block-group py-5 px-3 px-md-4 px-lg-5 has-darkgrey-color has-text-color is-layout-flow wp-block-group-is-layout-flow\">\n<div class=\"wp-block-group is-layout-constrained wp-container-core-group-is-layout-703bee88 wp-block-group-is-layout-constrained advgb-dyn-6bbbaf52\">\n<h2 class=\"wp-block-heading has-text-align-center animated fadeInUp advgb-dyn-7128190a\">Kunden besser betreuen und Erfolge dokumentieren: mit GP Bodystatus Check.<\/h2>\n\n\n\n<p class=\"has-text-align-center animated fadeInUp\">Mit unserer L\u00f6sung GP Bodystatus Check k\u00f6nnen Sie schnell und einfach eine umfassende digitale Anamnese durchf\u00fchren. Die modern und klar aufgebaute Oberfl\u00e4che ist auch f\u00fcr Touchscreens und mobile Endger\u00e4te optimiert. Anhand von \u00fcberwiegend visuell gestalteten Auswahlfeldern werden Sie durch den Abfrageprozess gef\u00fchrt.<br><br>Starten Sie mit uns in die \u00c4ra des papierlosen Arbeitens. Die Ergebnisse k\u00f6nnen Sie Ihren Kunden als PDF zur Verf\u00fcgung stellen.<\/p>\n\n\n\n<div class=\"wp-block-columns py-5 is-layout-flex wp-container-core-columns-is-layout-28f84493 wp-block-columns-is-layout-flex\">\n<div class=\"wp-block-column px-3 px-md-4 px-lg-5 is-layout-flow wp-block-column-is-layout-flow\">\n<div class=\"wp-block-cb-carousel cb-single-slide animated fadeInUp\" data-slick=\"{&quot;slidesToShow&quot;:1,&quot;slidesToScroll&quot;:1,&quot;speed&quot;:300,&quot;arrows&quot;:true,&quot;dots&quot;:true,&quot;autoplay&quot;:true,&quot;autoplaySpeed&quot;:3000,&quot;infinite&quot;:true,&quot;responsive&quot;:[{&quot;breakpoint&quot;:769,&quot;settings&quot;:{&quot;slidesToShow&quot;:1,&quot;slidesToScroll&quot;:1}}]}\">\n<div class=\"wp-block-cb-slide\">\n<figure class=\"wp-block-image size-large\"><img loading=\"lazy\" decoding=\"async\" width=\"1024\" height=\"682\" src=\"https:\/\/cms.gebiom.group\/go-tec\/wp-content\/uploads\/sites\/2\/2022\/09\/GP_Bodystatus_Check_1-1024x682.jpg\" alt=\"\" class=\"wp-image-229\" srcset=\"https:\/\/go-tec.de\/wp-content\/uploads\/sites\/2\/2022\/09\/GP_Bodystatus_Check_1-1024x682.jpg 1024w, https:\/\/go-tec.de\/wp-content\/uploads\/sites\/2\/2022\/09\/GP_Bodystatus_Check_1-300x200.jpg 300w, https:\/\/go-tec.de\/wp-content\/uploads\/sites\/2\/2022\/09\/GP_Bodystatus_Check_1-768x512.jpg 768w, https:\/\/go-tec.de\/wp-content\/uploads\/sites\/2\/2022\/09\/GP_Bodystatus_Check_1-1536x1024.jpg 1536w, https:\/\/go-tec.de\/wp-content\/uploads\/sites\/2\/2022\/09\/GP_Bodystatus_Check_1.jpg 2000w\" sizes=\"auto, (max-width: 1024px) 100vw, 1024px\" \/><\/figure>\n<\/div>\n\n\n\n<div class=\"wp-block-cb-slide\">\n<figure class=\"wp-block-image size-large\"><img loading=\"lazy\" decoding=\"async\" width=\"1024\" height=\"682\" src=\"https:\/\/cms.gebiom.group\/go-tec\/wp-content\/uploads\/sites\/2\/2022\/09\/GP_Bodystatus_Check_2-1024x682.jpg\" alt=\"\" class=\"wp-image-228\" srcset=\"https:\/\/go-tec.de\/wp-content\/uploads\/sites\/2\/2022\/09\/GP_Bodystatus_Check_2-1024x682.jpg 1024w, https:\/\/go-tec.de\/wp-content\/uploads\/sites\/2\/2022\/09\/GP_Bodystatus_Check_2-300x200.jpg 300w, https:\/\/go-tec.de\/wp-content\/uploads\/sites\/2\/2022\/09\/GP_Bodystatus_Check_2-768x512.jpg 768w, https:\/\/go-tec.de\/wp-content\/uploads\/sites\/2\/2022\/09\/GP_Bodystatus_Check_2-1536x1024.jpg 1536w, https:\/\/go-tec.de\/wp-content\/uploads\/sites\/2\/2022\/09\/GP_Bodystatus_Check_2.jpg 2000w\" sizes=\"auto, (max-width: 1024px) 100vw, 1024px\" \/><\/figure>\n<\/div>\n<\/div>\n<\/div>\n\n\n\n<div class=\"wp-block-column px-3 px-md-4 px-lg-5 is-layout-flow wp-block-column-is-layout-flow\">\n<h3 class=\"wp-block-heading animated fadeInUp has-blue-color has-text-color advgb-dyn-935531e1\">Ihre Vorteile:<\/h3>\n\n\n\n<ul class=\"animated fadeInUp wp-block-list\">\n<li>Die L\u00f6sung GP Bodystatus-Check ist vollst\u00e4ndig in unseren GP Manager integriert, so dass Sie alle Informationen an einem Ort haben.<\/li>\n\n\n\n<li>Dank der Optimierung f\u00fcr Touchscreens k\u00f6nnen Sie die Datenerfassung auch per Tablet-PC durchf\u00fchren &#8211; ideal auch f\u00fcr Hausbesuche!<\/li>\n\n\n\n<li>Sie arbeiten in einer einheitlichen Oberfl\u00e4che f\u00fcr Anamnese und Messungen.<\/li>\n<\/ul>\n\n\n\n<h3 class=\"wp-block-heading animated fadeInUp has-blue-color has-text-color advgb-dyn-0092de46\">Voraussetzungen:<\/h3>\n\n\n\n<ul class=\"animated fadeInUp wp-block-list\">\n<li>Einsatz unserer L\u00f6sung GP Manager<\/li>\n<\/ul>\n\n\n\n<div class=\"wp-block-buttons animated fadeInUp is-layout-flex wp-block-buttons-is-layout-flex\">\n<div class=\"wp-block-button is-style-outline is-style-outline--1 advgb-dyn-eb45ed53\"><a class=\"wp-block-button__link has-blue-color has-text-color wp-element-button\" href=\"https:\/\/cms.gebiom.group\/go-tec\/go-tec-system\/#vernetzung\" style=\"border-radius:5px\">Zur\u00fcck<\/a><\/div>\n<\/div>\n<\/div>\n<\/div>\n<\/div>\n<\/div>\n\n\n\n<div class=\"wp-block-group px-3 px-md-4 px-lg-5 contact-section has-white-color has-blue-background-color has-text-color has-background is-layout-constrained wp-container-core-group-is-layout-6e20cf48 wp-block-group-is-layout-constrained advgb-dyn-2eccdb19\">\n<div class=\"wp-block-columns py-5 is-layout-flex wp-container-core-columns-is-layout-28f84493 wp-block-columns-is-layout-flex\">\n<div class=\"wp-block-column animated fadeInLeft is-layout-flow wp-block-column-is-layout-flow\" style=\"flex-basis:66.66%\">\n<h3 class=\"wp-block-heading advgb-dyn-b31c1e16\">Gerne beraten wir Sie pers\u00f6nlich!<\/h3>\n\n\n\n<p>Wir rufen Sie zeitnah zur\u00fcck! <\/p>\n<\/div>\n\n\n\n<div class=\"wp-block-column is-vertically-aligned-center animated fadeInRight is-layout-flow wp-block-column-is-layout-flow\" style=\"flex-basis:33.33%\">\n<div class=\"wp-block-buttons animated fadeInUp mb-5 is-content-justification-center is-layout-flex wp-container-core-buttons-is-layout-a89b3969 wp-block-buttons-is-layout-flex\">\n<div class=\"wp-block-button is-style-fill advgb-dyn-3db009d7\"><a class=\"wp-block-button__link has-white-color has-green-background-color has-text-color has-background wp-element-button\" href=\"https:\/\/go-tec.de\/kontaktsales\/\" style=\"border-radius:5px\">Zur Kontaktanfrage<\/a><\/div>\n<\/div>\n<\/div>\n<\/div>\n<\/div>\n","protected":false},"excerpt":{"rendered":"<p>Kunden besser betreuen und Erfolge dokumentieren: mit GP Bodystatus Check. Mit unserer L\u00f6sung GP Bodystatus Check k\u00f6nnen Sie schnell und einfach eine umfassende digitale Anamnese durchf\u00fchren. Die modern und klar aufgebaute Oberfl\u00e4che ist auch f\u00fcr Touchscreens und mobile Endger\u00e4te optimiert. Anhand von \u00fcberwiegend visuell gestalteten Auswahlfeldern werden Sie durch den Abfrageprozess gef\u00fchrt. Starten Sie mit [&hellip;]<\/p>\n","protected":false},"author":1,"featured_media":0,"parent":12,"menu_order":0,"comment_status":"closed","ping_status":"closed","template":"","meta":{"inline_featured_image":false,"advgb_blocks_editor_width":"","advgb_blocks_columns_visual_guide":"","footnotes":""},"class_list":["post-226","page","type-page","status-publish","hentry"],"yoast_head":"<!-- This site is optimized with the Yoast SEO plugin v27.2 - https:\/\/yoast.com\/product\/yoast-seo-wordpress\/ -->\n<title>GP Bodystatus Check -<\/title>\n<meta name=\"robots\" content=\"index, follow, max-snippet:-1, max-image-preview:large, max-video-preview:-1\" \/>\n<link rel=\"canonical\" href=\"https:\/\/go-tec.de\/fr\/go-tec-system\/gp-bodystatus-check\/\" \/>\n<meta property=\"og:locale\" content=\"fr_FR\" \/>\n<meta property=\"og:type\" content=\"article\" \/>\n<meta property=\"og:title\" content=\"GP Bodystatus Check -\" \/>\n<meta property=\"og:description\" content=\"Kunden besser betreuen und Erfolge dokumentieren: mit GP Bodystatus Check. Mit unserer L\u00f6sung GP Bodystatus Check k\u00f6nnen Sie schnell und einfach eine umfassende digitale Anamnese durchf\u00fchren. Die modern und klar aufgebaute Oberfl\u00e4che ist auch f\u00fcr Touchscreens und mobile Endger\u00e4te optimiert. Anhand von \u00fcberwiegend visuell gestalteten Auswahlfeldern werden Sie durch den Abfrageprozess gef\u00fchrt. Starten Sie mit [&hellip;]\" \/>\n<meta property=\"og:url\" content=\"https:\/\/go-tec.de\/fr\/go-tec-system\/gp-bodystatus-check\/\" \/>\n<meta property=\"article:modified_time\" content=\"2023-06-15T17:38:59+00:00\" \/>\n<meta property=\"og:image\" content=\"https:\/\/cms.gebiom.group\/go-tec\/wp-content\/uploads\/sites\/2\/2022\/09\/GP_Bodystatus_Check_1-1024x682.jpg\" \/>\n<meta name=\"twitter:card\" content=\"summary_large_image\" \/>\n<meta name=\"twitter:label1\" content=\"Dur\u00e9e de lecture estim\u00e9e\" \/>\n\t<meta name=\"twitter:data1\" content=\"1 minute\" \/>\n<script type=\"application\/ld+json\" class=\"yoast-schema-graph\">{\"@context\":\"https:\/\/schema.org\",\"@graph\":[{\"@type\":\"WebPage\",\"@id\":\"https:\/\/go-tec.de\/ja\/go-tec-system\/gp-bodystatus-check\/\",\"url\":\"https:\/\/go-tec.de\/ja\/go-tec-system\/gp-bodystatus-check\/\",\"name\":\"GP Bodystatus Check -\",\"isPartOf\":{\"@id\":\"https:\/\/go-tec.de\/en\/#website\"},\"primaryImageOfPage\":{\"@id\":\"https:\/\/go-tec.de\/ja\/go-tec-system\/gp-bodystatus-check\/#primaryimage\"},\"image\":{\"@id\":\"https:\/\/go-tec.de\/ja\/go-tec-system\/gp-bodystatus-check\/#primaryimage\"},\"thumbnailUrl\":\"https:\/\/cms.gebiom.group\/go-tec\/wp-content\/uploads\/sites\/2\/2022\/09\/GP_Bodystatus_Check_1-1024x682.jpg\",\"datePublished\":\"2022-09-16T08:39:05+00:00\",\"dateModified\":\"2023-06-15T17:38:59+00:00\",\"breadcrumb\":{\"@id\":\"https:\/\/go-tec.de\/ja\/go-tec-system\/gp-bodystatus-check\/#breadcrumb\"},\"inLanguage\":\"fr-FR\",\"potentialAction\":[{\"@type\":\"ReadAction\",\"target\":[\"https:\/\/go-tec.de\/ja\/go-tec-system\/gp-bodystatus-check\/\"]}]},{\"@type\":\"ImageObject\",\"inLanguage\":\"fr-FR\",\"@id\":\"https:\/\/go-tec.de\/ja\/go-tec-system\/gp-bodystatus-check\/#primaryimage\",\"url\":\"https:\/\/cms.gebiom.group\/go-tec\/wp-content\/uploads\/sites\/2\/2022\/09\/GP_Bodystatus_Check_1-1024x682.jpg\",\"contentUrl\":\"https:\/\/cms.gebiom.group\/go-tec\/wp-content\/uploads\/sites\/2\/2022\/09\/GP_Bodystatus_Check_1-1024x682.jpg\"},{\"@type\":\"BreadcrumbList\",\"@id\":\"https:\/\/go-tec.de\/ja\/go-tec-system\/gp-bodystatus-check\/#breadcrumb\",\"itemListElement\":[{\"@type\":\"ListItem\",\"position\":1,\"name\":\"Startseite\",\"item\":\"https:\/\/go-tec.de\/\"},{\"@type\":\"ListItem\",\"position\":2,\"name\":\"go-tec System\",\"item\":\"https:\/\/go-tec.de\/ja\/go-tec-system\/\"},{\"@type\":\"ListItem\",\"position\":3,\"name\":\"GP Bodystatus Check\"}]},{\"@type\":\"WebSite\",\"@id\":\"https:\/\/go-tec.de\/en\/#website\",\"url\":\"https:\/\/go-tec.de\/en\/\",\"name\":\"\",\"description\":\"\",\"potentialAction\":[{\"@type\":\"SearchAction\",\"target\":{\"@type\":\"EntryPoint\",\"urlTemplate\":\"https:\/\/go-tec.de\/en\/?s={search_term_string}\"},\"query-input\":{\"@type\":\"PropertyValueSpecification\",\"valueRequired\":true,\"valueName\":\"search_term_string\"}}],\"inLanguage\":\"fr-FR\"}]}<\/script>\n<!-- \/ Yoast SEO plugin. -->","yoast_head_json":{"title":"GP Contr\u00f4le de l'\u00e9tat corporel -","robots":{"index":"index","follow":"follow","max-snippet":"max-snippet:-1","max-image-preview":"max-image-preview:large","max-video-preview":"max-video-preview:-1"},"canonical":"https:\/\/go-tec.de\/fr\/go-tec-system\/gp-bodystatus-check\/","og_locale":"fr_FR","og_type":"article","og_title":"GP Bodystatus Check -","og_description":"Kunden besser betreuen und Erfolge dokumentieren: mit GP Bodystatus Check. Mit unserer L\u00f6sung GP Bodystatus Check k\u00f6nnen Sie schnell und einfach eine umfassende digitale Anamnese durchf\u00fchren. Die modern und klar aufgebaute Oberfl\u00e4che ist auch f\u00fcr Touchscreens und mobile Endger\u00e4te optimiert. Anhand von \u00fcberwiegend visuell gestalteten Auswahlfeldern werden Sie durch den Abfrageprozess gef\u00fchrt. Starten Sie mit [&hellip;]","og_url":"https:\/\/go-tec.de\/fr\/go-tec-system\/gp-bodystatus-check\/","article_modified_time":"2023-06-15T17:38:59+00:00","og_image":[{"url":"https:\/\/cms.gebiom.group\/go-tec\/wp-content\/uploads\/sites\/2\/2022\/09\/GP_Bodystatus_Check_1-1024x682.jpg","type":"","width":"","height":""}],"twitter_card":"summary_large_image","twitter_misc":{"Dur\u00e9e de lecture estim\u00e9e":"1 minute"},"schema":{"@context":"https:\/\/schema.org","@graph":[{"@type":"WebPage","@id":"https:\/\/go-tec.de\/ja\/go-tec-system\/gp-bodystatus-check\/","url":"https:\/\/go-tec.de\/ja\/go-tec-system\/gp-bodystatus-check\/","name":"GP Contr\u00f4le de l'\u00e9tat corporel -","isPartOf":{"@id":"https:\/\/go-tec.de\/en\/#website"},"primaryImageOfPage":{"@id":"https:\/\/go-tec.de\/ja\/go-tec-system\/gp-bodystatus-check\/#primaryimage"},"image":{"@id":"https:\/\/go-tec.de\/ja\/go-tec-system\/gp-bodystatus-check\/#primaryimage"},"thumbnailUrl":"https:\/\/cms.gebiom.group\/go-tec\/wp-content\/uploads\/sites\/2\/2022\/09\/GP_Bodystatus_Check_1-1024x682.jpg","datePublished":"2022-09-16T08:39:05+00:00","dateModified":"2023-06-15T17:38:59+00:00","breadcrumb":{"@id":"https:\/\/go-tec.de\/ja\/go-tec-system\/gp-bodystatus-check\/#breadcrumb"},"inLanguage":"fr-FR","potentialAction":[{"@type":"ReadAction","target":["https:\/\/go-tec.de\/ja\/go-tec-system\/gp-bodystatus-check\/"]}]},{"@type":"ImageObject","inLanguage":"fr-FR","@id":"https:\/\/go-tec.de\/ja\/go-tec-system\/gp-bodystatus-check\/#primaryimage","url":"https:\/\/cms.gebiom.group\/go-tec\/wp-content\/uploads\/sites\/2\/2022\/09\/GP_Bodystatus_Check_1-1024x682.jpg","contentUrl":"https:\/\/cms.gebiom.group\/go-tec\/wp-content\/uploads\/sites\/2\/2022\/09\/GP_Bodystatus_Check_1-1024x682.jpg"},{"@type":"BreadcrumbList","@id":"https:\/\/go-tec.de\/ja\/go-tec-system\/gp-bodystatus-check\/#breadcrumb","itemListElement":[{"@type":"ListItem","position":1,"name":"Startseite","item":"https:\/\/go-tec.de\/"},{"@type":"ListItem","position":2,"name":"go-tec System","item":"https:\/\/go-tec.de\/ja\/go-tec-system\/"},{"@type":"ListItem","position":3,"name":"GP Bodystatus Check"}]},{"@type":"WebSite","@id":"https:\/\/go-tec.de\/en\/#website","url":"https:\/\/go-tec.de\/en\/","name":"","description":"","potentialAction":[{"@type":"SearchAction","target":{"@type":"EntryPoint","urlTemplate":"https:\/\/go-tec.de\/en\/?s={search_term_string}"},"query-input":{"@type":"PropertyValueSpecification","valueRequired":true,"valueName":"search_term_string"}}],"inLanguage":"fr-FR"}]}},"coauthors":[],"author_meta":{"author_link":"https:\/\/go-tec.de\/fr\/author\/mhorn\/","display_name":"MHorn"},"relative_dates":{"created":"Publi\u00e9 4 ans il y a","modified":"Mis \u00e0 jour 3 ans il y a"},"absolute_dates":{"created":"Publi\u00e9 le 16. septembre 2022","modified":"Mise \u00e0 jour le 15. juin 2023"},"absolute_dates_time":{"created":"Publi\u00e9 le 16. septembre 2022 10:39","modified":"Mise \u00e0 jour le 15. juin 2023 19:38"},"featured_img_caption":"","featured_img":false,"series_order":"","_links":{"self":[{"href":"https:\/\/go-tec.de\/fr\/wp-json\/wp\/v2\/pages\/226","targetHints":{"allow":["GET"]}}],"collection":[{"href":"https:\/\/go-tec.de\/fr\/wp-json\/wp\/v2\/pages"}],"about":[{"href":"https:\/\/go-tec.de\/fr\/wp-json\/wp\/v2\/types\/page"}],"author":[{"embeddable":true,"href":"https:\/\/go-tec.de\/fr\/wp-json\/wp\/v2\/users\/1"}],"replies":[{"embeddable":true,"href":"https:\/\/go-tec.de\/fr\/wp-json\/wp\/v2\/comments?post=226"}],"version-history":[{"count":9,"href":"https:\/\/go-tec.de\/fr\/wp-json\/wp\/v2\/pages\/226\/revisions"}],"predecessor-version":[{"id":436,"href":"https:\/\/go-tec.de\/fr\/wp-json\/wp\/v2\/pages\/226\/revisions\/436"}],"up":[{"embeddable":true,"href":"https:\/\/go-tec.de\/fr\/wp-json\/wp\/v2\/pages\/12"}],"wp:attachment":[{"href":"https:\/\/go-tec.de\/fr\/wp-json\/wp\/v2\/media?parent=226"}],"curies":[{"name":"wp","href":"https:\/\/api.w.org\/{rel}","templated":true}]}}