{"id":18,"date":"2022-09-13T12:18:29","date_gmt":"2022-09-13T10:18:29","guid":{"rendered":"https:\/\/cms.gebiom.group\/go-tec\/?page_id=18"},"modified":"2023-06-27T17:07:27","modified_gmt":"2023-06-27T15:07:27","slug":"wirtschaftliche-effizenz","status":"publish","type":"page","link":"https:\/\/go-tec.de\/fr\/wirtschaftliche-effizenz\/","title":{"rendered":"Efficacit\u00e9 \u00e9conomique"},"content":{"rendered":"<div class=\"wp-block-cover is-light\" style=\"min-height:100vh;aspect-ratio:unset;\"><span aria-hidden=\"true\" class=\"wp-block-cover__background has-background-dim-30 has-background-dim\"><\/span><video class=\"wp-block-cover__video-background intrinsic-ignore\" autoplay muted loop playsinline src=\"https:\/\/cms.gebiom.group\/go-tec\/wp-content\/uploads\/sites\/2\/2022\/09\/Hightech.mp4\" data-object-fit=\"cover\"><\/video><div class=\"wp-block-cover__inner-container is-layout-flow wp-block-cover-is-layout-flow\">\n<div class=\"wp-block-group is-layout-flow wp-block-group-is-layout-flow\">\n<h2 class=\"wp-block-heading has-text-align-center px-3 px-md-4 px-lg-5 animated fadeInUp has-white-color has-text-color advgb-dyn-f610b3e9\">LA COMP\u00c9TENCE AU SERVICE DE L'EFFICACIT\u00c9 ET DE LA RENTABILIT\u00c9<\/h2>\n<\/div>\n<\/div><\/div>\n\n\n\n<div class=\"wp-block-group mt-0 is-layout-flow wp-block-group-is-layout-flow advgb-dyn-f3c782a3\">\n<div class=\"wp-block-columns mt-0 gap-0 is-layout-flex wp-container-core-columns-is-layout-28f84493 wp-block-columns-is-layout-flex\">\n<div class=\"wp-block-column d-flex align-items-center has-blue-background-color has-background is-layout-flow wp-block-column-is-layout-flow\">\n<div class=\"wp-block-group py-5 px-3 px-md-4 px-lg-5 has-white-color has-text-color is-layout-constrained wp-container-core-group-is-layout-aae52aff wp-block-group-is-layout-constrained advgb-dyn-570ac0f0\">\n<h2 class=\"wp-block-heading animated fadeInUp advgb-dyn-7d86862b\">La comp\u00e9tence au service de l'efficacit\u00e9 et de la rentabilit\u00e9<\/h2>\n\n\n\n<p class=\"animated fadeInUp\">Nous ne pouvons r\u00e9ussir durablement que si nous contribuons de mani\u00e8re d\u00e9cisive \u00e0 votre succ\u00e8s. C'est pourquoi l'efficacit\u00e9 de votre travail est depuis toujours au centre de nos pr\u00e9occupations. Nos fraiseuses se caract\u00e9risent par une utilisation simple, une s\u00e9curit\u00e9 de travail \u00e9lev\u00e9e, une maintenance r\u00e9duite et des vitesses de production \u00e9lev\u00e9es pouvant atteindre 8 minutes par paire d'inserts. Les retouches minimales et un produit vert sont au centre des pr\u00e9occupations pour les inserts imprim\u00e9s.<\/p>\n<\/div>\n<\/div>\n\n\n\n<div class=\"wp-block-column is-layout-flow wp-block-column-is-layout-flow\">\n<div class=\"wp-block-cover is-light\" style=\"min-height:640px;aspect-ratio:unset;\"><span aria-hidden=\"true\" class=\"wp-block-cover__background has-background-dim-0 has-background-dim\"><\/span><img loading=\"lazy\" decoding=\"async\" width=\"2560\" height=\"1707\" class=\"wp-block-cover__image-background wp-image-572\" alt=\"Mike \" src=\"https:\/\/go-tec.de\/wp-content\/uploads\/sites\/2\/2023\/06\/MicrosoftTeams-image-82-scaled.jpg\" data-object-fit=\"cover\" srcset=\"https:\/\/go-tec.de\/wp-content\/uploads\/sites\/2\/2023\/06\/MicrosoftTeams-image-82-scaled.jpg 2560w, https:\/\/go-tec.de\/wp-content\/uploads\/sites\/2\/2023\/06\/MicrosoftTeams-image-82-300x200.jpg 300w, https:\/\/go-tec.de\/wp-content\/uploads\/sites\/2\/2023\/06\/MicrosoftTeams-image-82-1024x683.jpg 1024w, https:\/\/go-tec.de\/wp-content\/uploads\/sites\/2\/2023\/06\/MicrosoftTeams-image-82-768x512.jpg 768w, https:\/\/go-tec.de\/wp-content\/uploads\/sites\/2\/2023\/06\/MicrosoftTeams-image-82-1536x1024.jpg 1536w, https:\/\/go-tec.de\/wp-content\/uploads\/sites\/2\/2023\/06\/MicrosoftTeams-image-82-2048x1365.jpg 2048w\" sizes=\"auto, (max-width: 2560px) 100vw, 2560px\" \/><div class=\"wp-block-cover__inner-container is-layout-flow wp-block-cover-is-layout-flow\">\n<p class=\"has-text-align-center\"><\/p>\n<\/div><\/div>\n<\/div>\n<\/div>\n\n\n\n<div class=\"wp-block-group py-5 px-3 px-md-4 px-lg-5 is-layout-flow wp-block-group-is-layout-flow\">\n<div class=\"wp-block-group is-layout-constrained wp-container-core-group-is-layout-703bee88 wp-block-group-is-layout-constrained advgb-dyn-6bbbaf52\">\n<h2 class=\"wp-block-heading has-text-align-center animated fadeInUp advgb-dyn-1203c71a\" style=\"text-transform:uppercase\">Convient \u00e0 cela<\/h2>\n\n\n\n<p class=\"has-text-align-center animated fadeInUp has-blue-color has-text-color\"><a href=\"https:\/\/cms.gebiom.group\/go-tec\/go-tec-system\/\" data-type=\"page\" data-id=\"12\">Afficher tous les produits...<\/a><\/p>\n\n\n\n<div class=\"wp-block-columns my-4 is-layout-flex wp-container-core-columns-is-layout-28f84493 wp-block-columns-is-layout-flex\">\n<div class=\"wp-block-column animated fadeInUp is-layout-flow wp-block-column-is-layout-flow\">\n<div class=\"wp-block-group is-layout-flow wp-block-group-is-layout-flow advgb-dyn-ac567526\">\n<figure class=\"wp-block-image aligncenter size-full\"><img loading=\"lazy\" decoding=\"async\" width=\"250\" height=\"250\" src=\"https:\/\/cms.gebiom.group\/go-tec\/wp-content\/uploads\/sites\/2\/2022\/09\/h2_k5.jpg\" alt=\"\" class=\"wp-image-188\" srcset=\"https:\/\/go-tec.de\/wp-content\/uploads\/sites\/2\/2022\/09\/h2_k5.jpg 250w, https:\/\/go-tec.de\/wp-content\/uploads\/sites\/2\/2022\/09\/h2_k5-150x150.jpg 150w\" sizes=\"auto, (max-width: 250px) 100vw, 250px\" \/><\/figure>\n\n\n\n<p class=\"has-text-align-center\">GP M253<\/p>\n<\/div>\n<\/div>\n\n\n\n<div class=\"wp-block-column animated fadeInUp delay-100ms is-layout-flow wp-block-column-is-layout-flow\">\n<div class=\"wp-block-group is-layout-flow wp-block-group-is-layout-flow advgb-dyn-ac567526\">\n<figure class=\"wp-block-image aligncenter size-full\"><img loading=\"lazy\" decoding=\"async\" width=\"250\" height=\"250\" src=\"https:\/\/cms.gebiom.group\/go-tec\/wp-content\/uploads\/sites\/2\/2022\/09\/h2_k6.jpg\" alt=\"\" class=\"wp-image-189\" srcset=\"https:\/\/go-tec.de\/wp-content\/uploads\/sites\/2\/2022\/09\/h2_k6.jpg 250w, https:\/\/go-tec.de\/wp-content\/uploads\/sites\/2\/2022\/09\/h2_k6-150x150.jpg 150w\" sizes=\"auto, (max-width: 250px) 100vw, 250px\" \/><\/figure>\n\n\n\n<p class=\"has-text-align-center\">GP M320<\/p>\n<\/div>\n<\/div>\n\n\n\n<div class=\"wp-block-column animated fadeInUp delay-200ms is-layout-flow wp-block-column-is-layout-flow\">\n<div class=\"wp-block-group is-layout-flow wp-block-group-is-layout-flow advgb-dyn-ac567526\">\n<figure class=\"wp-block-image aligncenter size-full\"><a href=\"https:\/\/cms.gebiom.group\/go-tec\/go-tec-system\/gp-m451\/\"><img loading=\"lazy\" decoding=\"async\" width=\"250\" height=\"250\" src=\"https:\/\/cms.gebiom.group\/go-tec\/wp-content\/uploads\/sites\/2\/2022\/09\/h2_k7.jpg\" alt=\"\" class=\"wp-image-190\" srcset=\"https:\/\/go-tec.de\/wp-content\/uploads\/sites\/2\/2022\/09\/h2_k7.jpg 250w, https:\/\/go-tec.de\/wp-content\/uploads\/sites\/2\/2022\/09\/h2_k7-150x150.jpg 150w\" sizes=\"auto, (max-width: 250px) 100vw, 250px\" \/><\/a><\/figure>\n\n\n\n<p class=\"has-text-align-center\"><a href=\"https:\/\/cms.gebiom.group\/go-tec\/go-tec-system\/gp-m451\/\" class=\"ek-link\">GP M451<\/a><\/p>\n<\/div>\n<\/div>\n\n\n\n<div class=\"wp-block-column animated fadeInUp delay-300ms is-layout-flow wp-block-column-is-layout-flow\">\n<div class=\"wp-block-group is-layout-flow wp-block-group-is-layout-flow advgb-dyn-ac567526\">\n<figure class=\"wp-block-image aligncenter size-full\"><a href=\"https:\/\/cms.gebiom.group\/go-tec\/go-tec-system\/gp-m401-401-xxl\/\"><img loading=\"lazy\" decoding=\"async\" width=\"250\" height=\"250\" src=\"https:\/\/cms.gebiom.group\/go-tec\/wp-content\/uploads\/sites\/2\/2022\/09\/h2_k8.jpg\" alt=\"\" class=\"wp-image-191\" srcset=\"https:\/\/go-tec.de\/wp-content\/uploads\/sites\/2\/2022\/09\/h2_k8.jpg 250w, https:\/\/go-tec.de\/wp-content\/uploads\/sites\/2\/2022\/09\/h2_k8-150x150.jpg 150w\" sizes=\"auto, (max-width: 250px) 100vw, 250px\" \/><\/a><\/figure>\n\n\n\n<p class=\"has-text-align-center\"><a href=\"https:\/\/cms.gebiom.group\/go-tec\/go-tec-system\/gp-m401-401-xxl\/\" class=\"ek-link\">GP M401\/401xxl<\/a><\/p>\n<\/div>\n<\/div>\n<\/div>\n<\/div>\n<\/div>\n<\/div>\n\n\n\n<div class=\"wp-block-group mt-0 is-layout-flow wp-block-group-is-layout-flow advgb-dyn-f3c782a3\">\n<div class=\"wp-block-columns mt-0 gap-0 is-layout-flex wp-container-core-columns-is-layout-28f84493 wp-block-columns-is-layout-flex\">\n<div class=\"wp-block-column is-layout-flow wp-block-column-is-layout-flow\">\n<div class=\"wp-block-cover is-light\" style=\"min-height:640px;aspect-ratio:unset;\"><span aria-hidden=\"true\" class=\"wp-block-cover__background has-background-dim-0 has-background-dim\"><\/span><img loading=\"lazy\" decoding=\"async\" width=\"2000\" height=\"1333\" class=\"wp-block-cover__image-background wp-image-196\" alt=\"\" src=\"https:\/\/cms.gebiom.group\/go-tec\/wp-content\/uploads\/sites\/2\/2022\/09\/Austausch.jpg\" data-object-fit=\"cover\" srcset=\"https:\/\/go-tec.de\/wp-content\/uploads\/sites\/2\/2022\/09\/Austausch.jpg 2000w, https:\/\/go-tec.de\/wp-content\/uploads\/sites\/2\/2022\/09\/Austausch-300x200.jpg 300w, https:\/\/go-tec.de\/wp-content\/uploads\/sites\/2\/2022\/09\/Austausch-1024x682.jpg 1024w, https:\/\/go-tec.de\/wp-content\/uploads\/sites\/2\/2022\/09\/Austausch-768x512.jpg 768w, https:\/\/go-tec.de\/wp-content\/uploads\/sites\/2\/2022\/09\/Austausch-1536x1024.jpg 1536w\" sizes=\"auto, (max-width: 2000px) 100vw, 2000px\" \/><div class=\"wp-block-cover__inner-container is-layout-flow wp-block-cover-is-layout-flow\">\n<p class=\"has-text-align-center\"><\/p>\n<\/div><\/div>\n<\/div>\n\n\n\n<div class=\"wp-block-column d-flex align-items-center has-blue-background-color has-background is-layout-flow wp-block-column-is-layout-flow\">\n<div class=\"wp-block-group py-5 px-3 px-md-4 px-lg-5 has-white-color has-text-color is-layout-constrained wp-container-core-group-is-layout-aae52aff wp-block-group-is-layout-constrained advgb-dyn-570ac0f0\">\n<h2 class=\"wp-block-heading animated fadeInUp advgb-dyn-97b9097d\">Nous nous consid\u00e9rons comme votre partenaire de confiance !<\/h2>\n\n\n\n<p class=\"animated fadeInUp\">Lors du d\u00e9veloppement et de l'am\u00e9lioration de nos produits, nous puisons sans cesse dans le tr\u00e9sor d'exp\u00e9riences qui ne cesse de s'accro\u00eetre et qui r\u00e9sulte du dialogue avec vous. Vous sugg\u00e9rez, nous mettons en \u0153uvre - nous posons des questions, vous nous aidez \u00e0 nous am\u00e9liorer. Il en r\u00e9sulte un partenariat qui vous apporte efficacit\u00e9 et rentabilit\u00e9 de mani\u00e8re fiable.<\/p>\n<\/div>\n<\/div>\n<\/div>\n\n\n\n<div class=\"wp-block-group py-5 px-3 px-md-4 px-lg-5 is-layout-flow wp-block-group-is-layout-flow\">\n<div class=\"wp-block-group is-layout-constrained wp-container-core-group-is-layout-703bee88 wp-block-group-is-layout-constrained advgb-dyn-6bbbaf52\">\n<h2 class=\"wp-block-heading has-text-align-center animated fadeInUp advgb-dyn-1203c71a\" style=\"text-transform:uppercase\">Convient \u00e0 cela<\/h2>\n\n\n\n<p class=\"has-text-align-center animated fadeInUp has-blue-color has-text-color\"><a href=\"https:\/\/cms.gebiom.group\/go-tec\/go-tec-system\/\" data-type=\"page\" data-id=\"12\">Afficher tous les produits...<\/a><\/p>\n\n\n\n<div class=\"wp-block-columns my-4 is-layout-flex wp-container-core-columns-is-layout-28f84493 wp-block-columns-is-layout-flex\">\n<div class=\"wp-block-column animated fadeInUp is-layout-flow wp-block-column-is-layout-flow\">\n<div class=\"wp-block-group is-layout-flow wp-block-group-is-layout-flow advgb-dyn-ac567526\">\n<figure class=\"wp-block-image aligncenter size-full\"><img loading=\"lazy\" decoding=\"async\" width=\"250\" height=\"250\" src=\"https:\/\/cms.gebiom.group\/go-tec\/wp-content\/uploads\/sites\/2\/2022\/09\/h3_k5.jpg\" alt=\"\" class=\"wp-image-197\" srcset=\"https:\/\/go-tec.de\/wp-content\/uploads\/sites\/2\/2022\/09\/h3_k5.jpg 250w, https:\/\/go-tec.de\/wp-content\/uploads\/sites\/2\/2022\/09\/h3_k5-150x150.jpg 150w\" sizes=\"auto, (max-width: 250px) 100vw, 250px\" \/><\/figure>\n\n\n\n<p class=\"has-text-align-center\">Formations<\/p>\n<\/div>\n<\/div>\n\n\n\n<div class=\"wp-block-column animated fadeInUp delay-100ms is-layout-flow wp-block-column-is-layout-flow\">\n<div class=\"wp-block-group is-layout-flow wp-block-group-is-layout-flow advgb-dyn-ac567526\">\n<figure class=\"wp-block-image aligncenter size-full\"><img loading=\"lazy\" decoding=\"async\" width=\"250\" height=\"250\" src=\"https:\/\/cms.gebiom.group\/go-tec\/wp-content\/uploads\/sites\/2\/2022\/09\/h3_k6.jpg\" alt=\"\" class=\"wp-image-198\" srcset=\"https:\/\/go-tec.de\/wp-content\/uploads\/sites\/2\/2022\/09\/h3_k6.jpg 250w, https:\/\/go-tec.de\/wp-content\/uploads\/sites\/2\/2022\/09\/h3_k6-150x150.jpg 150w\" sizes=\"auto, (max-width: 250px) 100vw, 250px\" \/><\/figure>\n\n\n\n<p class=\"has-text-align-center\">Mise en r\u00e9seau<\/p>\n<\/div>\n<\/div>\n\n\n\n<div class=\"wp-block-column animated fadeInUp delay-200ms is-layout-flow wp-block-column-is-layout-flow\">\n<div class=\"wp-block-group is-layout-flow wp-block-group-is-layout-flow advgb-dyn-ac567526\">\n<figure class=\"wp-block-image aligncenter size-full\"><img loading=\"lazy\" decoding=\"async\" width=\"250\" height=\"250\" src=\"https:\/\/cms.gebiom.group\/go-tec\/wp-content\/uploads\/sites\/2\/2022\/09\/h3_k7.jpg\" alt=\"\" class=\"wp-image-199\" srcset=\"https:\/\/go-tec.de\/wp-content\/uploads\/sites\/2\/2022\/09\/h3_k7.jpg 250w, https:\/\/go-tec.de\/wp-content\/uploads\/sites\/2\/2022\/09\/h3_k7-150x150.jpg 150w\" sizes=\"auto, (max-width: 250px) 100vw, 250px\" \/><\/figure>\n\n\n\n<p class=\"has-text-align-center\">Support<\/p>\n<\/div>\n<\/div>\n\n\n\n<div class=\"wp-block-column animated fadeInUp delay-300ms is-layout-flow wp-block-column-is-layout-flow\"><\/div>\n<\/div>\n<\/div>\n<\/div>\n<\/div>\n\n\n\n<div class=\"wp-block-group px-3 px-md-4 px-lg-5 contact-section has-white-color has-blue-background-color has-text-color has-background is-layout-constrained wp-container-core-group-is-layout-6e20cf48 wp-block-group-is-layout-constrained advgb-dyn-2eccdb19\">\n<div class=\"wp-block-columns py-5 is-layout-flex wp-container-core-columns-is-layout-28f84493 wp-block-columns-is-layout-flex\">\n<div class=\"wp-block-column animated fadeInLeft is-layout-flow wp-block-column-is-layout-flow\" style=\"flex-basis:66.66%\">\n<h3 class=\"wp-block-heading advgb-dyn-b31c1e16\">Nous nous ferons un plaisir de vous conseiller personnellement !<\/h3>\n\n\n\n<p>Nous vous rappellerons dans les meilleurs d\u00e9lais ! <\/p>\n<\/div>\n\n\n\n<div class=\"wp-block-column is-vertically-aligned-center animated fadeInRight is-layout-flow wp-block-column-is-layout-flow\" style=\"flex-basis:33.33%\">\n<div class=\"wp-block-buttons animated fadeInUp mb-5 is-content-justification-center is-layout-flex wp-container-core-buttons-is-layout-a89b3969 wp-block-buttons-is-layout-flex\">\n<div class=\"wp-block-button is-style-fill advgb-dyn-3db009d7\"><a class=\"wp-block-button__link has-white-color has-green-background-color has-text-color has-background wp-element-button\" href=\"https:\/\/go-tec.de\/fr\/kontaktsales\/\" style=\"border-radius:5px\">Vers la demande de contact<\/a><\/div>\n<\/div>\n<\/div>\n<\/div>\n<\/div>","protected":false},"excerpt":{"rendered":"<p>Kompetenz f\u00fcr Effizienz und Wirtschaftlichkeit Wir sind nur dann nachhaltig erfolgreich, wenn wir entscheidend zu Ihrem Erfolg beitragen. Ihre Arbeitseffizienz steht bei uns deshalb seit jeher im Fokus unserer Arbeit. Einfache Bedienung, hohe Arbeitssicherheit, reduzierter Wartungsaufwand und hohe Produktionsgeschwindigkeiten von bis zu 8 Minuten pro Einlagenpaar zeichnen unsere Fr\u00e4sen aus. Minimalste Nacharbeit und ein gr\u00fcnes [&hellip;]<\/p>\n","protected":false},"author":1,"featured_media":0,"parent":0,"menu_order":0,"comment_status":"closed","ping_status":"closed","template":"","meta":{"inline_featured_image":false,"advgb_blocks_editor_width":"","advgb_blocks_columns_visual_guide":"","footnotes":""},"class_list":["post-18","page","type-page","status-publish","hentry"],"yoast_head":"<!-- This site is optimized with the Yoast SEO plugin v27.2 - https:\/\/yoast.com\/product\/yoast-seo-wordpress\/ -->\n<title>Wirtschaftliche Effizenz<\/title>\n<meta name=\"description\" content=\"Wir sind nur dann nachhaltig erfolgreich, wenn wir entscheidend zu Ihrem Erfolg beitragen.\" \/>\n<meta name=\"robots\" content=\"index, follow, max-snippet:-1, max-image-preview:large, max-video-preview:-1\" \/>\n<link rel=\"canonical\" href=\"https:\/\/go-tec.de\/fr\/wirtschaftliche-effizenz\/\" \/>\n<meta property=\"og:locale\" content=\"fr_FR\" \/>\n<meta property=\"og:type\" content=\"article\" \/>\n<meta property=\"og:title\" content=\"Wirtschaftliche Effizenz\" \/>\n<meta property=\"og:description\" content=\"Wir sind nur dann nachhaltig erfolgreich, wenn wir entscheidend zu Ihrem Erfolg beitragen.\" \/>\n<meta property=\"og:url\" content=\"https:\/\/go-tec.de\/fr\/wirtschaftliche-effizenz\/\" \/>\n<meta property=\"article:modified_time\" content=\"2023-06-27T15:07:27+00:00\" \/>\n<meta property=\"og:image\" content=\"https:\/\/go-tec.de\/wp-content\/uploads\/sites\/2\/2023\/06\/MicrosoftTeams-image-82-scaled.jpg\" \/>\n<meta name=\"twitter:card\" content=\"summary_large_image\" \/>\n<meta name=\"twitter:label1\" content=\"Dur\u00e9e de lecture estim\u00e9e\" \/>\n\t<meta name=\"twitter:data1\" content=\"3 minutes\" \/>\n<script type=\"application\/ld+json\" class=\"yoast-schema-graph\">{\"@context\":\"https:\/\/schema.org\",\"@graph\":[{\"@type\":\"WebPage\",\"@id\":\"https:\/\/go-tec.de\/ja\/wirtschaftliche-effizenz\/\",\"url\":\"https:\/\/go-tec.de\/ja\/wirtschaftliche-effizenz\/\",\"name\":\"Wirtschaftliche Effizenz\",\"isPartOf\":{\"@id\":\"https:\/\/go-tec.de\/en\/#website\"},\"primaryImageOfPage\":{\"@id\":\"https:\/\/go-tec.de\/ja\/wirtschaftliche-effizenz\/#primaryimage\"},\"image\":{\"@id\":\"https:\/\/go-tec.de\/ja\/wirtschaftliche-effizenz\/#primaryimage\"},\"thumbnailUrl\":\"https:\/\/go-tec.de\/wp-content\/uploads\/sites\/2\/2023\/06\/MicrosoftTeams-image-82-scaled.jpg\",\"datePublished\":\"2022-09-13T10:18:29+00:00\",\"dateModified\":\"2023-06-27T15:07:27+00:00\",\"description\":\"Wir sind nur dann nachhaltig erfolgreich, wenn wir entscheidend zu Ihrem Erfolg beitragen.\",\"breadcrumb\":{\"@id\":\"https:\/\/go-tec.de\/ja\/wirtschaftliche-effizenz\/#breadcrumb\"},\"inLanguage\":\"fr-FR\",\"potentialAction\":[{\"@type\":\"ReadAction\",\"target\":[\"https:\/\/go-tec.de\/ja\/wirtschaftliche-effizenz\/\"]}]},{\"@type\":\"ImageObject\",\"inLanguage\":\"fr-FR\",\"@id\":\"https:\/\/go-tec.de\/ja\/wirtschaftliche-effizenz\/#primaryimage\",\"url\":\"https:\/\/go-tec.de\/wp-content\/uploads\/sites\/2\/2023\/06\/MicrosoftTeams-image-82-scaled.jpg\",\"contentUrl\":\"https:\/\/go-tec.de\/wp-content\/uploads\/sites\/2\/2023\/06\/MicrosoftTeams-image-82-scaled.jpg\"},{\"@type\":\"BreadcrumbList\",\"@id\":\"https:\/\/go-tec.de\/ja\/wirtschaftliche-effizenz\/#breadcrumb\",\"itemListElement\":[{\"@type\":\"ListItem\",\"position\":1,\"name\":\"Startseite\",\"item\":\"https:\/\/go-tec.de\/\"},{\"@type\":\"ListItem\",\"position\":2,\"name\":\"Wirtschaftliche Effizenz\"}]},{\"@type\":\"WebSite\",\"@id\":\"https:\/\/go-tec.de\/en\/#website\",\"url\":\"https:\/\/go-tec.de\/en\/\",\"name\":\"\",\"description\":\"\",\"potentialAction\":[{\"@type\":\"SearchAction\",\"target\":{\"@type\":\"EntryPoint\",\"urlTemplate\":\"https:\/\/go-tec.de\/en\/?s={search_term_string}\"},\"query-input\":{\"@type\":\"PropertyValueSpecification\",\"valueRequired\":true,\"valueName\":\"search_term_string\"}}],\"inLanguage\":\"fr-FR\"}]}<\/script>\n<!-- \/ Yoast SEO plugin. -->","yoast_head_json":{"title":"Efficacit\u00e9 \u00e9conomique","description":"Nous ne pouvons r\u00e9ussir durablement que si nous contribuons de mani\u00e8re d\u00e9cisive \u00e0 votre succ\u00e8s.","robots":{"index":"index","follow":"follow","max-snippet":"max-snippet:-1","max-image-preview":"max-image-preview:large","max-video-preview":"max-video-preview:-1"},"canonical":"https:\/\/go-tec.de\/fr\/wirtschaftliche-effizenz\/","og_locale":"fr_FR","og_type":"article","og_title":"Wirtschaftliche Effizenz","og_description":"Wir sind nur dann nachhaltig erfolgreich, wenn wir entscheidend zu Ihrem Erfolg beitragen.","og_url":"https:\/\/go-tec.de\/fr\/wirtschaftliche-effizenz\/","article_modified_time":"2023-06-27T15:07:27+00:00","og_image":[{"url":"https:\/\/go-tec.de\/wp-content\/uploads\/sites\/2\/2023\/06\/MicrosoftTeams-image-82-scaled.jpg","type":"","width":"","height":""}],"twitter_card":"summary_large_image","twitter_misc":{"Dur\u00e9e de lecture estim\u00e9e":"3 minutes"},"schema":{"@context":"https:\/\/schema.org","@graph":[{"@type":"WebPage","@id":"https:\/\/go-tec.de\/ja\/wirtschaftliche-effizenz\/","url":"https:\/\/go-tec.de\/ja\/wirtschaftliche-effizenz\/","name":"Efficacit\u00e9 \u00e9conomique","isPartOf":{"@id":"https:\/\/go-tec.de\/en\/#website"},"primaryImageOfPage":{"@id":"https:\/\/go-tec.de\/ja\/wirtschaftliche-effizenz\/#primaryimage"},"image":{"@id":"https:\/\/go-tec.de\/ja\/wirtschaftliche-effizenz\/#primaryimage"},"thumbnailUrl":"https:\/\/go-tec.de\/wp-content\/uploads\/sites\/2\/2023\/06\/MicrosoftTeams-image-82-scaled.jpg","datePublished":"2022-09-13T10:18:29+00:00","dateModified":"2023-06-27T15:07:27+00:00","description":"Nous ne pouvons r\u00e9ussir durablement que si nous contribuons de mani\u00e8re d\u00e9cisive \u00e0 votre succ\u00e8s.","breadcrumb":{"@id":"https:\/\/go-tec.de\/ja\/wirtschaftliche-effizenz\/#breadcrumb"},"inLanguage":"fr-FR","potentialAction":[{"@type":"ReadAction","target":["https:\/\/go-tec.de\/ja\/wirtschaftliche-effizenz\/"]}]},{"@type":"ImageObject","inLanguage":"fr-FR","@id":"https:\/\/go-tec.de\/ja\/wirtschaftliche-effizenz\/#primaryimage","url":"https:\/\/go-tec.de\/wp-content\/uploads\/sites\/2\/2023\/06\/MicrosoftTeams-image-82-scaled.jpg","contentUrl":"https:\/\/go-tec.de\/wp-content\/uploads\/sites\/2\/2023\/06\/MicrosoftTeams-image-82-scaled.jpg"},{"@type":"BreadcrumbList","@id":"https:\/\/go-tec.de\/ja\/wirtschaftliche-effizenz\/#breadcrumb","itemListElement":[{"@type":"ListItem","position":1,"name":"Startseite","item":"https:\/\/go-tec.de\/"},{"@type":"ListItem","position":2,"name":"Wirtschaftliche Effizenz"}]},{"@type":"WebSite","@id":"https:\/\/go-tec.de\/en\/#website","url":"https:\/\/go-tec.de\/en\/","name":"","description":"","potentialAction":[{"@type":"SearchAction","target":{"@type":"EntryPoint","urlTemplate":"https:\/\/go-tec.de\/en\/?s={search_term_string}"},"query-input":{"@type":"PropertyValueSpecification","valueRequired":true,"valueName":"search_term_string"}}],"inLanguage":"fr-FR"}]}},"coauthors":[],"author_meta":{"author_link":"https:\/\/go-tec.de\/fr\/author\/mhorn\/","display_name":"MHorn"},"relative_dates":{"created":"Publi\u00e9 4 ans il y a","modified":"Mis \u00e0 jour 3 ans il y a"},"absolute_dates":{"created":"Publi\u00e9 le 13. septembre 2022","modified":"Mise \u00e0 jour le 27. juin 2023"},"absolute_dates_time":{"created":"Publi\u00e9 le 13. septembre 2022 12:18","modified":"Mise \u00e0 jour le 27. juin 2023 17:07"},"featured_img_caption":"","featured_img":false,"series_order":"","_links":{"self":[{"href":"https:\/\/go-tec.de\/fr\/wp-json\/wp\/v2\/pages\/18","targetHints":{"allow":["GET"]}}],"collection":[{"href":"https:\/\/go-tec.de\/fr\/wp-json\/wp\/v2\/pages"}],"about":[{"href":"https:\/\/go-tec.de\/fr\/wp-json\/wp\/v2\/types\/page"}],"author":[{"embeddable":true,"href":"https:\/\/go-tec.de\/fr\/wp-json\/wp\/v2\/users\/1"}],"replies":[{"embeddable":true,"href":"https:\/\/go-tec.de\/fr\/wp-json\/wp\/v2\/comments?post=18"}],"version-history":[{"count":9,"href":"https:\/\/go-tec.de\/fr\/wp-json\/wp\/v2\/pages\/18\/revisions"}],"predecessor-version":[{"id":644,"href":"https:\/\/go-tec.de\/fr\/wp-json\/wp\/v2\/pages\/18\/revisions\/644"}],"wp:attachment":[{"href":"https:\/\/go-tec.de\/fr\/wp-json\/wp\/v2\/media?parent=18"}],"curies":[{"name":"wp","href":"https:\/\/api.w.org\/{rel}","templated":true}]}}