{"id":1127,"date":"2025-12-01T12:08:24","date_gmt":"2025-12-01T11:08:24","guid":{"rendered":"https:\/\/go-tec.de\/?page_id=1127"},"modified":"2025-12-17T11:14:06","modified_gmt":"2025-12-17T10:14:06","slug":"cubix","status":"publish","type":"page","link":"https:\/\/go-tec.de\/fr\/go-tec-system\/cubix\/","title":{"rendered":"CUBIX"},"content":{"rendered":"<div class=\"wp-block-cover is-light\" style=\"min-height:70vh;aspect-ratio:unset;\"><img loading=\"lazy\" decoding=\"async\" width=\"1182\" height=\"382\" class=\"wp-block-cover__image-background wp-image-1134\" alt=\"\" src=\"https:\/\/go-tec.de\/wp-content\/uploads\/sites\/2\/2025\/12\/cubix-einlagen_insoles_go-tec_muenster.png\" data-object-fit=\"cover\" srcset=\"https:\/\/go-tec.de\/wp-content\/uploads\/sites\/2\/2025\/12\/cubix-einlagen_insoles_go-tec_muenster.png 1182w, https:\/\/go-tec.de\/wp-content\/uploads\/sites\/2\/2025\/12\/cubix-einlagen_insoles_go-tec_muenster-300x97.png 300w, https:\/\/go-tec.de\/wp-content\/uploads\/sites\/2\/2025\/12\/cubix-einlagen_insoles_go-tec_muenster-1024x331.png 1024w, https:\/\/go-tec.de\/wp-content\/uploads\/sites\/2\/2025\/12\/cubix-einlagen_insoles_go-tec_muenster-768x248.png 768w, https:\/\/go-tec.de\/wp-content\/uploads\/sites\/2\/2025\/12\/cubix-einlagen_insoles_go-tec_muenster-18x6.png 18w\" sizes=\"auto, (max-width: 1182px) 100vw, 1182px\" \/><span aria-hidden=\"true\" class=\"wp-block-cover__background has-background-dim-30 has-background-dim\" style=\"background-color:#cbcfd4\"><\/span><div class=\"wp-block-cover__inner-container is-layout-flow wp-block-cover-is-layout-flow\">\n<div class=\"wp-block-group is-layout-flow wp-block-group-is-layout-flow\">\n<h2 class=\"wp-block-heading has-text-align-center px-3 px-md-4 px-lg-5 animated fadeInUp has-white-color has-text-color\">CUBIX<\/h2>\n<\/div>\n<\/div><\/div>\n\n\n\n<p class=\"has-text-align-center\"><\/p>\n\n\n\n<div class=\"wp-block-group py-5 px-3 px-md-4 px-lg-5 has-darkgrey-color has-text-color is-layout-flow wp-block-group-is-layout-flow\">\n<div class=\"wp-block-group is-layout-constrained wp-container-core-group-is-layout-703bee88 wp-block-group-is-layout-constrained\">\n<h1 class=\"wp-block-heading has-text-align-center animated fadeInUp\">CUBIX - La solution d'impression 3D flexible pour des semelles personnalis\u00e9es<\/h1>\n\n\n\n<p><\/p>\n\n\n\n<p>Le site <strong>Syst\u00e8me CUBIX<\/strong> est synonyme de fabrication num\u00e9rique de semelles orthop\u00e9diques directement sur place, orient\u00e9e vers l'avenir, et permet aux artisans orthop\u00e9distes et aux magasins de mat\u00e9riel m\u00e9dical de r\u00e9aliser une <strong>une production pr\u00e9cise, propre et \u00e9conomique<\/strong>. Avec les deux mod\u00e8les d'imprimantes <strong>CUBIX Lite<\/strong> et <strong>CUBIX Pro<\/strong> un syst\u00e8me flexible qui peut \u00eatre utilis\u00e9 <strong>Soins de confort et de qualit\u00e9 sup\u00e9rieure<\/strong> id\u00e9al pour une prise en charge moderne et r\u00e9gionale des patients.<\/p>\n\n\n\n<p><\/p>\n\n\n\n<div class=\"wp-block-columns py-5 is-layout-flex wp-container-core-columns-is-layout-28f84493 wp-block-columns-is-layout-flex\">\n<div class=\"wp-block-column px-3 px-md-4 px-lg-5 is-layout-flow wp-block-column-is-layout-flow\">\n<figure class=\"wp-block-image size-full\"><img loading=\"lazy\" decoding=\"async\" width=\"940\" height=\"788\" src=\"https:\/\/go-tec.de\/wp-content\/uploads\/sites\/2\/2025\/12\/cubix_pro_3d_drucker_einlagen.png\" alt=\"\" class=\"wp-image-1130\" srcset=\"https:\/\/go-tec.de\/wp-content\/uploads\/sites\/2\/2025\/12\/cubix_pro_3d_drucker_einlagen.png 940w, https:\/\/go-tec.de\/wp-content\/uploads\/sites\/2\/2025\/12\/cubix_pro_3d_drucker_einlagen-300x251.png 300w, https:\/\/go-tec.de\/wp-content\/uploads\/sites\/2\/2025\/12\/cubix_pro_3d_drucker_einlagen-768x644.png 768w, https:\/\/go-tec.de\/wp-content\/uploads\/sites\/2\/2025\/12\/cubix_pro_3d_drucker_einlagen-14x12.png 14w\" sizes=\"auto, (max-width: 940px) 100vw, 940px\" \/><\/figure>\n<\/div>\n\n\n\n<div class=\"wp-block-column px-3 px-md-4 px-lg-5 ek-linked-block is-layout-flow wp-block-column-is-layout-flow\">\n<h2 class=\"wp-block-heading animated fadeInUp has-blue-color has-text-color\">CUBIX PRO<\/h2>\n\n\n\n<ul class=\"wp-block-list animated fadeInUp\">\n<li>La semelle premium pour les plus hautes exigences<\/li>\n\n\n\n<li>R\u00e9glage continu de la duret\u00e9 : 20-79 Shore<\/li>\n\n\n\n<li>Ajustement pr\u00e9cis des zones : configurable individuellement<\/li>\n\n\n\n<li>Convient parfaitement pour : PG31 et PG08<\/li>\n\n\n\n<li>Id\u00e9al pour : Soins du diab\u00e8te et lits<\/li>\n\n\n\n<li>imprimer en rupture et avec structure de soutien<\/li>\n\n\n\n<li>temps d'impression d'environ 6 heures par paire<\/li>\n\n\n\n<li>Sortie en 24 heures : 4 paires<\/li>\n<\/ul>\n\n\n\n<div class=\"wp-block-buttons is-layout-flex wp-block-buttons-is-layout-flex\">\n<div class=\"wp-block-button is-style-outline is-style-outline--1\"><a class=\"wp-block-button__link has-blue-color has-text-color has-link-color wp-element-button\" href=\"http:\/\/go-tec.de\/wp-content\/uploads\/sites\/2\/2025\/12\/Datenblatt_CUBIX_Pro_24-7_DE.pdf\" style=\"border-radius:5px\">Fiche technique PRO <\/a><\/div>\n\n\n\n<div class=\"wp-block-button is-style-outline is-style-outline--2\"><a class=\"wp-block-button__link has-blue-color has-text-color has-link-color wp-element-button\" href=\"http:\/\/go-tec.de\/wp-content\/uploads\/sites\/2\/2025\/12\/Datenblatt_CUBIX_Pro_24-7_EN.pdf\" style=\"border-radius:5px\" target=\"_blank\" rel=\"noreferrer noopener\">Fiche technique PRO <\/a><\/div>\n<\/div>\n<\/div>\n<\/div>\n\n\n\n<div class=\"wp-block-columns py-5 is-layout-flex wp-container-core-columns-is-layout-28f84493 wp-block-columns-is-layout-flex\">\n<div class=\"wp-block-column px-3 px-md-4 px-lg-5 is-layout-flow wp-block-column-is-layout-flow\">\n<figure class=\"wp-block-image size-full\"><img loading=\"lazy\" decoding=\"async\" width=\"940\" height=\"788\" src=\"https:\/\/go-tec.de\/wp-content\/uploads\/sites\/2\/2025\/12\/cubix_lite_3d_drucker_einlagen.png\" alt=\"\" class=\"wp-image-1131\" srcset=\"https:\/\/go-tec.de\/wp-content\/uploads\/sites\/2\/2025\/12\/cubix_lite_3d_drucker_einlagen.png 940w, https:\/\/go-tec.de\/wp-content\/uploads\/sites\/2\/2025\/12\/cubix_lite_3d_drucker_einlagen-300x251.png 300w, https:\/\/go-tec.de\/wp-content\/uploads\/sites\/2\/2025\/12\/cubix_lite_3d_drucker_einlagen-768x644.png 768w, https:\/\/go-tec.de\/wp-content\/uploads\/sites\/2\/2025\/12\/cubix_lite_3d_drucker_einlagen-14x12.png 14w\" sizes=\"auto, (max-width: 940px) 100vw, 940px\" \/><\/figure>\n<\/div>\n\n\n\n<div class=\"wp-block-column px-3 px-md-4 px-lg-5 ek-linked-block is-layout-flow wp-block-column-is-layout-flow\">\n<h2 class=\"wp-block-heading animated fadeInUp has-blue-color has-text-color\">CUBIX LITE<\/h2>\n\n\n\n<ul class=\"wp-block-list animated fadeInUp\">\n<li>Le parfait allrounder dans le segment de prix moyen<\/li>\n\n\n\n<li>Ajustements individuels, par ex. rembourrage de l'avant-pied, pelote<\/li>\n\n\n\n<li>degr\u00e9 de duret\u00e9 r\u00e9glable en continu : souple, moyen, dur\n<ul class=\"wp-block-list\">\n<li>souple : 30-35 Shore<\/li>\n\n\n\n<li>moyen : 40-45 Shore<\/li>\n\n\n\n<li>dur : 60 Shore<\/li>\n<\/ul>\n<\/li>\n\n\n\n<li>temps d'impression rapide\n<ul class=\"wp-block-list\">\n<li>env. 3 heures par couple<\/li>\n\n\n\n<li>8 paires par jour<\/li>\n<\/ul>\n<\/li>\n\n\n\n<li>Gradation - sans bords<\/li>\n\n\n\n<li>Structure de soutien pour les semelles int\u00e9rieures rondes \/ les dynamitages<\/li>\n<\/ul>\n\n\n\n<div class=\"wp-block-buttons is-layout-flex wp-block-buttons-is-layout-flex\">\n<div class=\"wp-block-button is-style-outline is-style-outline--3\"><a class=\"wp-block-button__link has-blue-color has-text-color has-link-color wp-element-button\" href=\"http:\/\/go-tec.de\/wp-content\/uploads\/sites\/2\/2025\/12\/Datenblatt_CUBIX_LITE_DE.pdf\" style=\"border-radius:5px\" target=\"_blank\" rel=\"noreferrer noopener\">Fiche technique LITE <\/a><\/div>\n\n\n\n<div class=\"wp-block-button is-style-outline is-style-outline--4\"><a class=\"wp-block-button__link has-blue-color has-text-color has-link-color wp-element-button\" href=\"http:\/\/go-tec.de\/wp-content\/uploads\/sites\/2\/2025\/12\/Datenblatt_CUBIX_LITE_EN.pdf\" style=\"border-radius:5px\" target=\"_blank\" rel=\"noreferrer noopener\">Fiche de donn\u00e9es LITE <\/a><\/div>\n<\/div>\n<\/div>\n<\/div>\n\n\n\n<p><\/p>\n\n\n\n<div class=\"wp-block-columns py-5 is-layout-flex wp-container-core-columns-is-layout-28f84493 wp-block-columns-is-layout-flex\">\n<div class=\"wp-block-column px-3 px-md-4 px-lg-5 is-layout-flow wp-block-column-is-layout-flow\">\n<h3 class=\"wp-block-heading has-blue-color has-text-color has-link-color wp-elements-14e1f4eb469a6c29e77d4e982accd978\">Production 24h\/24 et 7j\/7<\/h3>\n\n\n\n<p><strong>Seul le syst\u00e8me CUBIX utilise un v\u00e9ritable module de production 24h\/24 et 7j\/7<\/strong> et se d\u00e9marque ainsi clairement de la concurrence.<br>Il permet<\/p>\n\n\n\n<ul class=\"wp-block-list\">\n<li><strong>production continue de grandes quantit\u00e9s<\/strong>, m\u00eame pendant la nuit<\/li>\n\n\n\n<li><strong>contr\u00f4le simultan\u00e9 de plusieurs imprimantes<\/strong> via un logiciel intuitif<\/li>\n\n\n\n<li><strong>une mise \u00e0 l'\u00e9chelle de la production \u00e0 volont\u00e9<\/strong> - selon les besoins, les commandes ou la saison<\/li>\n<\/ul>\n\n\n\n<p>Ainsi <strong>CUBIX<\/strong> l'un des syst\u00e8mes les plus performants du march\u00e9 pour la fabrication num\u00e9rique de semelles.<\/p>\n<\/div>\n\n\n\n<div class=\"wp-block-column px-3 px-md-4 px-lg-5 ek-linked-block is-layout-flow wp-block-column-is-layout-flow\">\n<h3 class=\"wp-block-heading animated fadeInUp has-blue-color has-text-color\">CUBIX : pour des entreprises fortes dans la r\u00e9gion<\/h3>\n\n\n\n<p>Avec CUBIX, les entreprises de technique orthop\u00e9dique et les magasins de mat\u00e9riel m\u00e9dical se mettent en place :<\/p>\n\n\n\n<ul class=\"wp-block-list animated fadeInUp\">\n<li><strong>fabrication num\u00e9rique faite pour la pratique quotidienne<\/strong><\/li>\n\n\n\n<li><strong>une capacit\u00e9 de r\u00e9action rapide<\/strong> dans l'approvisionnement r\u00e9gional<\/li>\n\n\n\n<li><strong>grande rentabilit\u00e9 et s\u00e9curit\u00e9 des processus<\/strong><\/li>\n\n\n\n<li><strong>une technologie moderne et \u00e9volutive<\/strong><\/li>\n\n\n\n<li>CUBIX rend la production de semelles orthop\u00e9diques ind\u00e9pendante, flexible et \u00e0 l'\u00e9preuve du temps.<\/li>\n<\/ul>\n<\/div>\n<\/div>\n<\/div>\n<\/div>\n\n\n\n<p><\/p>\n\n\n\n<div class=\"wp-block-group pb-5 is-layout-constrained wp-container-core-group-is-layout-d30ff707 wp-block-group-is-layout-constrained\"><\/div>\n\n\n\n<div class=\"wp-block-group px-3 px-md-4 px-lg-5 contact-section has-white-color has-blue-background-color has-text-color has-background is-layout-constrained wp-container-core-group-is-layout-6e20cf48 wp-block-group-is-layout-constrained advgb-dyn-2eccdb19\">\n<div class=\"wp-block-columns py-5 is-layout-flex wp-container-core-columns-is-layout-28f84493 wp-block-columns-is-layout-flex\">\n<div class=\"wp-block-column animated fadeInLeft is-layout-flow wp-block-column-is-layout-flow\" style=\"flex-basis:66.66%\">\n<h3 class=\"wp-block-heading advgb-dyn-b31c1e16\">Nous nous ferons un plaisir de vous conseiller personnellement !<\/h3>\n\n\n\n<p>Nous vous rappellerons dans les meilleurs d\u00e9lais ! <\/p>\n<\/div>\n\n\n\n<div class=\"wp-block-column is-vertically-aligned-center animated fadeInRight is-layout-flow wp-block-column-is-layout-flow\" style=\"flex-basis:33.33%\">\n<div class=\"wp-block-buttons animated fadeInUp mb-5 is-content-justification-center is-layout-flex wp-container-core-buttons-is-layout-a89b3969 wp-block-buttons-is-layout-flex\">\n<div class=\"wp-block-button is-style-fill advgb-dyn-3db009d7\"><a class=\"wp-block-button__link has-white-color has-green-background-color has-text-color has-background wp-element-button\" href=\"https:\/\/go-tec.de\/fr\/kontaktsales\/\" style=\"border-radius:5px\">Vers la demande de contact<\/a><\/div>\n<\/div>\n<\/div>\n<\/div>\n<\/div>\n\n\n\n<p><\/p>","protected":false},"excerpt":{"rendered":"<p>CUBIX \u2013 Die flexible 3D-Druckl\u00f6sung f\u00fcr individuelle Einlagen Das CUBIX System steht f\u00fcr eine zukunftsorientierte, digitale Einlagenfertigung direkt vor Ort und erm\u00f6glicht Orthop\u00e4diehandwerk und Sanit\u00e4tsh\u00e4usern eine pr\u00e4zise, saubere und wirtschaftliche Produktion. Mit den beiden Druckermodellen CUBIX Lite und CUBIX Pro entsteht ein flexibles System, das sowohl Komfort- als auch Premiumversorgung abdeckt \u2013 ideal f\u00fcr eine [&hellip;]<\/p>\n","protected":false},"author":13,"featured_media":0,"parent":12,"menu_order":0,"comment_status":"closed","ping_status":"closed","template":"","meta":{"inline_featured_image":false,"advgb_blocks_editor_width":"","advgb_blocks_columns_visual_guide":"","footnotes":""},"class_list":["post-1127","page","type-page","status-publish","hentry"],"yoast_head":"<!-- This site is optimized with the Yoast SEO plugin v27.2 - https:\/\/yoast.com\/product\/yoast-seo-wordpress\/ -->\n<title>CUBIX -<\/title>\n<meta name=\"description\" content=\"CUBIX Pro &amp; CUBIX Lite: High-End-3D-Drucksysteme f\u00fcr individuelle Einlagen. Premiumqualit\u00e4t, schnelle Prozesse und skalierbare Fertigung.\" \/>\n<meta name=\"robots\" content=\"index, follow, max-snippet:-1, max-image-preview:large, max-video-preview:-1\" \/>\n<link rel=\"canonical\" href=\"https:\/\/go-tec.de\/fr\/go-tec-system\/cubix\/\" \/>\n<meta property=\"og:locale\" content=\"fr_FR\" \/>\n<meta property=\"og:type\" content=\"article\" \/>\n<meta property=\"og:title\" content=\"CUBIX -\" \/>\n<meta property=\"og:description\" content=\"CUBIX Pro &amp; CUBIX Lite: High-End-3D-Drucksysteme f\u00fcr individuelle Einlagen. Premiumqualit\u00e4t, schnelle Prozesse und skalierbare Fertigung.\" \/>\n<meta property=\"og:url\" content=\"https:\/\/go-tec.de\/fr\/go-tec-system\/cubix\/\" \/>\n<meta property=\"article:modified_time\" content=\"2025-12-17T10:14:06+00:00\" \/>\n<meta property=\"og:image\" content=\"https:\/\/go-tec.de\/wp-content\/uploads\/sites\/2\/2025\/12\/cubix-einlagen_insoles_go-tec_muenster.png\" \/>\n<meta name=\"twitter:card\" content=\"summary_large_image\" \/>\n<meta name=\"twitter:label1\" content=\"Dur\u00e9e de lecture estim\u00e9e\" \/>\n\t<meta name=\"twitter:data1\" content=\"3 minutes\" \/>\n<script type=\"application\/ld+json\" class=\"yoast-schema-graph\">{\"@context\":\"https:\/\/schema.org\",\"@graph\":[{\"@type\":\"WebPage\",\"@id\":\"https:\/\/go-tec.de\/go-tec-system\/cubix\/\",\"url\":\"https:\/\/go-tec.de\/go-tec-system\/cubix\/\",\"name\":\"CUBIX -\",\"isPartOf\":{\"@id\":\"http:\/\/go-tec.de\/#website\"},\"primaryImageOfPage\":{\"@id\":\"https:\/\/go-tec.de\/go-tec-system\/cubix\/#primaryimage\"},\"image\":{\"@id\":\"https:\/\/go-tec.de\/go-tec-system\/cubix\/#primaryimage\"},\"thumbnailUrl\":\"https:\/\/go-tec.de\/wp-content\/uploads\/sites\/2\/2025\/12\/cubix-einlagen_insoles_go-tec_muenster.png\",\"datePublished\":\"2025-12-01T11:08:24+00:00\",\"dateModified\":\"2025-12-17T10:14:06+00:00\",\"description\":\"CUBIX Pro & CUBIX Lite: High-End-3D-Drucksysteme f\u00fcr individuelle Einlagen. Premiumqualit\u00e4t, schnelle Prozesse und skalierbare Fertigung.\",\"breadcrumb\":{\"@id\":\"https:\/\/go-tec.de\/go-tec-system\/cubix\/#breadcrumb\"},\"inLanguage\":\"fr-FR\",\"potentialAction\":[{\"@type\":\"ReadAction\",\"target\":[\"https:\/\/go-tec.de\/go-tec-system\/cubix\/\"]}]},{\"@type\":\"ImageObject\",\"inLanguage\":\"fr-FR\",\"@id\":\"https:\/\/go-tec.de\/go-tec-system\/cubix\/#primaryimage\",\"url\":\"https:\/\/go-tec.de\/wp-content\/uploads\/sites\/2\/2025\/12\/cubix-einlagen_insoles_go-tec_muenster.png\",\"contentUrl\":\"https:\/\/go-tec.de\/wp-content\/uploads\/sites\/2\/2025\/12\/cubix-einlagen_insoles_go-tec_muenster.png\"},{\"@type\":\"BreadcrumbList\",\"@id\":\"https:\/\/go-tec.de\/go-tec-system\/cubix\/#breadcrumb\",\"itemListElement\":[{\"@type\":\"ListItem\",\"position\":1,\"name\":\"Startseite\",\"item\":\"http:\/\/go-tec.de\/\"},{\"@type\":\"ListItem\",\"position\":2,\"name\":\"go-tec System\",\"item\":\"https:\/\/go-tec.de\/go-tec-system\/\"},{\"@type\":\"ListItem\",\"position\":3,\"name\":\"CUBIX\"}]},{\"@type\":\"WebSite\",\"@id\":\"http:\/\/go-tec.de\/#website\",\"url\":\"http:\/\/go-tec.de\/\",\"name\":\"\",\"description\":\"\",\"potentialAction\":[{\"@type\":\"SearchAction\",\"target\":{\"@type\":\"EntryPoint\",\"urlTemplate\":\"http:\/\/go-tec.de\/?s={search_term_string}\"},\"query-input\":{\"@type\":\"PropertyValueSpecification\",\"valueRequired\":true,\"valueName\":\"search_term_string\"}}],\"inLanguage\":\"fr-FR\"}]}<\/script>\n<!-- \/ Yoast SEO plugin. -->","yoast_head_json":{"title":"CUBIX -","description":"CUBIX Pro & CUBIX Lite: High-End-3D-Drucksysteme f\u00fcr individuelle Einlagen. Premiumqualit\u00e4t, schnelle Prozesse und skalierbare Fertigung.","robots":{"index":"index","follow":"follow","max-snippet":"max-snippet:-1","max-image-preview":"max-image-preview:large","max-video-preview":"max-video-preview:-1"},"canonical":"https:\/\/go-tec.de\/fr\/go-tec-system\/cubix\/","og_locale":"fr_FR","og_type":"article","og_title":"CUBIX -","og_description":"CUBIX Pro & CUBIX Lite: High-End-3D-Drucksysteme f\u00fcr individuelle Einlagen. Premiumqualit\u00e4t, schnelle Prozesse und skalierbare Fertigung.","og_url":"https:\/\/go-tec.de\/fr\/go-tec-system\/cubix\/","article_modified_time":"2025-12-17T10:14:06+00:00","og_image":[{"url":"https:\/\/go-tec.de\/wp-content\/uploads\/sites\/2\/2025\/12\/cubix-einlagen_insoles_go-tec_muenster.png","type":"","width":"","height":""}],"twitter_card":"summary_large_image","twitter_misc":{"Dur\u00e9e de lecture estim\u00e9e":"3 minutes"},"schema":{"@context":"https:\/\/schema.org","@graph":[{"@type":"WebPage","@id":"https:\/\/go-tec.de\/go-tec-system\/cubix\/","url":"https:\/\/go-tec.de\/go-tec-system\/cubix\/","name":"CUBIX -","isPartOf":{"@id":"http:\/\/go-tec.de\/#website"},"primaryImageOfPage":{"@id":"https:\/\/go-tec.de\/go-tec-system\/cubix\/#primaryimage"},"image":{"@id":"https:\/\/go-tec.de\/go-tec-system\/cubix\/#primaryimage"},"thumbnailUrl":"https:\/\/go-tec.de\/wp-content\/uploads\/sites\/2\/2025\/12\/cubix-einlagen_insoles_go-tec_muenster.png","datePublished":"2025-12-01T11:08:24+00:00","dateModified":"2025-12-17T10:14:06+00:00","description":"CUBIX Pro & CUBIX Lite: High-End-3D-Drucksysteme f\u00fcr individuelle Einlagen. Premiumqualit\u00e4t, schnelle Prozesse und skalierbare Fertigung.","breadcrumb":{"@id":"https:\/\/go-tec.de\/go-tec-system\/cubix\/#breadcrumb"},"inLanguage":"fr-FR","potentialAction":[{"@type":"ReadAction","target":["https:\/\/go-tec.de\/go-tec-system\/cubix\/"]}]},{"@type":"ImageObject","inLanguage":"fr-FR","@id":"https:\/\/go-tec.de\/go-tec-system\/cubix\/#primaryimage","url":"https:\/\/go-tec.de\/wp-content\/uploads\/sites\/2\/2025\/12\/cubix-einlagen_insoles_go-tec_muenster.png","contentUrl":"https:\/\/go-tec.de\/wp-content\/uploads\/sites\/2\/2025\/12\/cubix-einlagen_insoles_go-tec_muenster.png"},{"@type":"BreadcrumbList","@id":"https:\/\/go-tec.de\/go-tec-system\/cubix\/#breadcrumb","itemListElement":[{"@type":"ListItem","position":1,"name":"Startseite","item":"http:\/\/go-tec.de\/"},{"@type":"ListItem","position":2,"name":"go-tec System","item":"https:\/\/go-tec.de\/go-tec-system\/"},{"@type":"ListItem","position":3,"name":"CUBIX"}]},{"@type":"WebSite","@id":"http:\/\/go-tec.de\/#website","url":"http:\/\/go-tec.de\/","name":"","description":"","potentialAction":[{"@type":"SearchAction","target":{"@type":"EntryPoint","urlTemplate":"http:\/\/go-tec.de\/?s={search_term_string}"},"query-input":{"@type":"PropertyValueSpecification","valueRequired":true,"valueName":"search_term_string"}}],"inLanguage":"fr-FR"}]}},"coauthors":[],"author_meta":{"author_link":"https:\/\/go-tec.de\/fr\/author\/dall\/","display_name":"dall"},"relative_dates":{"created":"Publi\u00e9 5 mois il y a","modified":"Mis \u00e0 jour 4 mois il y a"},"absolute_dates":{"created":"Publi\u00e9 le 1. d\u00e9cembre 2025","modified":"Mise \u00e0 jour le 17. d\u00e9cembre 2025"},"absolute_dates_time":{"created":"Publi\u00e9 le 1. d\u00e9cembre 2025 12:08","modified":"Mise \u00e0 jour le 17. d\u00e9cembre 2025 11:14"},"featured_img_caption":"","featured_img":false,"series_order":"","_links":{"self":[{"href":"https:\/\/go-tec.de\/fr\/wp-json\/wp\/v2\/pages\/1127","targetHints":{"allow":["GET"]}}],"collection":[{"href":"https:\/\/go-tec.de\/fr\/wp-json\/wp\/v2\/pages"}],"about":[{"href":"https:\/\/go-tec.de\/fr\/wp-json\/wp\/v2\/types\/page"}],"author":[{"embeddable":true,"href":"https:\/\/go-tec.de\/fr\/wp-json\/wp\/v2\/users\/13"}],"replies":[{"embeddable":true,"href":"https:\/\/go-tec.de\/fr\/wp-json\/wp\/v2\/comments?post=1127"}],"version-history":[{"count":16,"href":"https:\/\/go-tec.de\/fr\/wp-json\/wp\/v2\/pages\/1127\/revisions"}],"predecessor-version":[{"id":1176,"href":"https:\/\/go-tec.de\/fr\/wp-json\/wp\/v2\/pages\/1127\/revisions\/1176"}],"up":[{"embeddable":true,"href":"https:\/\/go-tec.de\/fr\/wp-json\/wp\/v2\/pages\/12"}],"wp:attachment":[{"href":"https:\/\/go-tec.de\/fr\/wp-json\/wp\/v2\/media?parent=1127"}],"curies":[{"name":"wp","href":"https:\/\/api.w.org\/{rel}","templated":true}]}}