{"id":950,"date":"2024-04-08T11:53:02","date_gmt":"2024-04-08T09:53:02","guid":{"rendered":"https:\/\/go-tec.de\/?page_id=950"},"modified":"2026-03-18T08:02:08","modified_gmt":"2026-03-18T07:02:08","slug":"gt-george-max","status":"publish","type":"page","link":"https:\/\/go-tec.de\/en\/go-tec-system\/gt-george-max\/","title":{"rendered":"GT George MAX"},"content":{"rendered":"<figure class=\"wp-block-gallery has-nested-images columns-default is-cropped wp-block-gallery-1 is-layout-flex wp-block-gallery-is-layout-flex\">\n<figure class=\"wp-block-image size-full has-custom-border editorskit-no-desktop editorskit-no-tablet editorskit-no-mobile\"><img loading=\"lazy\" decoding=\"async\" width=\"1366\" height=\"768\" data-id=\"988\" src=\"https:\/\/go-tec.de\/wp-content\/uploads\/sites\/2\/2024\/04\/GT-George-MAX-2-1.png\" alt=\"\" class=\"wp-image-988\" style=\"border-style:none;border-width:0px;border-radius:8px\" srcset=\"https:\/\/go-tec.de\/wp-content\/uploads\/sites\/2\/2024\/04\/GT-George-MAX-2-1.png 1366w, https:\/\/go-tec.de\/wp-content\/uploads\/sites\/2\/2024\/04\/GT-George-MAX-2-1-300x169.png 300w, https:\/\/go-tec.de\/wp-content\/uploads\/sites\/2\/2024\/04\/GT-George-MAX-2-1-1024x576.png 1024w, https:\/\/go-tec.de\/wp-content\/uploads\/sites\/2\/2024\/04\/GT-George-MAX-2-1-768x432.png 768w, https:\/\/go-tec.de\/wp-content\/uploads\/sites\/2\/2024\/04\/GT-George-MAX-2-1-18x10.png 18w\" sizes=\"auto, (max-width: 1366px) 100vw, 1366px\" \/><\/figure>\n<\/figure>\n\n\n\n<div class=\"wp-block-group py-5 px-3 px-md-4 px-lg-5 has-darkgrey-color has-text-color is-layout-flow wp-block-group-is-layout-flow\">\n<div class=\"wp-block-group is-layout-constrained wp-container-core-group-is-layout-703bee88 wp-block-group-is-layout-constrained\">\n<p class=\"has-text-align-center has-darkgrey-color has-text-color has-link-color has-large-font-size wp-elements-e0e8c447ee8c4a2758d45dfdc21ec1a0\">GT George MAX - The new dimension in 3D foot measurement<\/p>\n\n\n\n<p class=\"has-text-align-center has-medium-font-size\">The <strong>GT George MAX<\/strong> is the powerful further development of the tried and tested GT George and offers a <strong>Precise 3D capture of the entire foot<\/strong> - even with complex foot shapes. With an extended scan height of up to 17.5 cm, the system is ideal for demanding applications.<\/p>\n\n\n\n<p class=\"has-text-align-center\">Thanks to modern laser technology, feet can be <strong>Millimeter-precise and three-dimensional<\/strong> recorded - either fully, partially or unloaded.<\/p>\n\n\n\n<div class=\"wp-block-media-text is-stacked-on-mobile\" style=\"grid-template-columns:48% auto\"><figure class=\"wp-block-media-text__media\"><img loading=\"lazy\" decoding=\"async\" width=\"1024\" height=\"682\" src=\"https:\/\/go-tec.de\/wp-content\/uploads\/sites\/2\/2026\/03\/go-tec_gt_george_max_muenster-1024x682.png\" alt=\"\" class=\"wp-image-1339 size-full\" srcset=\"https:\/\/go-tec.de\/wp-content\/uploads\/sites\/2\/2026\/03\/go-tec_gt_george_max_muenster-1024x682.png 1024w, https:\/\/go-tec.de\/wp-content\/uploads\/sites\/2\/2026\/03\/go-tec_gt_george_max_muenster-300x200.png 300w, https:\/\/go-tec.de\/wp-content\/uploads\/sites\/2\/2026\/03\/go-tec_gt_george_max_muenster-768x512.png 768w, https:\/\/go-tec.de\/wp-content\/uploads\/sites\/2\/2026\/03\/go-tec_gt_george_max_muenster-18x12.png 18w, https:\/\/go-tec.de\/wp-content\/uploads\/sites\/2\/2026\/03\/go-tec_gt_george_max_muenster.png 1253w\" sizes=\"auto, (max-width: 1024px) 100vw, 1024px\" \/><\/figure><div class=\"wp-block-media-text__content\">\n<p class=\"has-blue-color has-text-color has-link-color has-large-font-size wp-elements-32ec9d3abca9e4cce27e878a3c10d7bf\">Your advantages<\/p>\n\n\n\n<ul class=\"wp-block-list\">\n<li>Improved advice thanks to clear 3D data<\/li>\n\n\n\n<li>3D capture of the entire foot - even with complex shapes<\/li>\n\n\n\n<li>Extended scan height for more flexibility<\/li>\n\n\n\n<li>Fast, millimeter-precise measurement results<\/li>\n\n\n\n<li>Integration into digital CAD workflows<\/li>\n<\/ul>\n<\/div><\/div>\n\n\n\n<div class=\"wp-block-columns are-vertically-aligned-center py-5 is-layout-flex wp-container-core-columns-is-layout-28f84493 wp-block-columns-is-layout-flex\">\n<div class=\"wp-block-column is-vertically-aligned-center px-3 px-md-4 px-lg-5 is-layout-flow wp-block-column-is-layout-flow\">\n<figure class=\"wp-block-image size-full\"><img loading=\"lazy\" decoding=\"async\" width=\"1918\" height=\"1031\" src=\"https:\/\/go-tec.de\/wp-content\/uploads\/sites\/2\/2024\/04\/MicrosoftTeams-image-62.png\" alt=\"\" class=\"wp-image-976\" srcset=\"https:\/\/go-tec.de\/wp-content\/uploads\/sites\/2\/2024\/04\/MicrosoftTeams-image-62.png 1918w, https:\/\/go-tec.de\/wp-content\/uploads\/sites\/2\/2024\/04\/MicrosoftTeams-image-62-300x161.png 300w, https:\/\/go-tec.de\/wp-content\/uploads\/sites\/2\/2024\/04\/MicrosoftTeams-image-62-1024x550.png 1024w, https:\/\/go-tec.de\/wp-content\/uploads\/sites\/2\/2024\/04\/MicrosoftTeams-image-62-768x413.png 768w, https:\/\/go-tec.de\/wp-content\/uploads\/sites\/2\/2024\/04\/MicrosoftTeams-image-62-1536x826.png 1536w, https:\/\/go-tec.de\/wp-content\/uploads\/sites\/2\/2024\/04\/MicrosoftTeams-image-62-18x10.png 18w\" sizes=\"auto, (max-width: 1918px) 100vw, 1918px\" \/><\/figure>\n<\/div>\n\n\n\n<div class=\"wp-block-column is-vertically-aligned-center px-3 px-md-4 px-lg-5 is-layout-flow wp-block-column-is-layout-flow\">\n<h3 class=\"wp-block-heading animated fadeInUp has-darkgrey-color has-text-color\" id=\"schnell-und-effizient-41e7beb8-bf5d-4c8a-8c3e-8f48656ec376\">Fast and efficient<\/h3>\n\n\n\n<p>In seconds, the GT George MAX creates detailed 3D scans and photos of the plantar view that can be seamlessly integrated into our GP InsoleCAD &amp; GP OptiCAD design software. This enables the individual production of insoles and lasts with unsurpassed precision.<\/p>\n<\/div>\n<\/div>\n\n\n\n<div class=\"wp-block-columns are-vertically-aligned-center py-5 is-layout-flex wp-container-core-columns-is-layout-28f84493 wp-block-columns-is-layout-flex\">\n<div class=\"wp-block-column is-vertically-aligned-center px-3 px-md-4 px-lg-5 is-layout-flow wp-block-column-is-layout-flow\">\n<figure class=\"wp-block-image size-full\"><img loading=\"lazy\" decoding=\"async\" width=\"1918\" height=\"1031\" src=\"https:\/\/go-tec.de\/wp-content\/uploads\/sites\/2\/2024\/04\/MicrosoftTeams-image-63.png\" alt=\"\" class=\"wp-image-977\" srcset=\"https:\/\/go-tec.de\/wp-content\/uploads\/sites\/2\/2024\/04\/MicrosoftTeams-image-63.png 1918w, https:\/\/go-tec.de\/wp-content\/uploads\/sites\/2\/2024\/04\/MicrosoftTeams-image-63-300x161.png 300w, https:\/\/go-tec.de\/wp-content\/uploads\/sites\/2\/2024\/04\/MicrosoftTeams-image-63-1024x550.png 1024w, https:\/\/go-tec.de\/wp-content\/uploads\/sites\/2\/2024\/04\/MicrosoftTeams-image-63-768x413.png 768w, https:\/\/go-tec.de\/wp-content\/uploads\/sites\/2\/2024\/04\/MicrosoftTeams-image-63-1536x826.png 1536w, https:\/\/go-tec.de\/wp-content\/uploads\/sites\/2\/2024\/04\/MicrosoftTeams-image-63-18x10.png 18w\" sizes=\"auto, (max-width: 1918px) 100vw, 1918px\" \/><\/figure>\n<\/div>\n\n\n\n<div class=\"wp-block-column is-vertically-aligned-center px-3 px-md-4 px-lg-5 is-layout-flow wp-block-column-is-layout-flow\">\n<p class=\"has-darkgrey-color has-text-color has-link-color has-large-font-size wp-elements-97266d5e261c54798819c4697d9d3272\">Customer-centric technology<\/p>\n\n\n\n<p>The GT George MAX has been developed to respond to your feedback and provide a solution that meets higher and more demanding scanning requirements. It combines innovative technology with practical usability, improves communication with your customers and raises the quality of advice to a new level.<\/p>\n<\/div>\n<\/div>\n\n\n\n<p class=\"has-text-align-right\">Scope of delivery: Full foot scanner, 2 lateral footrests, 1 foot switch<\/p>\n\n\n\n<p class=\"has-text-align-right has-darkgrey-color has-text-color has-link-color wp-elements-9649fef0f3b9fcabff1f9e487575463f\">Technical data and hardware requirements:&nbsp;<\/p>\n\n\n\n<div class=\"wp-block-buttons has-mobile-text-align-justify is-horizontal is-content-justification-right is-layout-flex wp-container-core-buttons-is-layout-7f1c9595 wp-block-buttons-is-layout-flex\">\n<div class=\"wp-block-button is-style-outline is-style-outline--2\"><a class=\"wp-block-button__link has-border-color has-blue-border-color wp-element-button\" href=\"https:\/\/go-tec.de\/wp-content\/uploads\/sites\/2\/2024\/04\/Datenblatt-GT-George-MAX.pdf\">Data sheet<\/a><\/div>\n<\/div>\n<\/div>\n<\/div>\n\n\n\n<div style=\"height:18px\" aria-hidden=\"true\" class=\"wp-block-spacer\"><\/div>\n\n\n\n<p class=\"has-text-align-center has-white-color has-mediumgrey-background-color has-text-color has-background has-link-color wp-elements-ca718135dd873b9b46a7546f44fa50ec\">The data obtained can be seamlessly integrated into <strong>GP InsoleCAD and GP OptiCAD<\/strong> and form the perfect basis for the precise construction of individual insoles and lasts.<\/p>\n\n\n\n<div class=\"wp-block-group px-3 px-md-4 px-lg-5 contact-section has-white-color has-blue-background-color has-text-color has-background is-layout-constrained wp-container-core-group-is-layout-6e20cf48 wp-block-group-is-layout-constrained advgb-dyn-2eccdb19\">\n<div class=\"wp-block-columns py-5 is-layout-flex wp-container-core-columns-is-layout-28f84493 wp-block-columns-is-layout-flex\">\n<div class=\"wp-block-column animated fadeInLeft is-layout-flow wp-block-column-is-layout-flow\" style=\"flex-basis:66.66%\">\n<h3 class=\"wp-block-heading advgb-dyn-b31c1e16\">We would be happy to advise you personally!<\/h3>\n\n\n\n<p>We will call you back as soon as possible! <\/p>\n<\/div>\n\n\n\n<div class=\"wp-block-column is-vertically-aligned-center animated fadeInRight is-layout-flow wp-block-column-is-layout-flow\" style=\"flex-basis:33.33%\">\n<div class=\"wp-block-buttons animated fadeInUp mb-5 is-content-justification-center is-layout-flex wp-container-core-buttons-is-layout-a89b3969 wp-block-buttons-is-layout-flex\">\n<div class=\"wp-block-button is-style-fill advgb-dyn-3db009d7\"><a class=\"wp-block-button__link has-white-color has-green-background-color has-text-color has-background wp-element-button\" href=\"https:\/\/go-tec.de\/en\/kontaktsales\/\" style=\"border-radius:5px\">To the contact request<\/a><\/div>\n<\/div>\n<\/div>\n<\/div>\n<\/div>","protected":false},"excerpt":{"rendered":"<p>GT George MAX &#8211; Die neue Dimension der 3D Fu\u00dfvermessung Der GT George MAX ist die leistungsstarke Weiterentwicklung des bew\u00e4hrten GT George und bietet eine pr\u00e4zise 3D-Erfassung des gesamten Fu\u00dfes \u2013 auch bei komplexen Fu\u00dfformen. Mit einer erweiterten Scanh\u00f6he von bis zu 17,5 cm eignet sich das System ideal f\u00fcr anspruchsvolle Anwendungen. Dank moderner Lasertechnologie [&hellip;]<\/p>\n","protected":false},"author":10,"featured_media":0,"parent":12,"menu_order":0,"comment_status":"closed","ping_status":"closed","template":"","meta":{"inline_featured_image":false,"advgb_blocks_editor_width":"","advgb_blocks_columns_visual_guide":"","footnotes":""},"class_list":["post-950","page","type-page","status-publish","hentry"],"yoast_head":"<!-- This site is optimized with the Yoast SEO plugin v27.2 - https:\/\/yoast.com\/product\/yoast-seo-wordpress\/ -->\n<title>GT George MAX -<\/title>\n<meta name=\"robots\" content=\"index, follow, max-snippet:-1, max-image-preview:large, max-video-preview:-1\" \/>\n<link rel=\"canonical\" href=\"https:\/\/go-tec.de\/en\/go-tec-system\/gt-george-max\/\" \/>\n<meta property=\"og:locale\" content=\"en_US\" \/>\n<meta property=\"og:type\" content=\"article\" \/>\n<meta property=\"og:title\" content=\"GT George MAX -\" \/>\n<meta property=\"og:description\" content=\"GT George MAX &#8211; Die neue Dimension der 3D Fu\u00dfvermessung Der GT George MAX ist die leistungsstarke Weiterentwicklung des bew\u00e4hrten GT George und bietet eine pr\u00e4zise 3D-Erfassung des gesamten Fu\u00dfes \u2013 auch bei komplexen Fu\u00dfformen. Mit einer erweiterten Scanh\u00f6he von bis zu 17,5 cm eignet sich das System ideal f\u00fcr anspruchsvolle Anwendungen. Dank moderner Lasertechnologie [&hellip;]\" \/>\n<meta property=\"og:url\" content=\"https:\/\/go-tec.de\/en\/go-tec-system\/gt-george-max\/\" \/>\n<meta property=\"article:modified_time\" content=\"2026-03-18T07:02:08+00:00\" \/>\n<meta property=\"og:image\" content=\"https:\/\/go-tec.de\/wp-content\/uploads\/sites\/2\/2024\/04\/GT-George-MAX-2-1.png\" \/>\n<meta name=\"twitter:card\" content=\"summary_large_image\" \/>\n<meta name=\"twitter:label1\" content=\"Est. reading time\" \/>\n\t<meta name=\"twitter:data1\" content=\"3 minutes\" \/>\n<script type=\"application\/ld+json\" class=\"yoast-schema-graph\">{\"@context\":\"https:\/\/schema.org\",\"@graph\":[{\"@type\":\"WebPage\",\"@id\":\"https:\/\/go-tec.de\/ja\/go-tec-system\/gt-george-max\/\",\"url\":\"https:\/\/go-tec.de\/ja\/go-tec-system\/gt-george-max\/\",\"name\":\"GT George MAX -\",\"isPartOf\":{\"@id\":\"https:\/\/go-tec.de\/en\/#website\"},\"primaryImageOfPage\":{\"@id\":\"https:\/\/go-tec.de\/ja\/go-tec-system\/gt-george-max\/#primaryimage\"},\"image\":{\"@id\":\"https:\/\/go-tec.de\/ja\/go-tec-system\/gt-george-max\/#primaryimage\"},\"thumbnailUrl\":\"https:\/\/go-tec.de\/wp-content\/uploads\/sites\/2\/2024\/04\/GT-George-MAX-2-1.png\",\"datePublished\":\"2024-04-08T09:53:02+00:00\",\"dateModified\":\"2026-03-18T07:02:08+00:00\",\"breadcrumb\":{\"@id\":\"https:\/\/go-tec.de\/ja\/go-tec-system\/gt-george-max\/#breadcrumb\"},\"inLanguage\":\"en-US\",\"potentialAction\":[{\"@type\":\"ReadAction\",\"target\":[\"https:\/\/go-tec.de\/ja\/go-tec-system\/gt-george-max\/\"]}]},{\"@type\":\"ImageObject\",\"inLanguage\":\"en-US\",\"@id\":\"https:\/\/go-tec.de\/ja\/go-tec-system\/gt-george-max\/#primaryimage\",\"url\":\"https:\/\/go-tec.de\/wp-content\/uploads\/sites\/2\/2024\/04\/GT-George-MAX-2-1.png\",\"contentUrl\":\"https:\/\/go-tec.de\/wp-content\/uploads\/sites\/2\/2024\/04\/GT-George-MAX-2-1.png\"},{\"@type\":\"BreadcrumbList\",\"@id\":\"https:\/\/go-tec.de\/ja\/go-tec-system\/gt-george-max\/#breadcrumb\",\"itemListElement\":[{\"@type\":\"ListItem\",\"position\":1,\"name\":\"Startseite\",\"item\":\"https:\/\/go-tec.de\/\"},{\"@type\":\"ListItem\",\"position\":2,\"name\":\"go-tec System\",\"item\":\"https:\/\/go-tec.de\/ja\/go-tec-system\/\"},{\"@type\":\"ListItem\",\"position\":3,\"name\":\"GT George MAX\"}]},{\"@type\":\"WebSite\",\"@id\":\"https:\/\/go-tec.de\/en\/#website\",\"url\":\"https:\/\/go-tec.de\/en\/\",\"name\":\"\",\"description\":\"\",\"potentialAction\":[{\"@type\":\"SearchAction\",\"target\":{\"@type\":\"EntryPoint\",\"urlTemplate\":\"https:\/\/go-tec.de\/en\/?s={search_term_string}\"},\"query-input\":{\"@type\":\"PropertyValueSpecification\",\"valueRequired\":true,\"valueName\":\"search_term_string\"}}],\"inLanguage\":\"en-US\"}]}<\/script>\n<!-- \/ Yoast SEO plugin. -->","yoast_head_json":{"title":"GT George MAX -","robots":{"index":"index","follow":"follow","max-snippet":"max-snippet:-1","max-image-preview":"max-image-preview:large","max-video-preview":"max-video-preview:-1"},"canonical":"https:\/\/go-tec.de\/en\/go-tec-system\/gt-george-max\/","og_locale":"en_US","og_type":"article","og_title":"GT George MAX -","og_description":"GT George MAX &#8211; Die neue Dimension der 3D Fu\u00dfvermessung Der GT George MAX ist die leistungsstarke Weiterentwicklung des bew\u00e4hrten GT George und bietet eine pr\u00e4zise 3D-Erfassung des gesamten Fu\u00dfes \u2013 auch bei komplexen Fu\u00dfformen. Mit einer erweiterten Scanh\u00f6he von bis zu 17,5 cm eignet sich das System ideal f\u00fcr anspruchsvolle Anwendungen. Dank moderner Lasertechnologie [&hellip;]","og_url":"https:\/\/go-tec.de\/en\/go-tec-system\/gt-george-max\/","article_modified_time":"2026-03-18T07:02:08+00:00","og_image":[{"url":"https:\/\/go-tec.de\/wp-content\/uploads\/sites\/2\/2024\/04\/GT-George-MAX-2-1.png","type":"","width":"","height":""}],"twitter_card":"summary_large_image","twitter_misc":{"Est. reading time":"3 minutes"},"schema":{"@context":"https:\/\/schema.org","@graph":[{"@type":"WebPage","@id":"https:\/\/go-tec.de\/ja\/go-tec-system\/gt-george-max\/","url":"https:\/\/go-tec.de\/ja\/go-tec-system\/gt-george-max\/","name":"GT George MAX -","isPartOf":{"@id":"https:\/\/go-tec.de\/en\/#website"},"primaryImageOfPage":{"@id":"https:\/\/go-tec.de\/ja\/go-tec-system\/gt-george-max\/#primaryimage"},"image":{"@id":"https:\/\/go-tec.de\/ja\/go-tec-system\/gt-george-max\/#primaryimage"},"thumbnailUrl":"https:\/\/go-tec.de\/wp-content\/uploads\/sites\/2\/2024\/04\/GT-George-MAX-2-1.png","datePublished":"2024-04-08T09:53:02+00:00","dateModified":"2026-03-18T07:02:08+00:00","breadcrumb":{"@id":"https:\/\/go-tec.de\/ja\/go-tec-system\/gt-george-max\/#breadcrumb"},"inLanguage":"en-US","potentialAction":[{"@type":"ReadAction","target":["https:\/\/go-tec.de\/ja\/go-tec-system\/gt-george-max\/"]}]},{"@type":"ImageObject","inLanguage":"en-US","@id":"https:\/\/go-tec.de\/ja\/go-tec-system\/gt-george-max\/#primaryimage","url":"https:\/\/go-tec.de\/wp-content\/uploads\/sites\/2\/2024\/04\/GT-George-MAX-2-1.png","contentUrl":"https:\/\/go-tec.de\/wp-content\/uploads\/sites\/2\/2024\/04\/GT-George-MAX-2-1.png"},{"@type":"BreadcrumbList","@id":"https:\/\/go-tec.de\/ja\/go-tec-system\/gt-george-max\/#breadcrumb","itemListElement":[{"@type":"ListItem","position":1,"name":"Startseite","item":"https:\/\/go-tec.de\/"},{"@type":"ListItem","position":2,"name":"go-tec System","item":"https:\/\/go-tec.de\/ja\/go-tec-system\/"},{"@type":"ListItem","position":3,"name":"GT George MAX"}]},{"@type":"WebSite","@id":"https:\/\/go-tec.de\/en\/#website","url":"https:\/\/go-tec.de\/en\/","name":"","description":"","potentialAction":[{"@type":"SearchAction","target":{"@type":"EntryPoint","urlTemplate":"https:\/\/go-tec.de\/en\/?s={search_term_string}"},"query-input":{"@type":"PropertyValueSpecification","valueRequired":true,"valueName":"search_term_string"}}],"inLanguage":"en-US"}]}},"coauthors":[],"author_meta":{"author_link":"https:\/\/go-tec.de\/en\/author\/","display_name":""},"relative_dates":{"created":"Posted 2 years ago","modified":"Updated 4 weeks ago"},"absolute_dates":{"created":"Posted on 8. April 2024","modified":"Updated on 18. March 2026"},"absolute_dates_time":{"created":"Posted on 8. April 2024 11:53","modified":"Updated on 18. March 2026 8:02"},"featured_img_caption":"","featured_img":false,"series_order":"","_links":{"self":[{"href":"https:\/\/go-tec.de\/en\/wp-json\/wp\/v2\/pages\/950","targetHints":{"allow":["GET"]}}],"collection":[{"href":"https:\/\/go-tec.de\/en\/wp-json\/wp\/v2\/pages"}],"about":[{"href":"https:\/\/go-tec.de\/en\/wp-json\/wp\/v2\/types\/page"}],"author":[{"embeddable":true,"href":"https:\/\/go-tec.de\/en\/wp-json\/wp\/v2\/users\/10"}],"replies":[{"embeddable":true,"href":"https:\/\/go-tec.de\/en\/wp-json\/wp\/v2\/comments?post=950"}],"version-history":[{"count":15,"href":"https:\/\/go-tec.de\/en\/wp-json\/wp\/v2\/pages\/950\/revisions"}],"predecessor-version":[{"id":1344,"href":"https:\/\/go-tec.de\/en\/wp-json\/wp\/v2\/pages\/950\/revisions\/1344"}],"up":[{"embeddable":true,"href":"https:\/\/go-tec.de\/en\/wp-json\/wp\/v2\/pages\/12"}],"wp:attachment":[{"href":"https:\/\/go-tec.de\/en\/wp-json\/wp\/v2\/media?parent=950"}],"curies":[{"name":"wp","href":"https:\/\/api.w.org\/{rel}","templated":true}]}}