{"id":419,"date":"2023-06-15T12:53:22","date_gmt":"2023-06-15T10:53:22","guid":{"rendered":"https:\/\/cms.gebiom.group\/go-tec\/?page_id=419"},"modified":"2026-03-13T09:36:43","modified_gmt":"2026-03-13T08:36:43","slug":"gt-joe","status":"publish","type":"page","link":"https:\/\/go-tec.de\/en\/go-tec-system\/gt-joe\/","title":{"rendered":"GT JOE"},"content":{"rendered":"\n<div class=\"wp-block-cover\" style=\"min-height:70vh;aspect-ratio:unset;\"><img loading=\"lazy\" decoding=\"async\" width=\"1024\" height=\"425\" class=\"wp-block-cover__image-background wp-image-1228 size-large\" alt=\"\" src=\"https:\/\/go-tec.de\/wp-content\/uploads\/sites\/2\/2026\/03\/go-tec_gt-joe_innenansicht-1024x425.png\" data-object-fit=\"cover\" srcset=\"https:\/\/go-tec.de\/wp-content\/uploads\/sites\/2\/2026\/03\/go-tec_gt-joe_innenansicht-1024x425.png 1024w, https:\/\/go-tec.de\/wp-content\/uploads\/sites\/2\/2026\/03\/go-tec_gt-joe_innenansicht-300x125.png 300w, https:\/\/go-tec.de\/wp-content\/uploads\/sites\/2\/2026\/03\/go-tec_gt-joe_innenansicht-768x319.png 768w, https:\/\/go-tec.de\/wp-content\/uploads\/sites\/2\/2026\/03\/go-tec_gt-joe_innenansicht-1536x638.png 1536w, https:\/\/go-tec.de\/wp-content\/uploads\/sites\/2\/2026\/03\/go-tec_gt-joe_innenansicht-2048x850.png 2048w, https:\/\/go-tec.de\/wp-content\/uploads\/sites\/2\/2026\/03\/go-tec_gt-joe_innenansicht-18x7.png 18w\" sizes=\"auto, (max-width: 1024px) 100vw, 1024px\" \/><span aria-hidden=\"true\" class=\"wp-block-cover__background has-background-dim-30 has-background-dim\" style=\"background-color:#2c2536\"><\/span><div class=\"wp-block-cover__inner-container is-layout-flow wp-block-cover-is-layout-flow\">\n<div class=\"wp-block-group is-layout-flow wp-block-group-is-layout-flow\">\n<h2 class=\"wp-block-heading has-text-align-center px-3 px-md-4 px-lg-5 animated fadeInUp has-white-color has-text-color\" id=\"gt-joe-faec4fc6-cde6-4505-852b-f52dee4c5854\">GT JOE<\/h2>\n<\/div>\n<\/div><\/div>\n\n\n\n<div class=\"wp-block-group py-5 px-3 px-md-4 px-lg-5 has-darkgrey-color has-text-color is-layout-flow wp-block-group-is-layout-flow\">\n<div class=\"wp-block-group is-layout-constrained wp-container-core-group-is-layout-703bee88 wp-block-group-is-layout-constrained\">\n<h2 class=\"wp-block-heading has-text-align-center animated fadeInUp\" id=\"effiziente-herstellung-von-orthopadischen-einlagen-23b7f816-14eb-438c-8e3f-a0db42482677\">Effiziente Herstellung von orthop\u00e4dischen Einlagen<\/h2>\n\n\n\n<p class=\"has-text-align-center\"><strong>Produktserie: GT JOE 3 | GT JOE 8 | GT JOE 10<\/strong><\/p>\n\n\n\n<p class=\"has-text-align-center animated fadeInUp\">Mit der Fr\u00e4smaschinen-Serie <strong>GT JOE<\/strong> automatisieren Sie die pr\u00e4zise und wirtschaftliche Herstellung von orthop\u00e4dischen Einlagen \u2013 zuverl\u00e4ssig, skalierbar und in konstant hoher Qualit\u00e4t. Die leistungsstarken CNC-Fr\u00e4sen <strong>GT JOE 3, GT JOE 8 und GT JOE 10<\/strong> wurden speziell f\u00fcr die Anforderungen moderner Orthop\u00e4dietechnik-Betriebe entwickelt und erm\u00f6glichen eine effiziente Produktion gr\u00f6\u00dferer St\u00fcckzahlen. Dank gro\u00dfz\u00fcgiger Verfahrwege k\u00f6nnen je nach Modell Materialien f\u00fcr <strong>bis zu 10 Paar Einlagen gleichzeitig<\/strong> best\u00fcckt und bearbeitet werden. So steigern Sie Ihre Produktivit\u00e4t, reduzieren manuelle Arbeitsschritte und sichern gleichbleibend pr\u00e4zise Ergebnisse bei jeder Fertigung.<\/p>\n\n\n\n<p class=\"has-text-align-center animated fadeInUp\"><\/p>\n\n\n\n<div class=\"wp-block-columns py-5 is-layout-flex wp-container-core-columns-is-layout-28f84493 wp-block-columns-is-layout-flex\">\n<div class=\"wp-block-column px-3 px-md-4 px-lg-5 is-layout-flow wp-block-column-is-layout-flow\">\n<div class=\"wp-block-cb-carousel cb-single-slide animated fadeInUp\" data-slick=\"{&quot;slidesToShow&quot;:1,&quot;slidesToScroll&quot;:1,&quot;speed&quot;:300,&quot;arrows&quot;:true,&quot;dots&quot;:true,&quot;autoplay&quot;:true,&quot;autoplaySpeed&quot;:3000,&quot;infinite&quot;:true,&quot;responsive&quot;:[{&quot;breakpoint&quot;:769,&quot;settings&quot;:{&quot;slidesToShow&quot;:1,&quot;slidesToScroll&quot;:1}}]}\">\n<div class=\"wp-block-cb-slide\">\n<figure class=\"wp-block-image size-large\"><img loading=\"lazy\" decoding=\"async\" width=\"1024\" height=\"682\" src=\"https:\/\/cms.gebiom.group\/go-tec\/wp-content\/uploads\/sites\/2\/2023\/06\/GP_M401xxl_1-1024x682.jpg\" alt=\"\" class=\"wp-image-420\" srcset=\"https:\/\/go-tec.de\/wp-content\/uploads\/sites\/2\/2023\/06\/GP_M401xxl_1-1024x682.jpg 1024w, https:\/\/go-tec.de\/wp-content\/uploads\/sites\/2\/2023\/06\/GP_M401xxl_1-300x200.jpg 300w, https:\/\/go-tec.de\/wp-content\/uploads\/sites\/2\/2023\/06\/GP_M401xxl_1-768x512.jpg 768w, https:\/\/go-tec.de\/wp-content\/uploads\/sites\/2\/2023\/06\/GP_M401xxl_1-1536x1024.jpg 1536w, https:\/\/go-tec.de\/wp-content\/uploads\/sites\/2\/2023\/06\/GP_M401xxl_1.jpg 2000w\" sizes=\"auto, (max-width: 1024px) 100vw, 1024px\" \/><\/figure>\n<\/div>\n\n\n\n<div class=\"wp-block-cb-slide\">\n<figure class=\"wp-block-image size-large\"><img loading=\"lazy\" decoding=\"async\" width=\"1024\" height=\"682\" src=\"https:\/\/cms.gebiom.group\/go-tec\/wp-content\/uploads\/sites\/2\/2023\/06\/GP_M401xxl_2-1024x682.jpg\" alt=\"\" class=\"wp-image-421\" srcset=\"https:\/\/go-tec.de\/wp-content\/uploads\/sites\/2\/2023\/06\/GP_M401xxl_2-1024x682.jpg 1024w, https:\/\/go-tec.de\/wp-content\/uploads\/sites\/2\/2023\/06\/GP_M401xxl_2-300x200.jpg 300w, https:\/\/go-tec.de\/wp-content\/uploads\/sites\/2\/2023\/06\/GP_M401xxl_2-768x512.jpg 768w, https:\/\/go-tec.de\/wp-content\/uploads\/sites\/2\/2023\/06\/GP_M401xxl_2-1536x1024.jpg 1536w, https:\/\/go-tec.de\/wp-content\/uploads\/sites\/2\/2023\/06\/GP_M401xxl_2.jpg 2000w\" sizes=\"auto, (max-width: 1024px) 100vw, 1024px\" \/><\/figure>\n<\/div>\n<\/div>\n<\/div>\n\n\n\n<div class=\"wp-block-column px-3 px-md-4 px-lg-5 is-layout-flow wp-block-column-is-layout-flow\">\n<h3 class=\"wp-block-heading animated fadeInUp has-blue-color has-text-color\" id=\"ihre-vorteile-0a44e004-ba9f-4209-b38d-6b13f386e2a9\">Ihre Vorteile:<\/h3>\n\n\n\n<ul class=\"wp-block-list animated fadeInUp\">\n<li>Direkte Anbindung an CAD Software go-tec Einlagen<\/li>\n\n\n\n<li>Beidseitiges Fr\u00e4sen von Plattenmaterial<\/li>\n\n\n\n<li>Ausgestanzte Rohlinge fr\u00e4sbar \u2013 mit spezieller Halterung<\/li>\n\n\n\n<li>Geringe R\u00fcstzeiten dank gro\u00dfer Fr\u00e4stische<\/li>\n\n\n\n<li>Benutzerfreundliche Bedienung dank intelligenter Softwareanbindung<\/li>\n\n\n\n<li>H\u00f6chste Pr\u00e4zision dank modernster Steuerungstechnik<\/li>\n<\/ul>\n\n\n\n<p class=\"has-blue-color has-text-color has-link-color wp-elements-1f0f7a2e257d2478b3f334bf774a43ac\"><strong><a href=\"https:\/\/go-tec.de\/wp-content\/uploads\/sites\/2\/2023\/12\/GP-M401-XXL.pdf\" target=\"_blank\" aria-label=\" (opens in a new tab)\" rel=\"noreferrer noopener\" class=\"ek-link\">N\u00e4here Informationen erhalten Sie im Datenblatt<\/a><\/strong><\/p>\n\n\n\n<div class=\"wp-block-buttons animated fadeInUp is-layout-flex wp-block-buttons-is-layout-flex\">\n<div class=\"wp-block-button is-style-outline is-style-outline--1\"><a class=\"wp-block-button__link has-blue-color has-text-color wp-element-button\" href=\"https:\/\/go-tec.de\/go-tec-system\/#fertigen\" style=\"border-radius:5px\">Zur\u00fcck<\/a><\/div>\n\n\n\n<div class=\"wp-block-button is-style-outline is-style-outline--2\"><a class=\"wp-block-button__link has-blue-color has-text-color wp-element-button\" href=\"http:\/\/go-tec.de\/wp-content\/uploads\/sites\/2\/2026\/03\/go-tec_datenblatt_gt-joe.pdf\" style=\"border-radius:5px\" target=\"_blank\" rel=\"noreferrer noopener\">Datenblatt<\/a><\/div>\n<\/div>\n<\/div>\n<\/div>\n\n\n\n<p><\/p>\n\n\n\n<h2 class=\"wp-block-heading has-text-align-center\" id=\"-4e2bf25c-0711-45e3-9bab-9c1ca8b90f57\">\u00dcBERBLICK FAMILIE GT JOE<\/h2>\n\n\n\n<figure class=\"wp-block-table\"><table class=\"has-fixed-layout\"><tbody><tr><td>&nbsp;<\/td><td class=\"has-text-align-center\" data-align=\"center\"><strong>GT JOE 3<\/strong><strong><\/strong><\/td><td class=\"has-text-align-center\" data-align=\"center\"><strong>GT JOE 8<\/strong><strong><\/strong><\/td><td class=\"has-text-align-center\" data-align=\"center\"><strong>GT JOE 10<\/strong><strong><\/strong><\/td><\/tr><tr><td>Fr\u00e4szeiten Paar (Gr\u00f6\u00dfe 40, Ellipse Normal)<\/td><td class=\"has-text-align-center\" data-align=\"center\" colspan=\"3\">8 Minuten<\/td><\/tr><tr><td>Beidseitig fr\u00e4sen<\/td><td class=\"has-text-align-center\" data-align=\"center\" colspan=\"3\">Ja<\/td><\/tr><tr><td>Fr\u00e4smaterialien<\/td><td class=\"has-text-align-center\" data-align=\"center\" colspan=\"3\">Alle g\u00e4ngigen Fr\u00e4smaterialien \u2013 Standardisierte Fr\u00e4sh\u00f6he: 4,5 cm<\/td><\/tr><tr><td>Tischgr\u00f6\u00dfe Einlagen<\/td><td class=\"has-text-align-center\" data-align=\"center\">63 x 34 cm<\/td><td class=\"has-text-align-center\" data-align=\"center\">126 x 52 cm<\/td><td class=\"has-text-align-center\" data-align=\"center\">166 x 52 cm<\/td><\/tr><tr><td>Anzahl Einlagen (Gr\u00f6\u00dfe 40)<\/td><td class=\"has-text-align-center\" data-align=\"center\">3 Paar<\/td><td class=\"has-text-align-center\" data-align=\"center\">8 Paar<\/td><td class=\"has-text-align-center\" data-align=\"center\">10 Paar<\/td><\/tr><tr><td>Au\u00dfenma\u00dfe Maschine<\/td><td class=\"has-text-align-center\" data-align=\"center\">B 136 x T 75 x H 190 cm<\/td><td class=\"has-text-align-center\" data-align=\"center\">B 200 x T 104 x H 180 cm<\/td><td class=\"has-text-align-center\" data-align=\"center\">B 241 x T 104 x H 180 cm<\/td><\/tr><tr><td>Betriebssystem<\/td><td class=\"has-text-align-center\" data-align=\"center\" colspan=\"3\">Externer Steuerungs-PC mit Windows 11 Pro<\/td><\/tr><tr><td>Anschluss Absaugung<\/td><td class=\"has-text-align-center\" data-align=\"center\" colspan=\"3\">Wahlweise mit 40er oder 100er Durchmesser als Absaugvorrichtung<\/td><\/tr><tr><td>Gewicht<\/td><td class=\"has-text-align-center\" data-align=\"center\">250 kg<\/td><td class=\"has-text-align-center\" data-align=\"center\">350 kg<\/td><td class=\"has-text-align-center\" data-align=\"center\">400 kg<\/td><\/tr><\/tbody><\/table><\/figure>\n<\/div>\n<\/div>\n\n\n\n<div class=\"wp-block-group px-3 px-md-4 px-lg-5 contact-section has-white-color has-blue-background-color has-text-color has-background is-layout-constrained wp-container-core-group-is-layout-6e20cf48 wp-block-group-is-layout-constrained advgb-dyn-2eccdb19\">\n<div class=\"wp-block-columns py-5 is-layout-flex wp-container-core-columns-is-layout-28f84493 wp-block-columns-is-layout-flex\">\n<div class=\"wp-block-column animated fadeInLeft is-layout-flow wp-block-column-is-layout-flow\" style=\"flex-basis:66.66%\">\n<h3 class=\"wp-block-heading advgb-dyn-b31c1e16\">Gerne beraten wir Sie pers\u00f6nlich!<\/h3>\n\n\n\n<p>Wir rufen Sie zeitnah zur\u00fcck! <\/p>\n<\/div>\n\n\n\n<div class=\"wp-block-column is-vertically-aligned-center animated fadeInRight is-layout-flow wp-block-column-is-layout-flow\" style=\"flex-basis:33.33%\">\n<div class=\"wp-block-buttons animated fadeInUp mb-5 is-content-justification-center is-layout-flex wp-container-core-buttons-is-layout-a89b3969 wp-block-buttons-is-layout-flex\">\n<div class=\"wp-block-button is-style-fill advgb-dyn-3db009d7\"><a class=\"wp-block-button__link has-white-color has-green-background-color has-text-color has-background wp-element-button\" href=\"https:\/\/go-tec.de\/kontaktsales\/\" style=\"border-radius:5px\">Zur Kontaktanfrage<\/a><\/div>\n<\/div>\n<\/div>\n<\/div>\n<\/div>\n\n\n\n<p><\/p>\n","protected":false},"excerpt":{"rendered":"<p>Effiziente Herstellung von orthop\u00e4dischen Einlagen Produktserie: GT JOE 3 | GT JOE 8 | GT JOE 10 Mit der Fr\u00e4smaschinen-Serie GT JOE automatisieren Sie die pr\u00e4zise und wirtschaftliche Herstellung von orthop\u00e4dischen Einlagen \u2013 zuverl\u00e4ssig, skalierbar und in konstant hoher Qualit\u00e4t. Die leistungsstarken CNC-Fr\u00e4sen GT JOE 3, GT JOE 8 und GT JOE 10 wurden speziell [&hellip;]<\/p>\n","protected":false},"author":8,"featured_media":0,"parent":12,"menu_order":0,"comment_status":"closed","ping_status":"closed","template":"","meta":{"inline_featured_image":false,"advgb_blocks_editor_width":"","advgb_blocks_columns_visual_guide":"","footnotes":""},"class_list":["post-419","page","type-page","status-publish","hentry"],"yoast_head":"<!-- This site is optimized with the Yoast SEO plugin v27.2 - https:\/\/yoast.com\/product\/yoast-seo-wordpress\/ -->\n<title>GT JOE -<\/title>\n<meta name=\"description\" content=\"CNC-Fr\u00e4se f\u00fcr Einlagenfertigung: Mit der GT JOE Serie produzieren Orthop\u00e4dietechnik-Betriebe pr\u00e4zise Einlagen effizient.\" \/>\n<meta name=\"robots\" content=\"index, follow, max-snippet:-1, max-image-preview:large, max-video-preview:-1\" \/>\n<link rel=\"canonical\" href=\"https:\/\/go-tec.de\/en\/go-tec-system\/gt-joe\/\" \/>\n<meta property=\"og:locale\" content=\"en_US\" \/>\n<meta property=\"og:type\" content=\"article\" \/>\n<meta property=\"og:title\" content=\"GT JOE -\" \/>\n<meta property=\"og:description\" content=\"CNC-Fr\u00e4se f\u00fcr Einlagenfertigung: Mit der GT JOE Serie produzieren Orthop\u00e4dietechnik-Betriebe pr\u00e4zise Einlagen effizient.\" \/>\n<meta property=\"og:url\" content=\"https:\/\/go-tec.de\/en\/go-tec-system\/gt-joe\/\" \/>\n<meta property=\"article:modified_time\" content=\"2026-03-13T08:36:43+00:00\" \/>\n<meta property=\"og:image\" content=\"https:\/\/go-tec.de\/wp-content\/uploads\/sites\/2\/2026\/03\/go-tec_gt-joe_innenansicht-1024x425.png\" \/>\n<meta name=\"twitter:card\" content=\"summary_large_image\" \/>\n<meta name=\"twitter:label1\" content=\"Est. reading time\" \/>\n\t<meta name=\"twitter:data1\" content=\"3 minutes\" \/>\n<script type=\"application\/ld+json\" class=\"yoast-schema-graph\">{\"@context\":\"https:\/\/schema.org\",\"@graph\":[{\"@type\":\"WebPage\",\"@id\":\"https:\/\/go-tec.de\/go-tec-system\/gt-joe\/\",\"url\":\"https:\/\/go-tec.de\/go-tec-system\/gt-joe\/\",\"name\":\"GT JOE -\",\"isPartOf\":{\"@id\":\"https:\/\/go-tec.de\/en\/#website\"},\"primaryImageOfPage\":{\"@id\":\"https:\/\/go-tec.de\/go-tec-system\/gt-joe\/#primaryimage\"},\"image\":{\"@id\":\"https:\/\/go-tec.de\/go-tec-system\/gt-joe\/#primaryimage\"},\"thumbnailUrl\":\"https:\/\/go-tec.de\/wp-content\/uploads\/sites\/2\/2026\/03\/go-tec_gt-joe_innenansicht-1024x425.png\",\"datePublished\":\"2023-06-15T10:53:22+00:00\",\"dateModified\":\"2026-03-13T08:36:43+00:00\",\"description\":\"CNC-Fr\u00e4se f\u00fcr Einlagenfertigung: Mit der GT JOE Serie produzieren Orthop\u00e4dietechnik-Betriebe pr\u00e4zise Einlagen effizient.\",\"breadcrumb\":{\"@id\":\"https:\/\/go-tec.de\/go-tec-system\/gt-joe\/#breadcrumb\"},\"inLanguage\":\"en-US\",\"potentialAction\":[{\"@type\":\"ReadAction\",\"target\":[\"https:\/\/go-tec.de\/go-tec-system\/gt-joe\/\"]}]},{\"@type\":\"ImageObject\",\"inLanguage\":\"en-US\",\"@id\":\"https:\/\/go-tec.de\/go-tec-system\/gt-joe\/#primaryimage\",\"url\":\"https:\/\/go-tec.de\/wp-content\/uploads\/sites\/2\/2026\/03\/go-tec_gt-joe_innenansicht-1024x425.png\",\"contentUrl\":\"https:\/\/go-tec.de\/wp-content\/uploads\/sites\/2\/2026\/03\/go-tec_gt-joe_innenansicht-1024x425.png\"},{\"@type\":\"BreadcrumbList\",\"@id\":\"https:\/\/go-tec.de\/go-tec-system\/gt-joe\/#breadcrumb\",\"itemListElement\":[{\"@type\":\"ListItem\",\"position\":1,\"name\":\"Startseite\",\"item\":\"https:\/\/go-tec.de\/\"},{\"@type\":\"ListItem\",\"position\":2,\"name\":\"go-tec System\",\"item\":\"https:\/\/go-tec.de\/ja\/go-tec-system\/\"},{\"@type\":\"ListItem\",\"position\":3,\"name\":\"GT JOE\"}]},{\"@type\":\"WebSite\",\"@id\":\"https:\/\/go-tec.de\/en\/#website\",\"url\":\"https:\/\/go-tec.de\/en\/\",\"name\":\"\",\"description\":\"\",\"potentialAction\":[{\"@type\":\"SearchAction\",\"target\":{\"@type\":\"EntryPoint\",\"urlTemplate\":\"https:\/\/go-tec.de\/en\/?s={search_term_string}\"},\"query-input\":{\"@type\":\"PropertyValueSpecification\",\"valueRequired\":true,\"valueName\":\"search_term_string\"}}],\"inLanguage\":\"en-US\"}]}<\/script>\n<!-- \/ Yoast SEO plugin. -->","yoast_head_json":{"title":"GT JOE -","description":"CNC milling machine for insole production: With the GT JOE series, orthopaedic technology companies produce precise insoles efficiently.","robots":{"index":"index","follow":"follow","max-snippet":"max-snippet:-1","max-image-preview":"max-image-preview:large","max-video-preview":"max-video-preview:-1"},"canonical":"https:\/\/go-tec.de\/en\/go-tec-system\/gt-joe\/","og_locale":"en_US","og_type":"article","og_title":"GT JOE -","og_description":"CNC-Fr\u00e4se f\u00fcr Einlagenfertigung: Mit der GT JOE Serie produzieren Orthop\u00e4dietechnik-Betriebe pr\u00e4zise Einlagen effizient.","og_url":"https:\/\/go-tec.de\/en\/go-tec-system\/gt-joe\/","article_modified_time":"2026-03-13T08:36:43+00:00","og_image":[{"url":"https:\/\/go-tec.de\/wp-content\/uploads\/sites\/2\/2026\/03\/go-tec_gt-joe_innenansicht-1024x425.png","type":"","width":"","height":""}],"twitter_card":"summary_large_image","twitter_misc":{"Est. reading time":"3 minutes"},"schema":{"@context":"https:\/\/schema.org","@graph":[{"@type":"WebPage","@id":"https:\/\/go-tec.de\/go-tec-system\/gt-joe\/","url":"https:\/\/go-tec.de\/go-tec-system\/gt-joe\/","name":"GT JOE -","isPartOf":{"@id":"https:\/\/go-tec.de\/en\/#website"},"primaryImageOfPage":{"@id":"https:\/\/go-tec.de\/go-tec-system\/gt-joe\/#primaryimage"},"image":{"@id":"https:\/\/go-tec.de\/go-tec-system\/gt-joe\/#primaryimage"},"thumbnailUrl":"https:\/\/go-tec.de\/wp-content\/uploads\/sites\/2\/2026\/03\/go-tec_gt-joe_innenansicht-1024x425.png","datePublished":"2023-06-15T10:53:22+00:00","dateModified":"2026-03-13T08:36:43+00:00","description":"CNC milling machine for insole production: With the GT JOE series, orthopaedic technology companies produce precise insoles efficiently.","breadcrumb":{"@id":"https:\/\/go-tec.de\/go-tec-system\/gt-joe\/#breadcrumb"},"inLanguage":"en-US","potentialAction":[{"@type":"ReadAction","target":["https:\/\/go-tec.de\/go-tec-system\/gt-joe\/"]}]},{"@type":"ImageObject","inLanguage":"en-US","@id":"https:\/\/go-tec.de\/go-tec-system\/gt-joe\/#primaryimage","url":"https:\/\/go-tec.de\/wp-content\/uploads\/sites\/2\/2026\/03\/go-tec_gt-joe_innenansicht-1024x425.png","contentUrl":"https:\/\/go-tec.de\/wp-content\/uploads\/sites\/2\/2026\/03\/go-tec_gt-joe_innenansicht-1024x425.png"},{"@type":"BreadcrumbList","@id":"https:\/\/go-tec.de\/go-tec-system\/gt-joe\/#breadcrumb","itemListElement":[{"@type":"ListItem","position":1,"name":"Startseite","item":"https:\/\/go-tec.de\/"},{"@type":"ListItem","position":2,"name":"go-tec System","item":"https:\/\/go-tec.de\/ja\/go-tec-system\/"},{"@type":"ListItem","position":3,"name":"GT JOE"}]},{"@type":"WebSite","@id":"https:\/\/go-tec.de\/en\/#website","url":"https:\/\/go-tec.de\/en\/","name":"","description":"","potentialAction":[{"@type":"SearchAction","target":{"@type":"EntryPoint","urlTemplate":"https:\/\/go-tec.de\/en\/?s={search_term_string}"},"query-input":{"@type":"PropertyValueSpecification","valueRequired":true,"valueName":"search_term_string"}}],"inLanguage":"en-US"}]}},"coauthors":[],"author_meta":{"author_link":"https:\/\/go-tec.de\/en\/author\/akoctar\/","display_name":"akoctar"},"relative_dates":{"created":"Posted 3 years ago","modified":"Updated 1 month ago"},"absolute_dates":{"created":"Posted on 15. June 2023","modified":"Updated on 13. March 2026"},"absolute_dates_time":{"created":"Posted on 15. June 2023 12:53","modified":"Updated on 13. March 2026 9:36"},"featured_img_caption":"","featured_img":false,"series_order":"","_links":{"self":[{"href":"https:\/\/go-tec.de\/en\/wp-json\/wp\/v2\/pages\/419","targetHints":{"allow":["GET"]}}],"collection":[{"href":"https:\/\/go-tec.de\/en\/wp-json\/wp\/v2\/pages"}],"about":[{"href":"https:\/\/go-tec.de\/en\/wp-json\/wp\/v2\/types\/page"}],"author":[{"embeddable":true,"href":"https:\/\/go-tec.de\/en\/wp-json\/wp\/v2\/users\/8"}],"replies":[{"embeddable":true,"href":"https:\/\/go-tec.de\/en\/wp-json\/wp\/v2\/comments?post=419"}],"version-history":[{"count":19,"href":"https:\/\/go-tec.de\/en\/wp-json\/wp\/v2\/pages\/419\/revisions"}],"predecessor-version":[{"id":1233,"href":"https:\/\/go-tec.de\/en\/wp-json\/wp\/v2\/pages\/419\/revisions\/1233"}],"up":[{"embeddable":true,"href":"https:\/\/go-tec.de\/en\/wp-json\/wp\/v2\/pages\/12"}],"wp:attachment":[{"href":"https:\/\/go-tec.de\/en\/wp-json\/wp\/v2\/media?parent=419"}],"curies":[{"name":"wp","href":"https:\/\/api.w.org\/{rel}","templated":true}]}}