{"id":413,"date":"2023-06-15T12:37:51","date_gmt":"2023-06-15T10:37:51","guid":{"rendered":"https:\/\/cms.gebiom.group\/go-tec\/?page_id=413"},"modified":"2026-03-18T07:06:58","modified_gmt":"2026-03-18T06:06:58","slug":"gp-m320","status":"publish","type":"page","link":"https:\/\/go-tec.de\/en\/go-tec-system\/gp-m320\/","title":{"rendered":"GP M320"},"content":{"rendered":"\n<div class=\"wp-block-cover is-light\" style=\"min-height:70vh;aspect-ratio:unset;\"><video class=\"wp-block-cover__video-background intrinsic-ignore\" autoplay muted loop playsinline src=\"https:\/\/cms.gebiom.group\/go-tec\/wp-content\/uploads\/sites\/2\/2023\/06\/GP_M304.mp4\" data-object-fit=\"cover\"><\/video><span aria-hidden=\"true\" class=\"wp-block-cover__background has-background-dim-30 has-background-dim\"><\/span><div class=\"wp-block-cover__inner-container is-layout-flow wp-block-cover-is-layout-flow\">\n<div class=\"wp-block-group is-layout-flow wp-block-group-is-layout-flow\">\n<h2 class=\"wp-block-heading has-text-align-center px-3 px-md-4 px-lg-5 animated fadeInUp has-white-color has-text-color\">GP M320<\/h2>\n<\/div>\n<\/div><\/div>\n\n\n\n<div class=\"wp-block-group py-5 px-3 px-md-4 px-lg-5 has-darkgrey-color has-text-color is-layout-flow wp-block-group-is-layout-flow\">\n<div class=\"wp-block-group is-layout-constrained wp-container-core-group-is-layout-703bee88 wp-block-group-is-layout-constrained\">\n<h2 class=\"wp-block-heading has-text-align-center animated fadeInUp\">Einlagenfr\u00e4se GP M320 \u2013 Leistungsstark f\u00fcr die Serienfertigung<\/h2>\n\n\n\n<p class=\"has-text-align-center animated fadeInUp\">Die <strong>Einlagenfr\u00e4se GP M320 von go-tec<\/strong> steht f\u00fcr maximale Leistung und Effizienz in der professionellen Fertigung orthop\u00e4discher Einlagen. Sie erm\u00f6glicht die <strong>schnelle, pr\u00e4zise Bearbeitung<\/strong> verschiedenster Materialien und ist ideal f\u00fcr hohe Produktionsvolumen.<\/p>\n\n\n\n<p class=\"has-text-align-center animated fadeInUp\">Dank robuster Bauweise, hoher Fr\u00e4sleistung und nahtloser Integration in digitale Workflows eignet sich die GP M320 besonders f\u00fcr <strong>gr\u00f6\u00dfere Orthop\u00e4diewerkst\u00e4tten und die Serienfertigung<\/strong>.<\/p>\n\n\n\n<div class=\"wp-block-columns py-5 is-layout-flex wp-container-core-columns-is-layout-28f84493 wp-block-columns-is-layout-flex\">\n<div class=\"wp-block-column px-3 px-md-4 px-lg-5 is-layout-flow wp-block-column-is-layout-flow\">\n<div class=\"wp-block-cb-carousel cb-single-slide animated fadeInUp\" data-slick=\"{&quot;slidesToShow&quot;:1,&quot;slidesToScroll&quot;:1,&quot;speed&quot;:300,&quot;arrows&quot;:true,&quot;dots&quot;:true,&quot;autoplay&quot;:true,&quot;autoplaySpeed&quot;:3000,&quot;infinite&quot;:true,&quot;responsive&quot;:[{&quot;breakpoint&quot;:769,&quot;settings&quot;:{&quot;slidesToShow&quot;:1,&quot;slidesToScroll&quot;:1}}]}\">\n<div class=\"wp-block-cb-slide\">\n<figure class=\"wp-block-image size-full\"><img loading=\"lazy\" decoding=\"async\" width=\"514\" height=\"342\" src=\"https:\/\/cms.gebiom.group\/go-tec\/wp-content\/uploads\/sites\/2\/2023\/06\/Web1.png\" alt=\"\" class=\"wp-image-403\" srcset=\"https:\/\/go-tec.de\/wp-content\/uploads\/sites\/2\/2023\/06\/Web1.png 514w, https:\/\/go-tec.de\/wp-content\/uploads\/sites\/2\/2023\/06\/Web1-300x200.png 300w\" sizes=\"auto, (max-width: 514px) 100vw, 514px\" \/><\/figure>\n<\/div>\n\n\n\n<div class=\"wp-block-cb-slide\">\n<figure class=\"wp-block-image size-full\"><img loading=\"lazy\" decoding=\"async\" width=\"514\" height=\"342\" src=\"https:\/\/cms.gebiom.group\/go-tec\/wp-content\/uploads\/sites\/2\/2023\/06\/Web2.png\" alt=\"\" class=\"wp-image-404\" srcset=\"https:\/\/go-tec.de\/wp-content\/uploads\/sites\/2\/2023\/06\/Web2.png 514w, https:\/\/go-tec.de\/wp-content\/uploads\/sites\/2\/2023\/06\/Web2-300x200.png 300w\" sizes=\"auto, (max-width: 514px) 100vw, 514px\" \/><\/figure>\n<\/div>\n<\/div>\n<\/div>\n\n\n\n<div class=\"wp-block-column px-3 px-md-4 px-lg-5 is-layout-flow wp-block-column-is-layout-flow\">\n<h3 class=\"wp-block-heading animated fadeInUp has-blue-color has-text-color\">Ihre Vorteile:<\/h3>\n\n\n\n<ul class=\"wp-block-list animated fadeInUp\">\n<li>Leistungsstarker Servomotor<\/li>\n\n\n\n<li>Einlagenfertigung in 8 Minuten pro Paar<\/li>\n\n\n\n<li>Gro\u00dfer Tisch, Fr\u00e4sen bis zu 3 Einlagenpaare m\u00f6glich<\/li>\n\n\n\n<li>Integrierter PC inklusive Monitor, Tastatur und Maus<\/li>\n\n\n\n<li>Eingebauter Vakuumtisch \u2013 Fr\u00e4sen ohne zus\u00e4tzliches Kleben<\/li>\n\n\n\n<li>Anschluss an zentrale Absaugung m\u00f6glich<\/li>\n<\/ul>\n\n\n\n<p class=\"has-blue-color has-text-color has-link-color wp-elements-db462c3607652e72d70b43deea1b49c3\"><strong><a href=\"https:\/\/go-tec.de\/wp-content\/uploads\/sites\/2\/2024\/01\/Datenblatt-GP-M320.pdf\" target=\"_blank\" aria-label=\" (opens in a new tab)\" rel=\"noreferrer noopener\" class=\"ek-link\">N\u00e4here Informationen erhalten Sie im Datenblatt<\/a><\/strong><\/p>\n\n\n\n<div class=\"wp-block-buttons animated fadeInUp is-layout-flex wp-block-buttons-is-layout-flex\">\n<div class=\"wp-block-button is-style-outline is-style-outline--1\"><a class=\"wp-block-button__link has-blue-color has-text-color wp-element-button\" href=\"https:\/\/go-tec.de\/go-tec-system\/#fertigen\" style=\"border-radius:5px\">Zur\u00fcck<\/a><\/div>\n\n\n\n<div class=\"wp-block-button is-style-outline is-style-outline--2\"><a class=\"wp-block-button__link has-blue-color has-text-color wp-element-button\" href=\"https:\/\/go-tec.de\/wp-content\/uploads\/sites\/2\/2024\/01\/Datenblatt-GP-M320.pdf\" style=\"border-radius:5px\">Datenblatt<\/a><\/div>\n<\/div>\n<\/div>\n<\/div>\n<\/div>\n<\/div>\n\n\n\n<div style=\"height:32px\" aria-hidden=\"true\" class=\"wp-block-spacer\"><\/div>\n\n\n\n<p class=\"has-text-align-center has-white-color has-mediumgrey-background-color has-text-color has-background has-link-color wp-elements-1e7cf830c5837239ac91b9d3d620e257\">Hohe Fr\u00e4sleistung f\u00fcr gezielte St\u00fcckzahlen | Pr\u00e4zise und zuverl\u00e4ssige Etgebnisse | Effiziente Serienfertigung | Optimal f\u00fcr den professionellen Einsatz<\/p>\n\n\n\n<div class=\"wp-block-group px-3 px-md-4 px-lg-5 contact-section has-white-color has-blue-background-color has-text-color has-background is-layout-constrained wp-container-core-group-is-layout-6e20cf48 wp-block-group-is-layout-constrained advgb-dyn-2eccdb19\">\n<div class=\"wp-block-columns py-5 is-layout-flex wp-container-core-columns-is-layout-28f84493 wp-block-columns-is-layout-flex\">\n<div class=\"wp-block-column animated fadeInLeft is-layout-flow wp-block-column-is-layout-flow\" style=\"flex-basis:66.66%\">\n<h3 class=\"wp-block-heading advgb-dyn-b31c1e16\">Gerne beraten wir Sie pers\u00f6nlich!<\/h3>\n\n\n\n<p>Wir rufen Sie zeitnah zur\u00fcck! <\/p>\n<\/div>\n\n\n\n<div class=\"wp-block-column is-vertically-aligned-center animated fadeInRight is-layout-flow wp-block-column-is-layout-flow\" style=\"flex-basis:33.33%\">\n<div class=\"wp-block-buttons animated fadeInUp mb-5 is-content-justification-center is-layout-flex wp-container-core-buttons-is-layout-a89b3969 wp-block-buttons-is-layout-flex\">\n<div class=\"wp-block-button is-style-fill advgb-dyn-3db009d7\"><a class=\"wp-block-button__link has-white-color has-green-background-color has-text-color has-background wp-element-button\" href=\"https:\/\/go-tec.de\/kontaktsales\/\" style=\"border-radius:5px\">Zur Kontaktanfrage<\/a><\/div>\n<\/div>\n<\/div>\n<\/div>\n<\/div>\n","protected":false},"excerpt":{"rendered":"<p>Einlagenfr\u00e4se GP M320 \u2013 Leistungsstark f\u00fcr die Serienfertigung Die Einlagenfr\u00e4se GP M320 von go-tec steht f\u00fcr maximale Leistung und Effizienz in der professionellen Fertigung orthop\u00e4discher Einlagen. Sie erm\u00f6glicht die schnelle, pr\u00e4zise Bearbeitung verschiedenster Materialien und ist ideal f\u00fcr hohe Produktionsvolumen. Dank robuster Bauweise, hoher Fr\u00e4sleistung und nahtloser Integration in digitale Workflows eignet sich die GP [&hellip;]<\/p>\n","protected":false},"author":8,"featured_media":0,"parent":12,"menu_order":0,"comment_status":"closed","ping_status":"closed","template":"","meta":{"inline_featured_image":false,"advgb_blocks_editor_width":"","advgb_blocks_columns_visual_guide":"","footnotes":""},"class_list":["post-413","page","type-page","status-publish","hentry"],"yoast_head":"<!-- This site is optimized with the Yoast SEO plugin v27.2 - https:\/\/yoast.com\/product\/yoast-seo-wordpress\/ -->\n<title>GP M320 -<\/title>\n<meta name=\"description\" content=\"Die go-tec Einlagenfr\u00e4se GP M320 bietet maximale Leistung f\u00fcr die pr\u00e4zise Serienfertigung orthop\u00e4discher Einlagen. Ideal f\u00fcr Profis.\" \/>\n<meta name=\"robots\" content=\"index, follow, max-snippet:-1, max-image-preview:large, max-video-preview:-1\" \/>\n<link rel=\"canonical\" href=\"https:\/\/go-tec.de\/en\/go-tec-system\/gp-m320\/\" \/>\n<meta property=\"og:locale\" content=\"en_US\" \/>\n<meta property=\"og:type\" content=\"article\" \/>\n<meta property=\"og:title\" content=\"GP M320 -\" \/>\n<meta property=\"og:description\" content=\"Die go-tec Einlagenfr\u00e4se GP M320 bietet maximale Leistung f\u00fcr die pr\u00e4zise Serienfertigung orthop\u00e4discher Einlagen. Ideal f\u00fcr Profis.\" \/>\n<meta property=\"og:url\" content=\"https:\/\/go-tec.de\/en\/go-tec-system\/gp-m320\/\" \/>\n<meta property=\"article:modified_time\" content=\"2026-03-18T06:06:58+00:00\" \/>\n<meta property=\"og:image\" content=\"https:\/\/cms.gebiom.group\/go-tec\/wp-content\/uploads\/sites\/2\/2023\/06\/Web1.png\" \/>\n<meta name=\"twitter:card\" content=\"summary_large_image\" \/>\n<meta name=\"twitter:label1\" content=\"Est. reading time\" \/>\n\t<meta name=\"twitter:data1\" content=\"2 minutes\" \/>\n<script type=\"application\/ld+json\" class=\"yoast-schema-graph\">{\"@context\":\"https:\/\/schema.org\",\"@graph\":[{\"@type\":\"WebPage\",\"@id\":\"https:\/\/go-tec.de\/go-tec-system\/gp-m320\/\",\"url\":\"https:\/\/go-tec.de\/go-tec-system\/gp-m320\/\",\"name\":\"GP M320 -\",\"isPartOf\":{\"@id\":\"http:\/\/go-tec.de\/#website\"},\"primaryImageOfPage\":{\"@id\":\"https:\/\/go-tec.de\/go-tec-system\/gp-m320\/#primaryimage\"},\"image\":{\"@id\":\"https:\/\/go-tec.de\/go-tec-system\/gp-m320\/#primaryimage\"},\"thumbnailUrl\":\"https:\/\/cms.gebiom.group\/go-tec\/wp-content\/uploads\/sites\/2\/2023\/06\/Web1.png\",\"datePublished\":\"2023-06-15T10:37:51+00:00\",\"dateModified\":\"2026-03-18T06:06:58+00:00\",\"description\":\"Die go-tec Einlagenfr\u00e4se GP M320 bietet maximale Leistung f\u00fcr die pr\u00e4zise Serienfertigung orthop\u00e4discher Einlagen. Ideal f\u00fcr Profis.\",\"breadcrumb\":{\"@id\":\"https:\/\/go-tec.de\/go-tec-system\/gp-m320\/#breadcrumb\"},\"inLanguage\":\"en-US\",\"potentialAction\":[{\"@type\":\"ReadAction\",\"target\":[\"https:\/\/go-tec.de\/go-tec-system\/gp-m320\/\"]}]},{\"@type\":\"ImageObject\",\"inLanguage\":\"en-US\",\"@id\":\"https:\/\/go-tec.de\/go-tec-system\/gp-m320\/#primaryimage\",\"url\":\"https:\/\/cms.gebiom.group\/go-tec\/wp-content\/uploads\/sites\/2\/2023\/06\/Web1.png\",\"contentUrl\":\"https:\/\/cms.gebiom.group\/go-tec\/wp-content\/uploads\/sites\/2\/2023\/06\/Web1.png\"},{\"@type\":\"BreadcrumbList\",\"@id\":\"https:\/\/go-tec.de\/go-tec-system\/gp-m320\/#breadcrumb\",\"itemListElement\":[{\"@type\":\"ListItem\",\"position\":1,\"name\":\"Startseite\",\"item\":\"http:\/\/go-tec.de\/\"},{\"@type\":\"ListItem\",\"position\":2,\"name\":\"go-tec System\",\"item\":\"https:\/\/go-tec.de\/go-tec-system\/\"},{\"@type\":\"ListItem\",\"position\":3,\"name\":\"GP M320\"}]},{\"@type\":\"WebSite\",\"@id\":\"http:\/\/go-tec.de\/#website\",\"url\":\"http:\/\/go-tec.de\/\",\"name\":\"\",\"description\":\"\",\"potentialAction\":[{\"@type\":\"SearchAction\",\"target\":{\"@type\":\"EntryPoint\",\"urlTemplate\":\"http:\/\/go-tec.de\/?s={search_term_string}\"},\"query-input\":{\"@type\":\"PropertyValueSpecification\",\"valueRequired\":true,\"valueName\":\"search_term_string\"}}],\"inLanguage\":\"en-US\"}]}<\/script>\n<!-- \/ Yoast SEO plugin. -->","yoast_head_json":{"title":"GP M320 -","description":"Die go-tec Einlagenfr\u00e4se GP M320 bietet maximale Leistung f\u00fcr die pr\u00e4zise Serienfertigung orthop\u00e4discher Einlagen. Ideal f\u00fcr Profis.","robots":{"index":"index","follow":"follow","max-snippet":"max-snippet:-1","max-image-preview":"max-image-preview:large","max-video-preview":"max-video-preview:-1"},"canonical":"https:\/\/go-tec.de\/en\/go-tec-system\/gp-m320\/","og_locale":"en_US","og_type":"article","og_title":"GP M320 -","og_description":"Die go-tec Einlagenfr\u00e4se GP M320 bietet maximale Leistung f\u00fcr die pr\u00e4zise Serienfertigung orthop\u00e4discher Einlagen. Ideal f\u00fcr Profis.","og_url":"https:\/\/go-tec.de\/en\/go-tec-system\/gp-m320\/","article_modified_time":"2026-03-18T06:06:58+00:00","og_image":[{"url":"https:\/\/cms.gebiom.group\/go-tec\/wp-content\/uploads\/sites\/2\/2023\/06\/Web1.png","type":"","width":"","height":""}],"twitter_card":"summary_large_image","twitter_misc":{"Est. reading time":"2 minutes"},"schema":{"@context":"https:\/\/schema.org","@graph":[{"@type":"WebPage","@id":"https:\/\/go-tec.de\/go-tec-system\/gp-m320\/","url":"https:\/\/go-tec.de\/go-tec-system\/gp-m320\/","name":"GP M320 -","isPartOf":{"@id":"http:\/\/go-tec.de\/#website"},"primaryImageOfPage":{"@id":"https:\/\/go-tec.de\/go-tec-system\/gp-m320\/#primaryimage"},"image":{"@id":"https:\/\/go-tec.de\/go-tec-system\/gp-m320\/#primaryimage"},"thumbnailUrl":"https:\/\/cms.gebiom.group\/go-tec\/wp-content\/uploads\/sites\/2\/2023\/06\/Web1.png","datePublished":"2023-06-15T10:37:51+00:00","dateModified":"2026-03-18T06:06:58+00:00","description":"Die go-tec Einlagenfr\u00e4se GP M320 bietet maximale Leistung f\u00fcr die pr\u00e4zise Serienfertigung orthop\u00e4discher Einlagen. Ideal f\u00fcr Profis.","breadcrumb":{"@id":"https:\/\/go-tec.de\/go-tec-system\/gp-m320\/#breadcrumb"},"inLanguage":"en-US","potentialAction":[{"@type":"ReadAction","target":["https:\/\/go-tec.de\/go-tec-system\/gp-m320\/"]}]},{"@type":"ImageObject","inLanguage":"en-US","@id":"https:\/\/go-tec.de\/go-tec-system\/gp-m320\/#primaryimage","url":"https:\/\/cms.gebiom.group\/go-tec\/wp-content\/uploads\/sites\/2\/2023\/06\/Web1.png","contentUrl":"https:\/\/cms.gebiom.group\/go-tec\/wp-content\/uploads\/sites\/2\/2023\/06\/Web1.png"},{"@type":"BreadcrumbList","@id":"https:\/\/go-tec.de\/go-tec-system\/gp-m320\/#breadcrumb","itemListElement":[{"@type":"ListItem","position":1,"name":"Startseite","item":"http:\/\/go-tec.de\/"},{"@type":"ListItem","position":2,"name":"go-tec System","item":"https:\/\/go-tec.de\/go-tec-system\/"},{"@type":"ListItem","position":3,"name":"GP M320"}]},{"@type":"WebSite","@id":"http:\/\/go-tec.de\/#website","url":"http:\/\/go-tec.de\/","name":"","description":"","potentialAction":[{"@type":"SearchAction","target":{"@type":"EntryPoint","urlTemplate":"http:\/\/go-tec.de\/?s={search_term_string}"},"query-input":{"@type":"PropertyValueSpecification","valueRequired":true,"valueName":"search_term_string"}}],"inLanguage":"en-US"}]}},"coauthors":[],"author_meta":{"author_link":"https:\/\/go-tec.de\/en\/author\/akoctar\/","display_name":"akoctar"},"relative_dates":{"created":"Posted 3 years ago","modified":"Updated 1 month ago"},"absolute_dates":{"created":"Posted on 15. June 2023","modified":"Updated on 18. March 2026"},"absolute_dates_time":{"created":"Posted on 15. June 2023 12:37","modified":"Updated on 18. March 2026 7:06"},"featured_img_caption":"","featured_img":false,"series_order":"","_links":{"self":[{"href":"https:\/\/go-tec.de\/en\/wp-json\/wp\/v2\/pages\/413","targetHints":{"allow":["GET"]}}],"collection":[{"href":"https:\/\/go-tec.de\/en\/wp-json\/wp\/v2\/pages"}],"about":[{"href":"https:\/\/go-tec.de\/en\/wp-json\/wp\/v2\/types\/page"}],"author":[{"embeddable":true,"href":"https:\/\/go-tec.de\/en\/wp-json\/wp\/v2\/users\/8"}],"replies":[{"embeddable":true,"href":"https:\/\/go-tec.de\/en\/wp-json\/wp\/v2\/comments?post=413"}],"version-history":[{"count":9,"href":"https:\/\/go-tec.de\/en\/wp-json\/wp\/v2\/pages\/413\/revisions"}],"predecessor-version":[{"id":1314,"href":"https:\/\/go-tec.de\/en\/wp-json\/wp\/v2\/pages\/413\/revisions\/1314"}],"up":[{"embeddable":true,"href":"https:\/\/go-tec.de\/en\/wp-json\/wp\/v2\/pages\/12"}],"wp:attachment":[{"href":"https:\/\/go-tec.de\/en\/wp-json\/wp\/v2\/media?parent=413"}],"curies":[{"name":"wp","href":"https:\/\/api.w.org\/{rel}","templated":true}]}}