{"id":402,"date":"2023-06-15T12:30:54","date_gmt":"2023-06-15T10:30:54","guid":{"rendered":"https:\/\/cms.gebiom.group\/go-tec\/?page_id=402"},"modified":"2026-03-24T11:58:40","modified_gmt":"2026-03-24T10:58:40","slug":"gt-rocky","status":"publish","type":"page","link":"https:\/\/go-tec.de\/en\/go-tec-system\/gt-rocky\/","title":{"rendered":"GT Rocky"},"content":{"rendered":"\n<div class=\"wp-block-cover\" style=\"min-height:70vh;aspect-ratio:unset;\"><img loading=\"lazy\" decoding=\"async\" width=\"1024\" height=\"376\" class=\"wp-block-cover__image-background wp-image-1358 size-large\" alt=\"\" src=\"http:\/\/go-tec.de\/wp-content\/uploads\/sites\/2\/2026\/03\/go-tec_gt_rocky_header_muenster-1024x376.png\" data-object-fit=\"cover\" srcset=\"https:\/\/go-tec.de\/wp-content\/uploads\/sites\/2\/2026\/03\/go-tec_gt_rocky_header_muenster-1024x376.png 1024w, https:\/\/go-tec.de\/wp-content\/uploads\/sites\/2\/2026\/03\/go-tec_gt_rocky_header_muenster-300x110.png 300w, https:\/\/go-tec.de\/wp-content\/uploads\/sites\/2\/2026\/03\/go-tec_gt_rocky_header_muenster-768x282.png 768w, https:\/\/go-tec.de\/wp-content\/uploads\/sites\/2\/2026\/03\/go-tec_gt_rocky_header_muenster-1536x564.png 1536w, https:\/\/go-tec.de\/wp-content\/uploads\/sites\/2\/2026\/03\/go-tec_gt_rocky_header_muenster-2048x751.png 2048w, https:\/\/go-tec.de\/wp-content\/uploads\/sites\/2\/2026\/03\/go-tec_gt_rocky_header_muenster-18x7.png 18w\" sizes=\"auto, (max-width: 1024px) 100vw, 1024px\" \/><span aria-hidden=\"true\" class=\"wp-block-cover__background has-blue-background-color has-background-dim\"><\/span><div class=\"wp-block-cover__inner-container is-layout-flow wp-block-cover-is-layout-flow\">\n<div class=\"wp-block-group is-layout-flow wp-block-group-is-layout-flow\">\n<h2 class=\"wp-block-heading has-text-align-center px-3 px-md-4 px-lg-5 animated fadeInUp has-white-color has-text-color\">GT Rocky<\/h2>\n<\/div>\n<\/div><\/div>\n\n\n\n<div class=\"wp-block-group py-5 px-3 px-md-4 px-lg-5 has-darkgrey-color has-text-color is-layout-flow wp-block-group-is-layout-flow\">\n<div class=\"wp-block-group is-layout-constrained wp-container-core-group-is-layout-703bee88 wp-block-group-is-layout-constrained\">\n<h2 class=\"wp-block-heading has-text-align-center animated fadeInUp\">GT Rocky &#8211; Die ideale Einsteigermaschine<\/h2>\n\n\n\n<h4 class=\"wp-block-heading has-text-align-center\">Kompakte Einlagenfr\u00e4se f\u00fcr effiziente Fertigung<\/h4>\n\n\n\n<p class=\"has-text-align-center animated fadeInUp\">Die <strong>GT Rocky (GP M514)<\/strong> ist die ideale Einlagenfr\u00e4se f\u00fcr einen schnellen Einstieg in die digitale Fertigung. Sie kombiniert <strong>kompakte Bauweise, zuverl\u00e4ssige Leistung und ein starkes Preis-Leistungs-Verh\u00e4ltnis<\/strong> \u2013 perfekt f\u00fcr moderne Orthop\u00e4diewerkst\u00e4tten.<\/p>\n\n\n\n<p>Mit der GT Rocky fertigen Sie individuelle Einlagen in <strong>unter 30 Minuten pro Paar<\/strong> und bearbeiten nahezu alle g\u00e4ngigen Materialien effizient und pr\u00e4zise.<\/p>\n\n\n\n<p class=\"has-text-align-center\">Dank ihres platzsparenden Designs passt die Fr\u00e4se in nahezu jede Werkstatt und eignet sich besonders f\u00fcr Betriebe mit <strong>begrenztem Platz und gleichzeitig hohem Bedarf an Einlagenproduktion<\/strong>.<\/p>\n\n\n\n<p class=\"has-text-align-center animated fadeInUp\"><\/p>\n\n\n\n<div class=\"wp-block-columns py-5 is-layout-flex wp-container-core-columns-is-layout-28f84493 wp-block-columns-is-layout-flex\">\n<div class=\"wp-block-column px-3 px-md-4 px-lg-5 is-layout-flow wp-block-column-is-layout-flow\">\n<div class=\"wp-block-cb-carousel cb-single-slide animated fadeInUp\" data-slick=\"{&quot;slidesToShow&quot;:1,&quot;slidesToScroll&quot;:1,&quot;speed&quot;:300,&quot;arrows&quot;:true,&quot;dots&quot;:true,&quot;autoplay&quot;:true,&quot;autoplaySpeed&quot;:3000,&quot;infinite&quot;:true,&quot;responsive&quot;:[{&quot;breakpoint&quot;:769,&quot;settings&quot;:{&quot;slidesToShow&quot;:1,&quot;slidesToScroll&quot;:1}}]}\">\n<div class=\"wp-block-cb-slide\">\n<figure class=\"wp-block-image size-large\"><img loading=\"lazy\" decoding=\"async\" width=\"1024\" height=\"1024\" src=\"https:\/\/go-tec.de\/wp-content\/uploads\/sites\/2\/2024\/01\/roky-1024x1024.png\" alt=\"\" class=\"wp-image-803\" srcset=\"https:\/\/go-tec.de\/wp-content\/uploads\/sites\/2\/2024\/01\/roky-1024x1024.png 1024w, https:\/\/go-tec.de\/wp-content\/uploads\/sites\/2\/2024\/01\/roky-300x300.png 300w, https:\/\/go-tec.de\/wp-content\/uploads\/sites\/2\/2024\/01\/roky-150x150.png 150w, https:\/\/go-tec.de\/wp-content\/uploads\/sites\/2\/2024\/01\/roky-768x768.png 768w, https:\/\/go-tec.de\/wp-content\/uploads\/sites\/2\/2024\/01\/roky.png 1080w\" sizes=\"auto, (max-width: 1024px) 100vw, 1024px\" \/><\/figure>\n<\/div>\n\n\n\n<div class=\"wp-block-cb-slide\">\n<figure class=\"wp-block-image size-full\"><img loading=\"lazy\" decoding=\"async\" width=\"1080\" height=\"1080\" src=\"https:\/\/go-tec.de\/wp-content\/uploads\/sites\/2\/2024\/01\/Rocky.png\" alt=\"\" class=\"wp-image-808\" srcset=\"https:\/\/go-tec.de\/wp-content\/uploads\/sites\/2\/2024\/01\/Rocky.png 1080w, https:\/\/go-tec.de\/wp-content\/uploads\/sites\/2\/2024\/01\/Rocky-300x300.png 300w, https:\/\/go-tec.de\/wp-content\/uploads\/sites\/2\/2024\/01\/Rocky-1024x1024.png 1024w, https:\/\/go-tec.de\/wp-content\/uploads\/sites\/2\/2024\/01\/Rocky-150x150.png 150w, https:\/\/go-tec.de\/wp-content\/uploads\/sites\/2\/2024\/01\/Rocky-768x768.png 768w\" sizes=\"auto, (max-width: 1080px) 100vw, 1080px\" \/><\/figure>\n<\/div>\n<\/div>\n<\/div>\n\n\n\n<div class=\"wp-block-column px-3 px-md-4 px-lg-5 is-layout-flow wp-block-column-is-layout-flow\">\n<h3 class=\"wp-block-heading animated fadeInUp has-blue-color has-text-color\">Ihre Vorteile:<\/h3>\n\n\n\n<ul class=\"wp-block-list animated fadeInUp\">\n<li><strong>kompakte<\/strong> Bauweise\u00a0f\u00fcr geringen Platzvedarf<\/li>\n\n\n\n<li><strong>Verfahrwege <\/strong>400 x 300 x 140<\/li>\n\n\n\n<li>Schnelle Fr\u00e4szeiten f\u00fcr effiziente Produktion <\/li>\n\n\n\n<li>Geeignet f\u00fcr viele Materialien und Rohlinge <\/li>\n\n\n\n<li>Ideal f\u00fcr Einsteiger und kleinere Werkst\u00e4tten<\/li>\n\n\n\n<li> Zuverl\u00e4ssige und robuste Technik<\/li>\n<\/ul>\n\n\n\n<p><\/p>\n\n\n\n<div class=\"wp-block-buttons animated fadeInUp is-layout-flex wp-block-buttons-is-layout-flex\">\n<div class=\"wp-block-button is-style-outline is-style-outline--1\"><a class=\"wp-block-button__link has-blue-color has-text-color wp-element-button\" href=\"https:\/\/go-tec.de\/go-tec-system\/#fertigen\" style=\"border-radius:5px\">Zur\u00fcck<\/a><\/div>\n\n\n\n<div class=\"wp-block-button is-style-outline is-style-outline--2\"><a class=\"wp-block-button__link has-blue-color has-text-color wp-element-button\" href=\"https:\/\/go-tec.de\/wp-content\/uploads\/sites\/2\/2024\/01\/Datenblatt-GT-Rocky.pdf\" style=\"border-radius:5px\">Datenblatt<\/a><\/div>\n<\/div>\n<\/div>\n<\/div>\n\n\n\n<div style=\"height:28px\" aria-hidden=\"true\" class=\"wp-block-spacer\"><\/div>\n<\/div>\n<\/div>\n\n\n\n<p class=\"has-text-align-center has-white-color has-mediumgrey-background-color has-text-color has-background has-link-color wp-elements-9021337913279a76a971e31aee8c6e65\">Die GT Rocky Einlagenfr\u00e4se fertigt individuelle Einlagen in unter 30 Minuten. Kompakt, effizient und ideal f\u00fcr Orthop\u00e4diewerkst\u00e4tten.<\/p>\n\n\n\n<div class=\"wp-block-group px-3 px-md-4 px-lg-5 contact-section has-white-color has-blue-background-color has-text-color has-background is-layout-constrained wp-container-core-group-is-layout-6e20cf48 wp-block-group-is-layout-constrained advgb-dyn-2eccdb19\">\n<div class=\"wp-block-columns py-5 is-layout-flex wp-container-core-columns-is-layout-28f84493 wp-block-columns-is-layout-flex\">\n<div class=\"wp-block-column animated fadeInLeft is-layout-flow wp-block-column-is-layout-flow\" style=\"flex-basis:66.66%\">\n<h3 class=\"wp-block-heading advgb-dyn-b31c1e16\">Gerne beraten wir Sie pers\u00f6nlich!<\/h3>\n\n\n\n<p>Wir rufen Sie zeitnah zur\u00fcck! <\/p>\n<\/div>\n\n\n\n<div class=\"wp-block-column is-vertically-aligned-center animated fadeInRight is-layout-flow wp-block-column-is-layout-flow\" style=\"flex-basis:33.33%\">\n<div class=\"wp-block-buttons animated fadeInUp mb-5 is-content-justification-center is-layout-flex wp-container-core-buttons-is-layout-a89b3969 wp-block-buttons-is-layout-flex\">\n<div class=\"wp-block-button is-style-fill advgb-dyn-3db009d7\"><a class=\"wp-block-button__link has-white-color has-green-background-color has-text-color has-background wp-element-button\" href=\"https:\/\/go-tec.de\/kontaktsales\/\" style=\"border-radius:5px\">Zur Kontaktanfrage<\/a><\/div>\n<\/div>\n<\/div>\n<\/div>\n<\/div>\n\n\n\n<p><\/p>\n","protected":false},"excerpt":{"rendered":"<p>GT Rocky &#8211; Die ideale Einsteigermaschine Kompakte Einlagenfr\u00e4se f\u00fcr effiziente Fertigung Die GT Rocky (GP M514) ist die ideale Einlagenfr\u00e4se f\u00fcr einen schnellen Einstieg in die digitale Fertigung. Sie kombiniert kompakte Bauweise, zuverl\u00e4ssige Leistung und ein starkes Preis-Leistungs-Verh\u00e4ltnis \u2013 perfekt f\u00fcr moderne Orthop\u00e4diewerkst\u00e4tten. Mit der GT Rocky fertigen Sie individuelle Einlagen in unter 30 Minuten [&hellip;]<\/p>\n","protected":false},"author":8,"featured_media":0,"parent":12,"menu_order":0,"comment_status":"closed","ping_status":"closed","template":"","meta":{"inline_featured_image":false,"advgb_blocks_editor_width":"","advgb_blocks_columns_visual_guide":"","footnotes":""},"class_list":["post-402","page","type-page","status-publish","hentry"],"yoast_head":"<!-- This site is optimized with the Yoast SEO plugin v27.2 - https:\/\/yoast.com\/product\/yoast-seo-wordpress\/ -->\n<title>GT Rocky -<\/title>\n<meta name=\"description\" content=\"Die GT Rocky Einlagenfr\u00e4se fertigt individuelle Einlagen in unter 30 Minuten. Kompakt, effizient und ideal f\u00fcr Orthop\u00e4diewerkst\u00e4tten.\" \/>\n<meta name=\"robots\" content=\"index, follow, max-snippet:-1, max-image-preview:large, max-video-preview:-1\" \/>\n<link rel=\"canonical\" href=\"https:\/\/go-tec.de\/en\/go-tec-system\/gt-rocky\/\" \/>\n<meta property=\"og:locale\" content=\"en_US\" \/>\n<meta property=\"og:type\" content=\"article\" \/>\n<meta property=\"og:title\" content=\"GT Rocky -\" \/>\n<meta property=\"og:description\" content=\"Die GT Rocky Einlagenfr\u00e4se fertigt individuelle Einlagen in unter 30 Minuten. Kompakt, effizient und ideal f\u00fcr Orthop\u00e4diewerkst\u00e4tten.\" \/>\n<meta property=\"og:url\" content=\"https:\/\/go-tec.de\/en\/go-tec-system\/gt-rocky\/\" \/>\n<meta property=\"article:modified_time\" content=\"2026-03-24T10:58:40+00:00\" \/>\n<meta property=\"og:image\" content=\"http:\/\/go-tec.de\/wp-content\/uploads\/sites\/2\/2026\/03\/go-tec_gt_rocky_header_muenster-1024x376.png\" \/>\n<meta name=\"twitter:card\" content=\"summary_large_image\" \/>\n<meta name=\"twitter:label1\" content=\"Est. reading time\" \/>\n\t<meta name=\"twitter:data1\" content=\"2 minutes\" \/>\n<script type=\"application\/ld+json\" class=\"yoast-schema-graph\">{\"@context\":\"https:\/\/schema.org\",\"@graph\":[{\"@type\":\"WebPage\",\"@id\":\"https:\/\/go-tec.de\/go-tec-system\/gt-rocky\/\",\"url\":\"https:\/\/go-tec.de\/go-tec-system\/gt-rocky\/\",\"name\":\"GT Rocky -\",\"isPartOf\":{\"@id\":\"https:\/\/go-tec.de\/en\/#website\"},\"primaryImageOfPage\":{\"@id\":\"https:\/\/go-tec.de\/go-tec-system\/gt-rocky\/#primaryimage\"},\"image\":{\"@id\":\"https:\/\/go-tec.de\/go-tec-system\/gt-rocky\/#primaryimage\"},\"thumbnailUrl\":\"http:\/\/go-tec.de\/wp-content\/uploads\/sites\/2\/2026\/03\/go-tec_gt_rocky_header_muenster-1024x376.png\",\"datePublished\":\"2023-06-15T10:30:54+00:00\",\"dateModified\":\"2026-03-24T10:58:40+00:00\",\"description\":\"Die GT Rocky Einlagenfr\u00e4se fertigt individuelle Einlagen in unter 30 Minuten. Kompakt, effizient und ideal f\u00fcr Orthop\u00e4diewerkst\u00e4tten.\",\"breadcrumb\":{\"@id\":\"https:\/\/go-tec.de\/go-tec-system\/gt-rocky\/#breadcrumb\"},\"inLanguage\":\"en-US\",\"potentialAction\":[{\"@type\":\"ReadAction\",\"target\":[\"https:\/\/go-tec.de\/go-tec-system\/gt-rocky\/\"]}]},{\"@type\":\"ImageObject\",\"inLanguage\":\"en-US\",\"@id\":\"https:\/\/go-tec.de\/go-tec-system\/gt-rocky\/#primaryimage\",\"url\":\"http:\/\/go-tec.de\/wp-content\/uploads\/sites\/2\/2026\/03\/go-tec_gt_rocky_header_muenster-1024x376.png\",\"contentUrl\":\"http:\/\/go-tec.de\/wp-content\/uploads\/sites\/2\/2026\/03\/go-tec_gt_rocky_header_muenster-1024x376.png\"},{\"@type\":\"BreadcrumbList\",\"@id\":\"https:\/\/go-tec.de\/go-tec-system\/gt-rocky\/#breadcrumb\",\"itemListElement\":[{\"@type\":\"ListItem\",\"position\":1,\"name\":\"Startseite\",\"item\":\"https:\/\/go-tec.de\/\"},{\"@type\":\"ListItem\",\"position\":2,\"name\":\"go-tec System\",\"item\":\"https:\/\/go-tec.de\/ja\/go-tec-system\/\"},{\"@type\":\"ListItem\",\"position\":3,\"name\":\"GT Rocky\"}]},{\"@type\":\"WebSite\",\"@id\":\"https:\/\/go-tec.de\/en\/#website\",\"url\":\"https:\/\/go-tec.de\/en\/\",\"name\":\"\",\"description\":\"\",\"potentialAction\":[{\"@type\":\"SearchAction\",\"target\":{\"@type\":\"EntryPoint\",\"urlTemplate\":\"https:\/\/go-tec.de\/en\/?s={search_term_string}\"},\"query-input\":{\"@type\":\"PropertyValueSpecification\",\"valueRequired\":true,\"valueName\":\"search_term_string\"}}],\"inLanguage\":\"en-US\"}]}<\/script>\n<!-- \/ Yoast SEO plugin. -->","yoast_head_json":{"title":"GT Rocky -","description":"The GT Rocky insole milling machine produces customized insoles in under 30 minutes. Compact, efficient and ideal for orthopaedic workshops.","robots":{"index":"index","follow":"follow","max-snippet":"max-snippet:-1","max-image-preview":"max-image-preview:large","max-video-preview":"max-video-preview:-1"},"canonical":"https:\/\/go-tec.de\/en\/go-tec-system\/gt-rocky\/","og_locale":"en_US","og_type":"article","og_title":"GT Rocky -","og_description":"Die GT Rocky Einlagenfr\u00e4se fertigt individuelle Einlagen in unter 30 Minuten. Kompakt, effizient und ideal f\u00fcr Orthop\u00e4diewerkst\u00e4tten.","og_url":"https:\/\/go-tec.de\/en\/go-tec-system\/gt-rocky\/","article_modified_time":"2026-03-24T10:58:40+00:00","og_image":[{"url":"http:\/\/go-tec.de\/wp-content\/uploads\/sites\/2\/2026\/03\/go-tec_gt_rocky_header_muenster-1024x376.png","type":"","width":"","height":""}],"twitter_card":"summary_large_image","twitter_misc":{"Est. reading time":"2 minutes"},"schema":{"@context":"https:\/\/schema.org","@graph":[{"@type":"WebPage","@id":"https:\/\/go-tec.de\/go-tec-system\/gt-rocky\/","url":"https:\/\/go-tec.de\/go-tec-system\/gt-rocky\/","name":"GT Rocky -","isPartOf":{"@id":"https:\/\/go-tec.de\/en\/#website"},"primaryImageOfPage":{"@id":"https:\/\/go-tec.de\/go-tec-system\/gt-rocky\/#primaryimage"},"image":{"@id":"https:\/\/go-tec.de\/go-tec-system\/gt-rocky\/#primaryimage"},"thumbnailUrl":"http:\/\/go-tec.de\/wp-content\/uploads\/sites\/2\/2026\/03\/go-tec_gt_rocky_header_muenster-1024x376.png","datePublished":"2023-06-15T10:30:54+00:00","dateModified":"2026-03-24T10:58:40+00:00","description":"The GT Rocky insole milling machine produces customized insoles in under 30 minutes. Compact, efficient and ideal for orthopaedic workshops.","breadcrumb":{"@id":"https:\/\/go-tec.de\/go-tec-system\/gt-rocky\/#breadcrumb"},"inLanguage":"en-US","potentialAction":[{"@type":"ReadAction","target":["https:\/\/go-tec.de\/go-tec-system\/gt-rocky\/"]}]},{"@type":"ImageObject","inLanguage":"en-US","@id":"https:\/\/go-tec.de\/go-tec-system\/gt-rocky\/#primaryimage","url":"http:\/\/go-tec.de\/wp-content\/uploads\/sites\/2\/2026\/03\/go-tec_gt_rocky_header_muenster-1024x376.png","contentUrl":"http:\/\/go-tec.de\/wp-content\/uploads\/sites\/2\/2026\/03\/go-tec_gt_rocky_header_muenster-1024x376.png"},{"@type":"BreadcrumbList","@id":"https:\/\/go-tec.de\/go-tec-system\/gt-rocky\/#breadcrumb","itemListElement":[{"@type":"ListItem","position":1,"name":"Startseite","item":"https:\/\/go-tec.de\/"},{"@type":"ListItem","position":2,"name":"go-tec System","item":"https:\/\/go-tec.de\/ja\/go-tec-system\/"},{"@type":"ListItem","position":3,"name":"GT Rocky"}]},{"@type":"WebSite","@id":"https:\/\/go-tec.de\/en\/#website","url":"https:\/\/go-tec.de\/en\/","name":"","description":"","potentialAction":[{"@type":"SearchAction","target":{"@type":"EntryPoint","urlTemplate":"https:\/\/go-tec.de\/en\/?s={search_term_string}"},"query-input":{"@type":"PropertyValueSpecification","valueRequired":true,"valueName":"search_term_string"}}],"inLanguage":"en-US"}]}},"coauthors":[],"author_meta":{"author_link":"https:\/\/go-tec.de\/en\/author\/akoctar\/","display_name":"akoctar"},"relative_dates":{"created":"Posted 3 years ago","modified":"Updated 3 weeks ago"},"absolute_dates":{"created":"Posted on 15. June 2023","modified":"Updated on 24. March 2026"},"absolute_dates_time":{"created":"Posted on 15. June 2023 12:30","modified":"Updated on 24. March 2026 11:58"},"featured_img_caption":"","featured_img":false,"series_order":"","_links":{"self":[{"href":"https:\/\/go-tec.de\/en\/wp-json\/wp\/v2\/pages\/402","targetHints":{"allow":["GET"]}}],"collection":[{"href":"https:\/\/go-tec.de\/en\/wp-json\/wp\/v2\/pages"}],"about":[{"href":"https:\/\/go-tec.de\/en\/wp-json\/wp\/v2\/types\/page"}],"author":[{"embeddable":true,"href":"https:\/\/go-tec.de\/en\/wp-json\/wp\/v2\/users\/8"}],"replies":[{"embeddable":true,"href":"https:\/\/go-tec.de\/en\/wp-json\/wp\/v2\/comments?post=402"}],"version-history":[{"count":19,"href":"https:\/\/go-tec.de\/en\/wp-json\/wp\/v2\/pages\/402\/revisions"}],"predecessor-version":[{"id":1359,"href":"https:\/\/go-tec.de\/en\/wp-json\/wp\/v2\/pages\/402\/revisions\/1359"}],"up":[{"embeddable":true,"href":"https:\/\/go-tec.de\/en\/wp-json\/wp\/v2\/pages\/12"}],"wp:attachment":[{"href":"https:\/\/go-tec.de\/en\/wp-json\/wp\/v2\/media?parent=402"}],"curies":[{"name":"wp","href":"https:\/\/api.w.org\/{rel}","templated":true}]}}