{"id":395,"date":"2023-06-15T12:11:14","date_gmt":"2023-06-15T10:11:14","guid":{"rendered":"https:\/\/cms.gebiom.group\/go-tec\/?page_id=395"},"modified":"2026-03-24T12:40:32","modified_gmt":"2026-03-24T11:40:32","slug":"gt-jake","status":"publish","type":"page","link":"https:\/\/go-tec.de\/en\/go-tec-system\/gt-jake\/","title":{"rendered":"GT Jake"},"content":{"rendered":"<div class=\"wp-block-cover is-light\" style=\"min-height:70vh;aspect-ratio:unset;\"><video class=\"wp-block-cover__video-background intrinsic-ignore\" autoplay muted loop playsinline src=\"https:\/\/cms.gebiom.group\/go-tec\/wp-content\/uploads\/sites\/2\/2023\/06\/LP433.mp4\" data-object-fit=\"cover\"><\/video><span aria-hidden=\"true\" class=\"wp-block-cover__background has-background-dim-30 has-background-dim\"><\/span><div class=\"wp-block-cover__inner-container is-layout-flow wp-block-cover-is-layout-flow\">\n<div class=\"wp-block-group is-layout-flow wp-block-group-is-layout-flow\">\n<h2 class=\"wp-block-heading has-text-align-center px-3 px-md-4 px-lg-5 animated fadeInUp has-white-color has-text-color\">GT Jake<\/h2>\n<\/div>\n<\/div><\/div>\n\n\n\n<div class=\"wp-block-group py-5 px-3 px-md-4 px-lg-5 has-darkgrey-color has-text-color is-layout-flow wp-block-group-is-layout-flow\">\n<div class=\"wp-block-group is-layout-constrained wp-container-core-group-is-layout-703bee88 wp-block-group-is-layout-constrained\">\n<h2 class=\"wp-block-heading has-text-align-center animated fadeInUp\">GT Jake - Measurements and trial shoe on the same day<\/h2>\n\n\n\n<h4 class=\"wp-block-heading has-text-align-center\"> Automated inlay milling machine for maximum efficiency<\/h4>\n\n\n\n<p class=\"has-text-align-center\">Waiting weeks for trial shoes? We put an end to that. If you measure with our GT George and then create the last in GP OptiCAD, you can use our 3D printer to print the last.<strong> GT Jake i<\/strong>including dryer in less than 4 hours to produce gross and net trial shoes.<\/p>\n\n\n\n<p class=\"has-text-align-center\">The <strong>GT Jake<\/strong> is the automated solution for the efficient and reliable production of orthopaedic insoles. It combines <strong>High milling performance with automated processes<\/strong> and enables economical production - even for larger quantities.<\/p>\n\n\n\n<p class=\"has-text-align-center\">Thanks to automatic tool changing and optimized processes, the GT Jake reduces manual intervention and increases productivity in day-to-day work. The machine is ideal for <strong>Companies with continuous production requirements and growing production volumes<\/strong>.<\/p>\n\n\n\n<h3 class=\"wp-block-heading\"><\/h3>\n\n\n\n<div class=\"wp-block-columns py-5 is-layout-flex wp-container-core-columns-is-layout-28f84493 wp-block-columns-is-layout-flex\">\n<div class=\"wp-block-column px-3 px-md-4 px-lg-5 is-layout-flow wp-block-column-is-layout-flow\">\n<figure class=\"wp-block-image size-large\"><img loading=\"lazy\" decoding=\"async\" width=\"1024\" height=\"1024\" src=\"https:\/\/go-tec.de\/wp-content\/uploads\/sites\/2\/2023\/06\/MicrosoftTeams-image-64-1024x1024.png\" alt=\"\" class=\"wp-image-555\" srcset=\"https:\/\/go-tec.de\/wp-content\/uploads\/sites\/2\/2023\/06\/MicrosoftTeams-image-64-1024x1024.png 1024w, https:\/\/go-tec.de\/wp-content\/uploads\/sites\/2\/2023\/06\/MicrosoftTeams-image-64-300x300.png 300w, https:\/\/go-tec.de\/wp-content\/uploads\/sites\/2\/2023\/06\/MicrosoftTeams-image-64-150x150.png 150w, https:\/\/go-tec.de\/wp-content\/uploads\/sites\/2\/2023\/06\/MicrosoftTeams-image-64-768x768.png 768w, https:\/\/go-tec.de\/wp-content\/uploads\/sites\/2\/2023\/06\/MicrosoftTeams-image-64-1536x1536.png 1536w, https:\/\/go-tec.de\/wp-content\/uploads\/sites\/2\/2023\/06\/MicrosoftTeams-image-64.png 1675w\" sizes=\"auto, (max-width: 1024px) 100vw, 1024px\" \/><\/figure>\n<\/div>\n\n\n\n<div class=\"wp-block-column px-3 px-md-4 px-lg-5 ek-linked-block is-layout-flow wp-block-column-is-layout-flow\">\n<h3 class=\"wp-block-heading animated fadeInUp has-blue-color has-text-color\">Your advantages:<\/h3>\n\n\n\n<ul class=\"wp-block-list animated fadeInUp\">\n<li>Print net and gross proof shoes<\/li>\n\n\n\n<li>Faster supply time<\/li>\n\n\n\n<li>Direct creation of printable STL files<\/li>\n\n\n\n<li>Reduction of grinding work<\/li>\n\n\n\n<li>STL export for socket makers<\/li>\n\n\n\n<li>Printable trial shoes for leg lasts and low shoe lasts<\/li>\n\n\n\n<li>Special trial shoe material for maximum transparency and flexibility<\/li>\n\n\n\n<li>Material pre-treatment by dryer for optimum material properties<\/li>\n<\/ul>\n\n\n\n<div class=\"wp-block-buttons is-layout-flex wp-block-buttons-is-layout-flex\">\n<div class=\"wp-block-button is-style-outline is-style-outline--1\"><a class=\"wp-block-button__link has-blue-color has-text-color has-link-color wp-element-button\" href=\"https:\/\/go-tec.de\/wp-content\/uploads\/sites\/2\/2023\/12\/GT-Jake.pdf\" style=\"border-radius:5px\">Data sheet<\/a><\/div>\n<\/div>\n<\/div>\n<\/div>\n<\/div>\n<\/div>\n\n\n\n<h3 class=\"wp-block-heading has-text-align-center has-blue-color has-text-color has-link-color wp-elements-489ab8fadf1c607d550e2864f9a29d70\"><strong>Produce trial shoes, footbeds and lasts digitally - get inspired here! <\/strong><\/h3>\n\n\n\n<div class=\"wp-block-group pb-5 is-layout-constrained wp-container-core-group-is-layout-d30ff707 wp-block-group-is-layout-constrained\">\n<figure class=\"wp-block-embed is-type-video is-provider-youtube wp-block-embed-youtube wp-embed-aspect-16-9 wp-has-aspect-ratio\"><div class=\"wp-block-embed__wrapper\">\n<iframe loading=\"lazy\" title=\"Digital bedding and slats\" width=\"500\" height=\"281\" src=\"https:\/\/www.youtube.com\/embed\/xF2iSQrgOfk?feature=oembed\" frameborder=\"0\" allow=\"accelerometer; autoplay; clipboard-write; encrypted-media; gyroscope; picture-in-picture; web-share\" referrerpolicy=\"strict-origin-when-cross-origin\" allowfullscreen><\/iframe>\n<\/div><\/figure>\n<\/div>\n\n\n\n<p class=\"has-text-align-center has-white-color has-mediumgrey-background-color has-text-color has-background has-link-color wp-elements-d3ec3a8e7f83a2939b8832fc8f4aeaef\">Automated inlay production for greater efficiency | High milling performance and consistent quality | Reduced manual effort | Ideal for increasing production requirements | Integration into digital CAD and scanning workflows<\/p>\n\n\n\n<div class=\"wp-block-group px-3 px-md-4 px-lg-5 contact-section has-white-color has-blue-background-color has-text-color has-background is-layout-constrained wp-container-core-group-is-layout-6e20cf48 wp-block-group-is-layout-constrained advgb-dyn-2eccdb19\">\n<div class=\"wp-block-columns py-5 is-layout-flex wp-container-core-columns-is-layout-28f84493 wp-block-columns-is-layout-flex\">\n<div class=\"wp-block-column animated fadeInLeft is-layout-flow wp-block-column-is-layout-flow\" style=\"flex-basis:66.66%\">\n<h3 class=\"wp-block-heading advgb-dyn-b31c1e16\">We would be happy to advise you personally!<\/h3>\n\n\n\n<p>We will call you back as soon as possible! <\/p>\n<\/div>\n\n\n\n<div class=\"wp-block-column is-vertically-aligned-center animated fadeInRight is-layout-flow wp-block-column-is-layout-flow\" style=\"flex-basis:33.33%\">\n<div class=\"wp-block-buttons animated fadeInUp mb-5 is-content-justification-center is-layout-flex wp-container-core-buttons-is-layout-a89b3969 wp-block-buttons-is-layout-flex\">\n<div class=\"wp-block-button is-style-fill advgb-dyn-3db009d7\"><a class=\"wp-block-button__link has-white-color has-green-background-color has-text-color has-background wp-element-button\" href=\"https:\/\/go-tec.de\/en\/kontaktsales\/\" style=\"border-radius:5px\">To the contact request<\/a><\/div>\n<\/div>\n<\/div>\n<\/div>\n<\/div>\n\n\n\n<p><\/p>","protected":false},"excerpt":{"rendered":"<p>GT Jake &#8211; Messen und Probeschuh am selben Tag Automatisierte Einlagenfr\u00e4se f\u00fcr maximale Effizienz Wochenlang auf Probeschuhe warten? Damit machen wir Schluss. Wenn Sie mit unserem GT George messen und anschlie\u00dfend den Leisten in GP OptiCAD erstellen, k\u00f6nnen Sie mit unserem 3D-Drucker GT Jake inklusive Dryer in weniger als 4 h Brutto- und Nettoprobeschuhe anfertigen. [&hellip;]<\/p>\n","protected":false},"author":8,"featured_media":0,"parent":12,"menu_order":0,"comment_status":"closed","ping_status":"closed","template":"","meta":{"inline_featured_image":false,"advgb_blocks_editor_width":"","advgb_blocks_columns_visual_guide":"","footnotes":""},"class_list":["post-395","page","type-page","status-publish","hentry"],"yoast_head":"<!-- This site is optimized with the Yoast SEO plugin v27.2 - https:\/\/yoast.com\/product\/yoast-seo-wordpress\/ -->\n<title>GT Jake -<\/title>\n<meta name=\"description\" content=\"Die GT Jake automatisiert die Einlagenfertigung und steigert Effizienz sowie Produktivit\u00e4t. Ideal f\u00fcr Orthop\u00e4diebetriebe mit hohem Bedarf.\" \/>\n<meta name=\"robots\" content=\"index, follow, max-snippet:-1, max-image-preview:large, max-video-preview:-1\" \/>\n<link rel=\"canonical\" href=\"https:\/\/go-tec.de\/en\/go-tec-system\/gt-jake\/\" \/>\n<meta property=\"og:locale\" content=\"en_US\" \/>\n<meta property=\"og:type\" content=\"article\" \/>\n<meta property=\"og:title\" content=\"GT Jake -\" \/>\n<meta property=\"og:description\" content=\"Die GT Jake automatisiert die Einlagenfertigung und steigert Effizienz sowie Produktivit\u00e4t. Ideal f\u00fcr Orthop\u00e4diebetriebe mit hohem Bedarf.\" \/>\n<meta property=\"og:url\" content=\"https:\/\/go-tec.de\/en\/go-tec-system\/gt-jake\/\" \/>\n<meta property=\"article:modified_time\" content=\"2026-03-24T11:40:32+00:00\" \/>\n<meta property=\"og:image\" content=\"https:\/\/go-tec.de\/wp-content\/uploads\/sites\/2\/2023\/06\/MicrosoftTeams-image-64-1024x1024.png\" \/>\n<meta name=\"twitter:card\" content=\"summary_large_image\" \/>\n<meta name=\"twitter:label1\" content=\"Est. reading time\" \/>\n\t<meta name=\"twitter:data1\" content=\"2 minutes\" \/>\n<script type=\"application\/ld+json\" class=\"yoast-schema-graph\">{\"@context\":\"https:\/\/schema.org\",\"@graph\":[{\"@type\":\"WebPage\",\"@id\":\"https:\/\/go-tec.de\/it\/go-tec-system\/gt-jake\/\",\"url\":\"https:\/\/go-tec.de\/it\/go-tec-system\/gt-jake\/\",\"name\":\"GT Jake -\",\"isPartOf\":{\"@id\":\"http:\/\/go-tec.de\/#website\"},\"primaryImageOfPage\":{\"@id\":\"https:\/\/go-tec.de\/it\/go-tec-system\/gt-jake\/#primaryimage\"},\"image\":{\"@id\":\"https:\/\/go-tec.de\/it\/go-tec-system\/gt-jake\/#primaryimage\"},\"thumbnailUrl\":\"https:\/\/go-tec.de\/wp-content\/uploads\/sites\/2\/2023\/06\/MicrosoftTeams-image-64-1024x1024.png\",\"datePublished\":\"2023-06-15T10:11:14+00:00\",\"dateModified\":\"2026-03-24T11:40:32+00:00\",\"description\":\"Die GT Jake automatisiert die Einlagenfertigung und steigert Effizienz sowie Produktivit\u00e4t. Ideal f\u00fcr Orthop\u00e4diebetriebe mit hohem Bedarf.\",\"breadcrumb\":{\"@id\":\"https:\/\/go-tec.de\/it\/go-tec-system\/gt-jake\/#breadcrumb\"},\"inLanguage\":\"en-US\",\"potentialAction\":[{\"@type\":\"ReadAction\",\"target\":[\"https:\/\/go-tec.de\/it\/go-tec-system\/gt-jake\/\"]}]},{\"@type\":\"ImageObject\",\"inLanguage\":\"en-US\",\"@id\":\"https:\/\/go-tec.de\/it\/go-tec-system\/gt-jake\/#primaryimage\",\"url\":\"https:\/\/go-tec.de\/wp-content\/uploads\/sites\/2\/2023\/06\/MicrosoftTeams-image-64-1024x1024.png\",\"contentUrl\":\"https:\/\/go-tec.de\/wp-content\/uploads\/sites\/2\/2023\/06\/MicrosoftTeams-image-64-1024x1024.png\"},{\"@type\":\"BreadcrumbList\",\"@id\":\"https:\/\/go-tec.de\/it\/go-tec-system\/gt-jake\/#breadcrumb\",\"itemListElement\":[{\"@type\":\"ListItem\",\"position\":1,\"name\":\"Startseite\",\"item\":\"http:\/\/go-tec.de\/\"},{\"@type\":\"ListItem\",\"position\":2,\"name\":\"go-tec System\",\"item\":\"https:\/\/go-tec.de\/go-tec-system\/\"},{\"@type\":\"ListItem\",\"position\":3,\"name\":\"GT Jake\"}]},{\"@type\":\"WebSite\",\"@id\":\"http:\/\/go-tec.de\/#website\",\"url\":\"http:\/\/go-tec.de\/\",\"name\":\"\",\"description\":\"\",\"potentialAction\":[{\"@type\":\"SearchAction\",\"target\":{\"@type\":\"EntryPoint\",\"urlTemplate\":\"http:\/\/go-tec.de\/?s={search_term_string}\"},\"query-input\":{\"@type\":\"PropertyValueSpecification\",\"valueRequired\":true,\"valueName\":\"search_term_string\"}}],\"inLanguage\":\"en-US\"}]}<\/script>\n<!-- \/ Yoast SEO plugin. -->","yoast_head_json":{"title":"GT Jake -","description":"Die GT Jake automatisiert die Einlagenfertigung und steigert Effizienz sowie Produktivit\u00e4t. Ideal f\u00fcr Orthop\u00e4diebetriebe mit hohem Bedarf.","robots":{"index":"index","follow":"follow","max-snippet":"max-snippet:-1","max-image-preview":"max-image-preview:large","max-video-preview":"max-video-preview:-1"},"canonical":"https:\/\/go-tec.de\/en\/go-tec-system\/gt-jake\/","og_locale":"en_US","og_type":"article","og_title":"GT Jake -","og_description":"Die GT Jake automatisiert die Einlagenfertigung und steigert Effizienz sowie Produktivit\u00e4t. Ideal f\u00fcr Orthop\u00e4diebetriebe mit hohem Bedarf.","og_url":"https:\/\/go-tec.de\/en\/go-tec-system\/gt-jake\/","article_modified_time":"2026-03-24T11:40:32+00:00","og_image":[{"url":"https:\/\/go-tec.de\/wp-content\/uploads\/sites\/2\/2023\/06\/MicrosoftTeams-image-64-1024x1024.png","type":"","width":"","height":""}],"twitter_card":"summary_large_image","twitter_misc":{"Est. reading time":"2 minutes"},"schema":{"@context":"https:\/\/schema.org","@graph":[{"@type":"WebPage","@id":"https:\/\/go-tec.de\/it\/go-tec-system\/gt-jake\/","url":"https:\/\/go-tec.de\/it\/go-tec-system\/gt-jake\/","name":"GT Jake -","isPartOf":{"@id":"http:\/\/go-tec.de\/#website"},"primaryImageOfPage":{"@id":"https:\/\/go-tec.de\/it\/go-tec-system\/gt-jake\/#primaryimage"},"image":{"@id":"https:\/\/go-tec.de\/it\/go-tec-system\/gt-jake\/#primaryimage"},"thumbnailUrl":"https:\/\/go-tec.de\/wp-content\/uploads\/sites\/2\/2023\/06\/MicrosoftTeams-image-64-1024x1024.png","datePublished":"2023-06-15T10:11:14+00:00","dateModified":"2026-03-24T11:40:32+00:00","description":"Die GT Jake automatisiert die Einlagenfertigung und steigert Effizienz sowie Produktivit\u00e4t. Ideal f\u00fcr Orthop\u00e4diebetriebe mit hohem Bedarf.","breadcrumb":{"@id":"https:\/\/go-tec.de\/it\/go-tec-system\/gt-jake\/#breadcrumb"},"inLanguage":"en-US","potentialAction":[{"@type":"ReadAction","target":["https:\/\/go-tec.de\/it\/go-tec-system\/gt-jake\/"]}]},{"@type":"ImageObject","inLanguage":"en-US","@id":"https:\/\/go-tec.de\/it\/go-tec-system\/gt-jake\/#primaryimage","url":"https:\/\/go-tec.de\/wp-content\/uploads\/sites\/2\/2023\/06\/MicrosoftTeams-image-64-1024x1024.png","contentUrl":"https:\/\/go-tec.de\/wp-content\/uploads\/sites\/2\/2023\/06\/MicrosoftTeams-image-64-1024x1024.png"},{"@type":"BreadcrumbList","@id":"https:\/\/go-tec.de\/it\/go-tec-system\/gt-jake\/#breadcrumb","itemListElement":[{"@type":"ListItem","position":1,"name":"Startseite","item":"http:\/\/go-tec.de\/"},{"@type":"ListItem","position":2,"name":"go-tec System","item":"https:\/\/go-tec.de\/go-tec-system\/"},{"@type":"ListItem","position":3,"name":"GT Jake"}]},{"@type":"WebSite","@id":"http:\/\/go-tec.de\/#website","url":"http:\/\/go-tec.de\/","name":"","description":"","potentialAction":[{"@type":"SearchAction","target":{"@type":"EntryPoint","urlTemplate":"http:\/\/go-tec.de\/?s={search_term_string}"},"query-input":{"@type":"PropertyValueSpecification","valueRequired":true,"valueName":"search_term_string"}}],"inLanguage":"en-US"}]}},"coauthors":[],"author_meta":{"author_link":"https:\/\/go-tec.de\/en\/author\/akoctar\/","display_name":"akoctar"},"relative_dates":{"created":"Posted 3 years ago","modified":"Updated 4 weeks ago"},"absolute_dates":{"created":"Posted on 15. June 2023","modified":"Updated on 24. March 2026"},"absolute_dates_time":{"created":"Posted on 15. June 2023 12:11","modified":"Updated on 24. March 2026 12:40"},"featured_img_caption":"","featured_img":false,"series_order":"","_links":{"self":[{"href":"https:\/\/go-tec.de\/en\/wp-json\/wp\/v2\/pages\/395","targetHints":{"allow":["GET"]}}],"collection":[{"href":"https:\/\/go-tec.de\/en\/wp-json\/wp\/v2\/pages"}],"about":[{"href":"https:\/\/go-tec.de\/en\/wp-json\/wp\/v2\/types\/page"}],"author":[{"embeddable":true,"href":"https:\/\/go-tec.de\/en\/wp-json\/wp\/v2\/users\/8"}],"replies":[{"embeddable":true,"href":"https:\/\/go-tec.de\/en\/wp-json\/wp\/v2\/comments?post=395"}],"version-history":[{"count":12,"href":"https:\/\/go-tec.de\/en\/wp-json\/wp\/v2\/pages\/395\/revisions"}],"predecessor-version":[{"id":1366,"href":"https:\/\/go-tec.de\/en\/wp-json\/wp\/v2\/pages\/395\/revisions\/1366"}],"up":[{"embeddable":true,"href":"https:\/\/go-tec.de\/en\/wp-json\/wp\/v2\/pages\/12"}],"wp:attachment":[{"href":"https:\/\/go-tec.de\/en\/wp-json\/wp\/v2\/media?parent=395"}],"curies":[{"name":"wp","href":"https:\/\/api.w.org\/{rel}","templated":true}]}}