{"id":381,"date":"2023-06-15T11:41:28","date_gmt":"2023-06-15T09:41:28","guid":{"rendered":"https:\/\/cms.gebiom.group\/go-tec\/?page_id=381"},"modified":"2026-03-17T08:28:50","modified_gmt":"2026-03-17T07:28:50","slug":"gp-easyscan-3d-ruecken","status":"publish","type":"page","link":"https:\/\/go-tec.de\/en\/go-tec-system\/gp-easyscan-3d-ruecken\/","title":{"rendered":"GP EasyScan 3D back"},"content":{"rendered":"\n<div class=\"wp-block-cover is-light has-parallax has-x-large-font-size\" style=\"min-height:620px;aspect-ratio:unset;\"><div class=\"wp-block-cover__image-background wp-image-698 has-parallax\" style=\"background-position:50% 50%;background-image:url(https:\/\/go-tec.de\/wp-content\/uploads\/sites\/2\/2023\/09\/GP-BackScan-Cover-Website.png)\"><\/div><span aria-hidden=\"true\" class=\"wp-block-cover__background has-blue-background-color has-background-dim\"><\/span><div class=\"wp-block-cover__inner-container is-layout-flow wp-block-cover-is-layout-flow\">\n<div class=\"wp-block-group is-layout-flow wp-block-group-is-layout-flow\">\n<h2 class=\"wp-block-heading has-text-align-center px-3 px-md-4 px-lg-5 animated fadeInUp has-white-color has-text-color\">GP EasyScan 3D R\u00fccken<\/h2>\n<\/div>\n<\/div><\/div>\n\n\n\n<div class=\"wp-block-group py-5 px-3 px-md-4 px-lg-5 has-darkgrey-color has-text-color is-layout-flow wp-block-group-is-layout-flow\">\n<div class=\"wp-block-group is-layout-constrained wp-container-core-group-is-layout-703bee88 wp-block-group-is-layout-constrained\">\n<h2 class=\"wp-block-heading has-text-align-center animated fadeInUp\">Exakte Vermessung des R\u00fcckens in Sekundenschnelle<\/h2>\n\n\n\n<h4 class=\"wp-block-heading has-text-align-center\">GP EasyScan 3D R\u00fccken \u2013 Pr\u00e4zise R\u00fcckenscans f\u00fcr moderne Versorgung<\/h4>\n\n\n\n<p class=\"has-text-align-center animated fadeInUp\">Der <strong>GP EasyScan 3D R\u00fccken<\/strong> erm\u00f6glicht die schnelle und pr\u00e4zise digitale Erfassung der R\u00fcckenoberfl\u00e4che. Das System ist ideal f\u00fcr die <strong>Orthop\u00e4dietechnik, Rehabilitation und Haltungsanalyse<\/strong> und unterst\u00fctzt eine exakte Grundlage f\u00fcr individuelle Versorgungen.<\/p>\n\n\n\n<p class=\"has-text-align-center\">Durch die ber\u00fchrungslose 3D-Erfassung erhalten Sie <strong>hochaufl\u00f6sende Scan-Daten in k\u00fcrzester Zeit<\/strong>. Effizient, reproduzierbar und patientenfreundlich. Die nahtlose Integration in digitale Workflows macht den EasyScan zur optimalen L\u00f6sung f\u00fcr moderne Betriebe.<\/p>\n\n\n\n<div class=\"wp-block-columns py-5 is-layout-flex wp-container-core-columns-is-layout-28f84493 wp-block-columns-is-layout-flex\">\n<div class=\"wp-block-column px-3 px-md-4 px-lg-5 is-layout-flow wp-block-column-is-layout-flow\">\n<div class=\"wp-block-cb-carousel cb-single-slide animated fadeInUp\" data-slick=\"{&quot;slidesToShow&quot;:1,&quot;slidesToScroll&quot;:1,&quot;speed&quot;:300,&quot;arrows&quot;:true,&quot;dots&quot;:true,&quot;autoplay&quot;:true,&quot;autoplaySpeed&quot;:3000,&quot;infinite&quot;:true,&quot;responsive&quot;:[{&quot;breakpoint&quot;:769,&quot;settings&quot;:{&quot;slidesToShow&quot;:1,&quot;slidesToScroll&quot;:1}}]}\">\n<div class=\"wp-block-cb-slide\">\n<figure class=\"wp-block-image size-large\"><img loading=\"lazy\" decoding=\"async\" width=\"1024\" height=\"1024\" src=\"https:\/\/go-tec.de\/wp-content\/uploads\/sites\/2\/2023\/09\/GP-BackScan-2023-w-1024x1024.png\" alt=\"\" class=\"wp-image-682\" srcset=\"https:\/\/go-tec.de\/wp-content\/uploads\/sites\/2\/2023\/09\/GP-BackScan-2023-w-1024x1024.png 1024w, https:\/\/go-tec.de\/wp-content\/uploads\/sites\/2\/2023\/09\/GP-BackScan-2023-w-300x300.png 300w, https:\/\/go-tec.de\/wp-content\/uploads\/sites\/2\/2023\/09\/GP-BackScan-2023-w-150x150.png 150w, https:\/\/go-tec.de\/wp-content\/uploads\/sites\/2\/2023\/09\/GP-BackScan-2023-w-768x768.png 768w, https:\/\/go-tec.de\/wp-content\/uploads\/sites\/2\/2023\/09\/GP-BackScan-2023-w.png 1080w\" sizes=\"auto, (max-width: 1024px) 100vw, 1024px\" \/><\/figure>\n<\/div>\n\n\n\n<div class=\"wp-block-cb-slide\">\n<figure class=\"wp-block-image size-large\"><img loading=\"lazy\" decoding=\"async\" width=\"1024\" height=\"1024\" src=\"https:\/\/go-tec.de\/wp-content\/uploads\/sites\/2\/2023\/09\/GP-BackScan-2023-m-1024x1024.png\" alt=\"\" class=\"wp-image-686\" srcset=\"https:\/\/go-tec.de\/wp-content\/uploads\/sites\/2\/2023\/09\/GP-BackScan-2023-m-1024x1024.png 1024w, https:\/\/go-tec.de\/wp-content\/uploads\/sites\/2\/2023\/09\/GP-BackScan-2023-m-300x300.png 300w, https:\/\/go-tec.de\/wp-content\/uploads\/sites\/2\/2023\/09\/GP-BackScan-2023-m-150x150.png 150w, https:\/\/go-tec.de\/wp-content\/uploads\/sites\/2\/2023\/09\/GP-BackScan-2023-m-768x768.png 768w, https:\/\/go-tec.de\/wp-content\/uploads\/sites\/2\/2023\/09\/GP-BackScan-2023-m.png 1080w\" sizes=\"auto, (max-width: 1024px) 100vw, 1024px\" \/><\/figure>\n<\/div>\n\n\n\n<div class=\"wp-block-cb-slide\">\n<figure class=\"wp-block-image size-large\"><img loading=\"lazy\" decoding=\"async\" width=\"1024\" height=\"683\" src=\"https:\/\/go-tec.de\/wp-content\/uploads\/sites\/2\/2024\/01\/IMG_4361-1024x683.jpg\" alt=\"\" class=\"wp-image-813\" srcset=\"https:\/\/go-tec.de\/wp-content\/uploads\/sites\/2\/2024\/01\/IMG_4361-1024x683.jpg 1024w, https:\/\/go-tec.de\/wp-content\/uploads\/sites\/2\/2024\/01\/IMG_4361-300x200.jpg 300w, https:\/\/go-tec.de\/wp-content\/uploads\/sites\/2\/2024\/01\/IMG_4361-768x512.jpg 768w, https:\/\/go-tec.de\/wp-content\/uploads\/sites\/2\/2024\/01\/IMG_4361-1536x1024.jpg 1536w, https:\/\/go-tec.de\/wp-content\/uploads\/sites\/2\/2024\/01\/IMG_4361-2048x1365.jpg 2048w\" sizes=\"auto, (max-width: 1024px) 100vw, 1024px\" \/><\/figure>\n<\/div>\n<\/div>\n\n\n\n<p><\/p>\n<\/div>\n\n\n\n<div class=\"wp-block-column px-3 px-md-4 px-lg-5 is-layout-flow wp-block-column-is-layout-flow\">\n<h3 class=\"wp-block-heading animated fadeInUp has-blue-color has-text-color\">Ihre Vorteile:<\/h3>\n\n\n\n<ul class=\"wp-block-list animated fadeInUp\">\n<li>Pr\u00e4zise, ber\u00fchrungslose 3D-R\u00fcckenscans<\/li>\n\n\n\n<li>Schnelle 3D Datenerfassung und Auswertung des R\u00fcckens<\/li>\n\n\n\n<li>Hohe Reproduzierbarkeit<\/li>\n\n\n\n<li>Ideal f\u00fcr Analyse, Dokumentation und Versorgung<\/li>\n\n\n\n<li>Umfangreiche Analysesoftware<\/li>\n\n\n\n<li>Einfache Handhabung<\/li>\n<\/ul>\n\n\n\n<div class=\"wp-block-buttons animated fadeInUp is-layout-flex wp-block-buttons-is-layout-flex\">\n<div class=\"wp-block-button is-style-outline is-style-outline--1\"><a class=\"wp-block-button__link has-blue-color has-text-color wp-element-button\" href=\"https:\/\/cms.gebiom.group\/go-tec\/go-tec-system\/#vernetzung\" style=\"border-radius:5px\">Zur\u00fcck<\/a><\/div>\n<\/div>\n\n\n\n<p><\/p>\n<\/div>\n<\/div>\n<\/div>\n<\/div>\n\n\n\n<div class=\"wp-block-group px-3 px-md-4 px-lg-5 contact-section has-white-color has-blue-background-color has-text-color has-background is-layout-constrained wp-container-core-group-is-layout-6e20cf48 wp-block-group-is-layout-constrained advgb-dyn-2eccdb19\">\n<div class=\"wp-block-columns py-5 is-layout-flex wp-container-core-columns-is-layout-28f84493 wp-block-columns-is-layout-flex\">\n<div class=\"wp-block-column animated fadeInLeft is-layout-flow wp-block-column-is-layout-flow\" style=\"flex-basis:66.66%\">\n<h3 class=\"wp-block-heading advgb-dyn-b31c1e16\">Gerne beraten wir Sie pers\u00f6nlich!<\/h3>\n\n\n\n<p>Wir rufen Sie zeitnah zur\u00fcck! <\/p>\n<\/div>\n\n\n\n<div class=\"wp-block-column is-vertically-aligned-center animated fadeInRight is-layout-flow wp-block-column-is-layout-flow\" style=\"flex-basis:33.33%\">\n<div class=\"wp-block-buttons animated fadeInUp mb-5 is-content-justification-center is-layout-flex wp-container-core-buttons-is-layout-a89b3969 wp-block-buttons-is-layout-flex\">\n<div class=\"wp-block-button is-style-fill advgb-dyn-3db009d7\"><a class=\"wp-block-button__link has-white-color has-green-background-color has-text-color has-background wp-element-button\" href=\"https:\/\/go-tec.de\/kontaktsales\/\" style=\"border-radius:5px\">Zur Kontaktanfrage<\/a><\/div>\n<\/div>\n<\/div>\n<\/div>\n<\/div>\n","protected":false},"excerpt":{"rendered":"<p>Exakte Vermessung des R\u00fcckens in Sekundenschnelle GP EasyScan 3D R\u00fccken \u2013 Pr\u00e4zise R\u00fcckenscans f\u00fcr moderne Versorgung Der GP EasyScan 3D R\u00fccken erm\u00f6glicht die schnelle und pr\u00e4zise digitale Erfassung der R\u00fcckenoberfl\u00e4che. Das System ist ideal f\u00fcr die Orthop\u00e4dietechnik, Rehabilitation und Haltungsanalyse und unterst\u00fctzt eine exakte Grundlage f\u00fcr individuelle Versorgungen. Durch die ber\u00fchrungslose 3D-Erfassung erhalten Sie hochaufl\u00f6sende [&hellip;]<\/p>\n","protected":false},"author":8,"featured_media":0,"parent":12,"menu_order":0,"comment_status":"closed","ping_status":"closed","template":"","meta":{"inline_featured_image":false,"advgb_blocks_editor_width":"","advgb_blocks_columns_visual_guide":"","footnotes":""},"class_list":["post-381","page","type-page","status-publish","hentry"],"yoast_head":"<!-- This site is optimized with the Yoast SEO plugin v27.2 - https:\/\/yoast.com\/product\/yoast-seo-wordpress\/ -->\n<title>GP EasyScan 3D R\u00fccken -<\/title>\n<meta name=\"description\" content=\"Der GP EasyScan 3D R\u00fccken erm\u00f6glicht ber\u00fchrungslose R\u00fcckenscans f\u00fcr Analyse und Versorgung. Ideal f\u00fcr Orthop\u00e4dietechnik und Rehabilitation.\" \/>\n<meta name=\"robots\" content=\"index, follow, max-snippet:-1, max-image-preview:large, max-video-preview:-1\" \/>\n<link rel=\"canonical\" href=\"https:\/\/go-tec.de\/en\/go-tec-system\/gp-easyscan-3d-ruecken\/\" \/>\n<meta property=\"og:locale\" content=\"en_US\" \/>\n<meta property=\"og:type\" content=\"article\" \/>\n<meta property=\"og:title\" content=\"GP EasyScan 3D R\u00fccken -\" \/>\n<meta property=\"og:description\" content=\"Der GP EasyScan 3D R\u00fccken erm\u00f6glicht ber\u00fchrungslose R\u00fcckenscans f\u00fcr Analyse und Versorgung. Ideal f\u00fcr Orthop\u00e4dietechnik und Rehabilitation.\" \/>\n<meta property=\"og:url\" content=\"https:\/\/go-tec.de\/en\/go-tec-system\/gp-easyscan-3d-ruecken\/\" \/>\n<meta property=\"article:modified_time\" content=\"2026-03-17T07:28:50+00:00\" \/>\n<meta property=\"og:image\" content=\"https:\/\/go-tec.de\/wp-content\/uploads\/sites\/2\/2023\/09\/GP-BackScan-2023-w-1024x1024.png\" \/>\n<meta name=\"twitter:card\" content=\"summary_large_image\" \/>\n<meta name=\"twitter:label1\" content=\"Est. reading time\" \/>\n\t<meta name=\"twitter:data1\" content=\"2 minutes\" \/>\n<script type=\"application\/ld+json\" class=\"yoast-schema-graph\">{\"@context\":\"https:\/\/schema.org\",\"@graph\":[{\"@type\":\"WebPage\",\"@id\":\"https:\/\/go-tec.de\/ja\/go-tec-system\/gp-easyscan-3d-ruecken\/\",\"url\":\"https:\/\/go-tec.de\/ja\/go-tec-system\/gp-easyscan-3d-ruecken\/\",\"name\":\"GP EasyScan 3D R\u00fccken -\",\"isPartOf\":{\"@id\":\"https:\/\/go-tec.de\/en\/#website\"},\"primaryImageOfPage\":{\"@id\":\"https:\/\/go-tec.de\/ja\/go-tec-system\/gp-easyscan-3d-ruecken\/#primaryimage\"},\"image\":{\"@id\":\"https:\/\/go-tec.de\/ja\/go-tec-system\/gp-easyscan-3d-ruecken\/#primaryimage\"},\"thumbnailUrl\":\"https:\/\/go-tec.de\/wp-content\/uploads\/sites\/2\/2023\/09\/GP-BackScan-2023-w-1024x1024.png\",\"datePublished\":\"2023-06-15T09:41:28+00:00\",\"dateModified\":\"2026-03-17T07:28:50+00:00\",\"description\":\"Der GP EasyScan 3D R\u00fccken erm\u00f6glicht ber\u00fchrungslose R\u00fcckenscans f\u00fcr Analyse und Versorgung. Ideal f\u00fcr Orthop\u00e4dietechnik und Rehabilitation.\",\"breadcrumb\":{\"@id\":\"https:\/\/go-tec.de\/ja\/go-tec-system\/gp-easyscan-3d-ruecken\/#breadcrumb\"},\"inLanguage\":\"en-US\",\"potentialAction\":[{\"@type\":\"ReadAction\",\"target\":[\"https:\/\/go-tec.de\/ja\/go-tec-system\/gp-easyscan-3d-ruecken\/\"]}]},{\"@type\":\"ImageObject\",\"inLanguage\":\"en-US\",\"@id\":\"https:\/\/go-tec.de\/ja\/go-tec-system\/gp-easyscan-3d-ruecken\/#primaryimage\",\"url\":\"https:\/\/go-tec.de\/wp-content\/uploads\/sites\/2\/2023\/09\/GP-BackScan-2023-w-1024x1024.png\",\"contentUrl\":\"https:\/\/go-tec.de\/wp-content\/uploads\/sites\/2\/2023\/09\/GP-BackScan-2023-w-1024x1024.png\"},{\"@type\":\"BreadcrumbList\",\"@id\":\"https:\/\/go-tec.de\/ja\/go-tec-system\/gp-easyscan-3d-ruecken\/#breadcrumb\",\"itemListElement\":[{\"@type\":\"ListItem\",\"position\":1,\"name\":\"Startseite\",\"item\":\"https:\/\/go-tec.de\/\"},{\"@type\":\"ListItem\",\"position\":2,\"name\":\"go-tec System\",\"item\":\"https:\/\/go-tec.de\/ja\/go-tec-system\/\"},{\"@type\":\"ListItem\",\"position\":3,\"name\":\"GP EasyScan 3D R\u00fccken\"}]},{\"@type\":\"WebSite\",\"@id\":\"https:\/\/go-tec.de\/en\/#website\",\"url\":\"https:\/\/go-tec.de\/en\/\",\"name\":\"\",\"description\":\"\",\"potentialAction\":[{\"@type\":\"SearchAction\",\"target\":{\"@type\":\"EntryPoint\",\"urlTemplate\":\"https:\/\/go-tec.de\/en\/?s={search_term_string}\"},\"query-input\":{\"@type\":\"PropertyValueSpecification\",\"valueRequired\":true,\"valueName\":\"search_term_string\"}}],\"inLanguage\":\"en-US\"}]}<\/script>\n<!-- \/ Yoast SEO plugin. -->","yoast_head_json":{"title":"GP EasyScan 3D Back -","description":"Der GP EasyScan 3D R\u00fccken erm\u00f6glicht ber\u00fchrungslose R\u00fcckenscans f\u00fcr Analyse und Versorgung. Ideal f\u00fcr Orthop\u00e4dietechnik und Rehabilitation.","robots":{"index":"index","follow":"follow","max-snippet":"max-snippet:-1","max-image-preview":"max-image-preview:large","max-video-preview":"max-video-preview:-1"},"canonical":"https:\/\/go-tec.de\/en\/go-tec-system\/gp-easyscan-3d-ruecken\/","og_locale":"en_US","og_type":"article","og_title":"GP EasyScan 3D R\u00fccken -","og_description":"Der GP EasyScan 3D R\u00fccken erm\u00f6glicht ber\u00fchrungslose R\u00fcckenscans f\u00fcr Analyse und Versorgung. Ideal f\u00fcr Orthop\u00e4dietechnik und Rehabilitation.","og_url":"https:\/\/go-tec.de\/en\/go-tec-system\/gp-easyscan-3d-ruecken\/","article_modified_time":"2026-03-17T07:28:50+00:00","og_image":[{"url":"https:\/\/go-tec.de\/wp-content\/uploads\/sites\/2\/2023\/09\/GP-BackScan-2023-w-1024x1024.png","type":"","width":"","height":""}],"twitter_card":"summary_large_image","twitter_misc":{"Est. reading time":"2 minutes"},"schema":{"@context":"https:\/\/schema.org","@graph":[{"@type":"WebPage","@id":"https:\/\/go-tec.de\/ja\/go-tec-system\/gp-easyscan-3d-ruecken\/","url":"https:\/\/go-tec.de\/ja\/go-tec-system\/gp-easyscan-3d-ruecken\/","name":"GP EasyScan 3D Back -","isPartOf":{"@id":"https:\/\/go-tec.de\/en\/#website"},"primaryImageOfPage":{"@id":"https:\/\/go-tec.de\/ja\/go-tec-system\/gp-easyscan-3d-ruecken\/#primaryimage"},"image":{"@id":"https:\/\/go-tec.de\/ja\/go-tec-system\/gp-easyscan-3d-ruecken\/#primaryimage"},"thumbnailUrl":"https:\/\/go-tec.de\/wp-content\/uploads\/sites\/2\/2023\/09\/GP-BackScan-2023-w-1024x1024.png","datePublished":"2023-06-15T09:41:28+00:00","dateModified":"2026-03-17T07:28:50+00:00","description":"Der GP EasyScan 3D R\u00fccken erm\u00f6glicht ber\u00fchrungslose R\u00fcckenscans f\u00fcr Analyse und Versorgung. Ideal f\u00fcr Orthop\u00e4dietechnik und Rehabilitation.","breadcrumb":{"@id":"https:\/\/go-tec.de\/ja\/go-tec-system\/gp-easyscan-3d-ruecken\/#breadcrumb"},"inLanguage":"en-US","potentialAction":[{"@type":"ReadAction","target":["https:\/\/go-tec.de\/ja\/go-tec-system\/gp-easyscan-3d-ruecken\/"]}]},{"@type":"ImageObject","inLanguage":"en-US","@id":"https:\/\/go-tec.de\/ja\/go-tec-system\/gp-easyscan-3d-ruecken\/#primaryimage","url":"https:\/\/go-tec.de\/wp-content\/uploads\/sites\/2\/2023\/09\/GP-BackScan-2023-w-1024x1024.png","contentUrl":"https:\/\/go-tec.de\/wp-content\/uploads\/sites\/2\/2023\/09\/GP-BackScan-2023-w-1024x1024.png"},{"@type":"BreadcrumbList","@id":"https:\/\/go-tec.de\/ja\/go-tec-system\/gp-easyscan-3d-ruecken\/#breadcrumb","itemListElement":[{"@type":"ListItem","position":1,"name":"Startseite","item":"https:\/\/go-tec.de\/"},{"@type":"ListItem","position":2,"name":"go-tec System","item":"https:\/\/go-tec.de\/ja\/go-tec-system\/"},{"@type":"ListItem","position":3,"name":"GP EasyScan 3D R\u00fccken"}]},{"@type":"WebSite","@id":"https:\/\/go-tec.de\/en\/#website","url":"https:\/\/go-tec.de\/en\/","name":"","description":"","potentialAction":[{"@type":"SearchAction","target":{"@type":"EntryPoint","urlTemplate":"https:\/\/go-tec.de\/en\/?s={search_term_string}"},"query-input":{"@type":"PropertyValueSpecification","valueRequired":true,"valueName":"search_term_string"}}],"inLanguage":"en-US"}]}},"coauthors":[],"author_meta":{"author_link":"https:\/\/go-tec.de\/en\/author\/akoctar\/","display_name":"akoctar"},"relative_dates":{"created":"Posted 3 years ago","modified":"Updated 4 weeks ago"},"absolute_dates":{"created":"Posted on 15. June 2023","modified":"Updated on 17. March 2026"},"absolute_dates_time":{"created":"Posted on 15. June 2023 11:41","modified":"Updated on 17. March 2026 8:28"},"featured_img_caption":"","featured_img":false,"series_order":"","_links":{"self":[{"href":"https:\/\/go-tec.de\/en\/wp-json\/wp\/v2\/pages\/381","targetHints":{"allow":["GET"]}}],"collection":[{"href":"https:\/\/go-tec.de\/en\/wp-json\/wp\/v2\/pages"}],"about":[{"href":"https:\/\/go-tec.de\/en\/wp-json\/wp\/v2\/types\/page"}],"author":[{"embeddable":true,"href":"https:\/\/go-tec.de\/en\/wp-json\/wp\/v2\/users\/8"}],"replies":[{"embeddable":true,"href":"https:\/\/go-tec.de\/en\/wp-json\/wp\/v2\/comments?post=381"}],"version-history":[{"count":16,"href":"https:\/\/go-tec.de\/en\/wp-json\/wp\/v2\/pages\/381\/revisions"}],"predecessor-version":[{"id":1268,"href":"https:\/\/go-tec.de\/en\/wp-json\/wp\/v2\/pages\/381\/revisions\/1268"}],"up":[{"embeddable":true,"href":"https:\/\/go-tec.de\/en\/wp-json\/wp\/v2\/pages\/12"}],"wp:attachment":[{"href":"https:\/\/go-tec.de\/en\/wp-json\/wp\/v2\/media?parent=381"}],"curies":[{"name":"wp","href":"https:\/\/api.w.org\/{rel}","templated":true}]}}