{"id":358,"date":"2023-06-15T11:03:32","date_gmt":"2023-06-15T09:03:32","guid":{"rendered":"https:\/\/cms.gebiom.group\/go-tec\/?page_id=358"},"modified":"2026-03-18T07:25:15","modified_gmt":"2026-03-18T06:25:15","slug":"gt-radix","status":"publish","type":"page","link":"https:\/\/go-tec.de\/en\/go-tec-system\/gt-radix\/","title":{"rendered":"GP RADIX"},"content":{"rendered":"\n<div class=\"wp-block-cover is-light\" style=\"min-height:70vh;aspect-ratio:unset;\"><img loading=\"lazy\" decoding=\"async\" width=\"1024\" height=\"335\" class=\"wp-block-cover__image-background wp-image-1282 size-large\" alt=\"\" src=\"http:\/\/go-tec.de\/wp-content\/uploads\/sites\/2\/2026\/03\/go-tec_gtradix_header_muenster-1024x335.png\" data-object-fit=\"cover\" srcset=\"https:\/\/go-tec.de\/wp-content\/uploads\/sites\/2\/2026\/03\/go-tec_gtradix_header_muenster-1024x335.png 1024w, https:\/\/go-tec.de\/wp-content\/uploads\/sites\/2\/2026\/03\/go-tec_gtradix_header_muenster-300x98.png 300w, https:\/\/go-tec.de\/wp-content\/uploads\/sites\/2\/2026\/03\/go-tec_gtradix_header_muenster-768x252.png 768w, https:\/\/go-tec.de\/wp-content\/uploads\/sites\/2\/2026\/03\/go-tec_gtradix_header_muenster-1536x503.png 1536w, https:\/\/go-tec.de\/wp-content\/uploads\/sites\/2\/2026\/03\/go-tec_gtradix_header_muenster-2048x671.png 2048w, https:\/\/go-tec.de\/wp-content\/uploads\/sites\/2\/2026\/03\/go-tec_gtradix_header_muenster-18x6.png 18w\" sizes=\"auto, (max-width: 1024px) 100vw, 1024px\" \/><span aria-hidden=\"true\" class=\"wp-block-cover__background has-background-dim-30 has-background-dim\" style=\"background-color:#a3aab2\"><\/span><div class=\"wp-block-cover__inner-container is-layout-flow wp-block-cover-is-layout-flow\">\n<div class=\"wp-block-group is-layout-flow wp-block-group-is-layout-flow\">\n<h2 class=\"wp-block-heading has-text-align-center px-3 px-md-4 px-lg-5 animated fadeInUp has-white-color has-text-color\">GT RADIX<\/h2>\n<\/div>\n<\/div><\/div>\n\n\n\n<div class=\"wp-block-group py-5 px-3 px-md-4 px-lg-5 has-darkgrey-color has-text-color is-layout-flow wp-block-group-is-layout-flow\">\n<div class=\"wp-block-group is-layout-constrained wp-container-core-group-is-layout-703bee88 wp-block-group-is-layout-constrained\">\n<h2 class=\"wp-block-heading has-text-align-center animated fadeInUp\">GT Radix: Die flexible und effektive Erfassung der plantaren Druckverteilung im Schuh<\/h2>\n\n\n\n<h4 class=\"wp-block-heading has-text-align-center\"><strong>GT RADIX ist ein Innenschuhdruckmesssystem f\u00fcr pr\u00e4zise Bewegungsanalyse<\/strong><\/h4>\n\n\n\n<p class=\"has-text-align-center animated fadeInUp\">Das <strong>Innenschuhdruckmesssystem GT RADIX<\/strong> erm\u00f6glicht die pr\u00e4zise Messung von Druckverteilungen direkt im Schuh. Es liefert <strong>verl\u00e4ssliche, dynamische Messdaten<\/strong> und unterst\u00fctzt die optimale Analyse von Gangbild und Belastung.<\/p>\n\n\n\n<p class=\"has-text-align-center animated fadeInUp\">Ideal f\u00fcr die <strong>Orthop\u00e4dietechnik, Rehabilitation und Sportanalyse<\/strong>, hilft GT RADIX dabei, Versorgungen gezielt zu optimieren und individuelle L\u00f6sungen noch genauer anzupassen.<\/p>\n\n\n\n<div class=\"wp-block-columns py-5 is-layout-flex wp-container-core-columns-is-layout-28f84493 wp-block-columns-is-layout-flex\">\n<div class=\"wp-block-column px-3 px-md-4 px-lg-5 is-layout-flow wp-block-column-is-layout-flow\">\n<div class=\"wp-block-cb-carousel cb-single-slide animated fadeInUp\" data-slick=\"{&quot;slidesToShow&quot;:1,&quot;slidesToScroll&quot;:1,&quot;speed&quot;:300,&quot;arrows&quot;:true,&quot;dots&quot;:true,&quot;autoplay&quot;:true,&quot;autoplaySpeed&quot;:3000,&quot;infinite&quot;:true,&quot;responsive&quot;:[{&quot;breakpoint&quot;:769,&quot;settings&quot;:{&quot;slidesToShow&quot;:1,&quot;slidesToScroll&quot;:1}}]}\">\n<div class=\"wp-block-cb-slide\">\n<figure class=\"wp-block-image size-large\"><img loading=\"lazy\" decoding=\"async\" width=\"1024\" height=\"682\" src=\"https:\/\/go-tec.de\/wp-content\/uploads\/sites\/2\/2026\/03\/go-tec_gt_radix_messsystem-frei-1024x682.png\" alt=\"\" class=\"wp-image-1280\" srcset=\"https:\/\/go-tec.de\/wp-content\/uploads\/sites\/2\/2026\/03\/go-tec_gt_radix_messsystem-frei-1024x682.png 1024w, https:\/\/go-tec.de\/wp-content\/uploads\/sites\/2\/2026\/03\/go-tec_gt_radix_messsystem-frei-300x200.png 300w, https:\/\/go-tec.de\/wp-content\/uploads\/sites\/2\/2026\/03\/go-tec_gt_radix_messsystem-frei-768x512.png 768w, https:\/\/go-tec.de\/wp-content\/uploads\/sites\/2\/2026\/03\/go-tec_gt_radix_messsystem-frei-18x12.png 18w, https:\/\/go-tec.de\/wp-content\/uploads\/sites\/2\/2026\/03\/go-tec_gt_radix_messsystem-frei.png 1280w\" sizes=\"auto, (max-width: 1024px) 100vw, 1024px\" \/><\/figure>\n<\/div>\n\n\n\n<div class=\"wp-block-cb-slide\">\n<figure class=\"wp-block-image size-large\"><img loading=\"lazy\" decoding=\"async\" width=\"1024\" height=\"1024\" src=\"https:\/\/go-tec.de\/wp-content\/uploads\/sites\/2\/2024\/04\/Radix-1024x1024.png\" alt=\"\" class=\"wp-image-983\" srcset=\"https:\/\/go-tec.de\/wp-content\/uploads\/sites\/2\/2024\/04\/Radix-1024x1024.png 1024w, https:\/\/go-tec.de\/wp-content\/uploads\/sites\/2\/2024\/04\/Radix-300x300.png 300w, https:\/\/go-tec.de\/wp-content\/uploads\/sites\/2\/2024\/04\/Radix-150x150.png 150w, https:\/\/go-tec.de\/wp-content\/uploads\/sites\/2\/2024\/04\/Radix-768x768.png 768w, https:\/\/go-tec.de\/wp-content\/uploads\/sites\/2\/2024\/04\/Radix-12x12.png 12w, https:\/\/go-tec.de\/wp-content\/uploads\/sites\/2\/2024\/04\/Radix.png 1080w\" sizes=\"auto, (max-width: 1024px) 100vw, 1024px\" \/><\/figure>\n<\/div>\n\n\n\n<div class=\"wp-block-cb-slide\">\n<figure class=\"wp-block-image size-large is-resized\"><img loading=\"lazy\" decoding=\"async\" width=\"1024\" height=\"576\" src=\"https:\/\/go-tec.de\/wp-content\/uploads\/sites\/2\/2024\/04\/MicrosoftTeams-image-23-1024x576.png\" alt=\"\" class=\"wp-image-981\" style=\"width:773px;height:auto\" srcset=\"https:\/\/go-tec.de\/wp-content\/uploads\/sites\/2\/2024\/04\/MicrosoftTeams-image-23-1024x576.png 1024w, https:\/\/go-tec.de\/wp-content\/uploads\/sites\/2\/2024\/04\/MicrosoftTeams-image-23-300x169.png 300w, https:\/\/go-tec.de\/wp-content\/uploads\/sites\/2\/2024\/04\/MicrosoftTeams-image-23-768x432.png 768w, https:\/\/go-tec.de\/wp-content\/uploads\/sites\/2\/2024\/04\/MicrosoftTeams-image-23-1536x864.png 1536w, https:\/\/go-tec.de\/wp-content\/uploads\/sites\/2\/2024\/04\/MicrosoftTeams-image-23-18x10.png 18w, https:\/\/go-tec.de\/wp-content\/uploads\/sites\/2\/2024\/04\/MicrosoftTeams-image-23.png 1920w\" sizes=\"auto, (max-width: 1024px) 100vw, 1024px\" \/><\/figure>\n<\/div>\n\n\n\n<div class=\"wp-block-cb-slide\">\n<figure class=\"wp-block-image size-large\"><img loading=\"lazy\" decoding=\"async\" width=\"1024\" height=\"682\" src=\"https:\/\/cms.gebiom.group\/go-tec\/wp-content\/uploads\/sites\/2\/2023\/06\/MobilData_Wifi_3-1024x682.jpg\" alt=\"\" class=\"wp-image-362\" srcset=\"https:\/\/go-tec.de\/wp-content\/uploads\/sites\/2\/2023\/06\/MobilData_Wifi_3-1024x682.jpg 1024w, https:\/\/go-tec.de\/wp-content\/uploads\/sites\/2\/2023\/06\/MobilData_Wifi_3-300x200.jpg 300w, https:\/\/go-tec.de\/wp-content\/uploads\/sites\/2\/2023\/06\/MobilData_Wifi_3-768x512.jpg 768w, https:\/\/go-tec.de\/wp-content\/uploads\/sites\/2\/2023\/06\/MobilData_Wifi_3-1536x1024.jpg 1536w, https:\/\/go-tec.de\/wp-content\/uploads\/sites\/2\/2023\/06\/MobilData_Wifi_3.jpg 2000w\" sizes=\"auto, (max-width: 1024px) 100vw, 1024px\" \/><\/figure>\n<\/div>\n<\/div>\n<\/div>\n\n\n\n<div class=\"wp-block-column px-3 px-md-4 px-lg-5 is-layout-flow wp-block-column-is-layout-flow\">\n<h3 class=\"wp-block-heading animated fadeInUp has-blue-color has-text-color\">Ihre Vorteile:<\/h3>\n\n\n\n<ul class=\"wp-block-list animated fadeInUp\">\n<li>Kabellose \u00dcbertragung via Bluetooth<\/li>\n\n\n\n<li>Spezieller Ausdruck bei Diabeteskontrollmessung gem\u00e4\u00df GKV<\/li>\n\n\n\n<li>Darstellung der Druckmesswerte als Farbcode oder 3-dimensionales Druckgebirge<\/li>\n\n\n\n<li>Hohe Flexibilit\u00e4t der Messsohlen<\/li>\n\n\n\n<li>Lange Lebensdauer dank individueller Fertigung made by GeBioM<\/li>\n\n\n\n<li>Farbausdruck der Druckmesswerte (f\u00fcr den Kunden oder zur eigenen Weiterverarbeitung)<\/li>\n<\/ul>\n\n\n\n<p class=\"has-blue-color has-text-color has-link-color wp-elements-0b9dc5f557a2adb650616f432fc90efd\"><strong>N\u00e4here Information erhalten Sie im Datenblatt <\/strong><\/p>\n\n\n\n<div class=\"wp-block-buttons animated fadeInUp is-layout-flex wp-block-buttons-is-layout-flex\">\n<div class=\"wp-block-button is-style-outline is-style-outline--1\"><a class=\"wp-block-button__link has-blue-color has-text-color wp-element-button\" href=\"https:\/\/cms.gebiom.group\/go-tec\/go-tec-system\/#vernetzung\" style=\"border-radius:5px\">Zur\u00fcck<\/a><\/div>\n\n\n\n<div class=\"wp-block-button is-style-outline is-style-outline--2\"><a class=\"wp-block-button__link has-blue-color has-text-color wp-element-button\" href=\"https:\/\/go-tec.de\/wp-content\/uploads\/sites\/2\/2023\/12\/GT-RADIX.pdf\" style=\"border-radius:5px\">Datenblatt<\/a><\/div>\n<\/div>\n<\/div>\n<\/div>\n<\/div>\n<\/div>\n\n\n\n<div class=\"wp-block-group has-lightergrey-color has-mediumgrey-background-color has-text-color has-background has-link-color wp-elements-cd5a470c6daa3e3ad31dc3293e05da5a is-content-justification-center is-nowrap is-layout-flex wp-container-core-group-is-layout-23441af8 wp-block-group-is-layout-flex\">\n<p class=\"wp-container-content-69bc4bdf\">Pr\u00e4zise Druckmessung im Schuh<\/p>\n\n\n\n<p>Analyse von Gang und Belastung in Echtzeit<\/p>\n\n\n\n<p>Optimierung von Einlagen und Versorgungen<\/p>\n\n\n\n<p>Flexibel einsetzbar in Praxis und Werkstatt<\/p>\n<\/div>\n\n\n\n<div class=\"wp-block-group px-3 px-md-4 px-lg-5 contact-section has-white-color has-blue-background-color has-text-color has-background is-layout-constrained wp-container-core-group-is-layout-6e20cf48 wp-block-group-is-layout-constrained advgb-dyn-2eccdb19\">\n<div class=\"wp-block-columns py-5 is-layout-flex wp-container-core-columns-is-layout-28f84493 wp-block-columns-is-layout-flex\">\n<div class=\"wp-block-column animated fadeInLeft is-layout-flow wp-block-column-is-layout-flow\" style=\"flex-basis:66.66%\">\n<h3 class=\"wp-block-heading advgb-dyn-b31c1e16\">Gerne beraten wir Sie pers\u00f6nlich!<\/h3>\n\n\n\n<p>Wir rufen Sie zeitnah zur\u00fcck! <\/p>\n<\/div>\n\n\n\n<div class=\"wp-block-column is-vertically-aligned-center animated fadeInRight is-layout-flow wp-block-column-is-layout-flow\" style=\"flex-basis:33.33%\">\n<div class=\"wp-block-buttons animated fadeInUp mb-5 is-content-justification-center is-layout-flex wp-container-core-buttons-is-layout-a89b3969 wp-block-buttons-is-layout-flex\">\n<div class=\"wp-block-button is-style-fill advgb-dyn-3db009d7\"><a class=\"wp-block-button__link has-white-color has-green-background-color has-text-color has-background wp-element-button\" href=\"https:\/\/go-tec.de\/kontaktsales\/\" style=\"border-radius:5px\">Zur Kontaktanfrage<\/a><\/div>\n<\/div>\n<\/div>\n<\/div>\n<\/div>\n","protected":false},"excerpt":{"rendered":"<p>GT Radix: Die flexible und effektive Erfassung der plantaren Druckverteilung im Schuh GT RADIX ist ein Innenschuhdruckmesssystem f\u00fcr pr\u00e4zise Bewegungsanalyse Das Innenschuhdruckmesssystem GT RADIX erm\u00f6glicht die pr\u00e4zise Messung von Druckverteilungen direkt im Schuh. Es liefert verl\u00e4ssliche, dynamische Messdaten und unterst\u00fctzt die optimale Analyse von Gangbild und Belastung. Ideal f\u00fcr die Orthop\u00e4dietechnik, Rehabilitation und Sportanalyse, hilft [&hellip;]<\/p>\n","protected":false},"author":8,"featured_media":0,"parent":12,"menu_order":0,"comment_status":"closed","ping_status":"closed","template":"","meta":{"inline_featured_image":false,"advgb_blocks_editor_width":"","advgb_blocks_columns_visual_guide":"","footnotes":""},"class_list":["post-358","page","type-page","status-publish","hentry"],"yoast_head":"<!-- This site is optimized with the Yoast SEO plugin v27.2 - https:\/\/yoast.com\/product\/yoast-seo-wordpress\/ -->\n<title>GP RADIX -<\/title>\n<meta name=\"description\" content=\"GT RADIX misst Druckverteilungen im Schuh pr\u00e4zise und in Echtzeit. Ideal f\u00fcr Ganganalyse und die Optimierung orthop\u00e4discher Versorgungen.\" \/>\n<meta name=\"robots\" content=\"index, follow, max-snippet:-1, max-image-preview:large, max-video-preview:-1\" \/>\n<link rel=\"canonical\" href=\"https:\/\/go-tec.de\/en\/go-tec-system\/gt-radix\/\" \/>\n<meta property=\"og:locale\" content=\"en_US\" \/>\n<meta property=\"og:type\" content=\"article\" \/>\n<meta property=\"og:title\" content=\"GP RADIX -\" \/>\n<meta property=\"og:description\" content=\"GT RADIX misst Druckverteilungen im Schuh pr\u00e4zise und in Echtzeit. Ideal f\u00fcr Ganganalyse und die Optimierung orthop\u00e4discher Versorgungen.\" \/>\n<meta property=\"og:url\" content=\"https:\/\/go-tec.de\/en\/go-tec-system\/gt-radix\/\" \/>\n<meta property=\"article:modified_time\" content=\"2026-03-18T06:25:15+00:00\" \/>\n<meta property=\"og:image\" content=\"http:\/\/go-tec.de\/wp-content\/uploads\/sites\/2\/2026\/03\/go-tec_gtradix_header_muenster-1024x335.png\" \/>\n<meta name=\"twitter:card\" content=\"summary_large_image\" \/>\n<meta name=\"twitter:label1\" content=\"Est. reading time\" \/>\n\t<meta name=\"twitter:data1\" content=\"4 minutes\" \/>\n<script type=\"application\/ld+json\" class=\"yoast-schema-graph\">{\"@context\":\"https:\/\/schema.org\",\"@graph\":[{\"@type\":\"WebPage\",\"@id\":\"https:\/\/go-tec.de\/en\/go-tec-system\/gt-radix\/\",\"url\":\"https:\/\/go-tec.de\/en\/go-tec-system\/gt-radix\/\",\"name\":\"GP RADIX -\",\"isPartOf\":{\"@id\":\"https:\/\/go-tec.de\/en\/#website\"},\"primaryImageOfPage\":{\"@id\":\"https:\/\/go-tec.de\/en\/go-tec-system\/gt-radix\/#primaryimage\"},\"image\":{\"@id\":\"https:\/\/go-tec.de\/en\/go-tec-system\/gt-radix\/#primaryimage\"},\"thumbnailUrl\":\"http:\/\/go-tec.de\/wp-content\/uploads\/sites\/2\/2026\/03\/go-tec_gtradix_header_muenster-1024x335.png\",\"datePublished\":\"2023-06-15T09:03:32+00:00\",\"dateModified\":\"2026-03-18T06:25:15+00:00\",\"description\":\"GT RADIX misst Druckverteilungen im Schuh pr\u00e4zise und in Echtzeit. Ideal f\u00fcr Ganganalyse und die Optimierung orthop\u00e4discher Versorgungen.\",\"breadcrumb\":{\"@id\":\"https:\/\/go-tec.de\/en\/go-tec-system\/gt-radix\/#breadcrumb\"},\"inLanguage\":\"en-US\",\"potentialAction\":[{\"@type\":\"ReadAction\",\"target\":[\"https:\/\/go-tec.de\/en\/go-tec-system\/gt-radix\/\"]}]},{\"@type\":\"ImageObject\",\"inLanguage\":\"en-US\",\"@id\":\"https:\/\/go-tec.de\/en\/go-tec-system\/gt-radix\/#primaryimage\",\"url\":\"http:\/\/go-tec.de\/wp-content\/uploads\/sites\/2\/2026\/03\/go-tec_gtradix_header_muenster-1024x335.png\",\"contentUrl\":\"http:\/\/go-tec.de\/wp-content\/uploads\/sites\/2\/2026\/03\/go-tec_gtradix_header_muenster-1024x335.png\"},{\"@type\":\"BreadcrumbList\",\"@id\":\"https:\/\/go-tec.de\/en\/go-tec-system\/gt-radix\/#breadcrumb\",\"itemListElement\":[{\"@type\":\"ListItem\",\"position\":1,\"name\":\"Startseite\",\"item\":\"https:\/\/go-tec.de\/\"},{\"@type\":\"ListItem\",\"position\":2,\"name\":\"go-tec System\",\"item\":\"https:\/\/go-tec.de\/ja\/go-tec-system\/\"},{\"@type\":\"ListItem\",\"position\":3,\"name\":\"GP RADIX\"}]},{\"@type\":\"WebSite\",\"@id\":\"https:\/\/go-tec.de\/en\/#website\",\"url\":\"https:\/\/go-tec.de\/en\/\",\"name\":\"\",\"description\":\"\",\"potentialAction\":[{\"@type\":\"SearchAction\",\"target\":{\"@type\":\"EntryPoint\",\"urlTemplate\":\"https:\/\/go-tec.de\/en\/?s={search_term_string}\"},\"query-input\":{\"@type\":\"PropertyValueSpecification\",\"valueRequired\":true,\"valueName\":\"search_term_string\"}}],\"inLanguage\":\"en-US\"}]}<\/script>\n<!-- \/ Yoast SEO plugin. -->","yoast_head_json":{"title":"GP RADIX -","description":"GT RADIX misst Druckverteilungen im Schuh pr\u00e4zise und in Echtzeit. Ideal f\u00fcr Ganganalyse und die Optimierung orthop\u00e4discher Versorgungen.","robots":{"index":"index","follow":"follow","max-snippet":"max-snippet:-1","max-image-preview":"max-image-preview:large","max-video-preview":"max-video-preview:-1"},"canonical":"https:\/\/go-tec.de\/en\/go-tec-system\/gt-radix\/","og_locale":"en_US","og_type":"article","og_title":"GP RADIX -","og_description":"GT RADIX misst Druckverteilungen im Schuh pr\u00e4zise und in Echtzeit. Ideal f\u00fcr Ganganalyse und die Optimierung orthop\u00e4discher Versorgungen.","og_url":"https:\/\/go-tec.de\/en\/go-tec-system\/gt-radix\/","article_modified_time":"2026-03-18T06:25:15+00:00","og_image":[{"url":"http:\/\/go-tec.de\/wp-content\/uploads\/sites\/2\/2026\/03\/go-tec_gtradix_header_muenster-1024x335.png","type":"","width":"","height":""}],"twitter_card":"summary_large_image","twitter_misc":{"Est. reading time":"4 minutes"},"schema":{"@context":"https:\/\/schema.org","@graph":[{"@type":"WebPage","@id":"https:\/\/go-tec.de\/en\/go-tec-system\/gt-radix\/","url":"https:\/\/go-tec.de\/en\/go-tec-system\/gt-radix\/","name":"GP RADIX -","isPartOf":{"@id":"https:\/\/go-tec.de\/en\/#website"},"primaryImageOfPage":{"@id":"https:\/\/go-tec.de\/en\/go-tec-system\/gt-radix\/#primaryimage"},"image":{"@id":"https:\/\/go-tec.de\/en\/go-tec-system\/gt-radix\/#primaryimage"},"thumbnailUrl":"http:\/\/go-tec.de\/wp-content\/uploads\/sites\/2\/2026\/03\/go-tec_gtradix_header_muenster-1024x335.png","datePublished":"2023-06-15T09:03:32+00:00","dateModified":"2026-03-18T06:25:15+00:00","description":"GT RADIX misst Druckverteilungen im Schuh pr\u00e4zise und in Echtzeit. Ideal f\u00fcr Ganganalyse und die Optimierung orthop\u00e4discher Versorgungen.","breadcrumb":{"@id":"https:\/\/go-tec.de\/en\/go-tec-system\/gt-radix\/#breadcrumb"},"inLanguage":"en-US","potentialAction":[{"@type":"ReadAction","target":["https:\/\/go-tec.de\/en\/go-tec-system\/gt-radix\/"]}]},{"@type":"ImageObject","inLanguage":"en-US","@id":"https:\/\/go-tec.de\/en\/go-tec-system\/gt-radix\/#primaryimage","url":"http:\/\/go-tec.de\/wp-content\/uploads\/sites\/2\/2026\/03\/go-tec_gtradix_header_muenster-1024x335.png","contentUrl":"http:\/\/go-tec.de\/wp-content\/uploads\/sites\/2\/2026\/03\/go-tec_gtradix_header_muenster-1024x335.png"},{"@type":"BreadcrumbList","@id":"https:\/\/go-tec.de\/en\/go-tec-system\/gt-radix\/#breadcrumb","itemListElement":[{"@type":"ListItem","position":1,"name":"Startseite","item":"https:\/\/go-tec.de\/"},{"@type":"ListItem","position":2,"name":"go-tec System","item":"https:\/\/go-tec.de\/ja\/go-tec-system\/"},{"@type":"ListItem","position":3,"name":"GP RADIX"}]},{"@type":"WebSite","@id":"https:\/\/go-tec.de\/en\/#website","url":"https:\/\/go-tec.de\/en\/","name":"","description":"","potentialAction":[{"@type":"SearchAction","target":{"@type":"EntryPoint","urlTemplate":"https:\/\/go-tec.de\/en\/?s={search_term_string}"},"query-input":{"@type":"PropertyValueSpecification","valueRequired":true,"valueName":"search_term_string"}}],"inLanguage":"en-US"}]}},"coauthors":[],"author_meta":{"author_link":"https:\/\/go-tec.de\/en\/author\/akoctar\/","display_name":"akoctar"},"relative_dates":{"created":"Posted 3 years ago","modified":"Updated 4 weeks ago"},"absolute_dates":{"created":"Posted on 15. June 2023","modified":"Updated on 18. March 2026"},"absolute_dates_time":{"created":"Posted on 15. June 2023 11:03","modified":"Updated on 18. March 2026 7:25"},"featured_img_caption":"","featured_img":false,"series_order":"","_links":{"self":[{"href":"https:\/\/go-tec.de\/en\/wp-json\/wp\/v2\/pages\/358","targetHints":{"allow":["GET"]}}],"collection":[{"href":"https:\/\/go-tec.de\/en\/wp-json\/wp\/v2\/pages"}],"about":[{"href":"https:\/\/go-tec.de\/en\/wp-json\/wp\/v2\/types\/page"}],"author":[{"embeddable":true,"href":"https:\/\/go-tec.de\/en\/wp-json\/wp\/v2\/users\/8"}],"replies":[{"embeddable":true,"href":"https:\/\/go-tec.de\/en\/wp-json\/wp\/v2\/comments?post=358"}],"version-history":[{"count":21,"href":"https:\/\/go-tec.de\/en\/wp-json\/wp\/v2\/pages\/358\/revisions"}],"predecessor-version":[{"id":1290,"href":"https:\/\/go-tec.de\/en\/wp-json\/wp\/v2\/pages\/358\/revisions\/1290"}],"up":[{"embeddable":true,"href":"https:\/\/go-tec.de\/en\/wp-json\/wp\/v2\/pages\/12"}],"wp:attachment":[{"href":"https:\/\/go-tec.de\/en\/wp-json\/wp\/v2\/media?parent=358"}],"curies":[{"name":"wp","href":"https:\/\/api.w.org\/{rel}","templated":true}]}}