{"id":334,"date":"2023-06-15T10:20:21","date_gmt":"2023-06-15T08:20:21","guid":{"rendered":"https:\/\/cms.gebiom.group\/go-tec\/?page_id=334"},"modified":"2026-03-18T08:02:35","modified_gmt":"2026-03-18T07:02:35","slug":"gt-george","status":"publish","type":"page","link":"https:\/\/go-tec.de\/en\/go-tec-system\/gt-george\/","title":{"rendered":"GT George"},"content":{"rendered":"<figure class=\"wp-block-gallery has-nested-images columns-default is-cropped wp-block-gallery-1 is-layout-flex wp-block-gallery-is-layout-flex\">\n<figure class=\"wp-block-image size-full\"><img loading=\"lazy\" decoding=\"async\" width=\"813\" height=\"814\" data-id=\"539\" src=\"https:\/\/go-tec.de\/wp-content\/uploads\/sites\/2\/2023\/06\/MicrosoftTeams-image-66.png\" alt=\"\" class=\"wp-image-539\" srcset=\"https:\/\/go-tec.de\/wp-content\/uploads\/sites\/2\/2023\/06\/MicrosoftTeams-image-66.png 813w, https:\/\/go-tec.de\/wp-content\/uploads\/sites\/2\/2023\/06\/MicrosoftTeams-image-66-300x300.png 300w, https:\/\/go-tec.de\/wp-content\/uploads\/sites\/2\/2023\/06\/MicrosoftTeams-image-66-150x150.png 150w, https:\/\/go-tec.de\/wp-content\/uploads\/sites\/2\/2023\/06\/MicrosoftTeams-image-66-768x769.png 768w\" sizes=\"auto, (max-width: 813px) 100vw, 813px\" \/><\/figure>\n<\/figure>\n\n\n\n<div class=\"wp-block-group py-5 px-3 px-md-4 px-lg-5 has-darkgrey-color has-text-color is-layout-flow wp-block-group-is-layout-flow\">\n<div class=\"wp-block-group is-layout-constrained wp-container-core-group-is-layout-703bee88 wp-block-group-is-layout-constrained\">\n<h2 class=\"wp-block-heading has-text-align-center animated fadeInUp\" id=\"gt-george-3d-vollfussscanner-fur-prazise-fussvermessung-12948788-de8a-4860-9172-7a44b5e42fdc\">GT George - 3D full foot scanner for precise foot measurement<\/h2>\n\n\n\n<h4 class=\"wp-block-heading has-text-align-center\" id=\"millimetergenaue-erfassung-des-gesamten-fusses-64906b08-34cc-416f-827a-c9601c2cb8c1\">Millimeter-precise measurement of the entire foot<\/h4>\n\n\n\n<p class=\"has-text-align-center animated fadeInUp\">The <strong>GT George<\/strong> is a high-performance 3D full foot scanner for <strong>millimeter-precise measurement of the entire foot<\/strong>. Thanks to modern laser technology, feet are fully digitized in just a few seconds - including a plantar view.<\/p>\n\n\n\n<p class=\"has-text-align-center\">The system enables scans <strong>Fully, partially or unloaded<\/strong> and provides an ideal basis for the precise construction of orthopaedic insoles and lasts. The 3D illustration enables your customers to understand more easily and precisely what you are talking to them about. This makes every anamnesis consultation much clearer and more customer-oriented!<\/p>\n\n\n\n<div class=\"wp-block-media-text is-stacked-on-mobile\" style=\"grid-template-columns:37% auto\"><figure class=\"wp-block-media-text__media\"><img loading=\"lazy\" decoding=\"async\" width=\"1024\" height=\"1024\" src=\"https:\/\/go-tec.de\/wp-content\/uploads\/sites\/2\/2026\/03\/go-tec_GT_George-1024x1024.png\" alt=\"\" class=\"wp-image-1302 size-full\" srcset=\"https:\/\/go-tec.de\/wp-content\/uploads\/sites\/2\/2026\/03\/go-tec_GT_George-1024x1024.png 1024w, https:\/\/go-tec.de\/wp-content\/uploads\/sites\/2\/2026\/03\/go-tec_GT_George-300x300.png 300w, https:\/\/go-tec.de\/wp-content\/uploads\/sites\/2\/2026\/03\/go-tec_GT_George-150x150.png 150w, https:\/\/go-tec.de\/wp-content\/uploads\/sites\/2\/2026\/03\/go-tec_GT_George-768x768.png 768w, https:\/\/go-tec.de\/wp-content\/uploads\/sites\/2\/2026\/03\/go-tec_GT_George-12x12.png 12w, https:\/\/go-tec.de\/wp-content\/uploads\/sites\/2\/2026\/03\/go-tec_GT_George.png 1080w\" sizes=\"auto, (max-width: 1024px) 100vw, 1024px\" \/><\/figure><div class=\"wp-block-media-text__content\">\n<p class=\"has-blue-color has-text-color has-link-color has-large-font-size wp-elements-32ec9d3abca9e4cce27e878a3c10d7bf\">Your advantages<\/p>\n\n\n\n<div class=\"wp-block-group is-layout-constrained wp-block-group-is-layout-constrained\">\n<ul class=\"wp-block-list\">\n<li>Improved customer advice thanks to clear 3D presentation<\/li>\n\n\n\n<li>3D capture of the entire foot in seconds<\/li>\n\n\n\n<li>Millimeter-precise, detailed scan results<\/li>\n\n\n\n<li>Measurement under different load situations<\/li>\n\n\n\n<li>Direct further processing in CAD systems<\/li>\n<\/ul>\n<\/div>\n\n\n\n<p><\/p>\n\n\n\n<div class=\"wp-block-buttons is-layout-flex wp-block-buttons-is-layout-flex\"><\/div>\n\n\n\n<p class=\"has-text-align-left\">Scope of delivery: Full foot scanner, 2 lateral footrests, 1 foot switch<\/p>\n\n\n\n<p class=\"has-text-align-left has-darkgrey-color has-text-color has-link-color wp-elements-fd791f8376d0b7d788a8c3a43d03845c\">Technical data and hardware requirements:&nbsp;<\/p>\n\n\n\n<div class=\"wp-block-advgb-button alignright is-style-outlined\"><a class=\"wp-block-advgb-button_link advgbbtn-d1df2381-0658-4870-af50-895dc376745b\" href=\"https:\/\/go-tec.de\/wp-content\/uploads\/sites\/2\/2023\/12\/GT-George.pdf\" target=\"_blank\" rel=\"noopener noreferrer\"><span>Data sheet<\/span><\/a><\/div>\n<\/div><\/div>\n\n\n\n<div class=\"wp-block-columns are-vertically-aligned-center py-5 is-layout-flex wp-container-core-columns-is-layout-28f84493 wp-block-columns-is-layout-flex\">\n<div class=\"wp-block-column is-vertically-aligned-center px-3 px-md-4 px-lg-5 is-layout-flow wp-block-column-is-layout-flow\">\n<figure class=\"wp-block-image size-full\"><img loading=\"lazy\" decoding=\"async\" width=\"514\" height=\"289\" src=\"https:\/\/cms.gebiom.group\/go-tec\/wp-content\/uploads\/sites\/2\/2023\/06\/tf2-2020-03-27-12-10-44-53.jpg\" alt=\"\" class=\"wp-image-336\" srcset=\"https:\/\/go-tec.de\/wp-content\/uploads\/sites\/2\/2023\/06\/tf2-2020-03-27-12-10-44-53.jpg 514w, https:\/\/go-tec.de\/wp-content\/uploads\/sites\/2\/2023\/06\/tf2-2020-03-27-12-10-44-53-300x169.jpg 300w\" sizes=\"auto, (max-width: 514px) 100vw, 514px\" \/><\/figure>\n<\/div>\n\n\n\n<div class=\"wp-block-column is-vertically-aligned-center px-3 px-md-4 px-lg-5 is-layout-flow wp-block-column-is-layout-flow\">\n<h3 class=\"wp-block-heading animated fadeInUp has-darkgrey-color has-text-color\" id=\"in-wenigen-sekunden-erstellung-eines-3dscans-mit-bildinformationen-0c66392b-b107-4443-89b7-7aeb31f56b5b\">Create a 3D scan with image information in just a few seconds<\/h3>\n<\/div>\n<\/div>\n\n\n\n<div class=\"wp-block-columns are-vertically-aligned-center py-5 is-layout-flex wp-container-core-columns-is-layout-28f84493 wp-block-columns-is-layout-flex\">\n<div class=\"wp-block-column is-vertically-aligned-center px-3 px-md-4 px-lg-5 is-layout-flow wp-block-column-is-layout-flow\">\n<figure class=\"wp-block-image size-full\"><img loading=\"lazy\" decoding=\"async\" width=\"514\" height=\"289\" src=\"https:\/\/cms.gebiom.group\/go-tec\/wp-content\/uploads\/sites\/2\/2023\/06\/tf3-2020-03-27-12-10-52-81.jpg\" alt=\"\" class=\"wp-image-337\" srcset=\"https:\/\/go-tec.de\/wp-content\/uploads\/sites\/2\/2023\/06\/tf3-2020-03-27-12-10-52-81.jpg 514w, https:\/\/go-tec.de\/wp-content\/uploads\/sites\/2\/2023\/06\/tf3-2020-03-27-12-10-52-81-300x169.jpg 300w\" sizes=\"auto, (max-width: 514px) 100vw, 514px\" \/><\/figure>\n<\/div>\n\n\n\n<div class=\"wp-block-column is-vertically-aligned-center px-3 px-md-4 px-lg-5 is-layout-flow wp-block-column-is-layout-flow\">\n<h3 class=\"wp-block-heading animated fadeInUp has-darkgrey-color has-text-color\" id=\"die-erfassten-daten-werden-zur-konstruktion-von-einlagen-und-leisten-in-gp-insolecad-und-gp-opticad-verwendet-597a9ba6-4cc0-4904-b1c2-597599e0e365\">The data collected is used to design insoles and lasts in GP InsoleCAD and GP OptiCAD<\/h3>\n<\/div>\n<\/div>\n\n\n\n<div class=\"wp-block-group is-layout-constrained wp-block-group-is-layout-constrained\">\n<p class=\"has-text-align-right\">Scope of delivery: Full foot scanner, 2 lateral footrests, 1 foot switch<\/p>\n\n\n\n<p class=\"has-text-align-right has-darkgrey-color has-text-color has-link-color wp-elements-9649fef0f3b9fcabff1f9e487575463f\">Technical data and hardware requirements:&nbsp;<\/p>\n\n\n\n<div class=\"wp-block-buttons has-mobile-text-align-justify is-horizontal is-content-justification-right is-layout-flex wp-container-core-buttons-is-layout-7f1c9595 wp-block-buttons-is-layout-flex\">\n<div class=\"wp-block-button is-style-outline is-style-outline--2\"><a class=\"wp-block-button__link has-border-color has-blue-border-color has-text-align-right wp-element-button\" href=\"https:\/\/go-tec.de\/wp-content\/uploads\/sites\/2\/2023\/12\/GT-George.pdf\">Data sheet<\/a><\/div>\n<\/div>\n<\/div>\n<\/div>\n<\/div>\n\n\n\n<div style=\"height:19px\" aria-hidden=\"true\" class=\"wp-block-spacer\"><\/div>\n\n\n\n<p class=\"has-text-align-center has-white-color has-mediumgrey-background-color has-text-color has-background has-link-color wp-elements-e34ee4a17ad66711585c7833e88aabe3\">The recorded data can be seamlessly integrated into <strong>GP InsoleCAD and GP OptiCAD<\/strong> and support an end-to-end digital workflow. <\/p>\n\n\n\n<div class=\"wp-block-group px-3 px-md-4 px-lg-5 contact-section has-white-color has-blue-background-color has-text-color has-background is-layout-constrained wp-container-core-group-is-layout-6e20cf48 wp-block-group-is-layout-constrained advgb-dyn-2eccdb19\">\n<div class=\"wp-block-columns py-5 is-layout-flex wp-container-core-columns-is-layout-28f84493 wp-block-columns-is-layout-flex\">\n<div class=\"wp-block-column animated fadeInLeft is-layout-flow wp-block-column-is-layout-flow\" style=\"flex-basis:66.66%\">\n<h3 class=\"wp-block-heading advgb-dyn-b31c1e16\">We would be happy to advise you personally!<\/h3>\n\n\n\n<p>We will call you back as soon as possible! <\/p>\n<\/div>\n\n\n\n<div class=\"wp-block-column is-vertically-aligned-center animated fadeInRight is-layout-flow wp-block-column-is-layout-flow\" style=\"flex-basis:33.33%\">\n<div class=\"wp-block-buttons animated fadeInUp mb-5 is-content-justification-center is-layout-flex wp-container-core-buttons-is-layout-a89b3969 wp-block-buttons-is-layout-flex\">\n<div class=\"wp-block-button is-style-fill advgb-dyn-3db009d7\"><a class=\"wp-block-button__link has-white-color has-green-background-color has-text-color has-background wp-element-button\" href=\"https:\/\/go-tec.de\/en\/kontaktsales\/\" style=\"border-radius:5px\">To the contact request<\/a><\/div>\n<\/div>\n<\/div>\n<\/div>\n<\/div>\n\n\n\n<p><\/p>\n<style class=\"advgb-styles-renderer\">.advgbbtn-d1df2381-0658-4870-af50-895dc376745b{font-size:18px;color:#036fa6 !important;background-color:#2196f3 !important;margin:0px 0px 0px 0px !important;padding:10px 30px 10px 30px;border-width:1px !important;border-style:none;border-radius:50px !important;}.advgbbtn-d1df2381-0658-4870-af50-895dc376745b:hover{box-shadow:1px 1px 12px 0px #ccc;opacity:1;transition:all 0.2s ease;}.advgbbtn-d1df2381-0658-4870-af50-895dc376745b > i {display: none !important;}.advgbbtn-d1df2381-0658-4870-af50-895dc376745b{font-size:18px;color:#036fa6 !important;background-color:#2196f3 !important;margin:0px 0px 0px 0px !important;padding:10px 30px 10px 30px;border-width:1px !important;border-style:none;border-radius:50px !important;}.advgbbtn-d1df2381-0658-4870-af50-895dc376745b:hover{box-shadow:1px 1px 12px 0px #ccc;opacity:1;transition:all 0.2s ease;}.advgbbtn-d1df2381-0658-4870-af50-895dc376745b > i {display: none !important;}.advgbbtn-d1df2381-0658-4870-af50-895dc376745b{font-size:18px;color:#036fa6 !important;background-color:#2196f3 !important;margin:0px 0px 0px 0px !important;padding:10px 30px 10px 30px;border-width:1px !important;border-style:none;border-radius:50px !important;}.advgbbtn-d1df2381-0658-4870-af50-895dc376745b:hover{box-shadow:1px 1px 12px 0px #ccc;opacity:1;transition:all 0.2s ease;}.advgbbtn-d1df2381-0658-4870-af50-895dc376745b > i {display: none !important;}.advgbbtn-d1df2381-0658-4870-af50-895dc376745b{font-size:18px;color:#036fa6 !important;background-color:#2196f3 !important;margin:0px 0px 0px 0px !important;padding:10px 30px 10px 30px;border-width:1px !important;border-style:none;border-radius:50px !important;}.advgbbtn-d1df2381-0658-4870-af50-895dc376745b:hover{box-shadow:1px 1px 12px 0px #ccc;opacity:1;transition:all 0.2s ease;}.advgbbtn-d1df2381-0658-4870-af50-895dc376745b > i {display: none !important;}<\/style>","protected":false},"excerpt":{"rendered":"<p>GT George \u2013 3D Vollfu\u00dfscanner f\u00fcr pr\u00e4zise Fu\u00dfvermessung Millimetergenaue Erfassung des gesamten Fu\u00dfes Der GT George ist ein leistungsstarker 3D Vollfu\u00dfscanner zur millimetergenauen Erfassung des gesamten Fu\u00dfes. Dank moderner Lasertechnologie werden F\u00fc\u00dfe in wenigen Sekunden vollst\u00e4ndig digitalisiert \u2013 inklusive plantarer Ansicht. Das System erm\u00f6glicht Scans voll-, teil- oder unbelastet und liefert eine ideale Grundlage f\u00fcr [&hellip;]<\/p>\n","protected":false},"author":8,"featured_media":0,"parent":12,"menu_order":0,"comment_status":"closed","ping_status":"closed","template":"","meta":{"inline_featured_image":false,"advgb_blocks_editor_width":"","advgb_blocks_columns_visual_guide":"","footnotes":""},"class_list":["post-334","page","type-page","status-publish","hentry"],"yoast_head":"<!-- This site is optimized with the Yoast SEO plugin v27.2 - https:\/\/yoast.com\/product\/yoast-seo-wordpress\/ -->\n<title>GT George -<\/title>\n<meta name=\"description\" content=\"Der GT George 3D Vollfu\u00dfscanner erfasst F\u00fc\u00dfe millimetergenau in Sekunden. Ideal f\u00fcr digitale Fu\u00dfanalyse und orthop\u00e4dische Einlagenfertigung.\" \/>\n<meta name=\"robots\" content=\"index, follow, max-snippet:-1, max-image-preview:large, max-video-preview:-1\" \/>\n<link rel=\"canonical\" href=\"https:\/\/go-tec.de\/en\/go-tec-system\/gt-george\/\" \/>\n<meta property=\"og:locale\" content=\"en_US\" \/>\n<meta property=\"og:type\" content=\"article\" \/>\n<meta property=\"og:title\" content=\"GT George -\" \/>\n<meta property=\"og:description\" content=\"Der GT George 3D Vollfu\u00dfscanner erfasst F\u00fc\u00dfe millimetergenau in Sekunden. Ideal f\u00fcr digitale Fu\u00dfanalyse und orthop\u00e4dische Einlagenfertigung.\" \/>\n<meta property=\"og:url\" content=\"https:\/\/go-tec.de\/en\/go-tec-system\/gt-george\/\" \/>\n<meta property=\"article:modified_time\" content=\"2026-03-18T07:02:35+00:00\" \/>\n<meta property=\"og:image\" content=\"https:\/\/go-tec.de\/wp-content\/uploads\/sites\/2\/2023\/06\/MicrosoftTeams-image-66.png\" \/>\n<meta name=\"twitter:card\" content=\"summary_large_image\" \/>\n<meta name=\"twitter:label1\" content=\"Est. reading time\" \/>\n\t<meta name=\"twitter:data1\" content=\"2 minutes\" \/>\n<script type=\"application\/ld+json\" class=\"yoast-schema-graph\">{\"@context\":\"https:\/\/schema.org\",\"@graph\":[{\"@type\":\"WebPage\",\"@id\":\"https:\/\/go-tec.de\/en\/go-tec-system\/gt-george\/\",\"url\":\"https:\/\/go-tec.de\/en\/go-tec-system\/gt-george\/\",\"name\":\"GT George -\",\"isPartOf\":{\"@id\":\"https:\/\/go-tec.de\/en\/#website\"},\"primaryImageOfPage\":{\"@id\":\"https:\/\/go-tec.de\/en\/go-tec-system\/gt-george\/#primaryimage\"},\"image\":{\"@id\":\"https:\/\/go-tec.de\/en\/go-tec-system\/gt-george\/#primaryimage\"},\"thumbnailUrl\":\"https:\/\/go-tec.de\/wp-content\/uploads\/sites\/2\/2023\/06\/MicrosoftTeams-image-66.png\",\"datePublished\":\"2023-06-15T08:20:21+00:00\",\"dateModified\":\"2026-03-18T07:02:35+00:00\",\"description\":\"Der GT George 3D Vollfu\u00dfscanner erfasst F\u00fc\u00dfe millimetergenau in Sekunden. Ideal f\u00fcr digitale Fu\u00dfanalyse und orthop\u00e4dische Einlagenfertigung.\",\"breadcrumb\":{\"@id\":\"https:\/\/go-tec.de\/en\/go-tec-system\/gt-george\/#breadcrumb\"},\"inLanguage\":\"en-US\",\"potentialAction\":[{\"@type\":\"ReadAction\",\"target\":[\"https:\/\/go-tec.de\/en\/go-tec-system\/gt-george\/\"]}]},{\"@type\":\"ImageObject\",\"inLanguage\":\"en-US\",\"@id\":\"https:\/\/go-tec.de\/en\/go-tec-system\/gt-george\/#primaryimage\",\"url\":\"https:\/\/go-tec.de\/wp-content\/uploads\/sites\/2\/2023\/06\/MicrosoftTeams-image-66.png\",\"contentUrl\":\"https:\/\/go-tec.de\/wp-content\/uploads\/sites\/2\/2023\/06\/MicrosoftTeams-image-66.png\"},{\"@type\":\"BreadcrumbList\",\"@id\":\"https:\/\/go-tec.de\/en\/go-tec-system\/gt-george\/#breadcrumb\",\"itemListElement\":[{\"@type\":\"ListItem\",\"position\":1,\"name\":\"Startseite\",\"item\":\"https:\/\/go-tec.de\/\"},{\"@type\":\"ListItem\",\"position\":2,\"name\":\"go-tec System\",\"item\":\"https:\/\/go-tec.de\/ja\/go-tec-system\/\"},{\"@type\":\"ListItem\",\"position\":3,\"name\":\"GT George\"}]},{\"@type\":\"WebSite\",\"@id\":\"https:\/\/go-tec.de\/en\/#website\",\"url\":\"https:\/\/go-tec.de\/en\/\",\"name\":\"\",\"description\":\"\",\"potentialAction\":[{\"@type\":\"SearchAction\",\"target\":{\"@type\":\"EntryPoint\",\"urlTemplate\":\"https:\/\/go-tec.de\/en\/?s={search_term_string}\"},\"query-input\":{\"@type\":\"PropertyValueSpecification\",\"valueRequired\":true,\"valueName\":\"search_term_string\"}}],\"inLanguage\":\"en-US\"}]}<\/script>\n<!-- \/ Yoast SEO plugin. -->","yoast_head_json":{"title":"GT George -","description":"Der GT George 3D Vollfu\u00dfscanner erfasst F\u00fc\u00dfe millimetergenau in Sekunden. Ideal f\u00fcr digitale Fu\u00dfanalyse und orthop\u00e4dische Einlagenfertigung.","robots":{"index":"index","follow":"follow","max-snippet":"max-snippet:-1","max-image-preview":"max-image-preview:large","max-video-preview":"max-video-preview:-1"},"canonical":"https:\/\/go-tec.de\/en\/go-tec-system\/gt-george\/","og_locale":"en_US","og_type":"article","og_title":"GT George -","og_description":"Der GT George 3D Vollfu\u00dfscanner erfasst F\u00fc\u00dfe millimetergenau in Sekunden. Ideal f\u00fcr digitale Fu\u00dfanalyse und orthop\u00e4dische Einlagenfertigung.","og_url":"https:\/\/go-tec.de\/en\/go-tec-system\/gt-george\/","article_modified_time":"2026-03-18T07:02:35+00:00","og_image":[{"url":"https:\/\/go-tec.de\/wp-content\/uploads\/sites\/2\/2023\/06\/MicrosoftTeams-image-66.png","type":"","width":"","height":""}],"twitter_card":"summary_large_image","twitter_misc":{"Est. reading time":"2 minutes"},"schema":{"@context":"https:\/\/schema.org","@graph":[{"@type":"WebPage","@id":"https:\/\/go-tec.de\/en\/go-tec-system\/gt-george\/","url":"https:\/\/go-tec.de\/en\/go-tec-system\/gt-george\/","name":"GT George -","isPartOf":{"@id":"https:\/\/go-tec.de\/en\/#website"},"primaryImageOfPage":{"@id":"https:\/\/go-tec.de\/en\/go-tec-system\/gt-george\/#primaryimage"},"image":{"@id":"https:\/\/go-tec.de\/en\/go-tec-system\/gt-george\/#primaryimage"},"thumbnailUrl":"https:\/\/go-tec.de\/wp-content\/uploads\/sites\/2\/2023\/06\/MicrosoftTeams-image-66.png","datePublished":"2023-06-15T08:20:21+00:00","dateModified":"2026-03-18T07:02:35+00:00","description":"Der GT George 3D Vollfu\u00dfscanner erfasst F\u00fc\u00dfe millimetergenau in Sekunden. Ideal f\u00fcr digitale Fu\u00dfanalyse und orthop\u00e4dische Einlagenfertigung.","breadcrumb":{"@id":"https:\/\/go-tec.de\/en\/go-tec-system\/gt-george\/#breadcrumb"},"inLanguage":"en-US","potentialAction":[{"@type":"ReadAction","target":["https:\/\/go-tec.de\/en\/go-tec-system\/gt-george\/"]}]},{"@type":"ImageObject","inLanguage":"en-US","@id":"https:\/\/go-tec.de\/en\/go-tec-system\/gt-george\/#primaryimage","url":"https:\/\/go-tec.de\/wp-content\/uploads\/sites\/2\/2023\/06\/MicrosoftTeams-image-66.png","contentUrl":"https:\/\/go-tec.de\/wp-content\/uploads\/sites\/2\/2023\/06\/MicrosoftTeams-image-66.png"},{"@type":"BreadcrumbList","@id":"https:\/\/go-tec.de\/en\/go-tec-system\/gt-george\/#breadcrumb","itemListElement":[{"@type":"ListItem","position":1,"name":"Startseite","item":"https:\/\/go-tec.de\/"},{"@type":"ListItem","position":2,"name":"go-tec System","item":"https:\/\/go-tec.de\/ja\/go-tec-system\/"},{"@type":"ListItem","position":3,"name":"GT George"}]},{"@type":"WebSite","@id":"https:\/\/go-tec.de\/en\/#website","url":"https:\/\/go-tec.de\/en\/","name":"","description":"","potentialAction":[{"@type":"SearchAction","target":{"@type":"EntryPoint","urlTemplate":"https:\/\/go-tec.de\/en\/?s={search_term_string}"},"query-input":{"@type":"PropertyValueSpecification","valueRequired":true,"valueName":"search_term_string"}}],"inLanguage":"en-US"}]}},"coauthors":[],"author_meta":{"author_link":"https:\/\/go-tec.de\/en\/author\/akoctar\/","display_name":"akoctar"},"relative_dates":{"created":"Posted 3 years ago","modified":"Updated 4 weeks ago"},"absolute_dates":{"created":"Posted on 15. June 2023","modified":"Updated on 18. March 2026"},"absolute_dates_time":{"created":"Posted on 15. June 2023 10:20","modified":"Updated on 18. March 2026 8:02"},"featured_img_caption":"","featured_img":false,"series_order":"","_links":{"self":[{"href":"https:\/\/go-tec.de\/en\/wp-json\/wp\/v2\/pages\/334","targetHints":{"allow":["GET"]}}],"collection":[{"href":"https:\/\/go-tec.de\/en\/wp-json\/wp\/v2\/pages"}],"about":[{"href":"https:\/\/go-tec.de\/en\/wp-json\/wp\/v2\/types\/page"}],"author":[{"embeddable":true,"href":"https:\/\/go-tec.de\/en\/wp-json\/wp\/v2\/users\/8"}],"replies":[{"embeddable":true,"href":"https:\/\/go-tec.de\/en\/wp-json\/wp\/v2\/comments?post=334"}],"version-history":[{"count":34,"href":"https:\/\/go-tec.de\/en\/wp-json\/wp\/v2\/pages\/334\/revisions"}],"predecessor-version":[{"id":1345,"href":"https:\/\/go-tec.de\/en\/wp-json\/wp\/v2\/pages\/334\/revisions\/1345"}],"up":[{"embeddable":true,"href":"https:\/\/go-tec.de\/en\/wp-json\/wp\/v2\/pages\/12"}],"wp:attachment":[{"href":"https:\/\/go-tec.de\/en\/wp-json\/wp\/v2\/media?parent=334"}],"curies":[{"name":"wp","href":"https:\/\/api.w.org\/{rel}","templated":true}]}}