{"id":22,"date":"2022-09-13T12:19:03","date_gmt":"2022-09-13T10:19:03","guid":{"rendered":"https:\/\/cms.gebiom.group\/go-tec\/?page_id=22"},"modified":"2023-06-15T21:45:04","modified_gmt":"2023-06-15T19:45:04","slug":"impressum","status":"publish","type":"page","link":"https:\/\/go-tec.de\/en\/impressum\/","title":{"rendered":"Imprint"},"content":{"rendered":"<div class=\"wp-block-cover\"><span aria-hidden=\"true\" class=\"wp-block-cover__background has-blue-background-color has-background-dim-70 has-background-dim\"><\/span><img loading=\"lazy\" decoding=\"async\" width=\"2321\" height=\"1280\" class=\"wp-block-cover__image-background wp-image-29\" alt=\"\" src=\"https:\/\/cms.gebiom.group\/go-tec\/wp-content\/uploads\/sites\/2\/2022\/09\/go-tec-header.jpg\" data-object-fit=\"cover\" srcset=\"https:\/\/go-tec.de\/wp-content\/uploads\/sites\/2\/2022\/09\/go-tec-header.jpg 2321w, https:\/\/go-tec.de\/wp-content\/uploads\/sites\/2\/2022\/09\/go-tec-header-300x165.jpg 300w, https:\/\/go-tec.de\/wp-content\/uploads\/sites\/2\/2022\/09\/go-tec-header-1024x565.jpg 1024w, https:\/\/go-tec.de\/wp-content\/uploads\/sites\/2\/2022\/09\/go-tec-header-768x424.jpg 768w, https:\/\/go-tec.de\/wp-content\/uploads\/sites\/2\/2022\/09\/go-tec-header-1536x847.jpg 1536w, https:\/\/go-tec.de\/wp-content\/uploads\/sites\/2\/2022\/09\/go-tec-header-2048x1129.jpg 2048w\" sizes=\"auto, (max-width: 2321px) 100vw, 2321px\" \/><div class=\"wp-block-cover__inner-container is-layout-flow wp-block-cover-is-layout-flow\">\n<div class=\"wp-block-group px-3 px-md-4 px-lg-5 is-layout-constrained wp-container-core-group-is-layout-703bee88 wp-block-group-is-layout-constrained\">\n<h1 class=\"wp-block-heading has-text-align-left advgb-dyn-fe2edc34\">Imprint<\/h1>\n<\/div>\n<\/div><\/div>\n\n\n\n<div class=\"wp-block-group is-layout-constrained wp-block-group-is-layout-constrained\">\n<div class=\"wp-block-group py-5 has-darkgrey-color has-text-color is-layout-constrained wp-container-core-group-is-layout-703bee88 wp-block-group-is-layout-constrained\">\n<h1 class=\"wp-block-heading advgb-dyn-3a323565\">Imprint<\/h1>\n\n\n\n<p>Owner and responsible for the content of this website:&nbsp;<br>go-tec GmbH&nbsp;<br><br>go-tec GmbH&nbsp;<br>Wilhelm-Schickard-Stra\u00dfe 12&nbsp;<br>48149 M\u00fcnster&nbsp;<br>Germany Tel.: +49 251 987240&nbsp;<br>Fax: +49 251 9872422&nbsp;<br>www.go-tec.de&nbsp;<br><br>info@go-tec.de&nbsp;<br><br>Managing Director<br><br>Jens Majewski<br>Wolfgang Domenghino&nbsp;<br>Henning Schnittger<br><br>Register court: M\u00fcnster Local Court&nbsp;<br>Register number: HRB 6016&nbsp;&nbsp;<br><br>Value added tax identification number in accordance with \u00a7 27 a of the Value Added Tax Act: DE 813 142 085&nbsp;<br><br>Liability notice:<br>Despite careful control of the content, we assume no liability for the content of external links. The operators of the linked pages are solely responsible for their content.<\/p>\n\n\n\n<h3 class=\"wp-block-heading\">Supporting agency<\/h3>\n\n\n\n<p><a href=\"https:\/\/studio-horn.de\/\" class=\"ek-link\">STUDIOHORN<\/a>\u00a0- Design, programming and technical support<\/p>\n<\/div>\n<\/div>","protected":false},"excerpt":{"rendered":"<p>Impressum Eigent\u00fcmerin und verantwortlich f\u00fcr den Inhalt dieser Webseite:&nbsp;go-tec GmbH&nbsp; go-tec GmbH&nbsp;Wilhelm-Schickard-Stra\u00dfe 12&nbsp;48149 M\u00fcnster&nbsp;Germany Tel.: +49 251 987240&nbsp;Fax: +49 251 9872422&nbsp;www.go-tec.de&nbsp; info@go-tec.de&nbsp; Gesch\u00e4ftsf\u00fchrer Jens MajewskiWolfgang Domenghino&nbsp;Henning Schnittger Registergericht: Amtsgericht M\u00fcnster&nbsp;Registernummer: HRB 6016&nbsp;&nbsp; Umsatzsteuer-Identifikationsnummer gem\u00e4\u00df \u00a7 27 a Umsatzsteuergesetz: DE 813 142 085&nbsp; Haftungshinweis:Trotz sorgf\u00e4ltiger inhaltlicher Kontrolle, \u00fcbernehmen wir keine Haftung f\u00fcr die Inhalte externer Links. [&hellip;]<\/p>\n","protected":false},"author":1,"featured_media":0,"parent":0,"menu_order":0,"comment_status":"closed","ping_status":"closed","template":"","meta":{"inline_featured_image":false,"advgb_blocks_editor_width":"","advgb_blocks_columns_visual_guide":"","footnotes":""},"class_list":["post-22","page","type-page","status-publish","hentry"],"yoast_head":"<!-- This site is optimized with the Yoast SEO plugin v27.2 - https:\/\/yoast.com\/product\/yoast-seo-wordpress\/ -->\n<title>Impressum -<\/title>\n<meta name=\"robots\" content=\"noindex, follow\" \/>\n<meta property=\"og:locale\" content=\"en_US\" \/>\n<meta property=\"og:type\" content=\"article\" \/>\n<meta property=\"og:title\" content=\"Impressum -\" \/>\n<meta property=\"og:description\" content=\"Impressum Eigent\u00fcmerin und verantwortlich f\u00fcr den Inhalt dieser Webseite:&nbsp;go-tec GmbH&nbsp; go-tec GmbH&nbsp;Wilhelm-Schickard-Stra\u00dfe 12&nbsp;48149 M\u00fcnster&nbsp;Germany Tel.: +49 251 987240&nbsp;Fax: +49 251 9872422&nbsp;www.go-tec.de&nbsp; info@go-tec.de&nbsp; Gesch\u00e4ftsf\u00fchrer Jens MajewskiWolfgang Domenghino&nbsp;Henning Schnittger Registergericht: Amtsgericht M\u00fcnster&nbsp;Registernummer: HRB 6016&nbsp;&nbsp; Umsatzsteuer-Identifikationsnummer gem\u00e4\u00df \u00a7 27 a Umsatzsteuergesetz: DE 813 142 085&nbsp; Haftungshinweis:Trotz sorgf\u00e4ltiger inhaltlicher Kontrolle, \u00fcbernehmen wir keine Haftung f\u00fcr die Inhalte externer Links. [&hellip;]\" \/>\n<meta property=\"og:url\" content=\"https:\/\/go-tec.de\/en\/impressum\/\" \/>\n<meta property=\"article:modified_time\" content=\"2023-06-15T19:45:04+00:00\" \/>\n<meta property=\"og:image\" content=\"https:\/\/cms.gebiom.group\/go-tec\/wp-content\/uploads\/sites\/2\/2022\/09\/go-tec-header.jpg\" \/>\n<meta name=\"twitter:card\" content=\"summary_large_image\" \/>\n<meta name=\"twitter:label1\" content=\"Est. reading time\" \/>\n\t<meta name=\"twitter:data1\" content=\"1 minute\" \/>\n<script type=\"application\/ld+json\" class=\"yoast-schema-graph\">{\"@context\":\"https:\/\/schema.org\",\"@graph\":[{\"@type\":\"WebPage\",\"@id\":\"https:\/\/go-tec.de\/en\/impressum\/\",\"url\":\"https:\/\/go-tec.de\/en\/impressum\/\",\"name\":\"Impressum -\",\"isPartOf\":{\"@id\":\"http:\/\/go-tec.de\/#website\"},\"primaryImageOfPage\":{\"@id\":\"https:\/\/go-tec.de\/en\/impressum\/#primaryimage\"},\"image\":{\"@id\":\"https:\/\/go-tec.de\/en\/impressum\/#primaryimage\"},\"thumbnailUrl\":\"https:\/\/cms.gebiom.group\/go-tec\/wp-content\/uploads\/sites\/2\/2022\/09\/go-tec-header.jpg\",\"datePublished\":\"2022-09-13T10:19:03+00:00\",\"dateModified\":\"2023-06-15T19:45:04+00:00\",\"breadcrumb\":{\"@id\":\"https:\/\/go-tec.de\/en\/impressum\/#breadcrumb\"},\"inLanguage\":\"en-US\",\"potentialAction\":[{\"@type\":\"ReadAction\",\"target\":[\"https:\/\/go-tec.de\/en\/impressum\/\"]}]},{\"@type\":\"ImageObject\",\"inLanguage\":\"en-US\",\"@id\":\"https:\/\/go-tec.de\/en\/impressum\/#primaryimage\",\"url\":\"https:\/\/cms.gebiom.group\/go-tec\/wp-content\/uploads\/sites\/2\/2022\/09\/go-tec-header.jpg\",\"contentUrl\":\"https:\/\/cms.gebiom.group\/go-tec\/wp-content\/uploads\/sites\/2\/2022\/09\/go-tec-header.jpg\"},{\"@type\":\"BreadcrumbList\",\"@id\":\"https:\/\/go-tec.de\/en\/impressum\/#breadcrumb\",\"itemListElement\":[{\"@type\":\"ListItem\",\"position\":1,\"name\":\"Startseite\",\"item\":\"http:\/\/go-tec.de\/\"},{\"@type\":\"ListItem\",\"position\":2,\"name\":\"Impressum\"}]},{\"@type\":\"WebSite\",\"@id\":\"http:\/\/go-tec.de\/#website\",\"url\":\"http:\/\/go-tec.de\/\",\"name\":\"\",\"description\":\"\",\"potentialAction\":[{\"@type\":\"SearchAction\",\"target\":{\"@type\":\"EntryPoint\",\"urlTemplate\":\"http:\/\/go-tec.de\/?s={search_term_string}\"},\"query-input\":{\"@type\":\"PropertyValueSpecification\",\"valueRequired\":true,\"valueName\":\"search_term_string\"}}],\"inLanguage\":\"en-US\"}]}<\/script>\n<!-- \/ Yoast SEO plugin. -->","yoast_head_json":{"title":"Imprint -","robots":{"index":"noindex","follow":"follow"},"og_locale":"en_US","og_type":"article","og_title":"Impressum -","og_description":"Impressum Eigent\u00fcmerin und verantwortlich f\u00fcr den Inhalt dieser Webseite:&nbsp;go-tec GmbH&nbsp; go-tec GmbH&nbsp;Wilhelm-Schickard-Stra\u00dfe 12&nbsp;48149 M\u00fcnster&nbsp;Germany Tel.: +49 251 987240&nbsp;Fax: +49 251 9872422&nbsp;www.go-tec.de&nbsp; info@go-tec.de&nbsp; Gesch\u00e4ftsf\u00fchrer Jens MajewskiWolfgang Domenghino&nbsp;Henning Schnittger Registergericht: Amtsgericht M\u00fcnster&nbsp;Registernummer: HRB 6016&nbsp;&nbsp; Umsatzsteuer-Identifikationsnummer gem\u00e4\u00df \u00a7 27 a Umsatzsteuergesetz: DE 813 142 085&nbsp; Haftungshinweis:Trotz sorgf\u00e4ltiger inhaltlicher Kontrolle, \u00fcbernehmen wir keine Haftung f\u00fcr die Inhalte externer Links. [&hellip;]","og_url":"https:\/\/go-tec.de\/en\/impressum\/","article_modified_time":"2023-06-15T19:45:04+00:00","og_image":[{"url":"https:\/\/cms.gebiom.group\/go-tec\/wp-content\/uploads\/sites\/2\/2022\/09\/go-tec-header.jpg","type":"","width":"","height":""}],"twitter_card":"summary_large_image","twitter_misc":{"Est. reading time":"1 minute"},"schema":{"@context":"https:\/\/schema.org","@graph":[{"@type":"WebPage","@id":"https:\/\/go-tec.de\/en\/impressum\/","url":"https:\/\/go-tec.de\/en\/impressum\/","name":"Imprint -","isPartOf":{"@id":"http:\/\/go-tec.de\/#website"},"primaryImageOfPage":{"@id":"https:\/\/go-tec.de\/en\/impressum\/#primaryimage"},"image":{"@id":"https:\/\/go-tec.de\/en\/impressum\/#primaryimage"},"thumbnailUrl":"https:\/\/cms.gebiom.group\/go-tec\/wp-content\/uploads\/sites\/2\/2022\/09\/go-tec-header.jpg","datePublished":"2022-09-13T10:19:03+00:00","dateModified":"2023-06-15T19:45:04+00:00","breadcrumb":{"@id":"https:\/\/go-tec.de\/en\/impressum\/#breadcrumb"},"inLanguage":"en-US","potentialAction":[{"@type":"ReadAction","target":["https:\/\/go-tec.de\/en\/impressum\/"]}]},{"@type":"ImageObject","inLanguage":"en-US","@id":"https:\/\/go-tec.de\/en\/impressum\/#primaryimage","url":"https:\/\/cms.gebiom.group\/go-tec\/wp-content\/uploads\/sites\/2\/2022\/09\/go-tec-header.jpg","contentUrl":"https:\/\/cms.gebiom.group\/go-tec\/wp-content\/uploads\/sites\/2\/2022\/09\/go-tec-header.jpg"},{"@type":"BreadcrumbList","@id":"https:\/\/go-tec.de\/en\/impressum\/#breadcrumb","itemListElement":[{"@type":"ListItem","position":1,"name":"Startseite","item":"http:\/\/go-tec.de\/"},{"@type":"ListItem","position":2,"name":"Impressum"}]},{"@type":"WebSite","@id":"http:\/\/go-tec.de\/#website","url":"http:\/\/go-tec.de\/","name":"","description":"","potentialAction":[{"@type":"SearchAction","target":{"@type":"EntryPoint","urlTemplate":"http:\/\/go-tec.de\/?s={search_term_string}"},"query-input":{"@type":"PropertyValueSpecification","valueRequired":true,"valueName":"search_term_string"}}],"inLanguage":"en-US"}]}},"coauthors":[],"author_meta":{"author_link":"https:\/\/go-tec.de\/en\/author\/mhorn\/","display_name":"MHorn"},"relative_dates":{"created":"Posted 4 years ago","modified":"Updated 3 years ago"},"absolute_dates":{"created":"Posted on 13. September 2022","modified":"Updated on 15. June 2023"},"absolute_dates_time":{"created":"Posted on 13. September 2022 12:19","modified":"Updated on 15. June 2023 21:45"},"featured_img_caption":"","featured_img":false,"series_order":"","_links":{"self":[{"href":"https:\/\/go-tec.de\/en\/wp-json\/wp\/v2\/pages\/22","targetHints":{"allow":["GET"]}}],"collection":[{"href":"https:\/\/go-tec.de\/en\/wp-json\/wp\/v2\/pages"}],"about":[{"href":"https:\/\/go-tec.de\/en\/wp-json\/wp\/v2\/types\/page"}],"author":[{"embeddable":true,"href":"https:\/\/go-tec.de\/en\/wp-json\/wp\/v2\/users\/1"}],"replies":[{"embeddable":true,"href":"https:\/\/go-tec.de\/en\/wp-json\/wp\/v2\/comments?post=22"}],"version-history":[{"count":7,"href":"https:\/\/go-tec.de\/en\/wp-json\/wp\/v2\/pages\/22\/revisions"}],"predecessor-version":[{"id":485,"href":"https:\/\/go-tec.de\/en\/wp-json\/wp\/v2\/pages\/22\/revisions\/485"}],"wp:attachment":[{"href":"https:\/\/go-tec.de\/en\/wp-json\/wp\/v2\/media?parent=22"}],"curies":[{"name":"wp","href":"https:\/\/api.w.org\/{rel}","templated":true}]}}