{"id":1127,"date":"2025-12-01T12:08:24","date_gmt":"2025-12-01T11:08:24","guid":{"rendered":"https:\/\/go-tec.de\/?page_id=1127"},"modified":"2025-12-17T11:14:06","modified_gmt":"2025-12-17T10:14:06","slug":"cubix","status":"publish","type":"page","link":"https:\/\/go-tec.de\/en\/go-tec-system\/cubix\/","title":{"rendered":"CUBIX"},"content":{"rendered":"<div class=\"wp-block-cover is-light\" style=\"min-height:70vh;aspect-ratio:unset;\"><img loading=\"lazy\" decoding=\"async\" width=\"1182\" height=\"382\" class=\"wp-block-cover__image-background wp-image-1134\" alt=\"\" src=\"https:\/\/go-tec.de\/wp-content\/uploads\/sites\/2\/2025\/12\/cubix-einlagen_insoles_go-tec_muenster.png\" data-object-fit=\"cover\" srcset=\"https:\/\/go-tec.de\/wp-content\/uploads\/sites\/2\/2025\/12\/cubix-einlagen_insoles_go-tec_muenster.png 1182w, https:\/\/go-tec.de\/wp-content\/uploads\/sites\/2\/2025\/12\/cubix-einlagen_insoles_go-tec_muenster-300x97.png 300w, https:\/\/go-tec.de\/wp-content\/uploads\/sites\/2\/2025\/12\/cubix-einlagen_insoles_go-tec_muenster-1024x331.png 1024w, https:\/\/go-tec.de\/wp-content\/uploads\/sites\/2\/2025\/12\/cubix-einlagen_insoles_go-tec_muenster-768x248.png 768w, https:\/\/go-tec.de\/wp-content\/uploads\/sites\/2\/2025\/12\/cubix-einlagen_insoles_go-tec_muenster-18x6.png 18w\" sizes=\"auto, (max-width: 1182px) 100vw, 1182px\" \/><span aria-hidden=\"true\" class=\"wp-block-cover__background has-background-dim-30 has-background-dim\" style=\"background-color:#cbcfd4\"><\/span><div class=\"wp-block-cover__inner-container is-layout-flow wp-block-cover-is-layout-flow\">\n<div class=\"wp-block-group is-layout-flow wp-block-group-is-layout-flow\">\n<h2 class=\"wp-block-heading has-text-align-center px-3 px-md-4 px-lg-5 animated fadeInUp has-white-color has-text-color\">CUBIX<\/h2>\n<\/div>\n<\/div><\/div>\n\n\n\n<p class=\"has-text-align-center\"><\/p>\n\n\n\n<div class=\"wp-block-group py-5 px-3 px-md-4 px-lg-5 has-darkgrey-color has-text-color is-layout-flow wp-block-group-is-layout-flow\">\n<div class=\"wp-block-group is-layout-constrained wp-container-core-group-is-layout-703bee88 wp-block-group-is-layout-constrained\">\n<h1 class=\"wp-block-heading has-text-align-center animated fadeInUp\">CUBIX - The flexible 3D printing solution for customized insoles<\/h1>\n\n\n\n<p><\/p>\n\n\n\n<p>The <strong>CUBIX System<\/strong> stands for future-oriented, digital insole production directly on site and enables orthopaedic trades and medical supply stores to <strong>Precise, clean and economical production<\/strong>. With the two printer models <strong>CUBIX Lite<\/strong> and <strong>CUBIX Pro<\/strong> creates a flexible system that can be <strong>Comfort and premium care<\/strong> ideal for modern, regional patient care.<\/p>\n\n\n\n<p><\/p>\n\n\n\n<div class=\"wp-block-columns py-5 is-layout-flex wp-container-core-columns-is-layout-28f84493 wp-block-columns-is-layout-flex\">\n<div class=\"wp-block-column px-3 px-md-4 px-lg-5 is-layout-flow wp-block-column-is-layout-flow\">\n<figure class=\"wp-block-image size-full\"><img loading=\"lazy\" decoding=\"async\" width=\"940\" height=\"788\" src=\"https:\/\/go-tec.de\/wp-content\/uploads\/sites\/2\/2025\/12\/cubix_pro_3d_drucker_einlagen.png\" alt=\"\" class=\"wp-image-1130\" srcset=\"https:\/\/go-tec.de\/wp-content\/uploads\/sites\/2\/2025\/12\/cubix_pro_3d_drucker_einlagen.png 940w, https:\/\/go-tec.de\/wp-content\/uploads\/sites\/2\/2025\/12\/cubix_pro_3d_drucker_einlagen-300x251.png 300w, https:\/\/go-tec.de\/wp-content\/uploads\/sites\/2\/2025\/12\/cubix_pro_3d_drucker_einlagen-768x644.png 768w, https:\/\/go-tec.de\/wp-content\/uploads\/sites\/2\/2025\/12\/cubix_pro_3d_drucker_einlagen-14x12.png 14w\" sizes=\"auto, (max-width: 940px) 100vw, 940px\" \/><\/figure>\n<\/div>\n\n\n\n<div class=\"wp-block-column px-3 px-md-4 px-lg-5 ek-linked-block is-layout-flow wp-block-column-is-layout-flow\">\n<h2 class=\"wp-block-heading animated fadeInUp has-blue-color has-text-color\">CUBIX PRO<\/h2>\n\n\n\n<ul class=\"wp-block-list animated fadeInUp\">\n<li>The premium insert for the highest demands<\/li>\n\n\n\n<li>Stepless hardness adjustment: 20-79 Shore<\/li>\n\n\n\n<li>Precise zone adjustment: individually configurable<\/li>\n\n\n\n<li>Ideally suited for: PG31 and PG08<\/li>\n\n\n\n<li>Ideal for: Diabetes care and bedding<\/li>\n\n\n\n<li>print in blasting and with support structure<\/li>\n\n\n\n<li>Printing time approx. 6 hours per pair<\/li>\n\n\n\n<li>Output in 24 hours: 4 pairs<\/li>\n<\/ul>\n\n\n\n<div class=\"wp-block-buttons is-layout-flex wp-block-buttons-is-layout-flex\">\n<div class=\"wp-block-button is-style-outline is-style-outline--1\"><a class=\"wp-block-button__link has-blue-color has-text-color has-link-color wp-element-button\" href=\"http:\/\/go-tec.de\/wp-content\/uploads\/sites\/2\/2025\/12\/Datenblatt_CUBIX_Pro_24-7_DE.pdf\" style=\"border-radius:5px\">PRO data sheet <\/a><\/div>\n\n\n\n<div class=\"wp-block-button is-style-outline is-style-outline--2\"><a class=\"wp-block-button__link has-blue-color has-text-color has-link-color wp-element-button\" href=\"http:\/\/go-tec.de\/wp-content\/uploads\/sites\/2\/2025\/12\/Datenblatt_CUBIX_Pro_24-7_EN.pdf\" style=\"border-radius:5px\" target=\"_blank\" rel=\"noreferrer noopener\">Data sheet PRO <\/a><\/div>\n<\/div>\n<\/div>\n<\/div>\n\n\n\n<div class=\"wp-block-columns py-5 is-layout-flex wp-container-core-columns-is-layout-28f84493 wp-block-columns-is-layout-flex\">\n<div class=\"wp-block-column px-3 px-md-4 px-lg-5 is-layout-flow wp-block-column-is-layout-flow\">\n<figure class=\"wp-block-image size-full\"><img loading=\"lazy\" decoding=\"async\" width=\"940\" height=\"788\" src=\"https:\/\/go-tec.de\/wp-content\/uploads\/sites\/2\/2025\/12\/cubix_lite_3d_drucker_einlagen.png\" alt=\"\" class=\"wp-image-1131\" srcset=\"https:\/\/go-tec.de\/wp-content\/uploads\/sites\/2\/2025\/12\/cubix_lite_3d_drucker_einlagen.png 940w, https:\/\/go-tec.de\/wp-content\/uploads\/sites\/2\/2025\/12\/cubix_lite_3d_drucker_einlagen-300x251.png 300w, https:\/\/go-tec.de\/wp-content\/uploads\/sites\/2\/2025\/12\/cubix_lite_3d_drucker_einlagen-768x644.png 768w, https:\/\/go-tec.de\/wp-content\/uploads\/sites\/2\/2025\/12\/cubix_lite_3d_drucker_einlagen-14x12.png 14w\" sizes=\"auto, (max-width: 940px) 100vw, 940px\" \/><\/figure>\n<\/div>\n\n\n\n<div class=\"wp-block-column px-3 px-md-4 px-lg-5 ek-linked-block is-layout-flow wp-block-column-is-layout-flow\">\n<h2 class=\"wp-block-heading animated fadeInUp has-blue-color has-text-color\">CUBIX LITE<\/h2>\n\n\n\n<ul class=\"wp-block-list animated fadeInUp\">\n<li>The perfect all-rounder in the mid-price segment<\/li>\n\n\n\n<li>Individual adjustments, e.g. forefoot pad, pad<\/li>\n\n\n\n<li>Infinitely variable degree of hardness: soft, medium, hard\n<ul class=\"wp-block-list\">\n<li>soft: 30-35 Shore<\/li>\n\n\n\n<li>medium: 40-45 Shore<\/li>\n\n\n\n<li>hard: 60 Shore<\/li>\n<\/ul>\n<\/li>\n\n\n\n<li>Fast printing times\n<ul class=\"wp-block-list\">\n<li>approx. 3 hours per couple<\/li>\n\n\n\n<li>8 pairs per day<\/li>\n<\/ul>\n<\/li>\n\n\n\n<li>Grading - without edges<\/li>\n\n\n\n<li>Support structure for round insoles \/ blasting<\/li>\n<\/ul>\n\n\n\n<div class=\"wp-block-buttons is-layout-flex wp-block-buttons-is-layout-flex\">\n<div class=\"wp-block-button is-style-outline is-style-outline--3\"><a class=\"wp-block-button__link has-blue-color has-text-color has-link-color wp-element-button\" href=\"http:\/\/go-tec.de\/wp-content\/uploads\/sites\/2\/2025\/12\/Datenblatt_CUBIX_LITE_DE.pdf\" style=\"border-radius:5px\" target=\"_blank\" rel=\"noreferrer noopener\">Data sheet LITE <\/a><\/div>\n\n\n\n<div class=\"wp-block-button is-style-outline is-style-outline--4\"><a class=\"wp-block-button__link has-blue-color has-text-color has-link-color wp-element-button\" href=\"http:\/\/go-tec.de\/wp-content\/uploads\/sites\/2\/2025\/12\/Datenblatt_CUBIX_LITE_EN.pdf\" style=\"border-radius:5px\" target=\"_blank\" rel=\"noreferrer noopener\">Data sheet LITE <\/a><\/div>\n<\/div>\n<\/div>\n<\/div>\n\n\n\n<p><\/p>\n\n\n\n<div class=\"wp-block-columns py-5 is-layout-flex wp-container-core-columns-is-layout-28f84493 wp-block-columns-is-layout-flex\">\n<div class=\"wp-block-column px-3 px-md-4 px-lg-5 is-layout-flow wp-block-column-is-layout-flow\">\n<h3 class=\"wp-block-heading has-blue-color has-text-color has-link-color wp-elements-14e1f4eb469a6c29e77d4e982accd978\">24\/7 production<\/h3>\n\n\n\n<p><strong>Only the CUBIX system uses a genuine 24\/7 production module<\/strong> and thus clearly stands out from the competition.<br>It enables:<\/p>\n\n\n\n<ul class=\"wp-block-list\">\n<li><strong>Continuous production of large quantities<\/strong>, even overnight<\/li>\n\n\n\n<li><strong>Simultaneous control of several printers<\/strong> via intuitive software<\/li>\n\n\n\n<li><strong>Any scaling of production<\/strong> - depending on demand, order situation or season<\/li>\n<\/ul>\n\n\n\n<p>This means that <strong>CUBIX<\/strong> one of the most efficient systems for digital insole production on the market.<\/p>\n<\/div>\n\n\n\n<div class=\"wp-block-column px-3 px-md-4 px-lg-5 ek-linked-block is-layout-flow wp-block-column-is-layout-flow\">\n<h3 class=\"wp-block-heading animated fadeInUp has-blue-color has-text-color\">CUBIX: For strong companies in the region<\/h3>\n\n\n\n<p>Orthopaedic technology companies and medical supply stores use CUBIX:<\/p>\n\n\n\n<ul class=\"wp-block-list animated fadeInUp\">\n<li><strong>Digital manufacturing made for everyday practice<\/strong><\/li>\n\n\n\n<li><strong>Fast responsiveness<\/strong> in regional supply<\/li>\n\n\n\n<li><strong>High economic efficiency and process reliability<\/strong><\/li>\n\n\n\n<li><strong>Modern, scalable technology<\/strong><\/li>\n\n\n\n<li>CUBIX makes insole production independent, flexible and future-proof.<\/li>\n<\/ul>\n<\/div>\n<\/div>\n<\/div>\n<\/div>\n\n\n\n<p><\/p>\n\n\n\n<div class=\"wp-block-group pb-5 is-layout-constrained wp-container-core-group-is-layout-d30ff707 wp-block-group-is-layout-constrained\"><\/div>\n\n\n\n<div class=\"wp-block-group px-3 px-md-4 px-lg-5 contact-section has-white-color has-blue-background-color has-text-color has-background is-layout-constrained wp-container-core-group-is-layout-6e20cf48 wp-block-group-is-layout-constrained advgb-dyn-2eccdb19\">\n<div class=\"wp-block-columns py-5 is-layout-flex wp-container-core-columns-is-layout-28f84493 wp-block-columns-is-layout-flex\">\n<div class=\"wp-block-column animated fadeInLeft is-layout-flow wp-block-column-is-layout-flow\" style=\"flex-basis:66.66%\">\n<h3 class=\"wp-block-heading advgb-dyn-b31c1e16\">We would be happy to advise you personally!<\/h3>\n\n\n\n<p>We will call you back as soon as possible! <\/p>\n<\/div>\n\n\n\n<div class=\"wp-block-column is-vertically-aligned-center animated fadeInRight is-layout-flow wp-block-column-is-layout-flow\" style=\"flex-basis:33.33%\">\n<div class=\"wp-block-buttons animated fadeInUp mb-5 is-content-justification-center is-layout-flex wp-container-core-buttons-is-layout-a89b3969 wp-block-buttons-is-layout-flex\">\n<div class=\"wp-block-button is-style-fill advgb-dyn-3db009d7\"><a class=\"wp-block-button__link has-white-color has-green-background-color has-text-color has-background wp-element-button\" href=\"https:\/\/go-tec.de\/en\/kontaktsales\/\" style=\"border-radius:5px\">To the contact request<\/a><\/div>\n<\/div>\n<\/div>\n<\/div>\n<\/div>\n\n\n\n<p><\/p>","protected":false},"excerpt":{"rendered":"<p>CUBIX \u2013 Die flexible 3D-Druckl\u00f6sung f\u00fcr individuelle Einlagen Das CUBIX System steht f\u00fcr eine zukunftsorientierte, digitale Einlagenfertigung direkt vor Ort und erm\u00f6glicht Orthop\u00e4diehandwerk und Sanit\u00e4tsh\u00e4usern eine pr\u00e4zise, saubere und wirtschaftliche Produktion. Mit den beiden Druckermodellen CUBIX Lite und CUBIX Pro entsteht ein flexibles System, das sowohl Komfort- als auch Premiumversorgung abdeckt \u2013 ideal f\u00fcr eine [&hellip;]<\/p>\n","protected":false},"author":13,"featured_media":0,"parent":12,"menu_order":0,"comment_status":"closed","ping_status":"closed","template":"","meta":{"inline_featured_image":false,"advgb_blocks_editor_width":"","advgb_blocks_columns_visual_guide":"","footnotes":""},"class_list":["post-1127","page","type-page","status-publish","hentry"],"yoast_head":"<!-- This site is optimized with the Yoast SEO plugin v27.2 - https:\/\/yoast.com\/product\/yoast-seo-wordpress\/ -->\n<title>CUBIX -<\/title>\n<meta name=\"description\" content=\"CUBIX Pro &amp; CUBIX Lite: High-End-3D-Drucksysteme f\u00fcr individuelle Einlagen. Premiumqualit\u00e4t, schnelle Prozesse und skalierbare Fertigung.\" \/>\n<meta name=\"robots\" content=\"index, follow, max-snippet:-1, max-image-preview:large, max-video-preview:-1\" \/>\n<link rel=\"canonical\" href=\"https:\/\/go-tec.de\/en\/go-tec-system\/cubix\/\" \/>\n<meta property=\"og:locale\" content=\"en_US\" \/>\n<meta property=\"og:type\" content=\"article\" \/>\n<meta property=\"og:title\" content=\"CUBIX -\" \/>\n<meta property=\"og:description\" content=\"CUBIX Pro &amp; CUBIX Lite: High-End-3D-Drucksysteme f\u00fcr individuelle Einlagen. Premiumqualit\u00e4t, schnelle Prozesse und skalierbare Fertigung.\" \/>\n<meta property=\"og:url\" content=\"https:\/\/go-tec.de\/en\/go-tec-system\/cubix\/\" \/>\n<meta property=\"article:modified_time\" content=\"2025-12-17T10:14:06+00:00\" \/>\n<meta property=\"og:image\" content=\"https:\/\/go-tec.de\/wp-content\/uploads\/sites\/2\/2025\/12\/cubix-einlagen_insoles_go-tec_muenster.png\" \/>\n<meta name=\"twitter:card\" content=\"summary_large_image\" \/>\n<meta name=\"twitter:label1\" content=\"Est. reading time\" \/>\n\t<meta name=\"twitter:data1\" content=\"3 minutes\" \/>\n<script type=\"application\/ld+json\" class=\"yoast-schema-graph\">{\"@context\":\"https:\/\/schema.org\",\"@graph\":[{\"@type\":\"WebPage\",\"@id\":\"https:\/\/go-tec.de\/go-tec-system\/cubix\/\",\"url\":\"https:\/\/go-tec.de\/go-tec-system\/cubix\/\",\"name\":\"CUBIX -\",\"isPartOf\":{\"@id\":\"http:\/\/go-tec.de\/#website\"},\"primaryImageOfPage\":{\"@id\":\"https:\/\/go-tec.de\/go-tec-system\/cubix\/#primaryimage\"},\"image\":{\"@id\":\"https:\/\/go-tec.de\/go-tec-system\/cubix\/#primaryimage\"},\"thumbnailUrl\":\"https:\/\/go-tec.de\/wp-content\/uploads\/sites\/2\/2025\/12\/cubix-einlagen_insoles_go-tec_muenster.png\",\"datePublished\":\"2025-12-01T11:08:24+00:00\",\"dateModified\":\"2025-12-17T10:14:06+00:00\",\"description\":\"CUBIX Pro & CUBIX Lite: High-End-3D-Drucksysteme f\u00fcr individuelle Einlagen. Premiumqualit\u00e4t, schnelle Prozesse und skalierbare Fertigung.\",\"breadcrumb\":{\"@id\":\"https:\/\/go-tec.de\/go-tec-system\/cubix\/#breadcrumb\"},\"inLanguage\":\"en-US\",\"potentialAction\":[{\"@type\":\"ReadAction\",\"target\":[\"https:\/\/go-tec.de\/go-tec-system\/cubix\/\"]}]},{\"@type\":\"ImageObject\",\"inLanguage\":\"en-US\",\"@id\":\"https:\/\/go-tec.de\/go-tec-system\/cubix\/#primaryimage\",\"url\":\"https:\/\/go-tec.de\/wp-content\/uploads\/sites\/2\/2025\/12\/cubix-einlagen_insoles_go-tec_muenster.png\",\"contentUrl\":\"https:\/\/go-tec.de\/wp-content\/uploads\/sites\/2\/2025\/12\/cubix-einlagen_insoles_go-tec_muenster.png\"},{\"@type\":\"BreadcrumbList\",\"@id\":\"https:\/\/go-tec.de\/go-tec-system\/cubix\/#breadcrumb\",\"itemListElement\":[{\"@type\":\"ListItem\",\"position\":1,\"name\":\"Startseite\",\"item\":\"http:\/\/go-tec.de\/\"},{\"@type\":\"ListItem\",\"position\":2,\"name\":\"go-tec System\",\"item\":\"https:\/\/go-tec.de\/go-tec-system\/\"},{\"@type\":\"ListItem\",\"position\":3,\"name\":\"CUBIX\"}]},{\"@type\":\"WebSite\",\"@id\":\"http:\/\/go-tec.de\/#website\",\"url\":\"http:\/\/go-tec.de\/\",\"name\":\"\",\"description\":\"\",\"potentialAction\":[{\"@type\":\"SearchAction\",\"target\":{\"@type\":\"EntryPoint\",\"urlTemplate\":\"http:\/\/go-tec.de\/?s={search_term_string}\"},\"query-input\":{\"@type\":\"PropertyValueSpecification\",\"valueRequired\":true,\"valueName\":\"search_term_string\"}}],\"inLanguage\":\"en-US\"}]}<\/script>\n<!-- \/ Yoast SEO plugin. -->","yoast_head_json":{"title":"CUBIX -","description":"CUBIX Pro & CUBIX Lite: High-End-3D-Drucksysteme f\u00fcr individuelle Einlagen. Premiumqualit\u00e4t, schnelle Prozesse und skalierbare Fertigung.","robots":{"index":"index","follow":"follow","max-snippet":"max-snippet:-1","max-image-preview":"max-image-preview:large","max-video-preview":"max-video-preview:-1"},"canonical":"https:\/\/go-tec.de\/en\/go-tec-system\/cubix\/","og_locale":"en_US","og_type":"article","og_title":"CUBIX -","og_description":"CUBIX Pro & CUBIX Lite: High-End-3D-Drucksysteme f\u00fcr individuelle Einlagen. Premiumqualit\u00e4t, schnelle Prozesse und skalierbare Fertigung.","og_url":"https:\/\/go-tec.de\/en\/go-tec-system\/cubix\/","article_modified_time":"2025-12-17T10:14:06+00:00","og_image":[{"url":"https:\/\/go-tec.de\/wp-content\/uploads\/sites\/2\/2025\/12\/cubix-einlagen_insoles_go-tec_muenster.png","type":"","width":"","height":""}],"twitter_card":"summary_large_image","twitter_misc":{"Est. reading time":"3 minutes"},"schema":{"@context":"https:\/\/schema.org","@graph":[{"@type":"WebPage","@id":"https:\/\/go-tec.de\/go-tec-system\/cubix\/","url":"https:\/\/go-tec.de\/go-tec-system\/cubix\/","name":"CUBIX -","isPartOf":{"@id":"http:\/\/go-tec.de\/#website"},"primaryImageOfPage":{"@id":"https:\/\/go-tec.de\/go-tec-system\/cubix\/#primaryimage"},"image":{"@id":"https:\/\/go-tec.de\/go-tec-system\/cubix\/#primaryimage"},"thumbnailUrl":"https:\/\/go-tec.de\/wp-content\/uploads\/sites\/2\/2025\/12\/cubix-einlagen_insoles_go-tec_muenster.png","datePublished":"2025-12-01T11:08:24+00:00","dateModified":"2025-12-17T10:14:06+00:00","description":"CUBIX Pro & CUBIX Lite: High-End-3D-Drucksysteme f\u00fcr individuelle Einlagen. Premiumqualit\u00e4t, schnelle Prozesse und skalierbare Fertigung.","breadcrumb":{"@id":"https:\/\/go-tec.de\/go-tec-system\/cubix\/#breadcrumb"},"inLanguage":"en-US","potentialAction":[{"@type":"ReadAction","target":["https:\/\/go-tec.de\/go-tec-system\/cubix\/"]}]},{"@type":"ImageObject","inLanguage":"en-US","@id":"https:\/\/go-tec.de\/go-tec-system\/cubix\/#primaryimage","url":"https:\/\/go-tec.de\/wp-content\/uploads\/sites\/2\/2025\/12\/cubix-einlagen_insoles_go-tec_muenster.png","contentUrl":"https:\/\/go-tec.de\/wp-content\/uploads\/sites\/2\/2025\/12\/cubix-einlagen_insoles_go-tec_muenster.png"},{"@type":"BreadcrumbList","@id":"https:\/\/go-tec.de\/go-tec-system\/cubix\/#breadcrumb","itemListElement":[{"@type":"ListItem","position":1,"name":"Startseite","item":"http:\/\/go-tec.de\/"},{"@type":"ListItem","position":2,"name":"go-tec System","item":"https:\/\/go-tec.de\/go-tec-system\/"},{"@type":"ListItem","position":3,"name":"CUBIX"}]},{"@type":"WebSite","@id":"http:\/\/go-tec.de\/#website","url":"http:\/\/go-tec.de\/","name":"","description":"","potentialAction":[{"@type":"SearchAction","target":{"@type":"EntryPoint","urlTemplate":"http:\/\/go-tec.de\/?s={search_term_string}"},"query-input":{"@type":"PropertyValueSpecification","valueRequired":true,"valueName":"search_term_string"}}],"inLanguage":"en-US"}]}},"coauthors":[],"author_meta":{"author_link":"https:\/\/go-tec.de\/en\/author\/dall\/","display_name":"dall"},"relative_dates":{"created":"Posted 5 months ago","modified":"Updated 4 months ago"},"absolute_dates":{"created":"Posted on 1. December 2025","modified":"Updated on 17. December 2025"},"absolute_dates_time":{"created":"Posted on 1. December 2025 12:08","modified":"Updated on 17. December 2025 11:14"},"featured_img_caption":"","featured_img":false,"series_order":"","_links":{"self":[{"href":"https:\/\/go-tec.de\/en\/wp-json\/wp\/v2\/pages\/1127","targetHints":{"allow":["GET"]}}],"collection":[{"href":"https:\/\/go-tec.de\/en\/wp-json\/wp\/v2\/pages"}],"about":[{"href":"https:\/\/go-tec.de\/en\/wp-json\/wp\/v2\/types\/page"}],"author":[{"embeddable":true,"href":"https:\/\/go-tec.de\/en\/wp-json\/wp\/v2\/users\/13"}],"replies":[{"embeddable":true,"href":"https:\/\/go-tec.de\/en\/wp-json\/wp\/v2\/comments?post=1127"}],"version-history":[{"count":16,"href":"https:\/\/go-tec.de\/en\/wp-json\/wp\/v2\/pages\/1127\/revisions"}],"predecessor-version":[{"id":1176,"href":"https:\/\/go-tec.de\/en\/wp-json\/wp\/v2\/pages\/1127\/revisions\/1176"}],"up":[{"embeddable":true,"href":"https:\/\/go-tec.de\/en\/wp-json\/wp\/v2\/pages\/12"}],"wp:attachment":[{"href":"https:\/\/go-tec.de\/en\/wp-json\/wp\/v2\/media?parent=1127"}],"curies":[{"name":"wp","href":"https:\/\/api.w.org\/{rel}","templated":true}]}}