{"id":352,"date":"2023-06-15T10:56:16","date_gmt":"2023-06-15T08:56:16","guid":{"rendered":"https:\/\/cms.gebiom.group\/go-tec\/?page_id=352"},"modified":"2026-03-17T10:56:51","modified_gmt":"2026-03-17T09:56:51","slug":"2d-fussscanner-fuer-einlagen","status":"publish","type":"page","link":"http:\/\/go-tec.de\/it\/go-tec-system\/2d-fussscanner-fuer-einlagen\/","title":{"rendered":"GP FussScan s4"},"content":{"rendered":"\n<div class=\"wp-block-cover is-light\" style=\"min-height:70vh;aspect-ratio:unset;\"><video class=\"wp-block-cover__video-background intrinsic-ignore\" autoplay muted loop playsinline src=\"https:\/\/cms.gebiom.group\/go-tec\/wp-content\/uploads\/sites\/2\/2023\/06\/GP_FussScan.mp4\" data-object-fit=\"cover\"><\/video><span aria-hidden=\"true\" class=\"wp-block-cover__background has-background-dim-30 has-background-dim\"><\/span><div class=\"wp-block-cover__inner-container is-layout-flow wp-block-cover-is-layout-flow\">\n<div class=\"wp-block-group is-layout-flow wp-block-group-is-layout-flow\">\n<h2 class=\"wp-block-heading has-text-align-center px-3 px-md-4 px-lg-5 animated fadeInUp has-white-color has-text-color\">GP FussScan s4<\/h2>\n<\/div>\n<\/div><\/div>\n\n\n\n<div class=\"wp-block-group py-5 px-3 px-md-4 px-lg-5 has-darkgrey-color has-text-color is-layout-flow wp-block-group-is-layout-flow\">\n<div class=\"wp-block-group is-layout-constrained wp-container-core-group-is-layout-703bee88 wp-block-group-is-layout-constrained\">\n<h2 class=\"wp-block-heading has-text-align-center animated fadeInUp\">Gestochen scharfe Bilder in 2 Sekunden dank LED \u2013 Technologie<\/h2>\n\n\n\n<h4 class=\"wp-block-heading has-text-align-center\">GP FussScan s2 \u2013 2D Fu\u00dfscanner f\u00fcr pr\u00e4zise Fu\u00dfanalysen<\/h4>\n\n\n\n<p class=\"has-text-align-center animated fadeInUp\">Der <strong>GP FussScan s2<\/strong> ist ein leistungsstarker 2D Fu\u00dfscanner zur schnellen und pr\u00e4zisen Erfassung von Fu\u00dfdaten. Er liefert eine <strong>zuverl\u00e4ssige Grundlage f\u00fcr die Analyse und Versorgung<\/strong> in der Orthop\u00e4dietechnik.<\/p>\n\n\n\n<p class=\"has-text-align-center animated fadeInUp\">Durch die einfache Anwendung und die schnelle Datenerfassung eignet sich der FussScan s2 ideal f\u00fcr den Einsatz in <strong>Sanit\u00e4tsh\u00e4usern, Orthop\u00e4diewerkst\u00e4tten und der Beratung<\/strong>. Die digitale Weiterverarbeitung erm\u00f6glicht effiziente und reproduzierbare Ergebnisse.<\/p>\n\n\n\n<div class=\"wp-block-columns py-5 is-layout-flex wp-container-core-columns-is-layout-28f84493 wp-block-columns-is-layout-flex\">\n<div class=\"wp-block-column px-3 px-md-4 px-lg-5 is-layout-flow wp-block-column-is-layout-flow\">\n<div class=\"wp-block-cb-carousel cb-single-slide animated fadeInUp\" data-slick=\"{&quot;slidesToShow&quot;:1,&quot;slidesToScroll&quot;:1,&quot;speed&quot;:300,&quot;arrows&quot;:true,&quot;dots&quot;:true,&quot;autoplay&quot;:true,&quot;autoplaySpeed&quot;:3000,&quot;infinite&quot;:true,&quot;responsive&quot;:[{&quot;breakpoint&quot;:769,&quot;settings&quot;:{&quot;slidesToShow&quot;:1,&quot;slidesToScroll&quot;:1}}]}\">\n<div class=\"wp-block-cb-slide\">\n<figure class=\"wp-block-image size-large\"><img loading=\"lazy\" decoding=\"async\" width=\"1024\" height=\"682\" src=\"https:\/\/cms.gebiom.group\/go-tec\/wp-content\/uploads\/sites\/2\/2023\/06\/IMG_3791-1024x682.jpg\" alt=\"\" class=\"wp-image-354\" srcset=\"http:\/\/go-tec.de\/wp-content\/uploads\/sites\/2\/2023\/06\/IMG_3791-1024x682.jpg 1024w, http:\/\/go-tec.de\/wp-content\/uploads\/sites\/2\/2023\/06\/IMG_3791-300x200.jpg 300w, http:\/\/go-tec.de\/wp-content\/uploads\/sites\/2\/2023\/06\/IMG_3791-768x512.jpg 768w, http:\/\/go-tec.de\/wp-content\/uploads\/sites\/2\/2023\/06\/IMG_3791-1536x1024.jpg 1536w, http:\/\/go-tec.de\/wp-content\/uploads\/sites\/2\/2023\/06\/IMG_3791.jpg 2000w\" sizes=\"auto, (max-width: 1024px) 100vw, 1024px\" \/><\/figure>\n<\/div>\n\n\n\n<div class=\"wp-block-cb-slide\">\n<figure class=\"wp-block-image size-large\"><img loading=\"lazy\" decoding=\"async\" width=\"1024\" height=\"682\" src=\"https:\/\/cms.gebiom.group\/go-tec\/wp-content\/uploads\/sites\/2\/2023\/06\/IMG_3860-1024x682.jpg\" alt=\"\" class=\"wp-image-355\" srcset=\"http:\/\/go-tec.de\/wp-content\/uploads\/sites\/2\/2023\/06\/IMG_3860-1024x682.jpg 1024w, http:\/\/go-tec.de\/wp-content\/uploads\/sites\/2\/2023\/06\/IMG_3860-300x200.jpg 300w, http:\/\/go-tec.de\/wp-content\/uploads\/sites\/2\/2023\/06\/IMG_3860-768x512.jpg 768w, http:\/\/go-tec.de\/wp-content\/uploads\/sites\/2\/2023\/06\/IMG_3860-1536x1024.jpg 1536w, http:\/\/go-tec.de\/wp-content\/uploads\/sites\/2\/2023\/06\/IMG_3860.jpg 2000w\" sizes=\"auto, (max-width: 1024px) 100vw, 1024px\" \/><\/figure>\n<\/div>\n\n\n\n<div class=\"wp-block-cb-slide\">\n<figure class=\"wp-block-image size-large\"><img loading=\"lazy\" decoding=\"async\" width=\"1024\" height=\"682\" src=\"https:\/\/cms.gebiom.group\/go-tec\/wp-content\/uploads\/sites\/2\/2023\/06\/IMG_3862-1024x682.jpg\" alt=\"\" class=\"wp-image-356\" srcset=\"http:\/\/go-tec.de\/wp-content\/uploads\/sites\/2\/2023\/06\/IMG_3862-1024x682.jpg 1024w, http:\/\/go-tec.de\/wp-content\/uploads\/sites\/2\/2023\/06\/IMG_3862-300x200.jpg 300w, http:\/\/go-tec.de\/wp-content\/uploads\/sites\/2\/2023\/06\/IMG_3862-768x512.jpg 768w, http:\/\/go-tec.de\/wp-content\/uploads\/sites\/2\/2023\/06\/IMG_3862-1536x1024.jpg 1536w, http:\/\/go-tec.de\/wp-content\/uploads\/sites\/2\/2023\/06\/IMG_3862.jpg 2000w\" sizes=\"auto, (max-width: 1024px) 100vw, 1024px\" \/><\/figure>\n<\/div>\n<\/div>\n<\/div>\n\n\n\n<div class=\"wp-block-column px-3 px-md-4 px-lg-5 is-layout-flow wp-block-column-is-layout-flow\">\n<h3 class=\"wp-block-heading animated fadeInUp has-blue-color has-text-color\">Ihre Vorteile:<\/h3>\n\n\n\n<ul class=\"wp-block-list animated fadeInUp\">\n<li>Farbige optische Erfassung beider F\u00fc\u00dfe in 2 Sekunden&nbsp;<\/li>\n\n\n\n<li>Ermittlung der bedeutsamen Fu\u00dfma\u00dfe&nbsp;<\/li>\n\n\n\n<li>Keine Aufw\u00e4rmzeiten dank LED&nbsp;<\/li>\n\n\n\n<li>Ausdruck der F\u00fc\u00dfe oder Darstellung auf dem Monitor in 1:1\u00a0<\/li>\n\n\n\n<li>Komplette Archivierung der Kundenf\u00fc\u00dfe beliebig h\u00e4ufig<\/li>\n\n\n\n<li>Individueller Einbau in ein Podest Ihres Ma\u00dfraumes m\u00f6glich<\/li>\n<\/ul>\n\n\n\n<p class=\"has-blue-color has-text-color has-link-color wp-elements-fa74ad3070cc3fa1bdff6277f362c0a8\"><strong>N\u00e4here Informationen erhalten Sie im Datenblatt <\/strong><\/p>\n\n\n\n<div class=\"wp-block-columns is-layout-flex wp-container-core-columns-is-layout-28f84493 wp-block-columns-is-layout-flex\">\n<div class=\"wp-block-column is-layout-flow wp-block-column-is-layout-flow\" style=\"flex-basis:100%\">\n<div class=\"wp-block-buttons animated fadeInUp is-layout-flex wp-block-buttons-is-layout-flex\">\n<div class=\"wp-block-button is-style-outline is-style-outline--1\"><a class=\"wp-block-button__link has-blue-color has-text-color wp-element-button\" href=\"https:\/\/cms.gebiom.group\/go-tec\/go-tec-system\/#vernetzung\" style=\"border-radius:5px\">Zur\u00fcck<\/a><\/div>\n\n\n\n<div class=\"wp-block-button is-style-outline is-style-outline--2\"><a class=\"wp-block-button__link has-blue-color has-text-color wp-element-button\" href=\"https:\/\/go-tec.de\/wp-content\/uploads\/sites\/2\/2023\/12\/FussScan-S4.pdf\" style=\"border-radius:5px\">Datenblatt<\/a><\/div>\n<\/div>\n<\/div>\n<\/div>\n<\/div>\n<\/div>\n<\/div>\n<\/div>\n\n\n\n<div class=\"wp-block-group has-white-color has-mediumgrey-background-color has-text-color has-background has-link-color wp-elements-f9ed200634ec8079e09853ae04712863 is-content-justification-center is-nowrap is-layout-flex wp-container-core-group-is-layout-23441af8 wp-block-group-is-layout-flex\">\n<p>Schnelle und pr\u00e4zise 2D-Fu\u00dfvermessung<\/p>\n\n\n\n<p>Einfache und intuitive Anwendung<\/p>\n\n\n\n<p>Zuverl\u00e4ssige Analysegrundlage<\/p>\n\n\n\n<p>Perfekt f\u00fcr Beratung und Versorgung<\/p>\n<\/div>\n\n\n\n<div class=\"wp-block-group px-3 px-md-4 px-lg-5 contact-section has-white-color has-blue-background-color has-text-color has-background is-layout-constrained wp-container-core-group-is-layout-6e20cf48 wp-block-group-is-layout-constrained advgb-dyn-2eccdb19\">\n<div class=\"wp-block-columns py-5 is-layout-flex wp-container-core-columns-is-layout-28f84493 wp-block-columns-is-layout-flex\">\n<div class=\"wp-block-column animated fadeInLeft is-layout-flow wp-block-column-is-layout-flow\" style=\"flex-basis:66.66%\">\n<h3 class=\"wp-block-heading advgb-dyn-b31c1e16\">Gerne beraten wir Sie pers\u00f6nlich!<\/h3>\n\n\n\n<p>Wir rufen Sie zeitnah zur\u00fcck! <\/p>\n<\/div>\n\n\n\n<div class=\"wp-block-column is-vertically-aligned-center animated fadeInRight is-layout-flow wp-block-column-is-layout-flow\" style=\"flex-basis:33.33%\">\n<div class=\"wp-block-buttons animated fadeInUp mb-5 is-content-justification-center is-layout-flex wp-container-core-buttons-is-layout-a89b3969 wp-block-buttons-is-layout-flex\">\n<div class=\"wp-block-button is-style-fill advgb-dyn-3db009d7\"><a class=\"wp-block-button__link has-white-color has-green-background-color has-text-color has-background wp-element-button\" href=\"https:\/\/go-tec.de\/kontaktsales\/\" style=\"border-radius:5px\">Zur Kontaktanfrage<\/a><\/div>\n<\/div>\n<\/div>\n<\/div>\n<\/div>\n","protected":false},"excerpt":{"rendered":"<p>Gestochen scharfe Bilder in 2 Sekunden dank LED \u2013 Technologie GP FussScan s2 \u2013 2D Fu\u00dfscanner f\u00fcr pr\u00e4zise Fu\u00dfanalysen Der GP FussScan s2 ist ein leistungsstarker 2D Fu\u00dfscanner zur schnellen und pr\u00e4zisen Erfassung von Fu\u00dfdaten. Er liefert eine zuverl\u00e4ssige Grundlage f\u00fcr die Analyse und Versorgung in der Orthop\u00e4dietechnik. Durch die einfache Anwendung und die schnelle [&hellip;]<\/p>\n","protected":false},"author":8,"featured_media":0,"parent":12,"menu_order":0,"comment_status":"closed","ping_status":"closed","template":"","meta":{"inline_featured_image":false,"advgb_blocks_editor_width":"","advgb_blocks_columns_visual_guide":"","footnotes":""},"class_list":["post-352","page","type-page","status-publish","hentry"],"yoast_head":"<!-- This site is optimized with the Yoast SEO plugin v27.2 - https:\/\/yoast.com\/product\/yoast-seo-wordpress\/ -->\n<title>GP FussScan s4 -<\/title>\n<meta name=\"description\" content=\"Der GP FussScan s2 erm\u00f6glicht schnelle und pr\u00e4zise 2D-Fu\u00dfanalysen. Ideal f\u00fcr Orthop\u00e4dietechnik, Beratung und digitale Versorgung.\" \/>\n<meta name=\"robots\" content=\"index, follow, max-snippet:-1, max-image-preview:large, max-video-preview:-1\" \/>\n<link rel=\"canonical\" href=\"https:\/\/go-tec.de\/it\/go-tec-system\/2d-fussscanner-fuer-einlagen\/\" \/>\n<meta property=\"og:locale\" content=\"it_IT\" \/>\n<meta property=\"og:type\" content=\"article\" \/>\n<meta property=\"og:title\" content=\"GP FussScan s4 -\" \/>\n<meta property=\"og:description\" content=\"Der GP FussScan s2 erm\u00f6glicht schnelle und pr\u00e4zise 2D-Fu\u00dfanalysen. Ideal f\u00fcr Orthop\u00e4dietechnik, Beratung und digitale Versorgung.\" \/>\n<meta property=\"og:url\" content=\"https:\/\/go-tec.de\/it\/go-tec-system\/2d-fussscanner-fuer-einlagen\/\" \/>\n<meta property=\"article:modified_time\" content=\"2026-03-17T09:56:51+00:00\" \/>\n<meta property=\"og:image\" content=\"https:\/\/cms.gebiom.group\/go-tec\/wp-content\/uploads\/sites\/2\/2023\/06\/IMG_3791-1024x682.jpg\" \/>\n<meta name=\"twitter:card\" content=\"summary_large_image\" \/>\n<meta name=\"twitter:label1\" content=\"Tempo di lettura stimato\" \/>\n\t<meta name=\"twitter:data1\" content=\"2 minuti\" \/>\n<script type=\"application\/ld+json\" class=\"yoast-schema-graph\">{\"@context\":\"https:\/\/schema.org\",\"@graph\":[{\"@type\":\"WebPage\",\"@id\":\"https:\/\/go-tec.de\/ja\/go-tec-system\/2d-fussscanner-fuer-einlagen\/\",\"url\":\"https:\/\/go-tec.de\/ja\/go-tec-system\/2d-fussscanner-fuer-einlagen\/\",\"name\":\"GP FussScan s4 -\",\"isPartOf\":{\"@id\":\"https:\/\/go-tec.de\/en\/#website\"},\"primaryImageOfPage\":{\"@id\":\"https:\/\/go-tec.de\/ja\/go-tec-system\/2d-fussscanner-fuer-einlagen\/#primaryimage\"},\"image\":{\"@id\":\"https:\/\/go-tec.de\/ja\/go-tec-system\/2d-fussscanner-fuer-einlagen\/#primaryimage\"},\"thumbnailUrl\":\"https:\/\/cms.gebiom.group\/go-tec\/wp-content\/uploads\/sites\/2\/2023\/06\/IMG_3791-1024x682.jpg\",\"datePublished\":\"2023-06-15T08:56:16+00:00\",\"dateModified\":\"2026-03-17T09:56:51+00:00\",\"description\":\"Der GP FussScan s2 erm\u00f6glicht schnelle und pr\u00e4zise 2D-Fu\u00dfanalysen. Ideal f\u00fcr Orthop\u00e4dietechnik, Beratung und digitale Versorgung.\",\"breadcrumb\":{\"@id\":\"https:\/\/go-tec.de\/ja\/go-tec-system\/2d-fussscanner-fuer-einlagen\/#breadcrumb\"},\"inLanguage\":\"it-IT\",\"potentialAction\":[{\"@type\":\"ReadAction\",\"target\":[\"https:\/\/go-tec.de\/ja\/go-tec-system\/2d-fussscanner-fuer-einlagen\/\"]}]},{\"@type\":\"ImageObject\",\"inLanguage\":\"it-IT\",\"@id\":\"https:\/\/go-tec.de\/ja\/go-tec-system\/2d-fussscanner-fuer-einlagen\/#primaryimage\",\"url\":\"https:\/\/cms.gebiom.group\/go-tec\/wp-content\/uploads\/sites\/2\/2023\/06\/IMG_3791-1024x682.jpg\",\"contentUrl\":\"https:\/\/cms.gebiom.group\/go-tec\/wp-content\/uploads\/sites\/2\/2023\/06\/IMG_3791-1024x682.jpg\"},{\"@type\":\"BreadcrumbList\",\"@id\":\"https:\/\/go-tec.de\/ja\/go-tec-system\/2d-fussscanner-fuer-einlagen\/#breadcrumb\",\"itemListElement\":[{\"@type\":\"ListItem\",\"position\":1,\"name\":\"Startseite\",\"item\":\"https:\/\/go-tec.de\/\"},{\"@type\":\"ListItem\",\"position\":2,\"name\":\"go-tec System\",\"item\":\"https:\/\/go-tec.de\/ja\/go-tec-system\/\"},{\"@type\":\"ListItem\",\"position\":3,\"name\":\"GP FussScan s4\"}]},{\"@type\":\"WebSite\",\"@id\":\"https:\/\/go-tec.de\/en\/#website\",\"url\":\"https:\/\/go-tec.de\/en\/\",\"name\":\"\",\"description\":\"\",\"potentialAction\":[{\"@type\":\"SearchAction\",\"target\":{\"@type\":\"EntryPoint\",\"urlTemplate\":\"https:\/\/go-tec.de\/en\/?s={search_term_string}\"},\"query-input\":{\"@type\":\"PropertyValueSpecification\",\"valueRequired\":true,\"valueName\":\"search_term_string\"}}],\"inLanguage\":\"it-IT\"}]}<\/script>\n<!-- \/ Yoast SEO plugin. -->","yoast_head_json":{"title":"GP FussScan s4 -","description":"Der GP FussScan s2 erm\u00f6glicht schnelle und pr\u00e4zise 2D-Fu\u00dfanalysen. Ideal f\u00fcr Orthop\u00e4dietechnik, Beratung und digitale Versorgung.","robots":{"index":"index","follow":"follow","max-snippet":"max-snippet:-1","max-image-preview":"max-image-preview:large","max-video-preview":"max-video-preview:-1"},"canonical":"https:\/\/go-tec.de\/it\/go-tec-system\/2d-fussscanner-fuer-einlagen\/","og_locale":"it_IT","og_type":"article","og_title":"GP FussScan s4 -","og_description":"Der GP FussScan s2 erm\u00f6glicht schnelle und pr\u00e4zise 2D-Fu\u00dfanalysen. Ideal f\u00fcr Orthop\u00e4dietechnik, Beratung und digitale Versorgung.","og_url":"https:\/\/go-tec.de\/it\/go-tec-system\/2d-fussscanner-fuer-einlagen\/","article_modified_time":"2026-03-17T09:56:51+00:00","og_image":[{"url":"https:\/\/cms.gebiom.group\/go-tec\/wp-content\/uploads\/sites\/2\/2023\/06\/IMG_3791-1024x682.jpg","type":"","width":"","height":""}],"twitter_card":"summary_large_image","twitter_misc":{"Tempo di lettura stimato":"2 minuti"},"schema":{"@context":"https:\/\/schema.org","@graph":[{"@type":"WebPage","@id":"https:\/\/go-tec.de\/ja\/go-tec-system\/2d-fussscanner-fuer-einlagen\/","url":"https:\/\/go-tec.de\/ja\/go-tec-system\/2d-fussscanner-fuer-einlagen\/","name":"GP FussScan s4 -","isPartOf":{"@id":"https:\/\/go-tec.de\/en\/#website"},"primaryImageOfPage":{"@id":"https:\/\/go-tec.de\/ja\/go-tec-system\/2d-fussscanner-fuer-einlagen\/#primaryimage"},"image":{"@id":"https:\/\/go-tec.de\/ja\/go-tec-system\/2d-fussscanner-fuer-einlagen\/#primaryimage"},"thumbnailUrl":"https:\/\/cms.gebiom.group\/go-tec\/wp-content\/uploads\/sites\/2\/2023\/06\/IMG_3791-1024x682.jpg","datePublished":"2023-06-15T08:56:16+00:00","dateModified":"2026-03-17T09:56:51+00:00","description":"Der GP FussScan s2 erm\u00f6glicht schnelle und pr\u00e4zise 2D-Fu\u00dfanalysen. Ideal f\u00fcr Orthop\u00e4dietechnik, Beratung und digitale Versorgung.","breadcrumb":{"@id":"https:\/\/go-tec.de\/ja\/go-tec-system\/2d-fussscanner-fuer-einlagen\/#breadcrumb"},"inLanguage":"it-IT","potentialAction":[{"@type":"ReadAction","target":["https:\/\/go-tec.de\/ja\/go-tec-system\/2d-fussscanner-fuer-einlagen\/"]}]},{"@type":"ImageObject","inLanguage":"it-IT","@id":"https:\/\/go-tec.de\/ja\/go-tec-system\/2d-fussscanner-fuer-einlagen\/#primaryimage","url":"https:\/\/cms.gebiom.group\/go-tec\/wp-content\/uploads\/sites\/2\/2023\/06\/IMG_3791-1024x682.jpg","contentUrl":"https:\/\/cms.gebiom.group\/go-tec\/wp-content\/uploads\/sites\/2\/2023\/06\/IMG_3791-1024x682.jpg"},{"@type":"BreadcrumbList","@id":"https:\/\/go-tec.de\/ja\/go-tec-system\/2d-fussscanner-fuer-einlagen\/#breadcrumb","itemListElement":[{"@type":"ListItem","position":1,"name":"Startseite","item":"https:\/\/go-tec.de\/"},{"@type":"ListItem","position":2,"name":"go-tec System","item":"https:\/\/go-tec.de\/ja\/go-tec-system\/"},{"@type":"ListItem","position":3,"name":"GP FussScan s4"}]},{"@type":"WebSite","@id":"https:\/\/go-tec.de\/en\/#website","url":"https:\/\/go-tec.de\/en\/","name":"","description":"","potentialAction":[{"@type":"SearchAction","target":{"@type":"EntryPoint","urlTemplate":"https:\/\/go-tec.de\/en\/?s={search_term_string}"},"query-input":{"@type":"PropertyValueSpecification","valueRequired":true,"valueName":"search_term_string"}}],"inLanguage":"it-IT"}]}},"coauthors":[],"author_meta":{"author_link":"http:\/\/go-tec.de\/it\/author\/akoctar\/","display_name":"akoctar"},"relative_dates":{"created":"Pubblicato 3 anni fa","modified":"Aggiornato 4 settimane fa"},"absolute_dates":{"created":"Pubblicato il 15. Giugno 2023","modified":"Aggiornato il 17. Marzo 2026"},"absolute_dates_time":{"created":"Pubblicato il 15. Giugno 2023 10:56","modified":"Aggiornato il 17. Marzo 2026 10:56"},"featured_img_caption":"","featured_img":false,"series_order":"","_links":{"self":[{"href":"http:\/\/go-tec.de\/it\/wp-json\/wp\/v2\/pages\/352","targetHints":{"allow":["GET"]}}],"collection":[{"href":"http:\/\/go-tec.de\/it\/wp-json\/wp\/v2\/pages"}],"about":[{"href":"http:\/\/go-tec.de\/it\/wp-json\/wp\/v2\/types\/page"}],"author":[{"embeddable":true,"href":"http:\/\/go-tec.de\/it\/wp-json\/wp\/v2\/users\/8"}],"replies":[{"embeddable":true,"href":"http:\/\/go-tec.de\/it\/wp-json\/wp\/v2\/comments?post=352"}],"version-history":[{"count":10,"href":"http:\/\/go-tec.de\/it\/wp-json\/wp\/v2\/pages\/352\/revisions"}],"predecessor-version":[{"id":1295,"href":"http:\/\/go-tec.de\/it\/wp-json\/wp\/v2\/pages\/352\/revisions\/1295"}],"up":[{"embeddable":true,"href":"http:\/\/go-tec.de\/it\/wp-json\/wp\/v2\/pages\/12"}],"wp:attachment":[{"href":"http:\/\/go-tec.de\/it\/wp-json\/wp\/v2\/media?parent=352"}],"curies":[{"name":"wp","href":"https:\/\/api.w.org\/{rel}","templated":true}]}}