{"id":332,"date":"2023-06-15T10:12:02","date_gmt":"2023-06-15T08:12:02","guid":{"rendered":"https:\/\/cms.gebiom.group\/go-tec\/?page_id=332"},"modified":"2023-06-27T17:02:49","modified_gmt":"2023-06-27T15:02:49","slug":"gp-manager","status":"publish","type":"page","link":"http:\/\/go-tec.de\/it\/go-tec-system\/gp-manager\/","title":{"rendered":"Responsabile GP"},"content":{"rendered":"\n<div class=\"wp-block-cover is-light\" style=\"min-height:70vh;aspect-ratio:unset;\"><span aria-hidden=\"true\" class=\"wp-block-cover__background has-background-dim-30 has-background-dim wp-block-cover__gradient-background has-background-gradient has-bottom-to-top-gradient-background\"><\/span><video class=\"wp-block-cover__video-background intrinsic-ignore\" autoplay muted loop playsinline src=\"https:\/\/cms.gebiom.group\/go-tec\/wp-content\/uploads\/sites\/2\/2022\/09\/GOT_Vernetzung_v04_stream_01.mp4\" data-object-fit=\"cover\"><\/video><div class=\"wp-block-cover__inner-container is-layout-flow wp-block-cover-is-layout-flow\">\n<div class=\"wp-block-group is-layout-flow wp-block-group-is-layout-flow\">\n<h2 class=\"wp-block-heading has-text-align-center px-3 px-md-4 px-lg-5 animated fadeInUp has-white-color has-text-color advgb-dyn-dcb1da71\">GP Manager<\/h2>\n<\/div>\n<\/div><\/div>\n\n\n\n<div class=\"wp-block-group py-5 px-3 px-md-4 px-lg-5 has-darkgrey-color has-text-color is-layout-flow wp-block-group-is-layout-flow\">\n<div class=\"wp-block-group is-layout-constrained wp-container-core-group-is-layout-703bee88 wp-block-group-is-layout-constrained advgb-dyn-069c0292\">\n<h2 class=\"wp-block-heading has-text-align-center animated fadeInUp advgb-dyn-657e857c\">83 Anwendungen unter einem Dach &#8211; der GP Manager<\/h2>\n\n\n\n<p class=\"has-text-align-center animated fadeInUp\">F\u00fcr alle go-tec Anwendungen gibt es ein Haus, dass ein \u00fcbersichtliches und effektives Arbeiten erm\u00f6glicht, den Fussscan mit der CAD-Konstruktion verbindet und sicherlich auch mit Ihrer Kundenverwaltung kompatibel ist &#8211; den GP Manager.<\/p>\n\n\n\n<div class=\"wp-block-columns py-5 is-layout-flex wp-container-core-columns-is-layout-28f84493 wp-block-columns-is-layout-flex\">\n<div class=\"wp-block-column px-3 px-md-4 px-lg-5 is-layout-flow wp-block-column-is-layout-flow\">\n<div class=\"wp-block-cb-carousel cb-single-slide animated fadeInUp\" data-slick=\"{&quot;slidesToShow&quot;:1,&quot;slidesToScroll&quot;:1,&quot;speed&quot;:300,&quot;arrows&quot;:true,&quot;dots&quot;:true,&quot;autoplay&quot;:true,&quot;autoplaySpeed&quot;:3000,&quot;infinite&quot;:true,&quot;responsive&quot;:[{&quot;breakpoint&quot;:769,&quot;settings&quot;:{&quot;slidesToShow&quot;:1,&quot;slidesToScroll&quot;:1}}]}\">\n<div class=\"wp-block-cb-slide\">\n<figure class=\"wp-block-image size-large\"><img loading=\"lazy\" decoding=\"async\" width=\"1024\" height=\"682\" src=\"https:\/\/cms.gebiom.group\/go-tec\/wp-content\/uploads\/sites\/2\/2023\/06\/Vernetzung_Software_1-1024x682.jpg\" alt=\"\" class=\"wp-image-330\" srcset=\"http:\/\/go-tec.de\/wp-content\/uploads\/sites\/2\/2023\/06\/Vernetzung_Software_1-1024x682.jpg 1024w, http:\/\/go-tec.de\/wp-content\/uploads\/sites\/2\/2023\/06\/Vernetzung_Software_1-300x200.jpg 300w, http:\/\/go-tec.de\/wp-content\/uploads\/sites\/2\/2023\/06\/Vernetzung_Software_1-768x512.jpg 768w, http:\/\/go-tec.de\/wp-content\/uploads\/sites\/2\/2023\/06\/Vernetzung_Software_1-1536x1024.jpg 1536w, http:\/\/go-tec.de\/wp-content\/uploads\/sites\/2\/2023\/06\/Vernetzung_Software_1.jpg 2000w\" sizes=\"auto, (max-width: 1024px) 100vw, 1024px\" \/><\/figure>\n<\/div>\n<\/div>\n<\/div>\n\n\n\n<div class=\"wp-block-column px-3 px-md-4 px-lg-5 is-layout-flow wp-block-column-is-layout-flow\">\n<h3 class=\"wp-block-heading animated fadeInUp has-blue-color has-text-color advgb-dyn-935531e1\">Ihre Vorteile:<\/h3>\n\n\n\n<ul class=\"animated fadeInUp wp-block-list\">\n<li>Schnittstellen zu zahlreichen Kundenbranchensoftware<\/li>\n\n\n\n<li>Unidirektional und Bidirektional<\/li>\n\n\n\n<li>Netzwerkf\u00e4higkeit<\/li>\n\n\n\n<li>SQL &#8211; Datenbank<\/li>\n\n\n\n<li>Windows 10 64bit f\u00e4hig<\/li>\n<\/ul>\n\n\n\n<div class=\"wp-block-buttons animated fadeInUp is-layout-flex wp-block-buttons-is-layout-flex\">\n<div class=\"wp-block-button is-style-outline is-style-outline--1 advgb-dyn-eb45ed53\"><a class=\"wp-block-button__link has-blue-color has-text-color wp-element-button\" href=\"https:\/\/cms.gebiom.group\/go-tec\/go-tec-system\/#vernetzung\" style=\"border-radius:5px\">Zur\u00fcck<\/a><\/div>\n<\/div>\n<\/div>\n<\/div>\n\n\n\n<h3 class=\"wp-block-heading has-text-align-center animated fadeInUp advgb-dyn-0bf78ee7\">Serviceleistungen<\/h3>\n\n\n\n<p class=\"has-text-align-center animated fadeInUp\">Sichern Sie sich unsere aktuelle Serviceangebote im Bereich Telefonsupport oder Maschinenwartung. Bitte nehmen Sie Kontakt zu uns auf!<\/p>\n<\/div>\n<\/div>\n\n\n\n<div class=\"wp-block-group px-3 px-md-4 px-lg-5 contact-section has-white-color has-blue-background-color has-text-color has-background is-layout-constrained wp-container-core-group-is-layout-6e20cf48 wp-block-group-is-layout-constrained advgb-dyn-2eccdb19\">\n<div class=\"wp-block-columns py-5 is-layout-flex wp-container-core-columns-is-layout-28f84493 wp-block-columns-is-layout-flex\">\n<div class=\"wp-block-column animated fadeInLeft is-layout-flow wp-block-column-is-layout-flow\" style=\"flex-basis:66.66%\">\n<h3 class=\"wp-block-heading advgb-dyn-b31c1e16\">Gerne beraten wir Sie pers\u00f6nlich!<\/h3>\n\n\n\n<p>Wir rufen Sie zeitnah zur\u00fcck! <\/p>\n<\/div>\n\n\n\n<div class=\"wp-block-column is-vertically-aligned-center animated fadeInRight is-layout-flow wp-block-column-is-layout-flow\" style=\"flex-basis:33.33%\">\n<div class=\"wp-block-buttons animated fadeInUp mb-5 is-content-justification-center is-layout-flex wp-container-core-buttons-is-layout-a89b3969 wp-block-buttons-is-layout-flex\">\n<div class=\"wp-block-button is-style-fill advgb-dyn-3db009d7\"><a class=\"wp-block-button__link has-white-color has-green-background-color has-text-color has-background wp-element-button\" href=\"https:\/\/go-tec.de\/kontaktsales\/\" style=\"border-radius:5px\">Zur Kontaktanfrage<\/a><\/div>\n<\/div>\n<\/div>\n<\/div>\n<\/div>\n","protected":false},"excerpt":{"rendered":"<p>83 Anwendungen unter einem Dach &#8211; der GP Manager F\u00fcr alle go-tec Anwendungen gibt es ein Haus, dass ein \u00fcbersichtliches und effektives Arbeiten erm\u00f6glicht, den Fussscan mit der CAD-Konstruktion verbindet und sicherlich auch mit Ihrer Kundenverwaltung kompatibel ist &#8211; den GP Manager. Ihre Vorteile: Serviceleistungen Sichern Sie sich unsere aktuelle Serviceangebote im Bereich Telefonsupport oder [&hellip;]<\/p>\n","protected":false},"author":8,"featured_media":0,"parent":12,"menu_order":0,"comment_status":"closed","ping_status":"closed","template":"","meta":{"inline_featured_image":false,"advgb_blocks_editor_width":"","advgb_blocks_columns_visual_guide":"","footnotes":""},"class_list":["post-332","page","type-page","status-publish","hentry"],"yoast_head":"<!-- This site is optimized with the Yoast SEO plugin v27.2 - https:\/\/yoast.com\/product\/yoast-seo-wordpress\/ -->\n<title>GP Manager -<\/title>\n<meta name=\"robots\" content=\"index, follow, max-snippet:-1, max-image-preview:large, max-video-preview:-1\" \/>\n<link rel=\"canonical\" href=\"https:\/\/go-tec.de\/it\/go-tec-system\/gp-manager\/\" \/>\n<meta property=\"og:locale\" content=\"it_IT\" \/>\n<meta property=\"og:type\" content=\"article\" \/>\n<meta property=\"og:title\" content=\"GP Manager -\" \/>\n<meta property=\"og:description\" content=\"83 Anwendungen unter einem Dach &#8211; der GP Manager F\u00fcr alle go-tec Anwendungen gibt es ein Haus, dass ein \u00fcbersichtliches und effektives Arbeiten erm\u00f6glicht, den Fussscan mit der CAD-Konstruktion verbindet und sicherlich auch mit Ihrer Kundenverwaltung kompatibel ist &#8211; den GP Manager. Ihre Vorteile: Serviceleistungen Sichern Sie sich unsere aktuelle Serviceangebote im Bereich Telefonsupport oder [&hellip;]\" \/>\n<meta property=\"og:url\" content=\"https:\/\/go-tec.de\/it\/go-tec-system\/gp-manager\/\" \/>\n<meta property=\"article:modified_time\" content=\"2023-06-27T15:02:49+00:00\" \/>\n<meta property=\"og:image\" content=\"https:\/\/cms.gebiom.group\/go-tec\/wp-content\/uploads\/sites\/2\/2023\/06\/Vernetzung_Software_1-1024x682.jpg\" \/>\n<meta name=\"twitter:card\" content=\"summary_large_image\" \/>\n<meta name=\"twitter:label1\" content=\"Tempo di lettura stimato\" \/>\n\t<meta name=\"twitter:data1\" content=\"1 minuto\" \/>\n<script type=\"application\/ld+json\" class=\"yoast-schema-graph\">{\"@context\":\"https:\/\/schema.org\",\"@graph\":[{\"@type\":\"WebPage\",\"@id\":\"https:\/\/go-tec.de\/ja\/go-tec-system\/gp-manager\/\",\"url\":\"https:\/\/go-tec.de\/ja\/go-tec-system\/gp-manager\/\",\"name\":\"GP Manager -\",\"isPartOf\":{\"@id\":\"https:\/\/go-tec.de\/en\/#website\"},\"primaryImageOfPage\":{\"@id\":\"https:\/\/go-tec.de\/ja\/go-tec-system\/gp-manager\/#primaryimage\"},\"image\":{\"@id\":\"https:\/\/go-tec.de\/ja\/go-tec-system\/gp-manager\/#primaryimage\"},\"thumbnailUrl\":\"https:\/\/cms.gebiom.group\/go-tec\/wp-content\/uploads\/sites\/2\/2023\/06\/Vernetzung_Software_1-1024x682.jpg\",\"datePublished\":\"2023-06-15T08:12:02+00:00\",\"dateModified\":\"2023-06-27T15:02:49+00:00\",\"breadcrumb\":{\"@id\":\"https:\/\/go-tec.de\/ja\/go-tec-system\/gp-manager\/#breadcrumb\"},\"inLanguage\":\"it-IT\",\"potentialAction\":[{\"@type\":\"ReadAction\",\"target\":[\"https:\/\/go-tec.de\/ja\/go-tec-system\/gp-manager\/\"]}]},{\"@type\":\"ImageObject\",\"inLanguage\":\"it-IT\",\"@id\":\"https:\/\/go-tec.de\/ja\/go-tec-system\/gp-manager\/#primaryimage\",\"url\":\"https:\/\/cms.gebiom.group\/go-tec\/wp-content\/uploads\/sites\/2\/2023\/06\/Vernetzung_Software_1-1024x682.jpg\",\"contentUrl\":\"https:\/\/cms.gebiom.group\/go-tec\/wp-content\/uploads\/sites\/2\/2023\/06\/Vernetzung_Software_1-1024x682.jpg\"},{\"@type\":\"BreadcrumbList\",\"@id\":\"https:\/\/go-tec.de\/ja\/go-tec-system\/gp-manager\/#breadcrumb\",\"itemListElement\":[{\"@type\":\"ListItem\",\"position\":1,\"name\":\"Startseite\",\"item\":\"https:\/\/go-tec.de\/\"},{\"@type\":\"ListItem\",\"position\":2,\"name\":\"go-tec System\",\"item\":\"https:\/\/go-tec.de\/ja\/go-tec-system\/\"},{\"@type\":\"ListItem\",\"position\":3,\"name\":\"GP Manager\"}]},{\"@type\":\"WebSite\",\"@id\":\"https:\/\/go-tec.de\/en\/#website\",\"url\":\"https:\/\/go-tec.de\/en\/\",\"name\":\"\",\"description\":\"\",\"potentialAction\":[{\"@type\":\"SearchAction\",\"target\":{\"@type\":\"EntryPoint\",\"urlTemplate\":\"https:\/\/go-tec.de\/en\/?s={search_term_string}\"},\"query-input\":{\"@type\":\"PropertyValueSpecification\",\"valueRequired\":true,\"valueName\":\"search_term_string\"}}],\"inLanguage\":\"it-IT\"}]}<\/script>\n<!-- \/ Yoast SEO plugin. -->","yoast_head_json":{"title":"GP Manager -","robots":{"index":"index","follow":"follow","max-snippet":"max-snippet:-1","max-image-preview":"max-image-preview:large","max-video-preview":"max-video-preview:-1"},"canonical":"https:\/\/go-tec.de\/it\/go-tec-system\/gp-manager\/","og_locale":"it_IT","og_type":"article","og_title":"GP Manager -","og_description":"83 Anwendungen unter einem Dach &#8211; der GP Manager F\u00fcr alle go-tec Anwendungen gibt es ein Haus, dass ein \u00fcbersichtliches und effektives Arbeiten erm\u00f6glicht, den Fussscan mit der CAD-Konstruktion verbindet und sicherlich auch mit Ihrer Kundenverwaltung kompatibel ist &#8211; den GP Manager. Ihre Vorteile: Serviceleistungen Sichern Sie sich unsere aktuelle Serviceangebote im Bereich Telefonsupport oder [&hellip;]","og_url":"https:\/\/go-tec.de\/it\/go-tec-system\/gp-manager\/","article_modified_time":"2023-06-27T15:02:49+00:00","og_image":[{"url":"https:\/\/cms.gebiom.group\/go-tec\/wp-content\/uploads\/sites\/2\/2023\/06\/Vernetzung_Software_1-1024x682.jpg","type":"","width":"","height":""}],"twitter_card":"summary_large_image","twitter_misc":{"Tempo di lettura stimato":"1 minuto"},"schema":{"@context":"https:\/\/schema.org","@graph":[{"@type":"WebPage","@id":"https:\/\/go-tec.de\/ja\/go-tec-system\/gp-manager\/","url":"https:\/\/go-tec.de\/ja\/go-tec-system\/gp-manager\/","name":"GP Manager -","isPartOf":{"@id":"https:\/\/go-tec.de\/en\/#website"},"primaryImageOfPage":{"@id":"https:\/\/go-tec.de\/ja\/go-tec-system\/gp-manager\/#primaryimage"},"image":{"@id":"https:\/\/go-tec.de\/ja\/go-tec-system\/gp-manager\/#primaryimage"},"thumbnailUrl":"https:\/\/cms.gebiom.group\/go-tec\/wp-content\/uploads\/sites\/2\/2023\/06\/Vernetzung_Software_1-1024x682.jpg","datePublished":"2023-06-15T08:12:02+00:00","dateModified":"2023-06-27T15:02:49+00:00","breadcrumb":{"@id":"https:\/\/go-tec.de\/ja\/go-tec-system\/gp-manager\/#breadcrumb"},"inLanguage":"it-IT","potentialAction":[{"@type":"ReadAction","target":["https:\/\/go-tec.de\/ja\/go-tec-system\/gp-manager\/"]}]},{"@type":"ImageObject","inLanguage":"it-IT","@id":"https:\/\/go-tec.de\/ja\/go-tec-system\/gp-manager\/#primaryimage","url":"https:\/\/cms.gebiom.group\/go-tec\/wp-content\/uploads\/sites\/2\/2023\/06\/Vernetzung_Software_1-1024x682.jpg","contentUrl":"https:\/\/cms.gebiom.group\/go-tec\/wp-content\/uploads\/sites\/2\/2023\/06\/Vernetzung_Software_1-1024x682.jpg"},{"@type":"BreadcrumbList","@id":"https:\/\/go-tec.de\/ja\/go-tec-system\/gp-manager\/#breadcrumb","itemListElement":[{"@type":"ListItem","position":1,"name":"Startseite","item":"https:\/\/go-tec.de\/"},{"@type":"ListItem","position":2,"name":"go-tec System","item":"https:\/\/go-tec.de\/ja\/go-tec-system\/"},{"@type":"ListItem","position":3,"name":"GP Manager"}]},{"@type":"WebSite","@id":"https:\/\/go-tec.de\/en\/#website","url":"https:\/\/go-tec.de\/en\/","name":"","description":"","potentialAction":[{"@type":"SearchAction","target":{"@type":"EntryPoint","urlTemplate":"https:\/\/go-tec.de\/en\/?s={search_term_string}"},"query-input":{"@type":"PropertyValueSpecification","valueRequired":true,"valueName":"search_term_string"}}],"inLanguage":"it-IT"}]}},"coauthors":[],"author_meta":{"author_link":"http:\/\/go-tec.de\/it\/author\/akoctar\/","display_name":"akoctar"},"relative_dates":{"created":"Pubblicato 3 anni fa","modified":"Aggiornato 3 anni fa"},"absolute_dates":{"created":"Pubblicato il 15. Giugno 2023","modified":"Aggiornato il 27. Giugno 2023"},"absolute_dates_time":{"created":"Pubblicato il 15. Giugno 2023 10:12","modified":"Aggiornato il 27. Giugno 2023 17:02"},"featured_img_caption":"","featured_img":false,"series_order":"","_links":{"self":[{"href":"http:\/\/go-tec.de\/it\/wp-json\/wp\/v2\/pages\/332","targetHints":{"allow":["GET"]}}],"collection":[{"href":"http:\/\/go-tec.de\/it\/wp-json\/wp\/v2\/pages"}],"about":[{"href":"http:\/\/go-tec.de\/it\/wp-json\/wp\/v2\/types\/page"}],"author":[{"embeddable":true,"href":"http:\/\/go-tec.de\/it\/wp-json\/wp\/v2\/users\/8"}],"replies":[{"embeddable":true,"href":"http:\/\/go-tec.de\/it\/wp-json\/wp\/v2\/comments?post=332"}],"version-history":[{"count":3,"href":"http:\/\/go-tec.de\/it\/wp-json\/wp\/v2\/pages\/332\/revisions"}],"predecessor-version":[{"id":641,"href":"http:\/\/go-tec.de\/it\/wp-json\/wp\/v2\/pages\/332\/revisions\/641"}],"up":[{"embeddable":true,"href":"http:\/\/go-tec.de\/it\/wp-json\/wp\/v2\/pages\/12"}],"wp:attachment":[{"href":"http:\/\/go-tec.de\/it\/wp-json\/wp\/v2\/media?parent=332"}],"curies":[{"name":"wp","href":"https:\/\/api.w.org\/{rel}","templated":true}]}}