{"id":950,"date":"2024-04-08T11:53:02","date_gmt":"2024-04-08T09:53:02","guid":{"rendered":"https:\/\/go-tec.de\/?page_id=950"},"modified":"2026-03-18T08:02:08","modified_gmt":"2026-03-18T07:02:08","slug":"gt-george-max","status":"publish","type":"page","link":"http:\/\/go-tec.de\/fr\/go-tec-system\/gt-george-max\/","title":{"rendered":"GT George MAX"},"content":{"rendered":"<figure class=\"wp-block-gallery has-nested-images columns-default is-cropped wp-block-gallery-1 is-layout-flex wp-block-gallery-is-layout-flex\">\n<figure class=\"wp-block-image size-full has-custom-border editorskit-no-desktop editorskit-no-tablet editorskit-no-mobile\"><img loading=\"lazy\" decoding=\"async\" width=\"1366\" height=\"768\" data-id=\"988\" src=\"https:\/\/go-tec.de\/wp-content\/uploads\/sites\/2\/2024\/04\/GT-George-MAX-2-1.png\" alt=\"\" class=\"wp-image-988\" style=\"border-style:none;border-width:0px;border-radius:8px\" srcset=\"http:\/\/go-tec.de\/wp-content\/uploads\/sites\/2\/2024\/04\/GT-George-MAX-2-1.png 1366w, http:\/\/go-tec.de\/wp-content\/uploads\/sites\/2\/2024\/04\/GT-George-MAX-2-1-300x169.png 300w, http:\/\/go-tec.de\/wp-content\/uploads\/sites\/2\/2024\/04\/GT-George-MAX-2-1-1024x576.png 1024w, http:\/\/go-tec.de\/wp-content\/uploads\/sites\/2\/2024\/04\/GT-George-MAX-2-1-768x432.png 768w, http:\/\/go-tec.de\/wp-content\/uploads\/sites\/2\/2024\/04\/GT-George-MAX-2-1-18x10.png 18w\" sizes=\"auto, (max-width: 1366px) 100vw, 1366px\" \/><\/figure>\n<\/figure>\n\n\n\n<div class=\"wp-block-group py-5 px-3 px-md-4 px-lg-5 has-darkgrey-color has-text-color is-layout-flow wp-block-group-is-layout-flow\">\n<div class=\"wp-block-group is-layout-constrained wp-container-core-group-is-layout-703bee88 wp-block-group-is-layout-constrained\">\n<p class=\"has-text-align-center has-darkgrey-color has-text-color has-link-color has-large-font-size wp-elements-e0e8c447ee8c4a2758d45dfdc21ec1a0\">GT George MAX - La nouvelle dimension de la mesure du pied en 3D<\/p>\n\n\n\n<p class=\"has-text-align-center has-medium-font-size\">Le site <strong>GT George MAX<\/strong> est le d\u00e9veloppement performant du GT George \u00e9prouv\u00e9 et offre une <strong>saisie pr\u00e9cise en 3D de l'ensemble du pied<\/strong> - m\u00eame pour les formes de pieds complexes. Avec une hauteur de balayage \u00e9tendue jusqu'\u00e0 17,5 cm, le syst\u00e8me est id\u00e9al pour les applications exigeantes.<\/p>\n\n\n\n<p class=\"has-text-align-center\">Gr\u00e2ce \u00e0 la technologie laser moderne, les pieds sont trait\u00e9s en quelques secondes. <strong>au millim\u00e8tre pr\u00e8s et en trois dimensions<\/strong> saisi - au choix \u00e0 pleine charge, \u00e0 charge partielle ou sans charge.<\/p>\n\n\n\n<div class=\"wp-block-media-text is-stacked-on-mobile\" style=\"grid-template-columns:48% auto\"><figure class=\"wp-block-media-text__media\"><img loading=\"lazy\" decoding=\"async\" width=\"1024\" height=\"682\" src=\"https:\/\/go-tec.de\/wp-content\/uploads\/sites\/2\/2026\/03\/go-tec_gt_george_max_muenster-1024x682.png\" alt=\"\" class=\"wp-image-1339 size-full\" srcset=\"http:\/\/go-tec.de\/wp-content\/uploads\/sites\/2\/2026\/03\/go-tec_gt_george_max_muenster-1024x682.png 1024w, http:\/\/go-tec.de\/wp-content\/uploads\/sites\/2\/2026\/03\/go-tec_gt_george_max_muenster-300x200.png 300w, http:\/\/go-tec.de\/wp-content\/uploads\/sites\/2\/2026\/03\/go-tec_gt_george_max_muenster-768x512.png 768w, http:\/\/go-tec.de\/wp-content\/uploads\/sites\/2\/2026\/03\/go-tec_gt_george_max_muenster-18x12.png 18w, http:\/\/go-tec.de\/wp-content\/uploads\/sites\/2\/2026\/03\/go-tec_gt_george_max_muenster.png 1253w\" sizes=\"auto, (max-width: 1024px) 100vw, 1024px\" \/><\/figure><div class=\"wp-block-media-text__content\">\n<p class=\"has-blue-color has-text-color has-link-color has-large-font-size wp-elements-32ec9d3abca9e4cce27e878a3c10d7bf\">Vos avantages<\/p>\n\n\n\n<ul class=\"wp-block-list\">\n<li>Am\u00e9lioration des conseils gr\u00e2ce \u00e0 des donn\u00e9es 3D claires<\/li>\n\n\n\n<li>Saisie 3D de l'ensemble du pied - m\u00eame en cas de formes complexes<\/li>\n\n\n\n<li>Hauteur de balayage \u00e9tendue pour plus de flexibilit\u00e9<\/li>\n\n\n\n<li>R\u00e9sultats de mesure rapides et pr\u00e9cis au millim\u00e8tre pr\u00e8s<\/li>\n\n\n\n<li>Int\u00e9gration dans les flux de travail CAO num\u00e9riques<\/li>\n<\/ul>\n<\/div><\/div>\n\n\n\n<div class=\"wp-block-columns are-vertically-aligned-center py-5 is-layout-flex wp-container-core-columns-is-layout-28f84493 wp-block-columns-is-layout-flex\">\n<div class=\"wp-block-column is-vertically-aligned-center px-3 px-md-4 px-lg-5 is-layout-flow wp-block-column-is-layout-flow\">\n<figure class=\"wp-block-image size-full\"><img loading=\"lazy\" decoding=\"async\" width=\"1918\" height=\"1031\" src=\"https:\/\/go-tec.de\/wp-content\/uploads\/sites\/2\/2024\/04\/MicrosoftTeams-image-62.png\" alt=\"\" class=\"wp-image-976\" srcset=\"http:\/\/go-tec.de\/wp-content\/uploads\/sites\/2\/2024\/04\/MicrosoftTeams-image-62.png 1918w, http:\/\/go-tec.de\/wp-content\/uploads\/sites\/2\/2024\/04\/MicrosoftTeams-image-62-300x161.png 300w, http:\/\/go-tec.de\/wp-content\/uploads\/sites\/2\/2024\/04\/MicrosoftTeams-image-62-1024x550.png 1024w, http:\/\/go-tec.de\/wp-content\/uploads\/sites\/2\/2024\/04\/MicrosoftTeams-image-62-768x413.png 768w, http:\/\/go-tec.de\/wp-content\/uploads\/sites\/2\/2024\/04\/MicrosoftTeams-image-62-1536x826.png 1536w, http:\/\/go-tec.de\/wp-content\/uploads\/sites\/2\/2024\/04\/MicrosoftTeams-image-62-18x10.png 18w\" sizes=\"auto, (max-width: 1918px) 100vw, 1918px\" \/><\/figure>\n<\/div>\n\n\n\n<div class=\"wp-block-column is-vertically-aligned-center px-3 px-md-4 px-lg-5 is-layout-flow wp-block-column-is-layout-flow\">\n<h3 class=\"wp-block-heading animated fadeInUp has-darkgrey-color has-text-color\" id=\"schnell-und-effizient-41e7beb8-bf5d-4c8a-8c3e-8f48656ec376\">Rapide et efficace<\/h3>\n\n\n\n<p>En quelques secondes, le GT George MAX cr\u00e9e des scans 3D d\u00e9taill\u00e9s et des photos de la vue plantaire, qui peuvent \u00eatre int\u00e9gr\u00e9s de mani\u00e8re transparente dans notre logiciel de conception GP InsoleCAD &amp; GP OptiCAD. Cela permet de fabriquer des semelles orthop\u00e9diques et des formes personnalis\u00e9es avec une pr\u00e9cision in\u00e9gal\u00e9e.<\/p>\n<\/div>\n<\/div>\n\n\n\n<div class=\"wp-block-columns are-vertically-aligned-center py-5 is-layout-flex wp-container-core-columns-is-layout-28f84493 wp-block-columns-is-layout-flex\">\n<div class=\"wp-block-column is-vertically-aligned-center px-3 px-md-4 px-lg-5 is-layout-flow wp-block-column-is-layout-flow\">\n<figure class=\"wp-block-image size-full\"><img loading=\"lazy\" decoding=\"async\" width=\"1918\" height=\"1031\" src=\"https:\/\/go-tec.de\/wp-content\/uploads\/sites\/2\/2024\/04\/MicrosoftTeams-image-63.png\" alt=\"\" class=\"wp-image-977\" srcset=\"http:\/\/go-tec.de\/wp-content\/uploads\/sites\/2\/2024\/04\/MicrosoftTeams-image-63.png 1918w, http:\/\/go-tec.de\/wp-content\/uploads\/sites\/2\/2024\/04\/MicrosoftTeams-image-63-300x161.png 300w, http:\/\/go-tec.de\/wp-content\/uploads\/sites\/2\/2024\/04\/MicrosoftTeams-image-63-1024x550.png 1024w, http:\/\/go-tec.de\/wp-content\/uploads\/sites\/2\/2024\/04\/MicrosoftTeams-image-63-768x413.png 768w, http:\/\/go-tec.de\/wp-content\/uploads\/sites\/2\/2024\/04\/MicrosoftTeams-image-63-1536x826.png 1536w, http:\/\/go-tec.de\/wp-content\/uploads\/sites\/2\/2024\/04\/MicrosoftTeams-image-63-18x10.png 18w\" sizes=\"auto, (max-width: 1918px) 100vw, 1918px\" \/><\/figure>\n<\/div>\n\n\n\n<div class=\"wp-block-column is-vertically-aligned-center px-3 px-md-4 px-lg-5 is-layout-flow wp-block-column-is-layout-flow\">\n<p class=\"has-darkgrey-color has-text-color has-link-color has-large-font-size wp-elements-97266d5e261c54798819c4697d9d3272\">Technologie centr\u00e9e sur le client<\/p>\n\n\n\n<p>Le GT George MAX a \u00e9t\u00e9 con\u00e7u pour r\u00e9pondre \u00e0 vos commentaires et offrir une solution qui r\u00e9pond \u00e0 des besoins de num\u00e9risation plus \u00e9lev\u00e9s et plus exigeants. Il allie une technologie innovante \u00e0 une utilisation pratique, am\u00e9liore la communication avec vos clients et porte la qualit\u00e9 du conseil \u00e0 un niveau sup\u00e9rieur.<\/p>\n<\/div>\n<\/div>\n\n\n\n<p class=\"has-text-align-right\">Contenu de la livraison : scanner de pied complet, 2 repose-pieds lat\u00e9raux, 1 p\u00e9dale de commande<\/p>\n\n\n\n<p class=\"has-text-align-right has-darkgrey-color has-text-color has-link-color wp-elements-9649fef0f3b9fcabff1f9e487575463f\">Caract\u00e9ristiques techniques et configuration mat\u00e9rielle requise :&nbsp;<\/p>\n\n\n\n<div class=\"wp-block-buttons has-mobile-text-align-justify is-horizontal is-content-justification-right is-layout-flex wp-container-core-buttons-is-layout-7f1c9595 wp-block-buttons-is-layout-flex\">\n<div class=\"wp-block-button is-style-outline is-style-outline--2\"><a class=\"wp-block-button__link has-border-color has-blue-border-color wp-element-button\" href=\"https:\/\/go-tec.de\/wp-content\/uploads\/sites\/2\/2024\/04\/Datenblatt-GT-George-MAX.pdf\">Fiche technique<\/a><\/div>\n<\/div>\n<\/div>\n<\/div>\n\n\n\n<div style=\"height:18px\" aria-hidden=\"true\" class=\"wp-block-spacer\"><\/div>\n\n\n\n<p class=\"has-text-align-center has-white-color has-mediumgrey-background-color has-text-color has-background has-link-color wp-elements-ca718135dd873b9b46a7546f44fa50ec\">Les donn\u00e9es obtenues peuvent \u00eatre int\u00e9gr\u00e9es de mani\u00e8re transparente dans <strong>GP InsoleCAD et GP OptiCAD<\/strong> et constituent une base parfaite pour la construction pr\u00e9cise de semelles et de formes individuelles.<\/p>\n\n\n\n<div class=\"wp-block-group px-3 px-md-4 px-lg-5 contact-section has-white-color has-blue-background-color has-text-color has-background is-layout-constrained wp-container-core-group-is-layout-6e20cf48 wp-block-group-is-layout-constrained advgb-dyn-2eccdb19\">\n<div class=\"wp-block-columns py-5 is-layout-flex wp-container-core-columns-is-layout-28f84493 wp-block-columns-is-layout-flex\">\n<div class=\"wp-block-column animated fadeInLeft is-layout-flow wp-block-column-is-layout-flow\" style=\"flex-basis:66.66%\">\n<h3 class=\"wp-block-heading advgb-dyn-b31c1e16\">Nous nous ferons un plaisir de vous conseiller personnellement !<\/h3>\n\n\n\n<p>Nous vous rappellerons dans les meilleurs d\u00e9lais ! <\/p>\n<\/div>\n\n\n\n<div class=\"wp-block-column is-vertically-aligned-center animated fadeInRight is-layout-flow wp-block-column-is-layout-flow\" style=\"flex-basis:33.33%\">\n<div class=\"wp-block-buttons animated fadeInUp mb-5 is-content-justification-center is-layout-flex wp-container-core-buttons-is-layout-a89b3969 wp-block-buttons-is-layout-flex\">\n<div class=\"wp-block-button is-style-fill advgb-dyn-3db009d7\"><a class=\"wp-block-button__link has-white-color has-green-background-color has-text-color has-background wp-element-button\" href=\"https:\/\/go-tec.de\/fr\/kontaktsales\/\" style=\"border-radius:5px\">Vers la demande de contact<\/a><\/div>\n<\/div>\n<\/div>\n<\/div>\n<\/div>","protected":false},"excerpt":{"rendered":"<p>GT George MAX &#8211; Die neue Dimension der 3D Fu\u00dfvermessung Der GT George MAX ist die leistungsstarke Weiterentwicklung des bew\u00e4hrten GT George und bietet eine pr\u00e4zise 3D-Erfassung des gesamten Fu\u00dfes \u2013 auch bei komplexen Fu\u00dfformen. Mit einer erweiterten Scanh\u00f6he von bis zu 17,5 cm eignet sich das System ideal f\u00fcr anspruchsvolle Anwendungen. Dank moderner Lasertechnologie [&hellip;]<\/p>\n","protected":false},"author":10,"featured_media":0,"parent":12,"menu_order":0,"comment_status":"closed","ping_status":"closed","template":"","meta":{"inline_featured_image":false,"advgb_blocks_editor_width":"","advgb_blocks_columns_visual_guide":"","footnotes":""},"class_list":["post-950","page","type-page","status-publish","hentry"],"yoast_head":"<!-- This site is optimized with the Yoast SEO plugin v27.2 - https:\/\/yoast.com\/product\/yoast-seo-wordpress\/ -->\n<title>GT George MAX -<\/title>\n<meta name=\"robots\" content=\"index, follow, max-snippet:-1, max-image-preview:large, max-video-preview:-1\" \/>\n<link rel=\"canonical\" href=\"https:\/\/go-tec.de\/fr\/go-tec-system\/gt-george-max\/\" \/>\n<meta property=\"og:locale\" content=\"fr_FR\" \/>\n<meta property=\"og:type\" content=\"article\" \/>\n<meta property=\"og:title\" content=\"GT George MAX -\" \/>\n<meta property=\"og:description\" content=\"GT George MAX &#8211; Die neue Dimension der 3D Fu\u00dfvermessung Der GT George MAX ist die leistungsstarke Weiterentwicklung des bew\u00e4hrten GT George und bietet eine pr\u00e4zise 3D-Erfassung des gesamten Fu\u00dfes \u2013 auch bei komplexen Fu\u00dfformen. Mit einer erweiterten Scanh\u00f6he von bis zu 17,5 cm eignet sich das System ideal f\u00fcr anspruchsvolle Anwendungen. Dank moderner Lasertechnologie [&hellip;]\" \/>\n<meta property=\"og:url\" content=\"https:\/\/go-tec.de\/fr\/go-tec-system\/gt-george-max\/\" \/>\n<meta property=\"article:modified_time\" content=\"2026-03-18T07:02:08+00:00\" \/>\n<meta property=\"og:image\" content=\"https:\/\/go-tec.de\/wp-content\/uploads\/sites\/2\/2024\/04\/GT-George-MAX-2-1.png\" \/>\n<meta name=\"twitter:card\" content=\"summary_large_image\" \/>\n<meta name=\"twitter:label1\" content=\"Dur\u00e9e de lecture estim\u00e9e\" \/>\n\t<meta name=\"twitter:data1\" content=\"3 minutes\" \/>\n<script type=\"application\/ld+json\" class=\"yoast-schema-graph\">{\"@context\":\"https:\/\/schema.org\",\"@graph\":[{\"@type\":\"WebPage\",\"@id\":\"https:\/\/go-tec.de\/ja\/go-tec-system\/gt-george-max\/\",\"url\":\"https:\/\/go-tec.de\/ja\/go-tec-system\/gt-george-max\/\",\"name\":\"GT George MAX -\",\"isPartOf\":{\"@id\":\"https:\/\/go-tec.de\/en\/#website\"},\"primaryImageOfPage\":{\"@id\":\"https:\/\/go-tec.de\/ja\/go-tec-system\/gt-george-max\/#primaryimage\"},\"image\":{\"@id\":\"https:\/\/go-tec.de\/ja\/go-tec-system\/gt-george-max\/#primaryimage\"},\"thumbnailUrl\":\"https:\/\/go-tec.de\/wp-content\/uploads\/sites\/2\/2024\/04\/GT-George-MAX-2-1.png\",\"datePublished\":\"2024-04-08T09:53:02+00:00\",\"dateModified\":\"2026-03-18T07:02:08+00:00\",\"breadcrumb\":{\"@id\":\"https:\/\/go-tec.de\/ja\/go-tec-system\/gt-george-max\/#breadcrumb\"},\"inLanguage\":\"fr-FR\",\"potentialAction\":[{\"@type\":\"ReadAction\",\"target\":[\"https:\/\/go-tec.de\/ja\/go-tec-system\/gt-george-max\/\"]}]},{\"@type\":\"ImageObject\",\"inLanguage\":\"fr-FR\",\"@id\":\"https:\/\/go-tec.de\/ja\/go-tec-system\/gt-george-max\/#primaryimage\",\"url\":\"https:\/\/go-tec.de\/wp-content\/uploads\/sites\/2\/2024\/04\/GT-George-MAX-2-1.png\",\"contentUrl\":\"https:\/\/go-tec.de\/wp-content\/uploads\/sites\/2\/2024\/04\/GT-George-MAX-2-1.png\"},{\"@type\":\"BreadcrumbList\",\"@id\":\"https:\/\/go-tec.de\/ja\/go-tec-system\/gt-george-max\/#breadcrumb\",\"itemListElement\":[{\"@type\":\"ListItem\",\"position\":1,\"name\":\"Startseite\",\"item\":\"https:\/\/go-tec.de\/\"},{\"@type\":\"ListItem\",\"position\":2,\"name\":\"go-tec System\",\"item\":\"https:\/\/go-tec.de\/ja\/go-tec-system\/\"},{\"@type\":\"ListItem\",\"position\":3,\"name\":\"GT George MAX\"}]},{\"@type\":\"WebSite\",\"@id\":\"https:\/\/go-tec.de\/en\/#website\",\"url\":\"https:\/\/go-tec.de\/en\/\",\"name\":\"\",\"description\":\"\",\"potentialAction\":[{\"@type\":\"SearchAction\",\"target\":{\"@type\":\"EntryPoint\",\"urlTemplate\":\"https:\/\/go-tec.de\/en\/?s={search_term_string}\"},\"query-input\":{\"@type\":\"PropertyValueSpecification\",\"valueRequired\":true,\"valueName\":\"search_term_string\"}}],\"inLanguage\":\"fr-FR\"}]}<\/script>\n<!-- \/ Yoast SEO plugin. -->","yoast_head_json":{"title":"GT George MAX -","robots":{"index":"index","follow":"follow","max-snippet":"max-snippet:-1","max-image-preview":"max-image-preview:large","max-video-preview":"max-video-preview:-1"},"canonical":"https:\/\/go-tec.de\/fr\/go-tec-system\/gt-george-max\/","og_locale":"fr_FR","og_type":"article","og_title":"GT George MAX -","og_description":"GT George MAX &#8211; Die neue Dimension der 3D Fu\u00dfvermessung Der GT George MAX ist die leistungsstarke Weiterentwicklung des bew\u00e4hrten GT George und bietet eine pr\u00e4zise 3D-Erfassung des gesamten Fu\u00dfes \u2013 auch bei komplexen Fu\u00dfformen. Mit einer erweiterten Scanh\u00f6he von bis zu 17,5 cm eignet sich das System ideal f\u00fcr anspruchsvolle Anwendungen. Dank moderner Lasertechnologie [&hellip;]","og_url":"https:\/\/go-tec.de\/fr\/go-tec-system\/gt-george-max\/","article_modified_time":"2026-03-18T07:02:08+00:00","og_image":[{"url":"https:\/\/go-tec.de\/wp-content\/uploads\/sites\/2\/2024\/04\/GT-George-MAX-2-1.png","type":"","width":"","height":""}],"twitter_card":"summary_large_image","twitter_misc":{"Dur\u00e9e de lecture estim\u00e9e":"3 minutes"},"schema":{"@context":"https:\/\/schema.org","@graph":[{"@type":"WebPage","@id":"https:\/\/go-tec.de\/ja\/go-tec-system\/gt-george-max\/","url":"https:\/\/go-tec.de\/ja\/go-tec-system\/gt-george-max\/","name":"GT George MAX -","isPartOf":{"@id":"https:\/\/go-tec.de\/en\/#website"},"primaryImageOfPage":{"@id":"https:\/\/go-tec.de\/ja\/go-tec-system\/gt-george-max\/#primaryimage"},"image":{"@id":"https:\/\/go-tec.de\/ja\/go-tec-system\/gt-george-max\/#primaryimage"},"thumbnailUrl":"https:\/\/go-tec.de\/wp-content\/uploads\/sites\/2\/2024\/04\/GT-George-MAX-2-1.png","datePublished":"2024-04-08T09:53:02+00:00","dateModified":"2026-03-18T07:02:08+00:00","breadcrumb":{"@id":"https:\/\/go-tec.de\/ja\/go-tec-system\/gt-george-max\/#breadcrumb"},"inLanguage":"fr-FR","potentialAction":[{"@type":"ReadAction","target":["https:\/\/go-tec.de\/ja\/go-tec-system\/gt-george-max\/"]}]},{"@type":"ImageObject","inLanguage":"fr-FR","@id":"https:\/\/go-tec.de\/ja\/go-tec-system\/gt-george-max\/#primaryimage","url":"https:\/\/go-tec.de\/wp-content\/uploads\/sites\/2\/2024\/04\/GT-George-MAX-2-1.png","contentUrl":"https:\/\/go-tec.de\/wp-content\/uploads\/sites\/2\/2024\/04\/GT-George-MAX-2-1.png"},{"@type":"BreadcrumbList","@id":"https:\/\/go-tec.de\/ja\/go-tec-system\/gt-george-max\/#breadcrumb","itemListElement":[{"@type":"ListItem","position":1,"name":"Startseite","item":"https:\/\/go-tec.de\/"},{"@type":"ListItem","position":2,"name":"go-tec System","item":"https:\/\/go-tec.de\/ja\/go-tec-system\/"},{"@type":"ListItem","position":3,"name":"GT George MAX"}]},{"@type":"WebSite","@id":"https:\/\/go-tec.de\/en\/#website","url":"https:\/\/go-tec.de\/en\/","name":"","description":"","potentialAction":[{"@type":"SearchAction","target":{"@type":"EntryPoint","urlTemplate":"https:\/\/go-tec.de\/en\/?s={search_term_string}"},"query-input":{"@type":"PropertyValueSpecification","valueRequired":true,"valueName":"search_term_string"}}],"inLanguage":"fr-FR"}]}},"coauthors":[],"author_meta":{"author_link":"http:\/\/go-tec.de\/fr\/author\/","display_name":""},"relative_dates":{"created":"Publi\u00e9 2 ans il y a","modified":"Mis \u00e0 jour 4 semaines il y a"},"absolute_dates":{"created":"Publi\u00e9 le 8. avril 2024","modified":"Mise \u00e0 jour le 18. mars 2026"},"absolute_dates_time":{"created":"Publi\u00e9 le 8. avril 2024 11:53","modified":"Mise \u00e0 jour le 18. mars 2026 8:02"},"featured_img_caption":"","featured_img":false,"series_order":"","_links":{"self":[{"href":"http:\/\/go-tec.de\/fr\/wp-json\/wp\/v2\/pages\/950","targetHints":{"allow":["GET"]}}],"collection":[{"href":"http:\/\/go-tec.de\/fr\/wp-json\/wp\/v2\/pages"}],"about":[{"href":"http:\/\/go-tec.de\/fr\/wp-json\/wp\/v2\/types\/page"}],"author":[{"embeddable":true,"href":"http:\/\/go-tec.de\/fr\/wp-json\/wp\/v2\/users\/10"}],"replies":[{"embeddable":true,"href":"http:\/\/go-tec.de\/fr\/wp-json\/wp\/v2\/comments?post=950"}],"version-history":[{"count":15,"href":"http:\/\/go-tec.de\/fr\/wp-json\/wp\/v2\/pages\/950\/revisions"}],"predecessor-version":[{"id":1344,"href":"http:\/\/go-tec.de\/fr\/wp-json\/wp\/v2\/pages\/950\/revisions\/1344"}],"up":[{"embeddable":true,"href":"http:\/\/go-tec.de\/fr\/wp-json\/wp\/v2\/pages\/12"}],"wp:attachment":[{"href":"http:\/\/go-tec.de\/fr\/wp-json\/wp\/v2\/media?parent=950"}],"curies":[{"name":"wp","href":"https:\/\/api.w.org\/{rel}","templated":true}]}}