{"id":346,"date":"2023-06-15T10:44:54","date_gmt":"2023-06-15T08:44:54","guid":{"rendered":"https:\/\/cms.gebiom.group\/go-tec\/?page_id=346"},"modified":"2026-03-18T07:42:13","modified_gmt":"2026-03-18T06:42:13","slug":"gt-george-flat","status":"publish","type":"page","link":"http:\/\/go-tec.de\/fr\/go-tec-system\/gt-george-flat\/","title":{"rendered":"GT George FLAT"},"content":{"rendered":"\n<div class=\"wp-block-cover is-light\" style=\"min-height:70vh;aspect-ratio:unset;\"><video class=\"wp-block-cover__video-background intrinsic-ignore\" autoplay muted loop playsinline src=\"https:\/\/cms.gebiom.group\/go-tec\/wp-content\/uploads\/sites\/2\/2023\/06\/GP_LaserScan.mp4\" data-object-fit=\"cover\"><\/video><span aria-hidden=\"true\" class=\"wp-block-cover__background has-background-dim-30 has-background-dim\"><\/span><div class=\"wp-block-cover__inner-container is-layout-flow wp-block-cover-is-layout-flow\">\n<div class=\"wp-block-group is-layout-flow wp-block-group-is-layout-flow\">\n<h2 class=\"wp-block-heading has-text-align-center px-3 px-md-4 px-lg-5 animated fadeInUp has-white-color has-text-color\" id=\"gt-george-flat-ad8e3e3a-a25d-4d4d-a8cd-a37dc456f693\">GT George FLAT<\/h2>\n<\/div>\n<\/div><\/div>\n\n\n\n<div class=\"wp-block-group py-5 px-3 px-md-4 px-lg-5 has-darkgrey-color has-text-color is-layout-flow wp-block-group-is-layout-flow\">\n<div class=\"wp-block-group is-layout-constrained wp-container-core-group-is-layout-703bee88 wp-block-group-is-layout-constrained\">\n<h2 class=\"wp-block-heading has-text-align-center animated fadeInUp\" id=\"millimetergenau-in-sekundenschnelle-0149d96e-f34b-4488-abc5-43923be9166a\">GT George FLAT \u2013 3D Plantarscanner f\u00fcr pr\u00e4zise Fu\u00dfdaten<\/h2>\n\n\n\n<h4 class=\"wp-block-heading has-text-align-center\" id=\"millimietergenau-in-sekundenschnelle-4814fb06-2a9a-4701-b63e-bba380645d48\">Millimetergenau in Sekundenschnelle<\/h4>\n\n\n\n<p class=\"has-text-align-center animated fadeInUp\">Der <strong>GT George FLAT<\/strong> ist ein moderner 3D Plantarscanner zur <strong>millimetergenauen Erfassung der Fu\u00dfsohle<\/strong>. Mithilfe innovativer Lasertechnologie wird die plantare Fu\u00dfform in wenigen Sekunden dreidimensional erfasst und bildet die ideale Grundlage f\u00fcr die digitale Einlagenkonstruktion.<\/p>\n\n\n\n<p>Neben der direkten Fu\u00dfmessung k\u00f6nnen auch Trittsch\u00e4ume digitalisiert werden. Die gewonnenen Daten lassen sich nahtlos in CAD-Systeme wie <strong>GP InsoleCAD<\/strong> integrieren und erm\u00f6glichen einen durchg\u00e4ngigen digitalen Workflow.<\/p>\n\n\n\n<p class=\"has-text-align-center animated fadeInUp\">Durch seine kompakte Bauweise ist der GT George FLAT flexibel einsetzbar. Sowohl station\u00e4r als auch mobil.<\/p>\n\n\n\n<div class=\"wp-block-columns py-5 is-layout-flex wp-container-core-columns-is-layout-28f84493 wp-block-columns-is-layout-flex\">\n<div class=\"wp-block-column px-3 px-md-4 px-lg-5 is-layout-flow wp-block-column-is-layout-flow\">\n<div class=\"wp-block-cb-carousel cb-single-slide animated fadeInUp\" data-slick=\"{&quot;slidesToShow&quot;:1,&quot;slidesToScroll&quot;:1,&quot;speed&quot;:300,&quot;arrows&quot;:true,&quot;dots&quot;:true,&quot;autoplay&quot;:true,&quot;autoplaySpeed&quot;:3000,&quot;infinite&quot;:true,&quot;responsive&quot;:[{&quot;breakpoint&quot;:769,&quot;settings&quot;:{&quot;slidesToShow&quot;:1,&quot;slidesToScroll&quot;:1}}]}\">\n<div class=\"wp-block-cb-slide\">\n<figure class=\"wp-block-image size-large\"><img loading=\"lazy\" decoding=\"async\" width=\"1024\" height=\"683\" src=\"https:\/\/go-tec.de\/wp-content\/uploads\/sites\/2\/2023\/06\/MicrosoftTeams-image-86-1024x683.jpg\" alt=\"3D Laser Fu\u00df\" class=\"wp-image-566\" srcset=\"http:\/\/go-tec.de\/wp-content\/uploads\/sites\/2\/2023\/06\/MicrosoftTeams-image-86-1024x683.jpg 1024w, http:\/\/go-tec.de\/wp-content\/uploads\/sites\/2\/2023\/06\/MicrosoftTeams-image-86-300x200.jpg 300w, http:\/\/go-tec.de\/wp-content\/uploads\/sites\/2\/2023\/06\/MicrosoftTeams-image-86-768x512.jpg 768w, http:\/\/go-tec.de\/wp-content\/uploads\/sites\/2\/2023\/06\/MicrosoftTeams-image-86-1536x1024.jpg 1536w, http:\/\/go-tec.de\/wp-content\/uploads\/sites\/2\/2023\/06\/MicrosoftTeams-image-86-2048x1365.jpg 2048w\" sizes=\"auto, (max-width: 1024px) 100vw, 1024px\" \/><\/figure>\n<\/div>\n\n\n\n<div class=\"wp-block-cb-slide\">\n<figure class=\"wp-block-image size-large\"><img loading=\"lazy\" decoding=\"async\" width=\"1024\" height=\"683\" src=\"https:\/\/go-tec.de\/wp-content\/uploads\/sites\/2\/2023\/06\/MicrosoftTeams-image-87-1024x683.jpg\" alt=\"3D Laser PS Kit\" class=\"wp-image-567\" srcset=\"http:\/\/go-tec.de\/wp-content\/uploads\/sites\/2\/2023\/06\/MicrosoftTeams-image-87-1024x683.jpg 1024w, http:\/\/go-tec.de\/wp-content\/uploads\/sites\/2\/2023\/06\/MicrosoftTeams-image-87-300x200.jpg 300w, http:\/\/go-tec.de\/wp-content\/uploads\/sites\/2\/2023\/06\/MicrosoftTeams-image-87-768x512.jpg 768w, http:\/\/go-tec.de\/wp-content\/uploads\/sites\/2\/2023\/06\/MicrosoftTeams-image-87-1536x1024.jpg 1536w, http:\/\/go-tec.de\/wp-content\/uploads\/sites\/2\/2023\/06\/MicrosoftTeams-image-87-2048x1365.jpg 2048w\" sizes=\"auto, (max-width: 1024px) 100vw, 1024px\" \/><\/figure>\n<\/div>\n\n\n\n<div class=\"wp-block-cb-slide\">\n<figure class=\"wp-block-image size-large\"><img loading=\"lazy\" decoding=\"async\" width=\"1024\" height=\"672\" src=\"https:\/\/go-tec.de\/wp-content\/uploads\/sites\/2\/2023\/06\/MicrosoftTeams-image-89-1024x672.jpg\" alt=\"GP LaserScan f-2\" class=\"wp-image-565\" srcset=\"http:\/\/go-tec.de\/wp-content\/uploads\/sites\/2\/2023\/06\/MicrosoftTeams-image-89-1024x672.jpg 1024w, http:\/\/go-tec.de\/wp-content\/uploads\/sites\/2\/2023\/06\/MicrosoftTeams-image-89-300x197.jpg 300w, http:\/\/go-tec.de\/wp-content\/uploads\/sites\/2\/2023\/06\/MicrosoftTeams-image-89-768x504.jpg 768w, http:\/\/go-tec.de\/wp-content\/uploads\/sites\/2\/2023\/06\/MicrosoftTeams-image-89-1536x1007.jpg 1536w, http:\/\/go-tec.de\/wp-content\/uploads\/sites\/2\/2023\/06\/MicrosoftTeams-image-89-2048x1343.jpg 2048w\" sizes=\"auto, (max-width: 1024px) 100vw, 1024px\" \/><\/figure>\n<\/div>\n<\/div>\n<\/div>\n\n\n\n<div class=\"wp-block-column px-3 px-md-4 px-lg-5 is-layout-flow wp-block-column-is-layout-flow\">\n<h3 class=\"wp-block-heading animated fadeInUp has-blue-color has-text-color\" id=\"ihre-vorteile-a0224fa7-61db-4043-9a61-a06591b6bff7\">Ihre Vorteile:<\/h3>\n\n\n\n<ul class=\"wp-block-list animated fadeInUp\">\n<li>3D-Erfassung der plantaren Fu\u00dfstruktur<\/li>\n\n\n\n<li>Millimetergenaue und schnelle Messung<\/li>\n\n\n\n<li>Scan von Fu\u00df und Trittschaum m\u00f6glich<\/li>\n\n\n\n<li>Integration in digitale CAD-Prozesse<\/li>\n\n\n\n<li>Kompakt und flexibel einsetzbar<\/li>\n\n\n\n<li>Mobiler und station\u00e4rer Einsatz m\u00f6glich<\/li>\n\n\n\n<li>Individueller Einbau in ein Podest Ihres Ma\u00dfraumes m\u00f6glich<\/li>\n\n\n\n<li>Kompatibel mit Silikonscantechnologie ps-Kit<\/li>\n<\/ul>\n\n\n\n<p class=\"has-blue-color has-text-color has-link-color wp-elements-eb47f53bfe13be62e3ac6221b9d06f6b\"><strong><a href=\"https:\/\/go-tec.de\/wp-content\/uploads\/sites\/2\/2023\/12\/GP-LaserScan-3D-f2-.pdf\" class=\"ek-link\">N\u00e4here Informationen erhalten Sie im Datenblatt<\/a><\/strong><\/p>\n\n\n\n<div class=\"wp-block-buttons animated fadeInUp is-layout-flex wp-block-buttons-is-layout-flex\">\n<div class=\"wp-block-button is-style-outline is-style-outline--1\"><a class=\"wp-block-button__link has-blue-color has-text-color wp-element-button\" href=\"https:\/\/cms.gebiom.group\/go-tec\/go-tec-system\/#vernetzung\" style=\"border-radius:5px\">Zur\u00fcck<\/a><\/div>\n\n\n\n<div class=\"wp-block-button is-style-outline is-style-outline--2\"><a class=\"wp-block-button__link has-blue-color has-text-color wp-element-button\" href=\"http:\/\/go-tec.de\/wp-content\/uploads\/sites\/2\/2026\/03\/go-tec_Datenblatt_gt_george_flat.pdf\" style=\"border-radius:5px\" target=\"_blank\" rel=\"noreferrer noopener\">Datenblatt<\/a><\/div>\n<\/div>\n<\/div>\n<\/div>\n<\/div>\n<\/div>\n\n\n\n<div style=\"height:17px\" aria-hidden=\"true\" class=\"wp-block-spacer\"><\/div>\n\n\n\n<p class=\"has-text-align-center has-white-color has-mediumgrey-background-color has-text-color has-background has-link-color wp-elements-e1f749e4bde8073d90c0064a1f8bbedf\">Der GT George FLAT erfasst die Fu\u00dfsohle millimetergenau in 3D. Ideal f\u00fcr digitale Einlagenkonstruktion.<\/p>\n\n\n\n<div class=\"wp-block-group px-3 px-md-4 px-lg-5 contact-section has-white-color has-blue-background-color has-text-color has-background is-layout-constrained wp-container-core-group-is-layout-6e20cf48 wp-block-group-is-layout-constrained advgb-dyn-2eccdb19\">\n<div class=\"wp-block-columns py-5 is-layout-flex wp-container-core-columns-is-layout-28f84493 wp-block-columns-is-layout-flex\">\n<div class=\"wp-block-column animated fadeInLeft is-layout-flow wp-block-column-is-layout-flow\" style=\"flex-basis:66.66%\">\n<h3 class=\"wp-block-heading advgb-dyn-b31c1e16\">Gerne beraten wir Sie pers\u00f6nlich!<\/h3>\n\n\n\n<p>Wir rufen Sie zeitnah zur\u00fcck! <\/p>\n<\/div>\n\n\n\n<div class=\"wp-block-column is-vertically-aligned-center animated fadeInRight is-layout-flow wp-block-column-is-layout-flow\" style=\"flex-basis:33.33%\">\n<div class=\"wp-block-buttons animated fadeInUp mb-5 is-content-justification-center is-layout-flex wp-container-core-buttons-is-layout-a89b3969 wp-block-buttons-is-layout-flex\">\n<div class=\"wp-block-button is-style-fill advgb-dyn-3db009d7\"><a class=\"wp-block-button__link has-white-color has-green-background-color has-text-color has-background wp-element-button\" href=\"https:\/\/go-tec.de\/kontaktsales\/\" style=\"border-radius:5px\">Zur Kontaktanfrage<\/a><\/div>\n<\/div>\n<\/div>\n<\/div>\n<\/div>\n\n\n\n<p><\/p>\n","protected":false},"excerpt":{"rendered":"<p>GT George FLAT \u2013 3D Plantarscanner f\u00fcr pr\u00e4zise Fu\u00dfdaten Millimetergenau in Sekundenschnelle Der GT George FLAT ist ein moderner 3D Plantarscanner zur millimetergenauen Erfassung der Fu\u00dfsohle. Mithilfe innovativer Lasertechnologie wird die plantare Fu\u00dfform in wenigen Sekunden dreidimensional erfasst und bildet die ideale Grundlage f\u00fcr die digitale Einlagenkonstruktion. Neben der direkten Fu\u00dfmessung k\u00f6nnen auch Trittsch\u00e4ume digitalisiert [&hellip;]<\/p>\n","protected":false},"author":8,"featured_media":0,"parent":12,"menu_order":0,"comment_status":"closed","ping_status":"closed","template":"","meta":{"inline_featured_image":false,"advgb_blocks_editor_width":"","advgb_blocks_columns_visual_guide":"","footnotes":""},"class_list":["post-346","page","type-page","status-publish","hentry"],"yoast_head":"<!-- This site is optimized with the Yoast SEO plugin v27.2 - https:\/\/yoast.com\/product\/yoast-seo-wordpress\/ -->\n<title>GT George FLAT -<\/title>\n<meta name=\"description\" content=\"Der GT George FLAT erfasst die Fu\u00dfsohle millimetergenau in 3D. Ideal f\u00fcr digitale Einlagenkonstruktion und moderne Orthop\u00e4dietechnik.\" \/>\n<meta name=\"robots\" content=\"index, follow, max-snippet:-1, max-image-preview:large, max-video-preview:-1\" \/>\n<link rel=\"canonical\" href=\"https:\/\/go-tec.de\/fr\/go-tec-system\/gt-george-flat\/\" \/>\n<meta property=\"og:locale\" content=\"fr_FR\" \/>\n<meta property=\"og:type\" content=\"article\" \/>\n<meta property=\"og:title\" content=\"GT George FLAT -\" \/>\n<meta property=\"og:description\" content=\"Der GT George FLAT erfasst die Fu\u00dfsohle millimetergenau in 3D. Ideal f\u00fcr digitale Einlagenkonstruktion und moderne Orthop\u00e4dietechnik.\" \/>\n<meta property=\"og:url\" content=\"https:\/\/go-tec.de\/fr\/go-tec-system\/gt-george-flat\/\" \/>\n<meta property=\"article:modified_time\" content=\"2026-03-18T06:42:13+00:00\" \/>\n<meta property=\"og:image\" content=\"https:\/\/go-tec.de\/wp-content\/uploads\/sites\/2\/2023\/06\/MicrosoftTeams-image-86-1024x683.jpg\" \/>\n<meta name=\"twitter:card\" content=\"summary_large_image\" \/>\n<meta name=\"twitter:label1\" content=\"Dur\u00e9e de lecture estim\u00e9e\" \/>\n\t<meta name=\"twitter:data1\" content=\"2 minutes\" \/>\n<script type=\"application\/ld+json\" class=\"yoast-schema-graph\">{\"@context\":\"https:\/\/schema.org\",\"@graph\":[{\"@type\":\"WebPage\",\"@id\":\"https:\/\/go-tec.de\/ja\/go-tec-system\/gt-george-flat\/\",\"url\":\"https:\/\/go-tec.de\/ja\/go-tec-system\/gt-george-flat\/\",\"name\":\"GT George FLAT -\",\"isPartOf\":{\"@id\":\"https:\/\/go-tec.de\/en\/#website\"},\"primaryImageOfPage\":{\"@id\":\"https:\/\/go-tec.de\/ja\/go-tec-system\/gt-george-flat\/#primaryimage\"},\"image\":{\"@id\":\"https:\/\/go-tec.de\/ja\/go-tec-system\/gt-george-flat\/#primaryimage\"},\"thumbnailUrl\":\"https:\/\/go-tec.de\/wp-content\/uploads\/sites\/2\/2023\/06\/MicrosoftTeams-image-86-1024x683.jpg\",\"datePublished\":\"2023-06-15T08:44:54+00:00\",\"dateModified\":\"2026-03-18T06:42:13+00:00\",\"description\":\"Der GT George FLAT erfasst die Fu\u00dfsohle millimetergenau in 3D. Ideal f\u00fcr digitale Einlagenkonstruktion und moderne Orthop\u00e4dietechnik.\",\"breadcrumb\":{\"@id\":\"https:\/\/go-tec.de\/ja\/go-tec-system\/gt-george-flat\/#breadcrumb\"},\"inLanguage\":\"fr-FR\",\"potentialAction\":[{\"@type\":\"ReadAction\",\"target\":[\"https:\/\/go-tec.de\/ja\/go-tec-system\/gt-george-flat\/\"]}]},{\"@type\":\"ImageObject\",\"inLanguage\":\"fr-FR\",\"@id\":\"https:\/\/go-tec.de\/ja\/go-tec-system\/gt-george-flat\/#primaryimage\",\"url\":\"https:\/\/go-tec.de\/wp-content\/uploads\/sites\/2\/2023\/06\/MicrosoftTeams-image-86-1024x683.jpg\",\"contentUrl\":\"https:\/\/go-tec.de\/wp-content\/uploads\/sites\/2\/2023\/06\/MicrosoftTeams-image-86-1024x683.jpg\"},{\"@type\":\"BreadcrumbList\",\"@id\":\"https:\/\/go-tec.de\/ja\/go-tec-system\/gt-george-flat\/#breadcrumb\",\"itemListElement\":[{\"@type\":\"ListItem\",\"position\":1,\"name\":\"Startseite\",\"item\":\"https:\/\/go-tec.de\/\"},{\"@type\":\"ListItem\",\"position\":2,\"name\":\"go-tec System\",\"item\":\"https:\/\/go-tec.de\/ja\/go-tec-system\/\"},{\"@type\":\"ListItem\",\"position\":3,\"name\":\"GT George FLAT\"}]},{\"@type\":\"WebSite\",\"@id\":\"https:\/\/go-tec.de\/en\/#website\",\"url\":\"https:\/\/go-tec.de\/en\/\",\"name\":\"\",\"description\":\"\",\"potentialAction\":[{\"@type\":\"SearchAction\",\"target\":{\"@type\":\"EntryPoint\",\"urlTemplate\":\"https:\/\/go-tec.de\/en\/?s={search_term_string}\"},\"query-input\":{\"@type\":\"PropertyValueSpecification\",\"valueRequired\":true,\"valueName\":\"search_term_string\"}}],\"inLanguage\":\"fr-FR\"}]}<\/script>\n<!-- \/ Yoast SEO plugin. -->","yoast_head_json":{"title":"GT George FLAT -","description":"Der GT George FLAT erfasst die Fu\u00dfsohle millimetergenau in 3D. Ideal f\u00fcr digitale Einlagenkonstruktion und moderne Orthop\u00e4dietechnik.","robots":{"index":"index","follow":"follow","max-snippet":"max-snippet:-1","max-image-preview":"max-image-preview:large","max-video-preview":"max-video-preview:-1"},"canonical":"https:\/\/go-tec.de\/fr\/go-tec-system\/gt-george-flat\/","og_locale":"fr_FR","og_type":"article","og_title":"GT George FLAT -","og_description":"Der GT George FLAT erfasst die Fu\u00dfsohle millimetergenau in 3D. Ideal f\u00fcr digitale Einlagenkonstruktion und moderne Orthop\u00e4dietechnik.","og_url":"https:\/\/go-tec.de\/fr\/go-tec-system\/gt-george-flat\/","article_modified_time":"2026-03-18T06:42:13+00:00","og_image":[{"url":"https:\/\/go-tec.de\/wp-content\/uploads\/sites\/2\/2023\/06\/MicrosoftTeams-image-86-1024x683.jpg","type":"","width":"","height":""}],"twitter_card":"summary_large_image","twitter_misc":{"Dur\u00e9e de lecture estim\u00e9e":"2 minutes"},"schema":{"@context":"https:\/\/schema.org","@graph":[{"@type":"WebPage","@id":"https:\/\/go-tec.de\/ja\/go-tec-system\/gt-george-flat\/","url":"https:\/\/go-tec.de\/ja\/go-tec-system\/gt-george-flat\/","name":"GT George FLAT -","isPartOf":{"@id":"https:\/\/go-tec.de\/en\/#website"},"primaryImageOfPage":{"@id":"https:\/\/go-tec.de\/ja\/go-tec-system\/gt-george-flat\/#primaryimage"},"image":{"@id":"https:\/\/go-tec.de\/ja\/go-tec-system\/gt-george-flat\/#primaryimage"},"thumbnailUrl":"https:\/\/go-tec.de\/wp-content\/uploads\/sites\/2\/2023\/06\/MicrosoftTeams-image-86-1024x683.jpg","datePublished":"2023-06-15T08:44:54+00:00","dateModified":"2026-03-18T06:42:13+00:00","description":"Der GT George FLAT erfasst die Fu\u00dfsohle millimetergenau in 3D. Ideal f\u00fcr digitale Einlagenkonstruktion und moderne Orthop\u00e4dietechnik.","breadcrumb":{"@id":"https:\/\/go-tec.de\/ja\/go-tec-system\/gt-george-flat\/#breadcrumb"},"inLanguage":"fr-FR","potentialAction":[{"@type":"ReadAction","target":["https:\/\/go-tec.de\/ja\/go-tec-system\/gt-george-flat\/"]}]},{"@type":"ImageObject","inLanguage":"fr-FR","@id":"https:\/\/go-tec.de\/ja\/go-tec-system\/gt-george-flat\/#primaryimage","url":"https:\/\/go-tec.de\/wp-content\/uploads\/sites\/2\/2023\/06\/MicrosoftTeams-image-86-1024x683.jpg","contentUrl":"https:\/\/go-tec.de\/wp-content\/uploads\/sites\/2\/2023\/06\/MicrosoftTeams-image-86-1024x683.jpg"},{"@type":"BreadcrumbList","@id":"https:\/\/go-tec.de\/ja\/go-tec-system\/gt-george-flat\/#breadcrumb","itemListElement":[{"@type":"ListItem","position":1,"name":"Startseite","item":"https:\/\/go-tec.de\/"},{"@type":"ListItem","position":2,"name":"go-tec System","item":"https:\/\/go-tec.de\/ja\/go-tec-system\/"},{"@type":"ListItem","position":3,"name":"GT George FLAT"}]},{"@type":"WebSite","@id":"https:\/\/go-tec.de\/en\/#website","url":"https:\/\/go-tec.de\/en\/","name":"","description":"","potentialAction":[{"@type":"SearchAction","target":{"@type":"EntryPoint","urlTemplate":"https:\/\/go-tec.de\/en\/?s={search_term_string}"},"query-input":{"@type":"PropertyValueSpecification","valueRequired":true,"valueName":"search_term_string"}}],"inLanguage":"fr-FR"}]}},"coauthors":[],"author_meta":{"author_link":"http:\/\/go-tec.de\/fr\/author\/akoctar\/","display_name":"akoctar"},"relative_dates":{"created":"Publi\u00e9 3 ans il y a","modified":"Mis \u00e0 jour 4 semaines il y a"},"absolute_dates":{"created":"Publi\u00e9 le 15. juin 2023","modified":"Mise \u00e0 jour le 18. mars 2026"},"absolute_dates_time":{"created":"Publi\u00e9 le 15. juin 2023 10:44","modified":"Mise \u00e0 jour le 18. mars 2026 7:42"},"featured_img_caption":"","featured_img":false,"series_order":"","_links":{"self":[{"href":"http:\/\/go-tec.de\/fr\/wp-json\/wp\/v2\/pages\/346","targetHints":{"allow":["GET"]}}],"collection":[{"href":"http:\/\/go-tec.de\/fr\/wp-json\/wp\/v2\/pages"}],"about":[{"href":"http:\/\/go-tec.de\/fr\/wp-json\/wp\/v2\/types\/page"}],"author":[{"embeddable":true,"href":"http:\/\/go-tec.de\/fr\/wp-json\/wp\/v2\/users\/8"}],"replies":[{"embeddable":true,"href":"http:\/\/go-tec.de\/fr\/wp-json\/wp\/v2\/comments?post=346"}],"version-history":[{"count":15,"href":"http:\/\/go-tec.de\/fr\/wp-json\/wp\/v2\/pages\/346\/revisions"}],"predecessor-version":[{"id":1330,"href":"http:\/\/go-tec.de\/fr\/wp-json\/wp\/v2\/pages\/346\/revisions\/1330"}],"up":[{"embeddable":true,"href":"http:\/\/go-tec.de\/fr\/wp-json\/wp\/v2\/pages\/12"}],"wp:attachment":[{"href":"http:\/\/go-tec.de\/fr\/wp-json\/wp\/v2\/media?parent=346"}],"curies":[{"name":"wp","href":"https:\/\/api.w.org\/{rel}","templated":true}]}}